{"id":15124,"date":"2026-04-26T08:51:42","date_gmt":"2026-04-26T08:51:42","guid":{"rendered":"https:\/\/gastora.eu\/?post_type=product&#038;p=15124"},"modified":"2026-05-02T15:33:59","modified_gmt":"2026-05-02T15:33:59","slug":"plaque-induction-700-2-brleurs-7000w","status":"publish","type":"product","link":"https:\/\/gastora.eu\/en\/product\/plaque-induction-700-2-brleurs-7000w\/","title":{"rendered":"Plaque \u00e0 induction 700 \u2013 2 br\u00fbleurs \u2013 7000W"},"content":{"rendered":"<p style=\"text-align: right;\">Vitesse, contr\u00f4le et efficacit\u00e9 sont r\u00e9unis dans cette plaque \u00e0 induction Maxima \u00e0 deux br\u00fbleurs. Con\u00e7ue pour un usage professionnel, elle offre des performances puissantes tout en limitant la consommation d&#8217;\u00e9nergie. Gr\u00e2ce \u00e0 sa profondeur de 70 cm et \u00e0 ses pieds r\u00e9glables, cet appareil s&#8217;int\u00e8gre parfaitement dans la gamme de cuisson Maxima 700 Induction, garantissant un agencement stable, uniforme et professionnel de la cuisine.<\/p>\n<h2>Fonctionnement simple et pr\u00e9cis<\/h2>\n<p>Placez les ustensiles de cuisson \u00e0 induction appropri\u00e9s sur les zones de cuisson et branchez correctement l&#8217;appareil. Avant d&#8217;utiliser l&#8217;appareil, assurez-vous que les boutons de commande sont en position ON\/OFF. Tournez les boutons dans le sens des aiguilles d&#8217;une montre pour augmenter la puissance et dans le sens inverse des aiguilles d&#8217;une montre pour la r\u00e9duire.<br \/>\nLe bouton de commande gauche commande la zone 1 (\u00e0 l&#8217;arri\u00e8re) avec des niveaux de puissance allant de 800W \u00e0 3 500W. Le bouton de commande droit commande la zone 2 (\u00e0 l&#8217;avant) avec des niveaux de puissance de 800 W \u00e0 5 000 W, ce qui permet un contr\u00f4le flexible et pr\u00e9cis de la cuisson.<\/p>\n<h2>Distribution intelligente de la puissance pour les cuisines professionnelles<\/h2>\n<p>Cette plaque \u00e0 induction d\u00e9livre une puissance totale maximale de 7 000 W. La zone 2 est dot\u00e9e d&#8217;une fonction de partage de la puissance. La zone 2 dispose d&#8217;une fonction de partage de la puissance. Lorsque les deux zones fonctionnent \u00e0 3 500 W, la zone 2 peut augmenter sa puissance \u00e0 5 000 W tandis que la zone 1 r\u00e9duit automatiquement sa puissance \u00e0 2 000 W. Cette fonction garantit des performances stables sans surcharger le four. Cela garantit des performances stables sans surcharger le syst\u00e8me \u00e9lectrique.<br \/>\nLa technologie de l&#8217;induction chauffe directement la casserole, ce qui se traduit par des temps de cuisson plus rapides, une plus grande efficacit\u00e9 et un environnement de travail plus s\u00fbr. La profondeur de 70 cm permet une int\u00e9gration parfaite dans la gamme de cuisson \u00e0 induction Maxima 700, tandis que les pieds r\u00e9glables garantissent un alignement parfait sur n&#8217;importe quel plan de travail.<\/p>\n<h2>Nettoyage facile et fonctionnement s\u00fbr<\/h2>\n<p>Apr\u00e8s la cuisson, tournez les deux boutons de commande en position OFF. Le ventilateur int\u00e9gr\u00e9 continue de fonctionner pendant une minute pour refroidir l&#8217;appareil en toute s\u00e9curit\u00e9. Laissez toujours l&#8217;appareil refroidir compl\u00e8tement avant de le nettoyer.<br \/>\nNettoyez la surface apr\u00e8s chaque utilisation pour \u00e9viter les taches et la d\u00e9coloration. N&#8217;utilisez pas de brosses abrasives, de poudre \u00e0 polir, de benz\u00e8ne ou de diluant. Veuillez noter que les surfaces accessibles peuvent devenir chaudes pendant le fonctionnement. Les filtres du ventilateur, situ\u00e9s en bas de l&#8217;appareil, sont faciles \u00e0 retirer et \u00e0 nettoyer.<\/p>\n<p>Choisissez cette table de cuisson \u00e0 induction Maxima 700 avec deux br\u00fbleurs lorsque vous avez besoin d&#8217;une puissance \u00e9lev\u00e9e, de zones de cuisson flexibles et d&#8217;une int\u00e9gration parfaite dans une ligne de cuisson de 70 cm.<\/p>\n<p><strong>Caract\u00e9ristiques<\/strong><\/p>\n<ul>\n<li>Deux zones de cuisson \u00e0 induction ind\u00e9pendantes<\/li>\n<li>Boutons de commande analogiques pour un r\u00e9glage pr\u00e9cis de la puissance<\/li>\n<li>Fonction de partage de la puissance avec une puissance totale de 7,0 kW<\/li>\n<li>Compatible avec la cuisini\u00e8re \u00e0 induction Maxima 700 (profondeur de 70 cm)<\/li>\n<li>Pieds r\u00e9glables pour une installation stable<\/li>\n<\/ul>\n<p><strong>Caract\u00e9ristiques du produit<\/strong><\/p>\n<ul>\n<li>Poids net : 16,5 kg<\/li>\n<li>Dimensions du br\u00fbleur : 14-24cm<\/li>\n<li>Dimensions de l&#8217;appareil : L41 x P70 x H14.5cm<\/li>\n<li>Puissance du br\u00fbleur : 1 x 3,5 + 1 x 5,0kW<\/li>\n<li>Puissance : 400V \/ 50Hz \/ 3 Phase 7000W<\/li>\n<\/ul>\n<p><em>A l&#8217;exclusion de<\/em><\/p>\n<ul>\n<li><em>Bouchon<\/em><\/li>\n<\/ul>","protected":false},"excerpt":{"rendered":"<p>Cette plaque \u00e0 induction professionnelle \u00e0 deux br\u00fbleurs permet une cuisson rapide, pr\u00e9cise et \u00e9conome en \u00e9nergie. Avec des boutons de commande ind\u00e9pendants, des pieds r\u00e9glables et une fonction intelligente de partage de la puissance, elle est id\u00e9ale pour les cuisines professionnelles. Sa profondeur de 70 cm la rend enti\u00e8rement compatible avec la gamme de cuisini\u00e8res \u00e0 induction Maxima 700.<\/p>","protected":false},"featured_media":8979,"template":"","meta":{"_acf_changed":false},"product_brand":[],"product_cat":[495],"product_tag":[],"class_list":{"0":"post-15124","1":"product","2":"type-product","3":"status-publish","4":"has-post-thumbnail","6":"product_cat-plaques-pianos-de-cuisson-2","8":"first","9":"instock","10":"sale","11":"taxable","12":"shipping-taxable","13":"purchasable","14":"product-type-simple"},"acf":[],"yoast_head":"<!-- This site is optimized with the Yoast SEO plugin v27.5 - https:\/\/yoast.com\/product\/yoast-seo-wordpress\/ -->\n<title>Plaque \u00e0 induction 700 \u2013 2 br\u00fbleurs \u2013 7000W - Gastora<\/title>\n<meta name=\"description\" content=\"Achetez Plaque \u00e0 induction 700 \u2013 2 br\u00fbleurs \u2013 7000W au meilleur prix, fiable et performant avec une livraison rapide\" \/>\n<meta name=\"robots\" content=\"index, follow, max-snippet:-1, max-image-preview:large, max-video-preview:-1\" \/>\n<link rel=\"canonical\" href=\"https:\/\/gastora.eu\/en\/product\/plaque-induction-700-2-brleurs-7000w\/\" \/>\n<meta property=\"og:locale\" content=\"en_US\" \/>\n<meta property=\"og:type\" content=\"article\" \/>\n<meta property=\"og:title\" content=\"Plaque \u00e0 induction 700 \u2013 2 br\u00fbleurs \u2013 7000W - Gastora\" \/>\n<meta property=\"og:description\" content=\"Achetez Plaque \u00e0 induction 700 \u2013 2 br\u00fbleurs \u2013 7000W au meilleur prix, fiable et performant avec une livraison rapide\" \/>\n<meta property=\"og:url\" content=\"https:\/\/gastora.eu\/en\/product\/plaque-induction-700-2-brleurs-7000w\/\" \/>\n<meta property=\"og:site_name\" content=\"Gastora\" \/>\n<meta property=\"article:modified_time\" content=\"2026-05-02T15:33:59+00:00\" \/>\n<meta property=\"og:image\" content=\"https:\/\/gastora.eu\/wp-content\/uploads\/2026\/04\/260303_09371550_img_003.jpg\" \/>\n\t<meta property=\"og:image:width\" content=\"1200\" \/>\n\t<meta property=\"og:image:height\" content=\"1200\" \/>\n\t<meta property=\"og:image:type\" content=\"image\/jpeg\" \/>\n<meta name=\"twitter:card\" content=\"summary_large_image\" \/>\n<meta name=\"twitter:label1\" content=\"Est. reading time\" \/>\n\t<meta name=\"twitter:data1\" content=\"4 minutes\" \/>\n<script type=\"application\/ld+json\" class=\"yoast-schema-graph\">{\"@context\":\"https:\\\/\\\/schema.org\",\"@graph\":[{\"@type\":\"WebPage\",\"@id\":\"https:\\\/\\\/gastora.eu\\\/product\\\/plaque-induction-700-2-brleurs-7000w\\\/\",\"url\":\"https:\\\/\\\/gastora.eu\\\/product\\\/plaque-induction-700-2-brleurs-7000w\\\/\",\"name\":\"Plaque \u00e0 induction 700 \u2013 2 br\u00fbleurs \u2013 7000W - Gastora\",\"isPartOf\":{\"@id\":\"https:\\\/\\\/gastora.eu\\\/#website\"},\"primaryImageOfPage\":{\"@id\":\"https:\\\/\\\/gastora.eu\\\/product\\\/plaque-induction-700-2-brleurs-7000w\\\/#primaryimage\"},\"image\":{\"@id\":\"https:\\\/\\\/gastora.eu\\\/product\\\/plaque-induction-700-2-brleurs-7000w\\\/#primaryimage\"},\"thumbnailUrl\":\"https:\\\/\\\/gastora.eu\\\/wp-content\\\/uploads\\\/2026\\\/04\\\/260303_09371550_img_003.jpg\",\"datePublished\":\"2026-04-26T08:51:42+00:00\",\"dateModified\":\"2026-05-02T15:33:59+00:00\",\"description\":\"Achetez Plaque \u00e0 induction 700 \u2013 2 br\u00fbleurs \u2013 7000W au meilleur prix, fiable et performant avec une livraison rapide\",\"breadcrumb\":{\"@id\":\"https:\\\/\\\/gastora.eu\\\/product\\\/plaque-induction-700-2-brleurs-7000w\\\/#breadcrumb\"},\"inLanguage\":\"en-US\",\"potentialAction\":[{\"@type\":\"ReadAction\",\"target\":[\"https:\\\/\\\/gastora.eu\\\/product\\\/plaque-induction-700-2-brleurs-7000w\\\/\"]}]},{\"@type\":\"ImageObject\",\"inLanguage\":\"en-US\",\"@id\":\"https:\\\/\\\/gastora.eu\\\/product\\\/plaque-induction-700-2-brleurs-7000w\\\/#primaryimage\",\"url\":\"https:\\\/\\\/gastora.eu\\\/wp-content\\\/uploads\\\/2026\\\/04\\\/260303_09371550_img_003.jpg\",\"contentUrl\":\"https:\\\/\\\/gastora.eu\\\/wp-content\\\/uploads\\\/2026\\\/04\\\/260303_09371550_img_003.jpg\",\"width\":1200,\"height\":1200},{\"@type\":\"BreadcrumbList\",\"@id\":\"https:\\\/\\\/gastora.eu\\\/product\\\/plaque-induction-700-2-brleurs-7000w\\\/#breadcrumb\",\"itemListElement\":[{\"@type\":\"ListItem\",\"position\":1,\"name\":\"Home\",\"item\":\"https:\\\/\\\/gastora.eu\\\/\"},{\"@type\":\"ListItem\",\"position\":2,\"name\":\"Shop\",\"item\":\"https:\\\/\\\/gastora.eu\\\/shop\\\/\"},{\"@type\":\"ListItem\",\"position\":3,\"name\":\"Plaque \u00e0 induction 700 \u2013 2 br\u00fbleurs \u2013 7000W\"}]},{\"@type\":\"WebSite\",\"@id\":\"https:\\\/\\\/gastora.eu\\\/#website\",\"url\":\"https:\\\/\\\/gastora.eu\\\/\",\"name\":\"Gastora\",\"description\":\"\u00c9quipements professionnels CHR\",\"publisher\":{\"@id\":\"https:\\\/\\\/gastora.eu\\\/#organization\"},\"potentialAction\":[{\"@type\":\"SearchAction\",\"target\":{\"@type\":\"EntryPoint\",\"urlTemplate\":\"https:\\\/\\\/gastora.eu\\\/?s={search_term_string}\"},\"query-input\":{\"@type\":\"PropertyValueSpecification\",\"valueRequired\":true,\"valueName\":\"search_term_string\"}}],\"inLanguage\":\"en-US\"},{\"@type\":\"Organization\",\"@id\":\"https:\\\/\\\/gastora.eu\\\/#organization\",\"name\":\"Gastora\",\"url\":\"https:\\\/\\\/gastora.eu\\\/\",\"logo\":{\"@type\":\"ImageObject\",\"inLanguage\":\"en-US\",\"@id\":\"https:\\\/\\\/gastora.eu\\\/#\\\/schema\\\/logo\\\/image\\\/\",\"url\":\"https:\\\/\\\/gastora.eu\\\/wp-content\\\/uploads\\\/2025\\\/12\\\/ChatGPT-Image-2-janv.-2026-22_52_47-1.png\",\"contentUrl\":\"https:\\\/\\\/gastora.eu\\\/wp-content\\\/uploads\\\/2025\\\/12\\\/ChatGPT-Image-2-janv.-2026-22_52_47-1.png\",\"width\":1536,\"height\":320,\"caption\":\"Gastora\"},\"image\":{\"@id\":\"https:\\\/\\\/gastora.eu\\\/#\\\/schema\\\/logo\\\/image\\\/\"}}]}<\/script>\n<!-- \/ Yoast SEO plugin. -->","yoast_head_json":{"title":"Plaque \u00e0 induction 700 \u2013 2 br\u00fbleurs \u2013 7000W - Gastora","description":"Achetez Plaque \u00e0 induction 700 \u2013 2 br\u00fbleurs \u2013 7000W au meilleur prix, fiable et performant avec une livraison rapide","robots":{"index":"index","follow":"follow","max-snippet":"max-snippet:-1","max-image-preview":"max-image-preview:large","max-video-preview":"max-video-preview:-1"},"canonical":"https:\/\/gastora.eu\/en\/product\/plaque-induction-700-2-brleurs-7000w\/","og_locale":"en_US","og_type":"article","og_title":"Plaque \u00e0 induction 700 \u2013 2 br\u00fbleurs \u2013 7000W - Gastora","og_description":"Achetez Plaque \u00e0 induction 700 \u2013 2 br\u00fbleurs \u2013 7000W au meilleur prix, fiable et performant avec une livraison rapide","og_url":"https:\/\/gastora.eu\/en\/product\/plaque-induction-700-2-brleurs-7000w\/","og_site_name":"Gastora","article_modified_time":"2026-05-02T15:33:59+00:00","og_image":[{"width":1200,"height":1200,"url":"https:\/\/gastora.eu\/wp-content\/uploads\/2026\/04\/260303_09371550_img_003.jpg","type":"image\/jpeg"}],"twitter_card":"summary_large_image","twitter_misc":{"Est. reading time":"4 minutes"},"schema":{"@context":"https:\/\/schema.org","@graph":[{"@type":"WebPage","@id":"https:\/\/gastora.eu\/product\/plaque-induction-700-2-brleurs-7000w\/","url":"https:\/\/gastora.eu\/product\/plaque-induction-700-2-brleurs-7000w\/","name":"Plaque \u00e0 induction 700 \u2013 2 br\u00fbleurs \u2013 7000W - Gastora","isPartOf":{"@id":"https:\/\/gastora.eu\/#website"},"primaryImageOfPage":{"@id":"https:\/\/gastora.eu\/product\/plaque-induction-700-2-brleurs-7000w\/#primaryimage"},"image":{"@id":"https:\/\/gastora.eu\/product\/plaque-induction-700-2-brleurs-7000w\/#primaryimage"},"thumbnailUrl":"https:\/\/gastora.eu\/wp-content\/uploads\/2026\/04\/260303_09371550_img_003.jpg","datePublished":"2026-04-26T08:51:42+00:00","dateModified":"2026-05-02T15:33:59+00:00","description":"Achetez Plaque \u00e0 induction 700 \u2013 2 br\u00fbleurs \u2013 7000W au meilleur prix, fiable et performant avec une livraison rapide","breadcrumb":{"@id":"https:\/\/gastora.eu\/product\/plaque-induction-700-2-brleurs-7000w\/#breadcrumb"},"inLanguage":"en-US","potentialAction":[{"@type":"ReadAction","target":["https:\/\/gastora.eu\/product\/plaque-induction-700-2-brleurs-7000w\/"]}]},{"@type":"ImageObject","inLanguage":"en-US","@id":"https:\/\/gastora.eu\/product\/plaque-induction-700-2-brleurs-7000w\/#primaryimage","url":"https:\/\/gastora.eu\/wp-content\/uploads\/2026\/04\/260303_09371550_img_003.jpg","contentUrl":"https:\/\/gastora.eu\/wp-content\/uploads\/2026\/04\/260303_09371550_img_003.jpg","width":1200,"height":1200},{"@type":"BreadcrumbList","@id":"https:\/\/gastora.eu\/product\/plaque-induction-700-2-brleurs-7000w\/#breadcrumb","itemListElement":[{"@type":"ListItem","position":1,"name":"Home","item":"https:\/\/gastora.eu\/"},{"@type":"ListItem","position":2,"name":"Shop","item":"https:\/\/gastora.eu\/shop\/"},{"@type":"ListItem","position":3,"name":"Plaque \u00e0 induction 700 \u2013 2 br\u00fbleurs \u2013 7000W"}]},{"@type":"WebSite","@id":"https:\/\/gastora.eu\/#website","url":"https:\/\/gastora.eu\/","name":"Gastora","description":"\u00c9quipements professionnels CHR","publisher":{"@id":"https:\/\/gastora.eu\/#organization"},"potentialAction":[{"@type":"SearchAction","target":{"@type":"EntryPoint","urlTemplate":"https:\/\/gastora.eu\/?s={search_term_string}"},"query-input":{"@type":"PropertyValueSpecification","valueRequired":true,"valueName":"search_term_string"}}],"inLanguage":"en-US"},{"@type":"Organization","@id":"https:\/\/gastora.eu\/#organization","name":"Gastora","url":"https:\/\/gastora.eu\/","logo":{"@type":"ImageObject","inLanguage":"en-US","@id":"https:\/\/gastora.eu\/#\/schema\/logo\/image\/","url":"https:\/\/gastora.eu\/wp-content\/uploads\/2025\/12\/ChatGPT-Image-2-janv.-2026-22_52_47-1.png","contentUrl":"https:\/\/gastora.eu\/wp-content\/uploads\/2025\/12\/ChatGPT-Image-2-janv.-2026-22_52_47-1.png","width":1536,"height":320,"caption":"Gastora"},"image":{"@id":"https:\/\/gastora.eu\/#\/schema\/logo\/image\/"}}]}},"jetpack_sharing_enabled":true,"_links":{"self":[{"href":"https:\/\/gastora.eu\/en\/wp-json\/wp\/v2\/product\/15124","targetHints":{"allow":["GET"]}}],"collection":[{"href":"https:\/\/gastora.eu\/en\/wp-json\/wp\/v2\/product"}],"about":[{"href":"https:\/\/gastora.eu\/en\/wp-json\/wp\/v2\/types\/product"}],"wp:featuredmedia":[{"embeddable":true,"href":"https:\/\/gastora.eu\/en\/wp-json\/wp\/v2\/media\/8979"}],"wp:attachment":[{"href":"https:\/\/gastora.eu\/en\/wp-json\/wp\/v2\/media?parent=15124"}],"wp:term":[{"taxonomy":"product_brand","embeddable":true,"href":"https:\/\/gastora.eu\/en\/wp-json\/wp\/v2\/product_brand?post=15124"},{"taxonomy":"product_cat","embeddable":true,"href":"https:\/\/gastora.eu\/en\/wp-json\/wp\/v2\/product_cat?post=15124"},{"taxonomy":"product_tag","embeddable":true,"href":"https:\/\/gastora.eu\/en\/wp-json\/wp\/v2\/product_tag?post=15124"}],"curies":[{"name":"wp","href":"https:\/\/api.w.org\/{rel}","templated":true}]}}