{"id":15122,"date":"2026-04-26T08:51:40","date_gmt":"2026-04-26T08:51:40","guid":{"rendered":"https:\/\/gastora.eu\/?post_type=product&#038;p=15122"},"modified":"2026-04-28T16:57:50","modified_gmt":"2026-04-28T16:57:50","slug":"plaque-chauffante-lectrique-max-105c-38-x-55cm-230w","status":"publish","type":"product","link":"https:\/\/gastora.eu\/en\/product\/plaque-chauffante-lectrique-max-105c-38-x-55cm-230w\/","title":{"rendered":"Plaque chauffante \u00e9lectrique &#8211; max. 105\u00b0C &#8211; 38 x 55cm &#8211; 230W"},"content":{"rendered":"<p>Servir les aliments \u00e0 la bonne temp\u00e9rature est essentiel pour la qualit\u00e9 et la pr\u00e9sentation. Avec ce plateau chauffant \u00e9lectrique Maxima, vous pouvez maintenir les plats, les sauces et les accompagnements au chaud sans les cuire excessivement. Une solution pratique et compacte pour les cuisines professionnelles, les \u00e9v\u00e9nements ou \u00e0 la maison.<\/p>\n<h2>Utilisation flexible avec des casseroles, des po\u00eales et des r\u00e9cipients GN<\/h2>\n<p>Ce plateau chauffant \u00e9lectrique est con\u00e7u pour maintenir les aliments au chaud, et non pour les cuire. Vous pouvez placer toutes sortes d&#8217;ustensiles de cuisine directement sur la surface chauffante, y compris des casseroles, des po\u00eales, des plats de service et des r\u00e9cipients GN. Elle est donc tr\u00e8s polyvalente pour la restauration, les buffets et les moments de service intense. La temp\u00e9rature est r\u00e9glable de 65\u00b0C \u00e0 105\u00b0C par paliers fixes de 5\u00b0C. Lors de la mise en marche, l&#8217;\u00e9cran LED affiche une temp\u00e9rature par d\u00e9faut de 85\u00b0C. Les touches tactiles permettent de s\u00e9lectionner rapidement le r\u00e9glage appropri\u00e9 pour les diff\u00e9rents plats.<\/p>\n<h2>Des performances fiables dans un design compact<\/h2>\n<p>D&#8217;une puissance de 230 W, cette plaque chauffante assure une r\u00e9partition stable et homog\u00e8ne de la chaleur. La surface chauffante de 32,5 x 40 cm offre suffisamment d&#8217;espace pour accueillir plusieurs assiettes ou plusieurs r\u00e9cipients GN \u00e0 la fois, tout en restant suffisamment compacte pour les petits plans de travail. La fonction int\u00e9gr\u00e9e de verrouillage des enfants emp\u00eache toute modification accidentelle du r\u00e9glage de la temp\u00e9rature, ce qui est utile dans les cuisines ouvertes ou les zones de libre-service. Son design \u00e9l\u00e9gant et moderne s&#8217;int\u00e8gre parfaitement dans toute cuisine professionnelle ou domestique.<\/p>\n<h2>Nettoyage facile et fonctionnement s\u00fbr<\/h2>\n<p>Apr\u00e8s utilisation, \u00e9teignez l&#8217;appareil, d\u00e9branchez-le et laissez-le refroidir compl\u00e8tement avant de le nettoyer. Essuyez la surface avec un chiffon humide et \u00e9vitez les produits de nettoyage agressifs. Ne plongez jamais le plateau chauffant dans l&#8217;eau et \u00e9vitez que l&#8217;eau n&#8217;entre en contact avec les composants \u00e9lectriques. Avec un entretien ad\u00e9quat, cet appareil offrira des performances durables.<\/p>\n<p>Choisissez le plateau chauffant \u00e9lectrique Maxima avec une surface chauffante de 32,5 x 40 cm et gardez vos aliments \u00e0 la temp\u00e9rature id\u00e9ale de service. Commandez maintenant et am\u00e9liorez la pr\u00e9sentation de vos aliments d\u00e8s aujourd&#8217;hui.<\/p>\n<p><strong>Caract\u00e9ristiques<\/strong><\/p>\n<ul>\n<li>Plage de temp\u00e9rature de 65\u00b0C \u00e0 105\u00b0C<\/li>\n<li>Convient pour les casseroles, les po\u00eales et les r\u00e9cipients GN<\/li>\n<li>Surface chauff\u00e9e de 32,5 x 40 cm<\/li>\n<li>Touches tactiles avec affichage LED<\/li>\n<li>Fonction de verrouillage des enfants<\/li>\n<\/ul>\n<p><strong>Caract\u00e9ristiques du produit<br \/><\/strong><\/p>\n<ul>\n<li>Poids net : 4,9 kg<\/li>\n<li>Dimensions de l&#8217;appareil : L38 x P55 x H3.5cm<\/li>\n<li>230V \/ 50Hz \/ 1 Phase 230W<\/li>\n<\/ul>","protected":false},"excerpt":{"rendered":"<p>Ce plateau chauffant \u00e9lectrique maintient les aliments \u00e0 la temp\u00e9rature id\u00e9ale de service jusqu&#8217;\u00e0 105\u00b0C. La surface chauffante de 32,5 x 40 cm convient aux casseroles, po\u00eales et r\u00e9cipients GN. L&#8217;\u00e9cran LED et les touches tactiles facilitent le contr\u00f4le. Cette plaque chauffante \u00e9lectrique est id\u00e9ale pour les buffets, la restauration et l&#8217;utilisation domestique.<\/p>","protected":false},"featured_media":8975,"template":"","meta":{"_acf_changed":false},"product_brand":[],"product_cat":[495],"product_tag":[],"class_list":{"0":"post-15122","1":"product","2":"type-product","3":"status-publish","4":"has-post-thumbnail","6":"product_cat-plaques-pianos-de-cuisson-2","8":"first","9":"instock","10":"sale","11":"taxable","12":"shipping-taxable","13":"purchasable","14":"product-type-simple"},"acf":[],"yoast_head":"<!-- This site is optimized with the Yoast SEO plugin v27.5 - https:\/\/yoast.com\/product\/yoast-seo-wordpress\/ -->\n<title>Plaque chauffante \u00e9lectrique - max. 105\u00b0C - 38 x 55cm - 230W - Gastora<\/title>\n<meta name=\"description\" content=\"Achetez Plaque chauffante \u00e9lectrique - max. 105\u00b0C - 38 x 55cm - 230W au meilleur prix, fiable et performant avec une livraison rapide\" \/>\n<meta name=\"robots\" content=\"index, follow, max-snippet:-1, max-image-preview:large, max-video-preview:-1\" \/>\n<link rel=\"canonical\" href=\"https:\/\/gastora.eu\/en\/product\/plaque-chauffante-lectrique-max-105c-38-x-55cm-230w\/\" \/>\n<meta property=\"og:locale\" content=\"en_US\" \/>\n<meta property=\"og:type\" content=\"article\" \/>\n<meta property=\"og:title\" content=\"Plaque chauffante \u00e9lectrique - max. 105\u00b0C - 38 x 55cm - 230W - Gastora\" \/>\n<meta property=\"og:description\" content=\"Achetez Plaque chauffante \u00e9lectrique - max. 105\u00b0C - 38 x 55cm - 230W au meilleur prix, fiable et performant avec une livraison rapide\" \/>\n<meta property=\"og:url\" content=\"https:\/\/gastora.eu\/en\/product\/plaque-chauffante-lectrique-max-105c-38-x-55cm-230w\/\" \/>\n<meta property=\"og:site_name\" content=\"Gastora\" \/>\n<meta property=\"article:modified_time\" content=\"2026-04-28T16:57:50+00:00\" \/>\n<meta name=\"twitter:card\" content=\"summary_large_image\" \/>\n<meta name=\"twitter:label1\" content=\"Est. reading time\" \/>\n\t<meta name=\"twitter:data1\" content=\"2 minutes\" \/>\n<script type=\"application\/ld+json\" class=\"yoast-schema-graph\">{\"@context\":\"https:\\\/\\\/schema.org\",\"@graph\":[{\"@type\":\"WebPage\",\"@id\":\"https:\\\/\\\/gastora.eu\\\/product\\\/plaque-chauffante-lectrique-max-105c-38-x-55cm-230w\\\/\",\"url\":\"https:\\\/\\\/gastora.eu\\\/product\\\/plaque-chauffante-lectrique-max-105c-38-x-55cm-230w\\\/\",\"name\":\"Plaque chauffante \u00e9lectrique - max. 105\u00b0C - 38 x 55cm - 230W - Gastora\",\"isPartOf\":{\"@id\":\"https:\\\/\\\/gastora.eu\\\/#website\"},\"primaryImageOfPage\":{\"@id\":\"https:\\\/\\\/gastora.eu\\\/product\\\/plaque-chauffante-lectrique-max-105c-38-x-55cm-230w\\\/#primaryimage\"},\"image\":{\"@id\":\"https:\\\/\\\/gastora.eu\\\/product\\\/plaque-chauffante-lectrique-max-105c-38-x-55cm-230w\\\/#primaryimage\"},\"thumbnailUrl\":\"https:\\\/\\\/gastora.eu\\\/wp-content\\\/uploads\\\/2026\\\/04\\\/260217_09371400_img_002.jpg\",\"datePublished\":\"2026-04-26T08:51:40+00:00\",\"dateModified\":\"2026-04-28T16:57:50+00:00\",\"description\":\"Achetez Plaque chauffante \u00e9lectrique - max. 105\u00b0C - 38 x 55cm - 230W au meilleur prix, fiable et performant avec une livraison rapide\",\"breadcrumb\":{\"@id\":\"https:\\\/\\\/gastora.eu\\\/product\\\/plaque-chauffante-lectrique-max-105c-38-x-55cm-230w\\\/#breadcrumb\"},\"inLanguage\":\"en-US\",\"potentialAction\":[{\"@type\":\"ReadAction\",\"target\":[\"https:\\\/\\\/gastora.eu\\\/product\\\/plaque-chauffante-lectrique-max-105c-38-x-55cm-230w\\\/\"]}]},{\"@type\":\"ImageObject\",\"inLanguage\":\"en-US\",\"@id\":\"https:\\\/\\\/gastora.eu\\\/product\\\/plaque-chauffante-lectrique-max-105c-38-x-55cm-230w\\\/#primaryimage\",\"url\":\"https:\\\/\\\/gastora.eu\\\/wp-content\\\/uploads\\\/2026\\\/04\\\/260217_09371400_img_002.jpg\",\"contentUrl\":\"https:\\\/\\\/gastora.eu\\\/wp-content\\\/uploads\\\/2026\\\/04\\\/260217_09371400_img_002.jpg\",\"width\":1200,\"height\":1200},{\"@type\":\"BreadcrumbList\",\"@id\":\"https:\\\/\\\/gastora.eu\\\/product\\\/plaque-chauffante-lectrique-max-105c-38-x-55cm-230w\\\/#breadcrumb\",\"itemListElement\":[{\"@type\":\"ListItem\",\"position\":1,\"name\":\"Home\",\"item\":\"https:\\\/\\\/gastora.eu\\\/\"},{\"@type\":\"ListItem\",\"position\":2,\"name\":\"Shop\",\"item\":\"https:\\\/\\\/gastora.eu\\\/shop\\\/\"},{\"@type\":\"ListItem\",\"position\":3,\"name\":\"Plaque chauffante \u00e9lectrique &#8211; max. 105\u00b0C &#8211; 38 x 55cm &#8211; 230W\"}]},{\"@type\":\"WebSite\",\"@id\":\"https:\\\/\\\/gastora.eu\\\/#website\",\"url\":\"https:\\\/\\\/gastora.eu\\\/\",\"name\":\"Gastora\",\"description\":\"\u00c9quipements professionnels CHR\",\"publisher\":{\"@id\":\"https:\\\/\\\/gastora.eu\\\/#organization\"},\"potentialAction\":[{\"@type\":\"SearchAction\",\"target\":{\"@type\":\"EntryPoint\",\"urlTemplate\":\"https:\\\/\\\/gastora.eu\\\/?s={search_term_string}\"},\"query-input\":{\"@type\":\"PropertyValueSpecification\",\"valueRequired\":true,\"valueName\":\"search_term_string\"}}],\"inLanguage\":\"en-US\"},{\"@type\":\"Organization\",\"@id\":\"https:\\\/\\\/gastora.eu\\\/#organization\",\"name\":\"Gastora\",\"url\":\"https:\\\/\\\/gastora.eu\\\/\",\"logo\":{\"@type\":\"ImageObject\",\"inLanguage\":\"en-US\",\"@id\":\"https:\\\/\\\/gastora.eu\\\/#\\\/schema\\\/logo\\\/image\\\/\",\"url\":\"https:\\\/\\\/gastora.eu\\\/wp-content\\\/uploads\\\/2025\\\/12\\\/ChatGPT-Image-2-janv.-2026-22_52_47-1.png\",\"contentUrl\":\"https:\\\/\\\/gastora.eu\\\/wp-content\\\/uploads\\\/2025\\\/12\\\/ChatGPT-Image-2-janv.-2026-22_52_47-1.png\",\"width\":1536,\"height\":320,\"caption\":\"Gastora\"},\"image\":{\"@id\":\"https:\\\/\\\/gastora.eu\\\/#\\\/schema\\\/logo\\\/image\\\/\"}}]}<\/script>\n<!-- \/ Yoast SEO plugin. -->","yoast_head_json":{"title":"Plaque chauffante \u00e9lectrique - max. 105\u00b0C - 38 x 55cm - 230W - Gastora","description":"Achetez Plaque chauffante \u00e9lectrique - max. 105\u00b0C - 38 x 55cm - 230W au meilleur prix, fiable et performant avec une livraison rapide","robots":{"index":"index","follow":"follow","max-snippet":"max-snippet:-1","max-image-preview":"max-image-preview:large","max-video-preview":"max-video-preview:-1"},"canonical":"https:\/\/gastora.eu\/en\/product\/plaque-chauffante-lectrique-max-105c-38-x-55cm-230w\/","og_locale":"en_US","og_type":"article","og_title":"Plaque chauffante \u00e9lectrique - max. 105\u00b0C - 38 x 55cm - 230W - Gastora","og_description":"Achetez Plaque chauffante \u00e9lectrique - max. 105\u00b0C - 38 x 55cm - 230W au meilleur prix, fiable et performant avec une livraison rapide","og_url":"https:\/\/gastora.eu\/en\/product\/plaque-chauffante-lectrique-max-105c-38-x-55cm-230w\/","og_site_name":"Gastora","article_modified_time":"2026-04-28T16:57:50+00:00","twitter_card":"summary_large_image","twitter_misc":{"Est. reading time":"2 minutes"},"schema":{"@context":"https:\/\/schema.org","@graph":[{"@type":"WebPage","@id":"https:\/\/gastora.eu\/product\/plaque-chauffante-lectrique-max-105c-38-x-55cm-230w\/","url":"https:\/\/gastora.eu\/product\/plaque-chauffante-lectrique-max-105c-38-x-55cm-230w\/","name":"Plaque chauffante \u00e9lectrique - max. 105\u00b0C - 38 x 55cm - 230W - Gastora","isPartOf":{"@id":"https:\/\/gastora.eu\/#website"},"primaryImageOfPage":{"@id":"https:\/\/gastora.eu\/product\/plaque-chauffante-lectrique-max-105c-38-x-55cm-230w\/#primaryimage"},"image":{"@id":"https:\/\/gastora.eu\/product\/plaque-chauffante-lectrique-max-105c-38-x-55cm-230w\/#primaryimage"},"thumbnailUrl":"https:\/\/gastora.eu\/wp-content\/uploads\/2026\/04\/260217_09371400_img_002.jpg","datePublished":"2026-04-26T08:51:40+00:00","dateModified":"2026-04-28T16:57:50+00:00","description":"Achetez Plaque chauffante \u00e9lectrique - max. 105\u00b0C - 38 x 55cm - 230W au meilleur prix, fiable et performant avec une livraison rapide","breadcrumb":{"@id":"https:\/\/gastora.eu\/product\/plaque-chauffante-lectrique-max-105c-38-x-55cm-230w\/#breadcrumb"},"inLanguage":"en-US","potentialAction":[{"@type":"ReadAction","target":["https:\/\/gastora.eu\/product\/plaque-chauffante-lectrique-max-105c-38-x-55cm-230w\/"]}]},{"@type":"ImageObject","inLanguage":"en-US","@id":"https:\/\/gastora.eu\/product\/plaque-chauffante-lectrique-max-105c-38-x-55cm-230w\/#primaryimage","url":"https:\/\/gastora.eu\/wp-content\/uploads\/2026\/04\/260217_09371400_img_002.jpg","contentUrl":"https:\/\/gastora.eu\/wp-content\/uploads\/2026\/04\/260217_09371400_img_002.jpg","width":1200,"height":1200},{"@type":"BreadcrumbList","@id":"https:\/\/gastora.eu\/product\/plaque-chauffante-lectrique-max-105c-38-x-55cm-230w\/#breadcrumb","itemListElement":[{"@type":"ListItem","position":1,"name":"Home","item":"https:\/\/gastora.eu\/"},{"@type":"ListItem","position":2,"name":"Shop","item":"https:\/\/gastora.eu\/shop\/"},{"@type":"ListItem","position":3,"name":"Plaque chauffante \u00e9lectrique &#8211; max. 105\u00b0C &#8211; 38 x 55cm &#8211; 230W"}]},{"@type":"WebSite","@id":"https:\/\/gastora.eu\/#website","url":"https:\/\/gastora.eu\/","name":"Gastora","description":"\u00c9quipements professionnels CHR","publisher":{"@id":"https:\/\/gastora.eu\/#organization"},"potentialAction":[{"@type":"SearchAction","target":{"@type":"EntryPoint","urlTemplate":"https:\/\/gastora.eu\/?s={search_term_string}"},"query-input":{"@type":"PropertyValueSpecification","valueRequired":true,"valueName":"search_term_string"}}],"inLanguage":"en-US"},{"@type":"Organization","@id":"https:\/\/gastora.eu\/#organization","name":"Gastora","url":"https:\/\/gastora.eu\/","logo":{"@type":"ImageObject","inLanguage":"en-US","@id":"https:\/\/gastora.eu\/#\/schema\/logo\/image\/","url":"https:\/\/gastora.eu\/wp-content\/uploads\/2025\/12\/ChatGPT-Image-2-janv.-2026-22_52_47-1.png","contentUrl":"https:\/\/gastora.eu\/wp-content\/uploads\/2025\/12\/ChatGPT-Image-2-janv.-2026-22_52_47-1.png","width":1536,"height":320,"caption":"Gastora"},"image":{"@id":"https:\/\/gastora.eu\/#\/schema\/logo\/image\/"}}]}},"jetpack_sharing_enabled":true,"_links":{"self":[{"href":"https:\/\/gastora.eu\/en\/wp-json\/wp\/v2\/product\/15122","targetHints":{"allow":["GET"]}}],"collection":[{"href":"https:\/\/gastora.eu\/en\/wp-json\/wp\/v2\/product"}],"about":[{"href":"https:\/\/gastora.eu\/en\/wp-json\/wp\/v2\/types\/product"}],"wp:featuredmedia":[{"embeddable":true,"href":"https:\/\/gastora.eu\/en\/wp-json\/wp\/v2\/media\/8975"}],"wp:attachment":[{"href":"https:\/\/gastora.eu\/en\/wp-json\/wp\/v2\/media?parent=15122"}],"wp:term":[{"taxonomy":"product_brand","embeddable":true,"href":"https:\/\/gastora.eu\/en\/wp-json\/wp\/v2\/product_brand?post=15122"},{"taxonomy":"product_cat","embeddable":true,"href":"https:\/\/gastora.eu\/en\/wp-json\/wp\/v2\/product_cat?post=15122"},{"taxonomy":"product_tag","embeddable":true,"href":"https:\/\/gastora.eu\/en\/wp-json\/wp\/v2\/product_tag?post=15122"}],"curies":[{"name":"wp","href":"https:\/\/api.w.org\/{rel}","templated":true}]}}