{"id":15120,"date":"2026-04-26T08:51:37","date_gmt":"2026-04-26T08:51:37","guid":{"rendered":"https:\/\/gastora.eu\/?post_type=product&#038;p=15120"},"modified":"2026-04-28T16:57:50","modified_gmt":"2026-04-28T16:57:50","slug":"cuiseur-wok-induction-700-28cm-5000w-avec-support","status":"publish","type":"product","link":"https:\/\/gastora.eu\/en\/product\/cuiseur-wok-induction-700-28cm-5000w-avec-support\/","title":{"rendered":"Cuiseur wok \u00e0 induction 700 \u2013 \u00d828cm \u2013 5000W \u2013 avec support"},"content":{"rendered":"<p>Cette puissante plaque de cuisson \u00e0 induction pour woks de Maxima est con\u00e7ue pour un usage professionnel. Gr\u00e2ce \u00e0 l&#8217;armoire int\u00e9gr\u00e9e en acier inoxydable, vous avez toujours vos ustensiles de cuisine et vos woks \u00e0 port\u00e9e de main. Parfait pour les cuisines o\u00f9 la rapidit\u00e9, la pr\u00e9cision et la clart\u00e9 du travail sont essentielles. Ce cuiseur wok fait partie de la s\u00e9rie Maxima 700 Induction et s&#8217;int\u00e8gre parfaitement dans la ligne de cuisson de 700 mm de profondeur, ce qui permet une int\u00e9gration parfaite avec d&#8217;autres \u00e9quipements dans une cuisine professionnelle.<\/p>\n<h2>Fonctionnement facile avec affichage num\u00e9rique<\/h2>\n<p>Les commandes sont simples et intuitives. Le bouton &#8220;Power\/Temp&#8221; permet de choisir entre la puissance (niveaux 1-10) et la temp\u00e9rature (60-240\u00b0C). La temp\u00e9rature peut \u00eatre r\u00e9gl\u00e9e par paliers de 20\u00b0C. La puissance et la temp\u00e9rature sont li\u00e9es : le niveau 1 correspond \u00e0 60\u00b0C, le niveau 2 \u00e0 80\u00b0C, etc. Le voyant de l&#8217;\u00e9cran affiche imm\u00e9diatement le r\u00e9glage choisi. Le bouton rotatif a trois positions claires : &#8216;low&#8217;, &#8216;medium&#8217; et &#8216;high&#8217;. Le bouton marche\/arr\u00eat permet d&#8217;arr\u00eater instantan\u00e9ment l&#8217;appareil sans chaleur r\u00e9siduelle. L&#8217;affichage num\u00e9rique clair et le bouton rotatif permettent de passer rapidement et facilement d&#8217;un mode de puissance \u00e0 un mode de temp\u00e9rature, ce qui est id\u00e9al pour les cuisines commerciales tr\u00e8s fr\u00e9quent\u00e9es.<\/p>\n<h2>Performances \u00e9lev\u00e9es et s\u00e9curit\u00e9 int\u00e9gr\u00e9e<\/h2>\n<p>Ce wok \u00e0 induction chauffe rapidement et uniform\u00e9ment. Pour plus de s\u00e9curit\u00e9, il s&#8217;\u00e9teint automatiquement au bout de 4 heures. En cas de surchauffe, une alarme retentit, un message d&#8217;erreur s&#8217;affiche et l&#8217;appareil s&#8217;arr\u00eate. Cela \u00e9vite d&#8217;endommager le wok ou les ustensiles de cuisine. Une fois l&#8217;appareil refroidi, vous pouvez continuer \u00e0 cuisiner. Les pieds r\u00e9glables vous permettent de placer la table de cuisson \u00e0 la hauteur de travail id\u00e9ale. Sa profondeur de 700 mm lui permet de s&#8217;aligner avec les autres \u00e9quipements de la s\u00e9rie Maxima 700 Induction, contribuant ainsi \u00e0 un espace de travail ordonn\u00e9 et efficace.<\/p>\n<h2>Facile \u00e0 nettoyer et pratique \u00e0 utiliser<\/h2>\n<p>Apr\u00e8s utilisation, d\u00e9branchez l&#8217;appareil et laissez-le refroidir. Nettoyez l&#8217;ext\u00e9rieur avec un chiffon humide et lavez les ustensiles de cuisine avec un d\u00e9tergent doux. Utilisez un aspirateur pour d\u00e9poussi\u00e9rer les ventilateurs. Important : \u00e9vitez de faire p\u00e9n\u00e9trer de l&#8217;eau \u00e0 l&#8217;int\u00e9rieur de l&#8217;appareil, car cela pourrait entra\u00eener des dysfonctionnements. Nettoyez l&#8217;armoire en acier inoxydable avec un chiffon humide. Gr\u00e2ce \u00e0 sa conception modulaire, le cuiseur wok compl\u00e8te les autres appareils de la gamme Maxima 700 Induction, ce qui simplifie les op\u00e9rations de nettoyage et d&#8217;entretien pour l&#8217;ensemble de votre installation culinaire.<\/p>\n<p>Vous recherchez la puissance, la pr\u00e9cision et un espace de rangement suppl\u00e9mentaire ? Optez pour ce cuiseur wok \u00e0 induction professionnel Maxima avec meuble bas.<\/p>\n<p><strong>Caract\u00e9ristiques<\/strong><\/p>\n<ul>\n<li>Affichage num\u00e9rique avec fonction Puissance\/Temp\u00e9rature<\/li>\n<li>Temp\u00e9rature r\u00e9glable : 60\u00b0C &#8211; 240\u00b0C (par paliers de 20\u00b0C)<\/li>\n<li>Niveaux de puissance r\u00e9glables : 1 \u00e0 10<\/li>\n<li>Bouton rotatif avec r\u00e9glages &#8220;low&#8221;, &#8220;medium&#8221; et &#8220;high&#8221;<\/li>\n<li>Arr\u00eat automatique apr\u00e8s 4 heures<\/li>\n<li>Avertissement sonore et message d&#8217;erreur en cas de surchauffe<\/li>\n<li>Armoire en acier inoxydable pour un rangement pratique<\/li>\n<\/ul>\n<p><strong>Caract\u00e9ristiques du produit<\/strong><\/p>\n<ul>\n<li>Poids net : 40 kg<\/li>\n<li>Surface de cuisson : \u00d826cm<\/li>\n<li>Convient aux woks : \u00d8 36cm<\/li>\n<li>Dimensions de l&#8217;appareil : L40 x P70 x H86.5cm<\/li>\n<li>400V \/ 50Hz \/ 3 Phase \/ 5000W<\/li>\n<\/ul>\n<p><em>Inclus dans le prix<\/em><\/p>\n<ul>\n<li><em>Kit de connexion<\/em><\/li>\n<\/ul>\n<p><em>Non inclus<\/em><\/p>\n<ul>\n<li><em>Po\u00eale wok<\/em><\/li>\n<li><em>Bouchon<\/em><\/li>\n<\/ul>","protected":false},"excerpt":{"rendered":"<p>Un wok \u00e0 induction avec un meuble bas int\u00e9gr\u00e9 en acier inoxydable pour un espace de rangement suppl\u00e9mentaire. Avec un affichage num\u00e9rique, des r\u00e9glages de puissance ou de temp\u00e9rature. Il est dot\u00e9 de fonctions de s\u00e9curit\u00e9 intelligentes telles que l&#8217;arr\u00eat automatique et la production de surchauffe. Il peut \u00eatre ajout\u00e9 \u00e0 la ligne de cuisson 700 Induction.<\/p>","protected":false},"featured_media":8971,"template":"","meta":{"_acf_changed":false},"product_brand":[],"product_cat":[495],"product_tag":[],"class_list":{"0":"post-15120","1":"product","2":"type-product","3":"status-publish","4":"has-post-thumbnail","6":"product_cat-plaques-pianos-de-cuisson-2","8":"first","9":"instock","10":"sale","11":"taxable","12":"shipping-taxable","13":"purchasable","14":"product-type-simple"},"acf":[],"yoast_head":"<!-- This site is optimized with the Yoast SEO plugin v27.6 - https:\/\/yoast.com\/product\/yoast-seo-wordpress\/ -->\n<title>Cuiseur wok \u00e0 induction 700 \u2013 \u00d828cm \u2013 5000W \u2013 avec support - Gastora<\/title>\n<meta name=\"description\" content=\"Achetez Cuiseur wok \u00e0 induction 700 \u2013 \u00d828cm \u2013 5000W \u2013 avec support au meilleur prix, fiable et performant avec une livraison rapide\" \/>\n<meta name=\"robots\" content=\"index, follow, max-snippet:-1, max-image-preview:large, max-video-preview:-1\" \/>\n<link rel=\"canonical\" href=\"https:\/\/gastora.eu\/en\/product\/cuiseur-wok-induction-700-28cm-5000w-avec-support\/\" \/>\n<meta property=\"og:locale\" content=\"en_US\" \/>\n<meta property=\"og:type\" content=\"article\" \/>\n<meta property=\"og:title\" content=\"Cuiseur wok \u00e0 induction 700 \u2013 \u00d828cm \u2013 5000W \u2013 avec support - Gastora\" \/>\n<meta property=\"og:description\" content=\"Achetez Cuiseur wok \u00e0 induction 700 \u2013 \u00d828cm \u2013 5000W \u2013 avec support au meilleur prix, fiable et performant avec une livraison rapide\" \/>\n<meta property=\"og:url\" content=\"https:\/\/gastora.eu\/en\/product\/cuiseur-wok-induction-700-28cm-5000w-avec-support\/\" \/>\n<meta property=\"og:site_name\" content=\"Gastora\" \/>\n<meta property=\"article:modified_time\" content=\"2026-04-28T16:57:50+00:00\" \/>\n<meta name=\"twitter:card\" content=\"summary_large_image\" \/>\n<meta name=\"twitter:label1\" content=\"Est. reading time\" \/>\n\t<meta name=\"twitter:data1\" content=\"3 minutes\" \/>\n<script type=\"application\/ld+json\" class=\"yoast-schema-graph\">{\"@context\":\"https:\\\/\\\/schema.org\",\"@graph\":[{\"@type\":\"WebPage\",\"@id\":\"https:\\\/\\\/gastora.eu\\\/product\\\/cuiseur-wok-induction-700-28cm-5000w-avec-support\\\/\",\"url\":\"https:\\\/\\\/gastora.eu\\\/product\\\/cuiseur-wok-induction-700-28cm-5000w-avec-support\\\/\",\"name\":\"Cuiseur wok \u00e0 induction 700 \u2013 \u00d828cm \u2013 5000W \u2013 avec support - Gastora\",\"isPartOf\":{\"@id\":\"https:\\\/\\\/gastora.eu\\\/#website\"},\"primaryImageOfPage\":{\"@id\":\"https:\\\/\\\/gastora.eu\\\/product\\\/cuiseur-wok-induction-700-28cm-5000w-avec-support\\\/#primaryimage\"},\"image\":{\"@id\":\"https:\\\/\\\/gastora.eu\\\/product\\\/cuiseur-wok-induction-700-28cm-5000w-avec-support\\\/#primaryimage\"},\"thumbnailUrl\":\"https:\\\/\\\/gastora.eu\\\/wp-content\\\/uploads\\\/2026\\\/04\\\/251209_09371300_img_002_1_.jpg\",\"datePublished\":\"2026-04-26T08:51:37+00:00\",\"dateModified\":\"2026-04-28T16:57:50+00:00\",\"description\":\"Achetez Cuiseur wok \u00e0 induction 700 \u2013 \u00d828cm \u2013 5000W \u2013 avec support au meilleur prix, fiable et performant avec une livraison rapide\",\"breadcrumb\":{\"@id\":\"https:\\\/\\\/gastora.eu\\\/product\\\/cuiseur-wok-induction-700-28cm-5000w-avec-support\\\/#breadcrumb\"},\"inLanguage\":\"en-US\",\"potentialAction\":[{\"@type\":\"ReadAction\",\"target\":[\"https:\\\/\\\/gastora.eu\\\/product\\\/cuiseur-wok-induction-700-28cm-5000w-avec-support\\\/\"]}]},{\"@type\":\"ImageObject\",\"inLanguage\":\"en-US\",\"@id\":\"https:\\\/\\\/gastora.eu\\\/product\\\/cuiseur-wok-induction-700-28cm-5000w-avec-support\\\/#primaryimage\",\"url\":\"https:\\\/\\\/gastora.eu\\\/wp-content\\\/uploads\\\/2026\\\/04\\\/251209_09371300_img_002_1_.jpg\",\"contentUrl\":\"https:\\\/\\\/gastora.eu\\\/wp-content\\\/uploads\\\/2026\\\/04\\\/251209_09371300_img_002_1_.jpg\",\"width\":1200,\"height\":1200},{\"@type\":\"BreadcrumbList\",\"@id\":\"https:\\\/\\\/gastora.eu\\\/product\\\/cuiseur-wok-induction-700-28cm-5000w-avec-support\\\/#breadcrumb\",\"itemListElement\":[{\"@type\":\"ListItem\",\"position\":1,\"name\":\"Home\",\"item\":\"https:\\\/\\\/gastora.eu\\\/\"},{\"@type\":\"ListItem\",\"position\":2,\"name\":\"Shop\",\"item\":\"https:\\\/\\\/gastora.eu\\\/shop\\\/\"},{\"@type\":\"ListItem\",\"position\":3,\"name\":\"Cuiseur wok \u00e0 induction 700 \u2013 \u00d828cm \u2013 5000W \u2013 avec support\"}]},{\"@type\":\"WebSite\",\"@id\":\"https:\\\/\\\/gastora.eu\\\/#website\",\"url\":\"https:\\\/\\\/gastora.eu\\\/\",\"name\":\"Gastora\",\"description\":\"\u00c9quipements professionnels CHR\",\"publisher\":{\"@id\":\"https:\\\/\\\/gastora.eu\\\/#organization\"},\"potentialAction\":[{\"@type\":\"SearchAction\",\"target\":{\"@type\":\"EntryPoint\",\"urlTemplate\":\"https:\\\/\\\/gastora.eu\\\/?s={search_term_string}\"},\"query-input\":{\"@type\":\"PropertyValueSpecification\",\"valueRequired\":true,\"valueName\":\"search_term_string\"}}],\"inLanguage\":\"en-US\"},{\"@type\":\"Organization\",\"@id\":\"https:\\\/\\\/gastora.eu\\\/#organization\",\"name\":\"Gastora\",\"url\":\"https:\\\/\\\/gastora.eu\\\/\",\"logo\":{\"@type\":\"ImageObject\",\"inLanguage\":\"en-US\",\"@id\":\"https:\\\/\\\/gastora.eu\\\/#\\\/schema\\\/logo\\\/image\\\/\",\"url\":\"https:\\\/\\\/gastora.eu\\\/wp-content\\\/uploads\\\/2025\\\/12\\\/ChatGPT-Image-2-janv.-2026-22_52_47-1.png\",\"contentUrl\":\"https:\\\/\\\/gastora.eu\\\/wp-content\\\/uploads\\\/2025\\\/12\\\/ChatGPT-Image-2-janv.-2026-22_52_47-1.png\",\"width\":1536,\"height\":320,\"caption\":\"Gastora\"},\"image\":{\"@id\":\"https:\\\/\\\/gastora.eu\\\/#\\\/schema\\\/logo\\\/image\\\/\"}}]}<\/script>\n<!-- \/ Yoast SEO plugin. -->","yoast_head_json":{"title":"Cuiseur wok \u00e0 induction 700 \u2013 \u00d828cm \u2013 5000W \u2013 avec support - Gastora","description":"Achetez Cuiseur wok \u00e0 induction 700 \u2013 \u00d828cm \u2013 5000W \u2013 avec support au meilleur prix, fiable et performant avec une livraison rapide","robots":{"index":"index","follow":"follow","max-snippet":"max-snippet:-1","max-image-preview":"max-image-preview:large","max-video-preview":"max-video-preview:-1"},"canonical":"https:\/\/gastora.eu\/en\/product\/cuiseur-wok-induction-700-28cm-5000w-avec-support\/","og_locale":"en_US","og_type":"article","og_title":"Cuiseur wok \u00e0 induction 700 \u2013 \u00d828cm \u2013 5000W \u2013 avec support - Gastora","og_description":"Achetez Cuiseur wok \u00e0 induction 700 \u2013 \u00d828cm \u2013 5000W \u2013 avec support au meilleur prix, fiable et performant avec une livraison rapide","og_url":"https:\/\/gastora.eu\/en\/product\/cuiseur-wok-induction-700-28cm-5000w-avec-support\/","og_site_name":"Gastora","article_modified_time":"2026-04-28T16:57:50+00:00","twitter_card":"summary_large_image","twitter_misc":{"Est. reading time":"3 minutes"},"schema":{"@context":"https:\/\/schema.org","@graph":[{"@type":"WebPage","@id":"https:\/\/gastora.eu\/product\/cuiseur-wok-induction-700-28cm-5000w-avec-support\/","url":"https:\/\/gastora.eu\/product\/cuiseur-wok-induction-700-28cm-5000w-avec-support\/","name":"Cuiseur wok \u00e0 induction 700 \u2013 \u00d828cm \u2013 5000W \u2013 avec support - Gastora","isPartOf":{"@id":"https:\/\/gastora.eu\/#website"},"primaryImageOfPage":{"@id":"https:\/\/gastora.eu\/product\/cuiseur-wok-induction-700-28cm-5000w-avec-support\/#primaryimage"},"image":{"@id":"https:\/\/gastora.eu\/product\/cuiseur-wok-induction-700-28cm-5000w-avec-support\/#primaryimage"},"thumbnailUrl":"https:\/\/gastora.eu\/wp-content\/uploads\/2026\/04\/251209_09371300_img_002_1_.jpg","datePublished":"2026-04-26T08:51:37+00:00","dateModified":"2026-04-28T16:57:50+00:00","description":"Achetez Cuiseur wok \u00e0 induction 700 \u2013 \u00d828cm \u2013 5000W \u2013 avec support au meilleur prix, fiable et performant avec une livraison rapide","breadcrumb":{"@id":"https:\/\/gastora.eu\/product\/cuiseur-wok-induction-700-28cm-5000w-avec-support\/#breadcrumb"},"inLanguage":"en-US","potentialAction":[{"@type":"ReadAction","target":["https:\/\/gastora.eu\/product\/cuiseur-wok-induction-700-28cm-5000w-avec-support\/"]}]},{"@type":"ImageObject","inLanguage":"en-US","@id":"https:\/\/gastora.eu\/product\/cuiseur-wok-induction-700-28cm-5000w-avec-support\/#primaryimage","url":"https:\/\/gastora.eu\/wp-content\/uploads\/2026\/04\/251209_09371300_img_002_1_.jpg","contentUrl":"https:\/\/gastora.eu\/wp-content\/uploads\/2026\/04\/251209_09371300_img_002_1_.jpg","width":1200,"height":1200},{"@type":"BreadcrumbList","@id":"https:\/\/gastora.eu\/product\/cuiseur-wok-induction-700-28cm-5000w-avec-support\/#breadcrumb","itemListElement":[{"@type":"ListItem","position":1,"name":"Home","item":"https:\/\/gastora.eu\/"},{"@type":"ListItem","position":2,"name":"Shop","item":"https:\/\/gastora.eu\/shop\/"},{"@type":"ListItem","position":3,"name":"Cuiseur wok \u00e0 induction 700 \u2013 \u00d828cm \u2013 5000W \u2013 avec support"}]},{"@type":"WebSite","@id":"https:\/\/gastora.eu\/#website","url":"https:\/\/gastora.eu\/","name":"Gastora","description":"\u00c9quipements professionnels CHR","publisher":{"@id":"https:\/\/gastora.eu\/#organization"},"potentialAction":[{"@type":"SearchAction","target":{"@type":"EntryPoint","urlTemplate":"https:\/\/gastora.eu\/?s={search_term_string}"},"query-input":{"@type":"PropertyValueSpecification","valueRequired":true,"valueName":"search_term_string"}}],"inLanguage":"en-US"},{"@type":"Organization","@id":"https:\/\/gastora.eu\/#organization","name":"Gastora","url":"https:\/\/gastora.eu\/","logo":{"@type":"ImageObject","inLanguage":"en-US","@id":"https:\/\/gastora.eu\/#\/schema\/logo\/image\/","url":"https:\/\/gastora.eu\/wp-content\/uploads\/2025\/12\/ChatGPT-Image-2-janv.-2026-22_52_47-1.png","contentUrl":"https:\/\/gastora.eu\/wp-content\/uploads\/2025\/12\/ChatGPT-Image-2-janv.-2026-22_52_47-1.png","width":1536,"height":320,"caption":"Gastora"},"image":{"@id":"https:\/\/gastora.eu\/#\/schema\/logo\/image\/"}}]}},"jetpack_sharing_enabled":true,"_links":{"self":[{"href":"https:\/\/gastora.eu\/en\/wp-json\/wp\/v2\/product\/15120","targetHints":{"allow":["GET"]}}],"collection":[{"href":"https:\/\/gastora.eu\/en\/wp-json\/wp\/v2\/product"}],"about":[{"href":"https:\/\/gastora.eu\/en\/wp-json\/wp\/v2\/types\/product"}],"wp:featuredmedia":[{"embeddable":true,"href":"https:\/\/gastora.eu\/en\/wp-json\/wp\/v2\/media\/8971"}],"wp:attachment":[{"href":"https:\/\/gastora.eu\/en\/wp-json\/wp\/v2\/media?parent=15120"}],"wp:term":[{"taxonomy":"product_brand","embeddable":true,"href":"https:\/\/gastora.eu\/en\/wp-json\/wp\/v2\/product_brand?post=15120"},{"taxonomy":"product_cat","embeddable":true,"href":"https:\/\/gastora.eu\/en\/wp-json\/wp\/v2\/product_cat?post=15120"},{"taxonomy":"product_tag","embeddable":true,"href":"https:\/\/gastora.eu\/en\/wp-json\/wp\/v2\/product_tag?post=15120"}],"curies":[{"name":"wp","href":"https:\/\/api.w.org\/{rel}","templated":true}]}}