{"id":15119,"date":"2026-04-26T08:51:34","date_gmt":"2026-04-26T08:51:34","guid":{"rendered":"https:\/\/gastora.eu\/?post_type=product&#038;p=15119"},"modified":"2026-04-28T16:57:50","modified_gmt":"2026-04-28T16:57:50","slug":"machine-granit-slush-3x-12-l-affichage-numrique","status":"publish","type":"product","link":"https:\/\/gastora.eu\/en\/product\/machine-granit-slush-3x-12-l-affichage-numrique\/","title":{"rendered":"Machine \u00e0 granit\u00e9 &#038; slush &#8211; 3x 12 L &#8211; affichage num\u00e9rique"},"content":{"rendered":"<p>Offrez \u00e0 vos clients un vaste choix gr\u00e2ce \u00e0 cette machine \u00e0 granit\u00e9s professionnelle dot\u00e9e de trois r\u00e9servoirs distincts de 12 L. Chaque r\u00e9servoir est dot\u00e9 de son propre panneau de commande. Chaque r\u00e9servoir dispose de son propre panneau de commande, ce qui vous permet de r\u00e9gler facilement les diff\u00e9rents ar\u00f4mes, temp\u00e9ratures et textures. Parfait pour les lieux tr\u00e8s fr\u00e9quent\u00e9s qui souhaitent allier rapidit\u00e9, vari\u00e9t\u00e9 et qualit\u00e9.<\/p>\n<h2>Trois fois plus de vari\u00e9t\u00e9, chacune avec son propre programme<\/h2>\n<p>Gr\u00e2ce \u00e0 trois affichages num\u00e9riques, un par r\u00e9servoir, vous pouvez s\u00e9lectionner le mode appropri\u00e9 pour chaque boisson : &#8220;ICE&#8221; (pour les boissons glac\u00e9es), &#8220;COOL&#8221; (pour les boissons r\u00e9frig\u00e9r\u00e9es), &#8220;CLN&#8221; (pour le nettoyage) ou &#8220;STOP&#8221;. Le bouton &#8216;Gear&#8217; vous permet de r\u00e9gler l&#8217;\u00e9paisseur ou la temp\u00e9rature souhait\u00e9e sur 7 niveaux. Le mode ICE fonctionne entre -12\u00b0C et -2\u00b0C et le mode COOL entre 1\u00b0C et 10\u00b0C. Un mode de r\u00e9g\u00e9n\u00e9ration automatique garantit des performances constantes \u00e0 des temp\u00e9ratures plus basses. L&#8217;\u00e9cran se bloque au bout d&#8217;une minute et peut \u00eatre r\u00e9activ\u00e9 en appuyant sur le bouton d&#8217;\u00e9clairage pendant trois secondes.<\/p>\n<h2>Capacit\u00e9 maximale et choix du client<\/h2>\n<p>Avec une capacit\u00e9 totale de 36 litres et trois robinets, cette machine \u00e0 granit\u00e9s est id\u00e9ale pour les lieux d&#8217;accueil, les sites estivaux et les \u00e9v\u00e9nements. Servez facilement trois parfums \u00e0 la fois, du granit\u00e9 tropical \u00e0 la limonade classique.<br \/>Malgr\u00e9 sa grande taille, le niveau sonore reste inf\u00e9rieur \u00e0 60 dB. Les pieds r\u00e9glables assurent la stabilit\u00e9, m\u00eame sur des surfaces irr\u00e9guli\u00e8res. Vous pouvez choisir parmi 63 couleurs d&#8217;\u00e9clairage de r\u00e9servoir, donc une couleur pour chaque occasion.<\/p>\n<h2>Entretien intelligent, facilit\u00e9 d&#8217;utilisation<\/h2>\n<p>Chaque r\u00e9servoir dispose de son propre mode de nettoyage CLN, ce qui simplifie le processus de nettoyage. Commencez par vider le r\u00e9servoir, puis remplissez-le d&#8217;eau chaude propre et d&#8217;un d\u00e9tergent doux. S\u00e9lectionnez le programme de nettoyage sur l&#8217;\u00e9cran. L&#8217;appareil \u00e0 granit\u00e9s cesse de refroidir tandis que le syst\u00e8me de m\u00e9lange continue de fonctionner. Cela permet de d\u00e9coller les \u00e9ventuels r\u00e9sidus. Videz le r\u00e9servoir, remplissez-le d&#8217;eau ti\u00e8de uniquement, laissez le m\u00e9langeur fonctionner \u00e0 nouveau et videz-le \u00e0 nouveau. Retirez le r\u00e9servoir de la machine et d\u00e9tachez le robinet. Desserrez le syst\u00e8me de m\u00e9lange et toutes les pi\u00e8ces amovibles. Nettoyez ces pi\u00e8ces \u00e0 l&#8217;eau chaude savonneuse. Essuyez le syst\u00e8me de m\u00e9lange avec un chiffon humide. S\u00e9chez bien toutes les pi\u00e8ces et lubrifiez les joints avec de la vaseline alimentaire. Remontez l&#8217;appareil. Retirez le bac de r\u00e9cup\u00e9ration et le filtre, nettoyez-les et remettez-les en place. N&#8217;utilisez que des boissons ayant une teneur en sucre de 20 \u00e0 30 % et jamais d&#8217;eau uniquement, car cela pourrait endommager le syst\u00e8me. Pour une utilisation \u00e0 long terme, nous recommandons de remplacer les joints en caoutchouc une fois par an.<\/p>\n<p>La solution ultime pour tous ceux qui veulent un maximum de capacit\u00e9 et de choix. Commandez d\u00e8s aujourd&#8217;hui cette machine \u00e0 barbotine Maxima \u00e0 3 r\u00e9servoirs.<\/p>\n<p><strong>Caract\u00e9ristiques<\/strong><\/p>\n<ul>\n<li>Capacit\u00e9 de 3 r\u00e9servoirs de 12 litres<\/li>\n<li>Trois commandes num\u00e9riques avec boutons d&#8217;engrenage par r\u00e9servoir<\/li>\n<li>Verrouillage automatique de l&#8217;\u00e9cran<\/li>\n<li>Robinet avec poign\u00e9e, bac de r\u00e9cup\u00e9ration et pieds r\u00e9glables<\/li>\n<li>Mode de r\u00e9g\u00e9n\u00e9ration pour la r\u00e9frig\u00e9ration en dessous de 0\u00b0C<\/li>\n<\/ul>\n<p><strong>Caract\u00e9ristiques du produit<\/strong><\/p>\n<ul>\n<li>Poids net : 78 kg<\/li>\n<li>Capacit\u00e9 : 3x 12L<\/li>\n<li>Dimensions de la machine : L71 x P60 x H94cm<\/li>\n<li>230V \/ 50Hz \/ 1 Phase \/ 1040W<\/li>\n<\/ul>\n<p><em>Inclus dans le prix<\/em><\/p>\n<ul>\n<li><em>Jeu de pi\u00e8ces d\u00e9tach\u00e9es (joints et bagues en caoutchouc)<\/em><\/li>\n<\/ul>","protected":false},"excerpt":{"rendered":"<p>Cette machine \u00e0 granit\u00e9 professionnelle est \u00e9quip\u00e9e de trois r\u00e9servoirs de 12 litres, de commandes s\u00e9par\u00e9es et d&#8217;une vitesse de distribution \u00e9lev\u00e9e. C&#8217;est la machine \u00e0 granit\u00e9 id\u00e9ale pour servir trois vari\u00e9t\u00e9s de granit\u00e9s, de jus de fruits ou d&#8217;autres boissons froides en m\u00eame temps.<\/p>","protected":false},"featured_media":8969,"template":"","meta":{"_acf_changed":false},"product_brand":[],"product_cat":[24],"product_tag":[],"class_list":{"0":"post-15119","1":"product","2":"type-product","3":"status-publish","4":"has-post-thumbnail","6":"product_cat-froid","8":"first","9":"instock","10":"sale","11":"taxable","12":"shipping-taxable","13":"purchasable","14":"product-type-simple"},"acf":[],"yoast_head":"<!-- This site is optimized with the Yoast SEO plugin v27.5 - https:\/\/yoast.com\/product\/yoast-seo-wordpress\/ -->\n<title>Machine \u00e0 granit\u00e9 &amp; slush - 3x 12 L - affichage num\u00e9rique - Gastora<\/title>\n<meta name=\"description\" content=\"Achetez Machine \u00e0 granit\u00e9 &amp; slush - 3x 12 L - affichage num\u00e9rique au meilleur prix, fiable et performant avec une livraison rapide\" \/>\n<meta name=\"robots\" content=\"index, follow, max-snippet:-1, max-image-preview:large, max-video-preview:-1\" \/>\n<link rel=\"canonical\" href=\"https:\/\/gastora.eu\/en\/product\/machine-granit-slush-3x-12-l-affichage-numrique\/\" \/>\n<meta property=\"og:locale\" content=\"en_US\" \/>\n<meta property=\"og:type\" content=\"article\" \/>\n<meta property=\"og:title\" content=\"Machine \u00e0 granit\u00e9 &amp; slush - 3x 12 L - affichage num\u00e9rique - Gastora\" \/>\n<meta property=\"og:description\" content=\"Achetez Machine \u00e0 granit\u00e9 &amp; slush - 3x 12 L - affichage num\u00e9rique au meilleur prix, fiable et performant avec une livraison rapide\" \/>\n<meta property=\"og:url\" content=\"https:\/\/gastora.eu\/en\/product\/machine-granit-slush-3x-12-l-affichage-numrique\/\" \/>\n<meta property=\"og:site_name\" content=\"Gastora\" \/>\n<meta property=\"article:modified_time\" content=\"2026-04-28T16:57:50+00:00\" \/>\n<meta name=\"twitter:card\" content=\"summary_large_image\" \/>\n<meta name=\"twitter:label1\" content=\"Est. reading time\" \/>\n\t<meta name=\"twitter:data1\" content=\"3 minutes\" \/>\n<script type=\"application\/ld+json\" class=\"yoast-schema-graph\">{\"@context\":\"https:\\\/\\\/schema.org\",\"@graph\":[{\"@type\":\"WebPage\",\"@id\":\"https:\\\/\\\/gastora.eu\\\/product\\\/machine-granit-slush-3x-12-l-affichage-numrique\\\/\",\"url\":\"https:\\\/\\\/gastora.eu\\\/product\\\/machine-granit-slush-3x-12-l-affichage-numrique\\\/\",\"name\":\"Machine \u00e0 granit\u00e9 & slush - 3x 12 L - affichage num\u00e9rique - Gastora\",\"isPartOf\":{\"@id\":\"https:\\\/\\\/gastora.eu\\\/#website\"},\"primaryImageOfPage\":{\"@id\":\"https:\\\/\\\/gastora.eu\\\/product\\\/machine-granit-slush-3x-12-l-affichage-numrique\\\/#primaryimage\"},\"image\":{\"@id\":\"https:\\\/\\\/gastora.eu\\\/product\\\/machine-granit-slush-3x-12-l-affichage-numrique\\\/#primaryimage\"},\"thumbnailUrl\":\"https:\\\/\\\/gastora.eu\\\/wp-content\\\/uploads\\\/2026\\\/04\\\/260115_09504006_img_001.jpg\",\"datePublished\":\"2026-04-26T08:51:34+00:00\",\"dateModified\":\"2026-04-28T16:57:50+00:00\",\"description\":\"Achetez Machine \u00e0 granit\u00e9 & slush - 3x 12 L - affichage num\u00e9rique au meilleur prix, fiable et performant avec une livraison rapide\",\"breadcrumb\":{\"@id\":\"https:\\\/\\\/gastora.eu\\\/product\\\/machine-granit-slush-3x-12-l-affichage-numrique\\\/#breadcrumb\"},\"inLanguage\":\"en-US\",\"potentialAction\":[{\"@type\":\"ReadAction\",\"target\":[\"https:\\\/\\\/gastora.eu\\\/product\\\/machine-granit-slush-3x-12-l-affichage-numrique\\\/\"]}]},{\"@type\":\"ImageObject\",\"inLanguage\":\"en-US\",\"@id\":\"https:\\\/\\\/gastora.eu\\\/product\\\/machine-granit-slush-3x-12-l-affichage-numrique\\\/#primaryimage\",\"url\":\"https:\\\/\\\/gastora.eu\\\/wp-content\\\/uploads\\\/2026\\\/04\\\/260115_09504006_img_001.jpg\",\"contentUrl\":\"https:\\\/\\\/gastora.eu\\\/wp-content\\\/uploads\\\/2026\\\/04\\\/260115_09504006_img_001.jpg\",\"width\":1200,\"height\":1200},{\"@type\":\"BreadcrumbList\",\"@id\":\"https:\\\/\\\/gastora.eu\\\/product\\\/machine-granit-slush-3x-12-l-affichage-numrique\\\/#breadcrumb\",\"itemListElement\":[{\"@type\":\"ListItem\",\"position\":1,\"name\":\"Home\",\"item\":\"https:\\\/\\\/gastora.eu\\\/\"},{\"@type\":\"ListItem\",\"position\":2,\"name\":\"Shop\",\"item\":\"https:\\\/\\\/gastora.eu\\\/shop\\\/\"},{\"@type\":\"ListItem\",\"position\":3,\"name\":\"Machine \u00e0 granit\u00e9 &#038; slush &#8211; 3x 12 L &#8211; affichage num\u00e9rique\"}]},{\"@type\":\"WebSite\",\"@id\":\"https:\\\/\\\/gastora.eu\\\/#website\",\"url\":\"https:\\\/\\\/gastora.eu\\\/\",\"name\":\"Gastora\",\"description\":\"\u00c9quipements professionnels CHR\",\"publisher\":{\"@id\":\"https:\\\/\\\/gastora.eu\\\/#organization\"},\"potentialAction\":[{\"@type\":\"SearchAction\",\"target\":{\"@type\":\"EntryPoint\",\"urlTemplate\":\"https:\\\/\\\/gastora.eu\\\/?s={search_term_string}\"},\"query-input\":{\"@type\":\"PropertyValueSpecification\",\"valueRequired\":true,\"valueName\":\"search_term_string\"}}],\"inLanguage\":\"en-US\"},{\"@type\":\"Organization\",\"@id\":\"https:\\\/\\\/gastora.eu\\\/#organization\",\"name\":\"Gastora\",\"url\":\"https:\\\/\\\/gastora.eu\\\/\",\"logo\":{\"@type\":\"ImageObject\",\"inLanguage\":\"en-US\",\"@id\":\"https:\\\/\\\/gastora.eu\\\/#\\\/schema\\\/logo\\\/image\\\/\",\"url\":\"https:\\\/\\\/gastora.eu\\\/wp-content\\\/uploads\\\/2025\\\/12\\\/ChatGPT-Image-2-janv.-2026-22_52_47-1.png\",\"contentUrl\":\"https:\\\/\\\/gastora.eu\\\/wp-content\\\/uploads\\\/2025\\\/12\\\/ChatGPT-Image-2-janv.-2026-22_52_47-1.png\",\"width\":1536,\"height\":320,\"caption\":\"Gastora\"},\"image\":{\"@id\":\"https:\\\/\\\/gastora.eu\\\/#\\\/schema\\\/logo\\\/image\\\/\"}}]}<\/script>\n<!-- \/ Yoast SEO plugin. -->","yoast_head_json":{"title":"Machine \u00e0 granit\u00e9 & slush - 3x 12 L - affichage num\u00e9rique - Gastora","description":"Achetez Machine \u00e0 granit\u00e9 & slush - 3x 12 L - affichage num\u00e9rique au meilleur prix, fiable et performant avec une livraison rapide","robots":{"index":"index","follow":"follow","max-snippet":"max-snippet:-1","max-image-preview":"max-image-preview:large","max-video-preview":"max-video-preview:-1"},"canonical":"https:\/\/gastora.eu\/en\/product\/machine-granit-slush-3x-12-l-affichage-numrique\/","og_locale":"en_US","og_type":"article","og_title":"Machine \u00e0 granit\u00e9 & slush - 3x 12 L - affichage num\u00e9rique - Gastora","og_description":"Achetez Machine \u00e0 granit\u00e9 & slush - 3x 12 L - affichage num\u00e9rique au meilleur prix, fiable et performant avec une livraison rapide","og_url":"https:\/\/gastora.eu\/en\/product\/machine-granit-slush-3x-12-l-affichage-numrique\/","og_site_name":"Gastora","article_modified_time":"2026-04-28T16:57:50+00:00","twitter_card":"summary_large_image","twitter_misc":{"Est. reading time":"3 minutes"},"schema":{"@context":"https:\/\/schema.org","@graph":[{"@type":"WebPage","@id":"https:\/\/gastora.eu\/product\/machine-granit-slush-3x-12-l-affichage-numrique\/","url":"https:\/\/gastora.eu\/product\/machine-granit-slush-3x-12-l-affichage-numrique\/","name":"Machine \u00e0 granit\u00e9 & slush - 3x 12 L - affichage num\u00e9rique - Gastora","isPartOf":{"@id":"https:\/\/gastora.eu\/#website"},"primaryImageOfPage":{"@id":"https:\/\/gastora.eu\/product\/machine-granit-slush-3x-12-l-affichage-numrique\/#primaryimage"},"image":{"@id":"https:\/\/gastora.eu\/product\/machine-granit-slush-3x-12-l-affichage-numrique\/#primaryimage"},"thumbnailUrl":"https:\/\/gastora.eu\/wp-content\/uploads\/2026\/04\/260115_09504006_img_001.jpg","datePublished":"2026-04-26T08:51:34+00:00","dateModified":"2026-04-28T16:57:50+00:00","description":"Achetez Machine \u00e0 granit\u00e9 & slush - 3x 12 L - affichage num\u00e9rique au meilleur prix, fiable et performant avec une livraison rapide","breadcrumb":{"@id":"https:\/\/gastora.eu\/product\/machine-granit-slush-3x-12-l-affichage-numrique\/#breadcrumb"},"inLanguage":"en-US","potentialAction":[{"@type":"ReadAction","target":["https:\/\/gastora.eu\/product\/machine-granit-slush-3x-12-l-affichage-numrique\/"]}]},{"@type":"ImageObject","inLanguage":"en-US","@id":"https:\/\/gastora.eu\/product\/machine-granit-slush-3x-12-l-affichage-numrique\/#primaryimage","url":"https:\/\/gastora.eu\/wp-content\/uploads\/2026\/04\/260115_09504006_img_001.jpg","contentUrl":"https:\/\/gastora.eu\/wp-content\/uploads\/2026\/04\/260115_09504006_img_001.jpg","width":1200,"height":1200},{"@type":"BreadcrumbList","@id":"https:\/\/gastora.eu\/product\/machine-granit-slush-3x-12-l-affichage-numrique\/#breadcrumb","itemListElement":[{"@type":"ListItem","position":1,"name":"Home","item":"https:\/\/gastora.eu\/"},{"@type":"ListItem","position":2,"name":"Shop","item":"https:\/\/gastora.eu\/shop\/"},{"@type":"ListItem","position":3,"name":"Machine \u00e0 granit\u00e9 &#038; slush &#8211; 3x 12 L &#8211; affichage num\u00e9rique"}]},{"@type":"WebSite","@id":"https:\/\/gastora.eu\/#website","url":"https:\/\/gastora.eu\/","name":"Gastora","description":"\u00c9quipements professionnels CHR","publisher":{"@id":"https:\/\/gastora.eu\/#organization"},"potentialAction":[{"@type":"SearchAction","target":{"@type":"EntryPoint","urlTemplate":"https:\/\/gastora.eu\/?s={search_term_string}"},"query-input":{"@type":"PropertyValueSpecification","valueRequired":true,"valueName":"search_term_string"}}],"inLanguage":"en-US"},{"@type":"Organization","@id":"https:\/\/gastora.eu\/#organization","name":"Gastora","url":"https:\/\/gastora.eu\/","logo":{"@type":"ImageObject","inLanguage":"en-US","@id":"https:\/\/gastora.eu\/#\/schema\/logo\/image\/","url":"https:\/\/gastora.eu\/wp-content\/uploads\/2025\/12\/ChatGPT-Image-2-janv.-2026-22_52_47-1.png","contentUrl":"https:\/\/gastora.eu\/wp-content\/uploads\/2025\/12\/ChatGPT-Image-2-janv.-2026-22_52_47-1.png","width":1536,"height":320,"caption":"Gastora"},"image":{"@id":"https:\/\/gastora.eu\/#\/schema\/logo\/image\/"}}]}},"jetpack_sharing_enabled":true,"_links":{"self":[{"href":"https:\/\/gastora.eu\/en\/wp-json\/wp\/v2\/product\/15119","targetHints":{"allow":["GET"]}}],"collection":[{"href":"https:\/\/gastora.eu\/en\/wp-json\/wp\/v2\/product"}],"about":[{"href":"https:\/\/gastora.eu\/en\/wp-json\/wp\/v2\/types\/product"}],"wp:featuredmedia":[{"embeddable":true,"href":"https:\/\/gastora.eu\/en\/wp-json\/wp\/v2\/media\/8969"}],"wp:attachment":[{"href":"https:\/\/gastora.eu\/en\/wp-json\/wp\/v2\/media?parent=15119"}],"wp:term":[{"taxonomy":"product_brand","embeddable":true,"href":"https:\/\/gastora.eu\/en\/wp-json\/wp\/v2\/product_brand?post=15119"},{"taxonomy":"product_cat","embeddable":true,"href":"https:\/\/gastora.eu\/en\/wp-json\/wp\/v2\/product_cat?post=15119"},{"taxonomy":"product_tag","embeddable":true,"href":"https:\/\/gastora.eu\/en\/wp-json\/wp\/v2\/product_tag?post=15119"}],"curies":[{"name":"wp","href":"https:\/\/api.w.org\/{rel}","templated":true}]}}