{"id":15117,"date":"2026-04-26T08:51:32","date_gmt":"2026-04-26T08:51:32","guid":{"rendered":"https:\/\/gastora.eu\/?post_type=product&#038;p=15117"},"modified":"2026-04-26T08:51:32","modified_gmt":"2026-04-26T08:51:32","slug":"machine-granit-slush-1x-12-l-affichage-numrique","status":"publish","type":"product","link":"https:\/\/gastora.eu\/en\/product\/machine-granit-slush-1x-12-l-affichage-numrique\/","title":{"rendered":"Machine \u00e0 granit\u00e9 &#038; slush &#8211; 1x 12 L &#8211; affichage num\u00e9rique"},"content":{"rendered":"<p>Rafra\u00eechir avec style. Cette \u00e9l\u00e9gante machine \u00e0 granit\u00e9 avec un r\u00e9servoir de 12 litres allie puissance, facilit\u00e9 d&#8217;utilisation et technologie intelligente. Le panneau de commande num\u00e9rique vous permet de r\u00e9gler la texture et la temp\u00e9rature avec pr\u00e9cision. Que vous souhaitiez servir un granit\u00e9 ou un jus de fruits frais, cette machine \u00e0 granit\u00e9 offre les bons r\u00e9glages et les bonnes performances, m\u00eame par temps chaud.<\/p>\n<h2>\u00c9cran num\u00e9rique facile \u00e0 utiliser<\/h2>\n<p>L&#8217;\u00e9cran num\u00e9rique vous permet de s\u00e9lectionner le mode souhait\u00e9 : &#8220;ICE&#8221; (pour les granit\u00e9s), &#8220;COOL&#8221; (pour les boissons fra\u00eeches), &#8220;CLN&#8221; (pour le nettoyage de la machine \u00e0 granit\u00e9s) et &#8220;STOP&#8221;. En mode &#8220;ICE&#8221;, r\u00e9glez l&#8217;\u00e9paisseur de la mousse \u00e0 l&#8217;aide des boutons plus et moins. Vous avez le choix entre sept niveaux d&#8217;\u00e9paisseur, de la mousse liquide \u00e0 la mousse ferme (-2 \u00e0 -12\u00b0C). En mode &#8220;COOL&#8221;, utilisez les m\u00eames boutons pour r\u00e9gler la temp\u00e9rature (1 &#8211; 10\u00b0C). L&#8217;appareil passe automatiquement en mode r\u00e9g\u00e9n\u00e9ration \u00e0 des temp\u00e9ratures inf\u00e9rieures \u00e0 0\u00b0C pour des performances optimales. L&#8217;\u00e9cran se bloque au bout d&#8217;une minute et peut \u00eatre r\u00e9activ\u00e9 en appuyant sur le bouton d&#8217;\u00e9clairage pendant trois secondes. Vous pouvez choisir parmi 63 couleurs d&#8217;\u00e9clairage de r\u00e9servoir, donc une couleur pour chaque occasion.<\/p>\n<h2>S\u00fbr, silencieux et polyvalent<\/h2>\n<p>La machine convient \u00e0 une utilisation en int\u00e9rieur (temp\u00e9rature ambiante jusqu&#8217;\u00e0 32\u00b0C) et en ext\u00e9rieur (temp\u00e9rature ambiante jusqu&#8217;\u00e0 43\u00b0C). Avec un r\u00e9servoir de 12 litres et un niveau sonore inf\u00e9rieur \u00e0 60 dB, ce mod\u00e8le est id\u00e9al pour l&#8217;h\u00f4tellerie, les \u00e9v\u00e9nements et les food trucks. Ses pieds r\u00e9glables lui permettent de rester stable sur n&#8217;importe quelle surface. Important : utilisez toujours un produit contenant au moins 20 \u00e0 30 % de sucre et n&#8217;utilisez jamais de l&#8217;eau seule. Vous \u00e9viterez ainsi d&#8217;endommager le syst\u00e8me de refroidissement et vous obtiendrez la bonne texture.<\/p>\n<h2>Programme de nettoyage intelligent<\/h2>\n<p>La machine \u00e0 granul\u00e9s est dot\u00e9e d&#8217;un programme de nettoyage int\u00e9gr\u00e9. Commencez par vider le r\u00e9servoir, puis remplissez-le d&#8217;eau chaude propre et d&#8217;un d\u00e9tergent doux (ne d\u00e9passez pas la ligne maximale). S\u00e9lectionnez le programme de nettoyage sur l&#8217;\u00e9cran. L&#8217;appareil \u00e0 granit\u00e9s arr\u00eate de refroidir tandis que le syst\u00e8me de m\u00e9lange continue de fonctionner. Cela permet de d\u00e9coller les \u00e9ventuels r\u00e9sidus. Videz le r\u00e9servoir, remplissez-le d&#8217;eau ti\u00e8de uniquement, laissez le m\u00e9langeur fonctionner \u00e0 nouveau et videz-le \u00e0 nouveau. Retirez le r\u00e9servoir de la machine et d\u00e9tachez le robinet. Desserrez le syst\u00e8me de m\u00e9lange et toutes les pi\u00e8ces amovibles. Nettoyez ces pi\u00e8ces \u00e0 l&#8217;eau chaude savonneuse. Essuyez le syst\u00e8me de m\u00e9lange avec un chiffon humide. S\u00e9chez bien toutes les pi\u00e8ces et lubrifiez les joints avec de la vaseline alimentaire. Remontez l&#8217;appareil. Retirez le bac de r\u00e9cup\u00e9ration et le filtre, nettoyez-les et remettez-les en place.<\/p>\n<p>Commandez d\u00e8s aujourd&#8217;hui votre machine \u00e0 granul\u00e9s Maxima professionnelle et servez des boissons parfaitement fra\u00eeches et des granul\u00e9s color\u00e9s en un rien de temps.<\/p>\n<p><strong>Caract\u00e9ristiques<\/strong><\/p>\n<ul>\n<li>r\u00e9servoir d&#8217;une capacit\u00e9 de 12 litres<\/li>\n<li>Commandes num\u00e9riques avec boutons simples<\/li>\n<li>Verrouillage automatique de l&#8217;\u00e9cran<\/li>\n<li>Robinet avec poign\u00e9e, bac de r\u00e9cup\u00e9ration et pieds r\u00e9glables<\/li>\n<li>Mode de r\u00e9g\u00e9n\u00e9ration pour la r\u00e9frig\u00e9ration en dessous de 0\u00b0C<\/li>\n<\/ul>\n<p><strong>Caract\u00e9ristiques du produit<\/strong><\/p>\n<ul>\n<li>Poids net : 35 kg<\/li>\n<li>Capacit\u00e9 : 12L<\/li>\n<li>Dimensions de la machine : L26 x P60 x H94cm<\/li>\n<li>230V \/ 50Hz \/ 1 Phase \/ 435W<\/li>\n<\/ul>\n<p><em>Inclus dans le prix<\/em><\/p>\n<ul>\n<li><em>Jeu de pi\u00e8ces d\u00e9tach\u00e9es (joints et bagues en caoutchouc)<\/em><\/li>\n<\/ul>","protected":false},"excerpt":{"rendered":"<p>Machine \u00e0 granit\u00e9 professionnelle d&#8217;une capacit\u00e9 de 12 litres pour granit\u00e9s et boissons fra\u00eeches. Silencieuse, puissante et facile \u00e0 nettoyer. Convient \u00e0 une utilisation int\u00e9rieure et ext\u00e9rieure et est tr\u00e8s simple \u00e0 utiliser. Disponible en trois mod\u00e8les, avec 63 couleurs d&#8217;\u00e9clairage de r\u00e9servoir et sept niveaux d&#8217;\u00e9paisseur.<\/p>","protected":false},"featured_media":8965,"template":"","meta":{"_acf_changed":false},"product_brand":[],"product_cat":[24],"product_tag":[],"class_list":{"0":"post-15117","1":"product","2":"type-product","3":"status-publish","4":"has-post-thumbnail","6":"product_cat-froid","8":"first","9":"instock","10":"sale","11":"taxable","12":"shipping-taxable","13":"purchasable","14":"product-type-simple"},"acf":[],"yoast_head":"<!-- This site is optimized with the Yoast SEO plugin v27.4 - https:\/\/yoast.com\/product\/yoast-seo-wordpress\/ -->\n<title>Machine \u00e0 granit\u00e9 &amp; slush - 1x 12 L - affichage num\u00e9rique - Gastora<\/title>\n<meta name=\"description\" content=\"Achetez Machine \u00e0 granit\u00e9 &amp; slush - 1x 12 L - affichage num\u00e9rique au meilleur prix, fiable et performant avec une livraison rapide\" \/>\n<meta name=\"robots\" content=\"index, follow, max-snippet:-1, max-image-preview:large, max-video-preview:-1\" \/>\n<link rel=\"canonical\" href=\"https:\/\/gastora.eu\/en\/product\/machine-granit-slush-1x-12-l-affichage-numrique\/\" \/>\n<meta property=\"og:locale\" content=\"en_US\" \/>\n<meta property=\"og:type\" content=\"article\" \/>\n<meta property=\"og:title\" content=\"Machine \u00e0 granit\u00e9 &amp; slush - 1x 12 L - affichage num\u00e9rique - Gastora\" \/>\n<meta property=\"og:description\" content=\"Achetez Machine \u00e0 granit\u00e9 &amp; slush - 1x 12 L - affichage num\u00e9rique au meilleur prix, fiable et performant avec une livraison rapide\" \/>\n<meta property=\"og:url\" content=\"https:\/\/gastora.eu\/en\/product\/machine-granit-slush-1x-12-l-affichage-numrique\/\" \/>\n<meta property=\"og:site_name\" content=\"Gastora\" \/>\n<meta name=\"twitter:card\" content=\"summary_large_image\" \/>\n<meta name=\"twitter:label1\" content=\"Est. reading time\" \/>\n\t<meta name=\"twitter:data1\" content=\"3 minutes\" \/>\n<script type=\"application\/ld+json\" class=\"yoast-schema-graph\">{\"@context\":\"https:\\\/\\\/schema.org\",\"@graph\":[{\"@type\":\"WebPage\",\"@id\":\"https:\\\/\\\/gastora.eu\\\/product\\\/machine-granit-slush-1x-12-l-affichage-numrique\\\/\",\"url\":\"https:\\\/\\\/gastora.eu\\\/product\\\/machine-granit-slush-1x-12-l-affichage-numrique\\\/\",\"name\":\"Machine \u00e0 granit\u00e9 & slush - 1x 12 L - affichage num\u00e9rique - Gastora\",\"isPartOf\":{\"@id\":\"https:\\\/\\\/gastora.eu\\\/#website\"},\"primaryImageOfPage\":{\"@id\":\"https:\\\/\\\/gastora.eu\\\/product\\\/machine-granit-slush-1x-12-l-affichage-numrique\\\/#primaryimage\"},\"image\":{\"@id\":\"https:\\\/\\\/gastora.eu\\\/product\\\/machine-granit-slush-1x-12-l-affichage-numrique\\\/#primaryimage\"},\"thumbnailUrl\":\"https:\\\/\\\/gastora.eu\\\/wp-content\\\/uploads\\\/2026\\\/04\\\/260106_09504004_img_001.jpg\",\"datePublished\":\"2026-04-26T08:51:32+00:00\",\"description\":\"Achetez Machine \u00e0 granit\u00e9 & slush - 1x 12 L - affichage num\u00e9rique au meilleur prix, fiable et performant avec une livraison rapide\",\"breadcrumb\":{\"@id\":\"https:\\\/\\\/gastora.eu\\\/product\\\/machine-granit-slush-1x-12-l-affichage-numrique\\\/#breadcrumb\"},\"inLanguage\":\"en-US\",\"potentialAction\":[{\"@type\":\"ReadAction\",\"target\":[\"https:\\\/\\\/gastora.eu\\\/product\\\/machine-granit-slush-1x-12-l-affichage-numrique\\\/\"]}]},{\"@type\":\"ImageObject\",\"inLanguage\":\"en-US\",\"@id\":\"https:\\\/\\\/gastora.eu\\\/product\\\/machine-granit-slush-1x-12-l-affichage-numrique\\\/#primaryimage\",\"url\":\"https:\\\/\\\/gastora.eu\\\/wp-content\\\/uploads\\\/2026\\\/04\\\/260106_09504004_img_001.jpg\",\"contentUrl\":\"https:\\\/\\\/gastora.eu\\\/wp-content\\\/uploads\\\/2026\\\/04\\\/260106_09504004_img_001.jpg\",\"width\":1200,\"height\":1200},{\"@type\":\"BreadcrumbList\",\"@id\":\"https:\\\/\\\/gastora.eu\\\/product\\\/machine-granit-slush-1x-12-l-affichage-numrique\\\/#breadcrumb\",\"itemListElement\":[{\"@type\":\"ListItem\",\"position\":1,\"name\":\"Home\",\"item\":\"https:\\\/\\\/gastora.eu\\\/\"},{\"@type\":\"ListItem\",\"position\":2,\"name\":\"Shop\",\"item\":\"https:\\\/\\\/gastora.eu\\\/shop\\\/\"},{\"@type\":\"ListItem\",\"position\":3,\"name\":\"Machine \u00e0 granit\u00e9 &#038; slush &#8211; 1x 12 L &#8211; affichage num\u00e9rique\"}]},{\"@type\":\"WebSite\",\"@id\":\"https:\\\/\\\/gastora.eu\\\/#website\",\"url\":\"https:\\\/\\\/gastora.eu\\\/\",\"name\":\"Gastora\",\"description\":\"\u00c9quipements professionnels CHR\",\"publisher\":{\"@id\":\"https:\\\/\\\/gastora.eu\\\/#organization\"},\"potentialAction\":[{\"@type\":\"SearchAction\",\"target\":{\"@type\":\"EntryPoint\",\"urlTemplate\":\"https:\\\/\\\/gastora.eu\\\/?s={search_term_string}\"},\"query-input\":{\"@type\":\"PropertyValueSpecification\",\"valueRequired\":true,\"valueName\":\"search_term_string\"}}],\"inLanguage\":\"en-US\"},{\"@type\":\"Organization\",\"@id\":\"https:\\\/\\\/gastora.eu\\\/#organization\",\"name\":\"Gastora\",\"url\":\"https:\\\/\\\/gastora.eu\\\/\",\"logo\":{\"@type\":\"ImageObject\",\"inLanguage\":\"en-US\",\"@id\":\"https:\\\/\\\/gastora.eu\\\/#\\\/schema\\\/logo\\\/image\\\/\",\"url\":\"https:\\\/\\\/gastora.eu\\\/wp-content\\\/uploads\\\/2025\\\/12\\\/ChatGPT-Image-2-janv.-2026-22_52_47-1.png\",\"contentUrl\":\"https:\\\/\\\/gastora.eu\\\/wp-content\\\/uploads\\\/2025\\\/12\\\/ChatGPT-Image-2-janv.-2026-22_52_47-1.png\",\"width\":1536,\"height\":320,\"caption\":\"Gastora\"},\"image\":{\"@id\":\"https:\\\/\\\/gastora.eu\\\/#\\\/schema\\\/logo\\\/image\\\/\"}}]}<\/script>\n<!-- \/ Yoast SEO plugin. -->","yoast_head_json":{"title":"Machine \u00e0 granit\u00e9 & slush - 1x 12 L - affichage num\u00e9rique - Gastora","description":"Achetez Machine \u00e0 granit\u00e9 & slush - 1x 12 L - affichage num\u00e9rique au meilleur prix, fiable et performant avec une livraison rapide","robots":{"index":"index","follow":"follow","max-snippet":"max-snippet:-1","max-image-preview":"max-image-preview:large","max-video-preview":"max-video-preview:-1"},"canonical":"https:\/\/gastora.eu\/en\/product\/machine-granit-slush-1x-12-l-affichage-numrique\/","og_locale":"en_US","og_type":"article","og_title":"Machine \u00e0 granit\u00e9 & slush - 1x 12 L - affichage num\u00e9rique - Gastora","og_description":"Achetez Machine \u00e0 granit\u00e9 & slush - 1x 12 L - affichage num\u00e9rique au meilleur prix, fiable et performant avec une livraison rapide","og_url":"https:\/\/gastora.eu\/en\/product\/machine-granit-slush-1x-12-l-affichage-numrique\/","og_site_name":"Gastora","twitter_card":"summary_large_image","twitter_misc":{"Est. reading time":"3 minutes"},"schema":{"@context":"https:\/\/schema.org","@graph":[{"@type":"WebPage","@id":"https:\/\/gastora.eu\/product\/machine-granit-slush-1x-12-l-affichage-numrique\/","url":"https:\/\/gastora.eu\/product\/machine-granit-slush-1x-12-l-affichage-numrique\/","name":"Machine \u00e0 granit\u00e9 & slush - 1x 12 L - affichage num\u00e9rique - Gastora","isPartOf":{"@id":"https:\/\/gastora.eu\/#website"},"primaryImageOfPage":{"@id":"https:\/\/gastora.eu\/product\/machine-granit-slush-1x-12-l-affichage-numrique\/#primaryimage"},"image":{"@id":"https:\/\/gastora.eu\/product\/machine-granit-slush-1x-12-l-affichage-numrique\/#primaryimage"},"thumbnailUrl":"https:\/\/gastora.eu\/wp-content\/uploads\/2026\/04\/260106_09504004_img_001.jpg","datePublished":"2026-04-26T08:51:32+00:00","description":"Achetez Machine \u00e0 granit\u00e9 & slush - 1x 12 L - affichage num\u00e9rique au meilleur prix, fiable et performant avec une livraison rapide","breadcrumb":{"@id":"https:\/\/gastora.eu\/product\/machine-granit-slush-1x-12-l-affichage-numrique\/#breadcrumb"},"inLanguage":"en-US","potentialAction":[{"@type":"ReadAction","target":["https:\/\/gastora.eu\/product\/machine-granit-slush-1x-12-l-affichage-numrique\/"]}]},{"@type":"ImageObject","inLanguage":"en-US","@id":"https:\/\/gastora.eu\/product\/machine-granit-slush-1x-12-l-affichage-numrique\/#primaryimage","url":"https:\/\/gastora.eu\/wp-content\/uploads\/2026\/04\/260106_09504004_img_001.jpg","contentUrl":"https:\/\/gastora.eu\/wp-content\/uploads\/2026\/04\/260106_09504004_img_001.jpg","width":1200,"height":1200},{"@type":"BreadcrumbList","@id":"https:\/\/gastora.eu\/product\/machine-granit-slush-1x-12-l-affichage-numrique\/#breadcrumb","itemListElement":[{"@type":"ListItem","position":1,"name":"Home","item":"https:\/\/gastora.eu\/"},{"@type":"ListItem","position":2,"name":"Shop","item":"https:\/\/gastora.eu\/shop\/"},{"@type":"ListItem","position":3,"name":"Machine \u00e0 granit\u00e9 &#038; slush &#8211; 1x 12 L &#8211; affichage num\u00e9rique"}]},{"@type":"WebSite","@id":"https:\/\/gastora.eu\/#website","url":"https:\/\/gastora.eu\/","name":"Gastora","description":"\u00c9quipements professionnels CHR","publisher":{"@id":"https:\/\/gastora.eu\/#organization"},"potentialAction":[{"@type":"SearchAction","target":{"@type":"EntryPoint","urlTemplate":"https:\/\/gastora.eu\/?s={search_term_string}"},"query-input":{"@type":"PropertyValueSpecification","valueRequired":true,"valueName":"search_term_string"}}],"inLanguage":"en-US"},{"@type":"Organization","@id":"https:\/\/gastora.eu\/#organization","name":"Gastora","url":"https:\/\/gastora.eu\/","logo":{"@type":"ImageObject","inLanguage":"en-US","@id":"https:\/\/gastora.eu\/#\/schema\/logo\/image\/","url":"https:\/\/gastora.eu\/wp-content\/uploads\/2025\/12\/ChatGPT-Image-2-janv.-2026-22_52_47-1.png","contentUrl":"https:\/\/gastora.eu\/wp-content\/uploads\/2025\/12\/ChatGPT-Image-2-janv.-2026-22_52_47-1.png","width":1536,"height":320,"caption":"Gastora"},"image":{"@id":"https:\/\/gastora.eu\/#\/schema\/logo\/image\/"}}]}},"jetpack_sharing_enabled":true,"_links":{"self":[{"href":"https:\/\/gastora.eu\/en\/wp-json\/wp\/v2\/product\/15117","targetHints":{"allow":["GET"]}}],"collection":[{"href":"https:\/\/gastora.eu\/en\/wp-json\/wp\/v2\/product"}],"about":[{"href":"https:\/\/gastora.eu\/en\/wp-json\/wp\/v2\/types\/product"}],"wp:featuredmedia":[{"embeddable":true,"href":"https:\/\/gastora.eu\/en\/wp-json\/wp\/v2\/media\/8965"}],"wp:attachment":[{"href":"https:\/\/gastora.eu\/en\/wp-json\/wp\/v2\/media?parent=15117"}],"wp:term":[{"taxonomy":"product_brand","embeddable":true,"href":"https:\/\/gastora.eu\/en\/wp-json\/wp\/v2\/product_brand?post=15117"},{"taxonomy":"product_cat","embeddable":true,"href":"https:\/\/gastora.eu\/en\/wp-json\/wp\/v2\/product_cat?post=15117"},{"taxonomy":"product_tag","embeddable":true,"href":"https:\/\/gastora.eu\/en\/wp-json\/wp\/v2\/product_tag?post=15117"}],"curies":[{"name":"wp","href":"https:\/\/api.w.org\/{rel}","templated":true}]}}