{"id":15116,"date":"2026-04-26T08:51:31","date_gmt":"2026-04-26T08:51:31","guid":{"rendered":"https:\/\/gastora.eu\/?post_type=product&#038;p=15116"},"modified":"2026-04-28T16:57:50","modified_gmt":"2026-04-28T16:57:50","slug":"marmite-soupe-13-l-pot-intrieur-amovible-avec-couvercle-intgr-et-encoche-pour-louche","status":"publish","type":"product","link":"https:\/\/gastora.eu\/en\/product\/marmite-soupe-13-l-pot-intrieur-amovible-avec-couvercle-intgr-et-encoche-pour-louche\/","title":{"rendered":"Marmite \u00e0 soupe \u2013 13 L \u2013 Pot int\u00e9rieur amovible \u2013 avec couvercle int\u00e9gr\u00e9 et encoche pour louche"},"content":{"rendered":"<p>Cette marmite noire allie un design classique \u00e0 une fonctionnalit\u00e9 pratique pour un usage quotidien dans le secteur de la restauration. Gr\u00e2ce au clapet int\u00e9gr\u00e9 dans le couvercle, il n&#8217;est pas n\u00e9cessaire d&#8217;enlever tout le couvercle pour servir la soupe. Sa capacit\u00e9 g\u00e9n\u00e9reuse de 13 litres en fait l&#8217;outil id\u00e9al pour les buffets, les services de restauration ou les stations de service o\u00f9 la rapidit\u00e9 et la pr\u00e9sentation sont essentielles.<\/p>\n<h2>Con\u00e7ue pour une utilisation intensive et une facilit\u00e9 d&#8217;utilisation intelligente<\/h2>\n<p>La marmite \u00e0 soupe est dot\u00e9e d&#8217;un rev\u00eatement ext\u00e9rieur robuste en aluminium noir qui r\u00e9siste aux chocs et \u00e0 une utilisation intensive. Le r\u00e9cipient int\u00e9rieur est enti\u00e8rement en acier inoxydable, ce qui le rend facile \u00e0 nettoyer. Il suffit de remplir le socle d&#8217;eau jusqu&#8217;\u00e0 la ligne maximale indiqu\u00e9e, de le brancher et de r\u00e9gler la temp\u00e9rature souhait\u00e9e en tournant le bouton de commande sur le r\u00e9glage d\u00e9sir\u00e9 (12 niveaux). Le voyant lumineux indique que le chauffage est actif. Une fois la temp\u00e9rature r\u00e9gl\u00e9e atteinte, replacez le r\u00e9cipient int\u00e9rieur rempli. Gr\u00e2ce au syst\u00e8me de bain-marie, votre soupe reste parfaitement chaude sans risque de br\u00fblure.<\/p>\n<h2>Un couvercle intelligent pour un service efficace<\/h2>\n<p>Le couvercle pratique est dot\u00e9 d&#8217;un rabat int\u00e9gr\u00e9 avec une cavit\u00e9 pour la cuill\u00e8re, ce qui vous \u00e9vite de soulever le couvercle entier \u00e0 chaque fois. Id\u00e9al pour les buffets en libre-service ou lorsque la rapidit\u00e9 est importante. Le clapet se ferme solidement pour conserver la chaleur et permet de servir d&#8217;une seule main. Les pieds en caoutchouc maintiennent la bouilloire stable, m\u00eame sur des surfaces lisses.<\/p>\n<h2>Facile \u00e0 entretenir et con\u00e7ue pour un usage intensif<\/h2>\n<p>Le bo\u00eetier en aluminium noir est durable et facile \u00e0 nettoyer avec un chiffon humide. Le r\u00e9cipient int\u00e9rieur amovible en acier inoxydable se nettoie facilement avec de l&#8217;eau chaude et un d\u00e9tergent doux. Le couvercle \u00e0 clapet int\u00e9gr\u00e9 se nettoie \u00e9galement rapidement, de sorte que la marmite est \u00e0 nouveau pr\u00eate \u00e0 l&#8217;emploi en un rien de temps. Nous recommandons de d\u00e9tartrer r\u00e9guli\u00e8rement la marmite pour qu&#8217;elle reste en parfait \u00e9tat.<\/p>\n<p>Optez pour cette marmite \u00e0 soupe de 13 litres avec couvercle intelligent. Cette marmite est pratique, \u00e9l\u00e9gante et con\u00e7ue pour une utilisation quotidienne dans la restauration professionnelle.<\/p>\n<p><strong>Caract\u00e9ristiques<\/strong><\/p>\n<ul>\n<li>Bouilloire en aluminium noir, 13 litres<\/li>\n<li>Cuve int\u00e9rieure amovible en acier inoxydable<\/li>\n<li>Thermostat r\u00e9glable : 20\u00b0C \u00e0 90\u00b0C (en 12 \u00e9tapes)<\/li>\n<li>Couvercle avec rabat int\u00e9gr\u00e9 et cavit\u00e9 pour la cuill\u00e8re<\/li>\n<li>Pieds antid\u00e9rapants en caoutchouc pour \u00e9viter les glissements<\/li>\n<li>Chauffage au bain-marie<\/li>\n<\/ul>\n<p><strong>Caract\u00e9ristiques du produit<\/strong><\/p>\n<ul>\n<li>Poids net : 5,7 kg<\/li>\n<li>Capacit\u00e9 : 13 litres<\/li>\n<li>Dimensions de la machine : L39 x P39 x H35cm<\/li>\n<li>Dimensions du pot int\u00e9rieur : \u00d8 28 x H21cm<\/li>\n<li>230V \/ 50Hz \/ 1 Phase 650W<\/li>\n<\/ul>\n<p><em>Y compris<\/em><\/p>\n<ul>\n<li><em>Pot int\u00e9rieur en acier inoxydable<\/em><\/li>\n<li><em>Etiquettes magn\u00e9tiques<\/em><\/li>\n<li><em>Couvercle<\/em><\/li>\n<\/ul>","protected":false},"excerpt":{"rendered":"<p>Cette marmite \u00e0 soupe professionnelle de 13 litres est dot\u00e9e d&#8217;un bo\u00eetier en aluminium \u00e0 rev\u00eatement noir, d&#8217;un pot int\u00e9rieur amovible en acier inoxydable et d&#8217;un couvercle intelligent avec rabat int\u00e9gr\u00e9. Elle dispose d&#8217;un emplacement pratique pour la cuill\u00e8re et vous pouvez utiliser les \u00e9tiquettes magn\u00e9tiques fournies. Elle est parfaite pour le self-service et le remplissage rapide dans tous les lieux d&#8217;accueil.<\/p>","protected":false},"featured_media":8963,"template":"","meta":{"_acf_changed":false},"product_brand":[],"product_cat":[54],"product_tag":[],"class_list":{"0":"post-15116","1":"product","2":"type-product","3":"status-publish","4":"has-post-thumbnail","6":"product_cat-chaud","8":"first","9":"instock","10":"sale","11":"taxable","12":"shipping-taxable","13":"purchasable","14":"product-type-simple"},"acf":[],"yoast_head":"<!-- This site is optimized with the Yoast SEO plugin v27.5 - https:\/\/yoast.com\/product\/yoast-seo-wordpress\/ -->\n<title>Marmite \u00e0 soupe \u2013 13 L \u2013 Pot int\u00e9rieur amovible \u2013 avec couvercle int\u00e9gr\u00e9 et encoche pour louche - Gastora<\/title>\n<meta name=\"description\" content=\"Achetez Marmite \u00e0 soupe \u2013 13 L \u2013 Pot int\u00e9rieur amovible \u2013 avec couvercle int\u00e9gr\u00e9 et encoche pour louche au meilleur prix, fiable et performant avec une livraison rapide\" \/>\n<meta name=\"robots\" content=\"index, follow, max-snippet:-1, max-image-preview:large, max-video-preview:-1\" \/>\n<link rel=\"canonical\" href=\"https:\/\/gastora.eu\/en\/product\/marmite-soupe-13-l-pot-intrieur-amovible-avec-couvercle-intgr-et-encoche-pour-louche\/\" \/>\n<meta property=\"og:locale\" content=\"en_US\" \/>\n<meta property=\"og:type\" content=\"article\" \/>\n<meta property=\"og:title\" content=\"Marmite \u00e0 soupe \u2013 13 L \u2013 Pot int\u00e9rieur amovible \u2013 avec couvercle int\u00e9gr\u00e9 et encoche pour louche - Gastora\" \/>\n<meta property=\"og:description\" content=\"Achetez Marmite \u00e0 soupe \u2013 13 L \u2013 Pot int\u00e9rieur amovible \u2013 avec couvercle int\u00e9gr\u00e9 et encoche pour louche au meilleur prix, fiable et performant avec une livraison rapide\" \/>\n<meta property=\"og:url\" content=\"https:\/\/gastora.eu\/en\/product\/marmite-soupe-13-l-pot-intrieur-amovible-avec-couvercle-intgr-et-encoche-pour-louche\/\" \/>\n<meta property=\"og:site_name\" content=\"Gastora\" \/>\n<meta property=\"article:modified_time\" content=\"2026-04-28T16:57:50+00:00\" \/>\n<meta name=\"twitter:card\" content=\"summary_large_image\" \/>\n<meta name=\"twitter:label1\" content=\"Est. reading time\" \/>\n\t<meta name=\"twitter:data1\" content=\"2 minutes\" \/>\n<script type=\"application\/ld+json\" class=\"yoast-schema-graph\">{\"@context\":\"https:\\\/\\\/schema.org\",\"@graph\":[{\"@type\":\"WebPage\",\"@id\":\"https:\\\/\\\/gastora.eu\\\/product\\\/marmite-soupe-13-l-pot-intrieur-amovible-avec-couvercle-intgr-et-encoche-pour-louche\\\/\",\"url\":\"https:\\\/\\\/gastora.eu\\\/product\\\/marmite-soupe-13-l-pot-intrieur-amovible-avec-couvercle-intgr-et-encoche-pour-louche\\\/\",\"name\":\"Marmite \u00e0 soupe \u2013 13 L \u2013 Pot int\u00e9rieur amovible \u2013 avec couvercle int\u00e9gr\u00e9 et encoche pour louche - Gastora\",\"isPartOf\":{\"@id\":\"https:\\\/\\\/gastora.eu\\\/#website\"},\"primaryImageOfPage\":{\"@id\":\"https:\\\/\\\/gastora.eu\\\/product\\\/marmite-soupe-13-l-pot-intrieur-amovible-avec-couvercle-intgr-et-encoche-pour-louche\\\/#primaryimage\"},\"image\":{\"@id\":\"https:\\\/\\\/gastora.eu\\\/product\\\/marmite-soupe-13-l-pot-intrieur-amovible-avec-couvercle-intgr-et-encoche-pour-louche\\\/#primaryimage\"},\"thumbnailUrl\":\"https:\\\/\\\/gastora.eu\\\/wp-content\\\/uploads\\\/2026\\\/04\\\/251125_09306150_img_002.jpg\",\"datePublished\":\"2026-04-26T08:51:31+00:00\",\"dateModified\":\"2026-04-28T16:57:50+00:00\",\"description\":\"Achetez Marmite \u00e0 soupe \u2013 13 L \u2013 Pot int\u00e9rieur amovible \u2013 avec couvercle int\u00e9gr\u00e9 et encoche pour louche au meilleur prix, fiable et performant avec une livraison rapide\",\"breadcrumb\":{\"@id\":\"https:\\\/\\\/gastora.eu\\\/product\\\/marmite-soupe-13-l-pot-intrieur-amovible-avec-couvercle-intgr-et-encoche-pour-louche\\\/#breadcrumb\"},\"inLanguage\":\"en-US\",\"potentialAction\":[{\"@type\":\"ReadAction\",\"target\":[\"https:\\\/\\\/gastora.eu\\\/product\\\/marmite-soupe-13-l-pot-intrieur-amovible-avec-couvercle-intgr-et-encoche-pour-louche\\\/\"]}]},{\"@type\":\"ImageObject\",\"inLanguage\":\"en-US\",\"@id\":\"https:\\\/\\\/gastora.eu\\\/product\\\/marmite-soupe-13-l-pot-intrieur-amovible-avec-couvercle-intgr-et-encoche-pour-louche\\\/#primaryimage\",\"url\":\"https:\\\/\\\/gastora.eu\\\/wp-content\\\/uploads\\\/2026\\\/04\\\/251125_09306150_img_002.jpg\",\"contentUrl\":\"https:\\\/\\\/gastora.eu\\\/wp-content\\\/uploads\\\/2026\\\/04\\\/251125_09306150_img_002.jpg\",\"width\":1200,\"height\":1200},{\"@type\":\"BreadcrumbList\",\"@id\":\"https:\\\/\\\/gastora.eu\\\/product\\\/marmite-soupe-13-l-pot-intrieur-amovible-avec-couvercle-intgr-et-encoche-pour-louche\\\/#breadcrumb\",\"itemListElement\":[{\"@type\":\"ListItem\",\"position\":1,\"name\":\"Home\",\"item\":\"https:\\\/\\\/gastora.eu\\\/\"},{\"@type\":\"ListItem\",\"position\":2,\"name\":\"Shop\",\"item\":\"https:\\\/\\\/gastora.eu\\\/shop\\\/\"},{\"@type\":\"ListItem\",\"position\":3,\"name\":\"Marmite \u00e0 soupe \u2013 13 L \u2013 Pot int\u00e9rieur amovible \u2013 avec couvercle int\u00e9gr\u00e9 et encoche pour louche\"}]},{\"@type\":\"WebSite\",\"@id\":\"https:\\\/\\\/gastora.eu\\\/#website\",\"url\":\"https:\\\/\\\/gastora.eu\\\/\",\"name\":\"Gastora\",\"description\":\"\u00c9quipements professionnels CHR\",\"publisher\":{\"@id\":\"https:\\\/\\\/gastora.eu\\\/#organization\"},\"potentialAction\":[{\"@type\":\"SearchAction\",\"target\":{\"@type\":\"EntryPoint\",\"urlTemplate\":\"https:\\\/\\\/gastora.eu\\\/?s={search_term_string}\"},\"query-input\":{\"@type\":\"PropertyValueSpecification\",\"valueRequired\":true,\"valueName\":\"search_term_string\"}}],\"inLanguage\":\"en-US\"},{\"@type\":\"Organization\",\"@id\":\"https:\\\/\\\/gastora.eu\\\/#organization\",\"name\":\"Gastora\",\"url\":\"https:\\\/\\\/gastora.eu\\\/\",\"logo\":{\"@type\":\"ImageObject\",\"inLanguage\":\"en-US\",\"@id\":\"https:\\\/\\\/gastora.eu\\\/#\\\/schema\\\/logo\\\/image\\\/\",\"url\":\"https:\\\/\\\/gastora.eu\\\/wp-content\\\/uploads\\\/2025\\\/12\\\/ChatGPT-Image-2-janv.-2026-22_52_47-1.png\",\"contentUrl\":\"https:\\\/\\\/gastora.eu\\\/wp-content\\\/uploads\\\/2025\\\/12\\\/ChatGPT-Image-2-janv.-2026-22_52_47-1.png\",\"width\":1536,\"height\":320,\"caption\":\"Gastora\"},\"image\":{\"@id\":\"https:\\\/\\\/gastora.eu\\\/#\\\/schema\\\/logo\\\/image\\\/\"}}]}<\/script>\n<!-- \/ Yoast SEO plugin. -->","yoast_head_json":{"title":"Marmite \u00e0 soupe \u2013 13 L \u2013 Pot int\u00e9rieur amovible \u2013 avec couvercle int\u00e9gr\u00e9 et encoche pour louche - Gastora","description":"Achetez Marmite \u00e0 soupe \u2013 13 L \u2013 Pot int\u00e9rieur amovible \u2013 avec couvercle int\u00e9gr\u00e9 et encoche pour louche au meilleur prix, fiable et performant avec une livraison rapide","robots":{"index":"index","follow":"follow","max-snippet":"max-snippet:-1","max-image-preview":"max-image-preview:large","max-video-preview":"max-video-preview:-1"},"canonical":"https:\/\/gastora.eu\/en\/product\/marmite-soupe-13-l-pot-intrieur-amovible-avec-couvercle-intgr-et-encoche-pour-louche\/","og_locale":"en_US","og_type":"article","og_title":"Marmite \u00e0 soupe \u2013 13 L \u2013 Pot int\u00e9rieur amovible \u2013 avec couvercle int\u00e9gr\u00e9 et encoche pour louche - Gastora","og_description":"Achetez Marmite \u00e0 soupe \u2013 13 L \u2013 Pot int\u00e9rieur amovible \u2013 avec couvercle int\u00e9gr\u00e9 et encoche pour louche au meilleur prix, fiable et performant avec une livraison rapide","og_url":"https:\/\/gastora.eu\/en\/product\/marmite-soupe-13-l-pot-intrieur-amovible-avec-couvercle-intgr-et-encoche-pour-louche\/","og_site_name":"Gastora","article_modified_time":"2026-04-28T16:57:50+00:00","twitter_card":"summary_large_image","twitter_misc":{"Est. reading time":"2 minutes"},"schema":{"@context":"https:\/\/schema.org","@graph":[{"@type":"WebPage","@id":"https:\/\/gastora.eu\/product\/marmite-soupe-13-l-pot-intrieur-amovible-avec-couvercle-intgr-et-encoche-pour-louche\/","url":"https:\/\/gastora.eu\/product\/marmite-soupe-13-l-pot-intrieur-amovible-avec-couvercle-intgr-et-encoche-pour-louche\/","name":"Marmite \u00e0 soupe \u2013 13 L \u2013 Pot int\u00e9rieur amovible \u2013 avec couvercle int\u00e9gr\u00e9 et encoche pour louche - Gastora","isPartOf":{"@id":"https:\/\/gastora.eu\/#website"},"primaryImageOfPage":{"@id":"https:\/\/gastora.eu\/product\/marmite-soupe-13-l-pot-intrieur-amovible-avec-couvercle-intgr-et-encoche-pour-louche\/#primaryimage"},"image":{"@id":"https:\/\/gastora.eu\/product\/marmite-soupe-13-l-pot-intrieur-amovible-avec-couvercle-intgr-et-encoche-pour-louche\/#primaryimage"},"thumbnailUrl":"https:\/\/gastora.eu\/wp-content\/uploads\/2026\/04\/251125_09306150_img_002.jpg","datePublished":"2026-04-26T08:51:31+00:00","dateModified":"2026-04-28T16:57:50+00:00","description":"Achetez Marmite \u00e0 soupe \u2013 13 L \u2013 Pot int\u00e9rieur amovible \u2013 avec couvercle int\u00e9gr\u00e9 et encoche pour louche au meilleur prix, fiable et performant avec une livraison rapide","breadcrumb":{"@id":"https:\/\/gastora.eu\/product\/marmite-soupe-13-l-pot-intrieur-amovible-avec-couvercle-intgr-et-encoche-pour-louche\/#breadcrumb"},"inLanguage":"en-US","potentialAction":[{"@type":"ReadAction","target":["https:\/\/gastora.eu\/product\/marmite-soupe-13-l-pot-intrieur-amovible-avec-couvercle-intgr-et-encoche-pour-louche\/"]}]},{"@type":"ImageObject","inLanguage":"en-US","@id":"https:\/\/gastora.eu\/product\/marmite-soupe-13-l-pot-intrieur-amovible-avec-couvercle-intgr-et-encoche-pour-louche\/#primaryimage","url":"https:\/\/gastora.eu\/wp-content\/uploads\/2026\/04\/251125_09306150_img_002.jpg","contentUrl":"https:\/\/gastora.eu\/wp-content\/uploads\/2026\/04\/251125_09306150_img_002.jpg","width":1200,"height":1200},{"@type":"BreadcrumbList","@id":"https:\/\/gastora.eu\/product\/marmite-soupe-13-l-pot-intrieur-amovible-avec-couvercle-intgr-et-encoche-pour-louche\/#breadcrumb","itemListElement":[{"@type":"ListItem","position":1,"name":"Home","item":"https:\/\/gastora.eu\/"},{"@type":"ListItem","position":2,"name":"Shop","item":"https:\/\/gastora.eu\/shop\/"},{"@type":"ListItem","position":3,"name":"Marmite \u00e0 soupe \u2013 13 L \u2013 Pot int\u00e9rieur amovible \u2013 avec couvercle int\u00e9gr\u00e9 et encoche pour louche"}]},{"@type":"WebSite","@id":"https:\/\/gastora.eu\/#website","url":"https:\/\/gastora.eu\/","name":"Gastora","description":"\u00c9quipements professionnels CHR","publisher":{"@id":"https:\/\/gastora.eu\/#organization"},"potentialAction":[{"@type":"SearchAction","target":{"@type":"EntryPoint","urlTemplate":"https:\/\/gastora.eu\/?s={search_term_string}"},"query-input":{"@type":"PropertyValueSpecification","valueRequired":true,"valueName":"search_term_string"}}],"inLanguage":"en-US"},{"@type":"Organization","@id":"https:\/\/gastora.eu\/#organization","name":"Gastora","url":"https:\/\/gastora.eu\/","logo":{"@type":"ImageObject","inLanguage":"en-US","@id":"https:\/\/gastora.eu\/#\/schema\/logo\/image\/","url":"https:\/\/gastora.eu\/wp-content\/uploads\/2025\/12\/ChatGPT-Image-2-janv.-2026-22_52_47-1.png","contentUrl":"https:\/\/gastora.eu\/wp-content\/uploads\/2025\/12\/ChatGPT-Image-2-janv.-2026-22_52_47-1.png","width":1536,"height":320,"caption":"Gastora"},"image":{"@id":"https:\/\/gastora.eu\/#\/schema\/logo\/image\/"}}]}},"jetpack_sharing_enabled":true,"_links":{"self":[{"href":"https:\/\/gastora.eu\/en\/wp-json\/wp\/v2\/product\/15116","targetHints":{"allow":["GET"]}}],"collection":[{"href":"https:\/\/gastora.eu\/en\/wp-json\/wp\/v2\/product"}],"about":[{"href":"https:\/\/gastora.eu\/en\/wp-json\/wp\/v2\/types\/product"}],"wp:featuredmedia":[{"embeddable":true,"href":"https:\/\/gastora.eu\/en\/wp-json\/wp\/v2\/media\/8963"}],"wp:attachment":[{"href":"https:\/\/gastora.eu\/en\/wp-json\/wp\/v2\/media?parent=15116"}],"wp:term":[{"taxonomy":"product_brand","embeddable":true,"href":"https:\/\/gastora.eu\/en\/wp-json\/wp\/v2\/product_brand?post=15116"},{"taxonomy":"product_cat","embeddable":true,"href":"https:\/\/gastora.eu\/en\/wp-json\/wp\/v2\/product_cat?post=15116"},{"taxonomy":"product_tag","embeddable":true,"href":"https:\/\/gastora.eu\/en\/wp-json\/wp\/v2\/product_tag?post=15116"}],"curies":[{"name":"wp","href":"https:\/\/api.w.org\/{rel}","templated":true}]}}