{"id":15115,"date":"2026-04-26T08:51:30","date_gmt":"2026-04-26T08:51:30","guid":{"rendered":"https:\/\/gastora.eu\/?post_type=product&#038;p=15115"},"modified":"2026-04-28T16:57:50","modified_gmt":"2026-04-28T16:57:50","slug":"marmite-soupe-10-l-pot-intrieur-amovible-acier-inoxydable-avec-encoche-pour-louche","status":"publish","type":"product","link":"https:\/\/gastora.eu\/en\/product\/marmite-soupe-10-l-pot-intrieur-amovible-acier-inoxydable-avec-encoche-pour-louche\/","title":{"rendered":"Marmite \u00e0 soupe \u2013 10 L \u2013 pot int\u00e9rieur amovible \u2013 acier inoxydable \u2013 avec encoche pour louche"},"content":{"rendered":"<p>Dans une cuisine d&#8217;accueil moderne, chaque d\u00e9tail compte, de la pr\u00e9sentation \u00e0 l&#8217;hygi\u00e8ne en passant par la facilit\u00e9 de nettoyage. Cette marmite \u00e0 soupe enti\u00e8rement en acier inoxydable fait passer votre dispositif de maintien au chaud \u00e0 la vitesse sup\u00e9rieure. Fini le bo\u00eetier noir, place \u00e0 une finition \u00e9l\u00e9gante et durable qui inspire instantan\u00e9ment confiance \u00e0 vos convives. Avec une capacit\u00e9 de 10 litres, elle est parfaite pour les d\u00e9jeuners, les entr\u00e9es ou les buffets, toujours pr\u00eate \u00e0 servir.<\/p>\n<h2>Con\u00e7ue pour les cuisines professionnelles qui exigent la durabilit\u00e9<\/h2>\n<p>La bouilloire est enti\u00e8rement fabriqu\u00e9e en acier inoxydable, \u00e0 l&#8217;int\u00e9rieur comme \u00e0 l&#8217;ext\u00e9rieur. Elle r\u00e9siste ainsi \u00e0 une utilisation quotidienne intensive dans les lieux d&#8217;accueil. Sa construction solide la rend id\u00e9ale pour les cuisines o\u00f9 la rapidit\u00e9, la fiabilit\u00e9 et l&#8217;hygi\u00e8ne sont essentielles. Son fonctionnement est simple : remplissez le socle d&#8217;eau, branchez-le et r\u00e9glez la temp\u00e9rature souhait\u00e9e (de 1 \u00e0 12 niveaux). Une fois que la marmite \u00e0 soupe a atteint la bonne temp\u00e9rature, placez le pot int\u00e9rieur rempli de soupe ou de sauce chaude dans le socle. Votre plat reste parfaitement chaud sans risque de br\u00fblure.<\/p>\n<h2>Un accroche-regard \u00e9l\u00e9gant pour les buffets et le self-service<\/h2>\n<p>Le design \u00e9pur\u00e9 en acier inoxydable respire le professionnalisme et s&#8217;int\u00e8gre parfaitement \u00e0 tout buffet moderne. Que vous travailliez dans un h\u00f4tel, un caf\u00e9 ou une entreprise de restauration, cette marmite \u00e0 soupe allie facilit\u00e9 d&#8217;utilisation et attrait visuel. Le couvercle avec fente pour louche int\u00e9gr\u00e9e facilite le libre-service, tandis que les pieds en caoutchouc assurent la stabilit\u00e9 sur n&#8217;importe quelle surface. La marmite est \u00e9quip\u00e9e d&#8217;\u00e9tiquettes magn\u00e9tiques que vous pouvez placer au-dessus du logo.<\/p>\n<h2>Facile \u00e0 nettoyer tous les jours<\/h2>\n<p>Gr\u00e2ce aux surfaces lisses en acier inoxydable et au pot int\u00e9rieur amovible, le nettoyage est rapide et hygi\u00e9nique. L&#8217;ext\u00e9rieur peut \u00eatre nettoy\u00e9 \u00e0 l&#8217;aide d&#8217;un chiffon doux et humide. S\u00e9chez-le ensuite avec un chiffon doux pour pr\u00e9server l&#8217;\u00e9clat de l&#8217;acier inoxydable. Le pot int\u00e9rieur peut \u00eatre lav\u00e9 avec de l&#8217;eau chaude et un d\u00e9tergent doux. \u00c9vitez les produits de nettoyage agressifs ou les tampons \u00e0 r\u00e9curer qui pourraient provoquer des rayures. Votre bouilloire reste ainsi en parfait \u00e9tat, m\u00eame en cas d&#8217;utilisation intensive.<\/p>\n<p>Optez pour cette marmite \u00e0 soupe de 10 litres enti\u00e8rement en acier inoxydable et servez vos plats avec style, tout en b\u00e9n\u00e9ficiant d&#8217;une fiabilit\u00e9 maximale et d&#8217;un entretien facile.<\/p>\n<p><strong>Caract\u00e9ristiques<\/strong><\/p>\n<ul>\n<li>marmite \u00e0 soupe de 10 litres en acier inoxydable<\/li>\n<li>Pot int\u00e9rieur en acier inoxydable<\/li>\n<li>Thermostat r\u00e9glable : 20\u00b0C \u00e0 90\u00b0C (en 12 \u00e9tapes)<\/li>\n<li>Couvercle avec fente pour louche<\/li>\n<li>Pieds en caoutchouc pour \u00e9viter de glisser<\/li>\n<\/ul>\n<p><strong>Caract\u00e9ristiques du produit<\/strong><\/p>\n<ul>\n<li>Poids net : 4,8kg<\/li>\n<li>Capacit\u00e9 : 10L<\/li>\n<li>Dimensions de la machine : B35 x D37 x H36cm<\/li>\n<li>Dimensions du pot int\u00e9rieur : \u00d8 21 x H26cm<\/li>\n<li>230V \/ 50Hz \/ 1 Phase 435W<\/li>\n<\/ul>\n<p><em>Y compris<\/em><\/p>\n<ul>\n<li><em>Pot int\u00e9rieur en acier inoxydable<\/em><\/li>\n<li><em>Etiquettes magn\u00e9tiques<\/em><\/li>\n<li><em>Couvercle<\/em><\/li>\n<\/ul>","protected":false},"excerpt":{"rendered":"<p>Cette marmite \u00e0 soupe de 10 litres \u00e0 usage professionnel est compos\u00e9e d&#8217;un bo\u00eetier et d&#8217;une marmite int\u00e9rieure amovible enti\u00e8rement en acier inoxydable. Elle dispose d&#8217;un emplacement pratique pour la cuill\u00e8re et vous pouvez utiliser les \u00e9tiquettes magn\u00e9tiques incluses. Id\u00e9ale pour les buffets, la restauration et les cuisines professionnelles o\u00f9 l&#8217;hygi\u00e8ne et l&#8217;esth\u00e9tique vont de pair.<\/p>","protected":false},"featured_media":8961,"template":"","meta":{"_acf_changed":false},"product_brand":[],"product_cat":[54],"product_tag":[],"class_list":{"0":"post-15115","1":"product","2":"type-product","3":"status-publish","4":"has-post-thumbnail","6":"product_cat-chaud","8":"first","9":"instock","10":"sale","11":"taxable","12":"shipping-taxable","13":"purchasable","14":"product-type-simple"},"acf":[],"yoast_head":"<!-- This site is optimized with the Yoast SEO plugin v27.5 - https:\/\/yoast.com\/product\/yoast-seo-wordpress\/ -->\n<title>Marmite \u00e0 soupe \u2013 10 L \u2013 pot int\u00e9rieur amovible \u2013 acier inoxydable \u2013 avec encoche pour louche - Gastora<\/title>\n<meta name=\"description\" content=\"Achetez Marmite \u00e0 soupe \u2013 10 L \u2013 pot int\u00e9rieur amovible \u2013 acier inoxydable \u2013 avec encoche pour louche au meilleur prix, fiable et performant avec une livraison rapide\" \/>\n<meta name=\"robots\" content=\"index, follow, max-snippet:-1, max-image-preview:large, max-video-preview:-1\" \/>\n<link rel=\"canonical\" href=\"https:\/\/gastora.eu\/en\/product\/marmite-soupe-10-l-pot-intrieur-amovible-acier-inoxydable-avec-encoche-pour-louche\/\" \/>\n<meta property=\"og:locale\" content=\"en_US\" \/>\n<meta property=\"og:type\" content=\"article\" \/>\n<meta property=\"og:title\" content=\"Marmite \u00e0 soupe \u2013 10 L \u2013 pot int\u00e9rieur amovible \u2013 acier inoxydable \u2013 avec encoche pour louche - Gastora\" \/>\n<meta property=\"og:description\" content=\"Achetez Marmite \u00e0 soupe \u2013 10 L \u2013 pot int\u00e9rieur amovible \u2013 acier inoxydable \u2013 avec encoche pour louche au meilleur prix, fiable et performant avec une livraison rapide\" \/>\n<meta property=\"og:url\" content=\"https:\/\/gastora.eu\/en\/product\/marmite-soupe-10-l-pot-intrieur-amovible-acier-inoxydable-avec-encoche-pour-louche\/\" \/>\n<meta property=\"og:site_name\" content=\"Gastora\" \/>\n<meta property=\"article:modified_time\" content=\"2026-04-28T16:57:50+00:00\" \/>\n<meta name=\"twitter:card\" content=\"summary_large_image\" \/>\n<meta name=\"twitter:label1\" content=\"Est. reading time\" \/>\n\t<meta name=\"twitter:data1\" content=\"2 minutes\" \/>\n<script type=\"application\/ld+json\" class=\"yoast-schema-graph\">{\"@context\":\"https:\\\/\\\/schema.org\",\"@graph\":[{\"@type\":\"WebPage\",\"@id\":\"https:\\\/\\\/gastora.eu\\\/product\\\/marmite-soupe-10-l-pot-intrieur-amovible-acier-inoxydable-avec-encoche-pour-louche\\\/\",\"url\":\"https:\\\/\\\/gastora.eu\\\/product\\\/marmite-soupe-10-l-pot-intrieur-amovible-acier-inoxydable-avec-encoche-pour-louche\\\/\",\"name\":\"Marmite \u00e0 soupe \u2013 10 L \u2013 pot int\u00e9rieur amovible \u2013 acier inoxydable \u2013 avec encoche pour louche - Gastora\",\"isPartOf\":{\"@id\":\"https:\\\/\\\/gastora.eu\\\/#website\"},\"primaryImageOfPage\":{\"@id\":\"https:\\\/\\\/gastora.eu\\\/product\\\/marmite-soupe-10-l-pot-intrieur-amovible-acier-inoxydable-avec-encoche-pour-louche\\\/#primaryimage\"},\"image\":{\"@id\":\"https:\\\/\\\/gastora.eu\\\/product\\\/marmite-soupe-10-l-pot-intrieur-amovible-acier-inoxydable-avec-encoche-pour-louche\\\/#primaryimage\"},\"thumbnailUrl\":\"https:\\\/\\\/gastora.eu\\\/wp-content\\\/uploads\\\/2026\\\/04\\\/251125_09306100_img_002.jpg\",\"datePublished\":\"2026-04-26T08:51:30+00:00\",\"dateModified\":\"2026-04-28T16:57:50+00:00\",\"description\":\"Achetez Marmite \u00e0 soupe \u2013 10 L \u2013 pot int\u00e9rieur amovible \u2013 acier inoxydable \u2013 avec encoche pour louche au meilleur prix, fiable et performant avec une livraison rapide\",\"breadcrumb\":{\"@id\":\"https:\\\/\\\/gastora.eu\\\/product\\\/marmite-soupe-10-l-pot-intrieur-amovible-acier-inoxydable-avec-encoche-pour-louche\\\/#breadcrumb\"},\"inLanguage\":\"en-US\",\"potentialAction\":[{\"@type\":\"ReadAction\",\"target\":[\"https:\\\/\\\/gastora.eu\\\/product\\\/marmite-soupe-10-l-pot-intrieur-amovible-acier-inoxydable-avec-encoche-pour-louche\\\/\"]}]},{\"@type\":\"ImageObject\",\"inLanguage\":\"en-US\",\"@id\":\"https:\\\/\\\/gastora.eu\\\/product\\\/marmite-soupe-10-l-pot-intrieur-amovible-acier-inoxydable-avec-encoche-pour-louche\\\/#primaryimage\",\"url\":\"https:\\\/\\\/gastora.eu\\\/wp-content\\\/uploads\\\/2026\\\/04\\\/251125_09306100_img_002.jpg\",\"contentUrl\":\"https:\\\/\\\/gastora.eu\\\/wp-content\\\/uploads\\\/2026\\\/04\\\/251125_09306100_img_002.jpg\",\"width\":1200,\"height\":1200},{\"@type\":\"BreadcrumbList\",\"@id\":\"https:\\\/\\\/gastora.eu\\\/product\\\/marmite-soupe-10-l-pot-intrieur-amovible-acier-inoxydable-avec-encoche-pour-louche\\\/#breadcrumb\",\"itemListElement\":[{\"@type\":\"ListItem\",\"position\":1,\"name\":\"Home\",\"item\":\"https:\\\/\\\/gastora.eu\\\/\"},{\"@type\":\"ListItem\",\"position\":2,\"name\":\"Shop\",\"item\":\"https:\\\/\\\/gastora.eu\\\/shop\\\/\"},{\"@type\":\"ListItem\",\"position\":3,\"name\":\"Marmite \u00e0 soupe \u2013 10 L \u2013 pot int\u00e9rieur amovible \u2013 acier inoxydable \u2013 avec encoche pour louche\"}]},{\"@type\":\"WebSite\",\"@id\":\"https:\\\/\\\/gastora.eu\\\/#website\",\"url\":\"https:\\\/\\\/gastora.eu\\\/\",\"name\":\"Gastora\",\"description\":\"\u00c9quipements professionnels CHR\",\"publisher\":{\"@id\":\"https:\\\/\\\/gastora.eu\\\/#organization\"},\"potentialAction\":[{\"@type\":\"SearchAction\",\"target\":{\"@type\":\"EntryPoint\",\"urlTemplate\":\"https:\\\/\\\/gastora.eu\\\/?s={search_term_string}\"},\"query-input\":{\"@type\":\"PropertyValueSpecification\",\"valueRequired\":true,\"valueName\":\"search_term_string\"}}],\"inLanguage\":\"en-US\"},{\"@type\":\"Organization\",\"@id\":\"https:\\\/\\\/gastora.eu\\\/#organization\",\"name\":\"Gastora\",\"url\":\"https:\\\/\\\/gastora.eu\\\/\",\"logo\":{\"@type\":\"ImageObject\",\"inLanguage\":\"en-US\",\"@id\":\"https:\\\/\\\/gastora.eu\\\/#\\\/schema\\\/logo\\\/image\\\/\",\"url\":\"https:\\\/\\\/gastora.eu\\\/wp-content\\\/uploads\\\/2025\\\/12\\\/ChatGPT-Image-2-janv.-2026-22_52_47-1.png\",\"contentUrl\":\"https:\\\/\\\/gastora.eu\\\/wp-content\\\/uploads\\\/2025\\\/12\\\/ChatGPT-Image-2-janv.-2026-22_52_47-1.png\",\"width\":1536,\"height\":320,\"caption\":\"Gastora\"},\"image\":{\"@id\":\"https:\\\/\\\/gastora.eu\\\/#\\\/schema\\\/logo\\\/image\\\/\"}}]}<\/script>\n<!-- \/ Yoast SEO plugin. -->","yoast_head_json":{"title":"Marmite \u00e0 soupe \u2013 10 L \u2013 pot int\u00e9rieur amovible \u2013 acier inoxydable \u2013 avec encoche pour louche - Gastora","description":"Achetez Marmite \u00e0 soupe \u2013 10 L \u2013 pot int\u00e9rieur amovible \u2013 acier inoxydable \u2013 avec encoche pour louche au meilleur prix, fiable et performant avec une livraison rapide","robots":{"index":"index","follow":"follow","max-snippet":"max-snippet:-1","max-image-preview":"max-image-preview:large","max-video-preview":"max-video-preview:-1"},"canonical":"https:\/\/gastora.eu\/en\/product\/marmite-soupe-10-l-pot-intrieur-amovible-acier-inoxydable-avec-encoche-pour-louche\/","og_locale":"en_US","og_type":"article","og_title":"Marmite \u00e0 soupe \u2013 10 L \u2013 pot int\u00e9rieur amovible \u2013 acier inoxydable \u2013 avec encoche pour louche - Gastora","og_description":"Achetez Marmite \u00e0 soupe \u2013 10 L \u2013 pot int\u00e9rieur amovible \u2013 acier inoxydable \u2013 avec encoche pour louche au meilleur prix, fiable et performant avec une livraison rapide","og_url":"https:\/\/gastora.eu\/en\/product\/marmite-soupe-10-l-pot-intrieur-amovible-acier-inoxydable-avec-encoche-pour-louche\/","og_site_name":"Gastora","article_modified_time":"2026-04-28T16:57:50+00:00","twitter_card":"summary_large_image","twitter_misc":{"Est. reading time":"2 minutes"},"schema":{"@context":"https:\/\/schema.org","@graph":[{"@type":"WebPage","@id":"https:\/\/gastora.eu\/product\/marmite-soupe-10-l-pot-intrieur-amovible-acier-inoxydable-avec-encoche-pour-louche\/","url":"https:\/\/gastora.eu\/product\/marmite-soupe-10-l-pot-intrieur-amovible-acier-inoxydable-avec-encoche-pour-louche\/","name":"Marmite \u00e0 soupe \u2013 10 L \u2013 pot int\u00e9rieur amovible \u2013 acier inoxydable \u2013 avec encoche pour louche - Gastora","isPartOf":{"@id":"https:\/\/gastora.eu\/#website"},"primaryImageOfPage":{"@id":"https:\/\/gastora.eu\/product\/marmite-soupe-10-l-pot-intrieur-amovible-acier-inoxydable-avec-encoche-pour-louche\/#primaryimage"},"image":{"@id":"https:\/\/gastora.eu\/product\/marmite-soupe-10-l-pot-intrieur-amovible-acier-inoxydable-avec-encoche-pour-louche\/#primaryimage"},"thumbnailUrl":"https:\/\/gastora.eu\/wp-content\/uploads\/2026\/04\/251125_09306100_img_002.jpg","datePublished":"2026-04-26T08:51:30+00:00","dateModified":"2026-04-28T16:57:50+00:00","description":"Achetez Marmite \u00e0 soupe \u2013 10 L \u2013 pot int\u00e9rieur amovible \u2013 acier inoxydable \u2013 avec encoche pour louche au meilleur prix, fiable et performant avec une livraison rapide","breadcrumb":{"@id":"https:\/\/gastora.eu\/product\/marmite-soupe-10-l-pot-intrieur-amovible-acier-inoxydable-avec-encoche-pour-louche\/#breadcrumb"},"inLanguage":"en-US","potentialAction":[{"@type":"ReadAction","target":["https:\/\/gastora.eu\/product\/marmite-soupe-10-l-pot-intrieur-amovible-acier-inoxydable-avec-encoche-pour-louche\/"]}]},{"@type":"ImageObject","inLanguage":"en-US","@id":"https:\/\/gastora.eu\/product\/marmite-soupe-10-l-pot-intrieur-amovible-acier-inoxydable-avec-encoche-pour-louche\/#primaryimage","url":"https:\/\/gastora.eu\/wp-content\/uploads\/2026\/04\/251125_09306100_img_002.jpg","contentUrl":"https:\/\/gastora.eu\/wp-content\/uploads\/2026\/04\/251125_09306100_img_002.jpg","width":1200,"height":1200},{"@type":"BreadcrumbList","@id":"https:\/\/gastora.eu\/product\/marmite-soupe-10-l-pot-intrieur-amovible-acier-inoxydable-avec-encoche-pour-louche\/#breadcrumb","itemListElement":[{"@type":"ListItem","position":1,"name":"Home","item":"https:\/\/gastora.eu\/"},{"@type":"ListItem","position":2,"name":"Shop","item":"https:\/\/gastora.eu\/shop\/"},{"@type":"ListItem","position":3,"name":"Marmite \u00e0 soupe \u2013 10 L \u2013 pot int\u00e9rieur amovible \u2013 acier inoxydable \u2013 avec encoche pour louche"}]},{"@type":"WebSite","@id":"https:\/\/gastora.eu\/#website","url":"https:\/\/gastora.eu\/","name":"Gastora","description":"\u00c9quipements professionnels CHR","publisher":{"@id":"https:\/\/gastora.eu\/#organization"},"potentialAction":[{"@type":"SearchAction","target":{"@type":"EntryPoint","urlTemplate":"https:\/\/gastora.eu\/?s={search_term_string}"},"query-input":{"@type":"PropertyValueSpecification","valueRequired":true,"valueName":"search_term_string"}}],"inLanguage":"en-US"},{"@type":"Organization","@id":"https:\/\/gastora.eu\/#organization","name":"Gastora","url":"https:\/\/gastora.eu\/","logo":{"@type":"ImageObject","inLanguage":"en-US","@id":"https:\/\/gastora.eu\/#\/schema\/logo\/image\/","url":"https:\/\/gastora.eu\/wp-content\/uploads\/2025\/12\/ChatGPT-Image-2-janv.-2026-22_52_47-1.png","contentUrl":"https:\/\/gastora.eu\/wp-content\/uploads\/2025\/12\/ChatGPT-Image-2-janv.-2026-22_52_47-1.png","width":1536,"height":320,"caption":"Gastora"},"image":{"@id":"https:\/\/gastora.eu\/#\/schema\/logo\/image\/"}}]}},"jetpack_sharing_enabled":true,"_links":{"self":[{"href":"https:\/\/gastora.eu\/en\/wp-json\/wp\/v2\/product\/15115","targetHints":{"allow":["GET"]}}],"collection":[{"href":"https:\/\/gastora.eu\/en\/wp-json\/wp\/v2\/product"}],"about":[{"href":"https:\/\/gastora.eu\/en\/wp-json\/wp\/v2\/types\/product"}],"wp:featuredmedia":[{"embeddable":true,"href":"https:\/\/gastora.eu\/en\/wp-json\/wp\/v2\/media\/8961"}],"wp:attachment":[{"href":"https:\/\/gastora.eu\/en\/wp-json\/wp\/v2\/media?parent=15115"}],"wp:term":[{"taxonomy":"product_brand","embeddable":true,"href":"https:\/\/gastora.eu\/en\/wp-json\/wp\/v2\/product_brand?post=15115"},{"taxonomy":"product_cat","embeddable":true,"href":"https:\/\/gastora.eu\/en\/wp-json\/wp\/v2\/product_cat?post=15115"},{"taxonomy":"product_tag","embeddable":true,"href":"https:\/\/gastora.eu\/en\/wp-json\/wp\/v2\/product_tag?post=15115"}],"curies":[{"name":"wp","href":"https:\/\/api.w.org\/{rel}","templated":true}]}}