{"id":15113,"date":"2026-04-26T08:51:28","date_gmt":"2026-04-26T08:51:28","guid":{"rendered":"https:\/\/gastora.eu\/?post_type=product&#038;p=15113"},"modified":"2026-04-28T16:57:50","modified_gmt":"2026-04-28T16:57:50","slug":"plancha-induction-700-lisse-et-rainure-5-000-w-double","status":"publish","type":"product","link":"https:\/\/gastora.eu\/en\/product\/plancha-induction-700-lisse-et-rainure-5-000-w-double\/","title":{"rendered":"Plancha \u00e0 induction 700 &#8211; lisse et rainur\u00e9e &#8211; 5 000 W &#8211; double"},"content":{"rendered":"<p>Vous avez besoin d&#8217;une plus grande capacit\u00e9 de gril sans sacrifier la pr\u00e9cision ou l&#8217;espace ? Cette double plaque de gril \u00e0 induction \u00e0 surface lisse et rainur\u00e9e en acier ordinaire allie puissance et simplicit\u00e9. La commande rotative avec zones de temp\u00e9rature visuelles et l&#8217;affichage num\u00e9rique facilitent l&#8217;utilisation, tandis que la conception compacte, sans socle, garantit la flexibilit\u00e9 dans tout espace de travail.<\/p>\n<h2>Une utilisation simple<\/h2>\n<p>Vous pouvez r\u00e9gler la temp\u00e9rature sans effort \u00e0 l&#8217;aide du bouton rotatif dot\u00e9 de trois zones visuelles : &#8220;Low&#8221; (basse), &#8220;Medium&#8221; (moyenne) et &#8220;High&#8221; (\u00e9lev\u00e9e). Ces zones correspondent \u00e0 une plage de temp\u00e9rature de 80\u00b0C \u00e0 300\u00b0C, affich\u00e9e clairement sur l&#8217;\u00e9cran num\u00e9rique. La temp\u00e9rature est r\u00e9glable par paliers de 20\u00b0C. Pendant le chauffage, l&#8217;appareil affiche &#8220;Heating&#8221;. Une fois la temp\u00e9rature souhait\u00e9e atteinte, il passe automatiquement en mode &#8220;Maintien au chaud&#8221;. Bien qu&#8217;il n&#8217;y ait pas de fonction de minuterie, cette double plancha est dot\u00e9e d&#8217;un syst\u00e8me de s\u00e9curit\u00e9 int\u00e9gr\u00e9 qui s&#8217;\u00e9teint automatiquement au bout de quatre heures. Une plaque \u00e0 induction s\u00fbre et \u00e9conome en \u00e9nergie pour les cuisines professionnelles.<\/p>\n<h2>Utilisation de la plaque \u00e0 induction<\/h2>\n<p>La large surface de la plaque en acier ordinaire vous permet de pr\u00e9parer plusieurs aliments \u00e0 la fois. Utilisez la surface rainur\u00e9e pour obtenir des marques de gril parfaites sur la viande, le poisson ou les l\u00e9gumes, et la surface lisse pour les \u0153ufs, les cr\u00eapes ou les fruits de mer d\u00e9licats. Gr\u00e2ce \u00e0 la r\u00e9partition uniforme de la chaleur, vous pouvez cuisiner efficacement et r\u00e9guli\u00e8rement, m\u00eame \u00e0 des volumes \u00e9lev\u00e9s. Sa conception sans base le rend id\u00e9al pour une utilisation sur les comptoirs, dans les cuisines de production ou les installations mobiles. Le bac de r\u00e9cup\u00e9ration amovible recueille l&#8217;exc\u00e8s de graisse, ce qui garantit un fonctionnement hygi\u00e9nique et r\u00e9duit le temps de nettoyage.<\/p>\n<h2>Nettoyage facile<\/h2>\n<p>Nettoyez la surface de la plaque apr\u00e8s chaque utilisation avec un chiffon doux et de l&#8217;eau chaude. \u00c9vitez les produits de nettoyage abrasifs pour prot\u00e9ger la surface en acier ordinaire. Avant et apr\u00e8s utilisation, huilez l\u00e9g\u00e8rement la plaque pour \u00e9viter la rouille. Le bac de r\u00e9cup\u00e9ration amovible peut \u00eatre rinc\u00e9 facilement pour un entretien rapide. M\u00eame sans socle, ce mod\u00e8le est durable, n\u00e9cessite peu d&#8217;entretien et convient \u00e0 un usage quotidien.<\/p>\n<p>Vous souhaitez b\u00e9n\u00e9ficier d&#8217;une capacit\u00e9 de grillade maximale sans prendre trop de place ? Optez alors pour cette puissante plaque \u00e0 induction double, dot\u00e9e d&#8217;une surface lisse et rainur\u00e9e. Un choix judicieux pour toutes les cuisines professionnelles.<\/p>\n<p><strong>Caract\u00e9ristiques<\/strong><\/p>\n<ul>\n<li>Surface de gril lisse et rainur\u00e9e en acier ordinaire<\/li>\n<li>Plage de temp\u00e9rature : 80 &#8211; 300 \u00b0C (par paliers de 20 \u00b0C)<\/li>\n<li>Commande rotative (basse, moyenne, haute)<\/li>\n<li>Affichage num\u00e9rique de la temp\u00e9rature en temps r\u00e9el<\/li>\n<li>Deux modes : &#8220;Chauffer&#8221; et &#8220;Maintenir au chaud&#8221;<\/li>\n<li>Bac de r\u00e9cup\u00e9ration amovible<\/li>\n<\/ul>\n<p><strong>Caract\u00e9ristiques du produit<\/strong><\/p>\n<ul>\n<li>Poids net : 76 kg<\/li>\n<li>Surface du gril : L72 x P46cm<\/li>\n<li>Dimensions de la machine : L80 x P70 x H38cm<\/li>\n<li>Puissance : 400 V \/ 50 Hz \/ 3 Phase 5000W, 7.2 A<\/li>\n<\/ul>\n<p><em>Inclus dans le prix<\/em><\/p>\n<ul>\n<li><em>Kit de connexion<\/em><\/li>\n<\/ul>\n<p><em>A l&#8217;exclusion de<\/em><\/p>\n<ul>\n<li><em>Bouchon<\/em><\/li>\n<\/ul>","protected":false},"excerpt":{"rendered":"<p>Cette double plaque \u00e0 induction en acier ordinaire (\u2153 de surface rainur\u00e9e et \u2154 de surface lisse) offre un espace de cuisson suppl\u00e9mentaire dans un design compact, sans base. Id\u00e9ale pour une utilisation professionnelle gr\u00e2ce \u00e0 ses performances puissantes, sa facilit\u00e9 d&#8217;utilisation et ses fonctions de s\u00e9curit\u00e9 int\u00e9gr\u00e9es.<\/p>","protected":false},"featured_media":8957,"template":"","meta":{"_acf_changed":false},"product_brand":[],"product_cat":[65],"product_tag":[],"class_list":{"0":"post-15113","1":"product","2":"type-product","3":"status-publish","4":"has-post-thumbnail","6":"product_cat-accessoires-consommables","8":"first","9":"instock","10":"sale","11":"taxable","12":"shipping-taxable","13":"purchasable","14":"product-type-simple"},"acf":[],"yoast_head":"<!-- This site is optimized with the Yoast SEO plugin v27.5 - https:\/\/yoast.com\/product\/yoast-seo-wordpress\/ -->\n<title>Plancha \u00e0 induction 700 - lisse et rainur\u00e9e - 5 000 W - double - Gastora<\/title>\n<meta name=\"description\" content=\"Achetez Plancha \u00e0 induction 700 - lisse et rainur\u00e9e - 5 000 W - double au meilleur prix, fiable et performant avec une livraison rapide\" \/>\n<meta name=\"robots\" content=\"index, follow, max-snippet:-1, max-image-preview:large, max-video-preview:-1\" \/>\n<link rel=\"canonical\" href=\"https:\/\/gastora.eu\/en\/product\/plancha-induction-700-lisse-et-rainure-5-000-w-double\/\" \/>\n<meta property=\"og:locale\" content=\"en_US\" \/>\n<meta property=\"og:type\" content=\"article\" \/>\n<meta property=\"og:title\" content=\"Plancha \u00e0 induction 700 - lisse et rainur\u00e9e - 5 000 W - double - Gastora\" \/>\n<meta property=\"og:description\" content=\"Achetez Plancha \u00e0 induction 700 - lisse et rainur\u00e9e - 5 000 W - double au meilleur prix, fiable et performant avec une livraison rapide\" \/>\n<meta property=\"og:url\" content=\"https:\/\/gastora.eu\/en\/product\/plancha-induction-700-lisse-et-rainure-5-000-w-double\/\" \/>\n<meta property=\"og:site_name\" content=\"Gastora\" \/>\n<meta property=\"article:modified_time\" content=\"2026-04-28T16:57:50+00:00\" \/>\n<meta name=\"twitter:card\" content=\"summary_large_image\" \/>\n<meta name=\"twitter:label1\" content=\"Est. reading time\" \/>\n\t<meta name=\"twitter:data1\" content=\"3 minutes\" \/>\n<script type=\"application\/ld+json\" class=\"yoast-schema-graph\">{\"@context\":\"https:\\\/\\\/schema.org\",\"@graph\":[{\"@type\":\"WebPage\",\"@id\":\"https:\\\/\\\/gastora.eu\\\/product\\\/plancha-induction-700-lisse-et-rainure-5-000-w-double\\\/\",\"url\":\"https:\\\/\\\/gastora.eu\\\/product\\\/plancha-induction-700-lisse-et-rainure-5-000-w-double\\\/\",\"name\":\"Plancha \u00e0 induction 700 - lisse et rainur\u00e9e - 5 000 W - double - Gastora\",\"isPartOf\":{\"@id\":\"https:\\\/\\\/gastora.eu\\\/#website\"},\"primaryImageOfPage\":{\"@id\":\"https:\\\/\\\/gastora.eu\\\/product\\\/plancha-induction-700-lisse-et-rainure-5-000-w-double\\\/#primaryimage\"},\"image\":{\"@id\":\"https:\\\/\\\/gastora.eu\\\/product\\\/plancha-induction-700-lisse-et-rainure-5-000-w-double\\\/#primaryimage\"},\"thumbnailUrl\":\"https:\\\/\\\/gastora.eu\\\/wp-content\\\/uploads\\\/2026\\\/04\\\/251211_09371200_img_001.jpg\",\"datePublished\":\"2026-04-26T08:51:28+00:00\",\"dateModified\":\"2026-04-28T16:57:50+00:00\",\"description\":\"Achetez Plancha \u00e0 induction 700 - lisse et rainur\u00e9e - 5 000 W - double au meilleur prix, fiable et performant avec une livraison rapide\",\"breadcrumb\":{\"@id\":\"https:\\\/\\\/gastora.eu\\\/product\\\/plancha-induction-700-lisse-et-rainure-5-000-w-double\\\/#breadcrumb\"},\"inLanguage\":\"en-US\",\"potentialAction\":[{\"@type\":\"ReadAction\",\"target\":[\"https:\\\/\\\/gastora.eu\\\/product\\\/plancha-induction-700-lisse-et-rainure-5-000-w-double\\\/\"]}]},{\"@type\":\"ImageObject\",\"inLanguage\":\"en-US\",\"@id\":\"https:\\\/\\\/gastora.eu\\\/product\\\/plancha-induction-700-lisse-et-rainure-5-000-w-double\\\/#primaryimage\",\"url\":\"https:\\\/\\\/gastora.eu\\\/wp-content\\\/uploads\\\/2026\\\/04\\\/251211_09371200_img_001.jpg\",\"contentUrl\":\"https:\\\/\\\/gastora.eu\\\/wp-content\\\/uploads\\\/2026\\\/04\\\/251211_09371200_img_001.jpg\",\"width\":1200,\"height\":1200},{\"@type\":\"BreadcrumbList\",\"@id\":\"https:\\\/\\\/gastora.eu\\\/product\\\/plancha-induction-700-lisse-et-rainure-5-000-w-double\\\/#breadcrumb\",\"itemListElement\":[{\"@type\":\"ListItem\",\"position\":1,\"name\":\"Home\",\"item\":\"https:\\\/\\\/gastora.eu\\\/\"},{\"@type\":\"ListItem\",\"position\":2,\"name\":\"Shop\",\"item\":\"https:\\\/\\\/gastora.eu\\\/shop\\\/\"},{\"@type\":\"ListItem\",\"position\":3,\"name\":\"Plancha \u00e0 induction 700 &#8211; lisse et rainur\u00e9e &#8211; 5 000 W &#8211; double\"}]},{\"@type\":\"WebSite\",\"@id\":\"https:\\\/\\\/gastora.eu\\\/#website\",\"url\":\"https:\\\/\\\/gastora.eu\\\/\",\"name\":\"Gastora\",\"description\":\"\u00c9quipements professionnels CHR\",\"publisher\":{\"@id\":\"https:\\\/\\\/gastora.eu\\\/#organization\"},\"potentialAction\":[{\"@type\":\"SearchAction\",\"target\":{\"@type\":\"EntryPoint\",\"urlTemplate\":\"https:\\\/\\\/gastora.eu\\\/?s={search_term_string}\"},\"query-input\":{\"@type\":\"PropertyValueSpecification\",\"valueRequired\":true,\"valueName\":\"search_term_string\"}}],\"inLanguage\":\"en-US\"},{\"@type\":\"Organization\",\"@id\":\"https:\\\/\\\/gastora.eu\\\/#organization\",\"name\":\"Gastora\",\"url\":\"https:\\\/\\\/gastora.eu\\\/\",\"logo\":{\"@type\":\"ImageObject\",\"inLanguage\":\"en-US\",\"@id\":\"https:\\\/\\\/gastora.eu\\\/#\\\/schema\\\/logo\\\/image\\\/\",\"url\":\"https:\\\/\\\/gastora.eu\\\/wp-content\\\/uploads\\\/2025\\\/12\\\/ChatGPT-Image-2-janv.-2026-22_52_47-1.png\",\"contentUrl\":\"https:\\\/\\\/gastora.eu\\\/wp-content\\\/uploads\\\/2025\\\/12\\\/ChatGPT-Image-2-janv.-2026-22_52_47-1.png\",\"width\":1536,\"height\":320,\"caption\":\"Gastora\"},\"image\":{\"@id\":\"https:\\\/\\\/gastora.eu\\\/#\\\/schema\\\/logo\\\/image\\\/\"}}]}<\/script>\n<!-- \/ Yoast SEO plugin. -->","yoast_head_json":{"title":"Plancha \u00e0 induction 700 - lisse et rainur\u00e9e - 5 000 W - double - Gastora","description":"Achetez Plancha \u00e0 induction 700 - lisse et rainur\u00e9e - 5 000 W - double au meilleur prix, fiable et performant avec une livraison rapide","robots":{"index":"index","follow":"follow","max-snippet":"max-snippet:-1","max-image-preview":"max-image-preview:large","max-video-preview":"max-video-preview:-1"},"canonical":"https:\/\/gastora.eu\/en\/product\/plancha-induction-700-lisse-et-rainure-5-000-w-double\/","og_locale":"en_US","og_type":"article","og_title":"Plancha \u00e0 induction 700 - lisse et rainur\u00e9e - 5 000 W - double - Gastora","og_description":"Achetez Plancha \u00e0 induction 700 - lisse et rainur\u00e9e - 5 000 W - double au meilleur prix, fiable et performant avec une livraison rapide","og_url":"https:\/\/gastora.eu\/en\/product\/plancha-induction-700-lisse-et-rainure-5-000-w-double\/","og_site_name":"Gastora","article_modified_time":"2026-04-28T16:57:50+00:00","twitter_card":"summary_large_image","twitter_misc":{"Est. reading time":"3 minutes"},"schema":{"@context":"https:\/\/schema.org","@graph":[{"@type":"WebPage","@id":"https:\/\/gastora.eu\/product\/plancha-induction-700-lisse-et-rainure-5-000-w-double\/","url":"https:\/\/gastora.eu\/product\/plancha-induction-700-lisse-et-rainure-5-000-w-double\/","name":"Plancha \u00e0 induction 700 - lisse et rainur\u00e9e - 5 000 W - double - Gastora","isPartOf":{"@id":"https:\/\/gastora.eu\/#website"},"primaryImageOfPage":{"@id":"https:\/\/gastora.eu\/product\/plancha-induction-700-lisse-et-rainure-5-000-w-double\/#primaryimage"},"image":{"@id":"https:\/\/gastora.eu\/product\/plancha-induction-700-lisse-et-rainure-5-000-w-double\/#primaryimage"},"thumbnailUrl":"https:\/\/gastora.eu\/wp-content\/uploads\/2026\/04\/251211_09371200_img_001.jpg","datePublished":"2026-04-26T08:51:28+00:00","dateModified":"2026-04-28T16:57:50+00:00","description":"Achetez Plancha \u00e0 induction 700 - lisse et rainur\u00e9e - 5 000 W - double au meilleur prix, fiable et performant avec une livraison rapide","breadcrumb":{"@id":"https:\/\/gastora.eu\/product\/plancha-induction-700-lisse-et-rainure-5-000-w-double\/#breadcrumb"},"inLanguage":"en-US","potentialAction":[{"@type":"ReadAction","target":["https:\/\/gastora.eu\/product\/plancha-induction-700-lisse-et-rainure-5-000-w-double\/"]}]},{"@type":"ImageObject","inLanguage":"en-US","@id":"https:\/\/gastora.eu\/product\/plancha-induction-700-lisse-et-rainure-5-000-w-double\/#primaryimage","url":"https:\/\/gastora.eu\/wp-content\/uploads\/2026\/04\/251211_09371200_img_001.jpg","contentUrl":"https:\/\/gastora.eu\/wp-content\/uploads\/2026\/04\/251211_09371200_img_001.jpg","width":1200,"height":1200},{"@type":"BreadcrumbList","@id":"https:\/\/gastora.eu\/product\/plancha-induction-700-lisse-et-rainure-5-000-w-double\/#breadcrumb","itemListElement":[{"@type":"ListItem","position":1,"name":"Home","item":"https:\/\/gastora.eu\/"},{"@type":"ListItem","position":2,"name":"Shop","item":"https:\/\/gastora.eu\/shop\/"},{"@type":"ListItem","position":3,"name":"Plancha \u00e0 induction 700 &#8211; lisse et rainur\u00e9e &#8211; 5 000 W &#8211; double"}]},{"@type":"WebSite","@id":"https:\/\/gastora.eu\/#website","url":"https:\/\/gastora.eu\/","name":"Gastora","description":"\u00c9quipements professionnels CHR","publisher":{"@id":"https:\/\/gastora.eu\/#organization"},"potentialAction":[{"@type":"SearchAction","target":{"@type":"EntryPoint","urlTemplate":"https:\/\/gastora.eu\/?s={search_term_string}"},"query-input":{"@type":"PropertyValueSpecification","valueRequired":true,"valueName":"search_term_string"}}],"inLanguage":"en-US"},{"@type":"Organization","@id":"https:\/\/gastora.eu\/#organization","name":"Gastora","url":"https:\/\/gastora.eu\/","logo":{"@type":"ImageObject","inLanguage":"en-US","@id":"https:\/\/gastora.eu\/#\/schema\/logo\/image\/","url":"https:\/\/gastora.eu\/wp-content\/uploads\/2025\/12\/ChatGPT-Image-2-janv.-2026-22_52_47-1.png","contentUrl":"https:\/\/gastora.eu\/wp-content\/uploads\/2025\/12\/ChatGPT-Image-2-janv.-2026-22_52_47-1.png","width":1536,"height":320,"caption":"Gastora"},"image":{"@id":"https:\/\/gastora.eu\/#\/schema\/logo\/image\/"}}]}},"jetpack_sharing_enabled":true,"_links":{"self":[{"href":"https:\/\/gastora.eu\/en\/wp-json\/wp\/v2\/product\/15113","targetHints":{"allow":["GET"]}}],"collection":[{"href":"https:\/\/gastora.eu\/en\/wp-json\/wp\/v2\/product"}],"about":[{"href":"https:\/\/gastora.eu\/en\/wp-json\/wp\/v2\/types\/product"}],"wp:featuredmedia":[{"embeddable":true,"href":"https:\/\/gastora.eu\/en\/wp-json\/wp\/v2\/media\/8957"}],"wp:attachment":[{"href":"https:\/\/gastora.eu\/en\/wp-json\/wp\/v2\/media?parent=15113"}],"wp:term":[{"taxonomy":"product_brand","embeddable":true,"href":"https:\/\/gastora.eu\/en\/wp-json\/wp\/v2\/product_brand?post=15113"},{"taxonomy":"product_cat","embeddable":true,"href":"https:\/\/gastora.eu\/en\/wp-json\/wp\/v2\/product_cat?post=15113"},{"taxonomy":"product_tag","embeddable":true,"href":"https:\/\/gastora.eu\/en\/wp-json\/wp\/v2\/product_tag?post=15113"}],"curies":[{"name":"wp","href":"https:\/\/api.w.org\/{rel}","templated":true}]}}