{"id":15108,"date":"2026-04-26T08:51:21","date_gmt":"2026-04-26T08:51:21","guid":{"rendered":"https:\/\/gastora.eu\/?post_type=product&#038;p=15108"},"modified":"2026-04-28T16:57:49","modified_gmt":"2026-04-28T16:57:49","slug":"coupe-frites-professionnel-horizontal-manuel","status":"publish","type":"product","link":"https:\/\/gastora.eu\/en\/product\/coupe-frites-professionnel-horizontal-manuel\/","title":{"rendered":"Coupe-frites professionnel &#8211; horizontal &#8211; manuel"},"content":{"rendered":"<p>Coupez les frites, les carottes et autres l\u00e9gumes fermes rapidement, en toute s\u00e9curit\u00e9 et avec un minimum d&#8217;effort. Facile \u00e0 nettoyer et con\u00e7u pour une utilisation quotidienne intensive.<\/p>\n<h2>Une coupe rapide et r\u00e9guli\u00e8re<\/h2>\n<p>Gr\u00e2ce \u00e0 ses lames tranchantes et \u00e0 son levier robuste, ce coupe-frites horizontal permet de pr\u00e9parer de grandes quantit\u00e9s en un rien de temps. Que vous coupiez des frites, des carottes, des courgettes ou des concombres, la conception robuste garantit des r\u00e9sultats pr\u00e9cis et r\u00e9guliers, id\u00e9aux pour une cuisson et une pr\u00e9sentation homog\u00e8nes.<\/p>\n<h2>Conception solide et durable<\/h2>\n<p>Fabriqu\u00e9 en acier inoxydable de haute qualit\u00e9 et en aluminium renforc\u00e9, ce coupe-frites est con\u00e7u pour durer. Le m\u00e9canisme \u00e0 levier souple permet une coupe puissante sans n\u00e9cessiter beaucoup de force, ce qui en fait un choix fiable pour les cuisines occup\u00e9es o\u00f9 la rapidit\u00e9 est importante. Pour plus de stabilit\u00e9, l&#8217;appareil peut \u00eatre fix\u00e9 \u00e0 un plan de travail ou \u00e0 un mur. Vous pouvez \u00e9galement ajouter \u00e0 ce cutter une lame \u00e0 coins. Les lames de coupe standard peuvent \u00eatre facilement remplac\u00e9es par une lame \u00e0 coins pour une plus grande polyvalence.<\/p>\n<h2>Facile \u00e0 d\u00e9monter et \u00e0 nettoyer<\/h2>\n<p>Le nettoyage est simple et rapide. Toutes les pi\u00e8ces, y compris les lames, le support et le bloc de pressage, peuvent \u00eatre facilement d\u00e9mont\u00e9es pour un nettoyage en profondeur. Il suffit d&#8217;utiliser une brosse ou une \u00e9ponge douce et d&#8217;\u00e9viter les produits de nettoyage agressifs. Pour assurer le bon fonctionnement du m\u00e9canisme, nous recommandons une lubrification r\u00e9guli\u00e8re avec de l&#8217;huile alimentaire.<\/p>\n<p>Travaillez plus rapidement, plus s\u00fbrement et plus efficacement, le coupe-patates horizontal Maxima est un outil essentiel pour toutes les cuisines professionnelles.<\/p>\n<p><strong>Caract\u00e9ristiques<\/strong><\/p>\n<ul>\n<li>Parfait pour les frites et les l\u00e9gumes tels que les carottes, les concombres ou les courgettes<\/li>\n<li>Construction robuste en acier inoxydable et en aluminium<\/li>\n<li>Poign\u00e9e ergonomique pour une coupe sans effort<\/li>\n<li>Lames de coupe rempla\u00e7ables<\/li>\n<li>Comprend un porte-lame et un bloc de pression<\/li>\n<\/ul>\n<p><strong>Caract\u00e9ristiques du produit<\/strong><\/p>\n<ul>\n<li>Poids net : 4,4 kg<\/li>\n<li>Dimensions : 44 x 25 x 33 cm L44 x P25 x H33cm<\/li>\n<li>Grilles de coupe : 7, 10 et 14cm<\/li>\n<\/ul>\n<p><em>Inclus<\/em><\/p>\n<ul>\n<li><em>Trois lames de d\u00e9coupe 7x7cm, 10x10cm, 14x14cm<\/em><\/li>\n<li><em>Quatre pieds<\/em><\/li>\n<\/ul>\n<p><em>Non inclus<\/em><\/p>\n<ul>\n<li><em>Mat\u00e9riel de montage pour le mur ou le plan de travail<\/em><\/li>\n<\/ul>","protected":false},"excerpt":{"rendered":"<p>Vous cherchez un moyen rapide et fiable de couper les frites et les l\u00e9gumes fermes ? Le coupe-frites horizontal professionnel Maxima est con\u00e7u pour les cuisines professionnelles o\u00f9 la vitesse et la r\u00e9gularit\u00e9 sont importantes. Solide, efficace et facile \u00e0 nettoyer, c&#8217;est l&#8217;outil id\u00e9al pour les chefs occup\u00e9s.<\/p>","protected":false},"featured_media":8947,"template":"","meta":{"_acf_changed":false},"product_brand":[],"product_cat":[486],"product_tag":[],"class_list":{"0":"post-15108","1":"product","2":"type-product","3":"status-publish","4":"has-post-thumbnail","6":"product_cat-coupe-legumes-2","8":"first","9":"instock","10":"sale","11":"taxable","12":"shipping-taxable","13":"purchasable","14":"product-type-simple"},"acf":[],"yoast_head":"<!-- This site is optimized with the Yoast SEO plugin v27.5 - https:\/\/yoast.com\/product\/yoast-seo-wordpress\/ -->\n<title>Coupe-frites professionnel - horizontal - manuel - Gastora<\/title>\n<meta name=\"description\" content=\"Achetez Coupe-frites professionnel - horizontal - manuel au meilleur prix, fiable et performant avec une livraison rapide\" \/>\n<meta name=\"robots\" content=\"index, follow, max-snippet:-1, max-image-preview:large, max-video-preview:-1\" \/>\n<link rel=\"canonical\" href=\"https:\/\/gastora.eu\/en\/product\/coupe-frites-professionnel-horizontal-manuel\/\" \/>\n<meta property=\"og:locale\" content=\"en_US\" \/>\n<meta property=\"og:type\" content=\"article\" \/>\n<meta property=\"og:title\" content=\"Coupe-frites professionnel - horizontal - manuel - Gastora\" \/>\n<meta property=\"og:description\" content=\"Achetez Coupe-frites professionnel - horizontal - manuel au meilleur prix, fiable et performant avec une livraison rapide\" \/>\n<meta property=\"og:url\" content=\"https:\/\/gastora.eu\/en\/product\/coupe-frites-professionnel-horizontal-manuel\/\" \/>\n<meta property=\"og:site_name\" content=\"Gastora\" \/>\n<meta property=\"article:modified_time\" content=\"2026-04-28T16:57:49+00:00\" \/>\n<meta name=\"twitter:card\" content=\"summary_large_image\" \/>\n<meta name=\"twitter:label1\" content=\"Est. reading time\" \/>\n\t<meta name=\"twitter:data1\" content=\"2 minutes\" \/>\n<script type=\"application\/ld+json\" class=\"yoast-schema-graph\">{\"@context\":\"https:\\\/\\\/schema.org\",\"@graph\":[{\"@type\":\"WebPage\",\"@id\":\"https:\\\/\\\/gastora.eu\\\/product\\\/coupe-frites-professionnel-horizontal-manuel\\\/\",\"url\":\"https:\\\/\\\/gastora.eu\\\/product\\\/coupe-frites-professionnel-horizontal-manuel\\\/\",\"name\":\"Coupe-frites professionnel - horizontal - manuel - Gastora\",\"isPartOf\":{\"@id\":\"https:\\\/\\\/gastora.eu\\\/#website\"},\"primaryImageOfPage\":{\"@id\":\"https:\\\/\\\/gastora.eu\\\/product\\\/coupe-frites-professionnel-horizontal-manuel\\\/#primaryimage\"},\"image\":{\"@id\":\"https:\\\/\\\/gastora.eu\\\/product\\\/coupe-frites-professionnel-horizontal-manuel\\\/#primaryimage\"},\"thumbnailUrl\":\"https:\\\/\\\/gastora.eu\\\/wp-content\\\/uploads\\\/2026\\\/04\\\/251204_09307100_img_001.jpg\",\"datePublished\":\"2026-04-26T08:51:21+00:00\",\"dateModified\":\"2026-04-28T16:57:49+00:00\",\"description\":\"Achetez Coupe-frites professionnel - horizontal - manuel au meilleur prix, fiable et performant avec une livraison rapide\",\"breadcrumb\":{\"@id\":\"https:\\\/\\\/gastora.eu\\\/product\\\/coupe-frites-professionnel-horizontal-manuel\\\/#breadcrumb\"},\"inLanguage\":\"en-US\",\"potentialAction\":[{\"@type\":\"ReadAction\",\"target\":[\"https:\\\/\\\/gastora.eu\\\/product\\\/coupe-frites-professionnel-horizontal-manuel\\\/\"]}]},{\"@type\":\"ImageObject\",\"inLanguage\":\"en-US\",\"@id\":\"https:\\\/\\\/gastora.eu\\\/product\\\/coupe-frites-professionnel-horizontal-manuel\\\/#primaryimage\",\"url\":\"https:\\\/\\\/gastora.eu\\\/wp-content\\\/uploads\\\/2026\\\/04\\\/251204_09307100_img_001.jpg\",\"contentUrl\":\"https:\\\/\\\/gastora.eu\\\/wp-content\\\/uploads\\\/2026\\\/04\\\/251204_09307100_img_001.jpg\",\"width\":1200,\"height\":1200},{\"@type\":\"BreadcrumbList\",\"@id\":\"https:\\\/\\\/gastora.eu\\\/product\\\/coupe-frites-professionnel-horizontal-manuel\\\/#breadcrumb\",\"itemListElement\":[{\"@type\":\"ListItem\",\"position\":1,\"name\":\"Home\",\"item\":\"https:\\\/\\\/gastora.eu\\\/\"},{\"@type\":\"ListItem\",\"position\":2,\"name\":\"Shop\",\"item\":\"https:\\\/\\\/gastora.eu\\\/shop\\\/\"},{\"@type\":\"ListItem\",\"position\":3,\"name\":\"Coupe-frites professionnel &#8211; horizontal &#8211; manuel\"}]},{\"@type\":\"WebSite\",\"@id\":\"https:\\\/\\\/gastora.eu\\\/#website\",\"url\":\"https:\\\/\\\/gastora.eu\\\/\",\"name\":\"Gastora\",\"description\":\"\u00c9quipements professionnels CHR\",\"publisher\":{\"@id\":\"https:\\\/\\\/gastora.eu\\\/#organization\"},\"potentialAction\":[{\"@type\":\"SearchAction\",\"target\":{\"@type\":\"EntryPoint\",\"urlTemplate\":\"https:\\\/\\\/gastora.eu\\\/?s={search_term_string}\"},\"query-input\":{\"@type\":\"PropertyValueSpecification\",\"valueRequired\":true,\"valueName\":\"search_term_string\"}}],\"inLanguage\":\"en-US\"},{\"@type\":\"Organization\",\"@id\":\"https:\\\/\\\/gastora.eu\\\/#organization\",\"name\":\"Gastora\",\"url\":\"https:\\\/\\\/gastora.eu\\\/\",\"logo\":{\"@type\":\"ImageObject\",\"inLanguage\":\"en-US\",\"@id\":\"https:\\\/\\\/gastora.eu\\\/#\\\/schema\\\/logo\\\/image\\\/\",\"url\":\"https:\\\/\\\/gastora.eu\\\/wp-content\\\/uploads\\\/2025\\\/12\\\/ChatGPT-Image-2-janv.-2026-22_52_47-1.png\",\"contentUrl\":\"https:\\\/\\\/gastora.eu\\\/wp-content\\\/uploads\\\/2025\\\/12\\\/ChatGPT-Image-2-janv.-2026-22_52_47-1.png\",\"width\":1536,\"height\":320,\"caption\":\"Gastora\"},\"image\":{\"@id\":\"https:\\\/\\\/gastora.eu\\\/#\\\/schema\\\/logo\\\/image\\\/\"}}]}<\/script>\n<!-- \/ Yoast SEO plugin. -->","yoast_head_json":{"title":"Coupe-frites professionnel - horizontal - manuel - Gastora","description":"Achetez Coupe-frites professionnel - horizontal - manuel au meilleur prix, fiable et performant avec une livraison rapide","robots":{"index":"index","follow":"follow","max-snippet":"max-snippet:-1","max-image-preview":"max-image-preview:large","max-video-preview":"max-video-preview:-1"},"canonical":"https:\/\/gastora.eu\/en\/product\/coupe-frites-professionnel-horizontal-manuel\/","og_locale":"en_US","og_type":"article","og_title":"Coupe-frites professionnel - horizontal - manuel - Gastora","og_description":"Achetez Coupe-frites professionnel - horizontal - manuel au meilleur prix, fiable et performant avec une livraison rapide","og_url":"https:\/\/gastora.eu\/en\/product\/coupe-frites-professionnel-horizontal-manuel\/","og_site_name":"Gastora","article_modified_time":"2026-04-28T16:57:49+00:00","twitter_card":"summary_large_image","twitter_misc":{"Est. reading time":"2 minutes"},"schema":{"@context":"https:\/\/schema.org","@graph":[{"@type":"WebPage","@id":"https:\/\/gastora.eu\/product\/coupe-frites-professionnel-horizontal-manuel\/","url":"https:\/\/gastora.eu\/product\/coupe-frites-professionnel-horizontal-manuel\/","name":"Coupe-frites professionnel - horizontal - manuel - Gastora","isPartOf":{"@id":"https:\/\/gastora.eu\/#website"},"primaryImageOfPage":{"@id":"https:\/\/gastora.eu\/product\/coupe-frites-professionnel-horizontal-manuel\/#primaryimage"},"image":{"@id":"https:\/\/gastora.eu\/product\/coupe-frites-professionnel-horizontal-manuel\/#primaryimage"},"thumbnailUrl":"https:\/\/gastora.eu\/wp-content\/uploads\/2026\/04\/251204_09307100_img_001.jpg","datePublished":"2026-04-26T08:51:21+00:00","dateModified":"2026-04-28T16:57:49+00:00","description":"Achetez Coupe-frites professionnel - horizontal - manuel au meilleur prix, fiable et performant avec une livraison rapide","breadcrumb":{"@id":"https:\/\/gastora.eu\/product\/coupe-frites-professionnel-horizontal-manuel\/#breadcrumb"},"inLanguage":"en-US","potentialAction":[{"@type":"ReadAction","target":["https:\/\/gastora.eu\/product\/coupe-frites-professionnel-horizontal-manuel\/"]}]},{"@type":"ImageObject","inLanguage":"en-US","@id":"https:\/\/gastora.eu\/product\/coupe-frites-professionnel-horizontal-manuel\/#primaryimage","url":"https:\/\/gastora.eu\/wp-content\/uploads\/2026\/04\/251204_09307100_img_001.jpg","contentUrl":"https:\/\/gastora.eu\/wp-content\/uploads\/2026\/04\/251204_09307100_img_001.jpg","width":1200,"height":1200},{"@type":"BreadcrumbList","@id":"https:\/\/gastora.eu\/product\/coupe-frites-professionnel-horizontal-manuel\/#breadcrumb","itemListElement":[{"@type":"ListItem","position":1,"name":"Home","item":"https:\/\/gastora.eu\/"},{"@type":"ListItem","position":2,"name":"Shop","item":"https:\/\/gastora.eu\/shop\/"},{"@type":"ListItem","position":3,"name":"Coupe-frites professionnel &#8211; horizontal &#8211; manuel"}]},{"@type":"WebSite","@id":"https:\/\/gastora.eu\/#website","url":"https:\/\/gastora.eu\/","name":"Gastora","description":"\u00c9quipements professionnels CHR","publisher":{"@id":"https:\/\/gastora.eu\/#organization"},"potentialAction":[{"@type":"SearchAction","target":{"@type":"EntryPoint","urlTemplate":"https:\/\/gastora.eu\/?s={search_term_string}"},"query-input":{"@type":"PropertyValueSpecification","valueRequired":true,"valueName":"search_term_string"}}],"inLanguage":"en-US"},{"@type":"Organization","@id":"https:\/\/gastora.eu\/#organization","name":"Gastora","url":"https:\/\/gastora.eu\/","logo":{"@type":"ImageObject","inLanguage":"en-US","@id":"https:\/\/gastora.eu\/#\/schema\/logo\/image\/","url":"https:\/\/gastora.eu\/wp-content\/uploads\/2025\/12\/ChatGPT-Image-2-janv.-2026-22_52_47-1.png","contentUrl":"https:\/\/gastora.eu\/wp-content\/uploads\/2025\/12\/ChatGPT-Image-2-janv.-2026-22_52_47-1.png","width":1536,"height":320,"caption":"Gastora"},"image":{"@id":"https:\/\/gastora.eu\/#\/schema\/logo\/image\/"}}]}},"jetpack_sharing_enabled":true,"_links":{"self":[{"href":"https:\/\/gastora.eu\/en\/wp-json\/wp\/v2\/product\/15108","targetHints":{"allow":["GET"]}}],"collection":[{"href":"https:\/\/gastora.eu\/en\/wp-json\/wp\/v2\/product"}],"about":[{"href":"https:\/\/gastora.eu\/en\/wp-json\/wp\/v2\/types\/product"}],"wp:featuredmedia":[{"embeddable":true,"href":"https:\/\/gastora.eu\/en\/wp-json\/wp\/v2\/media\/8947"}],"wp:attachment":[{"href":"https:\/\/gastora.eu\/en\/wp-json\/wp\/v2\/media?parent=15108"}],"wp:term":[{"taxonomy":"product_brand","embeddable":true,"href":"https:\/\/gastora.eu\/en\/wp-json\/wp\/v2\/product_brand?post=15108"},{"taxonomy":"product_cat","embeddable":true,"href":"https:\/\/gastora.eu\/en\/wp-json\/wp\/v2\/product_cat?post=15108"},{"taxonomy":"product_tag","embeddable":true,"href":"https:\/\/gastora.eu\/en\/wp-json\/wp\/v2\/product_tag?post=15108"}],"curies":[{"name":"wp","href":"https:\/\/api.w.org\/{rel}","templated":true}]}}