{"id":15103,"date":"2026-04-26T08:51:16","date_gmt":"2026-04-26T08:51:16","guid":{"rendered":"https:\/\/gastora.eu\/?post_type=product&#038;p=15103"},"modified":"2026-04-28T16:57:49","modified_gmt":"2026-04-28T16:57:49","slug":"heavy-duty-cuisinire-4-brleurs-unit-double-profondeur-70-cm-30-kw-gaz","status":"publish","type":"product","link":"https:\/\/gastora.eu\/en\/product\/heavy-duty-cuisinire-4-brleurs-unit-double-profondeur-70-cm-30-kw-gaz\/","title":{"rendered":"Heavy Duty cuisini\u00e8re &#8211; 4 br\u00fbleurs &#8211; unit\u00e9 double &#8211; profondeur 70 cm &#8211; 30 kW &#8211; gaz"},"content":{"rendered":"<p>Lorsqu&#8217;un rendement \u00e9lev\u00e9 et une durabilit\u00e9 \u00e0 long terme sont essentiels, cette cuisini\u00e8re \u00e0 gaz robuste est \u00e0 la hauteur de toutes les attentes. Con\u00e7ue pour \u00eatre utilis\u00e9e sur un plan de travail ou pour s&#8217;int\u00e9grer parfaitement dans les lignes de cuisson, ses quatre br\u00fbleurs ouverts fournissent une chaleur constante pour une production culinaire intensive. Chaque composant est con\u00e7u pour \u00eatre performant, depuis les supports en fonte et les br\u00fbleurs chrom\u00e9s jusqu&#8217;\u00e0 la surface monobloc en acier inoxydable qui simplifie l&#8217;hygi\u00e8ne et l&#8217;entretien.<\/p>\n<h2>Br\u00fbleurs \u00e0 haut rendement pour les t\u00e2ches culinaires s\u00e9rieuses<\/h2>\n<p>Avec une puissance totale de 30 kW r\u00e9partie sur quatre br\u00fbleurs de 7,5 kW, cette cuisini\u00e8re permet de r\u00e9aliser facilement des cuissons intensives. Qu&#8217;il s&#8217;agisse de faire bouillir de grandes marmites ou de faire sauter des aliments \u00e0 un rythme soutenu, chaque br\u00fbleur offre un allumage rapide et un contr\u00f4le r\u00e9gulier. Les dispositifs d&#8217;extinction de la flamme garantissent un fonctionnement s\u00fbr, tandis que la combustion est r\u00e9gl\u00e9e avec pr\u00e9cision pour assurer un rendement \u00e9nerg\u00e9tique et des performances optimales. Les boutons de commande ergonomiques permettent de r\u00e9gler la flamme en douceur, de la temp\u00e9rature la plus basse \u00e0 la temp\u00e9rature la plus \u00e9lev\u00e9e.<\/p>\n<h2>Conception fiable et hygi\u00e9nique<\/h2>\n<p>Le plan monobloc est press\u00e9 \u00e0 partir d&#8217;une seule feuille d&#8217;acier inoxydable, ce qui \u00e9vite les soudures et les angles cach\u00e9s. Sa surface lisse et ses bords int\u00e9rieurs arrondis \u00e9liminent les pi\u00e8ges \u00e0 salet\u00e9, r\u00e9duisent le temps de nettoyage et am\u00e9liorent les normes d&#8217;hygi\u00e8ne. Les lourds supports de casseroles en fonte offrent une assise s\u00fbre et stable aux ustensiles de cuisine de toutes tailles, m\u00eame en cas de flux de travail intense.<\/p>\n<h2>Pratique pour une utilisation modulaire et autonome<\/h2>\n<p>Cette unit\u00e9 de 30 kW est con\u00e7ue pour \u00eatre utilis\u00e9e sur une table en acier inoxydable, un comptoir de pr\u00e9paration ou \u00e0 c\u00f4t\u00e9 d&#8217;autres \u00e9quipements modulaires dans une salle de cuisson. Sa hauteur compacte et sa grande capacit\u00e9 en font une solution intelligente pour les restaurants, les cuisines d&#8217;h\u00f4tel et les traiteurs qui ont besoin d&#8217;une puissance de feu maximale dans un espace limit\u00e9.<\/p>\n<p>Cette cuisini\u00e8re \u00e0 gaz puissante et compacte permet d&#8217;am\u00e9liorer la productivit\u00e9 de la cuisine. Con\u00e7ue pour la solidit\u00e9, la s\u00e9curit\u00e9 et les performances ininterrompues.<\/p>\n<p><strong>Caract\u00e9ristiques<\/strong><\/p>\n<ul>\n<li>Quatre br\u00fbleurs ouverts, d&#8217;une puissance de 7,5 kW chacun<\/li>\n<li>Plage de r\u00e9glage de la flamme allant de la cuisson mijot\u00e9e \u00e0 la cuisson \u00e0 haute temp\u00e9rature<\/li>\n<li>Supports de casseroles en fonte pour une capacit\u00e9 de charge sup\u00e9rieure<\/li>\n<li>Br\u00fbleurs chrom\u00e9s pour une meilleure efficacit\u00e9 thermique<\/li>\n<li>Dispositif d&#8217;arr\u00eat de flamme sur tous les br\u00fbleurs pour plus de s\u00e9curit\u00e9<\/li>\n<li>Surface monobloc en acier inoxydable avec coins arrondis<\/li>\n<\/ul>\n<p><strong>Caract\u00e9ristiques du produit<\/strong><\/p>\n<ul>\n<li>Poids net : 40 kg<\/li>\n<li>Dimensions de la cuisini\u00e8re : L80 x P70 x H34cm<\/li>\n<li>Dimensions br\u00fbleurs : \u00d8 27.5cm<\/li>\n<li>Dimensions des supports de casseroles : 2x L55 x P35cm<\/li>\n<li>Puissance des br\u00fbleurs : 4 x 7.5kW<\/li>\n<li>Puissance totale : 30 kW<\/li>\n<li>Injecteurs de gaz install\u00e9s G25-gaz naturel<\/li>\n<\/ul>\n<p><em>Dont<\/em><\/p>\n<ul>\n<li><em>Jeu d&#8217;injecteurs G30 (GPL) (propane\/butane)<\/em><\/li>\n<li><em>Kit de raccordement<\/em><\/li>\n<li><em>Events d&#8217;air<\/em><\/li>\n<\/ul>","protected":false},"excerpt":{"rendered":"<p>Une gazini\u00e8re professionnelle \u00e0 haut rendement avec quatre br\u00fbleurs chrom\u00e9s de 7,5 kW et un plan de cuisson monobloc lisse. Avec ses supports de casseroles en fonte durable, c&#8217;est un mod\u00e8le de table robuste pour les chefs qui comptent sur une grande capacit\u00e9 et une performance ininterrompue. Il peut \u00eatre ajout\u00e9 \u00e0 la ligne de cuisson professionnelle de 700 mm de profondeur.<\/p>","protected":false},"featured_media":8937,"template":"","meta":{"_acf_changed":false},"product_brand":[],"product_cat":[495],"product_tag":[],"class_list":{"0":"post-15103","1":"product","2":"type-product","3":"status-publish","4":"has-post-thumbnail","6":"product_cat-plaques-pianos-de-cuisson-2","8":"first","9":"instock","10":"sale","11":"taxable","12":"shipping-taxable","13":"purchasable","14":"product-type-simple"},"acf":[],"yoast_head":"<!-- This site is optimized with the Yoast SEO plugin v27.6 - https:\/\/yoast.com\/product\/yoast-seo-wordpress\/ -->\n<title>Heavy Duty cuisini\u00e8re - 4 br\u00fbleurs - unit\u00e9 double - profondeur 70 cm - 30 kW - gaz - Gastora<\/title>\n<meta name=\"description\" content=\"Achetez Heavy Duty cuisini\u00e8re - 4 br\u00fbleurs - unit\u00e9 double - profondeur 70 cm - 30 kW - gaz au meilleur prix, fiable et performant avec une livraison rapide\" \/>\n<meta name=\"robots\" content=\"index, follow, max-snippet:-1, max-image-preview:large, max-video-preview:-1\" \/>\n<link rel=\"canonical\" href=\"https:\/\/gastora.eu\/en\/product\/heavy-duty-cuisinire-4-brleurs-unit-double-profondeur-70-cm-30-kw-gaz\/\" \/>\n<meta property=\"og:locale\" content=\"en_US\" \/>\n<meta property=\"og:type\" content=\"article\" \/>\n<meta property=\"og:title\" content=\"Heavy Duty cuisini\u00e8re - 4 br\u00fbleurs - unit\u00e9 double - profondeur 70 cm - 30 kW - gaz - Gastora\" \/>\n<meta property=\"og:description\" content=\"Achetez Heavy Duty cuisini\u00e8re - 4 br\u00fbleurs - unit\u00e9 double - profondeur 70 cm - 30 kW - gaz au meilleur prix, fiable et performant avec une livraison rapide\" \/>\n<meta property=\"og:url\" content=\"https:\/\/gastora.eu\/en\/product\/heavy-duty-cuisinire-4-brleurs-unit-double-profondeur-70-cm-30-kw-gaz\/\" \/>\n<meta property=\"og:site_name\" content=\"Gastora\" \/>\n<meta property=\"article:modified_time\" content=\"2026-04-28T16:57:49+00:00\" \/>\n<meta name=\"twitter:card\" content=\"summary_large_image\" \/>\n<meta name=\"twitter:label1\" content=\"Est. reading time\" \/>\n\t<meta name=\"twitter:data1\" content=\"3 minutes\" \/>\n<script type=\"application\/ld+json\" class=\"yoast-schema-graph\">{\"@context\":\"https:\\\/\\\/schema.org\",\"@graph\":[{\"@type\":\"WebPage\",\"@id\":\"https:\\\/\\\/gastora.eu\\\/product\\\/heavy-duty-cuisinire-4-brleurs-unit-double-profondeur-70-cm-30-kw-gaz\\\/\",\"url\":\"https:\\\/\\\/gastora.eu\\\/product\\\/heavy-duty-cuisinire-4-brleurs-unit-double-profondeur-70-cm-30-kw-gaz\\\/\",\"name\":\"Heavy Duty cuisini\u00e8re - 4 br\u00fbleurs - unit\u00e9 double - profondeur 70 cm - 30 kW - gaz - Gastora\",\"isPartOf\":{\"@id\":\"https:\\\/\\\/gastora.eu\\\/#website\"},\"primaryImageOfPage\":{\"@id\":\"https:\\\/\\\/gastora.eu\\\/product\\\/heavy-duty-cuisinire-4-brleurs-unit-double-profondeur-70-cm-30-kw-gaz\\\/#primaryimage\"},\"image\":{\"@id\":\"https:\\\/\\\/gastora.eu\\\/product\\\/heavy-duty-cuisinire-4-brleurs-unit-double-profondeur-70-cm-30-kw-gaz\\\/#primaryimage\"},\"thumbnailUrl\":\"https:\\\/\\\/gastora.eu\\\/wp-content\\\/uploads\\\/2026\\\/04\\\/nieuwste_kookplaat_700_lijn_gas_3_2.jpg\",\"datePublished\":\"2026-04-26T08:51:16+00:00\",\"dateModified\":\"2026-04-28T16:57:49+00:00\",\"description\":\"Achetez Heavy Duty cuisini\u00e8re - 4 br\u00fbleurs - unit\u00e9 double - profondeur 70 cm - 30 kW - gaz au meilleur prix, fiable et performant avec une livraison rapide\",\"breadcrumb\":{\"@id\":\"https:\\\/\\\/gastora.eu\\\/product\\\/heavy-duty-cuisinire-4-brleurs-unit-double-profondeur-70-cm-30-kw-gaz\\\/#breadcrumb\"},\"inLanguage\":\"en-US\",\"potentialAction\":[{\"@type\":\"ReadAction\",\"target\":[\"https:\\\/\\\/gastora.eu\\\/product\\\/heavy-duty-cuisinire-4-brleurs-unit-double-profondeur-70-cm-30-kw-gaz\\\/\"]}]},{\"@type\":\"ImageObject\",\"inLanguage\":\"en-US\",\"@id\":\"https:\\\/\\\/gastora.eu\\\/product\\\/heavy-duty-cuisinire-4-brleurs-unit-double-profondeur-70-cm-30-kw-gaz\\\/#primaryimage\",\"url\":\"https:\\\/\\\/gastora.eu\\\/wp-content\\\/uploads\\\/2026\\\/04\\\/nieuwste_kookplaat_700_lijn_gas_3_2.jpg\",\"contentUrl\":\"https:\\\/\\\/gastora.eu\\\/wp-content\\\/uploads\\\/2026\\\/04\\\/nieuwste_kookplaat_700_lijn_gas_3_2.jpg\",\"width\":1026,\"height\":591},{\"@type\":\"BreadcrumbList\",\"@id\":\"https:\\\/\\\/gastora.eu\\\/product\\\/heavy-duty-cuisinire-4-brleurs-unit-double-profondeur-70-cm-30-kw-gaz\\\/#breadcrumb\",\"itemListElement\":[{\"@type\":\"ListItem\",\"position\":1,\"name\":\"Home\",\"item\":\"https:\\\/\\\/gastora.eu\\\/\"},{\"@type\":\"ListItem\",\"position\":2,\"name\":\"Shop\",\"item\":\"https:\\\/\\\/gastora.eu\\\/shop\\\/\"},{\"@type\":\"ListItem\",\"position\":3,\"name\":\"Heavy Duty cuisini\u00e8re &#8211; 4 br\u00fbleurs &#8211; unit\u00e9 double &#8211; profondeur 70 cm &#8211; 30 kW &#8211; gaz\"}]},{\"@type\":\"WebSite\",\"@id\":\"https:\\\/\\\/gastora.eu\\\/#website\",\"url\":\"https:\\\/\\\/gastora.eu\\\/\",\"name\":\"Gastora\",\"description\":\"\u00c9quipements professionnels CHR\",\"publisher\":{\"@id\":\"https:\\\/\\\/gastora.eu\\\/#organization\"},\"potentialAction\":[{\"@type\":\"SearchAction\",\"target\":{\"@type\":\"EntryPoint\",\"urlTemplate\":\"https:\\\/\\\/gastora.eu\\\/?s={search_term_string}\"},\"query-input\":{\"@type\":\"PropertyValueSpecification\",\"valueRequired\":true,\"valueName\":\"search_term_string\"}}],\"inLanguage\":\"en-US\"},{\"@type\":\"Organization\",\"@id\":\"https:\\\/\\\/gastora.eu\\\/#organization\",\"name\":\"Gastora\",\"url\":\"https:\\\/\\\/gastora.eu\\\/\",\"logo\":{\"@type\":\"ImageObject\",\"inLanguage\":\"en-US\",\"@id\":\"https:\\\/\\\/gastora.eu\\\/#\\\/schema\\\/logo\\\/image\\\/\",\"url\":\"https:\\\/\\\/gastora.eu\\\/wp-content\\\/uploads\\\/2025\\\/12\\\/ChatGPT-Image-2-janv.-2026-22_52_47-1.png\",\"contentUrl\":\"https:\\\/\\\/gastora.eu\\\/wp-content\\\/uploads\\\/2025\\\/12\\\/ChatGPT-Image-2-janv.-2026-22_52_47-1.png\",\"width\":1536,\"height\":320,\"caption\":\"Gastora\"},\"image\":{\"@id\":\"https:\\\/\\\/gastora.eu\\\/#\\\/schema\\\/logo\\\/image\\\/\"}}]}<\/script>\n<!-- \/ Yoast SEO plugin. -->","yoast_head_json":{"title":"Heavy Duty cuisini\u00e8re - 4 br\u00fbleurs - unit\u00e9 double - profondeur 70 cm - 30 kW - gaz - Gastora","description":"Achetez Heavy Duty cuisini\u00e8re - 4 br\u00fbleurs - unit\u00e9 double - profondeur 70 cm - 30 kW - gaz au meilleur prix, fiable et performant avec une livraison rapide","robots":{"index":"index","follow":"follow","max-snippet":"max-snippet:-1","max-image-preview":"max-image-preview:large","max-video-preview":"max-video-preview:-1"},"canonical":"https:\/\/gastora.eu\/en\/product\/heavy-duty-cuisinire-4-brleurs-unit-double-profondeur-70-cm-30-kw-gaz\/","og_locale":"en_US","og_type":"article","og_title":"Heavy Duty cuisini\u00e8re - 4 br\u00fbleurs - unit\u00e9 double - profondeur 70 cm - 30 kW - gaz - Gastora","og_description":"Achetez Heavy Duty cuisini\u00e8re - 4 br\u00fbleurs - unit\u00e9 double - profondeur 70 cm - 30 kW - gaz au meilleur prix, fiable et performant avec une livraison rapide","og_url":"https:\/\/gastora.eu\/en\/product\/heavy-duty-cuisinire-4-brleurs-unit-double-profondeur-70-cm-30-kw-gaz\/","og_site_name":"Gastora","article_modified_time":"2026-04-28T16:57:49+00:00","twitter_card":"summary_large_image","twitter_misc":{"Est. reading time":"3 minutes"},"schema":{"@context":"https:\/\/schema.org","@graph":[{"@type":"WebPage","@id":"https:\/\/gastora.eu\/product\/heavy-duty-cuisinire-4-brleurs-unit-double-profondeur-70-cm-30-kw-gaz\/","url":"https:\/\/gastora.eu\/product\/heavy-duty-cuisinire-4-brleurs-unit-double-profondeur-70-cm-30-kw-gaz\/","name":"Heavy Duty cuisini\u00e8re - 4 br\u00fbleurs - unit\u00e9 double - profondeur 70 cm - 30 kW - gaz - Gastora","isPartOf":{"@id":"https:\/\/gastora.eu\/#website"},"primaryImageOfPage":{"@id":"https:\/\/gastora.eu\/product\/heavy-duty-cuisinire-4-brleurs-unit-double-profondeur-70-cm-30-kw-gaz\/#primaryimage"},"image":{"@id":"https:\/\/gastora.eu\/product\/heavy-duty-cuisinire-4-brleurs-unit-double-profondeur-70-cm-30-kw-gaz\/#primaryimage"},"thumbnailUrl":"https:\/\/gastora.eu\/wp-content\/uploads\/2026\/04\/nieuwste_kookplaat_700_lijn_gas_3_2.jpg","datePublished":"2026-04-26T08:51:16+00:00","dateModified":"2026-04-28T16:57:49+00:00","description":"Achetez Heavy Duty cuisini\u00e8re - 4 br\u00fbleurs - unit\u00e9 double - profondeur 70 cm - 30 kW - gaz au meilleur prix, fiable et performant avec une livraison rapide","breadcrumb":{"@id":"https:\/\/gastora.eu\/product\/heavy-duty-cuisinire-4-brleurs-unit-double-profondeur-70-cm-30-kw-gaz\/#breadcrumb"},"inLanguage":"en-US","potentialAction":[{"@type":"ReadAction","target":["https:\/\/gastora.eu\/product\/heavy-duty-cuisinire-4-brleurs-unit-double-profondeur-70-cm-30-kw-gaz\/"]}]},{"@type":"ImageObject","inLanguage":"en-US","@id":"https:\/\/gastora.eu\/product\/heavy-duty-cuisinire-4-brleurs-unit-double-profondeur-70-cm-30-kw-gaz\/#primaryimage","url":"https:\/\/gastora.eu\/wp-content\/uploads\/2026\/04\/nieuwste_kookplaat_700_lijn_gas_3_2.jpg","contentUrl":"https:\/\/gastora.eu\/wp-content\/uploads\/2026\/04\/nieuwste_kookplaat_700_lijn_gas_3_2.jpg","width":1026,"height":591},{"@type":"BreadcrumbList","@id":"https:\/\/gastora.eu\/product\/heavy-duty-cuisinire-4-brleurs-unit-double-profondeur-70-cm-30-kw-gaz\/#breadcrumb","itemListElement":[{"@type":"ListItem","position":1,"name":"Home","item":"https:\/\/gastora.eu\/"},{"@type":"ListItem","position":2,"name":"Shop","item":"https:\/\/gastora.eu\/shop\/"},{"@type":"ListItem","position":3,"name":"Heavy Duty cuisini\u00e8re &#8211; 4 br\u00fbleurs &#8211; unit\u00e9 double &#8211; profondeur 70 cm &#8211; 30 kW &#8211; gaz"}]},{"@type":"WebSite","@id":"https:\/\/gastora.eu\/#website","url":"https:\/\/gastora.eu\/","name":"Gastora","description":"\u00c9quipements professionnels CHR","publisher":{"@id":"https:\/\/gastora.eu\/#organization"},"potentialAction":[{"@type":"SearchAction","target":{"@type":"EntryPoint","urlTemplate":"https:\/\/gastora.eu\/?s={search_term_string}"},"query-input":{"@type":"PropertyValueSpecification","valueRequired":true,"valueName":"search_term_string"}}],"inLanguage":"en-US"},{"@type":"Organization","@id":"https:\/\/gastora.eu\/#organization","name":"Gastora","url":"https:\/\/gastora.eu\/","logo":{"@type":"ImageObject","inLanguage":"en-US","@id":"https:\/\/gastora.eu\/#\/schema\/logo\/image\/","url":"https:\/\/gastora.eu\/wp-content\/uploads\/2025\/12\/ChatGPT-Image-2-janv.-2026-22_52_47-1.png","contentUrl":"https:\/\/gastora.eu\/wp-content\/uploads\/2025\/12\/ChatGPT-Image-2-janv.-2026-22_52_47-1.png","width":1536,"height":320,"caption":"Gastora"},"image":{"@id":"https:\/\/gastora.eu\/#\/schema\/logo\/image\/"}}]}},"jetpack_sharing_enabled":true,"_links":{"self":[{"href":"https:\/\/gastora.eu\/en\/wp-json\/wp\/v2\/product\/15103","targetHints":{"allow":["GET"]}}],"collection":[{"href":"https:\/\/gastora.eu\/en\/wp-json\/wp\/v2\/product"}],"about":[{"href":"https:\/\/gastora.eu\/en\/wp-json\/wp\/v2\/types\/product"}],"wp:featuredmedia":[{"embeddable":true,"href":"https:\/\/gastora.eu\/en\/wp-json\/wp\/v2\/media\/8937"}],"wp:attachment":[{"href":"https:\/\/gastora.eu\/en\/wp-json\/wp\/v2\/media?parent=15103"}],"wp:term":[{"taxonomy":"product_brand","embeddable":true,"href":"https:\/\/gastora.eu\/en\/wp-json\/wp\/v2\/product_brand?post=15103"},{"taxonomy":"product_cat","embeddable":true,"href":"https:\/\/gastora.eu\/en\/wp-json\/wp\/v2\/product_cat?post=15103"},{"taxonomy":"product_tag","embeddable":true,"href":"https:\/\/gastora.eu\/en\/wp-json\/wp\/v2\/product_tag?post=15103"}],"curies":[{"name":"wp","href":"https:\/\/api.w.org\/{rel}","templated":true}]}}