{"id":15097,"date":"2026-04-26T08:51:06","date_gmt":"2026-04-26T08:51:06","guid":{"rendered":"https:\/\/gastora.eu\/?post_type=product&#038;p=15097"},"modified":"2026-04-28T16:57:48","modified_gmt":"2026-04-28T16:57:48","slug":"heavy-duty-cuisinire-4-brleurs-unit-double-profondeur-70-cm-34-kw-gaz-avec-four","status":"publish","type":"product","link":"https:\/\/gastora.eu\/en\/product\/heavy-duty-cuisinire-4-brleurs-unit-double-profondeur-70-cm-34-kw-gaz-avec-four\/","title":{"rendered":"Heavy Duty cuisini\u00e8re &#8211; 4 br\u00fbleurs &#8211; unit\u00e9 double &#8211; profondeur 70 cm &#8211; 34 kW &#8211; gaz avec four"},"content":{"rendered":"<p>Cette cuisini\u00e8re \u00e0 gaz de qualit\u00e9 professionnelle apporte flexibilit\u00e9 et puissance \u00e0 votre cuisine. Sa conception durable et son efficacit\u00e9 thermique \u00e9lev\u00e9e en font un outil essentiel pour les chefs qui comptent sur des performances constantes pendant de longues p\u00e9riodes de travail. Gr\u00e2ce \u00e0 son fonctionnement en douceur et \u00e0 sa facilit\u00e9 d&#8217;entretien, elle est con\u00e7ue pour suivre le rythme de n&#8217;importe quel environnement commercial.<\/p>\n<h2>Un contr\u00f4le culinaire complet<\/h2>\n<p>Que vous fassiez frire, mijoter ou bouillir, cette cuisini\u00e8re offre beaucoup d&#8217;espace et de polyvalence pour g\u00e9rer plusieurs t\u00e2ches simultan\u00e9ment. Le four \u00e0 gaz int\u00e9gr\u00e9 offre une capacit\u00e9 g\u00e9n\u00e9reuse pour la cuisson ou le r\u00f4tissage, avec des niveaux r\u00e9glables pour aider \u00e0 organiser les grandes s\u00e9ries. Le contr\u00f4le pr\u00e9cis de la temp\u00e9rature garantit des r\u00e9sultats fiables \u00e0 chaque fois.<\/p>\n<h2>Fiable et pr\u00eat \u00e0 l&#8217;emploi<\/h2>\n<p>Con\u00e7ue pour un usage intensif, cette cuisini\u00e8re est dot\u00e9e d&#8217;un plan de travail monobloc solide et de supports de casseroles en fonte tr\u00e8s r\u00e9sistants. La combinaison d&#8217;une surface sans joint et de coins arrondis am\u00e9liore non seulement la durabilit\u00e9, mais acc\u00e9l\u00e8re \u00e9galement le nettoyage. Les dispositifs de s\u00e9curit\u00e9 tels que les veilleuses, la protection contre les d\u00e9faillances de la flamme et l&#8217;allumage Piezo offrent une grande tranquillit\u00e9 d&#8217;esprit pendant les heures de service.<\/p>\n<h2>Nettoyage rapide, temps d&#8217;arr\u00eat minimal<\/h2>\n<p>Sa partie sup\u00e9rieure sans soudure et ses parties amovibles facilitent le nettoyage apr\u00e8s chaque service. La chambre de cuisson et les glissi\u00e8res en acier inoxydable peuvent \u00eatre nettoy\u00e9es en un rien de temps, ce qui vous aide \u00e0 maintenir un espace de travail professionnel et ordonn\u00e9 sans interrompre votre flux de travail.<\/p>\n<p>D\u00e9couvrez le m\u00e9lange parfait de puissance, de commodit\u00e9 et de durabilit\u00e9 avec le fourneau Maxima Heavy Duty &#8211; votre partenaire fiable dans toutes les cuisines professionnelles. Commandez d\u00e8s maintenant et optimisez vos op\u00e9rations de cuisson.<\/p>\n<p><strong>Caract\u00e9ristiques R\u00e9chaud<\/strong><\/p>\n<ul>\n<li>Dessus monobloc durable avec coins arrondis<\/li>\n<li>Quatre br\u00fbleurs \u00e0 gaz \u00e0 haute efficacit\u00e9 thermique<\/li>\n<li>Supports de casseroles en fonte et br\u00fbleurs chrom\u00e9s<\/li>\n<li>Robinets \u00e0 gaz avec thermocouples pour la s\u00e9curit\u00e9 de la flamme<\/li>\n<li>Lampe pilote et allumage Piezo pour une utilisation rapide et s\u00fbre<\/li>\n<\/ul>\n<p><strong>Caract\u00e9ristiques Four<\/strong><\/p>\n<ul>\n<li>Four \u00e0 gaz adapt\u00e9 aux plaques GN 2\/1<\/li>\n<li>Int\u00e9rieur en acier inoxydable avec glissi\u00e8res amovibles<\/li>\n<li>Syst\u00e8me de grilles chrom\u00e9es \u00e0 trois niveaux<\/li>\n<li>Br\u00fbleurs en acier inoxydable microperfor\u00e9s pour une chaleur homog\u00e8ne<\/li>\n<li>porte du four de 40 mm d&#8217;\u00e9paisseur avec poign\u00e9e isol\u00e9e<\/li>\n<\/ul>\n<p><strong>Caract\u00e9ristiques du produit<\/strong><\/p>\n<ul>\n<li>Poids net : 100 kg<\/li>\n<li>Dimensions : B80 x D70 x H85cm<\/li>\n<li>Puissance des br\u00fbleurs : 2 x 6,0 kW + 2 x 7,5 kW<\/li>\n<li>Puissance du four : 7.0 kW<\/li>\n<li>Puissance totale : 34,0 kW<\/li>\n<li>Injecteurs de gaz install\u00e9s G25-gaz naturel<\/li>\n<\/ul>\n<p><em>Dont<\/em><\/p>\n<ul>\n<li><em>Jeu d&#8217;injecteurs de gaz G30-LPG (propane\/butane)<\/em><\/li>\n<\/ul>\n<p><em>Sans<\/em><\/p>\n<ul>\n<li><em>bacs GN 2\/1<\/em><\/li>\n<\/ul>","protected":false},"excerpt":{"rendered":"<p>Une cuisini\u00e8re \u00e0 gaz tr\u00e8s r\u00e9sistante avec un dessus monobloc, quatre br\u00fbleurs chrom\u00e9s d&#8217;une puissance totale de 27 kW et des supports de casseroles en fonte. Elle dispose \u00e9galement d&#8217;un puissant four de 7 kW qui s&#8217;adapte aux grilles GN 2\/1 ou aux plaques de cuisson. Une solution polyvalente et durable pour les cuisines professionnelles tr\u00e8s fr\u00e9quent\u00e9es, qui s&#8217;adapte \u00e0 une ligne de cuisson de 700 mm de profondeur.<\/p>","protected":false},"featured_media":8925,"template":"","meta":{"_acf_changed":false},"product_brand":[],"product_cat":[495],"product_tag":[],"class_list":{"0":"post-15097","1":"product","2":"type-product","3":"status-publish","4":"has-post-thumbnail","6":"product_cat-plaques-pianos-de-cuisson-2","8":"first","9":"instock","10":"sale","11":"taxable","12":"shipping-taxable","13":"purchasable","14":"product-type-simple"},"acf":[],"yoast_head":"<!-- This site is optimized with the Yoast SEO plugin v27.5 - https:\/\/yoast.com\/product\/yoast-seo-wordpress\/ -->\n<title>Heavy Duty cuisini\u00e8re - 4 br\u00fbleurs - unit\u00e9 double - profondeur 70 cm - 34 kW - gaz avec four - Gastora<\/title>\n<meta name=\"description\" content=\"Achetez Heavy Duty cuisini\u00e8re - 4 br\u00fbleurs - unit\u00e9 double - profondeur 70 cm - 34 kW - gaz avec four au meilleur prix, fiable et performant avec une livraison rapide\" \/>\n<meta name=\"robots\" content=\"index, follow, max-snippet:-1, max-image-preview:large, max-video-preview:-1\" \/>\n<link rel=\"canonical\" href=\"https:\/\/gastora.eu\/en\/product\/heavy-duty-cuisinire-4-brleurs-unit-double-profondeur-70-cm-34-kw-gaz-avec-four\/\" \/>\n<meta property=\"og:locale\" content=\"en_US\" \/>\n<meta property=\"og:type\" content=\"article\" \/>\n<meta property=\"og:title\" content=\"Heavy Duty cuisini\u00e8re - 4 br\u00fbleurs - unit\u00e9 double - profondeur 70 cm - 34 kW - gaz avec four - Gastora\" \/>\n<meta property=\"og:description\" content=\"Achetez Heavy Duty cuisini\u00e8re - 4 br\u00fbleurs - unit\u00e9 double - profondeur 70 cm - 34 kW - gaz avec four au meilleur prix, fiable et performant avec une livraison rapide\" \/>\n<meta property=\"og:url\" content=\"https:\/\/gastora.eu\/en\/product\/heavy-duty-cuisinire-4-brleurs-unit-double-profondeur-70-cm-34-kw-gaz-avec-four\/\" \/>\n<meta property=\"og:site_name\" content=\"Gastora\" \/>\n<meta property=\"article:modified_time\" content=\"2026-04-28T16:57:48+00:00\" \/>\n<meta name=\"twitter:card\" content=\"summary_large_image\" \/>\n<meta name=\"twitter:label1\" content=\"Est. reading time\" \/>\n\t<meta name=\"twitter:data1\" content=\"2 minutes\" \/>\n<script type=\"application\/ld+json\" class=\"yoast-schema-graph\">{\"@context\":\"https:\\\/\\\/schema.org\",\"@graph\":[{\"@type\":\"WebPage\",\"@id\":\"https:\\\/\\\/gastora.eu\\\/product\\\/heavy-duty-cuisinire-4-brleurs-unit-double-profondeur-70-cm-34-kw-gaz-avec-four\\\/\",\"url\":\"https:\\\/\\\/gastora.eu\\\/product\\\/heavy-duty-cuisinire-4-brleurs-unit-double-profondeur-70-cm-34-kw-gaz-avec-four\\\/\",\"name\":\"Heavy Duty cuisini\u00e8re - 4 br\u00fbleurs - unit\u00e9 double - profondeur 70 cm - 34 kW - gaz avec four - Gastora\",\"isPartOf\":{\"@id\":\"https:\\\/\\\/gastora.eu\\\/#website\"},\"primaryImageOfPage\":{\"@id\":\"https:\\\/\\\/gastora.eu\\\/product\\\/heavy-duty-cuisinire-4-brleurs-unit-double-profondeur-70-cm-34-kw-gaz-avec-four\\\/#primaryimage\"},\"image\":{\"@id\":\"https:\\\/\\\/gastora.eu\\\/product\\\/heavy-duty-cuisinire-4-brleurs-unit-double-profondeur-70-cm-34-kw-gaz-avec-four\\\/#primaryimage\"},\"thumbnailUrl\":\"https:\\\/\\\/gastora.eu\\\/wp-content\\\/uploads\\\/2026\\\/04\\\/7865.n1.80708.10l_1_1.jpg\",\"datePublished\":\"2026-04-26T08:51:06+00:00\",\"dateModified\":\"2026-04-28T16:57:48+00:00\",\"description\":\"Achetez Heavy Duty cuisini\u00e8re - 4 br\u00fbleurs - unit\u00e9 double - profondeur 70 cm - 34 kW - gaz avec four au meilleur prix, fiable et performant avec une livraison rapide\",\"breadcrumb\":{\"@id\":\"https:\\\/\\\/gastora.eu\\\/product\\\/heavy-duty-cuisinire-4-brleurs-unit-double-profondeur-70-cm-34-kw-gaz-avec-four\\\/#breadcrumb\"},\"inLanguage\":\"en-US\",\"potentialAction\":[{\"@type\":\"ReadAction\",\"target\":[\"https:\\\/\\\/gastora.eu\\\/product\\\/heavy-duty-cuisinire-4-brleurs-unit-double-profondeur-70-cm-34-kw-gaz-avec-four\\\/\"]}]},{\"@type\":\"ImageObject\",\"inLanguage\":\"en-US\",\"@id\":\"https:\\\/\\\/gastora.eu\\\/product\\\/heavy-duty-cuisinire-4-brleurs-unit-double-profondeur-70-cm-34-kw-gaz-avec-four\\\/#primaryimage\",\"url\":\"https:\\\/\\\/gastora.eu\\\/wp-content\\\/uploads\\\/2026\\\/04\\\/7865.n1.80708.10l_1_1.jpg\",\"contentUrl\":\"https:\\\/\\\/gastora.eu\\\/wp-content\\\/uploads\\\/2026\\\/04\\\/7865.n1.80708.10l_1_1.jpg\",\"width\":1200,\"height\":1200},{\"@type\":\"BreadcrumbList\",\"@id\":\"https:\\\/\\\/gastora.eu\\\/product\\\/heavy-duty-cuisinire-4-brleurs-unit-double-profondeur-70-cm-34-kw-gaz-avec-four\\\/#breadcrumb\",\"itemListElement\":[{\"@type\":\"ListItem\",\"position\":1,\"name\":\"Home\",\"item\":\"https:\\\/\\\/gastora.eu\\\/\"},{\"@type\":\"ListItem\",\"position\":2,\"name\":\"Shop\",\"item\":\"https:\\\/\\\/gastora.eu\\\/shop\\\/\"},{\"@type\":\"ListItem\",\"position\":3,\"name\":\"Heavy Duty cuisini\u00e8re &#8211; 4 br\u00fbleurs &#8211; unit\u00e9 double &#8211; profondeur 70 cm &#8211; 34 kW &#8211; gaz avec four\"}]},{\"@type\":\"WebSite\",\"@id\":\"https:\\\/\\\/gastora.eu\\\/#website\",\"url\":\"https:\\\/\\\/gastora.eu\\\/\",\"name\":\"Gastora\",\"description\":\"\u00c9quipements professionnels CHR\",\"publisher\":{\"@id\":\"https:\\\/\\\/gastora.eu\\\/#organization\"},\"potentialAction\":[{\"@type\":\"SearchAction\",\"target\":{\"@type\":\"EntryPoint\",\"urlTemplate\":\"https:\\\/\\\/gastora.eu\\\/?s={search_term_string}\"},\"query-input\":{\"@type\":\"PropertyValueSpecification\",\"valueRequired\":true,\"valueName\":\"search_term_string\"}}],\"inLanguage\":\"en-US\"},{\"@type\":\"Organization\",\"@id\":\"https:\\\/\\\/gastora.eu\\\/#organization\",\"name\":\"Gastora\",\"url\":\"https:\\\/\\\/gastora.eu\\\/\",\"logo\":{\"@type\":\"ImageObject\",\"inLanguage\":\"en-US\",\"@id\":\"https:\\\/\\\/gastora.eu\\\/#\\\/schema\\\/logo\\\/image\\\/\",\"url\":\"https:\\\/\\\/gastora.eu\\\/wp-content\\\/uploads\\\/2025\\\/12\\\/ChatGPT-Image-2-janv.-2026-22_52_47-1.png\",\"contentUrl\":\"https:\\\/\\\/gastora.eu\\\/wp-content\\\/uploads\\\/2025\\\/12\\\/ChatGPT-Image-2-janv.-2026-22_52_47-1.png\",\"width\":1536,\"height\":320,\"caption\":\"Gastora\"},\"image\":{\"@id\":\"https:\\\/\\\/gastora.eu\\\/#\\\/schema\\\/logo\\\/image\\\/\"}}]}<\/script>\n<!-- \/ Yoast SEO plugin. -->","yoast_head_json":{"title":"Heavy Duty cuisini\u00e8re - 4 br\u00fbleurs - unit\u00e9 double - profondeur 70 cm - 34 kW - gaz avec four - Gastora","description":"Achetez Heavy Duty cuisini\u00e8re - 4 br\u00fbleurs - unit\u00e9 double - profondeur 70 cm - 34 kW - gaz avec four au meilleur prix, fiable et performant avec une livraison rapide","robots":{"index":"index","follow":"follow","max-snippet":"max-snippet:-1","max-image-preview":"max-image-preview:large","max-video-preview":"max-video-preview:-1"},"canonical":"https:\/\/gastora.eu\/en\/product\/heavy-duty-cuisinire-4-brleurs-unit-double-profondeur-70-cm-34-kw-gaz-avec-four\/","og_locale":"en_US","og_type":"article","og_title":"Heavy Duty cuisini\u00e8re - 4 br\u00fbleurs - unit\u00e9 double - profondeur 70 cm - 34 kW - gaz avec four - Gastora","og_description":"Achetez Heavy Duty cuisini\u00e8re - 4 br\u00fbleurs - unit\u00e9 double - profondeur 70 cm - 34 kW - gaz avec four au meilleur prix, fiable et performant avec une livraison rapide","og_url":"https:\/\/gastora.eu\/en\/product\/heavy-duty-cuisinire-4-brleurs-unit-double-profondeur-70-cm-34-kw-gaz-avec-four\/","og_site_name":"Gastora","article_modified_time":"2026-04-28T16:57:48+00:00","twitter_card":"summary_large_image","twitter_misc":{"Est. reading time":"2 minutes"},"schema":{"@context":"https:\/\/schema.org","@graph":[{"@type":"WebPage","@id":"https:\/\/gastora.eu\/product\/heavy-duty-cuisinire-4-brleurs-unit-double-profondeur-70-cm-34-kw-gaz-avec-four\/","url":"https:\/\/gastora.eu\/product\/heavy-duty-cuisinire-4-brleurs-unit-double-profondeur-70-cm-34-kw-gaz-avec-four\/","name":"Heavy Duty cuisini\u00e8re - 4 br\u00fbleurs - unit\u00e9 double - profondeur 70 cm - 34 kW - gaz avec four - Gastora","isPartOf":{"@id":"https:\/\/gastora.eu\/#website"},"primaryImageOfPage":{"@id":"https:\/\/gastora.eu\/product\/heavy-duty-cuisinire-4-brleurs-unit-double-profondeur-70-cm-34-kw-gaz-avec-four\/#primaryimage"},"image":{"@id":"https:\/\/gastora.eu\/product\/heavy-duty-cuisinire-4-brleurs-unit-double-profondeur-70-cm-34-kw-gaz-avec-four\/#primaryimage"},"thumbnailUrl":"https:\/\/gastora.eu\/wp-content\/uploads\/2026\/04\/7865.n1.80708.10l_1_1.jpg","datePublished":"2026-04-26T08:51:06+00:00","dateModified":"2026-04-28T16:57:48+00:00","description":"Achetez Heavy Duty cuisini\u00e8re - 4 br\u00fbleurs - unit\u00e9 double - profondeur 70 cm - 34 kW - gaz avec four au meilleur prix, fiable et performant avec une livraison rapide","breadcrumb":{"@id":"https:\/\/gastora.eu\/product\/heavy-duty-cuisinire-4-brleurs-unit-double-profondeur-70-cm-34-kw-gaz-avec-four\/#breadcrumb"},"inLanguage":"en-US","potentialAction":[{"@type":"ReadAction","target":["https:\/\/gastora.eu\/product\/heavy-duty-cuisinire-4-brleurs-unit-double-profondeur-70-cm-34-kw-gaz-avec-four\/"]}]},{"@type":"ImageObject","inLanguage":"en-US","@id":"https:\/\/gastora.eu\/product\/heavy-duty-cuisinire-4-brleurs-unit-double-profondeur-70-cm-34-kw-gaz-avec-four\/#primaryimage","url":"https:\/\/gastora.eu\/wp-content\/uploads\/2026\/04\/7865.n1.80708.10l_1_1.jpg","contentUrl":"https:\/\/gastora.eu\/wp-content\/uploads\/2026\/04\/7865.n1.80708.10l_1_1.jpg","width":1200,"height":1200},{"@type":"BreadcrumbList","@id":"https:\/\/gastora.eu\/product\/heavy-duty-cuisinire-4-brleurs-unit-double-profondeur-70-cm-34-kw-gaz-avec-four\/#breadcrumb","itemListElement":[{"@type":"ListItem","position":1,"name":"Home","item":"https:\/\/gastora.eu\/"},{"@type":"ListItem","position":2,"name":"Shop","item":"https:\/\/gastora.eu\/shop\/"},{"@type":"ListItem","position":3,"name":"Heavy Duty cuisini\u00e8re &#8211; 4 br\u00fbleurs &#8211; unit\u00e9 double &#8211; profondeur 70 cm &#8211; 34 kW &#8211; gaz avec four"}]},{"@type":"WebSite","@id":"https:\/\/gastora.eu\/#website","url":"https:\/\/gastora.eu\/","name":"Gastora","description":"\u00c9quipements professionnels CHR","publisher":{"@id":"https:\/\/gastora.eu\/#organization"},"potentialAction":[{"@type":"SearchAction","target":{"@type":"EntryPoint","urlTemplate":"https:\/\/gastora.eu\/?s={search_term_string}"},"query-input":{"@type":"PropertyValueSpecification","valueRequired":true,"valueName":"search_term_string"}}],"inLanguage":"en-US"},{"@type":"Organization","@id":"https:\/\/gastora.eu\/#organization","name":"Gastora","url":"https:\/\/gastora.eu\/","logo":{"@type":"ImageObject","inLanguage":"en-US","@id":"https:\/\/gastora.eu\/#\/schema\/logo\/image\/","url":"https:\/\/gastora.eu\/wp-content\/uploads\/2025\/12\/ChatGPT-Image-2-janv.-2026-22_52_47-1.png","contentUrl":"https:\/\/gastora.eu\/wp-content\/uploads\/2025\/12\/ChatGPT-Image-2-janv.-2026-22_52_47-1.png","width":1536,"height":320,"caption":"Gastora"},"image":{"@id":"https:\/\/gastora.eu\/#\/schema\/logo\/image\/"}}]}},"jetpack_sharing_enabled":true,"_links":{"self":[{"href":"https:\/\/gastora.eu\/en\/wp-json\/wp\/v2\/product\/15097","targetHints":{"allow":["GET"]}}],"collection":[{"href":"https:\/\/gastora.eu\/en\/wp-json\/wp\/v2\/product"}],"about":[{"href":"https:\/\/gastora.eu\/en\/wp-json\/wp\/v2\/types\/product"}],"wp:featuredmedia":[{"embeddable":true,"href":"https:\/\/gastora.eu\/en\/wp-json\/wp\/v2\/media\/8925"}],"wp:attachment":[{"href":"https:\/\/gastora.eu\/en\/wp-json\/wp\/v2\/media?parent=15097"}],"wp:term":[{"taxonomy":"product_brand","embeddable":true,"href":"https:\/\/gastora.eu\/en\/wp-json\/wp\/v2\/product_brand?post=15097"},{"taxonomy":"product_cat","embeddable":true,"href":"https:\/\/gastora.eu\/en\/wp-json\/wp\/v2\/product_cat?post=15097"},{"taxonomy":"product_tag","embeddable":true,"href":"https:\/\/gastora.eu\/en\/wp-json\/wp\/v2\/product_tag?post=15097"}],"curies":[{"name":"wp","href":"https:\/\/api.w.org\/{rel}","templated":true}]}}