{"id":15095,"date":"2026-04-26T08:51:04","date_gmt":"2026-04-26T08:51:04","guid":{"rendered":"https:\/\/gastora.eu\/?post_type=product&#038;p=15095"},"modified":"2026-04-28T16:57:48","modified_gmt":"2026-04-28T16:57:48","slug":"heavy-duty-cuisinire-4-brleurs-unit-double-profondeur-70-cm-24-kw-gaz","status":"publish","type":"product","link":"https:\/\/gastora.eu\/en\/product\/heavy-duty-cuisinire-4-brleurs-unit-double-profondeur-70-cm-24-kw-gaz\/","title":{"rendered":"Heavy Duty cuisini\u00e8re &#8211; 4 br\u00fbleurs &#8211; unit\u00e9 double &#8211; profondeur 70 cm &#8211; 24 kW &#8211; gaz"},"content":{"rendered":"<p>Con\u00e7ue pour une utilisation continue et intensive, cette cuisini\u00e8re \u00e0 gaz robuste est \u00e9quip\u00e9e de quatre br\u00fbleurs ouverts \u00e0 combustion optimis\u00e9e et de supports de casseroles en fonte. Con\u00e7ue comme un mod\u00e8le de table, elle est id\u00e9ale pour \u00eatre install\u00e9e sur des tables de travail ou pour faire partie d&#8217;une ligne de cuisson modulaire. La construction durable en acier inoxydable et le plan monobloc sans soudure de l&#8217;appareil le rendent exceptionnellement hygi\u00e9nique et facile \u00e0 entretenir &#8211; parfait pour une utilisation professionnelle dans les restaurants, les h\u00f4tels et les environnements de restauration.<\/p>\n<h2>Con\u00e7u pour une cuisson de haute performance<\/h2>\n<p>Chacun des quatre br\u00fbleurs d\u00e9livre jusqu&#8217;\u00e0 6 kW de puissance et dispose d&#8217;une r\u00e9gulation r\u00e9glable de 2 kW \u00e0 la puissance maximale. Cela permet aux chefs de contr\u00f4ler la chaleur avec pr\u00e9cision pour un large \u00e9ventail de m\u00e9thodes de cuisson. Tous les br\u00fbleurs sont \u00e9quip\u00e9s d&#8217;un dispositif de s\u00e9curit\u00e9 en cas de d\u00e9faillance de la flamme et fonctionnent avec un syst\u00e8me de combustion efficace. Les supports de casseroles en fonte assurent la stabilit\u00e9 pendant la cuisson et sont con\u00e7us pour r\u00e9sister \u00e0 une utilisation intensive au fil du temps.<\/p>\n<h2>Conception robuste<\/h2>\n<p>Fabriqu\u00e9 en acier inoxydable \u00e9pais, ce r\u00e9chaud r\u00e9siste \u00e0 l&#8217;usure quotidienne des cuisines \u00e0 grand volume. Le dessus monobloc est press\u00e9 \u00e0 partir d&#8217;une seule feuille d&#8217;acier, sans joints soud\u00e9s, et pr\u00e9sente des coins internes arrondis pour \u00e9liminer les pi\u00e8ges \u00e0 salet\u00e9s. Les br\u00fbleurs chrom\u00e9s am\u00e9liorent l&#8217;efficacit\u00e9 et la performance de la chaleur, tandis que les boutons de commande ergonomiques garantissent un fonctionnement souple et fiable.<\/p>\n<h2>Facile \u00e0 nettoyer<\/h2>\n<p>Le nettoyage est rapide et simple gr\u00e2ce au plan monobloc lisse et aux surfaces en fonte. L&#8217;absence de coutures ou d&#8217;interstices emp\u00eache les d\u00e9bris alimentaires de s&#8217;accumuler, tandis que les parties amovibles peuvent \u00eatre facilement lav\u00e9es \u00e0 la main avec de l&#8217;eau chaude et un d\u00e9tergent doux. Les parties amovibles peuvent \u00eatre facilement lav\u00e9es \u00e0 la main \u00e0 l&#8217;eau ti\u00e8de et avec un d\u00e9tergent doux.<\/p>\n<p>Une cuisini\u00e8re \u00e0 gaz puissante, s\u00fbre et durable &#8211; id\u00e9ale pour toutes les cuisines professionnelles qui ont besoin de vitesse, de flexibilit\u00e9 et d&#8217;hygi\u00e8ne dans un design compact.<\/p>\n<p><strong>Caract\u00e9ristiques<\/strong><\/p>\n<ul>\n<li>Bo\u00eetier enti\u00e8rement en acier inoxydable pour la durabilit\u00e9 et l&#8217;hygi\u00e8ne<\/li>\n<li>Quatre br\u00fbleurs \u00e0 haut rendement de 6 kW avec r\u00e9glage de la flamme<\/li>\n<li>Dessus monobloc aux angles arrondis, sans soudure et facile \u00e0 nettoyer<\/li>\n<li>Dispositifs de s\u00e9curit\u00e9 en cas de d\u00e9faillance de la flamme sur tous les br\u00fbleurs<\/li>\n<li>Supports de casseroles en fonte pour une stabilit\u00e9 maximale<\/li>\n<li>Br\u00fbleurs chrom\u00e9s pour des performances fiables<\/li>\n<\/ul>\n<p><strong>Caract\u00e9ristiques du produit<\/strong><\/p>\n<ul>\n<li>Poids net : 40 kg<\/li>\n<li>Dimensions de la cuisini\u00e8re : L80 x P70 x H34cm<\/li>\n<li>Dimensions des br\u00fbleurs : \u00d8 27.5cm<\/li>\n<li>Dimensions des supports de casseroles : 2x L55 x P35cm<\/li>\n<li>Puissance des br\u00fbleurs : 4 x 6kW<\/li>\n<li>Puissance totale : 24 kW<\/li>\n<li>Injecteurs de gaz install\u00e9s G25-gaz naturel<\/li>\n<\/ul>\n<p><em>Dont<\/em><\/p>\n<ul>\n<li><em>Jeu d&#8217;injecteurs G30 (GPL) (propane\/butane)<\/em><\/li>\n<li><em>Kit de raccordement<\/em><\/li>\n<li><em>Events d&#8217;air<\/em><\/li>\n<\/ul>","protected":false},"excerpt":{"rendered":"<p>Cette gazini\u00e8re de table Heavy Duty est \u00e9quip\u00e9e de quatre br\u00fbleurs chrom\u00e9s de 6 kW et de supports de casseroles en fonte. Fabriqu\u00e9e en acier inoxydable, elle est dot\u00e9e d&#8217;un plan de cuisson monobloc et d&#8217;une double unit\u00e9. Elle est id\u00e9ale pour les cuisines professionnelles tr\u00e8s occup\u00e9es qui ont besoin de performances fiables et \u00e9lev\u00e9es.<\/p>","protected":false},"featured_media":8921,"template":"","meta":{"_acf_changed":false},"product_brand":[],"product_cat":[495],"product_tag":[],"class_list":{"0":"post-15095","1":"product","2":"type-product","3":"status-publish","4":"has-post-thumbnail","6":"product_cat-plaques-pianos-de-cuisson-2","8":"first","9":"instock","10":"sale","11":"taxable","12":"shipping-taxable","13":"purchasable","14":"product-type-simple"},"acf":[],"yoast_head":"<!-- This site is optimized with the Yoast SEO plugin v27.5 - https:\/\/yoast.com\/product\/yoast-seo-wordpress\/ -->\n<title>Heavy Duty cuisini\u00e8re - 4 br\u00fbleurs - unit\u00e9 double - profondeur 70 cm - 24 kW - gaz - Gastora<\/title>\n<meta name=\"description\" content=\"Achetez Heavy Duty cuisini\u00e8re - 4 br\u00fbleurs - unit\u00e9 double - profondeur 70 cm - 24 kW - gaz au meilleur prix, fiable et performant avec une livraison rapide\" \/>\n<meta name=\"robots\" content=\"index, follow, max-snippet:-1, max-image-preview:large, max-video-preview:-1\" \/>\n<link rel=\"canonical\" href=\"https:\/\/gastora.eu\/en\/product\/heavy-duty-cuisinire-4-brleurs-unit-double-profondeur-70-cm-24-kw-gaz\/\" \/>\n<meta property=\"og:locale\" content=\"en_US\" \/>\n<meta property=\"og:type\" content=\"article\" \/>\n<meta property=\"og:title\" content=\"Heavy Duty cuisini\u00e8re - 4 br\u00fbleurs - unit\u00e9 double - profondeur 70 cm - 24 kW - gaz - Gastora\" \/>\n<meta property=\"og:description\" content=\"Achetez Heavy Duty cuisini\u00e8re - 4 br\u00fbleurs - unit\u00e9 double - profondeur 70 cm - 24 kW - gaz au meilleur prix, fiable et performant avec une livraison rapide\" \/>\n<meta property=\"og:url\" content=\"https:\/\/gastora.eu\/en\/product\/heavy-duty-cuisinire-4-brleurs-unit-double-profondeur-70-cm-24-kw-gaz\/\" \/>\n<meta property=\"og:site_name\" content=\"Gastora\" \/>\n<meta property=\"article:modified_time\" content=\"2026-04-28T16:57:48+00:00\" \/>\n<meta name=\"twitter:card\" content=\"summary_large_image\" \/>\n<meta name=\"twitter:label1\" content=\"Est. reading time\" \/>\n\t<meta name=\"twitter:data1\" content=\"3 minutes\" \/>\n<script type=\"application\/ld+json\" class=\"yoast-schema-graph\">{\"@context\":\"https:\\\/\\\/schema.org\",\"@graph\":[{\"@type\":\"WebPage\",\"@id\":\"https:\\\/\\\/gastora.eu\\\/product\\\/heavy-duty-cuisinire-4-brleurs-unit-double-profondeur-70-cm-24-kw-gaz\\\/\",\"url\":\"https:\\\/\\\/gastora.eu\\\/product\\\/heavy-duty-cuisinire-4-brleurs-unit-double-profondeur-70-cm-24-kw-gaz\\\/\",\"name\":\"Heavy Duty cuisini\u00e8re - 4 br\u00fbleurs - unit\u00e9 double - profondeur 70 cm - 24 kW - gaz - Gastora\",\"isPartOf\":{\"@id\":\"https:\\\/\\\/gastora.eu\\\/#website\"},\"primaryImageOfPage\":{\"@id\":\"https:\\\/\\\/gastora.eu\\\/product\\\/heavy-duty-cuisinire-4-brleurs-unit-double-profondeur-70-cm-24-kw-gaz\\\/#primaryimage\"},\"image\":{\"@id\":\"https:\\\/\\\/gastora.eu\\\/product\\\/heavy-duty-cuisinire-4-brleurs-unit-double-profondeur-70-cm-24-kw-gaz\\\/#primaryimage\"},\"thumbnailUrl\":\"https:\\\/\\\/gastora.eu\\\/wp-content\\\/uploads\\\/2026\\\/04\\\/nieuwste_kookplaat_700_lijn_gas_3.jpg\",\"datePublished\":\"2026-04-26T08:51:04+00:00\",\"dateModified\":\"2026-04-28T16:57:48+00:00\",\"description\":\"Achetez Heavy Duty cuisini\u00e8re - 4 br\u00fbleurs - unit\u00e9 double - profondeur 70 cm - 24 kW - gaz au meilleur prix, fiable et performant avec une livraison rapide\",\"breadcrumb\":{\"@id\":\"https:\\\/\\\/gastora.eu\\\/product\\\/heavy-duty-cuisinire-4-brleurs-unit-double-profondeur-70-cm-24-kw-gaz\\\/#breadcrumb\"},\"inLanguage\":\"en-US\",\"potentialAction\":[{\"@type\":\"ReadAction\",\"target\":[\"https:\\\/\\\/gastora.eu\\\/product\\\/heavy-duty-cuisinire-4-brleurs-unit-double-profondeur-70-cm-24-kw-gaz\\\/\"]}]},{\"@type\":\"ImageObject\",\"inLanguage\":\"en-US\",\"@id\":\"https:\\\/\\\/gastora.eu\\\/product\\\/heavy-duty-cuisinire-4-brleurs-unit-double-profondeur-70-cm-24-kw-gaz\\\/#primaryimage\",\"url\":\"https:\\\/\\\/gastora.eu\\\/wp-content\\\/uploads\\\/2026\\\/04\\\/nieuwste_kookplaat_700_lijn_gas_3.jpg\",\"contentUrl\":\"https:\\\/\\\/gastora.eu\\\/wp-content\\\/uploads\\\/2026\\\/04\\\/nieuwste_kookplaat_700_lijn_gas_3.jpg\",\"width\":1026,\"height\":591},{\"@type\":\"BreadcrumbList\",\"@id\":\"https:\\\/\\\/gastora.eu\\\/product\\\/heavy-duty-cuisinire-4-brleurs-unit-double-profondeur-70-cm-24-kw-gaz\\\/#breadcrumb\",\"itemListElement\":[{\"@type\":\"ListItem\",\"position\":1,\"name\":\"Home\",\"item\":\"https:\\\/\\\/gastora.eu\\\/\"},{\"@type\":\"ListItem\",\"position\":2,\"name\":\"Shop\",\"item\":\"https:\\\/\\\/gastora.eu\\\/shop\\\/\"},{\"@type\":\"ListItem\",\"position\":3,\"name\":\"Heavy Duty cuisini\u00e8re &#8211; 4 br\u00fbleurs &#8211; unit\u00e9 double &#8211; profondeur 70 cm &#8211; 24 kW &#8211; gaz\"}]},{\"@type\":\"WebSite\",\"@id\":\"https:\\\/\\\/gastora.eu\\\/#website\",\"url\":\"https:\\\/\\\/gastora.eu\\\/\",\"name\":\"Gastora\",\"description\":\"\u00c9quipements professionnels CHR\",\"publisher\":{\"@id\":\"https:\\\/\\\/gastora.eu\\\/#organization\"},\"potentialAction\":[{\"@type\":\"SearchAction\",\"target\":{\"@type\":\"EntryPoint\",\"urlTemplate\":\"https:\\\/\\\/gastora.eu\\\/?s={search_term_string}\"},\"query-input\":{\"@type\":\"PropertyValueSpecification\",\"valueRequired\":true,\"valueName\":\"search_term_string\"}}],\"inLanguage\":\"en-US\"},{\"@type\":\"Organization\",\"@id\":\"https:\\\/\\\/gastora.eu\\\/#organization\",\"name\":\"Gastora\",\"url\":\"https:\\\/\\\/gastora.eu\\\/\",\"logo\":{\"@type\":\"ImageObject\",\"inLanguage\":\"en-US\",\"@id\":\"https:\\\/\\\/gastora.eu\\\/#\\\/schema\\\/logo\\\/image\\\/\",\"url\":\"https:\\\/\\\/gastora.eu\\\/wp-content\\\/uploads\\\/2025\\\/12\\\/ChatGPT-Image-2-janv.-2026-22_52_47-1.png\",\"contentUrl\":\"https:\\\/\\\/gastora.eu\\\/wp-content\\\/uploads\\\/2025\\\/12\\\/ChatGPT-Image-2-janv.-2026-22_52_47-1.png\",\"width\":1536,\"height\":320,\"caption\":\"Gastora\"},\"image\":{\"@id\":\"https:\\\/\\\/gastora.eu\\\/#\\\/schema\\\/logo\\\/image\\\/\"}}]}<\/script>\n<!-- \/ Yoast SEO plugin. -->","yoast_head_json":{"title":"Heavy Duty cuisini\u00e8re - 4 br\u00fbleurs - unit\u00e9 double - profondeur 70 cm - 24 kW - gaz - Gastora","description":"Achetez Heavy Duty cuisini\u00e8re - 4 br\u00fbleurs - unit\u00e9 double - profondeur 70 cm - 24 kW - gaz au meilleur prix, fiable et performant avec une livraison rapide","robots":{"index":"index","follow":"follow","max-snippet":"max-snippet:-1","max-image-preview":"max-image-preview:large","max-video-preview":"max-video-preview:-1"},"canonical":"https:\/\/gastora.eu\/en\/product\/heavy-duty-cuisinire-4-brleurs-unit-double-profondeur-70-cm-24-kw-gaz\/","og_locale":"en_US","og_type":"article","og_title":"Heavy Duty cuisini\u00e8re - 4 br\u00fbleurs - unit\u00e9 double - profondeur 70 cm - 24 kW - gaz - Gastora","og_description":"Achetez Heavy Duty cuisini\u00e8re - 4 br\u00fbleurs - unit\u00e9 double - profondeur 70 cm - 24 kW - gaz au meilleur prix, fiable et performant avec une livraison rapide","og_url":"https:\/\/gastora.eu\/en\/product\/heavy-duty-cuisinire-4-brleurs-unit-double-profondeur-70-cm-24-kw-gaz\/","og_site_name":"Gastora","article_modified_time":"2026-04-28T16:57:48+00:00","twitter_card":"summary_large_image","twitter_misc":{"Est. reading time":"3 minutes"},"schema":{"@context":"https:\/\/schema.org","@graph":[{"@type":"WebPage","@id":"https:\/\/gastora.eu\/product\/heavy-duty-cuisinire-4-brleurs-unit-double-profondeur-70-cm-24-kw-gaz\/","url":"https:\/\/gastora.eu\/product\/heavy-duty-cuisinire-4-brleurs-unit-double-profondeur-70-cm-24-kw-gaz\/","name":"Heavy Duty cuisini\u00e8re - 4 br\u00fbleurs - unit\u00e9 double - profondeur 70 cm - 24 kW - gaz - Gastora","isPartOf":{"@id":"https:\/\/gastora.eu\/#website"},"primaryImageOfPage":{"@id":"https:\/\/gastora.eu\/product\/heavy-duty-cuisinire-4-brleurs-unit-double-profondeur-70-cm-24-kw-gaz\/#primaryimage"},"image":{"@id":"https:\/\/gastora.eu\/product\/heavy-duty-cuisinire-4-brleurs-unit-double-profondeur-70-cm-24-kw-gaz\/#primaryimage"},"thumbnailUrl":"https:\/\/gastora.eu\/wp-content\/uploads\/2026\/04\/nieuwste_kookplaat_700_lijn_gas_3.jpg","datePublished":"2026-04-26T08:51:04+00:00","dateModified":"2026-04-28T16:57:48+00:00","description":"Achetez Heavy Duty cuisini\u00e8re - 4 br\u00fbleurs - unit\u00e9 double - profondeur 70 cm - 24 kW - gaz au meilleur prix, fiable et performant avec une livraison rapide","breadcrumb":{"@id":"https:\/\/gastora.eu\/product\/heavy-duty-cuisinire-4-brleurs-unit-double-profondeur-70-cm-24-kw-gaz\/#breadcrumb"},"inLanguage":"en-US","potentialAction":[{"@type":"ReadAction","target":["https:\/\/gastora.eu\/product\/heavy-duty-cuisinire-4-brleurs-unit-double-profondeur-70-cm-24-kw-gaz\/"]}]},{"@type":"ImageObject","inLanguage":"en-US","@id":"https:\/\/gastora.eu\/product\/heavy-duty-cuisinire-4-brleurs-unit-double-profondeur-70-cm-24-kw-gaz\/#primaryimage","url":"https:\/\/gastora.eu\/wp-content\/uploads\/2026\/04\/nieuwste_kookplaat_700_lijn_gas_3.jpg","contentUrl":"https:\/\/gastora.eu\/wp-content\/uploads\/2026\/04\/nieuwste_kookplaat_700_lijn_gas_3.jpg","width":1026,"height":591},{"@type":"BreadcrumbList","@id":"https:\/\/gastora.eu\/product\/heavy-duty-cuisinire-4-brleurs-unit-double-profondeur-70-cm-24-kw-gaz\/#breadcrumb","itemListElement":[{"@type":"ListItem","position":1,"name":"Home","item":"https:\/\/gastora.eu\/"},{"@type":"ListItem","position":2,"name":"Shop","item":"https:\/\/gastora.eu\/shop\/"},{"@type":"ListItem","position":3,"name":"Heavy Duty cuisini\u00e8re &#8211; 4 br\u00fbleurs &#8211; unit\u00e9 double &#8211; profondeur 70 cm &#8211; 24 kW &#8211; gaz"}]},{"@type":"WebSite","@id":"https:\/\/gastora.eu\/#website","url":"https:\/\/gastora.eu\/","name":"Gastora","description":"\u00c9quipements professionnels CHR","publisher":{"@id":"https:\/\/gastora.eu\/#organization"},"potentialAction":[{"@type":"SearchAction","target":{"@type":"EntryPoint","urlTemplate":"https:\/\/gastora.eu\/?s={search_term_string}"},"query-input":{"@type":"PropertyValueSpecification","valueRequired":true,"valueName":"search_term_string"}}],"inLanguage":"en-US"},{"@type":"Organization","@id":"https:\/\/gastora.eu\/#organization","name":"Gastora","url":"https:\/\/gastora.eu\/","logo":{"@type":"ImageObject","inLanguage":"en-US","@id":"https:\/\/gastora.eu\/#\/schema\/logo\/image\/","url":"https:\/\/gastora.eu\/wp-content\/uploads\/2025\/12\/ChatGPT-Image-2-janv.-2026-22_52_47-1.png","contentUrl":"https:\/\/gastora.eu\/wp-content\/uploads\/2025\/12\/ChatGPT-Image-2-janv.-2026-22_52_47-1.png","width":1536,"height":320,"caption":"Gastora"},"image":{"@id":"https:\/\/gastora.eu\/#\/schema\/logo\/image\/"}}]}},"jetpack_sharing_enabled":true,"_links":{"self":[{"href":"https:\/\/gastora.eu\/en\/wp-json\/wp\/v2\/product\/15095","targetHints":{"allow":["GET"]}}],"collection":[{"href":"https:\/\/gastora.eu\/en\/wp-json\/wp\/v2\/product"}],"about":[{"href":"https:\/\/gastora.eu\/en\/wp-json\/wp\/v2\/types\/product"}],"wp:featuredmedia":[{"embeddable":true,"href":"https:\/\/gastora.eu\/en\/wp-json\/wp\/v2\/media\/8921"}],"wp:attachment":[{"href":"https:\/\/gastora.eu\/en\/wp-json\/wp\/v2\/media?parent=15095"}],"wp:term":[{"taxonomy":"product_brand","embeddable":true,"href":"https:\/\/gastora.eu\/en\/wp-json\/wp\/v2\/product_brand?post=15095"},{"taxonomy":"product_cat","embeddable":true,"href":"https:\/\/gastora.eu\/en\/wp-json\/wp\/v2\/product_cat?post=15095"},{"taxonomy":"product_tag","embeddable":true,"href":"https:\/\/gastora.eu\/en\/wp-json\/wp\/v2\/product_tag?post=15095"}],"curies":[{"name":"wp","href":"https:\/\/api.w.org\/{rel}","templated":true}]}}