{"id":15093,"date":"2026-04-26T08:51:02","date_gmt":"2026-04-26T08:51:02","guid":{"rendered":"https:\/\/gastora.eu\/?post_type=product&#038;p=15093"},"modified":"2026-04-28T16:57:48","modified_gmt":"2026-04-28T16:57:48","slug":"ouvre-bote-manuel","status":"publish","type":"product","link":"https:\/\/gastora.eu\/en\/product\/ouvre-bote-manuel\/","title":{"rendered":"Ouvre-bo\u00eete manuel"},"content":{"rendered":"<p>Vous recherchez un ouvre-bo\u00eete fiable et de grande capacit\u00e9 qui ne vous l\u00e2che jamais ? Ce mod\u00e8le manuel allie robustesse, pr\u00e9cision et facilit\u00e9 d&#8217;utilisation. Il est id\u00e9al pour les cuisines occup\u00e9es ou les services de restauration o\u00f9 les bo\u00eetes de conserve doivent \u00eatre ouvertes rapidement et proprement.<\/p>\n<h2>Ouverture rapide des bo\u00eetes de conserve<\/h2>\n<p>Cet ouvre-bo\u00eete robuste se fixe solidement sur n&#8217;importe quel \u00e9tabli solide. Il suffit de placer la bo\u00eete sous la lame et de tourner la poign\u00e9e dans le sens des aiguilles d&#8217;une montre pour ouvrir le couvercle. Il est parfait pour une utilisation r\u00e9p\u00e9t\u00e9e dans les cuisines professionnelles. Sa conception m\u00e9canique simple ne n\u00e9cessite pas d&#8217;\u00e9lectricit\u00e9 &#8211; il suffit de le faire tourner r\u00e9guli\u00e8rement pour obtenir des r\u00e9sultats efficaces.<\/p>\n<h2>Un ouvre-bo\u00eete robuste<\/h2>\n<p>L&#8217;utilisation d&#8217;un ouvre-bo\u00eete manuel permet de r\u00e9duire les co\u00fbts d&#8217;entretien et d&#8217;\u00e9viter les temps d&#8217;arr\u00eat. La lame tranchante et le serrage s\u00fbr garantissent des coupes nettes \u00e0 chaque fois, en limitant les bords irr\u00e9guliers. Fabriqu\u00e9 \u00e0 partir de mat\u00e9riaux r\u00e9sistants, il offre une longue dur\u00e9e de vie m\u00eame en cas de fonctionnement continu &#8211; une valeur et une fiabilit\u00e9 exceptionnelles pour tout environnement de restauration ou de service alimentaire.<\/p>\n<h2>Entretien facile<\/h2>\n<p>Il est facile de maintenir l&#8217;ouvre-bo\u00eete en parfait \u00e9tat. Apr\u00e8s chaque utilisation, essuyez la lame et la pince \u00e0 l&#8217;aide d&#8217;un chiffon humide, puis s\u00e9chez-les soigneusement pour \u00e9viter la corrosion. V\u00e9rifiez p\u00e9riodiquement l&#8217;alignement de la lame et resserrez les fixations desserr\u00e9es. Remplacez facilement la lame lorsqu&#8217;elle s&#8217;\u00e9mousse pour maintenir des performances optimales.<\/p>\n<p>Pr\u00eat \u00e0 rationaliser le travail dans votre cuisine ? Commandez cet ouvre-bo\u00eete manuel d\u00e8s aujourd&#8217;hui et faites l&#8217;exp\u00e9rience d&#8217;une ouverture de bo\u00eete fiable et sans effort.<\/p>\n<p><strong>Caract\u00e9ristiques<br \/><\/strong><\/p>\n<ul>\n<li>M\u00e9canisme manuel mont\u00e9 sur l&#8217;\u00e9tabli<\/li>\n<li>Construction en acier durable<\/li>\n<li>Lame tranchante rempla\u00e7able<\/li>\n<li>Poign\u00e9e ergonomique avec poign\u00e9e rotative<\/li>\n<li>Convient \u00e0 l&#8217;ouverture d&#8217;une large gamme de bo\u00eetes de conserve jusqu&#8217;aux grandes tailles<\/li>\n<\/ul>\n<p><strong>Caract\u00e9ristiques du produit<\/strong><\/p>\n<ul>\n<li>Poids net : 1,5 kg<\/li>\n<li>Dimensions de la machine : B26 x D11.5 x H73cm<\/li>\n<li>Dimensions maximales de la bo\u00eete : \u00d8 18 x H53cm<\/li>\n<li>Fixation : pince d&#8217;\u00e9tabli (\u00e9paisseur de la table 0,5 &#8211; 5,5 cm)<\/li>\n<\/ul>","protected":false},"excerpt":{"rendered":"<p>Un ouvre-bo\u00eete manuel professionnel robuste, dot\u00e9 de lames tranchantes, qui se fixe solidement sur un \u00e9tabli. Il suffit de le fixer et de tourner la poign\u00e9e pour ouvrir facilement les bo\u00eetes de conserve. Gr\u00e2ce \u00e0 son fonctionnement manuel simple, vous pouvez utiliser l&#8217;ouvre-bo\u00eete partout. Con\u00e7u pour les cuisines n\u00e9cessitant une pr\u00e9paration fr\u00e9quente et intensive des bo\u00eetes de conserve.<\/p>","protected":false},"featured_media":8917,"template":"","meta":{"_acf_changed":false},"product_brand":[],"product_cat":[65],"product_tag":[],"class_list":{"0":"post-15093","1":"product","2":"type-product","3":"status-publish","4":"has-post-thumbnail","6":"product_cat-accessoires-consommables","8":"first","9":"instock","10":"sale","11":"taxable","12":"shipping-taxable","13":"purchasable","14":"product-type-simple"},"acf":[],"yoast_head":"<!-- This site is optimized with the Yoast SEO plugin v27.5 - https:\/\/yoast.com\/product\/yoast-seo-wordpress\/ -->\n<title>Ouvre-bo\u00eete manuel - Gastora<\/title>\n<meta name=\"description\" content=\"Achetez Ouvre-bo\u00eete manuel au meilleur prix, fiable et performant avec une livraison rapide\" \/>\n<meta name=\"robots\" content=\"index, follow, max-snippet:-1, max-image-preview:large, max-video-preview:-1\" \/>\n<link rel=\"canonical\" href=\"https:\/\/gastora.eu\/en\/product\/ouvre-bote-manuel\/\" \/>\n<meta property=\"og:locale\" content=\"en_US\" \/>\n<meta property=\"og:type\" content=\"article\" \/>\n<meta property=\"og:title\" content=\"Ouvre-bo\u00eete manuel - Gastora\" \/>\n<meta property=\"og:description\" content=\"Achetez Ouvre-bo\u00eete manuel au meilleur prix, fiable et performant avec une livraison rapide\" \/>\n<meta property=\"og:url\" content=\"https:\/\/gastora.eu\/en\/product\/ouvre-bote-manuel\/\" \/>\n<meta property=\"og:site_name\" content=\"Gastora\" \/>\n<meta property=\"article:modified_time\" content=\"2026-04-28T16:57:48+00:00\" \/>\n<meta name=\"twitter:card\" content=\"summary_large_image\" \/>\n<meta name=\"twitter:label1\" content=\"Est. reading time\" \/>\n\t<meta name=\"twitter:data1\" content=\"2 minutes\" \/>\n<script type=\"application\/ld+json\" class=\"yoast-schema-graph\">{\"@context\":\"https:\\\/\\\/schema.org\",\"@graph\":[{\"@type\":\"WebPage\",\"@id\":\"https:\\\/\\\/gastora.eu\\\/product\\\/ouvre-bote-manuel\\\/\",\"url\":\"https:\\\/\\\/gastora.eu\\\/product\\\/ouvre-bote-manuel\\\/\",\"name\":\"Ouvre-bo\u00eete manuel - Gastora\",\"isPartOf\":{\"@id\":\"https:\\\/\\\/gastora.eu\\\/#website\"},\"primaryImageOfPage\":{\"@id\":\"https:\\\/\\\/gastora.eu\\\/product\\\/ouvre-bote-manuel\\\/#primaryimage\"},\"image\":{\"@id\":\"https:\\\/\\\/gastora.eu\\\/product\\\/ouvre-bote-manuel\\\/#primaryimage\"},\"thumbnailUrl\":\"https:\\\/\\\/gastora.eu\\\/wp-content\\\/uploads\\\/2026\\\/04\\\/250919_09368600_img_001.jpg\",\"datePublished\":\"2026-04-26T08:51:02+00:00\",\"dateModified\":\"2026-04-28T16:57:48+00:00\",\"description\":\"Achetez Ouvre-bo\u00eete manuel au meilleur prix, fiable et performant avec une livraison rapide\",\"breadcrumb\":{\"@id\":\"https:\\\/\\\/gastora.eu\\\/product\\\/ouvre-bote-manuel\\\/#breadcrumb\"},\"inLanguage\":\"en-US\",\"potentialAction\":[{\"@type\":\"ReadAction\",\"target\":[\"https:\\\/\\\/gastora.eu\\\/product\\\/ouvre-bote-manuel\\\/\"]}]},{\"@type\":\"ImageObject\",\"inLanguage\":\"en-US\",\"@id\":\"https:\\\/\\\/gastora.eu\\\/product\\\/ouvre-bote-manuel\\\/#primaryimage\",\"url\":\"https:\\\/\\\/gastora.eu\\\/wp-content\\\/uploads\\\/2026\\\/04\\\/250919_09368600_img_001.jpg\",\"contentUrl\":\"https:\\\/\\\/gastora.eu\\\/wp-content\\\/uploads\\\/2026\\\/04\\\/250919_09368600_img_001.jpg\",\"width\":1200,\"height\":1200},{\"@type\":\"BreadcrumbList\",\"@id\":\"https:\\\/\\\/gastora.eu\\\/product\\\/ouvre-bote-manuel\\\/#breadcrumb\",\"itemListElement\":[{\"@type\":\"ListItem\",\"position\":1,\"name\":\"Home\",\"item\":\"https:\\\/\\\/gastora.eu\\\/\"},{\"@type\":\"ListItem\",\"position\":2,\"name\":\"Shop\",\"item\":\"https:\\\/\\\/gastora.eu\\\/shop\\\/\"},{\"@type\":\"ListItem\",\"position\":3,\"name\":\"Ouvre-bo\u00eete manuel\"}]},{\"@type\":\"WebSite\",\"@id\":\"https:\\\/\\\/gastora.eu\\\/#website\",\"url\":\"https:\\\/\\\/gastora.eu\\\/\",\"name\":\"Gastora\",\"description\":\"\u00c9quipements professionnels CHR\",\"publisher\":{\"@id\":\"https:\\\/\\\/gastora.eu\\\/#organization\"},\"potentialAction\":[{\"@type\":\"SearchAction\",\"target\":{\"@type\":\"EntryPoint\",\"urlTemplate\":\"https:\\\/\\\/gastora.eu\\\/?s={search_term_string}\"},\"query-input\":{\"@type\":\"PropertyValueSpecification\",\"valueRequired\":true,\"valueName\":\"search_term_string\"}}],\"inLanguage\":\"en-US\"},{\"@type\":\"Organization\",\"@id\":\"https:\\\/\\\/gastora.eu\\\/#organization\",\"name\":\"Gastora\",\"url\":\"https:\\\/\\\/gastora.eu\\\/\",\"logo\":{\"@type\":\"ImageObject\",\"inLanguage\":\"en-US\",\"@id\":\"https:\\\/\\\/gastora.eu\\\/#\\\/schema\\\/logo\\\/image\\\/\",\"url\":\"https:\\\/\\\/gastora.eu\\\/wp-content\\\/uploads\\\/2025\\\/12\\\/ChatGPT-Image-2-janv.-2026-22_52_47-1.png\",\"contentUrl\":\"https:\\\/\\\/gastora.eu\\\/wp-content\\\/uploads\\\/2025\\\/12\\\/ChatGPT-Image-2-janv.-2026-22_52_47-1.png\",\"width\":1536,\"height\":320,\"caption\":\"Gastora\"},\"image\":{\"@id\":\"https:\\\/\\\/gastora.eu\\\/#\\\/schema\\\/logo\\\/image\\\/\"}}]}<\/script>\n<!-- \/ Yoast SEO plugin. -->","yoast_head_json":{"title":"Ouvre-bo\u00eete manuel - Gastora","description":"Achetez Ouvre-bo\u00eete manuel au meilleur prix, fiable et performant avec une livraison rapide","robots":{"index":"index","follow":"follow","max-snippet":"max-snippet:-1","max-image-preview":"max-image-preview:large","max-video-preview":"max-video-preview:-1"},"canonical":"https:\/\/gastora.eu\/en\/product\/ouvre-bote-manuel\/","og_locale":"en_US","og_type":"article","og_title":"Ouvre-bo\u00eete manuel - Gastora","og_description":"Achetez Ouvre-bo\u00eete manuel au meilleur prix, fiable et performant avec une livraison rapide","og_url":"https:\/\/gastora.eu\/en\/product\/ouvre-bote-manuel\/","og_site_name":"Gastora","article_modified_time":"2026-04-28T16:57:48+00:00","twitter_card":"summary_large_image","twitter_misc":{"Est. reading time":"2 minutes"},"schema":{"@context":"https:\/\/schema.org","@graph":[{"@type":"WebPage","@id":"https:\/\/gastora.eu\/product\/ouvre-bote-manuel\/","url":"https:\/\/gastora.eu\/product\/ouvre-bote-manuel\/","name":"Ouvre-bo\u00eete manuel - Gastora","isPartOf":{"@id":"https:\/\/gastora.eu\/#website"},"primaryImageOfPage":{"@id":"https:\/\/gastora.eu\/product\/ouvre-bote-manuel\/#primaryimage"},"image":{"@id":"https:\/\/gastora.eu\/product\/ouvre-bote-manuel\/#primaryimage"},"thumbnailUrl":"https:\/\/gastora.eu\/wp-content\/uploads\/2026\/04\/250919_09368600_img_001.jpg","datePublished":"2026-04-26T08:51:02+00:00","dateModified":"2026-04-28T16:57:48+00:00","description":"Achetez Ouvre-bo\u00eete manuel au meilleur prix, fiable et performant avec une livraison rapide","breadcrumb":{"@id":"https:\/\/gastora.eu\/product\/ouvre-bote-manuel\/#breadcrumb"},"inLanguage":"en-US","potentialAction":[{"@type":"ReadAction","target":["https:\/\/gastora.eu\/product\/ouvre-bote-manuel\/"]}]},{"@type":"ImageObject","inLanguage":"en-US","@id":"https:\/\/gastora.eu\/product\/ouvre-bote-manuel\/#primaryimage","url":"https:\/\/gastora.eu\/wp-content\/uploads\/2026\/04\/250919_09368600_img_001.jpg","contentUrl":"https:\/\/gastora.eu\/wp-content\/uploads\/2026\/04\/250919_09368600_img_001.jpg","width":1200,"height":1200},{"@type":"BreadcrumbList","@id":"https:\/\/gastora.eu\/product\/ouvre-bote-manuel\/#breadcrumb","itemListElement":[{"@type":"ListItem","position":1,"name":"Home","item":"https:\/\/gastora.eu\/"},{"@type":"ListItem","position":2,"name":"Shop","item":"https:\/\/gastora.eu\/shop\/"},{"@type":"ListItem","position":3,"name":"Ouvre-bo\u00eete manuel"}]},{"@type":"WebSite","@id":"https:\/\/gastora.eu\/#website","url":"https:\/\/gastora.eu\/","name":"Gastora","description":"\u00c9quipements professionnels CHR","publisher":{"@id":"https:\/\/gastora.eu\/#organization"},"potentialAction":[{"@type":"SearchAction","target":{"@type":"EntryPoint","urlTemplate":"https:\/\/gastora.eu\/?s={search_term_string}"},"query-input":{"@type":"PropertyValueSpecification","valueRequired":true,"valueName":"search_term_string"}}],"inLanguage":"en-US"},{"@type":"Organization","@id":"https:\/\/gastora.eu\/#organization","name":"Gastora","url":"https:\/\/gastora.eu\/","logo":{"@type":"ImageObject","inLanguage":"en-US","@id":"https:\/\/gastora.eu\/#\/schema\/logo\/image\/","url":"https:\/\/gastora.eu\/wp-content\/uploads\/2025\/12\/ChatGPT-Image-2-janv.-2026-22_52_47-1.png","contentUrl":"https:\/\/gastora.eu\/wp-content\/uploads\/2025\/12\/ChatGPT-Image-2-janv.-2026-22_52_47-1.png","width":1536,"height":320,"caption":"Gastora"},"image":{"@id":"https:\/\/gastora.eu\/#\/schema\/logo\/image\/"}}]}},"jetpack_sharing_enabled":true,"_links":{"self":[{"href":"https:\/\/gastora.eu\/en\/wp-json\/wp\/v2\/product\/15093","targetHints":{"allow":["GET"]}}],"collection":[{"href":"https:\/\/gastora.eu\/en\/wp-json\/wp\/v2\/product"}],"about":[{"href":"https:\/\/gastora.eu\/en\/wp-json\/wp\/v2\/types\/product"}],"wp:featuredmedia":[{"embeddable":true,"href":"https:\/\/gastora.eu\/en\/wp-json\/wp\/v2\/media\/8917"}],"wp:attachment":[{"href":"https:\/\/gastora.eu\/en\/wp-json\/wp\/v2\/media?parent=15093"}],"wp:term":[{"taxonomy":"product_brand","embeddable":true,"href":"https:\/\/gastora.eu\/en\/wp-json\/wp\/v2\/product_brand?post=15093"},{"taxonomy":"product_cat","embeddable":true,"href":"https:\/\/gastora.eu\/en\/wp-json\/wp\/v2\/product_cat?post=15093"},{"taxonomy":"product_tag","embeddable":true,"href":"https:\/\/gastora.eu\/en\/wp-json\/wp\/v2\/product_tag?post=15093"}],"curies":[{"name":"wp","href":"https:\/\/api.w.org\/{rel}","templated":true}]}}