{"id":15092,"date":"2026-04-26T08:51:01","date_gmt":"2026-04-26T08:51:01","guid":{"rendered":"https:\/\/gastora.eu\/?post_type=product&#038;p=15092"},"modified":"2026-04-28T16:57:48","modified_gmt":"2026-04-28T16:57:48","slug":"bton-mixeur-manche-36-cm-650w","status":"publish","type":"product","link":"https:\/\/gastora.eu\/en\/product\/bton-mixeur-manche-36-cm-650w\/","title":{"rendered":"B\u00e2ton mixeur &#8211; manche 36 cm &#8211; 650W"},"content":{"rendered":"<p>Pour les chefs qui travaillent r\u00e9guli\u00e8rement avec de grandes quantit\u00e9s ou des r\u00e9cipients profonds, le Maxima Stick Blender &#8211; 36cm Shaft offre une port\u00e9e, une puissance et une pr\u00e9cision in\u00e9gal\u00e9es. Son long manche en acier inoxydable de 36 cm peut \u00eatre immerg\u00e9 jusqu&#8217;\u00e0 27 cm, ce qui vous permet de mixer, de r\u00e9duire en pur\u00e9e et d&#8217;\u00e9mulsionner des ingr\u00e9dients dans des casseroles profondes, des marmites ou des r\u00e9cipients de mesure hauts, sans \u00e9claboussures. L&#8217;extension de la port\u00e9e rend \u00e9galement plus s\u00fbre et plus pratique la r\u00e9alisation de t\u00e2ches de grand volume sans avoir \u00e0 incliner ou \u00e0 d\u00e9placer les r\u00e9cipients.<\/p>\n<h2>Une puissance robuste pour des performances professionnelles<\/h2>\n<p>Ce stick blender est \u00e9quip\u00e9 d&#8217;un moteur ventil\u00e9 de 650 W, offrant un couple constant pour les environnements de cuisine exigeants. Que vous r\u00e9duisiez des l\u00e9gumes en pur\u00e9e, \u00e9mulsionniez des vinaigrettes ou pr\u00e9pariez des sauces, le moteur maintient ses performances pendant de longues sessions de mixage. Pour une protection accrue, le bo\u00eetier du moteur est \u00e9quip\u00e9 d&#8217;un syst\u00e8me de s\u00e9curit\u00e9 contre les surcharges thermiques qui emp\u00eache la surchauffe et prolonge la dur\u00e9e de vie de l&#8217;appareil. La poign\u00e9e ergonomique rev\u00eatue de caoutchouc assure une prise en main confortable et antid\u00e9rapante, m\u00eame avec les mains mouill\u00e9es ou en cas d&#8217;utilisation prolong\u00e9e.<\/p>\n<h2>Vitesse r\u00e9glable pour plus de polyvalence<\/h2>\n<p>La pr\u00e9cision du mixage est facilit\u00e9e par le bouton de r\u00e9glage de la vitesse. La plage de vitesse de 4 000 \u00e0 18 000 tr\/min permet d&#8217;ajuster l&#8217;intensit\u00e9 \u00e0 la vol\u00e9e, ce qui est parfait pour les mousses d\u00e9licates comme pour les pur\u00e9es consistantes. Ce contr\u00f4le facile permet non seulement d&#8217;am\u00e9liorer les r\u00e9sultats, mais aussi de r\u00e9duire le risque de surtraitement ou d&#8217;\u00e9claboussures lors de la manipulation de textures variables.<\/p>\n<h2>Con\u00e7u pour la profondeur et la durabilit\u00e9<\/h2>\n<p>Con\u00e7u pour une utilisation quotidienne \u00e0 long terme, le manche amovible de 36 cm est fabriqu\u00e9 en acier inoxydable durable et se connecte \u00e0 un bo\u00eetier de lame renforc\u00e9 \u00e0 double roulement. La profondeur d&#8217;insertion de 27 cm est id\u00e9ale pour les grands r\u00e9cipients, ce qui permet de rationaliser le travail de pr\u00e9paration dans les cuisines de grande capacit\u00e9 sans sacrifier le contr\u00f4le. Le diam\u00e8tre \u00e9troit de l&#8217;arbre et sa construction bien \u00e9quilibr\u00e9e le rendent \u00e9tonnamment agile, offrant une maniabilit\u00e9 totale m\u00eame en cas d&#8217;utilisation intensive.<\/p>\n<p>Le Maxima Stick Blender permet de pr\u00e9parer facilement de grandes quantit\u00e9s gr\u00e2ce \u00e0 son manche de 36 cm et \u00e0 sa puissance professionnelle de 650 W. Il a \u00e9t\u00e9 con\u00e7u pour r\u00e9pondre aux exigences des cuisines commerciales tr\u00e8s fr\u00e9quent\u00e9es.<\/p>\n<p><strong>Caract\u00e9ristiques<\/strong><\/p>\n<ul>\n<li>tige en acier inoxydable de 36 cm avec une profondeur d&#8217;immersion de 27 cm<\/li>\n<li>moteur ventil\u00e9 haute performance de 650 W avec arr\u00eat de s\u00e9curit\u00e9<\/li>\n<li>Bouton de r\u00e9glage facile de la vitesse (4 000-18 000 tr\/min)<\/li>\n<li>Poign\u00e9e ergonomique recouverte de caoutchouc pour une utilisation sans fatigue<\/li>\n<li>Bo\u00eetier de lame \u00e0 double roulement renforc\u00e9 pour un m\u00e9lange en douceur<\/li>\n<\/ul>\n<p><strong>Caract\u00e9ristiques du produit<\/strong><\/p>\n<ul>\n<li>Poids net : 4,35 kg<\/li>\n<li>Vitesse : 4 000 &#8211; 18 000 tr\/min<\/li>\n<li>Capacit\u00e9 de traitement : 100L<\/li>\n<li>Barre de profondeur d&#8217;insertion : 27cm<\/li>\n<li>Diam\u00e8tre du pied : \u2205 8cm<\/li>\n<li>Dimensions de l&#8217;appareil : L85 x P26 x H12cm<\/li>\n<li>230V \/ 50Hz \/ 1Phase 650 Watt<\/li>\n<\/ul>\n<p><em>Incluant<\/em><\/p>\n<ul>\n<li><em>Arbre amovible de 36 cm en acier inoxydable<\/em><\/li>\n<li><em>Outil d&#8217;extraction de la lame pour un entretien s\u00fbr et facile<\/em><\/li>\n<\/ul>\n<p><em>A l&#8217;exclusion de<\/em><\/p>\n<ul>\n<li><em>Fouet ou arbres d&#8217;autres tailles<\/em><\/li>\n<\/ul>","protected":false},"excerpt":{"rendered":"<p>Ce mixeur ergonomique poss\u00e8de un manche de 36 cm en acier inoxydable et en aluminium avec une profondeur d&#8217;insertion de 27 cm. Son moteur ventil\u00e9 de 650 W est dot\u00e9 d&#8217;une protection contre les surcharges thermiques et de vitesses variables. Ce stick blender est id\u00e9al pour m\u00e9langer, r\u00e9duire en pur\u00e9e, mixer, moudre et battre au quotidien dans une cuisine professionnelle.<\/p>","protected":false},"featured_media":8915,"template":"","meta":{"_acf_changed":false},"product_brand":[],"product_cat":[480],"product_tag":[],"class_list":{"0":"post-15092","1":"product","2":"type-product","3":"status-publish","4":"has-post-thumbnail","6":"product_cat-batteurs-melangeurs-2","8":"first","9":"instock","10":"sale","11":"taxable","12":"shipping-taxable","13":"purchasable","14":"product-type-simple"},"acf":[],"yoast_head":"<!-- This site is optimized with the Yoast SEO plugin v27.5 - https:\/\/yoast.com\/product\/yoast-seo-wordpress\/ -->\n<title>B\u00e2ton mixeur - manche 36 cm - 650W - Gastora<\/title>\n<meta name=\"description\" content=\"Achetez B\u00e2ton mixeur - manche 36 cm - 650W au meilleur prix, fiable et performant avec une livraison rapide\" \/>\n<meta name=\"robots\" content=\"index, follow, max-snippet:-1, max-image-preview:large, max-video-preview:-1\" \/>\n<link rel=\"canonical\" href=\"https:\/\/gastora.eu\/en\/product\/bton-mixeur-manche-36-cm-650w\/\" \/>\n<meta property=\"og:locale\" content=\"en_US\" \/>\n<meta property=\"og:type\" content=\"article\" \/>\n<meta property=\"og:title\" content=\"B\u00e2ton mixeur - manche 36 cm - 650W - Gastora\" \/>\n<meta property=\"og:description\" content=\"Achetez B\u00e2ton mixeur - manche 36 cm - 650W au meilleur prix, fiable et performant avec une livraison rapide\" \/>\n<meta property=\"og:url\" content=\"https:\/\/gastora.eu\/en\/product\/bton-mixeur-manche-36-cm-650w\/\" \/>\n<meta property=\"og:site_name\" content=\"Gastora\" \/>\n<meta property=\"article:modified_time\" content=\"2026-04-28T16:57:48+00:00\" \/>\n<meta name=\"twitter:card\" content=\"summary_large_image\" \/>\n<meta name=\"twitter:label1\" content=\"Est. reading time\" \/>\n\t<meta name=\"twitter:data1\" content=\"3 minutes\" \/>\n<script type=\"application\/ld+json\" class=\"yoast-schema-graph\">{\"@context\":\"https:\\\/\\\/schema.org\",\"@graph\":[{\"@type\":\"WebPage\",\"@id\":\"https:\\\/\\\/gastora.eu\\\/product\\\/bton-mixeur-manche-36-cm-650w\\\/\",\"url\":\"https:\\\/\\\/gastora.eu\\\/product\\\/bton-mixeur-manche-36-cm-650w\\\/\",\"name\":\"B\u00e2ton mixeur - manche 36 cm - 650W - Gastora\",\"isPartOf\":{\"@id\":\"https:\\\/\\\/gastora.eu\\\/#website\"},\"primaryImageOfPage\":{\"@id\":\"https:\\\/\\\/gastora.eu\\\/product\\\/bton-mixeur-manche-36-cm-650w\\\/#primaryimage\"},\"image\":{\"@id\":\"https:\\\/\\\/gastora.eu\\\/product\\\/bton-mixeur-manche-36-cm-650w\\\/#primaryimage\"},\"thumbnailUrl\":\"https:\\\/\\\/gastora.eu\\\/wp-content\\\/uploads\\\/2026\\\/04\\\/250729_08410400_img_004.jpg\",\"datePublished\":\"2026-04-26T08:51:01+00:00\",\"dateModified\":\"2026-04-28T16:57:48+00:00\",\"description\":\"Achetez B\u00e2ton mixeur - manche 36 cm - 650W au meilleur prix, fiable et performant avec une livraison rapide\",\"breadcrumb\":{\"@id\":\"https:\\\/\\\/gastora.eu\\\/product\\\/bton-mixeur-manche-36-cm-650w\\\/#breadcrumb\"},\"inLanguage\":\"en-US\",\"potentialAction\":[{\"@type\":\"ReadAction\",\"target\":[\"https:\\\/\\\/gastora.eu\\\/product\\\/bton-mixeur-manche-36-cm-650w\\\/\"]}]},{\"@type\":\"ImageObject\",\"inLanguage\":\"en-US\",\"@id\":\"https:\\\/\\\/gastora.eu\\\/product\\\/bton-mixeur-manche-36-cm-650w\\\/#primaryimage\",\"url\":\"https:\\\/\\\/gastora.eu\\\/wp-content\\\/uploads\\\/2026\\\/04\\\/250729_08410400_img_004.jpg\",\"contentUrl\":\"https:\\\/\\\/gastora.eu\\\/wp-content\\\/uploads\\\/2026\\\/04\\\/250729_08410400_img_004.jpg\",\"width\":1200,\"height\":1200},{\"@type\":\"BreadcrumbList\",\"@id\":\"https:\\\/\\\/gastora.eu\\\/product\\\/bton-mixeur-manche-36-cm-650w\\\/#breadcrumb\",\"itemListElement\":[{\"@type\":\"ListItem\",\"position\":1,\"name\":\"Home\",\"item\":\"https:\\\/\\\/gastora.eu\\\/\"},{\"@type\":\"ListItem\",\"position\":2,\"name\":\"Shop\",\"item\":\"https:\\\/\\\/gastora.eu\\\/shop\\\/\"},{\"@type\":\"ListItem\",\"position\":3,\"name\":\"B\u00e2ton mixeur &#8211; manche 36 cm &#8211; 650W\"}]},{\"@type\":\"WebSite\",\"@id\":\"https:\\\/\\\/gastora.eu\\\/#website\",\"url\":\"https:\\\/\\\/gastora.eu\\\/\",\"name\":\"Gastora\",\"description\":\"\u00c9quipements professionnels CHR\",\"publisher\":{\"@id\":\"https:\\\/\\\/gastora.eu\\\/#organization\"},\"potentialAction\":[{\"@type\":\"SearchAction\",\"target\":{\"@type\":\"EntryPoint\",\"urlTemplate\":\"https:\\\/\\\/gastora.eu\\\/?s={search_term_string}\"},\"query-input\":{\"@type\":\"PropertyValueSpecification\",\"valueRequired\":true,\"valueName\":\"search_term_string\"}}],\"inLanguage\":\"en-US\"},{\"@type\":\"Organization\",\"@id\":\"https:\\\/\\\/gastora.eu\\\/#organization\",\"name\":\"Gastora\",\"url\":\"https:\\\/\\\/gastora.eu\\\/\",\"logo\":{\"@type\":\"ImageObject\",\"inLanguage\":\"en-US\",\"@id\":\"https:\\\/\\\/gastora.eu\\\/#\\\/schema\\\/logo\\\/image\\\/\",\"url\":\"https:\\\/\\\/gastora.eu\\\/wp-content\\\/uploads\\\/2025\\\/12\\\/ChatGPT-Image-2-janv.-2026-22_52_47-1.png\",\"contentUrl\":\"https:\\\/\\\/gastora.eu\\\/wp-content\\\/uploads\\\/2025\\\/12\\\/ChatGPT-Image-2-janv.-2026-22_52_47-1.png\",\"width\":1536,\"height\":320,\"caption\":\"Gastora\"},\"image\":{\"@id\":\"https:\\\/\\\/gastora.eu\\\/#\\\/schema\\\/logo\\\/image\\\/\"}}]}<\/script>\n<!-- \/ Yoast SEO plugin. -->","yoast_head_json":{"title":"B\u00e2ton mixeur - manche 36 cm - 650W - Gastora","description":"Achetez B\u00e2ton mixeur - manche 36 cm - 650W au meilleur prix, fiable et performant avec une livraison rapide","robots":{"index":"index","follow":"follow","max-snippet":"max-snippet:-1","max-image-preview":"max-image-preview:large","max-video-preview":"max-video-preview:-1"},"canonical":"https:\/\/gastora.eu\/en\/product\/bton-mixeur-manche-36-cm-650w\/","og_locale":"en_US","og_type":"article","og_title":"B\u00e2ton mixeur - manche 36 cm - 650W - Gastora","og_description":"Achetez B\u00e2ton mixeur - manche 36 cm - 650W au meilleur prix, fiable et performant avec une livraison rapide","og_url":"https:\/\/gastora.eu\/en\/product\/bton-mixeur-manche-36-cm-650w\/","og_site_name":"Gastora","article_modified_time":"2026-04-28T16:57:48+00:00","twitter_card":"summary_large_image","twitter_misc":{"Est. reading time":"3 minutes"},"schema":{"@context":"https:\/\/schema.org","@graph":[{"@type":"WebPage","@id":"https:\/\/gastora.eu\/product\/bton-mixeur-manche-36-cm-650w\/","url":"https:\/\/gastora.eu\/product\/bton-mixeur-manche-36-cm-650w\/","name":"B\u00e2ton mixeur - manche 36 cm - 650W - Gastora","isPartOf":{"@id":"https:\/\/gastora.eu\/#website"},"primaryImageOfPage":{"@id":"https:\/\/gastora.eu\/product\/bton-mixeur-manche-36-cm-650w\/#primaryimage"},"image":{"@id":"https:\/\/gastora.eu\/product\/bton-mixeur-manche-36-cm-650w\/#primaryimage"},"thumbnailUrl":"https:\/\/gastora.eu\/wp-content\/uploads\/2026\/04\/250729_08410400_img_004.jpg","datePublished":"2026-04-26T08:51:01+00:00","dateModified":"2026-04-28T16:57:48+00:00","description":"Achetez B\u00e2ton mixeur - manche 36 cm - 650W au meilleur prix, fiable et performant avec une livraison rapide","breadcrumb":{"@id":"https:\/\/gastora.eu\/product\/bton-mixeur-manche-36-cm-650w\/#breadcrumb"},"inLanguage":"en-US","potentialAction":[{"@type":"ReadAction","target":["https:\/\/gastora.eu\/product\/bton-mixeur-manche-36-cm-650w\/"]}]},{"@type":"ImageObject","inLanguage":"en-US","@id":"https:\/\/gastora.eu\/product\/bton-mixeur-manche-36-cm-650w\/#primaryimage","url":"https:\/\/gastora.eu\/wp-content\/uploads\/2026\/04\/250729_08410400_img_004.jpg","contentUrl":"https:\/\/gastora.eu\/wp-content\/uploads\/2026\/04\/250729_08410400_img_004.jpg","width":1200,"height":1200},{"@type":"BreadcrumbList","@id":"https:\/\/gastora.eu\/product\/bton-mixeur-manche-36-cm-650w\/#breadcrumb","itemListElement":[{"@type":"ListItem","position":1,"name":"Home","item":"https:\/\/gastora.eu\/"},{"@type":"ListItem","position":2,"name":"Shop","item":"https:\/\/gastora.eu\/shop\/"},{"@type":"ListItem","position":3,"name":"B\u00e2ton mixeur &#8211; manche 36 cm &#8211; 650W"}]},{"@type":"WebSite","@id":"https:\/\/gastora.eu\/#website","url":"https:\/\/gastora.eu\/","name":"Gastora","description":"\u00c9quipements professionnels CHR","publisher":{"@id":"https:\/\/gastora.eu\/#organization"},"potentialAction":[{"@type":"SearchAction","target":{"@type":"EntryPoint","urlTemplate":"https:\/\/gastora.eu\/?s={search_term_string}"},"query-input":{"@type":"PropertyValueSpecification","valueRequired":true,"valueName":"search_term_string"}}],"inLanguage":"en-US"},{"@type":"Organization","@id":"https:\/\/gastora.eu\/#organization","name":"Gastora","url":"https:\/\/gastora.eu\/","logo":{"@type":"ImageObject","inLanguage":"en-US","@id":"https:\/\/gastora.eu\/#\/schema\/logo\/image\/","url":"https:\/\/gastora.eu\/wp-content\/uploads\/2025\/12\/ChatGPT-Image-2-janv.-2026-22_52_47-1.png","contentUrl":"https:\/\/gastora.eu\/wp-content\/uploads\/2025\/12\/ChatGPT-Image-2-janv.-2026-22_52_47-1.png","width":1536,"height":320,"caption":"Gastora"},"image":{"@id":"https:\/\/gastora.eu\/#\/schema\/logo\/image\/"}}]}},"jetpack_sharing_enabled":true,"_links":{"self":[{"href":"https:\/\/gastora.eu\/en\/wp-json\/wp\/v2\/product\/15092","targetHints":{"allow":["GET"]}}],"collection":[{"href":"https:\/\/gastora.eu\/en\/wp-json\/wp\/v2\/product"}],"about":[{"href":"https:\/\/gastora.eu\/en\/wp-json\/wp\/v2\/types\/product"}],"wp:featuredmedia":[{"embeddable":true,"href":"https:\/\/gastora.eu\/en\/wp-json\/wp\/v2\/media\/8915"}],"wp:attachment":[{"href":"https:\/\/gastora.eu\/en\/wp-json\/wp\/v2\/media?parent=15092"}],"wp:term":[{"taxonomy":"product_brand","embeddable":true,"href":"https:\/\/gastora.eu\/en\/wp-json\/wp\/v2\/product_brand?post=15092"},{"taxonomy":"product_cat","embeddable":true,"href":"https:\/\/gastora.eu\/en\/wp-json\/wp\/v2\/product_cat?post=15092"},{"taxonomy":"product_tag","embeddable":true,"href":"https:\/\/gastora.eu\/en\/wp-json\/wp\/v2\/product_tag?post=15092"}],"curies":[{"name":"wp","href":"https:\/\/api.w.org\/{rel}","templated":true}]}}