{"id":15091,"date":"2026-04-26T08:51:00","date_gmt":"2026-04-26T08:51:00","guid":{"rendered":"https:\/\/gastora.eu\/?post_type=product&#038;p=15091"},"modified":"2026-04-28T16:57:48","modified_gmt":"2026-04-28T16:57:48","slug":"bton-mixeur-manche-16-cm-450w","status":"publish","type":"product","link":"https:\/\/gastora.eu\/en\/product\/bton-mixeur-manche-16-cm-450w\/","title":{"rendered":"B\u00e2ton mixeur &#8211; manche 16 cm &#8211; 450W"},"content":{"rendered":"<p>Con\u00e7u pour la vitesse, le confort et la performance compacte, le Maxima Stick Blender &#8211; 16cm Shaft est la solution id\u00e9ale pour les chefs et le personnel de cuisine qui travaillent avec de petits volumes. Gr\u00e2ce \u00e0 sa profondeur d&#8217;insertion plus courte de 13 cm, ce mixeur \u00e0 b\u00e2ton est facile \u00e0 man\u0153uvrer dans les casseroles peu profondes, les tasses \u00e0 mesurer et les r\u00e9cipients \u00e0 sauce. Sa construction l\u00e9g\u00e8re et son manche \u00e9troit en font un choix pratique pour les t\u00e2ches quotidiennes telles que le m\u00e9lange de vinaigrettes, la pr\u00e9paration de p\u00e2tes l\u00e9g\u00e8res ou l&#8217;\u00e9mulsification de sauces.<\/p>\n<h2>Conception ergonomique et puissante<\/h2>\n<p>Ce mod\u00e8le est \u00e9quip\u00e9 d&#8217;un moteur ventil\u00e9 de 450 W, suffisamment puissant pour une utilisation continue dans les cuisines exigeantes. Malgr\u00e9 sa taille compacte, il offre des performances fiables, avec une protection contre les surcharges thermiques int\u00e9gr\u00e9e pour plus de s\u00e9curit\u00e9. La poign\u00e9e ergonomique avec grip caoutchout\u00e9 assure un excellent contr\u00f4le et un grand confort, m\u00eame en cas d&#8217;utilisation prolong\u00e9e. Les commandes intuitives permettent d&#8217;utiliser l&#8217;appareil d&#8217;une seule main.<\/p>\n<h2>Un contr\u00f4le de la vitesse pour chaque t\u00e2che<\/h2>\n<p>Que vous montiez des blancs en neige, mixiez des soupes ou m\u00e9langiez des marinades, la plage de vitesse r\u00e9glable de 4 000 \u00e0 16 000 tr\/min vous offre un contr\u00f4le total. Le bouton de vitesse permet d&#8217;augmenter ou de r\u00e9duire instantan\u00e9ment l&#8217;intensit\u00e9 du mixage, en s&#8217;adaptant en temps r\u00e9el aux changements de textures et de volumes. Ce niveau de pr\u00e9cision permet d&#8217;obtenir des r\u00e9sultats plus homog\u00e8nes, notamment lorsque vous travaillez avec des ingr\u00e9dients d\u00e9licats ou des pr\u00e9parations en couches.<\/p>\n<h2>Con\u00e7u pour une utilisation polyvalente en petites quantit\u00e9s<\/h2>\n<p>Le manche de 16 cm, en acier inoxydable de haute qualit\u00e9, est amovible pour faciliter le nettoyage et la manipulation. Sa profondeur d&#8217;insertion effective de 13 cm est id\u00e9ale pour les r\u00e9cipients peu profonds, r\u00e9duisant ainsi le risque d&#8217;\u00e9claboussures ou de surm\u00e9lange. Gr\u00e2ce \u00e0 son design \u00e9pur\u00e9, ce mixeur s&#8217;int\u00e8gre facilement dans les cuisines \u00e9troites et compl\u00e8te les autres outils de pr\u00e9paration sans encombrer l&#8217;espace de travail. Malgr\u00e9 son encombrement r\u00e9duit, il offre les m\u00eames performances de haut niveau que celles que vous attendez d&#8217;un mod\u00e8le professionnel de taille normale.<\/p>\n<p>Obtenez des r\u00e9sultats de niveau professionnel avec le Maxima Stick Blender 16cm shaft &#8211; une puissance de 450W con\u00e7ue pour la pr\u00e9cision des petites pr\u00e9parations et la fiabilit\u00e9 au quotidien.<\/p>\n<p><strong>Caract\u00e9ristiques<\/strong><\/p>\n<ul>\n<li>manche en acier inoxydable de 16 cm (profondeur d&#8217;insertion de 13 cm)<\/li>\n<li>Puissant moteur ventil\u00e9 de 450 W avec interrupteur de s\u00e9curit\u00e9 thermique<\/li>\n<li>Vitesse variable (4 000-16 000 tr\/min)<\/li>\n<li>Poign\u00e9e ergonomique caoutchout\u00e9e pour une utilisation confortable d&#8217;une seule main<\/li>\n<li>Arbre amovible avec logement de lame \u00e0 double roulement<\/li>\n<li>Bouton de vitesse facile \u00e0 utiliser pour un r\u00e9glage pr\u00e9cis de la vitesse<\/li>\n<\/ul>\n<p><strong>Caract\u00e9ristiques du produit<\/strong><\/p>\n<ul>\n<li>Poids net : 3,32 kg<\/li>\n<li>Vitesse : 4000-16000RPM<\/li>\n<li>Capacit\u00e9 de traitement : 10l<strong><br \/><\/strong><\/li>\n<li>Barre de profondeur d&#8217;insertion : 13cm<\/li>\n<li>Diam\u00e8tre du pied : \u2205 8cm<strong><br \/><\/strong><\/li>\n<li>Dimensions de l&#8217;appareil : L65 x P26 x H10cm<\/li>\n<li>230V \/ 50Hz \/ 1Phase 450 Watt<\/li>\n<\/ul>\n<p><em>Incluant<\/em><\/p>\n<ul>\n<li style=\"font-style: italic;\"><em>Arbre amovible en acier inoxydable &#8211; 16cm<\/em><\/li>\n<li style=\"font-style: italic;\"><em>Kit de d\u00e9montage du couteau<\/em><\/li>\n<\/ul>\n<p><em>A l&#8217;exclusion de<\/em><\/p>\n<ul>\n<li style=\"font-style: italic;\"><em>Un fouet ou des arbres d&#8217;autres tailles<\/em><\/li>\n<\/ul>","protected":false},"excerpt":{"rendered":"<p>Ce mixeur ergonomique est dot\u00e9 d&#8217;un manche en acier inoxydable de 16 cm et d&#8217;une profondeur d&#8217;insertion de 13 cm. Son moteur ventil\u00e9 de 450 W est dot\u00e9 d&#8217;une protection contre les surcharges thermiques et d&#8217;un interrupteur de contr\u00f4le de la vitesse variable. Ce stick blender est id\u00e9al pour m\u00e9langer, r\u00e9duire en pur\u00e9e, mixer, moudre et battre au quotidien dans une cuisine professionnelle.<\/p>","protected":false},"featured_media":8913,"template":"","meta":{"_acf_changed":false},"product_brand":[],"product_cat":[480],"product_tag":[],"class_list":{"0":"post-15091","1":"product","2":"type-product","3":"status-publish","4":"has-post-thumbnail","6":"product_cat-batteurs-melangeurs-2","8":"first","9":"instock","10":"sale","11":"taxable","12":"shipping-taxable","13":"purchasable","14":"product-type-simple"},"acf":[],"yoast_head":"<!-- This site is optimized with the Yoast SEO plugin v27.5 - https:\/\/yoast.com\/product\/yoast-seo-wordpress\/ -->\n<title>B\u00e2ton mixeur - manche 16 cm - 450W - Gastora<\/title>\n<meta name=\"description\" content=\"Achetez B\u00e2ton mixeur - manche 16 cm - 450W au meilleur prix, fiable et performant avec une livraison rapide\" \/>\n<meta name=\"robots\" content=\"index, follow, max-snippet:-1, max-image-preview:large, max-video-preview:-1\" \/>\n<link rel=\"canonical\" href=\"https:\/\/gastora.eu\/en\/product\/bton-mixeur-manche-16-cm-450w\/\" \/>\n<meta property=\"og:locale\" content=\"en_US\" \/>\n<meta property=\"og:type\" content=\"article\" \/>\n<meta property=\"og:title\" content=\"B\u00e2ton mixeur - manche 16 cm - 450W - Gastora\" \/>\n<meta property=\"og:description\" content=\"Achetez B\u00e2ton mixeur - manche 16 cm - 450W au meilleur prix, fiable et performant avec une livraison rapide\" \/>\n<meta property=\"og:url\" content=\"https:\/\/gastora.eu\/en\/product\/bton-mixeur-manche-16-cm-450w\/\" \/>\n<meta property=\"og:site_name\" content=\"Gastora\" \/>\n<meta property=\"article:modified_time\" content=\"2026-04-28T16:57:48+00:00\" \/>\n<meta name=\"twitter:card\" content=\"summary_large_image\" \/>\n<meta name=\"twitter:label1\" content=\"Est. reading time\" \/>\n\t<meta name=\"twitter:data1\" content=\"3 minutes\" \/>\n<script type=\"application\/ld+json\" class=\"yoast-schema-graph\">{\"@context\":\"https:\\\/\\\/schema.org\",\"@graph\":[{\"@type\":\"WebPage\",\"@id\":\"https:\\\/\\\/gastora.eu\\\/product\\\/bton-mixeur-manche-16-cm-450w\\\/\",\"url\":\"https:\\\/\\\/gastora.eu\\\/product\\\/bton-mixeur-manche-16-cm-450w\\\/\",\"name\":\"B\u00e2ton mixeur - manche 16 cm - 450W - Gastora\",\"isPartOf\":{\"@id\":\"https:\\\/\\\/gastora.eu\\\/#website\"},\"primaryImageOfPage\":{\"@id\":\"https:\\\/\\\/gastora.eu\\\/product\\\/bton-mixeur-manche-16-cm-450w\\\/#primaryimage\"},\"image\":{\"@id\":\"https:\\\/\\\/gastora.eu\\\/product\\\/bton-mixeur-manche-16-cm-450w\\\/#primaryimage\"},\"thumbnailUrl\":\"https:\\\/\\\/gastora.eu\\\/wp-content\\\/uploads\\\/2026\\\/04\\\/250729_08410300_img_001.jpg\",\"datePublished\":\"2026-04-26T08:51:00+00:00\",\"dateModified\":\"2026-04-28T16:57:48+00:00\",\"description\":\"Achetez B\u00e2ton mixeur - manche 16 cm - 450W au meilleur prix, fiable et performant avec une livraison rapide\",\"breadcrumb\":{\"@id\":\"https:\\\/\\\/gastora.eu\\\/product\\\/bton-mixeur-manche-16-cm-450w\\\/#breadcrumb\"},\"inLanguage\":\"en-US\",\"potentialAction\":[{\"@type\":\"ReadAction\",\"target\":[\"https:\\\/\\\/gastora.eu\\\/product\\\/bton-mixeur-manche-16-cm-450w\\\/\"]}]},{\"@type\":\"ImageObject\",\"inLanguage\":\"en-US\",\"@id\":\"https:\\\/\\\/gastora.eu\\\/product\\\/bton-mixeur-manche-16-cm-450w\\\/#primaryimage\",\"url\":\"https:\\\/\\\/gastora.eu\\\/wp-content\\\/uploads\\\/2026\\\/04\\\/250729_08410300_img_001.jpg\",\"contentUrl\":\"https:\\\/\\\/gastora.eu\\\/wp-content\\\/uploads\\\/2026\\\/04\\\/250729_08410300_img_001.jpg\",\"width\":1200,\"height\":1200},{\"@type\":\"BreadcrumbList\",\"@id\":\"https:\\\/\\\/gastora.eu\\\/product\\\/bton-mixeur-manche-16-cm-450w\\\/#breadcrumb\",\"itemListElement\":[{\"@type\":\"ListItem\",\"position\":1,\"name\":\"Home\",\"item\":\"https:\\\/\\\/gastora.eu\\\/\"},{\"@type\":\"ListItem\",\"position\":2,\"name\":\"Shop\",\"item\":\"https:\\\/\\\/gastora.eu\\\/shop\\\/\"},{\"@type\":\"ListItem\",\"position\":3,\"name\":\"B\u00e2ton mixeur &#8211; manche 16 cm &#8211; 450W\"}]},{\"@type\":\"WebSite\",\"@id\":\"https:\\\/\\\/gastora.eu\\\/#website\",\"url\":\"https:\\\/\\\/gastora.eu\\\/\",\"name\":\"Gastora\",\"description\":\"\u00c9quipements professionnels CHR\",\"publisher\":{\"@id\":\"https:\\\/\\\/gastora.eu\\\/#organization\"},\"potentialAction\":[{\"@type\":\"SearchAction\",\"target\":{\"@type\":\"EntryPoint\",\"urlTemplate\":\"https:\\\/\\\/gastora.eu\\\/?s={search_term_string}\"},\"query-input\":{\"@type\":\"PropertyValueSpecification\",\"valueRequired\":true,\"valueName\":\"search_term_string\"}}],\"inLanguage\":\"en-US\"},{\"@type\":\"Organization\",\"@id\":\"https:\\\/\\\/gastora.eu\\\/#organization\",\"name\":\"Gastora\",\"url\":\"https:\\\/\\\/gastora.eu\\\/\",\"logo\":{\"@type\":\"ImageObject\",\"inLanguage\":\"en-US\",\"@id\":\"https:\\\/\\\/gastora.eu\\\/#\\\/schema\\\/logo\\\/image\\\/\",\"url\":\"https:\\\/\\\/gastora.eu\\\/wp-content\\\/uploads\\\/2025\\\/12\\\/ChatGPT-Image-2-janv.-2026-22_52_47-1.png\",\"contentUrl\":\"https:\\\/\\\/gastora.eu\\\/wp-content\\\/uploads\\\/2025\\\/12\\\/ChatGPT-Image-2-janv.-2026-22_52_47-1.png\",\"width\":1536,\"height\":320,\"caption\":\"Gastora\"},\"image\":{\"@id\":\"https:\\\/\\\/gastora.eu\\\/#\\\/schema\\\/logo\\\/image\\\/\"}}]}<\/script>\n<!-- \/ Yoast SEO plugin. -->","yoast_head_json":{"title":"B\u00e2ton mixeur - manche 16 cm - 450W - Gastora","description":"Achetez B\u00e2ton mixeur - manche 16 cm - 450W au meilleur prix, fiable et performant avec une livraison rapide","robots":{"index":"index","follow":"follow","max-snippet":"max-snippet:-1","max-image-preview":"max-image-preview:large","max-video-preview":"max-video-preview:-1"},"canonical":"https:\/\/gastora.eu\/en\/product\/bton-mixeur-manche-16-cm-450w\/","og_locale":"en_US","og_type":"article","og_title":"B\u00e2ton mixeur - manche 16 cm - 450W - Gastora","og_description":"Achetez B\u00e2ton mixeur - manche 16 cm - 450W au meilleur prix, fiable et performant avec une livraison rapide","og_url":"https:\/\/gastora.eu\/en\/product\/bton-mixeur-manche-16-cm-450w\/","og_site_name":"Gastora","article_modified_time":"2026-04-28T16:57:48+00:00","twitter_card":"summary_large_image","twitter_misc":{"Est. reading time":"3 minutes"},"schema":{"@context":"https:\/\/schema.org","@graph":[{"@type":"WebPage","@id":"https:\/\/gastora.eu\/product\/bton-mixeur-manche-16-cm-450w\/","url":"https:\/\/gastora.eu\/product\/bton-mixeur-manche-16-cm-450w\/","name":"B\u00e2ton mixeur - manche 16 cm - 450W - Gastora","isPartOf":{"@id":"https:\/\/gastora.eu\/#website"},"primaryImageOfPage":{"@id":"https:\/\/gastora.eu\/product\/bton-mixeur-manche-16-cm-450w\/#primaryimage"},"image":{"@id":"https:\/\/gastora.eu\/product\/bton-mixeur-manche-16-cm-450w\/#primaryimage"},"thumbnailUrl":"https:\/\/gastora.eu\/wp-content\/uploads\/2026\/04\/250729_08410300_img_001.jpg","datePublished":"2026-04-26T08:51:00+00:00","dateModified":"2026-04-28T16:57:48+00:00","description":"Achetez B\u00e2ton mixeur - manche 16 cm - 450W au meilleur prix, fiable et performant avec une livraison rapide","breadcrumb":{"@id":"https:\/\/gastora.eu\/product\/bton-mixeur-manche-16-cm-450w\/#breadcrumb"},"inLanguage":"en-US","potentialAction":[{"@type":"ReadAction","target":["https:\/\/gastora.eu\/product\/bton-mixeur-manche-16-cm-450w\/"]}]},{"@type":"ImageObject","inLanguage":"en-US","@id":"https:\/\/gastora.eu\/product\/bton-mixeur-manche-16-cm-450w\/#primaryimage","url":"https:\/\/gastora.eu\/wp-content\/uploads\/2026\/04\/250729_08410300_img_001.jpg","contentUrl":"https:\/\/gastora.eu\/wp-content\/uploads\/2026\/04\/250729_08410300_img_001.jpg","width":1200,"height":1200},{"@type":"BreadcrumbList","@id":"https:\/\/gastora.eu\/product\/bton-mixeur-manche-16-cm-450w\/#breadcrumb","itemListElement":[{"@type":"ListItem","position":1,"name":"Home","item":"https:\/\/gastora.eu\/"},{"@type":"ListItem","position":2,"name":"Shop","item":"https:\/\/gastora.eu\/shop\/"},{"@type":"ListItem","position":3,"name":"B\u00e2ton mixeur &#8211; manche 16 cm &#8211; 450W"}]},{"@type":"WebSite","@id":"https:\/\/gastora.eu\/#website","url":"https:\/\/gastora.eu\/","name":"Gastora","description":"\u00c9quipements professionnels CHR","publisher":{"@id":"https:\/\/gastora.eu\/#organization"},"potentialAction":[{"@type":"SearchAction","target":{"@type":"EntryPoint","urlTemplate":"https:\/\/gastora.eu\/?s={search_term_string}"},"query-input":{"@type":"PropertyValueSpecification","valueRequired":true,"valueName":"search_term_string"}}],"inLanguage":"en-US"},{"@type":"Organization","@id":"https:\/\/gastora.eu\/#organization","name":"Gastora","url":"https:\/\/gastora.eu\/","logo":{"@type":"ImageObject","inLanguage":"en-US","@id":"https:\/\/gastora.eu\/#\/schema\/logo\/image\/","url":"https:\/\/gastora.eu\/wp-content\/uploads\/2025\/12\/ChatGPT-Image-2-janv.-2026-22_52_47-1.png","contentUrl":"https:\/\/gastora.eu\/wp-content\/uploads\/2025\/12\/ChatGPT-Image-2-janv.-2026-22_52_47-1.png","width":1536,"height":320,"caption":"Gastora"},"image":{"@id":"https:\/\/gastora.eu\/#\/schema\/logo\/image\/"}}]}},"jetpack_sharing_enabled":true,"_links":{"self":[{"href":"https:\/\/gastora.eu\/en\/wp-json\/wp\/v2\/product\/15091","targetHints":{"allow":["GET"]}}],"collection":[{"href":"https:\/\/gastora.eu\/en\/wp-json\/wp\/v2\/product"}],"about":[{"href":"https:\/\/gastora.eu\/en\/wp-json\/wp\/v2\/types\/product"}],"wp:featuredmedia":[{"embeddable":true,"href":"https:\/\/gastora.eu\/en\/wp-json\/wp\/v2\/media\/8913"}],"wp:attachment":[{"href":"https:\/\/gastora.eu\/en\/wp-json\/wp\/v2\/media?parent=15091"}],"wp:term":[{"taxonomy":"product_brand","embeddable":true,"href":"https:\/\/gastora.eu\/en\/wp-json\/wp\/v2\/product_brand?post=15091"},{"taxonomy":"product_cat","embeddable":true,"href":"https:\/\/gastora.eu\/en\/wp-json\/wp\/v2\/product_cat?post=15091"},{"taxonomy":"product_tag","embeddable":true,"href":"https:\/\/gastora.eu\/en\/wp-json\/wp\/v2\/product_tag?post=15091"}],"curies":[{"name":"wp","href":"https:\/\/api.w.org\/{rel}","templated":true}]}}