{"id":15089,"date":"2026-04-26T08:50:56","date_gmt":"2026-04-26T08:50:56","guid":{"rendered":"https:\/\/gastora.eu\/?post_type=product&#038;p=15089"},"modified":"2026-04-28T16:57:47","modified_gmt":"2026-04-28T16:57:47","slug":"rfrigrateur-400-l-3-tagres-rglables-11-gn-acier-inoxydable-sur-roulettes","status":"publish","type":"product","link":"https:\/\/gastora.eu\/en\/product\/rfrigrateur-400-l-3-tagres-rglables-11-gn-acier-inoxydable-sur-roulettes\/","title":{"rendered":"R\u00e9frig\u00e9rateur &#8211; 400 L &#8211; 3 \u00e9tag\u00e8res r\u00e9glables (1\/1 GN) &#8211; acier inoxydable &#8211; sur roulettes"},"content":{"rendered":"<p>Avec une capacit\u00e9 brute de 400 litres et trois \u00e9tag\u00e8res r\u00e9glables en hauteur, ce r\u00e9frig\u00e9rateur de restauration est id\u00e9al pour conserver les ingr\u00e9dients frais \u00e0 la bonne temp\u00e9rature. Gr\u00e2ce \u00e0 son syst\u00e8me de refroidissement ventil\u00e9, l&#8217;air froid circule uniform\u00e9ment dans l&#8217;armoire, ce qui permet de maintenir des temp\u00e9ratures constantes et un refroidissement rapide. Le design \u00e9l\u00e9gant en acier inoxydable, associ\u00e9 \u00e0 la mobilit\u00e9 et aux commandes intuitives, en fait un choix pratique et fiable pour les cuisines tr\u00e8s fr\u00e9quent\u00e9es.<\/p>\n<h2>Refroidissement uniforme pour un stockage professionnel<\/h2>\n<p>\u00c9quip\u00e9 d&#8217;un puissant syst\u00e8me de refroidissement ventil\u00e9, ce r\u00e9frig\u00e9rateur garantit des temp\u00e9ratures internes stables entre -2\u00b0C et 10\u00b0C. Le cycle de refroidissement est con\u00e7u pour minimiser la formation de glace, tandis que le ventilateur assure une circulation efficace de l&#8217;air, r\u00e9duisant les points chauds et garantissant un refroidissement rapide et uniforme de tous les contenus. Le r\u00e9gulateur de temp\u00e9rature num\u00e9rique est facile \u00e0 utiliser et l&#8217;appareil utilise un r\u00e9frig\u00e9rant R290 \u00e9cologique, sans CFC et s\u00fbr pour une utilisation \u00e0 haute performance jusqu&#8217;\u00e0 des temp\u00e9ratures ambiantes de 40\u00b0C. Les caoutchoucs de porte chauff\u00e9s emp\u00eachent les portes de coller et s&#8217;ouvrent en douceur, m\u00eame \u00e0 basse temp\u00e9rature.<\/p>\n<h2>Des caract\u00e9ristiques pratiques pour une utilisation quotidienne<\/h2>\n<p>Ce r\u00e9frig\u00e9rateur est \u00e9quip\u00e9 de trois clayettes robustes et r\u00e9glables (55 x 53 cm), parfaites pour accueillir une grande vari\u00e9t\u00e9 d&#8217;ingr\u00e9dients. La porte \u00e0 fermeture automatique est \u00e9quip\u00e9e d&#8217;un joint en caoutchouc antibact\u00e9rien et d&#8217;une serrure \u00e0 deux cl\u00e9s pour plus de s\u00e9curit\u00e9. Les coins int\u00e9rieurs arrondis emp\u00eachent l&#8217;accumulation de salet\u00e9s, ce qui facilite l&#8217;entretien de l&#8217;hygi\u00e8ne. Mont\u00e9 sur quatre roulettes, dont deux avec frein, l&#8217;appareil est facile \u00e0 d\u00e9placer et s\u00fbr lorsqu&#8217;il est en position. L&#8217;\u00e9clairage LED permet de voir clairement le contenu d\u00e8s l&#8217;ouverture de la porte.<\/p>\n<h2>Durable et facile \u00e0 nettoyer<\/h2>\n<p>Construit en acier inoxydable de premi\u00e8re qualit\u00e9, \u00e0 l&#8217;int\u00e9rieur comme \u00e0 l&#8217;ext\u00e9rieur, ce r\u00e9frig\u00e9rateur est con\u00e7u pour r\u00e9sister \u00e0 une utilisation professionnelle quotidienne. Les surfaces lisses et les \u00e9tag\u00e8res amovibles permettent un nettoyage rapide et efficace. Essuyez r\u00e9guli\u00e8rement le joint de porte en caoutchouc et veillez \u00e0 ce que toutes les pi\u00e8ces soient bien s\u00e9ch\u00e9es apr\u00e8s le nettoyage pour une performance durable.<\/p>\n<p>Un r\u00e9frig\u00e9rateur en acier inoxydable de haute qualit\u00e9 avec refroidissement ventil\u00e9, design mobile et contr\u00f4le num\u00e9rique de la temp\u00e9rature &#8211; parfait pour toutes les cuisines professionnelles. Avec une excellente stabilit\u00e9 de la temp\u00e9rature, un espace de stockage pratique et une construction durable, il est con\u00e7u pour r\u00e9pondre aux exigences quotidiennes des professionnels de la restauration. Am\u00e9liorez votre syst\u00e8me de r\u00e9frig\u00e9ration d\u00e8s aujourd&#8217;hui et gardez vos ingr\u00e9dients frais, s\u00fbrs et parfaitement organis\u00e9s.<\/p>\n<p><strong>Caract\u00e9ristiques<\/strong><\/p>\n<ul>\n<li>Syst\u00e8me de refroidissement ventil\u00e9 pour un contr\u00f4le constant de la temp\u00e9rature<\/li>\n<li>Affichage num\u00e9rique de la temp\u00e9rature et r\u00e9gulateur<\/li>\n<li>Trois \u00e9tag\u00e8res r\u00e9glables en acier inoxydable (55 x 53 cm)<\/li>\n<li>Porte \u00e0 fermeture automatique avec serrure et joint antibact\u00e9rien<\/li>\n<li>Quatre roues pour une mobilit\u00e9 ais\u00e9e (deux avec freins)<\/li>\n<\/ul>\n<p><strong>Caract\u00e9ristiques du produit<\/strong><\/p>\n<ul>\n<li>Poids net : 95 kg<\/li>\n<li>Capacit\u00e9 nette : 300l<\/li>\n<li>Dimensions ext\u00e9rieures : L68 x P71 x H201cm<\/li>\n<li>Dimensions int\u00e9rieures : L56 x P56 x H125cm<\/li>\n<li>230V \/ 50Hz \/ 1 Phase 195W<\/li>\n<\/ul>\n<p><em>Incluant<\/em><\/p>\n<ul>\n<li><em>Trois \u00e9tag\u00e8res (55 x 53cm) et guides<\/em><\/li>\n<\/ul>","protected":false},"excerpt":{"rendered":"<p>Un r\u00e9frig\u00e9rateur en acier inoxydable de haute qualit\u00e9 avec refroidissement ventil\u00e9, conception mobile et contr\u00f4le num\u00e9rique de la temp\u00e9rature &#8211; parfait pour toutes les cuisines professionnelles. Avec une excellente stabilit\u00e9 de la temp\u00e9rature, un espace de stockage pratique et une construction durable, il est con\u00e7u pour r\u00e9pondre aux exigences quotidiennes des professionnels de la restauration.<\/p>","protected":false},"featured_media":8909,"template":"","meta":{"_acf_changed":false},"product_brand":[],"product_cat":[474],"product_tag":[],"class_list":{"0":"post-15089","1":"product","2":"type-product","3":"status-publish","4":"has-post-thumbnail","6":"product_cat-armoires-refrigerees-positif-negatif-2","8":"first","9":"instock","10":"sale","11":"taxable","12":"shipping-taxable","13":"purchasable","14":"product-type-simple"},"acf":[],"yoast_head":"<!-- This site is optimized with the Yoast SEO plugin v27.5 - https:\/\/yoast.com\/product\/yoast-seo-wordpress\/ -->\n<title>R\u00e9frig\u00e9rateur - 400 L - 3 \u00e9tag\u00e8res r\u00e9glables (1\/1 GN) - acier inoxydable - sur roulettes - Gastora<\/title>\n<meta name=\"description\" content=\"Achetez R\u00e9frig\u00e9rateur - 400 L - 3 \u00e9tag\u00e8res r\u00e9glables (1\/1 GN) - acier inoxydable - sur roulettes au meilleur prix, fiable et performant avec une livraison rapide\" \/>\n<meta name=\"robots\" content=\"index, follow, max-snippet:-1, max-image-preview:large, max-video-preview:-1\" \/>\n<link rel=\"canonical\" href=\"https:\/\/gastora.eu\/en\/product\/rfrigrateur-400-l-3-tagres-rglables-11-gn-acier-inoxydable-sur-roulettes\/\" \/>\n<meta property=\"og:locale\" content=\"en_US\" \/>\n<meta property=\"og:type\" content=\"article\" \/>\n<meta property=\"og:title\" content=\"R\u00e9frig\u00e9rateur - 400 L - 3 \u00e9tag\u00e8res r\u00e9glables (1\/1 GN) - acier inoxydable - sur roulettes - Gastora\" \/>\n<meta property=\"og:description\" content=\"Achetez R\u00e9frig\u00e9rateur - 400 L - 3 \u00e9tag\u00e8res r\u00e9glables (1\/1 GN) - acier inoxydable - sur roulettes au meilleur prix, fiable et performant avec une livraison rapide\" \/>\n<meta property=\"og:url\" content=\"https:\/\/gastora.eu\/en\/product\/rfrigrateur-400-l-3-tagres-rglables-11-gn-acier-inoxydable-sur-roulettes\/\" \/>\n<meta property=\"og:site_name\" content=\"Gastora\" \/>\n<meta property=\"article:modified_time\" content=\"2026-04-28T16:57:47+00:00\" \/>\n<meta name=\"twitter:card\" content=\"summary_large_image\" \/>\n<meta name=\"twitter:label1\" content=\"Est. reading time\" \/>\n\t<meta name=\"twitter:data1\" content=\"3 minutes\" \/>\n<script type=\"application\/ld+json\" class=\"yoast-schema-graph\">{\"@context\":\"https:\\\/\\\/schema.org\",\"@graph\":[{\"@type\":\"WebPage\",\"@id\":\"https:\\\/\\\/gastora.eu\\\/product\\\/rfrigrateur-400-l-3-tagres-rglables-11-gn-acier-inoxydable-sur-roulettes\\\/\",\"url\":\"https:\\\/\\\/gastora.eu\\\/product\\\/rfrigrateur-400-l-3-tagres-rglables-11-gn-acier-inoxydable-sur-roulettes\\\/\",\"name\":\"R\u00e9frig\u00e9rateur - 400 L - 3 \u00e9tag\u00e8res r\u00e9glables (1\\\/1 GN) - acier inoxydable - sur roulettes - Gastora\",\"isPartOf\":{\"@id\":\"https:\\\/\\\/gastora.eu\\\/#website\"},\"primaryImageOfPage\":{\"@id\":\"https:\\\/\\\/gastora.eu\\\/product\\\/rfrigrateur-400-l-3-tagres-rglables-11-gn-acier-inoxydable-sur-roulettes\\\/#primaryimage\"},\"image\":{\"@id\":\"https:\\\/\\\/gastora.eu\\\/product\\\/rfrigrateur-400-l-3-tagres-rglables-11-gn-acier-inoxydable-sur-roulettes\\\/#primaryimage\"},\"thumbnailUrl\":\"https:\\\/\\\/gastora.eu\\\/wp-content\\\/uploads\\\/2026\\\/04\\\/250813_09400131_img_001.jpg\",\"datePublished\":\"2026-04-26T08:50:56+00:00\",\"dateModified\":\"2026-04-28T16:57:47+00:00\",\"description\":\"Achetez R\u00e9frig\u00e9rateur - 400 L - 3 \u00e9tag\u00e8res r\u00e9glables (1\\\/1 GN) - acier inoxydable - sur roulettes au meilleur prix, fiable et performant avec une livraison rapide\",\"breadcrumb\":{\"@id\":\"https:\\\/\\\/gastora.eu\\\/product\\\/rfrigrateur-400-l-3-tagres-rglables-11-gn-acier-inoxydable-sur-roulettes\\\/#breadcrumb\"},\"inLanguage\":\"en-US\",\"potentialAction\":[{\"@type\":\"ReadAction\",\"target\":[\"https:\\\/\\\/gastora.eu\\\/product\\\/rfrigrateur-400-l-3-tagres-rglables-11-gn-acier-inoxydable-sur-roulettes\\\/\"]}]},{\"@type\":\"ImageObject\",\"inLanguage\":\"en-US\",\"@id\":\"https:\\\/\\\/gastora.eu\\\/product\\\/rfrigrateur-400-l-3-tagres-rglables-11-gn-acier-inoxydable-sur-roulettes\\\/#primaryimage\",\"url\":\"https:\\\/\\\/gastora.eu\\\/wp-content\\\/uploads\\\/2026\\\/04\\\/250813_09400131_img_001.jpg\",\"contentUrl\":\"https:\\\/\\\/gastora.eu\\\/wp-content\\\/uploads\\\/2026\\\/04\\\/250813_09400131_img_001.jpg\",\"width\":1200,\"height\":1200},{\"@type\":\"BreadcrumbList\",\"@id\":\"https:\\\/\\\/gastora.eu\\\/product\\\/rfrigrateur-400-l-3-tagres-rglables-11-gn-acier-inoxydable-sur-roulettes\\\/#breadcrumb\",\"itemListElement\":[{\"@type\":\"ListItem\",\"position\":1,\"name\":\"Home\",\"item\":\"https:\\\/\\\/gastora.eu\\\/\"},{\"@type\":\"ListItem\",\"position\":2,\"name\":\"Shop\",\"item\":\"https:\\\/\\\/gastora.eu\\\/shop\\\/\"},{\"@type\":\"ListItem\",\"position\":3,\"name\":\"R\u00e9frig\u00e9rateur &#8211; 400 L &#8211; 3 \u00e9tag\u00e8res r\u00e9glables (1\\\/1 GN) &#8211; acier inoxydable &#8211; sur roulettes\"}]},{\"@type\":\"WebSite\",\"@id\":\"https:\\\/\\\/gastora.eu\\\/#website\",\"url\":\"https:\\\/\\\/gastora.eu\\\/\",\"name\":\"Gastora\",\"description\":\"\u00c9quipements professionnels CHR\",\"publisher\":{\"@id\":\"https:\\\/\\\/gastora.eu\\\/#organization\"},\"potentialAction\":[{\"@type\":\"SearchAction\",\"target\":{\"@type\":\"EntryPoint\",\"urlTemplate\":\"https:\\\/\\\/gastora.eu\\\/?s={search_term_string}\"},\"query-input\":{\"@type\":\"PropertyValueSpecification\",\"valueRequired\":true,\"valueName\":\"search_term_string\"}}],\"inLanguage\":\"en-US\"},{\"@type\":\"Organization\",\"@id\":\"https:\\\/\\\/gastora.eu\\\/#organization\",\"name\":\"Gastora\",\"url\":\"https:\\\/\\\/gastora.eu\\\/\",\"logo\":{\"@type\":\"ImageObject\",\"inLanguage\":\"en-US\",\"@id\":\"https:\\\/\\\/gastora.eu\\\/#\\\/schema\\\/logo\\\/image\\\/\",\"url\":\"https:\\\/\\\/gastora.eu\\\/wp-content\\\/uploads\\\/2025\\\/12\\\/ChatGPT-Image-2-janv.-2026-22_52_47-1.png\",\"contentUrl\":\"https:\\\/\\\/gastora.eu\\\/wp-content\\\/uploads\\\/2025\\\/12\\\/ChatGPT-Image-2-janv.-2026-22_52_47-1.png\",\"width\":1536,\"height\":320,\"caption\":\"Gastora\"},\"image\":{\"@id\":\"https:\\\/\\\/gastora.eu\\\/#\\\/schema\\\/logo\\\/image\\\/\"}}]}<\/script>\n<!-- \/ Yoast SEO plugin. -->","yoast_head_json":{"title":"R\u00e9frig\u00e9rateur - 400 L - 3 \u00e9tag\u00e8res r\u00e9glables (1\/1 GN) - acier inoxydable - sur roulettes - Gastora","description":"Achetez R\u00e9frig\u00e9rateur - 400 L - 3 \u00e9tag\u00e8res r\u00e9glables (1\/1 GN) - acier inoxydable - sur roulettes au meilleur prix, fiable et performant avec une livraison rapide","robots":{"index":"index","follow":"follow","max-snippet":"max-snippet:-1","max-image-preview":"max-image-preview:large","max-video-preview":"max-video-preview:-1"},"canonical":"https:\/\/gastora.eu\/en\/product\/rfrigrateur-400-l-3-tagres-rglables-11-gn-acier-inoxydable-sur-roulettes\/","og_locale":"en_US","og_type":"article","og_title":"R\u00e9frig\u00e9rateur - 400 L - 3 \u00e9tag\u00e8res r\u00e9glables (1\/1 GN) - acier inoxydable - sur roulettes - Gastora","og_description":"Achetez R\u00e9frig\u00e9rateur - 400 L - 3 \u00e9tag\u00e8res r\u00e9glables (1\/1 GN) - acier inoxydable - sur roulettes au meilleur prix, fiable et performant avec une livraison rapide","og_url":"https:\/\/gastora.eu\/en\/product\/rfrigrateur-400-l-3-tagres-rglables-11-gn-acier-inoxydable-sur-roulettes\/","og_site_name":"Gastora","article_modified_time":"2026-04-28T16:57:47+00:00","twitter_card":"summary_large_image","twitter_misc":{"Est. reading time":"3 minutes"},"schema":{"@context":"https:\/\/schema.org","@graph":[{"@type":"WebPage","@id":"https:\/\/gastora.eu\/product\/rfrigrateur-400-l-3-tagres-rglables-11-gn-acier-inoxydable-sur-roulettes\/","url":"https:\/\/gastora.eu\/product\/rfrigrateur-400-l-3-tagres-rglables-11-gn-acier-inoxydable-sur-roulettes\/","name":"R\u00e9frig\u00e9rateur - 400 L - 3 \u00e9tag\u00e8res r\u00e9glables (1\/1 GN) - acier inoxydable - sur roulettes - Gastora","isPartOf":{"@id":"https:\/\/gastora.eu\/#website"},"primaryImageOfPage":{"@id":"https:\/\/gastora.eu\/product\/rfrigrateur-400-l-3-tagres-rglables-11-gn-acier-inoxydable-sur-roulettes\/#primaryimage"},"image":{"@id":"https:\/\/gastora.eu\/product\/rfrigrateur-400-l-3-tagres-rglables-11-gn-acier-inoxydable-sur-roulettes\/#primaryimage"},"thumbnailUrl":"https:\/\/gastora.eu\/wp-content\/uploads\/2026\/04\/250813_09400131_img_001.jpg","datePublished":"2026-04-26T08:50:56+00:00","dateModified":"2026-04-28T16:57:47+00:00","description":"Achetez R\u00e9frig\u00e9rateur - 400 L - 3 \u00e9tag\u00e8res r\u00e9glables (1\/1 GN) - acier inoxydable - sur roulettes au meilleur prix, fiable et performant avec une livraison rapide","breadcrumb":{"@id":"https:\/\/gastora.eu\/product\/rfrigrateur-400-l-3-tagres-rglables-11-gn-acier-inoxydable-sur-roulettes\/#breadcrumb"},"inLanguage":"en-US","potentialAction":[{"@type":"ReadAction","target":["https:\/\/gastora.eu\/product\/rfrigrateur-400-l-3-tagres-rglables-11-gn-acier-inoxydable-sur-roulettes\/"]}]},{"@type":"ImageObject","inLanguage":"en-US","@id":"https:\/\/gastora.eu\/product\/rfrigrateur-400-l-3-tagres-rglables-11-gn-acier-inoxydable-sur-roulettes\/#primaryimage","url":"https:\/\/gastora.eu\/wp-content\/uploads\/2026\/04\/250813_09400131_img_001.jpg","contentUrl":"https:\/\/gastora.eu\/wp-content\/uploads\/2026\/04\/250813_09400131_img_001.jpg","width":1200,"height":1200},{"@type":"BreadcrumbList","@id":"https:\/\/gastora.eu\/product\/rfrigrateur-400-l-3-tagres-rglables-11-gn-acier-inoxydable-sur-roulettes\/#breadcrumb","itemListElement":[{"@type":"ListItem","position":1,"name":"Home","item":"https:\/\/gastora.eu\/"},{"@type":"ListItem","position":2,"name":"Shop","item":"https:\/\/gastora.eu\/shop\/"},{"@type":"ListItem","position":3,"name":"R\u00e9frig\u00e9rateur &#8211; 400 L &#8211; 3 \u00e9tag\u00e8res r\u00e9glables (1\/1 GN) &#8211; acier inoxydable &#8211; sur roulettes"}]},{"@type":"WebSite","@id":"https:\/\/gastora.eu\/#website","url":"https:\/\/gastora.eu\/","name":"Gastora","description":"\u00c9quipements professionnels CHR","publisher":{"@id":"https:\/\/gastora.eu\/#organization"},"potentialAction":[{"@type":"SearchAction","target":{"@type":"EntryPoint","urlTemplate":"https:\/\/gastora.eu\/?s={search_term_string}"},"query-input":{"@type":"PropertyValueSpecification","valueRequired":true,"valueName":"search_term_string"}}],"inLanguage":"en-US"},{"@type":"Organization","@id":"https:\/\/gastora.eu\/#organization","name":"Gastora","url":"https:\/\/gastora.eu\/","logo":{"@type":"ImageObject","inLanguage":"en-US","@id":"https:\/\/gastora.eu\/#\/schema\/logo\/image\/","url":"https:\/\/gastora.eu\/wp-content\/uploads\/2025\/12\/ChatGPT-Image-2-janv.-2026-22_52_47-1.png","contentUrl":"https:\/\/gastora.eu\/wp-content\/uploads\/2025\/12\/ChatGPT-Image-2-janv.-2026-22_52_47-1.png","width":1536,"height":320,"caption":"Gastora"},"image":{"@id":"https:\/\/gastora.eu\/#\/schema\/logo\/image\/"}}]}},"jetpack_sharing_enabled":true,"_links":{"self":[{"href":"https:\/\/gastora.eu\/en\/wp-json\/wp\/v2\/product\/15089","targetHints":{"allow":["GET"]}}],"collection":[{"href":"https:\/\/gastora.eu\/en\/wp-json\/wp\/v2\/product"}],"about":[{"href":"https:\/\/gastora.eu\/en\/wp-json\/wp\/v2\/types\/product"}],"wp:featuredmedia":[{"embeddable":true,"href":"https:\/\/gastora.eu\/en\/wp-json\/wp\/v2\/media\/8909"}],"wp:attachment":[{"href":"https:\/\/gastora.eu\/en\/wp-json\/wp\/v2\/media?parent=15089"}],"wp:term":[{"taxonomy":"product_brand","embeddable":true,"href":"https:\/\/gastora.eu\/en\/wp-json\/wp\/v2\/product_brand?post=15089"},{"taxonomy":"product_cat","embeddable":true,"href":"https:\/\/gastora.eu\/en\/wp-json\/wp\/v2\/product_cat?post=15089"},{"taxonomy":"product_tag","embeddable":true,"href":"https:\/\/gastora.eu\/en\/wp-json\/wp\/v2\/product_tag?post=15089"}],"curies":[{"name":"wp","href":"https:\/\/api.w.org\/{rel}","templated":true}]}}