{"id":15088,"date":"2026-04-26T08:50:55","date_gmt":"2026-04-26T08:50:55","guid":{"rendered":"https:\/\/gastora.eu\/?post_type=product&#038;p=15088"},"modified":"2026-04-28T16:57:47","modified_gmt":"2026-04-28T16:57:47","slug":"rfrigrateur-800-l-6-tagres-rglables-acier-inoxydable-sur-roulettes","status":"publish","type":"product","link":"https:\/\/gastora.eu\/en\/product\/rfrigrateur-800-l-6-tagres-rglables-acier-inoxydable-sur-roulettes\/","title":{"rendered":"R\u00e9frig\u00e9rateur &#8211; 800 L &#8211; 6 \u00e9tag\u00e8res r\u00e9glables &#8211; acier inoxydable &#8211; sur roulettes"},"content":{"rendered":"<p>Ce r\u00e9frig\u00e9rateur professionnel de 800 litres offre un \u00e9quilibre parfait entre performance de refroidissement et praticit\u00e9 au quotidien. Gr\u00e2ce au syst\u00e8me de refroidissement ventil\u00e9, le r\u00e9frig\u00e9rateur maintient une temp\u00e9rature interne uniforme, ce qui permet de conserver les ingr\u00e9dients frais et s\u00fbrs plus longtemps. Avec son design durable en acier inoxydable, ses \u00e9tag\u00e8res r\u00e9glables et ses deux roulettes verrouillables, il s&#8217;agit d&#8217;une solution de r\u00e9frig\u00e9ration fiable pour toute cuisine commerciale.<\/p>\n<h2>Refroidissement intelligent pour des r\u00e9sultats constants<\/h2>\n<p>Le syst\u00e8me de refroidissement ventil\u00e9 avanc\u00e9 distribue l&#8217;air froid de mani\u00e8re homog\u00e8ne dans toute l&#8217;armoire. Tous les produits sont ainsi conserv\u00e9s \u00e0 la bonne temp\u00e9rature, quel que soit l&#8217;endroit o\u00f9 ils sont plac\u00e9s. Que vous stockiez des produits frais, des produits laitiers ou des plats pr\u00e9par\u00e9s, le syst\u00e8me \u00e9vite les points chauds et am\u00e9liore la s\u00e9curit\u00e9 alimentaire.<\/p>\n<h2>Con\u00e7u pour des performances quotidiennes<\/h2>\n<p>Ce mod\u00e8le associe une capacit\u00e9 g\u00e9n\u00e9reuse \u00e0 des caract\u00e9ristiques pratiques pour une utilisation quotidienne. Le r\u00e9frig\u00e9rateur comprend six clayettes avec une capacit\u00e9 de charge de 25 kg par clayette. Les clayettes sont r\u00e9glables en hauteur, ce qui permet de s&#8217;adapter \u00e0 diff\u00e9rentes tailles de produits. Mont\u00e9 sur quatre roulettes avec deux freins, le r\u00e9frig\u00e9rateur peut \u00eatre d\u00e9plac\u00e9 facilement pour \u00eatre nettoy\u00e9 ou repositionn\u00e9. Le r\u00e9gulateur num\u00e9rique permet de r\u00e9gler la temp\u00e9rature entre -2\u00b0C et 10\u00b0C, par paliers de 0,1\u00b0C. Les portes peuvent \u00eatre verrouill\u00e9es s\u00e9par\u00e9ment. Les portes peuvent \u00eatre verrouill\u00e9es s\u00e9par\u00e9ment et l&#8217;\u00e9clairage LED lumineux assure une bonne visibilit\u00e9.<\/p>\n<h2>Facile \u00e0 nettoyer, facile \u00e0 entretenir<\/h2>\n<p>L&#8217;int\u00e9rieur et l&#8217;ext\u00e9rieur sont fabriqu\u00e9s en acier inoxydable de haute qualit\u00e9, ce qui garantit la durabilit\u00e9 et la facilit\u00e9 de nettoyage. Les clayettes peuvent \u00eatre retir\u00e9es pour un entretien rapide et les joints de porte se nettoient en quelques secondes. Bien que le r\u00e9frig\u00e9rateur ne soit pas \u00e9quip\u00e9 d&#8217;un syst\u00e8me de d\u00e9givrage automatique, sa conception ne n\u00e9cessite que peu d&#8217;entretien.<\/p>\n<p>Gardez vos ingr\u00e9dients frais et organis\u00e9s gr\u00e2ce \u00e0 ce r\u00e9frig\u00e9rateur en acier inoxydable de 800 litres avec six clayettes r\u00e9glables et des roulettes, con\u00e7u pour la commodit\u00e9, l&#8217;efficacit\u00e9 et la performance quotidienne.<\/p>\n<p><strong>Caract\u00e9ristiques<\/strong><\/p>\n<ul>\n<li>Refroidissement uniforme gr\u00e2ce \u00e0 un puissant syst\u00e8me de ventilation<\/li>\n<li>800 litres d&#8217;espace de stockage avec 6 clayettes r\u00e9glables<\/li>\n<li>Contr\u00f4le num\u00e9rique de la temp\u00e9rature et \u00e9clairage interne par LED<\/li>\n<li>Portes en acier inoxydable verrouillables \u00e0 fermeture automatique<\/li>\n<li>Quatre roulettes pivotantes pour la mobilit\u00e9 (2 avec freins)<\/li>\n<\/ul>\n<p><strong>Caract\u00e9ristiques du produit<\/strong><\/p>\n<ul>\n<li>Poids net : 150 kg<\/li>\n<li>Dimensions ext\u00e9rieures : L134 x P75 x H202cm<\/li>\n<li>Dimensions int\u00e9rieures : L120 x P57 x H123cm<\/li>\n<li>230V \/ 50Hz \/ 1 Phase 400W<\/li>\n<\/ul>\n<p><em>Comprenant<\/em><\/p>\n<ul>\n<li><em>6 \u00e9tag\u00e8res avec guides 55 x 53cm (capacit\u00e9 de charge 25kg par \u00e9tag\u00e8re)<\/em><\/li>\n<li><em>Cl\u00e9s pour les serrures<\/em><\/li>\n<\/ul>","protected":false},"excerpt":{"rendered":"<p>R\u00e9frig\u00e9rateur en acier inoxydable, spacieux et efficace, avec refroidissement ventil\u00e9, con\u00e7u pour r\u00e9pondre aux exigences des cuisines actives. La capacit\u00e9 de 800 litres et les six \u00e9tag\u00e8res r\u00e9glables offrent un espace de stockage flexible pour les ingr\u00e9dients de toutes formes et tailles. Gr\u00e2ce \u00e0 ses performances de refroidissement \u00e9lev\u00e9es et \u00e0 sa conception durable et mobile, c&#8217;est le choix id\u00e9al pour les environnements de restauration professionnelle.<\/p>","protected":false},"featured_media":8907,"template":"","meta":{"_acf_changed":false},"product_brand":[],"product_cat":[474],"product_tag":[],"class_list":{"0":"post-15088","1":"product","2":"type-product","3":"status-publish","4":"has-post-thumbnail","6":"product_cat-armoires-refrigerees-positif-negatif-2","8":"first","9":"instock","10":"sale","11":"taxable","12":"shipping-taxable","13":"purchasable","14":"product-type-simple"},"acf":[],"yoast_head":"<!-- This site is optimized with the Yoast SEO plugin v27.5 - https:\/\/yoast.com\/product\/yoast-seo-wordpress\/ -->\n<title>R\u00e9frig\u00e9rateur - 800 L - 6 \u00e9tag\u00e8res r\u00e9glables - acier inoxydable - sur roulettes - Gastora<\/title>\n<meta name=\"description\" content=\"Achetez R\u00e9frig\u00e9rateur - 800 L - 6 \u00e9tag\u00e8res r\u00e9glables - acier inoxydable - sur roulettes au meilleur prix, fiable et performant avec une livraison rapide\" \/>\n<meta name=\"robots\" content=\"index, follow, max-snippet:-1, max-image-preview:large, max-video-preview:-1\" \/>\n<link rel=\"canonical\" href=\"https:\/\/gastora.eu\/en\/product\/rfrigrateur-800-l-6-tagres-rglables-acier-inoxydable-sur-roulettes\/\" \/>\n<meta property=\"og:locale\" content=\"en_US\" \/>\n<meta property=\"og:type\" content=\"article\" \/>\n<meta property=\"og:title\" content=\"R\u00e9frig\u00e9rateur - 800 L - 6 \u00e9tag\u00e8res r\u00e9glables - acier inoxydable - sur roulettes - Gastora\" \/>\n<meta property=\"og:description\" content=\"Achetez R\u00e9frig\u00e9rateur - 800 L - 6 \u00e9tag\u00e8res r\u00e9glables - acier inoxydable - sur roulettes au meilleur prix, fiable et performant avec une livraison rapide\" \/>\n<meta property=\"og:url\" content=\"https:\/\/gastora.eu\/en\/product\/rfrigrateur-800-l-6-tagres-rglables-acier-inoxydable-sur-roulettes\/\" \/>\n<meta property=\"og:site_name\" content=\"Gastora\" \/>\n<meta property=\"article:modified_time\" content=\"2026-04-28T16:57:47+00:00\" \/>\n<meta name=\"twitter:card\" content=\"summary_large_image\" \/>\n<meta name=\"twitter:label1\" content=\"Est. reading time\" \/>\n\t<meta name=\"twitter:data1\" content=\"2 minutes\" \/>\n<script type=\"application\/ld+json\" class=\"yoast-schema-graph\">{\"@context\":\"https:\\\/\\\/schema.org\",\"@graph\":[{\"@type\":\"WebPage\",\"@id\":\"https:\\\/\\\/gastora.eu\\\/product\\\/rfrigrateur-800-l-6-tagres-rglables-acier-inoxydable-sur-roulettes\\\/\",\"url\":\"https:\\\/\\\/gastora.eu\\\/product\\\/rfrigrateur-800-l-6-tagres-rglables-acier-inoxydable-sur-roulettes\\\/\",\"name\":\"R\u00e9frig\u00e9rateur - 800 L - 6 \u00e9tag\u00e8res r\u00e9glables - acier inoxydable - sur roulettes - Gastora\",\"isPartOf\":{\"@id\":\"https:\\\/\\\/gastora.eu\\\/#website\"},\"primaryImageOfPage\":{\"@id\":\"https:\\\/\\\/gastora.eu\\\/product\\\/rfrigrateur-800-l-6-tagres-rglables-acier-inoxydable-sur-roulettes\\\/#primaryimage\"},\"image\":{\"@id\":\"https:\\\/\\\/gastora.eu\\\/product\\\/rfrigrateur-800-l-6-tagres-rglables-acier-inoxydable-sur-roulettes\\\/#primaryimage\"},\"thumbnailUrl\":\"https:\\\/\\\/gastora.eu\\\/wp-content\\\/uploads\\\/2026\\\/04\\\/260331_09400042_img_003.jpg\",\"datePublished\":\"2026-04-26T08:50:55+00:00\",\"dateModified\":\"2026-04-28T16:57:47+00:00\",\"description\":\"Achetez R\u00e9frig\u00e9rateur - 800 L - 6 \u00e9tag\u00e8res r\u00e9glables - acier inoxydable - sur roulettes au meilleur prix, fiable et performant avec une livraison rapide\",\"breadcrumb\":{\"@id\":\"https:\\\/\\\/gastora.eu\\\/product\\\/rfrigrateur-800-l-6-tagres-rglables-acier-inoxydable-sur-roulettes\\\/#breadcrumb\"},\"inLanguage\":\"en-US\",\"potentialAction\":[{\"@type\":\"ReadAction\",\"target\":[\"https:\\\/\\\/gastora.eu\\\/product\\\/rfrigrateur-800-l-6-tagres-rglables-acier-inoxydable-sur-roulettes\\\/\"]}]},{\"@type\":\"ImageObject\",\"inLanguage\":\"en-US\",\"@id\":\"https:\\\/\\\/gastora.eu\\\/product\\\/rfrigrateur-800-l-6-tagres-rglables-acier-inoxydable-sur-roulettes\\\/#primaryimage\",\"url\":\"https:\\\/\\\/gastora.eu\\\/wp-content\\\/uploads\\\/2026\\\/04\\\/260331_09400042_img_003.jpg\",\"contentUrl\":\"https:\\\/\\\/gastora.eu\\\/wp-content\\\/uploads\\\/2026\\\/04\\\/260331_09400042_img_003.jpg\",\"width\":1200,\"height\":1200},{\"@type\":\"BreadcrumbList\",\"@id\":\"https:\\\/\\\/gastora.eu\\\/product\\\/rfrigrateur-800-l-6-tagres-rglables-acier-inoxydable-sur-roulettes\\\/#breadcrumb\",\"itemListElement\":[{\"@type\":\"ListItem\",\"position\":1,\"name\":\"Home\",\"item\":\"https:\\\/\\\/gastora.eu\\\/\"},{\"@type\":\"ListItem\",\"position\":2,\"name\":\"Shop\",\"item\":\"https:\\\/\\\/gastora.eu\\\/shop\\\/\"},{\"@type\":\"ListItem\",\"position\":3,\"name\":\"R\u00e9frig\u00e9rateur &#8211; 800 L &#8211; 6 \u00e9tag\u00e8res r\u00e9glables &#8211; acier inoxydable &#8211; sur roulettes\"}]},{\"@type\":\"WebSite\",\"@id\":\"https:\\\/\\\/gastora.eu\\\/#website\",\"url\":\"https:\\\/\\\/gastora.eu\\\/\",\"name\":\"Gastora\",\"description\":\"\u00c9quipements professionnels CHR\",\"publisher\":{\"@id\":\"https:\\\/\\\/gastora.eu\\\/#organization\"},\"potentialAction\":[{\"@type\":\"SearchAction\",\"target\":{\"@type\":\"EntryPoint\",\"urlTemplate\":\"https:\\\/\\\/gastora.eu\\\/?s={search_term_string}\"},\"query-input\":{\"@type\":\"PropertyValueSpecification\",\"valueRequired\":true,\"valueName\":\"search_term_string\"}}],\"inLanguage\":\"en-US\"},{\"@type\":\"Organization\",\"@id\":\"https:\\\/\\\/gastora.eu\\\/#organization\",\"name\":\"Gastora\",\"url\":\"https:\\\/\\\/gastora.eu\\\/\",\"logo\":{\"@type\":\"ImageObject\",\"inLanguage\":\"en-US\",\"@id\":\"https:\\\/\\\/gastora.eu\\\/#\\\/schema\\\/logo\\\/image\\\/\",\"url\":\"https:\\\/\\\/gastora.eu\\\/wp-content\\\/uploads\\\/2025\\\/12\\\/ChatGPT-Image-2-janv.-2026-22_52_47-1.png\",\"contentUrl\":\"https:\\\/\\\/gastora.eu\\\/wp-content\\\/uploads\\\/2025\\\/12\\\/ChatGPT-Image-2-janv.-2026-22_52_47-1.png\",\"width\":1536,\"height\":320,\"caption\":\"Gastora\"},\"image\":{\"@id\":\"https:\\\/\\\/gastora.eu\\\/#\\\/schema\\\/logo\\\/image\\\/\"}}]}<\/script>\n<!-- \/ Yoast SEO plugin. -->","yoast_head_json":{"title":"R\u00e9frig\u00e9rateur - 800 L - 6 \u00e9tag\u00e8res r\u00e9glables - acier inoxydable - sur roulettes - Gastora","description":"Achetez R\u00e9frig\u00e9rateur - 800 L - 6 \u00e9tag\u00e8res r\u00e9glables - acier inoxydable - sur roulettes au meilleur prix, fiable et performant avec une livraison rapide","robots":{"index":"index","follow":"follow","max-snippet":"max-snippet:-1","max-image-preview":"max-image-preview:large","max-video-preview":"max-video-preview:-1"},"canonical":"https:\/\/gastora.eu\/en\/product\/rfrigrateur-800-l-6-tagres-rglables-acier-inoxydable-sur-roulettes\/","og_locale":"en_US","og_type":"article","og_title":"R\u00e9frig\u00e9rateur - 800 L - 6 \u00e9tag\u00e8res r\u00e9glables - acier inoxydable - sur roulettes - Gastora","og_description":"Achetez R\u00e9frig\u00e9rateur - 800 L - 6 \u00e9tag\u00e8res r\u00e9glables - acier inoxydable - sur roulettes au meilleur prix, fiable et performant avec une livraison rapide","og_url":"https:\/\/gastora.eu\/en\/product\/rfrigrateur-800-l-6-tagres-rglables-acier-inoxydable-sur-roulettes\/","og_site_name":"Gastora","article_modified_time":"2026-04-28T16:57:47+00:00","twitter_card":"summary_large_image","twitter_misc":{"Est. reading time":"2 minutes"},"schema":{"@context":"https:\/\/schema.org","@graph":[{"@type":"WebPage","@id":"https:\/\/gastora.eu\/product\/rfrigrateur-800-l-6-tagres-rglables-acier-inoxydable-sur-roulettes\/","url":"https:\/\/gastora.eu\/product\/rfrigrateur-800-l-6-tagres-rglables-acier-inoxydable-sur-roulettes\/","name":"R\u00e9frig\u00e9rateur - 800 L - 6 \u00e9tag\u00e8res r\u00e9glables - acier inoxydable - sur roulettes - Gastora","isPartOf":{"@id":"https:\/\/gastora.eu\/#website"},"primaryImageOfPage":{"@id":"https:\/\/gastora.eu\/product\/rfrigrateur-800-l-6-tagres-rglables-acier-inoxydable-sur-roulettes\/#primaryimage"},"image":{"@id":"https:\/\/gastora.eu\/product\/rfrigrateur-800-l-6-tagres-rglables-acier-inoxydable-sur-roulettes\/#primaryimage"},"thumbnailUrl":"https:\/\/gastora.eu\/wp-content\/uploads\/2026\/04\/260331_09400042_img_003.jpg","datePublished":"2026-04-26T08:50:55+00:00","dateModified":"2026-04-28T16:57:47+00:00","description":"Achetez R\u00e9frig\u00e9rateur - 800 L - 6 \u00e9tag\u00e8res r\u00e9glables - acier inoxydable - sur roulettes au meilleur prix, fiable et performant avec une livraison rapide","breadcrumb":{"@id":"https:\/\/gastora.eu\/product\/rfrigrateur-800-l-6-tagres-rglables-acier-inoxydable-sur-roulettes\/#breadcrumb"},"inLanguage":"en-US","potentialAction":[{"@type":"ReadAction","target":["https:\/\/gastora.eu\/product\/rfrigrateur-800-l-6-tagres-rglables-acier-inoxydable-sur-roulettes\/"]}]},{"@type":"ImageObject","inLanguage":"en-US","@id":"https:\/\/gastora.eu\/product\/rfrigrateur-800-l-6-tagres-rglables-acier-inoxydable-sur-roulettes\/#primaryimage","url":"https:\/\/gastora.eu\/wp-content\/uploads\/2026\/04\/260331_09400042_img_003.jpg","contentUrl":"https:\/\/gastora.eu\/wp-content\/uploads\/2026\/04\/260331_09400042_img_003.jpg","width":1200,"height":1200},{"@type":"BreadcrumbList","@id":"https:\/\/gastora.eu\/product\/rfrigrateur-800-l-6-tagres-rglables-acier-inoxydable-sur-roulettes\/#breadcrumb","itemListElement":[{"@type":"ListItem","position":1,"name":"Home","item":"https:\/\/gastora.eu\/"},{"@type":"ListItem","position":2,"name":"Shop","item":"https:\/\/gastora.eu\/shop\/"},{"@type":"ListItem","position":3,"name":"R\u00e9frig\u00e9rateur &#8211; 800 L &#8211; 6 \u00e9tag\u00e8res r\u00e9glables &#8211; acier inoxydable &#8211; sur roulettes"}]},{"@type":"WebSite","@id":"https:\/\/gastora.eu\/#website","url":"https:\/\/gastora.eu\/","name":"Gastora","description":"\u00c9quipements professionnels CHR","publisher":{"@id":"https:\/\/gastora.eu\/#organization"},"potentialAction":[{"@type":"SearchAction","target":{"@type":"EntryPoint","urlTemplate":"https:\/\/gastora.eu\/?s={search_term_string}"},"query-input":{"@type":"PropertyValueSpecification","valueRequired":true,"valueName":"search_term_string"}}],"inLanguage":"en-US"},{"@type":"Organization","@id":"https:\/\/gastora.eu\/#organization","name":"Gastora","url":"https:\/\/gastora.eu\/","logo":{"@type":"ImageObject","inLanguage":"en-US","@id":"https:\/\/gastora.eu\/#\/schema\/logo\/image\/","url":"https:\/\/gastora.eu\/wp-content\/uploads\/2025\/12\/ChatGPT-Image-2-janv.-2026-22_52_47-1.png","contentUrl":"https:\/\/gastora.eu\/wp-content\/uploads\/2025\/12\/ChatGPT-Image-2-janv.-2026-22_52_47-1.png","width":1536,"height":320,"caption":"Gastora"},"image":{"@id":"https:\/\/gastora.eu\/#\/schema\/logo\/image\/"}}]}},"jetpack_sharing_enabled":true,"_links":{"self":[{"href":"https:\/\/gastora.eu\/en\/wp-json\/wp\/v2\/product\/15088","targetHints":{"allow":["GET"]}}],"collection":[{"href":"https:\/\/gastora.eu\/en\/wp-json\/wp\/v2\/product"}],"about":[{"href":"https:\/\/gastora.eu\/en\/wp-json\/wp\/v2\/types\/product"}],"wp:featuredmedia":[{"embeddable":true,"href":"https:\/\/gastora.eu\/en\/wp-json\/wp\/v2\/media\/8907"}],"wp:attachment":[{"href":"https:\/\/gastora.eu\/en\/wp-json\/wp\/v2\/media?parent=15088"}],"wp:term":[{"taxonomy":"product_brand","embeddable":true,"href":"https:\/\/gastora.eu\/en\/wp-json\/wp\/v2\/product_brand?post=15088"},{"taxonomy":"product_cat","embeddable":true,"href":"https:\/\/gastora.eu\/en\/wp-json\/wp\/v2\/product_cat?post=15088"},{"taxonomy":"product_tag","embeddable":true,"href":"https:\/\/gastora.eu\/en\/wp-json\/wp\/v2\/product_tag?post=15088"}],"curies":[{"name":"wp","href":"https:\/\/api.w.org\/{rel}","templated":true}]}}