{"id":15085,"date":"2026-04-26T08:50:52","date_gmt":"2026-04-26T08:50:52","guid":{"rendered":"https:\/\/gastora.eu\/?post_type=product&#038;p=15085"},"modified":"2026-04-28T16:57:47","modified_gmt":"2026-04-28T16:57:47","slug":"conglateur-600-l-3-tagres-rglables-21-gn-acier-inoxydable-avec-porte-en-verre","status":"publish","type":"product","link":"https:\/\/gastora.eu\/en\/product\/conglateur-600-l-3-tagres-rglables-21-gn-acier-inoxydable-avec-porte-en-verre\/","title":{"rendered":"Cong\u00e9lateur &#8211; 600 L &#8211; 3 \u00e9tag\u00e8res r\u00e9glables (2\/1 GN) &#8211; acier inoxydable &#8211; avec porte en verre"},"content":{"rendered":"<p>Ce puissant cong\u00e9lateur en acier inoxydable est con\u00e7u pour les cuisines professionnelles qui ont besoin d&#8217;un stockage fiable et efficace des produits surgel\u00e9s. Gr\u00e2ce \u00e0 sa grande capacit\u00e9, \u00e0 sa porte en verre transparent et \u00e0 son refroidissement constant, vos ingr\u00e9dients sont parfaitement conserv\u00e9s et toujours \u00e0 port\u00e9e de main.<\/p>\n<h2>Des performances de cong\u00e9lation efficaces<\/h2>\n<p>Gr\u00e2ce \u00e0 son syst\u00e8me de refroidissement ventil\u00e9, l&#8217;air froid est r\u00e9parti uniform\u00e9ment dans tout le meuble. Un ventilateur int\u00e9gr\u00e9 assure la circulation de l&#8217;air, \u00e9vitant ainsi les diff\u00e9rences de temp\u00e9rature entre les \u00e9tag\u00e8res. Ainsi, tous les produits restent \u00e0 une temp\u00e9rature stable entre -15\u00b0C et -20\u00b0C. Le r\u00e9gulateur num\u00e9rique Dixell facilite le r\u00e9glage de la temp\u00e9rature, tandis que le cong\u00e9lateur continue \u00e0 fonctionner de mani\u00e8re fiable m\u00eame \u00e0 des temp\u00e9ratures ambiantes pouvant atteindre 40\u00b0C.<\/p>\n<h2>Conception conviviale et hygi\u00e9nique<\/h2>\n<p>Ce cong\u00e9lateur allie facilit\u00e9 d&#8217;utilisation et conception hygi\u00e9nique. Il est enti\u00e8rement fabriqu\u00e9 en acier inoxydable, ce qui le rend durable et facile \u00e0 nettoyer. La porte en verre chauff\u00e9e emp\u00eache la condensation, ce qui vous permet de toujours avoir une vue claire de vos produits. La porte \u00e0 fermeture automatique et la serrure int\u00e9gr\u00e9e am\u00e9liorent l&#8217;efficacit\u00e9 et la s\u00e9curit\u00e9. \u00c0 l&#8217;int\u00e9rieur, les coins arrondis et le joint de porte antibact\u00e9rien contribuent \u00e0 maintenir des normes d&#8217;hygi\u00e8ne \u00e9lev\u00e9es, tandis que l&#8217;\u00e9clairage LED garantit une excellente visibilit\u00e9.<\/p>\n<h2>Nettoyage et entretien faciles<\/h2>\n<p>Ce cong\u00e9lateur est \u00e9quip\u00e9 d&#8217;une fonction de d\u00e9givrage automatique, qui r\u00e9duit l&#8217;accumulation de glace et maintient des performances constantes. Toutefois, il est important de proc\u00e9der \u00e0 un nettoyage r\u00e9gulier. Les surfaces lisses en acier inoxydable peuvent \u00eatre nettoy\u00e9es rapidement \u00e0 l&#8217;aide d&#8217;un chiffon doux et d&#8217;un d\u00e9tergent doux. Les clayettes amovibles permettent d&#8217;acc\u00e9der facilement \u00e0 toutes les zones. Pour un fonctionnement optimal, n&#8217;oubliez pas de vider r\u00e9guli\u00e8rement le bac de r\u00e9cup\u00e9ration et de maintenir le joint de la porte propre.<\/p>\n<p>Choisissez ce cong\u00e9lateur de 600 litres avec porte en verre et trois clayettes r\u00e9glables pour une solution de cong\u00e9lation fiable, efficace et hygi\u00e9nique adapt\u00e9e aux besoins des cuisines professionnelles.<\/p>\n<p><strong>Caract\u00e9ristiques<\/strong><\/p>\n<ul>\n<li><span style=\"background-color: #ffffff;\">Syst\u00e8me de refroidissement ventil\u00e9 pour une r\u00e9partition uniforme de la temp\u00e9rature<\/span><\/li>\n<li><span style=\"background-color: #ffffff;\">R\u00e9gulateur de temp\u00e9rature num\u00e9rique Dixell (-15\u00b0C \u00e0 -20\u00b0C)<\/span><\/li>\n<li><span style=\"background-color: #ffffff;\">Trois clayettes GN 2\/1 r\u00e9glables<\/span><\/li>\n<li><span style=\"background-color: #ffffff;\">Porte en verre \u00e0 fermeture automatique avec serrure et joint antibact\u00e9rien<\/span><\/li>\n<li><span style=\"background-color: #ffffff;\">Eclairage int\u00e9rieur LED \u00e0 faible consommation d&#8217;\u00e9nergie<\/span><\/li>\n<\/ul>\n<p><strong>Caract\u00e9ristiques du produit<\/strong><\/p>\n<ul>\n<li>Poids net : 110 kg<\/li>\n<li>Capacit\u00e9 nette : XXXL<\/li>\n<li>Dimensions ext\u00e9rieures : L69 x P83 x H201cm<\/li>\n<li>Dimensions int\u00e9rieures : L54 x P68 x H125cm<\/li>\n<li>230V \/ 50Hz \/ 1 Phase 450W<\/li>\n<\/ul>\n<p><em>Incluant<\/em><\/p>\n<ul>\n<li><em>Trois \u00e9tag\u00e8res 2\/1GN (capacit\u00e9 de charge 25kg par \u00e9tag\u00e8re)<\/em><\/li>\n<\/ul>","protected":false},"excerpt":{"rendered":"<p>Ce cong\u00e9lateur professionnel en acier inoxydable offre une capacit\u00e9 brute g\u00e9n\u00e9reuse de 600 litres, con\u00e7ue pour r\u00e9pondre aux exigences des cuisines commerciales et des environnements de restauration. \u00c9quip\u00e9 d&#8217;un syst\u00e8me de refroidissement ventil\u00e9, il garantit des temp\u00e9ratures constantes dans l&#8217;ensemble de l&#8217;armoire, pr\u00e9servant ainsi la fra\u00eecheur de vos ingr\u00e9dients.<\/p>","protected":false},"featured_media":13160,"template":"","meta":{"_acf_changed":false},"product_brand":[],"product_cat":[474],"product_tag":[],"class_list":{"0":"post-15085","1":"product","2":"type-product","3":"status-publish","4":"has-post-thumbnail","6":"product_cat-armoires-refrigerees-positif-negatif-2","8":"first","9":"instock","10":"sale","11":"taxable","12":"shipping-taxable","13":"purchasable","14":"product-type-simple"},"acf":[],"yoast_head":"<!-- This site is optimized with the Yoast SEO plugin v27.5 - https:\/\/yoast.com\/product\/yoast-seo-wordpress\/ -->\n<title>Cong\u00e9lateur - 600 L - 3 \u00e9tag\u00e8res r\u00e9glables (2\/1 GN) - acier inoxydable - avec porte en verre - Gastora<\/title>\n<meta name=\"description\" content=\"Achetez Cong\u00e9lateur - 600 L - 3 \u00e9tag\u00e8res r\u00e9glables (2\/1 GN) - acier inoxydable - avec porte en verre au meilleur prix, fiable et performant avec une livraison rapide\" \/>\n<meta name=\"robots\" content=\"index, follow, max-snippet:-1, max-image-preview:large, max-video-preview:-1\" \/>\n<link rel=\"canonical\" href=\"https:\/\/gastora.eu\/en\/product\/conglateur-600-l-3-tagres-rglables-21-gn-acier-inoxydable-avec-porte-en-verre\/\" \/>\n<meta property=\"og:locale\" content=\"en_US\" \/>\n<meta property=\"og:type\" content=\"article\" \/>\n<meta property=\"og:title\" content=\"Cong\u00e9lateur - 600 L - 3 \u00e9tag\u00e8res r\u00e9glables (2\/1 GN) - acier inoxydable - avec porte en verre - Gastora\" \/>\n<meta property=\"og:description\" content=\"Achetez Cong\u00e9lateur - 600 L - 3 \u00e9tag\u00e8res r\u00e9glables (2\/1 GN) - acier inoxydable - avec porte en verre au meilleur prix, fiable et performant avec une livraison rapide\" \/>\n<meta property=\"og:url\" content=\"https:\/\/gastora.eu\/en\/product\/conglateur-600-l-3-tagres-rglables-21-gn-acier-inoxydable-avec-porte-en-verre\/\" \/>\n<meta property=\"og:site_name\" content=\"Gastora\" \/>\n<meta property=\"article:modified_time\" content=\"2026-04-28T16:57:47+00:00\" \/>\n<meta name=\"twitter:card\" content=\"summary_large_image\" \/>\n<meta name=\"twitter:label1\" content=\"Est. reading time\" \/>\n\t<meta name=\"twitter:data1\" content=\"2 minutes\" \/>\n<script type=\"application\/ld+json\" class=\"yoast-schema-graph\">{\"@context\":\"https:\\\/\\\/schema.org\",\"@graph\":[{\"@type\":\"WebPage\",\"@id\":\"https:\\\/\\\/gastora.eu\\\/product\\\/conglateur-600-l-3-tagres-rglables-21-gn-acier-inoxydable-avec-porte-en-verre\\\/\",\"url\":\"https:\\\/\\\/gastora.eu\\\/product\\\/conglateur-600-l-3-tagres-rglables-21-gn-acier-inoxydable-avec-porte-en-verre\\\/\",\"name\":\"Cong\u00e9lateur - 600 L - 3 \u00e9tag\u00e8res r\u00e9glables (2\\\/1 GN) - acier inoxydable - avec porte en verre - Gastora\",\"isPartOf\":{\"@id\":\"https:\\\/\\\/gastora.eu\\\/#website\"},\"primaryImageOfPage\":{\"@id\":\"https:\\\/\\\/gastora.eu\\\/product\\\/conglateur-600-l-3-tagres-rglables-21-gn-acier-inoxydable-avec-porte-en-verre\\\/#primaryimage\"},\"image\":{\"@id\":\"https:\\\/\\\/gastora.eu\\\/product\\\/conglateur-600-l-3-tagres-rglables-21-gn-acier-inoxydable-avec-porte-en-verre\\\/#primaryimage\"},\"thumbnailUrl\":\"https:\\\/\\\/gastora.eu\\\/wp-content\\\/uploads\\\/2026\\\/04\\\/sp-1000-09400006_4.jpg\",\"datePublished\":\"2026-04-26T08:50:52+00:00\",\"dateModified\":\"2026-04-28T16:57:47+00:00\",\"description\":\"Achetez Cong\u00e9lateur - 600 L - 3 \u00e9tag\u00e8res r\u00e9glables (2\\\/1 GN) - acier inoxydable - avec porte en verre au meilleur prix, fiable et performant avec une livraison rapide\",\"breadcrumb\":{\"@id\":\"https:\\\/\\\/gastora.eu\\\/product\\\/conglateur-600-l-3-tagres-rglables-21-gn-acier-inoxydable-avec-porte-en-verre\\\/#breadcrumb\"},\"inLanguage\":\"en-US\",\"potentialAction\":[{\"@type\":\"ReadAction\",\"target\":[\"https:\\\/\\\/gastora.eu\\\/product\\\/conglateur-600-l-3-tagres-rglables-21-gn-acier-inoxydable-avec-porte-en-verre\\\/\"]}]},{\"@type\":\"ImageObject\",\"inLanguage\":\"en-US\",\"@id\":\"https:\\\/\\\/gastora.eu\\\/product\\\/conglateur-600-l-3-tagres-rglables-21-gn-acier-inoxydable-avec-porte-en-verre\\\/#primaryimage\",\"url\":\"https:\\\/\\\/gastora.eu\\\/wp-content\\\/uploads\\\/2026\\\/04\\\/sp-1000-09400006_4.jpg\",\"contentUrl\":\"https:\\\/\\\/gastora.eu\\\/wp-content\\\/uploads\\\/2026\\\/04\\\/sp-1000-09400006_4.jpg\",\"width\":1200,\"height\":1200},{\"@type\":\"BreadcrumbList\",\"@id\":\"https:\\\/\\\/gastora.eu\\\/product\\\/conglateur-600-l-3-tagres-rglables-21-gn-acier-inoxydable-avec-porte-en-verre\\\/#breadcrumb\",\"itemListElement\":[{\"@type\":\"ListItem\",\"position\":1,\"name\":\"Home\",\"item\":\"https:\\\/\\\/gastora.eu\\\/\"},{\"@type\":\"ListItem\",\"position\":2,\"name\":\"Shop\",\"item\":\"https:\\\/\\\/gastora.eu\\\/shop\\\/\"},{\"@type\":\"ListItem\",\"position\":3,\"name\":\"Cong\u00e9lateur &#8211; 600 L &#8211; 3 \u00e9tag\u00e8res r\u00e9glables (2\\\/1 GN) &#8211; acier inoxydable &#8211; avec porte en verre\"}]},{\"@type\":\"WebSite\",\"@id\":\"https:\\\/\\\/gastora.eu\\\/#website\",\"url\":\"https:\\\/\\\/gastora.eu\\\/\",\"name\":\"Gastora\",\"description\":\"\u00c9quipements professionnels CHR\",\"publisher\":{\"@id\":\"https:\\\/\\\/gastora.eu\\\/#organization\"},\"potentialAction\":[{\"@type\":\"SearchAction\",\"target\":{\"@type\":\"EntryPoint\",\"urlTemplate\":\"https:\\\/\\\/gastora.eu\\\/?s={search_term_string}\"},\"query-input\":{\"@type\":\"PropertyValueSpecification\",\"valueRequired\":true,\"valueName\":\"search_term_string\"}}],\"inLanguage\":\"en-US\"},{\"@type\":\"Organization\",\"@id\":\"https:\\\/\\\/gastora.eu\\\/#organization\",\"name\":\"Gastora\",\"url\":\"https:\\\/\\\/gastora.eu\\\/\",\"logo\":{\"@type\":\"ImageObject\",\"inLanguage\":\"en-US\",\"@id\":\"https:\\\/\\\/gastora.eu\\\/#\\\/schema\\\/logo\\\/image\\\/\",\"url\":\"https:\\\/\\\/gastora.eu\\\/wp-content\\\/uploads\\\/2025\\\/12\\\/ChatGPT-Image-2-janv.-2026-22_52_47-1.png\",\"contentUrl\":\"https:\\\/\\\/gastora.eu\\\/wp-content\\\/uploads\\\/2025\\\/12\\\/ChatGPT-Image-2-janv.-2026-22_52_47-1.png\",\"width\":1536,\"height\":320,\"caption\":\"Gastora\"},\"image\":{\"@id\":\"https:\\\/\\\/gastora.eu\\\/#\\\/schema\\\/logo\\\/image\\\/\"}}]}<\/script>\n<!-- \/ Yoast SEO plugin. -->","yoast_head_json":{"title":"Cong\u00e9lateur - 600 L - 3 \u00e9tag\u00e8res r\u00e9glables (2\/1 GN) - acier inoxydable - avec porte en verre - Gastora","description":"Achetez Cong\u00e9lateur - 600 L - 3 \u00e9tag\u00e8res r\u00e9glables (2\/1 GN) - acier inoxydable - avec porte en verre au meilleur prix, fiable et performant avec une livraison rapide","robots":{"index":"index","follow":"follow","max-snippet":"max-snippet:-1","max-image-preview":"max-image-preview:large","max-video-preview":"max-video-preview:-1"},"canonical":"https:\/\/gastora.eu\/en\/product\/conglateur-600-l-3-tagres-rglables-21-gn-acier-inoxydable-avec-porte-en-verre\/","og_locale":"en_US","og_type":"article","og_title":"Cong\u00e9lateur - 600 L - 3 \u00e9tag\u00e8res r\u00e9glables (2\/1 GN) - acier inoxydable - avec porte en verre - Gastora","og_description":"Achetez Cong\u00e9lateur - 600 L - 3 \u00e9tag\u00e8res r\u00e9glables (2\/1 GN) - acier inoxydable - avec porte en verre au meilleur prix, fiable et performant avec une livraison rapide","og_url":"https:\/\/gastora.eu\/en\/product\/conglateur-600-l-3-tagres-rglables-21-gn-acier-inoxydable-avec-porte-en-verre\/","og_site_name":"Gastora","article_modified_time":"2026-04-28T16:57:47+00:00","twitter_card":"summary_large_image","twitter_misc":{"Est. reading time":"2 minutes"},"schema":{"@context":"https:\/\/schema.org","@graph":[{"@type":"WebPage","@id":"https:\/\/gastora.eu\/product\/conglateur-600-l-3-tagres-rglables-21-gn-acier-inoxydable-avec-porte-en-verre\/","url":"https:\/\/gastora.eu\/product\/conglateur-600-l-3-tagres-rglables-21-gn-acier-inoxydable-avec-porte-en-verre\/","name":"Cong\u00e9lateur - 600 L - 3 \u00e9tag\u00e8res r\u00e9glables (2\/1 GN) - acier inoxydable - avec porte en verre - Gastora","isPartOf":{"@id":"https:\/\/gastora.eu\/#website"},"primaryImageOfPage":{"@id":"https:\/\/gastora.eu\/product\/conglateur-600-l-3-tagres-rglables-21-gn-acier-inoxydable-avec-porte-en-verre\/#primaryimage"},"image":{"@id":"https:\/\/gastora.eu\/product\/conglateur-600-l-3-tagres-rglables-21-gn-acier-inoxydable-avec-porte-en-verre\/#primaryimage"},"thumbnailUrl":"https:\/\/gastora.eu\/wp-content\/uploads\/2026\/04\/sp-1000-09400006_4.jpg","datePublished":"2026-04-26T08:50:52+00:00","dateModified":"2026-04-28T16:57:47+00:00","description":"Achetez Cong\u00e9lateur - 600 L - 3 \u00e9tag\u00e8res r\u00e9glables (2\/1 GN) - acier inoxydable - avec porte en verre au meilleur prix, fiable et performant avec une livraison rapide","breadcrumb":{"@id":"https:\/\/gastora.eu\/product\/conglateur-600-l-3-tagres-rglables-21-gn-acier-inoxydable-avec-porte-en-verre\/#breadcrumb"},"inLanguage":"en-US","potentialAction":[{"@type":"ReadAction","target":["https:\/\/gastora.eu\/product\/conglateur-600-l-3-tagres-rglables-21-gn-acier-inoxydable-avec-porte-en-verre\/"]}]},{"@type":"ImageObject","inLanguage":"en-US","@id":"https:\/\/gastora.eu\/product\/conglateur-600-l-3-tagres-rglables-21-gn-acier-inoxydable-avec-porte-en-verre\/#primaryimage","url":"https:\/\/gastora.eu\/wp-content\/uploads\/2026\/04\/sp-1000-09400006_4.jpg","contentUrl":"https:\/\/gastora.eu\/wp-content\/uploads\/2026\/04\/sp-1000-09400006_4.jpg","width":1200,"height":1200},{"@type":"BreadcrumbList","@id":"https:\/\/gastora.eu\/product\/conglateur-600-l-3-tagres-rglables-21-gn-acier-inoxydable-avec-porte-en-verre\/#breadcrumb","itemListElement":[{"@type":"ListItem","position":1,"name":"Home","item":"https:\/\/gastora.eu\/"},{"@type":"ListItem","position":2,"name":"Shop","item":"https:\/\/gastora.eu\/shop\/"},{"@type":"ListItem","position":3,"name":"Cong\u00e9lateur &#8211; 600 L &#8211; 3 \u00e9tag\u00e8res r\u00e9glables (2\/1 GN) &#8211; acier inoxydable &#8211; avec porte en verre"}]},{"@type":"WebSite","@id":"https:\/\/gastora.eu\/#website","url":"https:\/\/gastora.eu\/","name":"Gastora","description":"\u00c9quipements professionnels CHR","publisher":{"@id":"https:\/\/gastora.eu\/#organization"},"potentialAction":[{"@type":"SearchAction","target":{"@type":"EntryPoint","urlTemplate":"https:\/\/gastora.eu\/?s={search_term_string}"},"query-input":{"@type":"PropertyValueSpecification","valueRequired":true,"valueName":"search_term_string"}}],"inLanguage":"en-US"},{"@type":"Organization","@id":"https:\/\/gastora.eu\/#organization","name":"Gastora","url":"https:\/\/gastora.eu\/","logo":{"@type":"ImageObject","inLanguage":"en-US","@id":"https:\/\/gastora.eu\/#\/schema\/logo\/image\/","url":"https:\/\/gastora.eu\/wp-content\/uploads\/2025\/12\/ChatGPT-Image-2-janv.-2026-22_52_47-1.png","contentUrl":"https:\/\/gastora.eu\/wp-content\/uploads\/2025\/12\/ChatGPT-Image-2-janv.-2026-22_52_47-1.png","width":1536,"height":320,"caption":"Gastora"},"image":{"@id":"https:\/\/gastora.eu\/#\/schema\/logo\/image\/"}}]}},"jetpack_sharing_enabled":true,"_links":{"self":[{"href":"https:\/\/gastora.eu\/en\/wp-json\/wp\/v2\/product\/15085","targetHints":{"allow":["GET"]}}],"collection":[{"href":"https:\/\/gastora.eu\/en\/wp-json\/wp\/v2\/product"}],"about":[{"href":"https:\/\/gastora.eu\/en\/wp-json\/wp\/v2\/types\/product"}],"wp:featuredmedia":[{"embeddable":true,"href":"https:\/\/gastora.eu\/en\/wp-json\/wp\/v2\/media\/13160"}],"wp:attachment":[{"href":"https:\/\/gastora.eu\/en\/wp-json\/wp\/v2\/media?parent=15085"}],"wp:term":[{"taxonomy":"product_brand","embeddable":true,"href":"https:\/\/gastora.eu\/en\/wp-json\/wp\/v2\/product_brand?post=15085"},{"taxonomy":"product_cat","embeddable":true,"href":"https:\/\/gastora.eu\/en\/wp-json\/wp\/v2\/product_cat?post=15085"},{"taxonomy":"product_tag","embeddable":true,"href":"https:\/\/gastora.eu\/en\/wp-json\/wp\/v2\/product_tag?post=15085"}],"curies":[{"name":"wp","href":"https:\/\/api.w.org\/{rel}","templated":true}]}}