{"id":15084,"date":"2026-04-26T08:50:51","date_gmt":"2026-04-26T08:50:51","guid":{"rendered":"https:\/\/gastora.eu\/?post_type=product&#038;p=15084"},"modified":"2026-04-28T16:57:47","modified_gmt":"2026-04-28T16:57:47","slug":"conglateur-600-l-3-tagres-rglables-21-gn-acier-inoxydable-sur-roulettes","status":"publish","type":"product","link":"https:\/\/gastora.eu\/en\/product\/conglateur-600-l-3-tagres-rglables-21-gn-acier-inoxydable-sur-roulettes\/","title":{"rendered":"Cong\u00e9lateur &#8211; 600 L &#8211; 3 \u00e9tag\u00e8res r\u00e9glables (2\/1 GN) &#8211; acier inoxydable &#8211; sur roulettes"},"content":{"rendered":"<p>Le syst\u00e8me de refroidissement ventil\u00e9 de ce cong\u00e9lateur assure un flux r\u00e9gulier d&#8217;air froid, maintenant des temp\u00e9ratures homog\u00e8nes entre -18\u00b0C et -22\u00b0C. Parfait pour conserver les ingr\u00e9dients surgel\u00e9s et les plats pr\u00e9par\u00e9s, ce syst\u00e8me permet de r\u00e9duire l&#8217;accumulation de givre tout en pr\u00e9servant la qualit\u00e9 des produits. Le r\u00e9gulateur de temp\u00e9rature num\u00e9rique Dixell permet des r\u00e9glages pr\u00e9cis et faciles pour une cong\u00e9lation homog\u00e8ne.<\/p>\n<h3>Con\u00e7u pour l&#8217;hygi\u00e8ne et la facilit\u00e9 d&#8217;utilisation<\/h3>\n<p>Enti\u00e8rement fabriqu\u00e9 en acier inoxydable, tant \u00e0 l&#8217;int\u00e9rieur qu&#8217;\u00e0 l&#8217;ext\u00e9rieur, ce cong\u00e9lateur est robuste, facile \u00e0 nettoyer et tr\u00e8s durable. Ses trois clayettes GN 2\/1 sont enti\u00e8rement r\u00e9glables pour s&#8217;adapter \u00e0 votre espace de stockage. La porte est un mod\u00e8le \u00e0 fermeture automatique, gr\u00e2ce \u00e0 un aimant. Les caoutchoucs de la porte sont antibact\u00e9riens et chauffants, ce qui permet d&#8217;\u00e9viter le gel. L&#8217;\u00e9clairage LED \u00e9conome en \u00e9nergie am\u00e9liore la s\u00e9curit\u00e9 alimentaire et la facilit\u00e9 d&#8217;utilisation.<\/p>\n<h3>La mobilit\u00e9 rencontre la stabilit\u00e9<\/h3>\n<p>\u00c9quip\u00e9 de quatre roues robustes (dont deux avec frein), ce cong\u00e9lateur peut \u00eatre facilement repositionn\u00e9 pour le nettoyage ou la r\u00e9organisation de la cuisine. Le verrouillage s\u00e9curis\u00e9 de la porte et l&#8217;isolation \u00e9paisse garantissent la s\u00e9curit\u00e9 des produits et l&#8217;efficacit\u00e9 \u00e9nerg\u00e9tique, faisant de ce cong\u00e9lateur une solution fiable \u00e0 long terme.<\/p>\n<p>Choisissez ce cong\u00e9lateur de 600 litres en acier inoxydable pour une solution de cong\u00e9lation fiable, de grande capacit\u00e9 et hygi\u00e9nique pour votre cuisine professionnelle.<\/p>\n<p><strong>Caract\u00e9ristiques<\/strong><\/p>\n<ul>\n<li>Syst\u00e8me de refroidissement ventil\u00e9 avec r\u00e9partition uniforme de la temp\u00e9rature<\/li>\n<li>R\u00e9gulateur num\u00e9rique (-18\u00b0C \u00e0 &#8211; 22\u00b0C)<\/li>\n<li>Porte en acier inoxydable \u00e0 fermeture automatique avec serrure<\/li>\n<li>Caoutchoucs de porte chauffants et antibact\u00e9riens<\/li>\n<li>Quatre roues (2 avec freins) et \u00e9clairage LED \u00e0 faible consommation d&#8217;\u00e9nergie<\/li>\n<\/ul>\n<p><strong>Caract\u00e9ristiques du produit<\/strong><\/p>\n<ul>\n<li>Poids net : 115 kg<\/li>\n<li>Capacit\u00e9 nette : 350l<\/li>\n<li>Dimensions ext\u00e9rieures : L68 x P81 x H201cm<\/li>\n<li>Dimensions int\u00e9rieures : L56 x P68 x H124cm<\/li>\n<li>230V \/ 50Hz \/ 1 Phase 450W<\/li>\n<\/ul>\n<p><em>Inclus<\/em><\/p>\n<ul>\n<li><em>Trois \u00e9tag\u00e8res r\u00e9glables (GN 2\/1) avec guides<\/em><\/li>\n<\/ul>","protected":false},"excerpt":{"rendered":"<p>Ce cong\u00e9lateur professionnel en acier inoxydable offre une capacit\u00e9 brute de 600 litres et est con\u00e7u pour une compatibilit\u00e9 2\/1GN. Il est \u00e9quip\u00e9 de trois \u00e9tag\u00e8res r\u00e9glables, d&#8217;un syst\u00e8me de refroidissement ventil\u00e9 et de roulettes pour une mobilit\u00e9 ais\u00e9e. Ce cong\u00e9lateur est id\u00e9al pour les cuisines commerciales et les environnements de restauration.<\/p>","protected":false},"featured_media":8903,"template":"","meta":{"_acf_changed":false},"product_brand":[],"product_cat":[474],"product_tag":[],"class_list":{"0":"post-15084","1":"product","2":"type-product","3":"status-publish","4":"has-post-thumbnail","6":"product_cat-armoires-refrigerees-positif-negatif-2","8":"first","9":"instock","10":"sale","11":"taxable","12":"shipping-taxable","13":"purchasable","14":"product-type-simple"},"acf":[],"yoast_head":"<!-- This site is optimized with the Yoast SEO plugin v27.5 - https:\/\/yoast.com\/product\/yoast-seo-wordpress\/ -->\n<title>Cong\u00e9lateur - 600 L - 3 \u00e9tag\u00e8res r\u00e9glables (2\/1 GN) - acier inoxydable - sur roulettes - Gastora<\/title>\n<meta name=\"description\" content=\"Achetez Cong\u00e9lateur - 600 L - 3 \u00e9tag\u00e8res r\u00e9glables (2\/1 GN) - acier inoxydable - sur roulettes au meilleur prix, fiable et performant avec une livraison rapide\" \/>\n<meta name=\"robots\" content=\"index, follow, max-snippet:-1, max-image-preview:large, max-video-preview:-1\" \/>\n<link rel=\"canonical\" href=\"https:\/\/gastora.eu\/en\/product\/conglateur-600-l-3-tagres-rglables-21-gn-acier-inoxydable-sur-roulettes\/\" \/>\n<meta property=\"og:locale\" content=\"en_US\" \/>\n<meta property=\"og:type\" content=\"article\" \/>\n<meta property=\"og:title\" content=\"Cong\u00e9lateur - 600 L - 3 \u00e9tag\u00e8res r\u00e9glables (2\/1 GN) - acier inoxydable - sur roulettes - Gastora\" \/>\n<meta property=\"og:description\" content=\"Achetez Cong\u00e9lateur - 600 L - 3 \u00e9tag\u00e8res r\u00e9glables (2\/1 GN) - acier inoxydable - sur roulettes au meilleur prix, fiable et performant avec une livraison rapide\" \/>\n<meta property=\"og:url\" content=\"https:\/\/gastora.eu\/en\/product\/conglateur-600-l-3-tagres-rglables-21-gn-acier-inoxydable-sur-roulettes\/\" \/>\n<meta property=\"og:site_name\" content=\"Gastora\" \/>\n<meta property=\"article:modified_time\" content=\"2026-04-28T16:57:47+00:00\" \/>\n<meta name=\"twitter:card\" content=\"summary_large_image\" \/>\n<meta name=\"twitter:label1\" content=\"Est. reading time\" \/>\n\t<meta name=\"twitter:data1\" content=\"2 minutes\" \/>\n<script type=\"application\/ld+json\" class=\"yoast-schema-graph\">{\"@context\":\"https:\\\/\\\/schema.org\",\"@graph\":[{\"@type\":\"WebPage\",\"@id\":\"https:\\\/\\\/gastora.eu\\\/product\\\/conglateur-600-l-3-tagres-rglables-21-gn-acier-inoxydable-sur-roulettes\\\/\",\"url\":\"https:\\\/\\\/gastora.eu\\\/product\\\/conglateur-600-l-3-tagres-rglables-21-gn-acier-inoxydable-sur-roulettes\\\/\",\"name\":\"Cong\u00e9lateur - 600 L - 3 \u00e9tag\u00e8res r\u00e9glables (2\\\/1 GN) - acier inoxydable - sur roulettes - Gastora\",\"isPartOf\":{\"@id\":\"https:\\\/\\\/gastora.eu\\\/#website\"},\"primaryImageOfPage\":{\"@id\":\"https:\\\/\\\/gastora.eu\\\/product\\\/conglateur-600-l-3-tagres-rglables-21-gn-acier-inoxydable-sur-roulettes\\\/#primaryimage\"},\"image\":{\"@id\":\"https:\\\/\\\/gastora.eu\\\/product\\\/conglateur-600-l-3-tagres-rglables-21-gn-acier-inoxydable-sur-roulettes\\\/#primaryimage\"},\"thumbnailUrl\":\"https:\\\/\\\/gastora.eu\\\/wp-content\\\/uploads\\\/2026\\\/04\\\/260123_09400007_img_001.jpg\",\"datePublished\":\"2026-04-26T08:50:51+00:00\",\"dateModified\":\"2026-04-28T16:57:47+00:00\",\"description\":\"Achetez Cong\u00e9lateur - 600 L - 3 \u00e9tag\u00e8res r\u00e9glables (2\\\/1 GN) - acier inoxydable - sur roulettes au meilleur prix, fiable et performant avec une livraison rapide\",\"breadcrumb\":{\"@id\":\"https:\\\/\\\/gastora.eu\\\/product\\\/conglateur-600-l-3-tagres-rglables-21-gn-acier-inoxydable-sur-roulettes\\\/#breadcrumb\"},\"inLanguage\":\"en-US\",\"potentialAction\":[{\"@type\":\"ReadAction\",\"target\":[\"https:\\\/\\\/gastora.eu\\\/product\\\/conglateur-600-l-3-tagres-rglables-21-gn-acier-inoxydable-sur-roulettes\\\/\"]}]},{\"@type\":\"ImageObject\",\"inLanguage\":\"en-US\",\"@id\":\"https:\\\/\\\/gastora.eu\\\/product\\\/conglateur-600-l-3-tagres-rglables-21-gn-acier-inoxydable-sur-roulettes\\\/#primaryimage\",\"url\":\"https:\\\/\\\/gastora.eu\\\/wp-content\\\/uploads\\\/2026\\\/04\\\/260123_09400007_img_001.jpg\",\"contentUrl\":\"https:\\\/\\\/gastora.eu\\\/wp-content\\\/uploads\\\/2026\\\/04\\\/260123_09400007_img_001.jpg\",\"width\":1200,\"height\":1200},{\"@type\":\"BreadcrumbList\",\"@id\":\"https:\\\/\\\/gastora.eu\\\/product\\\/conglateur-600-l-3-tagres-rglables-21-gn-acier-inoxydable-sur-roulettes\\\/#breadcrumb\",\"itemListElement\":[{\"@type\":\"ListItem\",\"position\":1,\"name\":\"Home\",\"item\":\"https:\\\/\\\/gastora.eu\\\/\"},{\"@type\":\"ListItem\",\"position\":2,\"name\":\"Shop\",\"item\":\"https:\\\/\\\/gastora.eu\\\/shop\\\/\"},{\"@type\":\"ListItem\",\"position\":3,\"name\":\"Cong\u00e9lateur &#8211; 600 L &#8211; 3 \u00e9tag\u00e8res r\u00e9glables (2\\\/1 GN) &#8211; acier inoxydable &#8211; sur roulettes\"}]},{\"@type\":\"WebSite\",\"@id\":\"https:\\\/\\\/gastora.eu\\\/#website\",\"url\":\"https:\\\/\\\/gastora.eu\\\/\",\"name\":\"Gastora\",\"description\":\"\u00c9quipements professionnels CHR\",\"publisher\":{\"@id\":\"https:\\\/\\\/gastora.eu\\\/#organization\"},\"potentialAction\":[{\"@type\":\"SearchAction\",\"target\":{\"@type\":\"EntryPoint\",\"urlTemplate\":\"https:\\\/\\\/gastora.eu\\\/?s={search_term_string}\"},\"query-input\":{\"@type\":\"PropertyValueSpecification\",\"valueRequired\":true,\"valueName\":\"search_term_string\"}}],\"inLanguage\":\"en-US\"},{\"@type\":\"Organization\",\"@id\":\"https:\\\/\\\/gastora.eu\\\/#organization\",\"name\":\"Gastora\",\"url\":\"https:\\\/\\\/gastora.eu\\\/\",\"logo\":{\"@type\":\"ImageObject\",\"inLanguage\":\"en-US\",\"@id\":\"https:\\\/\\\/gastora.eu\\\/#\\\/schema\\\/logo\\\/image\\\/\",\"url\":\"https:\\\/\\\/gastora.eu\\\/wp-content\\\/uploads\\\/2025\\\/12\\\/ChatGPT-Image-2-janv.-2026-22_52_47-1.png\",\"contentUrl\":\"https:\\\/\\\/gastora.eu\\\/wp-content\\\/uploads\\\/2025\\\/12\\\/ChatGPT-Image-2-janv.-2026-22_52_47-1.png\",\"width\":1536,\"height\":320,\"caption\":\"Gastora\"},\"image\":{\"@id\":\"https:\\\/\\\/gastora.eu\\\/#\\\/schema\\\/logo\\\/image\\\/\"}}]}<\/script>\n<!-- \/ Yoast SEO plugin. -->","yoast_head_json":{"title":"Cong\u00e9lateur - 600 L - 3 \u00e9tag\u00e8res r\u00e9glables (2\/1 GN) - acier inoxydable - sur roulettes - Gastora","description":"Achetez Cong\u00e9lateur - 600 L - 3 \u00e9tag\u00e8res r\u00e9glables (2\/1 GN) - acier inoxydable - sur roulettes au meilleur prix, fiable et performant avec une livraison rapide","robots":{"index":"index","follow":"follow","max-snippet":"max-snippet:-1","max-image-preview":"max-image-preview:large","max-video-preview":"max-video-preview:-1"},"canonical":"https:\/\/gastora.eu\/en\/product\/conglateur-600-l-3-tagres-rglables-21-gn-acier-inoxydable-sur-roulettes\/","og_locale":"en_US","og_type":"article","og_title":"Cong\u00e9lateur - 600 L - 3 \u00e9tag\u00e8res r\u00e9glables (2\/1 GN) - acier inoxydable - sur roulettes - Gastora","og_description":"Achetez Cong\u00e9lateur - 600 L - 3 \u00e9tag\u00e8res r\u00e9glables (2\/1 GN) - acier inoxydable - sur roulettes au meilleur prix, fiable et performant avec une livraison rapide","og_url":"https:\/\/gastora.eu\/en\/product\/conglateur-600-l-3-tagres-rglables-21-gn-acier-inoxydable-sur-roulettes\/","og_site_name":"Gastora","article_modified_time":"2026-04-28T16:57:47+00:00","twitter_card":"summary_large_image","twitter_misc":{"Est. reading time":"2 minutes"},"schema":{"@context":"https:\/\/schema.org","@graph":[{"@type":"WebPage","@id":"https:\/\/gastora.eu\/product\/conglateur-600-l-3-tagres-rglables-21-gn-acier-inoxydable-sur-roulettes\/","url":"https:\/\/gastora.eu\/product\/conglateur-600-l-3-tagres-rglables-21-gn-acier-inoxydable-sur-roulettes\/","name":"Cong\u00e9lateur - 600 L - 3 \u00e9tag\u00e8res r\u00e9glables (2\/1 GN) - acier inoxydable - sur roulettes - Gastora","isPartOf":{"@id":"https:\/\/gastora.eu\/#website"},"primaryImageOfPage":{"@id":"https:\/\/gastora.eu\/product\/conglateur-600-l-3-tagres-rglables-21-gn-acier-inoxydable-sur-roulettes\/#primaryimage"},"image":{"@id":"https:\/\/gastora.eu\/product\/conglateur-600-l-3-tagres-rglables-21-gn-acier-inoxydable-sur-roulettes\/#primaryimage"},"thumbnailUrl":"https:\/\/gastora.eu\/wp-content\/uploads\/2026\/04\/260123_09400007_img_001.jpg","datePublished":"2026-04-26T08:50:51+00:00","dateModified":"2026-04-28T16:57:47+00:00","description":"Achetez Cong\u00e9lateur - 600 L - 3 \u00e9tag\u00e8res r\u00e9glables (2\/1 GN) - acier inoxydable - sur roulettes au meilleur prix, fiable et performant avec une livraison rapide","breadcrumb":{"@id":"https:\/\/gastora.eu\/product\/conglateur-600-l-3-tagres-rglables-21-gn-acier-inoxydable-sur-roulettes\/#breadcrumb"},"inLanguage":"en-US","potentialAction":[{"@type":"ReadAction","target":["https:\/\/gastora.eu\/product\/conglateur-600-l-3-tagres-rglables-21-gn-acier-inoxydable-sur-roulettes\/"]}]},{"@type":"ImageObject","inLanguage":"en-US","@id":"https:\/\/gastora.eu\/product\/conglateur-600-l-3-tagres-rglables-21-gn-acier-inoxydable-sur-roulettes\/#primaryimage","url":"https:\/\/gastora.eu\/wp-content\/uploads\/2026\/04\/260123_09400007_img_001.jpg","contentUrl":"https:\/\/gastora.eu\/wp-content\/uploads\/2026\/04\/260123_09400007_img_001.jpg","width":1200,"height":1200},{"@type":"BreadcrumbList","@id":"https:\/\/gastora.eu\/product\/conglateur-600-l-3-tagres-rglables-21-gn-acier-inoxydable-sur-roulettes\/#breadcrumb","itemListElement":[{"@type":"ListItem","position":1,"name":"Home","item":"https:\/\/gastora.eu\/"},{"@type":"ListItem","position":2,"name":"Shop","item":"https:\/\/gastora.eu\/shop\/"},{"@type":"ListItem","position":3,"name":"Cong\u00e9lateur &#8211; 600 L &#8211; 3 \u00e9tag\u00e8res r\u00e9glables (2\/1 GN) &#8211; acier inoxydable &#8211; sur roulettes"}]},{"@type":"WebSite","@id":"https:\/\/gastora.eu\/#website","url":"https:\/\/gastora.eu\/","name":"Gastora","description":"\u00c9quipements professionnels CHR","publisher":{"@id":"https:\/\/gastora.eu\/#organization"},"potentialAction":[{"@type":"SearchAction","target":{"@type":"EntryPoint","urlTemplate":"https:\/\/gastora.eu\/?s={search_term_string}"},"query-input":{"@type":"PropertyValueSpecification","valueRequired":true,"valueName":"search_term_string"}}],"inLanguage":"en-US"},{"@type":"Organization","@id":"https:\/\/gastora.eu\/#organization","name":"Gastora","url":"https:\/\/gastora.eu\/","logo":{"@type":"ImageObject","inLanguage":"en-US","@id":"https:\/\/gastora.eu\/#\/schema\/logo\/image\/","url":"https:\/\/gastora.eu\/wp-content\/uploads\/2025\/12\/ChatGPT-Image-2-janv.-2026-22_52_47-1.png","contentUrl":"https:\/\/gastora.eu\/wp-content\/uploads\/2025\/12\/ChatGPT-Image-2-janv.-2026-22_52_47-1.png","width":1536,"height":320,"caption":"Gastora"},"image":{"@id":"https:\/\/gastora.eu\/#\/schema\/logo\/image\/"}}]}},"jetpack_sharing_enabled":true,"_links":{"self":[{"href":"https:\/\/gastora.eu\/en\/wp-json\/wp\/v2\/product\/15084","targetHints":{"allow":["GET"]}}],"collection":[{"href":"https:\/\/gastora.eu\/en\/wp-json\/wp\/v2\/product"}],"about":[{"href":"https:\/\/gastora.eu\/en\/wp-json\/wp\/v2\/types\/product"}],"wp:featuredmedia":[{"embeddable":true,"href":"https:\/\/gastora.eu\/en\/wp-json\/wp\/v2\/media\/8903"}],"wp:attachment":[{"href":"https:\/\/gastora.eu\/en\/wp-json\/wp\/v2\/media?parent=15084"}],"wp:term":[{"taxonomy":"product_brand","embeddable":true,"href":"https:\/\/gastora.eu\/en\/wp-json\/wp\/v2\/product_brand?post=15084"},{"taxonomy":"product_cat","embeddable":true,"href":"https:\/\/gastora.eu\/en\/wp-json\/wp\/v2\/product_cat?post=15084"},{"taxonomy":"product_tag","embeddable":true,"href":"https:\/\/gastora.eu\/en\/wp-json\/wp\/v2\/product_tag?post=15084"}],"curies":[{"name":"wp","href":"https:\/\/api.w.org\/{rel}","templated":true}]}}