{"id":15083,"date":"2026-04-26T08:50:50","date_gmt":"2026-04-26T08:50:50","guid":{"rendered":"https:\/\/gastora.eu\/?post_type=product&#038;p=15083"},"modified":"2026-04-28T16:57:47","modified_gmt":"2026-04-28T16:57:47","slug":"rfrigrateur-600-l-3-tagres-rglables-21-gn-acier-inoxydable-sur-roulettes","status":"publish","type":"product","link":"https:\/\/gastora.eu\/en\/product\/rfrigrateur-600-l-3-tagres-rglables-21-gn-acier-inoxydable-sur-roulettes\/","title":{"rendered":"R\u00e9frig\u00e9rateur &#8211; 600 L &#8211; 3 \u00e9tag\u00e8res r\u00e9glables (2\/1 GN)  &#8211; acier inoxydable &#8211; sur roulettes"},"content":{"rendered":"<p>Ce r\u00e9frig\u00e9rateur de 600 litres est con\u00e7u pour la fiabilit\u00e9, l&#8217;efficacit\u00e9 et la facilit\u00e9 d&#8217;utilisation dans la restauration professionnelle. Avec une porte verrouillable \u00e0 fermeture automatique, une isolation \u00e9paisse et un panneau de commande num\u00e9rique intuitif, ce r\u00e9frig\u00e9rateur assure une gestion pr\u00e9cise de la temp\u00e9rature et des conditions de stockage optimales.<\/p>\n<h3>Refroidissement homog\u00e8ne gr\u00e2ce \u00e0 une ventilation am\u00e9lior\u00e9e<\/h3>\n<p>Le syst\u00e8me de refroidissement ventil\u00e9 distribue l&#8217;air froid de mani\u00e8re homog\u00e8ne dans l&#8217;armoire, \u00e9liminant les fluctuations de temp\u00e9rature et pr\u00e9servant la qualit\u00e9 des aliments. Un r\u00e9gulateur num\u00e9rique maintient la temp\u00e9rature s\u00e9lectionn\u00e9e entre -2\u00b0C et 10\u00b0C avec une grande pr\u00e9cision. Gr\u00e2ce \u00e0 l&#8217;utilisation du r\u00e9frig\u00e9rant R290 et \u00e0 une isolation de 6 cm, cet appareil est \u00e0 la fois puissant et \u00e9conome en \u00e9nergie. Enti\u00e8rement fabriqu\u00e9 en acier inoxydable, ce r\u00e9frig\u00e9rateur pr\u00e9sente des coins internes arrondis pour faciliter le nettoyage et respecter les r\u00e8gles d&#8217;hygi\u00e8ne. Le joint de porte en caoutchouc chauffant antibact\u00e9rien renforce la s\u00e9curit\u00e9 alimentaire et emp\u00eache les adh\u00e9rences, tandis que l&#8217;\u00e9clairage int\u00e9rieur LED offre une visibilit\u00e9 claire des articles stock\u00e9s.<\/p>\n<h3>Mobilit\u00e9 robuste pour un placement flexible<\/h3>\n<p>Que ce soit dans un restaurant tr\u00e8s fr\u00e9quent\u00e9, une installation de restauration ou une zone de pr\u00e9paration, ce r\u00e9frig\u00e9rateur est con\u00e7u pour \u00eatre d\u00e9plac\u00e9. Quatre roues robustes (dont deux avec frein) permettent de le d\u00e9placer facilement et de le placer en toute s\u00e9curit\u00e9, ce qui facilite le nettoyage de l&#8217;arri\u00e8re ou l&#8217;ajustement de l&#8217;agencement de la cuisine. <\/p>\n<p>Choisissez ce r\u00e9frig\u00e9rateur de 600 litres pour une solution de refroidissement fiable, s\u00fbre pour les aliments et efficace sur laquelle votre cuisine peut compter.<\/p>\n<p><strong>Caract\u00e9ristiques<\/strong><\/p>\n<ul>\n<li><span style=\"background-color: #ffffff;\">Syst\u00e8me de refroidissement ventil\u00e9 pour une r\u00e9partition uniforme de la temp\u00e9rature<\/span><\/li>\n<li><span style=\"background-color: #ffffff;\">Trois \u00e9tag\u00e8res r\u00e9glables en acier inoxydable GN 2\/1<\/span><\/li>\n<li><span style=\"background-color: #ffffff;\">Porte en acier inoxydable \u00e0 fermeture automatique avec serrure et joint antibact\u00e9rien<\/span><\/li>\n<li><span style=\"background-color: #ffffff;\">Contr\u00f4le num\u00e9rique de la temp\u00e9rature (plage de -2\u00b0C \u00e0 10\u00b0C)<\/span><\/li>\n<li><span style=\"background-color: #ffffff;\">Quatre roues (2 avec freins) pour un d\u00e9placement ais\u00e9<\/span><\/li>\n<\/ul>\n<p><strong>Caract\u00e9ristiques du produit<\/strong><\/p>\n<ul>\n<li>Poids net : 115kg<\/li>\n<li>Capacit\u00e9 nette : 350l<\/li>\n<li>Dimensions ext\u00e9rieures : L68 x P81 x H201cm<\/li>\n<li>Dimensions int\u00e9rieures : L56 x P68 x H124cm<\/li>\n<li>230V \/ 50Hz \/ 1 Phase 195W<\/li>\n<\/ul>\n<p><em>Incluant<\/em><\/p>\n<ul>\n<li><em>Trois \u00e9tag\u00e8res (65 x 53cm) et guides<\/em><\/li>\n<\/ul>","protected":false},"excerpt":{"rendered":"<p>Ce r\u00e9frig\u00e9rateur professionnel en acier inoxydable offre une capacit\u00e9 brute de 600 litres et est con\u00e7u pour une compatibilit\u00e9 2\/1GN. Il est \u00e9quip\u00e9 de trois \u00e9tag\u00e8res r\u00e9glables, d&#8217;un syst\u00e8me de refroidissement ventil\u00e9 et de roulettes pour une mobilit\u00e9 ais\u00e9e. Ce r\u00e9frig\u00e9rateur est id\u00e9al pour les cuisines commerciales et les environnements de restauration.<\/p>","protected":false},"featured_media":8901,"template":"","meta":{"_acf_changed":false},"product_brand":[],"product_cat":[474],"product_tag":[],"class_list":{"0":"post-15083","1":"product","2":"type-product","3":"status-publish","4":"has-post-thumbnail","6":"product_cat-armoires-refrigerees-positif-negatif-2","8":"first","9":"instock","10":"sale","11":"taxable","12":"shipping-taxable","13":"purchasable","14":"product-type-simple"},"acf":[],"yoast_head":"<!-- This site is optimized with the Yoast SEO plugin v27.5 - https:\/\/yoast.com\/product\/yoast-seo-wordpress\/ -->\n<title>R\u00e9frig\u00e9rateur - 600 L - 3 \u00e9tag\u00e8res r\u00e9glables (2\/1 GN) - acier inoxydable - sur roulettes - Gastora<\/title>\n<meta name=\"description\" content=\"Achetez R\u00e9frig\u00e9rateur - 600 L - 3 \u00e9tag\u00e8res r\u00e9glables (2\/1 GN) - acier inoxydable - sur roulettes au meilleur prix, fiable et performant avec une livraison rapide\" \/>\n<meta name=\"robots\" content=\"index, follow, max-snippet:-1, max-image-preview:large, max-video-preview:-1\" \/>\n<link rel=\"canonical\" href=\"https:\/\/gastora.eu\/en\/product\/rfrigrateur-600-l-3-tagres-rglables-21-gn-acier-inoxydable-sur-roulettes\/\" \/>\n<meta property=\"og:locale\" content=\"en_US\" \/>\n<meta property=\"og:type\" content=\"article\" \/>\n<meta property=\"og:title\" content=\"R\u00e9frig\u00e9rateur - 600 L - 3 \u00e9tag\u00e8res r\u00e9glables (2\/1 GN) - acier inoxydable - sur roulettes - Gastora\" \/>\n<meta property=\"og:description\" content=\"Achetez R\u00e9frig\u00e9rateur - 600 L - 3 \u00e9tag\u00e8res r\u00e9glables (2\/1 GN) - acier inoxydable - sur roulettes au meilleur prix, fiable et performant avec une livraison rapide\" \/>\n<meta property=\"og:url\" content=\"https:\/\/gastora.eu\/en\/product\/rfrigrateur-600-l-3-tagres-rglables-21-gn-acier-inoxydable-sur-roulettes\/\" \/>\n<meta property=\"og:site_name\" content=\"Gastora\" \/>\n<meta property=\"article:modified_time\" content=\"2026-04-28T16:57:47+00:00\" \/>\n<meta name=\"twitter:card\" content=\"summary_large_image\" \/>\n<meta name=\"twitter:label1\" content=\"Est. reading time\" \/>\n\t<meta name=\"twitter:data1\" content=\"2 minutes\" \/>\n<script type=\"application\/ld+json\" class=\"yoast-schema-graph\">{\"@context\":\"https:\\\/\\\/schema.org\",\"@graph\":[{\"@type\":\"WebPage\",\"@id\":\"https:\\\/\\\/gastora.eu\\\/product\\\/rfrigrateur-600-l-3-tagres-rglables-21-gn-acier-inoxydable-sur-roulettes\\\/\",\"url\":\"https:\\\/\\\/gastora.eu\\\/product\\\/rfrigrateur-600-l-3-tagres-rglables-21-gn-acier-inoxydable-sur-roulettes\\\/\",\"name\":\"R\u00e9frig\u00e9rateur - 600 L - 3 \u00e9tag\u00e8res r\u00e9glables (2\\\/1 GN) - acier inoxydable - sur roulettes - Gastora\",\"isPartOf\":{\"@id\":\"https:\\\/\\\/gastora.eu\\\/#website\"},\"primaryImageOfPage\":{\"@id\":\"https:\\\/\\\/gastora.eu\\\/product\\\/rfrigrateur-600-l-3-tagres-rglables-21-gn-acier-inoxydable-sur-roulettes\\\/#primaryimage\"},\"image\":{\"@id\":\"https:\\\/\\\/gastora.eu\\\/product\\\/rfrigrateur-600-l-3-tagres-rglables-21-gn-acier-inoxydable-sur-roulettes\\\/#primaryimage\"},\"thumbnailUrl\":\"https:\\\/\\\/gastora.eu\\\/wp-content\\\/uploads\\\/2026\\\/04\\\/260123_09400007_img_002.jpg\",\"datePublished\":\"2026-04-26T08:50:50+00:00\",\"dateModified\":\"2026-04-28T16:57:47+00:00\",\"description\":\"Achetez R\u00e9frig\u00e9rateur - 600 L - 3 \u00e9tag\u00e8res r\u00e9glables (2\\\/1 GN) - acier inoxydable - sur roulettes au meilleur prix, fiable et performant avec une livraison rapide\",\"breadcrumb\":{\"@id\":\"https:\\\/\\\/gastora.eu\\\/product\\\/rfrigrateur-600-l-3-tagres-rglables-21-gn-acier-inoxydable-sur-roulettes\\\/#breadcrumb\"},\"inLanguage\":\"en-US\",\"potentialAction\":[{\"@type\":\"ReadAction\",\"target\":[\"https:\\\/\\\/gastora.eu\\\/product\\\/rfrigrateur-600-l-3-tagres-rglables-21-gn-acier-inoxydable-sur-roulettes\\\/\"]}]},{\"@type\":\"ImageObject\",\"inLanguage\":\"en-US\",\"@id\":\"https:\\\/\\\/gastora.eu\\\/product\\\/rfrigrateur-600-l-3-tagres-rglables-21-gn-acier-inoxydable-sur-roulettes\\\/#primaryimage\",\"url\":\"https:\\\/\\\/gastora.eu\\\/wp-content\\\/uploads\\\/2026\\\/04\\\/260123_09400007_img_002.jpg\",\"contentUrl\":\"https:\\\/\\\/gastora.eu\\\/wp-content\\\/uploads\\\/2026\\\/04\\\/260123_09400007_img_002.jpg\",\"width\":1200,\"height\":1200},{\"@type\":\"BreadcrumbList\",\"@id\":\"https:\\\/\\\/gastora.eu\\\/product\\\/rfrigrateur-600-l-3-tagres-rglables-21-gn-acier-inoxydable-sur-roulettes\\\/#breadcrumb\",\"itemListElement\":[{\"@type\":\"ListItem\",\"position\":1,\"name\":\"Home\",\"item\":\"https:\\\/\\\/gastora.eu\\\/\"},{\"@type\":\"ListItem\",\"position\":2,\"name\":\"Shop\",\"item\":\"https:\\\/\\\/gastora.eu\\\/shop\\\/\"},{\"@type\":\"ListItem\",\"position\":3,\"name\":\"R\u00e9frig\u00e9rateur &#8211; 600 L &#8211; 3 \u00e9tag\u00e8res r\u00e9glables (2\\\/1 GN) &#8211; acier inoxydable &#8211; sur roulettes\"}]},{\"@type\":\"WebSite\",\"@id\":\"https:\\\/\\\/gastora.eu\\\/#website\",\"url\":\"https:\\\/\\\/gastora.eu\\\/\",\"name\":\"Gastora\",\"description\":\"\u00c9quipements professionnels CHR\",\"publisher\":{\"@id\":\"https:\\\/\\\/gastora.eu\\\/#organization\"},\"potentialAction\":[{\"@type\":\"SearchAction\",\"target\":{\"@type\":\"EntryPoint\",\"urlTemplate\":\"https:\\\/\\\/gastora.eu\\\/?s={search_term_string}\"},\"query-input\":{\"@type\":\"PropertyValueSpecification\",\"valueRequired\":true,\"valueName\":\"search_term_string\"}}],\"inLanguage\":\"en-US\"},{\"@type\":\"Organization\",\"@id\":\"https:\\\/\\\/gastora.eu\\\/#organization\",\"name\":\"Gastora\",\"url\":\"https:\\\/\\\/gastora.eu\\\/\",\"logo\":{\"@type\":\"ImageObject\",\"inLanguage\":\"en-US\",\"@id\":\"https:\\\/\\\/gastora.eu\\\/#\\\/schema\\\/logo\\\/image\\\/\",\"url\":\"https:\\\/\\\/gastora.eu\\\/wp-content\\\/uploads\\\/2025\\\/12\\\/ChatGPT-Image-2-janv.-2026-22_52_47-1.png\",\"contentUrl\":\"https:\\\/\\\/gastora.eu\\\/wp-content\\\/uploads\\\/2025\\\/12\\\/ChatGPT-Image-2-janv.-2026-22_52_47-1.png\",\"width\":1536,\"height\":320,\"caption\":\"Gastora\"},\"image\":{\"@id\":\"https:\\\/\\\/gastora.eu\\\/#\\\/schema\\\/logo\\\/image\\\/\"}}]}<\/script>\n<!-- \/ Yoast SEO plugin. -->","yoast_head_json":{"title":"R\u00e9frig\u00e9rateur - 600 L - 3 \u00e9tag\u00e8res r\u00e9glables (2\/1 GN) - acier inoxydable - sur roulettes - Gastora","description":"Achetez R\u00e9frig\u00e9rateur - 600 L - 3 \u00e9tag\u00e8res r\u00e9glables (2\/1 GN) - acier inoxydable - sur roulettes au meilleur prix, fiable et performant avec une livraison rapide","robots":{"index":"index","follow":"follow","max-snippet":"max-snippet:-1","max-image-preview":"max-image-preview:large","max-video-preview":"max-video-preview:-1"},"canonical":"https:\/\/gastora.eu\/en\/product\/rfrigrateur-600-l-3-tagres-rglables-21-gn-acier-inoxydable-sur-roulettes\/","og_locale":"en_US","og_type":"article","og_title":"R\u00e9frig\u00e9rateur - 600 L - 3 \u00e9tag\u00e8res r\u00e9glables (2\/1 GN) - acier inoxydable - sur roulettes - Gastora","og_description":"Achetez R\u00e9frig\u00e9rateur - 600 L - 3 \u00e9tag\u00e8res r\u00e9glables (2\/1 GN) - acier inoxydable - sur roulettes au meilleur prix, fiable et performant avec une livraison rapide","og_url":"https:\/\/gastora.eu\/en\/product\/rfrigrateur-600-l-3-tagres-rglables-21-gn-acier-inoxydable-sur-roulettes\/","og_site_name":"Gastora","article_modified_time":"2026-04-28T16:57:47+00:00","twitter_card":"summary_large_image","twitter_misc":{"Est. reading time":"2 minutes"},"schema":{"@context":"https:\/\/schema.org","@graph":[{"@type":"WebPage","@id":"https:\/\/gastora.eu\/product\/rfrigrateur-600-l-3-tagres-rglables-21-gn-acier-inoxydable-sur-roulettes\/","url":"https:\/\/gastora.eu\/product\/rfrigrateur-600-l-3-tagres-rglables-21-gn-acier-inoxydable-sur-roulettes\/","name":"R\u00e9frig\u00e9rateur - 600 L - 3 \u00e9tag\u00e8res r\u00e9glables (2\/1 GN) - acier inoxydable - sur roulettes - Gastora","isPartOf":{"@id":"https:\/\/gastora.eu\/#website"},"primaryImageOfPage":{"@id":"https:\/\/gastora.eu\/product\/rfrigrateur-600-l-3-tagres-rglables-21-gn-acier-inoxydable-sur-roulettes\/#primaryimage"},"image":{"@id":"https:\/\/gastora.eu\/product\/rfrigrateur-600-l-3-tagres-rglables-21-gn-acier-inoxydable-sur-roulettes\/#primaryimage"},"thumbnailUrl":"https:\/\/gastora.eu\/wp-content\/uploads\/2026\/04\/260123_09400007_img_002.jpg","datePublished":"2026-04-26T08:50:50+00:00","dateModified":"2026-04-28T16:57:47+00:00","description":"Achetez R\u00e9frig\u00e9rateur - 600 L - 3 \u00e9tag\u00e8res r\u00e9glables (2\/1 GN) - acier inoxydable - sur roulettes au meilleur prix, fiable et performant avec une livraison rapide","breadcrumb":{"@id":"https:\/\/gastora.eu\/product\/rfrigrateur-600-l-3-tagres-rglables-21-gn-acier-inoxydable-sur-roulettes\/#breadcrumb"},"inLanguage":"en-US","potentialAction":[{"@type":"ReadAction","target":["https:\/\/gastora.eu\/product\/rfrigrateur-600-l-3-tagres-rglables-21-gn-acier-inoxydable-sur-roulettes\/"]}]},{"@type":"ImageObject","inLanguage":"en-US","@id":"https:\/\/gastora.eu\/product\/rfrigrateur-600-l-3-tagres-rglables-21-gn-acier-inoxydable-sur-roulettes\/#primaryimage","url":"https:\/\/gastora.eu\/wp-content\/uploads\/2026\/04\/260123_09400007_img_002.jpg","contentUrl":"https:\/\/gastora.eu\/wp-content\/uploads\/2026\/04\/260123_09400007_img_002.jpg","width":1200,"height":1200},{"@type":"BreadcrumbList","@id":"https:\/\/gastora.eu\/product\/rfrigrateur-600-l-3-tagres-rglables-21-gn-acier-inoxydable-sur-roulettes\/#breadcrumb","itemListElement":[{"@type":"ListItem","position":1,"name":"Home","item":"https:\/\/gastora.eu\/"},{"@type":"ListItem","position":2,"name":"Shop","item":"https:\/\/gastora.eu\/shop\/"},{"@type":"ListItem","position":3,"name":"R\u00e9frig\u00e9rateur &#8211; 600 L &#8211; 3 \u00e9tag\u00e8res r\u00e9glables (2\/1 GN) &#8211; acier inoxydable &#8211; sur roulettes"}]},{"@type":"WebSite","@id":"https:\/\/gastora.eu\/#website","url":"https:\/\/gastora.eu\/","name":"Gastora","description":"\u00c9quipements professionnels CHR","publisher":{"@id":"https:\/\/gastora.eu\/#organization"},"potentialAction":[{"@type":"SearchAction","target":{"@type":"EntryPoint","urlTemplate":"https:\/\/gastora.eu\/?s={search_term_string}"},"query-input":{"@type":"PropertyValueSpecification","valueRequired":true,"valueName":"search_term_string"}}],"inLanguage":"en-US"},{"@type":"Organization","@id":"https:\/\/gastora.eu\/#organization","name":"Gastora","url":"https:\/\/gastora.eu\/","logo":{"@type":"ImageObject","inLanguage":"en-US","@id":"https:\/\/gastora.eu\/#\/schema\/logo\/image\/","url":"https:\/\/gastora.eu\/wp-content\/uploads\/2025\/12\/ChatGPT-Image-2-janv.-2026-22_52_47-1.png","contentUrl":"https:\/\/gastora.eu\/wp-content\/uploads\/2025\/12\/ChatGPT-Image-2-janv.-2026-22_52_47-1.png","width":1536,"height":320,"caption":"Gastora"},"image":{"@id":"https:\/\/gastora.eu\/#\/schema\/logo\/image\/"}}]}},"jetpack_sharing_enabled":true,"_links":{"self":[{"href":"https:\/\/gastora.eu\/en\/wp-json\/wp\/v2\/product\/15083","targetHints":{"allow":["GET"]}}],"collection":[{"href":"https:\/\/gastora.eu\/en\/wp-json\/wp\/v2\/product"}],"about":[{"href":"https:\/\/gastora.eu\/en\/wp-json\/wp\/v2\/types\/product"}],"wp:featuredmedia":[{"embeddable":true,"href":"https:\/\/gastora.eu\/en\/wp-json\/wp\/v2\/media\/8901"}],"wp:attachment":[{"href":"https:\/\/gastora.eu\/en\/wp-json\/wp\/v2\/media?parent=15083"}],"wp:term":[{"taxonomy":"product_brand","embeddable":true,"href":"https:\/\/gastora.eu\/en\/wp-json\/wp\/v2\/product_brand?post=15083"},{"taxonomy":"product_cat","embeddable":true,"href":"https:\/\/gastora.eu\/en\/wp-json\/wp\/v2\/product_cat?post=15083"},{"taxonomy":"product_tag","embeddable":true,"href":"https:\/\/gastora.eu\/en\/wp-json\/wp\/v2\/product_tag?post=15083"}],"curies":[{"name":"wp","href":"https:\/\/api.w.org\/{rel}","templated":true}]}}