{"id":15081,"date":"2026-04-26T08:50:48","date_gmt":"2026-04-26T08:50:48","guid":{"rendered":"https:\/\/gastora.eu\/?post_type=product&#038;p=15081"},"modified":"2026-04-26T08:50:48","modified_gmt":"2026-04-26T08:50:48","slug":"machine-dcorer-les-gteaux-364-cm-rose","status":"publish","type":"product","link":"https:\/\/gastora.eu\/en\/product\/machine-dcorer-les-gteaux-364-cm-rose\/","title":{"rendered":"Machine \u00e0 d\u00e9corer les g\u00e2teaux &#8211; \u00d8 36.4 cm &#8211; rose"},"content":{"rendered":"<p>Cet appareil professionnel de d\u00e9coration de g\u00e2teaux roses garantit des g\u00e2teaux parfaitement lisses et uniformes. Le g\u00e2teau tourne sur la plateforme, tandis que les lames verticales et horizontales \u00e9liminent l&#8217;exc\u00e8s de cr\u00e8me au beurre ou de gla\u00e7age, pour une finition uniforme des deux c\u00f4t\u00e9s et du dessus. La vitesse de l&#8217;appareil est r\u00e9glable de 40 \u00e0 225 tr\/min, par incr\u00e9ments de 10 tr\/min. Le plateau tournant peut tourner dans les deux sens, ce qui offre une plus grande flexibilit\u00e9.<\/p>\n<h3>G\u00e2teaux lisses<\/h3>\n<p>Placez le g\u00e2teau au centre de l&#8217;appareil \u00e0 d\u00e9corer les g\u00e2teaux. Placez le couteau vertical contre le g\u00e2teau et faites tourner le plateau manuellement, en veillant \u00e0 ce que la distance entre le couteau et le g\u00e2teau soit r\u00e9guli\u00e8re. Ajustez la position du g\u00e2teau si n\u00e9cessaire. D\u00e9placez ensuite le couteau vertical le long du g\u00e2teau et le couteau horizontal sur le dessus. Allumez la machine \u00e0 d\u00e9corer les g\u00e2teaux, r\u00e9glez la vitesse souhait\u00e9e (la vitesse recommand\u00e9e est de 75-85 tours\/minute) et utilisez une poche \u00e0 douille avec la cr\u00e8me de votre choix, comme de la cr\u00e8me au beurre ou de la ganache. Pipez la cr\u00e8me du haut vers l&#8217;ext\u00e9rieur. Les lames \u00e9liminent l&#8217;exc\u00e8s de cr\u00e8me et garantissent une finition uniforme. Lorsque le dessus est pr\u00eat, \u00e9talez la cr\u00e8me sur les c\u00f4t\u00e9s, de haut en bas. Ajustez les lames pour obtenir des coins plus nets ou une couche de cr\u00e8me plus fine, selon vos pr\u00e9f\u00e9rences.<\/p>\n<h3>Nettoyage de l&#8217;appareil \u00e0 d\u00e9corer les g\u00e2teaux<\/h3>\n<p>Il est important de bien nettoyer l&#8217;appareil de d\u00e9coration de g\u00e2teaux apr\u00e8s chaque utilisation. Retirez toutes les pi\u00e8ces d\u00e9tach\u00e9es et lavez-les avec de l&#8217;eau chaude et un d\u00e9tergent doux. N&#8217;utilisez pas d&#8217;\u00e9ponge pour \u00e9viter de rayer l&#8217;appareil. S\u00e9chez soigneusement les pi\u00e8ces et nettoyez l&#8217;ext\u00e9rieur de l&#8217;appareil avec un chiffon. Remettez les pi\u00e8ces en place et rangez l&#8217;appareil dans un endroit exempt de poussi\u00e8re.<\/p>\n<p>Vous souhaitez obtenir des g\u00e2teaux de qualit\u00e9 professionnelle avec des bords pr\u00e9cis \u00e0 90 degr\u00e9s ? Cet appareil de d\u00e9coration de g\u00e2teaux est l&#8217;investissement id\u00e9al. Il est disponible en blanc, rose, bleu et vert, alors choisissez la couleur qui vous convient le mieux.<\/p>\n<p><strong>Caract\u00e9ristiques <\/strong><\/p>\n<ul>\n<li>Panneau de commande \u00e9tanche<\/li>\n<li>Lames horizontales et verticales r\u00e9glables<\/li>\n<li>Angles toujours droits de 90 degr\u00e9s<\/li>\n<li>Faible niveau sonore (40 dB)<\/li>\n<li>Vitesse r\u00e9glable de 40 \u00e0 225 tours\/minute<\/li>\n<\/ul>\n<p><strong>Caract\u00e9ristiques du produit<\/strong><\/p>\n<ul>\n<li>Poids net : 27 kg<\/li>\n<li>Dimensions de la machine : L50 x P37 x H62cm<\/li>\n<li>Plateau tournant : \u00d8 36.4cm<\/li>\n<li>Vitesse de rotation : 40-225RPM<\/li>\n<li>Dimensions du g\u00e2teau : \u00d8 12-32cm<\/li>\n<li>Hauteur du g\u00e2teau : max 18cm<\/li>\n<li>230V \/ 50Hz \/ 1 Phase 120W<\/li>\n<\/ul>","protected":false},"excerpt":{"rendered":"<p>Avec cette machine \u00e0 d\u00e9corer les g\u00e2teaux roses, votre g\u00e2teau sera parfaitement lisse sur tout son pourtour. Les lames horizontales et verticales enl\u00e8vent l&#8217;exc\u00e8s de gla\u00e7age et rendent les c\u00f4t\u00e9s et le dessus du g\u00e2teau parfaitement lisses. Le plateau tournant a un diam\u00e8tre de \u00d8 36,4cm et une vitesse r\u00e9glable de 40-225RPM.<\/p>","protected":false},"featured_media":8897,"template":"","meta":{"_acf_changed":false},"product_brand":[],"product_cat":[48],"product_tag":[],"class_list":{"0":"post-15081","1":"product","2":"type-product","3":"status-publish","4":"has-post-thumbnail","6":"product_cat-boulangerie-patisserie","8":"first","9":"instock","10":"sale","11":"taxable","12":"shipping-taxable","13":"purchasable","14":"product-type-simple"},"acf":[],"yoast_head":"<!-- This site is optimized with the Yoast SEO plugin v27.4 - https:\/\/yoast.com\/product\/yoast-seo-wordpress\/ -->\n<title>Machine \u00e0 d\u00e9corer les g\u00e2teaux - \u00d8 36.4 cm - rose - Gastora<\/title>\n<meta name=\"description\" content=\"Achetez Machine \u00e0 d\u00e9corer les g\u00e2teaux - \u00d8 36.4 cm - rose au meilleur prix, fiable et performant avec une livraison rapide\" \/>\n<meta name=\"robots\" content=\"index, follow, max-snippet:-1, max-image-preview:large, max-video-preview:-1\" \/>\n<link rel=\"canonical\" href=\"https:\/\/gastora.eu\/en\/product\/machine-dcorer-les-gteaux-364-cm-rose\/\" \/>\n<meta property=\"og:locale\" content=\"en_US\" \/>\n<meta property=\"og:type\" content=\"article\" \/>\n<meta property=\"og:title\" content=\"Machine \u00e0 d\u00e9corer les g\u00e2teaux - \u00d8 36.4 cm - rose - Gastora\" \/>\n<meta property=\"og:description\" content=\"Achetez Machine \u00e0 d\u00e9corer les g\u00e2teaux - \u00d8 36.4 cm - rose au meilleur prix, fiable et performant avec une livraison rapide\" \/>\n<meta property=\"og:url\" content=\"https:\/\/gastora.eu\/en\/product\/machine-dcorer-les-gteaux-364-cm-rose\/\" \/>\n<meta property=\"og:site_name\" content=\"Gastora\" \/>\n<meta name=\"twitter:card\" content=\"summary_large_image\" \/>\n<meta name=\"twitter:label1\" content=\"Est. reading time\" \/>\n\t<meta name=\"twitter:data1\" content=\"2 minutes\" \/>\n<script type=\"application\/ld+json\" class=\"yoast-schema-graph\">{\"@context\":\"https:\\\/\\\/schema.org\",\"@graph\":[{\"@type\":\"WebPage\",\"@id\":\"https:\\\/\\\/gastora.eu\\\/product\\\/machine-dcorer-les-gteaux-364-cm-rose\\\/\",\"url\":\"https:\\\/\\\/gastora.eu\\\/product\\\/machine-dcorer-les-gteaux-364-cm-rose\\\/\",\"name\":\"Machine \u00e0 d\u00e9corer les g\u00e2teaux - \u00d8 36.4 cm - rose - Gastora\",\"isPartOf\":{\"@id\":\"https:\\\/\\\/gastora.eu\\\/#website\"},\"primaryImageOfPage\":{\"@id\":\"https:\\\/\\\/gastora.eu\\\/product\\\/machine-dcorer-les-gteaux-364-cm-rose\\\/#primaryimage\"},\"image\":{\"@id\":\"https:\\\/\\\/gastora.eu\\\/product\\\/machine-dcorer-les-gteaux-364-cm-rose\\\/#primaryimage\"},\"thumbnailUrl\":\"https:\\\/\\\/gastora.eu\\\/wp-content\\\/uploads\\\/2026\\\/04\\\/250704_09381203_img_077.jpg\",\"datePublished\":\"2026-04-26T08:50:48+00:00\",\"description\":\"Achetez Machine \u00e0 d\u00e9corer les g\u00e2teaux - \u00d8 36.4 cm - rose au meilleur prix, fiable et performant avec une livraison rapide\",\"breadcrumb\":{\"@id\":\"https:\\\/\\\/gastora.eu\\\/product\\\/machine-dcorer-les-gteaux-364-cm-rose\\\/#breadcrumb\"},\"inLanguage\":\"en-US\",\"potentialAction\":[{\"@type\":\"ReadAction\",\"target\":[\"https:\\\/\\\/gastora.eu\\\/product\\\/machine-dcorer-les-gteaux-364-cm-rose\\\/\"]}]},{\"@type\":\"ImageObject\",\"inLanguage\":\"en-US\",\"@id\":\"https:\\\/\\\/gastora.eu\\\/product\\\/machine-dcorer-les-gteaux-364-cm-rose\\\/#primaryimage\",\"url\":\"https:\\\/\\\/gastora.eu\\\/wp-content\\\/uploads\\\/2026\\\/04\\\/250704_09381203_img_077.jpg\",\"contentUrl\":\"https:\\\/\\\/gastora.eu\\\/wp-content\\\/uploads\\\/2026\\\/04\\\/250704_09381203_img_077.jpg\",\"width\":1200,\"height\":1200},{\"@type\":\"BreadcrumbList\",\"@id\":\"https:\\\/\\\/gastora.eu\\\/product\\\/machine-dcorer-les-gteaux-364-cm-rose\\\/#breadcrumb\",\"itemListElement\":[{\"@type\":\"ListItem\",\"position\":1,\"name\":\"Home\",\"item\":\"https:\\\/\\\/gastora.eu\\\/\"},{\"@type\":\"ListItem\",\"position\":2,\"name\":\"Shop\",\"item\":\"https:\\\/\\\/gastora.eu\\\/shop\\\/\"},{\"@type\":\"ListItem\",\"position\":3,\"name\":\"Machine \u00e0 d\u00e9corer les g\u00e2teaux &#8211; \u00d8 36.4 cm &#8211; rose\"}]},{\"@type\":\"WebSite\",\"@id\":\"https:\\\/\\\/gastora.eu\\\/#website\",\"url\":\"https:\\\/\\\/gastora.eu\\\/\",\"name\":\"Gastora\",\"description\":\"\u00c9quipements professionnels CHR\",\"publisher\":{\"@id\":\"https:\\\/\\\/gastora.eu\\\/#organization\"},\"potentialAction\":[{\"@type\":\"SearchAction\",\"target\":{\"@type\":\"EntryPoint\",\"urlTemplate\":\"https:\\\/\\\/gastora.eu\\\/?s={search_term_string}\"},\"query-input\":{\"@type\":\"PropertyValueSpecification\",\"valueRequired\":true,\"valueName\":\"search_term_string\"}}],\"inLanguage\":\"en-US\"},{\"@type\":\"Organization\",\"@id\":\"https:\\\/\\\/gastora.eu\\\/#organization\",\"name\":\"Gastora\",\"url\":\"https:\\\/\\\/gastora.eu\\\/\",\"logo\":{\"@type\":\"ImageObject\",\"inLanguage\":\"en-US\",\"@id\":\"https:\\\/\\\/gastora.eu\\\/#\\\/schema\\\/logo\\\/image\\\/\",\"url\":\"https:\\\/\\\/gastora.eu\\\/wp-content\\\/uploads\\\/2025\\\/12\\\/ChatGPT-Image-2-janv.-2026-22_52_47-1.png\",\"contentUrl\":\"https:\\\/\\\/gastora.eu\\\/wp-content\\\/uploads\\\/2025\\\/12\\\/ChatGPT-Image-2-janv.-2026-22_52_47-1.png\",\"width\":1536,\"height\":320,\"caption\":\"Gastora\"},\"image\":{\"@id\":\"https:\\\/\\\/gastora.eu\\\/#\\\/schema\\\/logo\\\/image\\\/\"}}]}<\/script>\n<!-- \/ Yoast SEO plugin. -->","yoast_head_json":{"title":"Machine \u00e0 d\u00e9corer les g\u00e2teaux - \u00d8 36.4 cm - rose - Gastora","description":"Achetez Machine \u00e0 d\u00e9corer les g\u00e2teaux - \u00d8 36.4 cm - rose au meilleur prix, fiable et performant avec une livraison rapide","robots":{"index":"index","follow":"follow","max-snippet":"max-snippet:-1","max-image-preview":"max-image-preview:large","max-video-preview":"max-video-preview:-1"},"canonical":"https:\/\/gastora.eu\/en\/product\/machine-dcorer-les-gteaux-364-cm-rose\/","og_locale":"en_US","og_type":"article","og_title":"Machine \u00e0 d\u00e9corer les g\u00e2teaux - \u00d8 36.4 cm - rose - Gastora","og_description":"Achetez Machine \u00e0 d\u00e9corer les g\u00e2teaux - \u00d8 36.4 cm - rose au meilleur prix, fiable et performant avec une livraison rapide","og_url":"https:\/\/gastora.eu\/en\/product\/machine-dcorer-les-gteaux-364-cm-rose\/","og_site_name":"Gastora","twitter_card":"summary_large_image","twitter_misc":{"Est. reading time":"2 minutes"},"schema":{"@context":"https:\/\/schema.org","@graph":[{"@type":"WebPage","@id":"https:\/\/gastora.eu\/product\/machine-dcorer-les-gteaux-364-cm-rose\/","url":"https:\/\/gastora.eu\/product\/machine-dcorer-les-gteaux-364-cm-rose\/","name":"Machine \u00e0 d\u00e9corer les g\u00e2teaux - \u00d8 36.4 cm - rose - Gastora","isPartOf":{"@id":"https:\/\/gastora.eu\/#website"},"primaryImageOfPage":{"@id":"https:\/\/gastora.eu\/product\/machine-dcorer-les-gteaux-364-cm-rose\/#primaryimage"},"image":{"@id":"https:\/\/gastora.eu\/product\/machine-dcorer-les-gteaux-364-cm-rose\/#primaryimage"},"thumbnailUrl":"https:\/\/gastora.eu\/wp-content\/uploads\/2026\/04\/250704_09381203_img_077.jpg","datePublished":"2026-04-26T08:50:48+00:00","description":"Achetez Machine \u00e0 d\u00e9corer les g\u00e2teaux - \u00d8 36.4 cm - rose au meilleur prix, fiable et performant avec une livraison rapide","breadcrumb":{"@id":"https:\/\/gastora.eu\/product\/machine-dcorer-les-gteaux-364-cm-rose\/#breadcrumb"},"inLanguage":"en-US","potentialAction":[{"@type":"ReadAction","target":["https:\/\/gastora.eu\/product\/machine-dcorer-les-gteaux-364-cm-rose\/"]}]},{"@type":"ImageObject","inLanguage":"en-US","@id":"https:\/\/gastora.eu\/product\/machine-dcorer-les-gteaux-364-cm-rose\/#primaryimage","url":"https:\/\/gastora.eu\/wp-content\/uploads\/2026\/04\/250704_09381203_img_077.jpg","contentUrl":"https:\/\/gastora.eu\/wp-content\/uploads\/2026\/04\/250704_09381203_img_077.jpg","width":1200,"height":1200},{"@type":"BreadcrumbList","@id":"https:\/\/gastora.eu\/product\/machine-dcorer-les-gteaux-364-cm-rose\/#breadcrumb","itemListElement":[{"@type":"ListItem","position":1,"name":"Home","item":"https:\/\/gastora.eu\/"},{"@type":"ListItem","position":2,"name":"Shop","item":"https:\/\/gastora.eu\/shop\/"},{"@type":"ListItem","position":3,"name":"Machine \u00e0 d\u00e9corer les g\u00e2teaux &#8211; \u00d8 36.4 cm &#8211; rose"}]},{"@type":"WebSite","@id":"https:\/\/gastora.eu\/#website","url":"https:\/\/gastora.eu\/","name":"Gastora","description":"\u00c9quipements professionnels CHR","publisher":{"@id":"https:\/\/gastora.eu\/#organization"},"potentialAction":[{"@type":"SearchAction","target":{"@type":"EntryPoint","urlTemplate":"https:\/\/gastora.eu\/?s={search_term_string}"},"query-input":{"@type":"PropertyValueSpecification","valueRequired":true,"valueName":"search_term_string"}}],"inLanguage":"en-US"},{"@type":"Organization","@id":"https:\/\/gastora.eu\/#organization","name":"Gastora","url":"https:\/\/gastora.eu\/","logo":{"@type":"ImageObject","inLanguage":"en-US","@id":"https:\/\/gastora.eu\/#\/schema\/logo\/image\/","url":"https:\/\/gastora.eu\/wp-content\/uploads\/2025\/12\/ChatGPT-Image-2-janv.-2026-22_52_47-1.png","contentUrl":"https:\/\/gastora.eu\/wp-content\/uploads\/2025\/12\/ChatGPT-Image-2-janv.-2026-22_52_47-1.png","width":1536,"height":320,"caption":"Gastora"},"image":{"@id":"https:\/\/gastora.eu\/#\/schema\/logo\/image\/"}}]}},"jetpack_sharing_enabled":true,"_links":{"self":[{"href":"https:\/\/gastora.eu\/en\/wp-json\/wp\/v2\/product\/15081","targetHints":{"allow":["GET"]}}],"collection":[{"href":"https:\/\/gastora.eu\/en\/wp-json\/wp\/v2\/product"}],"about":[{"href":"https:\/\/gastora.eu\/en\/wp-json\/wp\/v2\/types\/product"}],"wp:featuredmedia":[{"embeddable":true,"href":"https:\/\/gastora.eu\/en\/wp-json\/wp\/v2\/media\/8897"}],"wp:attachment":[{"href":"https:\/\/gastora.eu\/en\/wp-json\/wp\/v2\/media?parent=15081"}],"wp:term":[{"taxonomy":"product_brand","embeddable":true,"href":"https:\/\/gastora.eu\/en\/wp-json\/wp\/v2\/product_brand?post=15081"},{"taxonomy":"product_cat","embeddable":true,"href":"https:\/\/gastora.eu\/en\/wp-json\/wp\/v2\/product_cat?post=15081"},{"taxonomy":"product_tag","embeddable":true,"href":"https:\/\/gastora.eu\/en\/wp-json\/wp\/v2\/product_tag?post=15081"}],"curies":[{"name":"wp","href":"https:\/\/api.w.org\/{rel}","templated":true}]}}