{"id":15080,"date":"2026-04-26T08:50:47","date_gmt":"2026-04-26T08:50:47","guid":{"rendered":"https:\/\/gastora.eu\/?post_type=product&#038;p=15080"},"modified":"2026-04-26T08:50:47","modified_gmt":"2026-04-26T08:50:47","slug":"machine-dcorer-les-gteaux-364-cm-bleu","status":"publish","type":"product","link":"https:\/\/gastora.eu\/en\/product\/machine-dcorer-les-gteaux-364-cm-bleu\/","title":{"rendered":"Machine \u00e0 d\u00e9corer les g\u00e2teaux &#8211; \u00d8 36.4 cm &#8211; bleu"},"content":{"rendered":"<p>Cet appareil de d\u00e9coration de g\u00e2teaux bleu permet d&#8217;obtenir une finition professionnelle. Sa plate-forme rotative et ses lames verticales et horizontales r\u00e9glables permettent d&#8217;obtenir une surface de g\u00e2teau impeccable en \u00e9liminant l&#8217;exc\u00e8s de cr\u00e8me au beurre ou de gla\u00e7age. La vitesse de l&#8217;appareil est r\u00e9glable de 40 \u00e0 225 tr\/min par incr\u00e9ments de 10 tr\/min, le plateau tournant dans les deux sens pour une flexibilit\u00e9 maximale.<\/p>\n<h3>Finition uniforme et c\u00f4t\u00e9s lisses<\/h3>\n<p>Placez le g\u00e2teau au centre de l&#8217;appareil. Placez le couteau vertical le long du g\u00e2teau et faites tourner le plateau manuellement, en veillant \u00e0 ce que la distance entre le couteau et le g\u00e2teau soit r\u00e9guli\u00e8re. Si n\u00e9cessaire, ajustez la position du g\u00e2teau. D\u00e9placez ensuite le couteau vertical contre le g\u00e2teau et le couteau horizontal sur le dessus. Allumez la machine \u00e0 d\u00e9corer les g\u00e2teaux, r\u00e9glez la vitesse souhait\u00e9e (la vitesse recommand\u00e9e est de 75-85 tr\/min) et utilisez une poche \u00e0 douille avec la cr\u00e8me de votre choix (cr\u00e8me au beurre ou ganache, par exemple). Commencez par appliquer la cr\u00e8me en partant du haut vers l&#8217;ext\u00e9rieur. La rotation du g\u00e2teau permet d&#8217;\u00e9vacuer l&#8217;exc\u00e8s de cr\u00e8me par les lames pendant que le dessus est termin\u00e9. Une fois le dessus termin\u00e9, ajoutez la cr\u00e8me le long des c\u00f4t\u00e9s, de haut en bas. R\u00e9glez les lames pour obtenir des coins plus nets ou une couche de cr\u00e8me plus fine, selon vos pr\u00e9f\u00e9rences.<\/p>\n<h3>Nettoyage de l&#8217;appareil \u00e0 d\u00e9corer les g\u00e2teaux<\/h3>\n<p>Il est important de bien nettoyer l&#8217;appareil de d\u00e9coration de g\u00e2teaux apr\u00e8s chaque utilisation. Retirez toutes les pi\u00e8ces d\u00e9tach\u00e9es et lavez-les avec de l&#8217;eau chaude et un d\u00e9tergent doux. N&#8217;utilisez pas d&#8217;\u00e9ponge pour \u00e9viter de rayer l&#8217;appareil. S\u00e9chez soigneusement les pi\u00e8ces et nettoyez l&#8217;ext\u00e9rieur de l&#8217;appareil avec un chiffon. Remettez les pi\u00e8ces en place et rangez l&#8217;appareil dans un endroit exempt de poussi\u00e8re.<\/p>\n<p>Vous souhaitez obtenir des g\u00e2teaux de qualit\u00e9 professionnelle avec des bords pr\u00e9cis \u00e0 90 degr\u00e9s ? Cet appareil de d\u00e9coration de g\u00e2teaux est l&#8217;investissement id\u00e9al. Il est disponible dans une vari\u00e9t\u00e9 de couleurs pour s&#8217;adapter \u00e0 votre style. Compl\u00e9tez votre installation en l&#8217;associant \u00e0 un m\u00e9langeur plan\u00e9taire de 7 litres ou \u00e0 un p\u00e9trin \u00e0 spirale de 8 litres de la m\u00eame couleur !<\/p>\n<p><strong>Caract\u00e9ristiques <\/strong><\/p>\n<ul>\n<li>Panneau de commande \u00e9tanche<\/li>\n<li>Lames horizontales et verticales r\u00e9glables<\/li>\n<li>Angles toujours droits de 90 degr\u00e9s<\/li>\n<li>Faible niveau sonore (40 dB)<\/li>\n<li>Vitesse r\u00e9glable de 40 \u00e0 225 tours\/minute<\/li>\n<\/ul>\n<p><strong>Caract\u00e9ristiques du produit<\/strong><\/p>\n<ul>\n<li>Poids net : 27 kg<\/li>\n<li>Dimensions de la machine : L50 x P37 x H62cm<\/li>\n<li>Plateau tournant : \u00d8 36.4cm<\/li>\n<li>Vitesse de rotation : 40-225RPM<\/li>\n<li>Dimensions du g\u00e2teau : \u00d8 12-32cm<\/li>\n<li>Hauteur du g\u00e2teau : max 18cm<\/li>\n<li>230V \/ 50Hz \/ 1 Phase 120W<\/li>\n<\/ul>","protected":false},"excerpt":{"rendered":"<p>Avec cette machine \u00e0 d\u00e9corer les g\u00e2teaux bleus, votre g\u00e2teau sera parfaitement lisse sur tout son pourtour. Les lames horizontales et verticales enl\u00e8vent l&#8217;exc\u00e9dent de gla\u00e7age et rendent les c\u00f4t\u00e9s et le dessus du g\u00e2teau parfaitement lisses. Le plateau tournant a un diam\u00e8tre de \u00d8 36,4cm et une vitesse r\u00e9glable de 40-225RPM.<\/p>","protected":false},"featured_media":8895,"template":"","meta":{"_acf_changed":false},"product_brand":[],"product_cat":[48],"product_tag":[],"class_list":{"0":"post-15080","1":"product","2":"type-product","3":"status-publish","4":"has-post-thumbnail","6":"product_cat-boulangerie-patisserie","8":"first","9":"instock","10":"sale","11":"taxable","12":"shipping-taxable","13":"purchasable","14":"product-type-simple"},"acf":[],"yoast_head":"<!-- This site is optimized with the Yoast SEO plugin v27.4 - https:\/\/yoast.com\/product\/yoast-seo-wordpress\/ -->\n<title>Machine \u00e0 d\u00e9corer les g\u00e2teaux - \u00d8 36.4 cm - bleu - Gastora<\/title>\n<meta name=\"description\" content=\"Achetez Machine \u00e0 d\u00e9corer les g\u00e2teaux - \u00d8 36.4 cm - bleu au meilleur prix, fiable et performant avec une livraison rapide\" \/>\n<meta name=\"robots\" content=\"index, follow, max-snippet:-1, max-image-preview:large, max-video-preview:-1\" \/>\n<link rel=\"canonical\" href=\"https:\/\/gastora.eu\/en\/product\/machine-dcorer-les-gteaux-364-cm-bleu\/\" \/>\n<meta property=\"og:locale\" content=\"en_US\" \/>\n<meta property=\"og:type\" content=\"article\" \/>\n<meta property=\"og:title\" content=\"Machine \u00e0 d\u00e9corer les g\u00e2teaux - \u00d8 36.4 cm - bleu - Gastora\" \/>\n<meta property=\"og:description\" content=\"Achetez Machine \u00e0 d\u00e9corer les g\u00e2teaux - \u00d8 36.4 cm - bleu au meilleur prix, fiable et performant avec une livraison rapide\" \/>\n<meta property=\"og:url\" content=\"https:\/\/gastora.eu\/en\/product\/machine-dcorer-les-gteaux-364-cm-bleu\/\" \/>\n<meta property=\"og:site_name\" content=\"Gastora\" \/>\n<meta name=\"twitter:card\" content=\"summary_large_image\" \/>\n<meta name=\"twitter:label1\" content=\"Est. reading time\" \/>\n\t<meta name=\"twitter:data1\" content=\"2 minutes\" \/>\n<script type=\"application\/ld+json\" class=\"yoast-schema-graph\">{\"@context\":\"https:\\\/\\\/schema.org\",\"@graph\":[{\"@type\":\"WebPage\",\"@id\":\"https:\\\/\\\/gastora.eu\\\/product\\\/machine-dcorer-les-gteaux-364-cm-bleu\\\/\",\"url\":\"https:\\\/\\\/gastora.eu\\\/product\\\/machine-dcorer-les-gteaux-364-cm-bleu\\\/\",\"name\":\"Machine \u00e0 d\u00e9corer les g\u00e2teaux - \u00d8 36.4 cm - bleu - Gastora\",\"isPartOf\":{\"@id\":\"https:\\\/\\\/gastora.eu\\\/#website\"},\"primaryImageOfPage\":{\"@id\":\"https:\\\/\\\/gastora.eu\\\/product\\\/machine-dcorer-les-gteaux-364-cm-bleu\\\/#primaryimage\"},\"image\":{\"@id\":\"https:\\\/\\\/gastora.eu\\\/product\\\/machine-dcorer-les-gteaux-364-cm-bleu\\\/#primaryimage\"},\"thumbnailUrl\":\"https:\\\/\\\/gastora.eu\\\/wp-content\\\/uploads\\\/2026\\\/04\\\/250624_09381202_img_006.jpg\",\"datePublished\":\"2026-04-26T08:50:47+00:00\",\"description\":\"Achetez Machine \u00e0 d\u00e9corer les g\u00e2teaux - \u00d8 36.4 cm - bleu au meilleur prix, fiable et performant avec une livraison rapide\",\"breadcrumb\":{\"@id\":\"https:\\\/\\\/gastora.eu\\\/product\\\/machine-dcorer-les-gteaux-364-cm-bleu\\\/#breadcrumb\"},\"inLanguage\":\"en-US\",\"potentialAction\":[{\"@type\":\"ReadAction\",\"target\":[\"https:\\\/\\\/gastora.eu\\\/product\\\/machine-dcorer-les-gteaux-364-cm-bleu\\\/\"]}]},{\"@type\":\"ImageObject\",\"inLanguage\":\"en-US\",\"@id\":\"https:\\\/\\\/gastora.eu\\\/product\\\/machine-dcorer-les-gteaux-364-cm-bleu\\\/#primaryimage\",\"url\":\"https:\\\/\\\/gastora.eu\\\/wp-content\\\/uploads\\\/2026\\\/04\\\/250624_09381202_img_006.jpg\",\"contentUrl\":\"https:\\\/\\\/gastora.eu\\\/wp-content\\\/uploads\\\/2026\\\/04\\\/250624_09381202_img_006.jpg\",\"width\":1200,\"height\":1200},{\"@type\":\"BreadcrumbList\",\"@id\":\"https:\\\/\\\/gastora.eu\\\/product\\\/machine-dcorer-les-gteaux-364-cm-bleu\\\/#breadcrumb\",\"itemListElement\":[{\"@type\":\"ListItem\",\"position\":1,\"name\":\"Home\",\"item\":\"https:\\\/\\\/gastora.eu\\\/\"},{\"@type\":\"ListItem\",\"position\":2,\"name\":\"Shop\",\"item\":\"https:\\\/\\\/gastora.eu\\\/shop\\\/\"},{\"@type\":\"ListItem\",\"position\":3,\"name\":\"Machine \u00e0 d\u00e9corer les g\u00e2teaux &#8211; \u00d8 36.4 cm &#8211; bleu\"}]},{\"@type\":\"WebSite\",\"@id\":\"https:\\\/\\\/gastora.eu\\\/#website\",\"url\":\"https:\\\/\\\/gastora.eu\\\/\",\"name\":\"Gastora\",\"description\":\"\u00c9quipements professionnels CHR\",\"publisher\":{\"@id\":\"https:\\\/\\\/gastora.eu\\\/#organization\"},\"potentialAction\":[{\"@type\":\"SearchAction\",\"target\":{\"@type\":\"EntryPoint\",\"urlTemplate\":\"https:\\\/\\\/gastora.eu\\\/?s={search_term_string}\"},\"query-input\":{\"@type\":\"PropertyValueSpecification\",\"valueRequired\":true,\"valueName\":\"search_term_string\"}}],\"inLanguage\":\"en-US\"},{\"@type\":\"Organization\",\"@id\":\"https:\\\/\\\/gastora.eu\\\/#organization\",\"name\":\"Gastora\",\"url\":\"https:\\\/\\\/gastora.eu\\\/\",\"logo\":{\"@type\":\"ImageObject\",\"inLanguage\":\"en-US\",\"@id\":\"https:\\\/\\\/gastora.eu\\\/#\\\/schema\\\/logo\\\/image\\\/\",\"url\":\"https:\\\/\\\/gastora.eu\\\/wp-content\\\/uploads\\\/2025\\\/12\\\/ChatGPT-Image-2-janv.-2026-22_52_47-1.png\",\"contentUrl\":\"https:\\\/\\\/gastora.eu\\\/wp-content\\\/uploads\\\/2025\\\/12\\\/ChatGPT-Image-2-janv.-2026-22_52_47-1.png\",\"width\":1536,\"height\":320,\"caption\":\"Gastora\"},\"image\":{\"@id\":\"https:\\\/\\\/gastora.eu\\\/#\\\/schema\\\/logo\\\/image\\\/\"}}]}<\/script>\n<!-- \/ Yoast SEO plugin. -->","yoast_head_json":{"title":"Machine \u00e0 d\u00e9corer les g\u00e2teaux - \u00d8 36.4 cm - bleu - Gastora","description":"Achetez Machine \u00e0 d\u00e9corer les g\u00e2teaux - \u00d8 36.4 cm - bleu au meilleur prix, fiable et performant avec une livraison rapide","robots":{"index":"index","follow":"follow","max-snippet":"max-snippet:-1","max-image-preview":"max-image-preview:large","max-video-preview":"max-video-preview:-1"},"canonical":"https:\/\/gastora.eu\/en\/product\/machine-dcorer-les-gteaux-364-cm-bleu\/","og_locale":"en_US","og_type":"article","og_title":"Machine \u00e0 d\u00e9corer les g\u00e2teaux - \u00d8 36.4 cm - bleu - Gastora","og_description":"Achetez Machine \u00e0 d\u00e9corer les g\u00e2teaux - \u00d8 36.4 cm - bleu au meilleur prix, fiable et performant avec une livraison rapide","og_url":"https:\/\/gastora.eu\/en\/product\/machine-dcorer-les-gteaux-364-cm-bleu\/","og_site_name":"Gastora","twitter_card":"summary_large_image","twitter_misc":{"Est. reading time":"2 minutes"},"schema":{"@context":"https:\/\/schema.org","@graph":[{"@type":"WebPage","@id":"https:\/\/gastora.eu\/product\/machine-dcorer-les-gteaux-364-cm-bleu\/","url":"https:\/\/gastora.eu\/product\/machine-dcorer-les-gteaux-364-cm-bleu\/","name":"Machine \u00e0 d\u00e9corer les g\u00e2teaux - \u00d8 36.4 cm - bleu - Gastora","isPartOf":{"@id":"https:\/\/gastora.eu\/#website"},"primaryImageOfPage":{"@id":"https:\/\/gastora.eu\/product\/machine-dcorer-les-gteaux-364-cm-bleu\/#primaryimage"},"image":{"@id":"https:\/\/gastora.eu\/product\/machine-dcorer-les-gteaux-364-cm-bleu\/#primaryimage"},"thumbnailUrl":"https:\/\/gastora.eu\/wp-content\/uploads\/2026\/04\/250624_09381202_img_006.jpg","datePublished":"2026-04-26T08:50:47+00:00","description":"Achetez Machine \u00e0 d\u00e9corer les g\u00e2teaux - \u00d8 36.4 cm - bleu au meilleur prix, fiable et performant avec une livraison rapide","breadcrumb":{"@id":"https:\/\/gastora.eu\/product\/machine-dcorer-les-gteaux-364-cm-bleu\/#breadcrumb"},"inLanguage":"en-US","potentialAction":[{"@type":"ReadAction","target":["https:\/\/gastora.eu\/product\/machine-dcorer-les-gteaux-364-cm-bleu\/"]}]},{"@type":"ImageObject","inLanguage":"en-US","@id":"https:\/\/gastora.eu\/product\/machine-dcorer-les-gteaux-364-cm-bleu\/#primaryimage","url":"https:\/\/gastora.eu\/wp-content\/uploads\/2026\/04\/250624_09381202_img_006.jpg","contentUrl":"https:\/\/gastora.eu\/wp-content\/uploads\/2026\/04\/250624_09381202_img_006.jpg","width":1200,"height":1200},{"@type":"BreadcrumbList","@id":"https:\/\/gastora.eu\/product\/machine-dcorer-les-gteaux-364-cm-bleu\/#breadcrumb","itemListElement":[{"@type":"ListItem","position":1,"name":"Home","item":"https:\/\/gastora.eu\/"},{"@type":"ListItem","position":2,"name":"Shop","item":"https:\/\/gastora.eu\/shop\/"},{"@type":"ListItem","position":3,"name":"Machine \u00e0 d\u00e9corer les g\u00e2teaux &#8211; \u00d8 36.4 cm &#8211; bleu"}]},{"@type":"WebSite","@id":"https:\/\/gastora.eu\/#website","url":"https:\/\/gastora.eu\/","name":"Gastora","description":"\u00c9quipements professionnels CHR","publisher":{"@id":"https:\/\/gastora.eu\/#organization"},"potentialAction":[{"@type":"SearchAction","target":{"@type":"EntryPoint","urlTemplate":"https:\/\/gastora.eu\/?s={search_term_string}"},"query-input":{"@type":"PropertyValueSpecification","valueRequired":true,"valueName":"search_term_string"}}],"inLanguage":"en-US"},{"@type":"Organization","@id":"https:\/\/gastora.eu\/#organization","name":"Gastora","url":"https:\/\/gastora.eu\/","logo":{"@type":"ImageObject","inLanguage":"en-US","@id":"https:\/\/gastora.eu\/#\/schema\/logo\/image\/","url":"https:\/\/gastora.eu\/wp-content\/uploads\/2025\/12\/ChatGPT-Image-2-janv.-2026-22_52_47-1.png","contentUrl":"https:\/\/gastora.eu\/wp-content\/uploads\/2025\/12\/ChatGPT-Image-2-janv.-2026-22_52_47-1.png","width":1536,"height":320,"caption":"Gastora"},"image":{"@id":"https:\/\/gastora.eu\/#\/schema\/logo\/image\/"}}]}},"jetpack_sharing_enabled":true,"_links":{"self":[{"href":"https:\/\/gastora.eu\/en\/wp-json\/wp\/v2\/product\/15080","targetHints":{"allow":["GET"]}}],"collection":[{"href":"https:\/\/gastora.eu\/en\/wp-json\/wp\/v2\/product"}],"about":[{"href":"https:\/\/gastora.eu\/en\/wp-json\/wp\/v2\/types\/product"}],"wp:featuredmedia":[{"embeddable":true,"href":"https:\/\/gastora.eu\/en\/wp-json\/wp\/v2\/media\/8895"}],"wp:attachment":[{"href":"https:\/\/gastora.eu\/en\/wp-json\/wp\/v2\/media?parent=15080"}],"wp:term":[{"taxonomy":"product_brand","embeddable":true,"href":"https:\/\/gastora.eu\/en\/wp-json\/wp\/v2\/product_brand?post=15080"},{"taxonomy":"product_cat","embeddable":true,"href":"https:\/\/gastora.eu\/en\/wp-json\/wp\/v2\/product_cat?post=15080"},{"taxonomy":"product_tag","embeddable":true,"href":"https:\/\/gastora.eu\/en\/wp-json\/wp\/v2\/product_tag?post=15080"}],"curies":[{"name":"wp","href":"https:\/\/api.w.org\/{rel}","templated":true}]}}