{"id":15077,"date":"2026-04-26T08:50:40","date_gmt":"2026-04-26T08:50:40","guid":{"rendered":"https:\/\/gastora.eu\/?post_type=product&#038;p=15077"},"modified":"2026-04-28T16:57:46","modified_gmt":"2026-04-28T16:57:46","slug":"robot-culinaire-1218-l-lame-en-s-finement-dentele","status":"publish","type":"product","link":"https:\/\/gastora.eu\/en\/product\/robot-culinaire-1218-l-lame-en-s-finement-dentele\/","title":{"rendered":"Robot culinaire 12\/18 L &#8211; Lame en S  finement dentel\u00e9e"},"content":{"rendered":"<p>Cette double lame en forme de S en acier inoxydable convient aux robots de cuisine de 12 et 18 litres. Cette double lame finement dentel\u00e9e coupe vos fruits, l\u00e9gumes, noix et chocolat en petits morceaux. Elle permet \u00e9galement de pr\u00e9parer du pesto, des vinaigrettes, des sauces, de la tapenade et des m\u00e9langes d&#8217;\u00e9pices. Veillez \u00e0 ce que le robot soit \u00e9teint lorsque vous ajoutez ou retirez la lame. Vous pouvez nettoyer la lame en utilisant un d\u00e9tergent doux et de l&#8217;eau chaude. S\u00e9chez soigneusement la lame en S \u00e0 l&#8217;aide d&#8217;un chiffon sec et rangez-la en lieu s\u00fbr.<\/p>","protected":false},"excerpt":{"rendered":"<p>Robot culinaire 12\/18 L &#8211; Lame en S &nbsp;finement dentel\u00e9e<\/p>","protected":false},"featured_media":8889,"template":"","meta":{"_acf_changed":false},"product_brand":[],"product_cat":[471],"product_tag":[],"class_list":{"0":"post-15077","1":"product","2":"type-product","3":"status-publish","4":"has-post-thumbnail","6":"product_cat-robots-cutters-2","8":"first","9":"instock","10":"sale","11":"taxable","12":"shipping-taxable","13":"purchasable","14":"product-type-simple"},"acf":[],"yoast_head":"<!-- This site is optimized with the Yoast SEO plugin v27.5 - https:\/\/yoast.com\/product\/yoast-seo-wordpress\/ -->\n<title>Robot culinaire 12\/18 L - Lame en S finement dentel\u00e9e - Gastora<\/title>\n<meta name=\"description\" content=\"Achetez Robot culinaire 12\/18 L - Lame en S finement dentel\u00e9e au meilleur prix, fiable et performant avec une livraison rapide\" \/>\n<meta name=\"robots\" content=\"index, follow, max-snippet:-1, max-image-preview:large, max-video-preview:-1\" \/>\n<link rel=\"canonical\" href=\"https:\/\/gastora.eu\/en\/product\/robot-culinaire-1218-l-lame-en-s-finement-dentele\/\" \/>\n<meta property=\"og:locale\" content=\"en_US\" \/>\n<meta property=\"og:type\" content=\"article\" \/>\n<meta property=\"og:title\" content=\"Robot culinaire 12\/18 L - Lame en S finement dentel\u00e9e - Gastora\" \/>\n<meta property=\"og:description\" content=\"Achetez Robot culinaire 12\/18 L - Lame en S finement dentel\u00e9e au meilleur prix, fiable et performant avec une livraison rapide\" \/>\n<meta property=\"og:url\" content=\"https:\/\/gastora.eu\/en\/product\/robot-culinaire-1218-l-lame-en-s-finement-dentele\/\" \/>\n<meta property=\"og:site_name\" content=\"Gastora\" \/>\n<meta property=\"article:modified_time\" content=\"2026-04-28T16:57:46+00:00\" \/>\n<meta name=\"twitter:card\" content=\"summary_large_image\" \/>\n<meta name=\"twitter:label1\" content=\"Est. reading time\" \/>\n\t<meta name=\"twitter:data1\" content=\"1 minute\" \/>\n<script type=\"application\/ld+json\" class=\"yoast-schema-graph\">{\"@context\":\"https:\\\/\\\/schema.org\",\"@graph\":[{\"@type\":\"WebPage\",\"@id\":\"https:\\\/\\\/gastora.eu\\\/product\\\/robot-culinaire-1218-l-lame-en-s-finement-dentele\\\/\",\"url\":\"https:\\\/\\\/gastora.eu\\\/product\\\/robot-culinaire-1218-l-lame-en-s-finement-dentele\\\/\",\"name\":\"Robot culinaire 12\\\/18 L - Lame en S finement dentel\u00e9e - Gastora\",\"isPartOf\":{\"@id\":\"https:\\\/\\\/gastora.eu\\\/#website\"},\"primaryImageOfPage\":{\"@id\":\"https:\\\/\\\/gastora.eu\\\/product\\\/robot-culinaire-1218-l-lame-en-s-finement-dentele\\\/#primaryimage\"},\"image\":{\"@id\":\"https:\\\/\\\/gastora.eu\\\/product\\\/robot-culinaire-1218-l-lame-en-s-finement-dentele\\\/#primaryimage\"},\"thumbnailUrl\":\"https:\\\/\\\/gastora.eu\\\/wp-content\\\/uploads\\\/2026\\\/04\\\/MAX_20240906101851_8720783979530_image0004.jpg\",\"datePublished\":\"2026-04-26T08:50:40+00:00\",\"dateModified\":\"2026-04-28T16:57:46+00:00\",\"description\":\"Achetez Robot culinaire 12\\\/18 L - Lame en S finement dentel\u00e9e au meilleur prix, fiable et performant avec une livraison rapide\",\"breadcrumb\":{\"@id\":\"https:\\\/\\\/gastora.eu\\\/product\\\/robot-culinaire-1218-l-lame-en-s-finement-dentele\\\/#breadcrumb\"},\"inLanguage\":\"en-US\",\"potentialAction\":[{\"@type\":\"ReadAction\",\"target\":[\"https:\\\/\\\/gastora.eu\\\/product\\\/robot-culinaire-1218-l-lame-en-s-finement-dentele\\\/\"]}]},{\"@type\":\"ImageObject\",\"inLanguage\":\"en-US\",\"@id\":\"https:\\\/\\\/gastora.eu\\\/product\\\/robot-culinaire-1218-l-lame-en-s-finement-dentele\\\/#primaryimage\",\"url\":\"https:\\\/\\\/gastora.eu\\\/wp-content\\\/uploads\\\/2026\\\/04\\\/MAX_20240906101851_8720783979530_image0004.jpg\",\"contentUrl\":\"https:\\\/\\\/gastora.eu\\\/wp-content\\\/uploads\\\/2026\\\/04\\\/MAX_20240906101851_8720783979530_image0004.jpg\",\"width\":1200,\"height\":878},{\"@type\":\"BreadcrumbList\",\"@id\":\"https:\\\/\\\/gastora.eu\\\/product\\\/robot-culinaire-1218-l-lame-en-s-finement-dentele\\\/#breadcrumb\",\"itemListElement\":[{\"@type\":\"ListItem\",\"position\":1,\"name\":\"Home\",\"item\":\"https:\\\/\\\/gastora.eu\\\/\"},{\"@type\":\"ListItem\",\"position\":2,\"name\":\"Shop\",\"item\":\"https:\\\/\\\/gastora.eu\\\/shop\\\/\"},{\"@type\":\"ListItem\",\"position\":3,\"name\":\"Robot culinaire 12\\\/18 L &#8211; Lame en S finement dentel\u00e9e\"}]},{\"@type\":\"WebSite\",\"@id\":\"https:\\\/\\\/gastora.eu\\\/#website\",\"url\":\"https:\\\/\\\/gastora.eu\\\/\",\"name\":\"Gastora\",\"description\":\"\u00c9quipements professionnels CHR\",\"publisher\":{\"@id\":\"https:\\\/\\\/gastora.eu\\\/#organization\"},\"potentialAction\":[{\"@type\":\"SearchAction\",\"target\":{\"@type\":\"EntryPoint\",\"urlTemplate\":\"https:\\\/\\\/gastora.eu\\\/?s={search_term_string}\"},\"query-input\":{\"@type\":\"PropertyValueSpecification\",\"valueRequired\":true,\"valueName\":\"search_term_string\"}}],\"inLanguage\":\"en-US\"},{\"@type\":\"Organization\",\"@id\":\"https:\\\/\\\/gastora.eu\\\/#organization\",\"name\":\"Gastora\",\"url\":\"https:\\\/\\\/gastora.eu\\\/\",\"logo\":{\"@type\":\"ImageObject\",\"inLanguage\":\"en-US\",\"@id\":\"https:\\\/\\\/gastora.eu\\\/#\\\/schema\\\/logo\\\/image\\\/\",\"url\":\"https:\\\/\\\/gastora.eu\\\/wp-content\\\/uploads\\\/2025\\\/12\\\/ChatGPT-Image-2-janv.-2026-22_52_47-1.png\",\"contentUrl\":\"https:\\\/\\\/gastora.eu\\\/wp-content\\\/uploads\\\/2025\\\/12\\\/ChatGPT-Image-2-janv.-2026-22_52_47-1.png\",\"width\":1536,\"height\":320,\"caption\":\"Gastora\"},\"image\":{\"@id\":\"https:\\\/\\\/gastora.eu\\\/#\\\/schema\\\/logo\\\/image\\\/\"}}]}<\/script>\n<!-- \/ Yoast SEO plugin. -->","yoast_head_json":{"title":"Robot culinaire 12\/18 L - Lame en S finement dentel\u00e9e - Gastora","description":"Achetez Robot culinaire 12\/18 L - Lame en S finement dentel\u00e9e au meilleur prix, fiable et performant avec une livraison rapide","robots":{"index":"index","follow":"follow","max-snippet":"max-snippet:-1","max-image-preview":"max-image-preview:large","max-video-preview":"max-video-preview:-1"},"canonical":"https:\/\/gastora.eu\/en\/product\/robot-culinaire-1218-l-lame-en-s-finement-dentele\/","og_locale":"en_US","og_type":"article","og_title":"Robot culinaire 12\/18 L - Lame en S finement dentel\u00e9e - Gastora","og_description":"Achetez Robot culinaire 12\/18 L - Lame en S finement dentel\u00e9e au meilleur prix, fiable et performant avec une livraison rapide","og_url":"https:\/\/gastora.eu\/en\/product\/robot-culinaire-1218-l-lame-en-s-finement-dentele\/","og_site_name":"Gastora","article_modified_time":"2026-04-28T16:57:46+00:00","twitter_card":"summary_large_image","twitter_misc":{"Est. reading time":"1 minute"},"schema":{"@context":"https:\/\/schema.org","@graph":[{"@type":"WebPage","@id":"https:\/\/gastora.eu\/product\/robot-culinaire-1218-l-lame-en-s-finement-dentele\/","url":"https:\/\/gastora.eu\/product\/robot-culinaire-1218-l-lame-en-s-finement-dentele\/","name":"Robot culinaire 12\/18 L - Lame en S finement dentel\u00e9e - Gastora","isPartOf":{"@id":"https:\/\/gastora.eu\/#website"},"primaryImageOfPage":{"@id":"https:\/\/gastora.eu\/product\/robot-culinaire-1218-l-lame-en-s-finement-dentele\/#primaryimage"},"image":{"@id":"https:\/\/gastora.eu\/product\/robot-culinaire-1218-l-lame-en-s-finement-dentele\/#primaryimage"},"thumbnailUrl":"https:\/\/gastora.eu\/wp-content\/uploads\/2026\/04\/MAX_20240906101851_8720783979530_image0004.jpg","datePublished":"2026-04-26T08:50:40+00:00","dateModified":"2026-04-28T16:57:46+00:00","description":"Achetez Robot culinaire 12\/18 L - Lame en S finement dentel\u00e9e au meilleur prix, fiable et performant avec une livraison rapide","breadcrumb":{"@id":"https:\/\/gastora.eu\/product\/robot-culinaire-1218-l-lame-en-s-finement-dentele\/#breadcrumb"},"inLanguage":"en-US","potentialAction":[{"@type":"ReadAction","target":["https:\/\/gastora.eu\/product\/robot-culinaire-1218-l-lame-en-s-finement-dentele\/"]}]},{"@type":"ImageObject","inLanguage":"en-US","@id":"https:\/\/gastora.eu\/product\/robot-culinaire-1218-l-lame-en-s-finement-dentele\/#primaryimage","url":"https:\/\/gastora.eu\/wp-content\/uploads\/2026\/04\/MAX_20240906101851_8720783979530_image0004.jpg","contentUrl":"https:\/\/gastora.eu\/wp-content\/uploads\/2026\/04\/MAX_20240906101851_8720783979530_image0004.jpg","width":1200,"height":878},{"@type":"BreadcrumbList","@id":"https:\/\/gastora.eu\/product\/robot-culinaire-1218-l-lame-en-s-finement-dentele\/#breadcrumb","itemListElement":[{"@type":"ListItem","position":1,"name":"Home","item":"https:\/\/gastora.eu\/"},{"@type":"ListItem","position":2,"name":"Shop","item":"https:\/\/gastora.eu\/shop\/"},{"@type":"ListItem","position":3,"name":"Robot culinaire 12\/18 L &#8211; Lame en S finement dentel\u00e9e"}]},{"@type":"WebSite","@id":"https:\/\/gastora.eu\/#website","url":"https:\/\/gastora.eu\/","name":"Gastora","description":"\u00c9quipements professionnels CHR","publisher":{"@id":"https:\/\/gastora.eu\/#organization"},"potentialAction":[{"@type":"SearchAction","target":{"@type":"EntryPoint","urlTemplate":"https:\/\/gastora.eu\/?s={search_term_string}"},"query-input":{"@type":"PropertyValueSpecification","valueRequired":true,"valueName":"search_term_string"}}],"inLanguage":"en-US"},{"@type":"Organization","@id":"https:\/\/gastora.eu\/#organization","name":"Gastora","url":"https:\/\/gastora.eu\/","logo":{"@type":"ImageObject","inLanguage":"en-US","@id":"https:\/\/gastora.eu\/#\/schema\/logo\/image\/","url":"https:\/\/gastora.eu\/wp-content\/uploads\/2025\/12\/ChatGPT-Image-2-janv.-2026-22_52_47-1.png","contentUrl":"https:\/\/gastora.eu\/wp-content\/uploads\/2025\/12\/ChatGPT-Image-2-janv.-2026-22_52_47-1.png","width":1536,"height":320,"caption":"Gastora"},"image":{"@id":"https:\/\/gastora.eu\/#\/schema\/logo\/image\/"}}]}},"jetpack_sharing_enabled":true,"_links":{"self":[{"href":"https:\/\/gastora.eu\/en\/wp-json\/wp\/v2\/product\/15077","targetHints":{"allow":["GET"]}}],"collection":[{"href":"https:\/\/gastora.eu\/en\/wp-json\/wp\/v2\/product"}],"about":[{"href":"https:\/\/gastora.eu\/en\/wp-json\/wp\/v2\/types\/product"}],"wp:featuredmedia":[{"embeddable":true,"href":"https:\/\/gastora.eu\/en\/wp-json\/wp\/v2\/media\/8889"}],"wp:attachment":[{"href":"https:\/\/gastora.eu\/en\/wp-json\/wp\/v2\/media?parent=15077"}],"wp:term":[{"taxonomy":"product_brand","embeddable":true,"href":"https:\/\/gastora.eu\/en\/wp-json\/wp\/v2\/product_brand?post=15077"},{"taxonomy":"product_cat","embeddable":true,"href":"https:\/\/gastora.eu\/en\/wp-json\/wp\/v2\/product_cat?post=15077"},{"taxonomy":"product_tag","embeddable":true,"href":"https:\/\/gastora.eu\/en\/wp-json\/wp\/v2\/product_tag?post=15077"}],"curies":[{"name":"wp","href":"https:\/\/api.w.org\/{rel}","templated":true}]}}