{"id":15071,"date":"2026-04-26T08:50:34","date_gmt":"2026-04-26T08:50:34","guid":{"rendered":"https:\/\/gastora.eu\/?post_type=product&#038;p=15071"},"modified":"2026-04-28T16:57:46","modified_gmt":"2026-04-28T16:57:46","slug":"bton-mixeur-manche-18-cm-250w","status":"publish","type":"product","link":"https:\/\/gastora.eu\/en\/product\/bton-mixeur-manche-18-cm-250w\/","title":{"rendered":"B\u00e2ton mixeur &#8211; manche 18 cm &#8211; 250W"},"content":{"rendered":"<p>En plus de nos grands mod\u00e8les, Maxima propose \u00e9galement ce magnifique mixeur compact dans sa gamme. Il convient aussi bien aux petites entreprises de restauration qu&#8217;aux consommateurs. Vous pouvez utiliser ce mixeur \u00e0 main pour r\u00e9duire en pur\u00e9e des sauces pour p\u00e2tes, fouetter de la cr\u00e8me ou \u00e9mincer de la viande et des l\u00e9gumes.<\/p>\n<h3>Mod\u00e8le ergonomique<\/h3>\n<p>Un mixeur \u00e0 main n\u00e9cessite de la force pour fonctionner, en particulier avec des ingr\u00e9dients raides ou \u00e9pais. C&#8217;est pourquoi ce mixeur \u00e0 main est \u00e9quip\u00e9 d&#8217;une poign\u00e9e robuste et d&#8217;un design ergonomique. Le rev\u00eatement en caoutchouc assure une bonne prise en main et emp\u00eache le mixeur de glisser des mains et de tomber dans les aliments. Sur l&#8217;avant de la poign\u00e9e se trouve un \u00e9cran num\u00e9rique qui vous permet de r\u00e9gler facilement la vitesse souhait\u00e9e. Sur le c\u00f4t\u00e9 de la poign\u00e9e se trouve le bouton marche\/arr\u00eat qui permet d&#8217;utiliser le mixeur d&#8217;une seule main.<\/p>\n<h3>Diff\u00e9rentes vitesses<\/h3>\n<p>Ce mod\u00e8le de mixeur \u00e0 b\u00e2ton a une vitesse de 4000 \u00e0 18000 tours\/minute. Cela vous permet de hacher rapidement vos aliments. Le stick blender dispose de 8 vitesses que vous pouvez r\u00e9gler \u00e0 l&#8217;aide des boutons plus et moins. L&#8217;\u00e9cran num\u00e9rique indique clairement la vitesse s\u00e9lectionn\u00e9e. Pendant que vous mixez, \u00e9crasez ou broyez, vous pouvez facilement augmenter ou diminuer la vitesse.<\/p>\n<h3>Profondeur d&#8217;insertion de la tige<\/h3>\n<p>Le mixeur \u00e0 b\u00e2tonnets est dot\u00e9 d&#8217;une tige en acier inoxydable et en aluminium avec des lames tranchantes. Une ligne sur la tige indique la profondeur d&#8217;insertion de 15 cm. Il est important de ne pas ins\u00e9rer la tige plus profond\u00e9ment que la ligne, sinon des aliments peuvent p\u00e9n\u00e9trer dans le moteur et provoquer un court-circuit. Vous pouvez facilement visser la tige sur le manche.<\/p>\n<h3>Nettoyage du mixeur \u00e0 b\u00e2tonnets<\/h3>\n<p>Il est important de bien nettoyer le mixeur \u00e0 b\u00e2ton apr\u00e8s chaque utilisation, car vous ne voulez pas que des r\u00e9sidus d&#8217;aliments restent dans les lames. Lorsque vous avez termin\u00e9, laissez refroidir le pied du mixeur plongeant dans un bol d&#8217;eau. En effet, le pied du mixeur s&#8217;\u00e9chauffe rapidement lorsqu&#8217;il est utilis\u00e9. Ajoutez un m\u00e9lange d&#8217;eau chaude et de d\u00e9tergent doux dans un bol. Ensuite, mettez bri\u00e8vement le mixeur \u00e0 b\u00e2ton en marche pour d\u00e9tacher toutes les particules d&#8217;aliments des lames. Retirez la fiche de la prise et d\u00e9vissez la tige. Nettoyez le b\u00e2tonnet \u00e0 l&#8217;aide d&#8217;un chiffon humide. Vous pouvez ensuite s\u00e9cher soigneusement la tige et la base \u00e0 l&#8217;aide d&#8217;un chiffon sec. Faites attention lorsque vous nettoyez et s\u00e9chez les lames tranchantes. Veillez \u00e9galement \u00e0 ce que la poign\u00e9e contenant le moteur n&#8217;entre pas en contact avec de l&#8217;eau.<\/p>\n<p><strong>Caract\u00e9ristiques<\/strong><\/p>\n<ul>\n<li>Protection thermique contre les surcharges<\/li>\n<li>Tige en acier inoxydable et en aluminium<\/li>\n<li>Poign\u00e9e antid\u00e9rapante<\/li>\n<li>8 vitesses r\u00e9glables<\/li>\n<li>Affichage num\u00e9rique<\/li>\n<\/ul>\n<p><strong>Caract\u00e9ristiques du produit<\/strong><\/p>\n<ul>\n<li>Poids net : 1,35 kg<\/li>\n<li>Vitesse : 4 000 &#8211; 8 000 tr\/min<\/li>\n<li>Profondeur d&#8217;insertion de la tige : 15 cm<\/li>\n<li>Diam\u00e8tre de la base : \u2205 6 cm<\/li>\n<li>Dimensions de l&#8217;appareil : L44 x P7 x H7 cm<\/li>\n<li>230V \/ 50Hz \/ 1 Phase 250 Watt<\/li>\n<\/ul>","protected":false},"excerpt":{"rendered":"<p>Ce mixeur ergonomique est dot\u00e9 d&#8217;un manche de 18 cm en acier inoxydable et en aluminium, avec une profondeur d&#8217;insertion de 15 cm. Son moteur ventil\u00e9 de 250 W est dot\u00e9 d&#8217;une protection contre les surcharges thermiques et de huit vitesses r\u00e9glables. Ce stick blender est id\u00e9al pour m\u00e9langer, r\u00e9duire en pur\u00e9e, mixer, moudre et battre au quotidien dans une cuisine professionnelle.<\/p>","protected":false},"featured_media":8877,"template":"","meta":{"_acf_changed":false},"product_brand":[],"product_cat":[480],"product_tag":[],"class_list":{"0":"post-15071","1":"product","2":"type-product","3":"status-publish","4":"has-post-thumbnail","6":"product_cat-batteurs-melangeurs-2","8":"first","9":"instock","10":"sale","11":"taxable","12":"shipping-taxable","13":"purchasable","14":"product-type-simple"},"acf":[],"yoast_head":"<!-- This site is optimized with the Yoast SEO plugin v27.5 - https:\/\/yoast.com\/product\/yoast-seo-wordpress\/ -->\n<title>B\u00e2ton mixeur - manche 18 cm - 250W - Gastora<\/title>\n<meta name=\"description\" content=\"Achetez B\u00e2ton mixeur - manche 18 cm - 250W au meilleur prix, fiable et performant avec une livraison rapide\" \/>\n<meta name=\"robots\" content=\"index, follow, max-snippet:-1, max-image-preview:large, max-video-preview:-1\" \/>\n<link rel=\"canonical\" href=\"https:\/\/gastora.eu\/en\/product\/bton-mixeur-manche-18-cm-250w\/\" \/>\n<meta property=\"og:locale\" content=\"en_US\" \/>\n<meta property=\"og:type\" content=\"article\" \/>\n<meta property=\"og:title\" content=\"B\u00e2ton mixeur - manche 18 cm - 250W - Gastora\" \/>\n<meta property=\"og:description\" content=\"Achetez B\u00e2ton mixeur - manche 18 cm - 250W au meilleur prix, fiable et performant avec une livraison rapide\" \/>\n<meta property=\"og:url\" content=\"https:\/\/gastora.eu\/en\/product\/bton-mixeur-manche-18-cm-250w\/\" \/>\n<meta property=\"og:site_name\" content=\"Gastora\" \/>\n<meta property=\"article:modified_time\" content=\"2026-04-28T16:57:46+00:00\" \/>\n<meta name=\"twitter:card\" content=\"summary_large_image\" \/>\n<meta name=\"twitter:label1\" content=\"Est. reading time\" \/>\n\t<meta name=\"twitter:data1\" content=\"3 minutes\" \/>\n<script type=\"application\/ld+json\" class=\"yoast-schema-graph\">{\"@context\":\"https:\\\/\\\/schema.org\",\"@graph\":[{\"@type\":\"WebPage\",\"@id\":\"https:\\\/\\\/gastora.eu\\\/product\\\/bton-mixeur-manche-18-cm-250w\\\/\",\"url\":\"https:\\\/\\\/gastora.eu\\\/product\\\/bton-mixeur-manche-18-cm-250w\\\/\",\"name\":\"B\u00e2ton mixeur - manche 18 cm - 250W - Gastora\",\"isPartOf\":{\"@id\":\"https:\\\/\\\/gastora.eu\\\/#website\"},\"primaryImageOfPage\":{\"@id\":\"https:\\\/\\\/gastora.eu\\\/product\\\/bton-mixeur-manche-18-cm-250w\\\/#primaryimage\"},\"image\":{\"@id\":\"https:\\\/\\\/gastora.eu\\\/product\\\/bton-mixeur-manche-18-cm-250w\\\/#primaryimage\"},\"thumbnailUrl\":\"https:\\\/\\\/gastora.eu\\\/wp-content\\\/uploads\\\/2026\\\/04\\\/250526_08400200_img_074.jpg\",\"datePublished\":\"2026-04-26T08:50:34+00:00\",\"dateModified\":\"2026-04-28T16:57:46+00:00\",\"description\":\"Achetez B\u00e2ton mixeur - manche 18 cm - 250W au meilleur prix, fiable et performant avec une livraison rapide\",\"breadcrumb\":{\"@id\":\"https:\\\/\\\/gastora.eu\\\/product\\\/bton-mixeur-manche-18-cm-250w\\\/#breadcrumb\"},\"inLanguage\":\"en-US\",\"potentialAction\":[{\"@type\":\"ReadAction\",\"target\":[\"https:\\\/\\\/gastora.eu\\\/product\\\/bton-mixeur-manche-18-cm-250w\\\/\"]}]},{\"@type\":\"ImageObject\",\"inLanguage\":\"en-US\",\"@id\":\"https:\\\/\\\/gastora.eu\\\/product\\\/bton-mixeur-manche-18-cm-250w\\\/#primaryimage\",\"url\":\"https:\\\/\\\/gastora.eu\\\/wp-content\\\/uploads\\\/2026\\\/04\\\/250526_08400200_img_074.jpg\",\"contentUrl\":\"https:\\\/\\\/gastora.eu\\\/wp-content\\\/uploads\\\/2026\\\/04\\\/250526_08400200_img_074.jpg\",\"width\":1200,\"height\":1200},{\"@type\":\"BreadcrumbList\",\"@id\":\"https:\\\/\\\/gastora.eu\\\/product\\\/bton-mixeur-manche-18-cm-250w\\\/#breadcrumb\",\"itemListElement\":[{\"@type\":\"ListItem\",\"position\":1,\"name\":\"Home\",\"item\":\"https:\\\/\\\/gastora.eu\\\/\"},{\"@type\":\"ListItem\",\"position\":2,\"name\":\"Shop\",\"item\":\"https:\\\/\\\/gastora.eu\\\/shop\\\/\"},{\"@type\":\"ListItem\",\"position\":3,\"name\":\"B\u00e2ton mixeur &#8211; manche 18 cm &#8211; 250W\"}]},{\"@type\":\"WebSite\",\"@id\":\"https:\\\/\\\/gastora.eu\\\/#website\",\"url\":\"https:\\\/\\\/gastora.eu\\\/\",\"name\":\"Gastora\",\"description\":\"\u00c9quipements professionnels CHR\",\"publisher\":{\"@id\":\"https:\\\/\\\/gastora.eu\\\/#organization\"},\"potentialAction\":[{\"@type\":\"SearchAction\",\"target\":{\"@type\":\"EntryPoint\",\"urlTemplate\":\"https:\\\/\\\/gastora.eu\\\/?s={search_term_string}\"},\"query-input\":{\"@type\":\"PropertyValueSpecification\",\"valueRequired\":true,\"valueName\":\"search_term_string\"}}],\"inLanguage\":\"en-US\"},{\"@type\":\"Organization\",\"@id\":\"https:\\\/\\\/gastora.eu\\\/#organization\",\"name\":\"Gastora\",\"url\":\"https:\\\/\\\/gastora.eu\\\/\",\"logo\":{\"@type\":\"ImageObject\",\"inLanguage\":\"en-US\",\"@id\":\"https:\\\/\\\/gastora.eu\\\/#\\\/schema\\\/logo\\\/image\\\/\",\"url\":\"https:\\\/\\\/gastora.eu\\\/wp-content\\\/uploads\\\/2025\\\/12\\\/ChatGPT-Image-2-janv.-2026-22_52_47-1.png\",\"contentUrl\":\"https:\\\/\\\/gastora.eu\\\/wp-content\\\/uploads\\\/2025\\\/12\\\/ChatGPT-Image-2-janv.-2026-22_52_47-1.png\",\"width\":1536,\"height\":320,\"caption\":\"Gastora\"},\"image\":{\"@id\":\"https:\\\/\\\/gastora.eu\\\/#\\\/schema\\\/logo\\\/image\\\/\"}}]}<\/script>\n<!-- \/ Yoast SEO plugin. -->","yoast_head_json":{"title":"B\u00e2ton mixeur - manche 18 cm - 250W - Gastora","description":"Achetez B\u00e2ton mixeur - manche 18 cm - 250W au meilleur prix, fiable et performant avec une livraison rapide","robots":{"index":"index","follow":"follow","max-snippet":"max-snippet:-1","max-image-preview":"max-image-preview:large","max-video-preview":"max-video-preview:-1"},"canonical":"https:\/\/gastora.eu\/en\/product\/bton-mixeur-manche-18-cm-250w\/","og_locale":"en_US","og_type":"article","og_title":"B\u00e2ton mixeur - manche 18 cm - 250W - Gastora","og_description":"Achetez B\u00e2ton mixeur - manche 18 cm - 250W au meilleur prix, fiable et performant avec une livraison rapide","og_url":"https:\/\/gastora.eu\/en\/product\/bton-mixeur-manche-18-cm-250w\/","og_site_name":"Gastora","article_modified_time":"2026-04-28T16:57:46+00:00","twitter_card":"summary_large_image","twitter_misc":{"Est. reading time":"3 minutes"},"schema":{"@context":"https:\/\/schema.org","@graph":[{"@type":"WebPage","@id":"https:\/\/gastora.eu\/product\/bton-mixeur-manche-18-cm-250w\/","url":"https:\/\/gastora.eu\/product\/bton-mixeur-manche-18-cm-250w\/","name":"B\u00e2ton mixeur - manche 18 cm - 250W - Gastora","isPartOf":{"@id":"https:\/\/gastora.eu\/#website"},"primaryImageOfPage":{"@id":"https:\/\/gastora.eu\/product\/bton-mixeur-manche-18-cm-250w\/#primaryimage"},"image":{"@id":"https:\/\/gastora.eu\/product\/bton-mixeur-manche-18-cm-250w\/#primaryimage"},"thumbnailUrl":"https:\/\/gastora.eu\/wp-content\/uploads\/2026\/04\/250526_08400200_img_074.jpg","datePublished":"2026-04-26T08:50:34+00:00","dateModified":"2026-04-28T16:57:46+00:00","description":"Achetez B\u00e2ton mixeur - manche 18 cm - 250W au meilleur prix, fiable et performant avec une livraison rapide","breadcrumb":{"@id":"https:\/\/gastora.eu\/product\/bton-mixeur-manche-18-cm-250w\/#breadcrumb"},"inLanguage":"en-US","potentialAction":[{"@type":"ReadAction","target":["https:\/\/gastora.eu\/product\/bton-mixeur-manche-18-cm-250w\/"]}]},{"@type":"ImageObject","inLanguage":"en-US","@id":"https:\/\/gastora.eu\/product\/bton-mixeur-manche-18-cm-250w\/#primaryimage","url":"https:\/\/gastora.eu\/wp-content\/uploads\/2026\/04\/250526_08400200_img_074.jpg","contentUrl":"https:\/\/gastora.eu\/wp-content\/uploads\/2026\/04\/250526_08400200_img_074.jpg","width":1200,"height":1200},{"@type":"BreadcrumbList","@id":"https:\/\/gastora.eu\/product\/bton-mixeur-manche-18-cm-250w\/#breadcrumb","itemListElement":[{"@type":"ListItem","position":1,"name":"Home","item":"https:\/\/gastora.eu\/"},{"@type":"ListItem","position":2,"name":"Shop","item":"https:\/\/gastora.eu\/shop\/"},{"@type":"ListItem","position":3,"name":"B\u00e2ton mixeur &#8211; manche 18 cm &#8211; 250W"}]},{"@type":"WebSite","@id":"https:\/\/gastora.eu\/#website","url":"https:\/\/gastora.eu\/","name":"Gastora","description":"\u00c9quipements professionnels CHR","publisher":{"@id":"https:\/\/gastora.eu\/#organization"},"potentialAction":[{"@type":"SearchAction","target":{"@type":"EntryPoint","urlTemplate":"https:\/\/gastora.eu\/?s={search_term_string}"},"query-input":{"@type":"PropertyValueSpecification","valueRequired":true,"valueName":"search_term_string"}}],"inLanguage":"en-US"},{"@type":"Organization","@id":"https:\/\/gastora.eu\/#organization","name":"Gastora","url":"https:\/\/gastora.eu\/","logo":{"@type":"ImageObject","inLanguage":"en-US","@id":"https:\/\/gastora.eu\/#\/schema\/logo\/image\/","url":"https:\/\/gastora.eu\/wp-content\/uploads\/2025\/12\/ChatGPT-Image-2-janv.-2026-22_52_47-1.png","contentUrl":"https:\/\/gastora.eu\/wp-content\/uploads\/2025\/12\/ChatGPT-Image-2-janv.-2026-22_52_47-1.png","width":1536,"height":320,"caption":"Gastora"},"image":{"@id":"https:\/\/gastora.eu\/#\/schema\/logo\/image\/"}}]}},"jetpack_sharing_enabled":true,"_links":{"self":[{"href":"https:\/\/gastora.eu\/en\/wp-json\/wp\/v2\/product\/15071","targetHints":{"allow":["GET"]}}],"collection":[{"href":"https:\/\/gastora.eu\/en\/wp-json\/wp\/v2\/product"}],"about":[{"href":"https:\/\/gastora.eu\/en\/wp-json\/wp\/v2\/types\/product"}],"wp:featuredmedia":[{"embeddable":true,"href":"https:\/\/gastora.eu\/en\/wp-json\/wp\/v2\/media\/8877"}],"wp:attachment":[{"href":"https:\/\/gastora.eu\/en\/wp-json\/wp\/v2\/media?parent=15071"}],"wp:term":[{"taxonomy":"product_brand","embeddable":true,"href":"https:\/\/gastora.eu\/en\/wp-json\/wp\/v2\/product_brand?post=15071"},{"taxonomy":"product_cat","embeddable":true,"href":"https:\/\/gastora.eu\/en\/wp-json\/wp\/v2\/product_cat?post=15071"},{"taxonomy":"product_tag","embeddable":true,"href":"https:\/\/gastora.eu\/en\/wp-json\/wp\/v2\/product_tag?post=15071"}],"curies":[{"name":"wp","href":"https:\/\/api.w.org\/{rel}","templated":true}]}}