{"id":15070,"date":"2026-04-26T08:50:33","date_gmt":"2026-04-26T08:50:33","guid":{"rendered":"https:\/\/gastora.eu\/?post_type=product&#038;p=15070"},"modified":"2026-04-28T16:57:45","modified_gmt":"2026-04-28T16:57:45","slug":"bton-mixeur-manche-15-cm-220w","status":"publish","type":"product","link":"https:\/\/gastora.eu\/en\/product\/bton-mixeur-manche-15-cm-220w\/","title":{"rendered":"B\u00e2ton mixeur &#8211; manche 15 cm &#8211; 220W"},"content":{"rendered":"<p>Ce petit mixeur \u00e0 b\u00e2ton a une longueur de manche de 15 cm et une profondeur d&#8217;insertion de 12 cm. Il convient donc aussi bien aux cuisines professionnelles qu&#8217;aux consommateurs. Sa taille le rend facile \u00e0 utiliser et il ne prend pas trop de place lorsqu&#8217;il est rang\u00e9.<\/p>\n<h3>R\u00e9duire en pur\u00e9e, fouetter et moudre<\/h3>\n<p>Ce mixeur est multifonctionnel. Il peut \u00eatre utilis\u00e9 pour r\u00e9duire en pur\u00e9e des sauces pour p\u00e2tes fra\u00eeches ou des pommes de terre sans laisser de morceaux. Il convient \u00e9galement pour r\u00e9duire en petits morceaux des l\u00e9gumes, des fruits ou de la viande, ou encore pour fouetter de la cr\u00e8me. Cet appareil polyvalent est un v\u00e9ritable atout dans toute cuisine. La profondeur de la tige de 12 cm est clairement indiqu\u00e9e par un trait sur le manche. Veillez \u00e0 ne pas l&#8217;enfoncer plus profond\u00e9ment, car l&#8217;humidit\u00e9 pourrait p\u00e9n\u00e9trer dans le moteur et le court-circuiter. Veillez \u00e9galement \u00e0 ce que la poign\u00e9e ne soit pas humide.<\/p>\n<h3>Huit vitesses<\/h3>\n<p>Le puissant moteur de ce mixeur \u00e0 b\u00e2tonnets est dot\u00e9 de 8 vitesses r\u00e9glables. Vous pouvez facilement r\u00e9gler la vitesse \u00e0 l&#8217;aide des boutons plus et moins situ\u00e9s sur le mixeur. L&#8217;\u00e9cran num\u00e9rique indique clairement la vitesse s\u00e9lectionn\u00e9e. Le bouton marche\/arr\u00eat se trouve sur le c\u00f4t\u00e9 de la poign\u00e9e. Appuyez sur ce bouton pendant que vous r\u00e9duisez en pur\u00e9e, fouettez ou m\u00e9langez, et les lames tournent. Lorsque vous rel\u00e2chez le bouton, le mixeur plongeant s&#8217;arr\u00eate imm\u00e9diatement.<\/p>\n<h3>Mod\u00e8le ergonomique<\/h3>\n<p>Pour travailler en toute s\u00e9curit\u00e9, il est essentiel de pouvoir tenir le mixeur \u00e0 main correctement. C&#8217;est pourquoi ce mixeur est dot\u00e9 d&#8217;une poign\u00e9e ergonomique qui tient bien dans la main. La poign\u00e9e est recouverte d&#8217;un rev\u00eatement en caoutchouc qui vous permet de bien tenir le mixeur et l&#8217;emp\u00eache de vous glisser des mains. Le moteur est dot\u00e9 d&#8217;un bo\u00eetier en plastique avec des trous d&#8217;a\u00e9ration pour \u00e9vacuer la chaleur. Le moteur est \u00e9galement dot\u00e9 d&#8217;une protection contre les surcharges thermiques.<\/p>\n<h3>Nettoyage du mixeur<\/h3>\n<p>Il est important de nettoyer soigneusement le mixeur apr\u00e8s chaque utilisation afin d&#8217;\u00e9viter que des r\u00e9sidus alimentaires ne restent sur les lames. Laissez le pied du mixeur refroidir car il devient chaud pendant l&#8217;utilisation. Remplissez un bol avec de l&#8217;eau et un d\u00e9tergent doux et placez le pied du mixeur dans le bol. Ensuite, mettez bri\u00e8vement le mixeur en marche ; cela permettra de d\u00e9tacher tous les r\u00e9sidus d&#8217;aliments des lames. D\u00e9branchez le cordon d&#8217;alimentation et d\u00e9vissez l&#8217;arbre. Nettoyez la base \u00e0 l&#8217;aide d&#8217;un chiffon humide et s\u00e9chez soigneusement la tige \u00e0 l&#8217;aide d&#8217;un chiffon sec. Soyez prudent lorsque vous s\u00e9chez l&#8217;appareil, car les lames sont tr\u00e8s tranchantes.<\/p>\n<p><strong>Caract\u00e9ristiques<\/strong><\/p>\n<ul>\n<li>Protection contre les surcharges thermiques<\/li>\n<li>Tige en acier inoxydable et en aluminium<\/li>\n<li>Poign\u00e9e antid\u00e9rapante<\/li>\n<li>Huit vitesses r\u00e9glables<\/li>\n<li>Affichage num\u00e9rique<\/li>\n<\/ul>\n<p><strong>Caract\u00e9ristiques du produit<\/strong><\/p>\n<ul>\n<li>Poids net : 1,28 kg<\/li>\n<li>Vitesse : 4 000 &#8211; 8 000 tr\/min<\/li>\n<li>Profondeur d&#8217;insertion de la tige : 12cm<\/li>\n<li>Diam\u00e8tre de la base : \u2205 6cm<\/li>\n<li>Dimensions de l&#8217;appareil : L41 x P7 x H7cm<\/li>\n<li>230V \/ 50Hz \/ 1 Phase 220 Watt<\/li>\n<\/ul>","protected":false},"excerpt":{"rendered":"<p>Ce mixeur ergonomique est dot\u00e9 d&#8217;un manche de 15 cm en acier inoxydable et en aluminium, avec une profondeur d&#8217;insertion de 12 cm. Son moteur ventil\u00e9 de 220 W est dot\u00e9 d&#8217;une protection contre les surcharges thermiques et de huit vitesses r\u00e9glables. Ce stick blender est id\u00e9al pour m\u00e9langer, r\u00e9duire en pur\u00e9e, mixer, moudre et battre au quotidien dans une cuisine professionnelle.<\/p>","protected":false},"featured_media":8875,"template":"","meta":{"_acf_changed":false},"product_brand":[],"product_cat":[480],"product_tag":[],"class_list":{"0":"post-15070","1":"product","2":"type-product","3":"status-publish","4":"has-post-thumbnail","6":"product_cat-batteurs-melangeurs-2","8":"first","9":"instock","10":"sale","11":"taxable","12":"shipping-taxable","13":"purchasable","14":"product-type-simple"},"acf":[],"yoast_head":"<!-- This site is optimized with the Yoast SEO plugin v27.5 - https:\/\/yoast.com\/product\/yoast-seo-wordpress\/ -->\n<title>B\u00e2ton mixeur - manche 15 cm - 220W - Gastora<\/title>\n<meta name=\"description\" content=\"Achetez B\u00e2ton mixeur - manche 15 cm - 220W au meilleur prix, fiable et performant avec une livraison rapide\" \/>\n<meta name=\"robots\" content=\"index, follow, max-snippet:-1, max-image-preview:large, max-video-preview:-1\" \/>\n<link rel=\"canonical\" href=\"https:\/\/gastora.eu\/en\/product\/bton-mixeur-manche-15-cm-220w\/\" \/>\n<meta property=\"og:locale\" content=\"en_US\" \/>\n<meta property=\"og:type\" content=\"article\" \/>\n<meta property=\"og:title\" content=\"B\u00e2ton mixeur - manche 15 cm - 220W - Gastora\" \/>\n<meta property=\"og:description\" content=\"Achetez B\u00e2ton mixeur - manche 15 cm - 220W au meilleur prix, fiable et performant avec une livraison rapide\" \/>\n<meta property=\"og:url\" content=\"https:\/\/gastora.eu\/en\/product\/bton-mixeur-manche-15-cm-220w\/\" \/>\n<meta property=\"og:site_name\" content=\"Gastora\" \/>\n<meta property=\"article:modified_time\" content=\"2026-04-28T16:57:45+00:00\" \/>\n<meta name=\"twitter:card\" content=\"summary_large_image\" \/>\n<meta name=\"twitter:label1\" content=\"Est. reading time\" \/>\n\t<meta name=\"twitter:data1\" content=\"3 minutes\" \/>\n<script type=\"application\/ld+json\" class=\"yoast-schema-graph\">{\"@context\":\"https:\\\/\\\/schema.org\",\"@graph\":[{\"@type\":\"WebPage\",\"@id\":\"https:\\\/\\\/gastora.eu\\\/product\\\/bton-mixeur-manche-15-cm-220w\\\/\",\"url\":\"https:\\\/\\\/gastora.eu\\\/product\\\/bton-mixeur-manche-15-cm-220w\\\/\",\"name\":\"B\u00e2ton mixeur - manche 15 cm - 220W - Gastora\",\"isPartOf\":{\"@id\":\"https:\\\/\\\/gastora.eu\\\/#website\"},\"primaryImageOfPage\":{\"@id\":\"https:\\\/\\\/gastora.eu\\\/product\\\/bton-mixeur-manche-15-cm-220w\\\/#primaryimage\"},\"image\":{\"@id\":\"https:\\\/\\\/gastora.eu\\\/product\\\/bton-mixeur-manche-15-cm-220w\\\/#primaryimage\"},\"thumbnailUrl\":\"https:\\\/\\\/gastora.eu\\\/wp-content\\\/uploads\\\/2026\\\/04\\\/250526_08400100_img_073.jpg\",\"datePublished\":\"2026-04-26T08:50:33+00:00\",\"dateModified\":\"2026-04-28T16:57:45+00:00\",\"description\":\"Achetez B\u00e2ton mixeur - manche 15 cm - 220W au meilleur prix, fiable et performant avec une livraison rapide\",\"breadcrumb\":{\"@id\":\"https:\\\/\\\/gastora.eu\\\/product\\\/bton-mixeur-manche-15-cm-220w\\\/#breadcrumb\"},\"inLanguage\":\"en-US\",\"potentialAction\":[{\"@type\":\"ReadAction\",\"target\":[\"https:\\\/\\\/gastora.eu\\\/product\\\/bton-mixeur-manche-15-cm-220w\\\/\"]}]},{\"@type\":\"ImageObject\",\"inLanguage\":\"en-US\",\"@id\":\"https:\\\/\\\/gastora.eu\\\/product\\\/bton-mixeur-manche-15-cm-220w\\\/#primaryimage\",\"url\":\"https:\\\/\\\/gastora.eu\\\/wp-content\\\/uploads\\\/2026\\\/04\\\/250526_08400100_img_073.jpg\",\"contentUrl\":\"https:\\\/\\\/gastora.eu\\\/wp-content\\\/uploads\\\/2026\\\/04\\\/250526_08400100_img_073.jpg\",\"width\":1200,\"height\":1200},{\"@type\":\"BreadcrumbList\",\"@id\":\"https:\\\/\\\/gastora.eu\\\/product\\\/bton-mixeur-manche-15-cm-220w\\\/#breadcrumb\",\"itemListElement\":[{\"@type\":\"ListItem\",\"position\":1,\"name\":\"Home\",\"item\":\"https:\\\/\\\/gastora.eu\\\/\"},{\"@type\":\"ListItem\",\"position\":2,\"name\":\"Shop\",\"item\":\"https:\\\/\\\/gastora.eu\\\/shop\\\/\"},{\"@type\":\"ListItem\",\"position\":3,\"name\":\"B\u00e2ton mixeur &#8211; manche 15 cm &#8211; 220W\"}]},{\"@type\":\"WebSite\",\"@id\":\"https:\\\/\\\/gastora.eu\\\/#website\",\"url\":\"https:\\\/\\\/gastora.eu\\\/\",\"name\":\"Gastora\",\"description\":\"\u00c9quipements professionnels CHR\",\"publisher\":{\"@id\":\"https:\\\/\\\/gastora.eu\\\/#organization\"},\"potentialAction\":[{\"@type\":\"SearchAction\",\"target\":{\"@type\":\"EntryPoint\",\"urlTemplate\":\"https:\\\/\\\/gastora.eu\\\/?s={search_term_string}\"},\"query-input\":{\"@type\":\"PropertyValueSpecification\",\"valueRequired\":true,\"valueName\":\"search_term_string\"}}],\"inLanguage\":\"en-US\"},{\"@type\":\"Organization\",\"@id\":\"https:\\\/\\\/gastora.eu\\\/#organization\",\"name\":\"Gastora\",\"url\":\"https:\\\/\\\/gastora.eu\\\/\",\"logo\":{\"@type\":\"ImageObject\",\"inLanguage\":\"en-US\",\"@id\":\"https:\\\/\\\/gastora.eu\\\/#\\\/schema\\\/logo\\\/image\\\/\",\"url\":\"https:\\\/\\\/gastora.eu\\\/wp-content\\\/uploads\\\/2025\\\/12\\\/ChatGPT-Image-2-janv.-2026-22_52_47-1.png\",\"contentUrl\":\"https:\\\/\\\/gastora.eu\\\/wp-content\\\/uploads\\\/2025\\\/12\\\/ChatGPT-Image-2-janv.-2026-22_52_47-1.png\",\"width\":1536,\"height\":320,\"caption\":\"Gastora\"},\"image\":{\"@id\":\"https:\\\/\\\/gastora.eu\\\/#\\\/schema\\\/logo\\\/image\\\/\"}}]}<\/script>\n<!-- \/ Yoast SEO plugin. -->","yoast_head_json":{"title":"B\u00e2ton mixeur - manche 15 cm - 220W - Gastora","description":"Achetez B\u00e2ton mixeur - manche 15 cm - 220W au meilleur prix, fiable et performant avec une livraison rapide","robots":{"index":"index","follow":"follow","max-snippet":"max-snippet:-1","max-image-preview":"max-image-preview:large","max-video-preview":"max-video-preview:-1"},"canonical":"https:\/\/gastora.eu\/en\/product\/bton-mixeur-manche-15-cm-220w\/","og_locale":"en_US","og_type":"article","og_title":"B\u00e2ton mixeur - manche 15 cm - 220W - Gastora","og_description":"Achetez B\u00e2ton mixeur - manche 15 cm - 220W au meilleur prix, fiable et performant avec une livraison rapide","og_url":"https:\/\/gastora.eu\/en\/product\/bton-mixeur-manche-15-cm-220w\/","og_site_name":"Gastora","article_modified_time":"2026-04-28T16:57:45+00:00","twitter_card":"summary_large_image","twitter_misc":{"Est. reading time":"3 minutes"},"schema":{"@context":"https:\/\/schema.org","@graph":[{"@type":"WebPage","@id":"https:\/\/gastora.eu\/product\/bton-mixeur-manche-15-cm-220w\/","url":"https:\/\/gastora.eu\/product\/bton-mixeur-manche-15-cm-220w\/","name":"B\u00e2ton mixeur - manche 15 cm - 220W - Gastora","isPartOf":{"@id":"https:\/\/gastora.eu\/#website"},"primaryImageOfPage":{"@id":"https:\/\/gastora.eu\/product\/bton-mixeur-manche-15-cm-220w\/#primaryimage"},"image":{"@id":"https:\/\/gastora.eu\/product\/bton-mixeur-manche-15-cm-220w\/#primaryimage"},"thumbnailUrl":"https:\/\/gastora.eu\/wp-content\/uploads\/2026\/04\/250526_08400100_img_073.jpg","datePublished":"2026-04-26T08:50:33+00:00","dateModified":"2026-04-28T16:57:45+00:00","description":"Achetez B\u00e2ton mixeur - manche 15 cm - 220W au meilleur prix, fiable et performant avec une livraison rapide","breadcrumb":{"@id":"https:\/\/gastora.eu\/product\/bton-mixeur-manche-15-cm-220w\/#breadcrumb"},"inLanguage":"en-US","potentialAction":[{"@type":"ReadAction","target":["https:\/\/gastora.eu\/product\/bton-mixeur-manche-15-cm-220w\/"]}]},{"@type":"ImageObject","inLanguage":"en-US","@id":"https:\/\/gastora.eu\/product\/bton-mixeur-manche-15-cm-220w\/#primaryimage","url":"https:\/\/gastora.eu\/wp-content\/uploads\/2026\/04\/250526_08400100_img_073.jpg","contentUrl":"https:\/\/gastora.eu\/wp-content\/uploads\/2026\/04\/250526_08400100_img_073.jpg","width":1200,"height":1200},{"@type":"BreadcrumbList","@id":"https:\/\/gastora.eu\/product\/bton-mixeur-manche-15-cm-220w\/#breadcrumb","itemListElement":[{"@type":"ListItem","position":1,"name":"Home","item":"https:\/\/gastora.eu\/"},{"@type":"ListItem","position":2,"name":"Shop","item":"https:\/\/gastora.eu\/shop\/"},{"@type":"ListItem","position":3,"name":"B\u00e2ton mixeur &#8211; manche 15 cm &#8211; 220W"}]},{"@type":"WebSite","@id":"https:\/\/gastora.eu\/#website","url":"https:\/\/gastora.eu\/","name":"Gastora","description":"\u00c9quipements professionnels CHR","publisher":{"@id":"https:\/\/gastora.eu\/#organization"},"potentialAction":[{"@type":"SearchAction","target":{"@type":"EntryPoint","urlTemplate":"https:\/\/gastora.eu\/?s={search_term_string}"},"query-input":{"@type":"PropertyValueSpecification","valueRequired":true,"valueName":"search_term_string"}}],"inLanguage":"en-US"},{"@type":"Organization","@id":"https:\/\/gastora.eu\/#organization","name":"Gastora","url":"https:\/\/gastora.eu\/","logo":{"@type":"ImageObject","inLanguage":"en-US","@id":"https:\/\/gastora.eu\/#\/schema\/logo\/image\/","url":"https:\/\/gastora.eu\/wp-content\/uploads\/2025\/12\/ChatGPT-Image-2-janv.-2026-22_52_47-1.png","contentUrl":"https:\/\/gastora.eu\/wp-content\/uploads\/2025\/12\/ChatGPT-Image-2-janv.-2026-22_52_47-1.png","width":1536,"height":320,"caption":"Gastora"},"image":{"@id":"https:\/\/gastora.eu\/#\/schema\/logo\/image\/"}}]}},"jetpack_sharing_enabled":true,"_links":{"self":[{"href":"https:\/\/gastora.eu\/en\/wp-json\/wp\/v2\/product\/15070","targetHints":{"allow":["GET"]}}],"collection":[{"href":"https:\/\/gastora.eu\/en\/wp-json\/wp\/v2\/product"}],"about":[{"href":"https:\/\/gastora.eu\/en\/wp-json\/wp\/v2\/types\/product"}],"wp:featuredmedia":[{"embeddable":true,"href":"https:\/\/gastora.eu\/en\/wp-json\/wp\/v2\/media\/8875"}],"wp:attachment":[{"href":"https:\/\/gastora.eu\/en\/wp-json\/wp\/v2\/media?parent=15070"}],"wp:term":[{"taxonomy":"product_brand","embeddable":true,"href":"https:\/\/gastora.eu\/en\/wp-json\/wp\/v2\/product_brand?post=15070"},{"taxonomy":"product_cat","embeddable":true,"href":"https:\/\/gastora.eu\/en\/wp-json\/wp\/v2\/product_cat?post=15070"},{"taxonomy":"product_tag","embeddable":true,"href":"https:\/\/gastora.eu\/en\/wp-json\/wp\/v2\/product_tag?post=15070"}],"curies":[{"name":"wp","href":"https:\/\/api.w.org\/{rel}","templated":true}]}}