{"id":15066,"date":"2026-04-26T08:50:26","date_gmt":"2026-04-26T08:50:26","guid":{"rendered":"https:\/\/gastora.eu\/?post_type=product&#038;p=15066"},"modified":"2026-04-28T16:57:44","modified_gmt":"2026-04-28T16:57:44","slug":"grille-de-four-pour-volaille-11-gn-8-pices","status":"publish","type":"product","link":"https:\/\/gastora.eu\/en\/product\/grille-de-four-pour-volaille-11-gn-8-pices\/","title":{"rendered":"Grille de four pour volaille &#8211; 1\/1 GN &#8211; 8 pi\u00e8ces"},"content":{"rendered":"<p>Une grille de four pour volaille est un accessoire de cuisson sp\u00e9cialis\u00e9 con\u00e7u pour faciliter le r\u00f4tissage ou la cuisson au four de volailles, telles que le poulet ou la dinde. Ce four pr\u00e9sente une conception verticale avec des crochets pour maintenir la volaille en position verticale pendant la cuisson. Cette position permet aux jus de la volaille de s&#8217;\u00e9couler et d&#8217;arroser la viande pendant la cuisson, ce qui permet d&#8217;obtenir une volaille moelleuse et savoureuse \u00e0 la peau croustillante.<\/p>","protected":false},"excerpt":{"rendered":"<p>Grille de four pour volaille &#8211; 1\/1 GN &#8211; 8 pi\u00e8ces<\/p>","protected":false},"featured_media":8867,"template":"","meta":{"_acf_changed":false},"product_brand":[],"product_cat":[484],"product_tag":[],"class_list":{"0":"post-15066","1":"product","2":"type-product","3":"status-publish","4":"has-post-thumbnail","6":"product_cat-fours-convection-mixtes-pizza-2","8":"first","9":"instock","10":"sale","11":"taxable","12":"shipping-taxable","13":"purchasable","14":"product-type-simple"},"acf":[],"yoast_head":"<!-- This site is optimized with the Yoast SEO plugin v27.5 - https:\/\/yoast.com\/product\/yoast-seo-wordpress\/ -->\n<title>Grille de four pour volaille - 1\/1 GN - 8 pi\u00e8ces - Gastora<\/title>\n<meta name=\"description\" content=\"Achetez Grille de four pour volaille - 1\/1 GN - 8 pi\u00e8ces au meilleur prix, fiable et performant avec une livraison rapide\" \/>\n<meta name=\"robots\" content=\"index, follow, max-snippet:-1, max-image-preview:large, max-video-preview:-1\" \/>\n<link rel=\"canonical\" href=\"https:\/\/gastora.eu\/en\/product\/grille-de-four-pour-volaille-11-gn-8-pices\/\" \/>\n<meta property=\"og:locale\" content=\"en_US\" \/>\n<meta property=\"og:type\" content=\"article\" \/>\n<meta property=\"og:title\" content=\"Grille de four pour volaille - 1\/1 GN - 8 pi\u00e8ces - Gastora\" \/>\n<meta property=\"og:description\" content=\"Achetez Grille de four pour volaille - 1\/1 GN - 8 pi\u00e8ces au meilleur prix, fiable et performant avec une livraison rapide\" \/>\n<meta property=\"og:url\" content=\"https:\/\/gastora.eu\/en\/product\/grille-de-four-pour-volaille-11-gn-8-pices\/\" \/>\n<meta property=\"og:site_name\" content=\"Gastora\" \/>\n<meta property=\"article:modified_time\" content=\"2026-04-28T16:57:44+00:00\" \/>\n<meta name=\"twitter:card\" content=\"summary_large_image\" \/>\n<script type=\"application\/ld+json\" class=\"yoast-schema-graph\">{\"@context\":\"https:\\\/\\\/schema.org\",\"@graph\":[{\"@type\":\"WebPage\",\"@id\":\"https:\\\/\\\/gastora.eu\\\/product\\\/grille-de-four-pour-volaille-11-gn-8-pices\\\/\",\"url\":\"https:\\\/\\\/gastora.eu\\\/product\\\/grille-de-four-pour-volaille-11-gn-8-pices\\\/\",\"name\":\"Grille de four pour volaille - 1\\\/1 GN - 8 pi\u00e8ces - Gastora\",\"isPartOf\":{\"@id\":\"https:\\\/\\\/gastora.eu\\\/#website\"},\"primaryImageOfPage\":{\"@id\":\"https:\\\/\\\/gastora.eu\\\/product\\\/grille-de-four-pour-volaille-11-gn-8-pices\\\/#primaryimage\"},\"image\":{\"@id\":\"https:\\\/\\\/gastora.eu\\\/product\\\/grille-de-four-pour-volaille-11-gn-8-pices\\\/#primaryimage\"},\"thumbnailUrl\":\"https:\\\/\\\/gastora.eu\\\/wp-content\\\/uploads\\\/2026\\\/04\\\/260312_08500303_img_001.jpg\",\"datePublished\":\"2026-04-26T08:50:26+00:00\",\"dateModified\":\"2026-04-28T16:57:44+00:00\",\"description\":\"Achetez Grille de four pour volaille - 1\\\/1 GN - 8 pi\u00e8ces au meilleur prix, fiable et performant avec une livraison rapide\",\"breadcrumb\":{\"@id\":\"https:\\\/\\\/gastora.eu\\\/product\\\/grille-de-four-pour-volaille-11-gn-8-pices\\\/#breadcrumb\"},\"inLanguage\":\"en-US\",\"potentialAction\":[{\"@type\":\"ReadAction\",\"target\":[\"https:\\\/\\\/gastora.eu\\\/product\\\/grille-de-four-pour-volaille-11-gn-8-pices\\\/\"]}]},{\"@type\":\"ImageObject\",\"inLanguage\":\"en-US\",\"@id\":\"https:\\\/\\\/gastora.eu\\\/product\\\/grille-de-four-pour-volaille-11-gn-8-pices\\\/#primaryimage\",\"url\":\"https:\\\/\\\/gastora.eu\\\/wp-content\\\/uploads\\\/2026\\\/04\\\/260312_08500303_img_001.jpg\",\"contentUrl\":\"https:\\\/\\\/gastora.eu\\\/wp-content\\\/uploads\\\/2026\\\/04\\\/260312_08500303_img_001.jpg\",\"width\":1200,\"height\":1200},{\"@type\":\"BreadcrumbList\",\"@id\":\"https:\\\/\\\/gastora.eu\\\/product\\\/grille-de-four-pour-volaille-11-gn-8-pices\\\/#breadcrumb\",\"itemListElement\":[{\"@type\":\"ListItem\",\"position\":1,\"name\":\"Home\",\"item\":\"https:\\\/\\\/gastora.eu\\\/\"},{\"@type\":\"ListItem\",\"position\":2,\"name\":\"Shop\",\"item\":\"https:\\\/\\\/gastora.eu\\\/shop\\\/\"},{\"@type\":\"ListItem\",\"position\":3,\"name\":\"Grille de four pour volaille &#8211; 1\\\/1 GN &#8211; 8 pi\u00e8ces\"}]},{\"@type\":\"WebSite\",\"@id\":\"https:\\\/\\\/gastora.eu\\\/#website\",\"url\":\"https:\\\/\\\/gastora.eu\\\/\",\"name\":\"Gastora\",\"description\":\"\u00c9quipements professionnels CHR\",\"publisher\":{\"@id\":\"https:\\\/\\\/gastora.eu\\\/#organization\"},\"potentialAction\":[{\"@type\":\"SearchAction\",\"target\":{\"@type\":\"EntryPoint\",\"urlTemplate\":\"https:\\\/\\\/gastora.eu\\\/?s={search_term_string}\"},\"query-input\":{\"@type\":\"PropertyValueSpecification\",\"valueRequired\":true,\"valueName\":\"search_term_string\"}}],\"inLanguage\":\"en-US\"},{\"@type\":\"Organization\",\"@id\":\"https:\\\/\\\/gastora.eu\\\/#organization\",\"name\":\"Gastora\",\"url\":\"https:\\\/\\\/gastora.eu\\\/\",\"logo\":{\"@type\":\"ImageObject\",\"inLanguage\":\"en-US\",\"@id\":\"https:\\\/\\\/gastora.eu\\\/#\\\/schema\\\/logo\\\/image\\\/\",\"url\":\"https:\\\/\\\/gastora.eu\\\/wp-content\\\/uploads\\\/2025\\\/12\\\/ChatGPT-Image-2-janv.-2026-22_52_47-1.png\",\"contentUrl\":\"https:\\\/\\\/gastora.eu\\\/wp-content\\\/uploads\\\/2025\\\/12\\\/ChatGPT-Image-2-janv.-2026-22_52_47-1.png\",\"width\":1536,\"height\":320,\"caption\":\"Gastora\"},\"image\":{\"@id\":\"https:\\\/\\\/gastora.eu\\\/#\\\/schema\\\/logo\\\/image\\\/\"}}]}<\/script>\n<!-- \/ Yoast SEO plugin. -->","yoast_head_json":{"title":"Grille de four pour volaille - 1\/1 GN - 8 pi\u00e8ces - Gastora","description":"Achetez Grille de four pour volaille - 1\/1 GN - 8 pi\u00e8ces au meilleur prix, fiable et performant avec une livraison rapide","robots":{"index":"index","follow":"follow","max-snippet":"max-snippet:-1","max-image-preview":"max-image-preview:large","max-video-preview":"max-video-preview:-1"},"canonical":"https:\/\/gastora.eu\/en\/product\/grille-de-four-pour-volaille-11-gn-8-pices\/","og_locale":"en_US","og_type":"article","og_title":"Grille de four pour volaille - 1\/1 GN - 8 pi\u00e8ces - Gastora","og_description":"Achetez Grille de four pour volaille - 1\/1 GN - 8 pi\u00e8ces au meilleur prix, fiable et performant avec une livraison rapide","og_url":"https:\/\/gastora.eu\/en\/product\/grille-de-four-pour-volaille-11-gn-8-pices\/","og_site_name":"Gastora","article_modified_time":"2026-04-28T16:57:44+00:00","twitter_card":"summary_large_image","schema":{"@context":"https:\/\/schema.org","@graph":[{"@type":"WebPage","@id":"https:\/\/gastora.eu\/product\/grille-de-four-pour-volaille-11-gn-8-pices\/","url":"https:\/\/gastora.eu\/product\/grille-de-four-pour-volaille-11-gn-8-pices\/","name":"Grille de four pour volaille - 1\/1 GN - 8 pi\u00e8ces - Gastora","isPartOf":{"@id":"https:\/\/gastora.eu\/#website"},"primaryImageOfPage":{"@id":"https:\/\/gastora.eu\/product\/grille-de-four-pour-volaille-11-gn-8-pices\/#primaryimage"},"image":{"@id":"https:\/\/gastora.eu\/product\/grille-de-four-pour-volaille-11-gn-8-pices\/#primaryimage"},"thumbnailUrl":"https:\/\/gastora.eu\/wp-content\/uploads\/2026\/04\/260312_08500303_img_001.jpg","datePublished":"2026-04-26T08:50:26+00:00","dateModified":"2026-04-28T16:57:44+00:00","description":"Achetez Grille de four pour volaille - 1\/1 GN - 8 pi\u00e8ces au meilleur prix, fiable et performant avec une livraison rapide","breadcrumb":{"@id":"https:\/\/gastora.eu\/product\/grille-de-four-pour-volaille-11-gn-8-pices\/#breadcrumb"},"inLanguage":"en-US","potentialAction":[{"@type":"ReadAction","target":["https:\/\/gastora.eu\/product\/grille-de-four-pour-volaille-11-gn-8-pices\/"]}]},{"@type":"ImageObject","inLanguage":"en-US","@id":"https:\/\/gastora.eu\/product\/grille-de-four-pour-volaille-11-gn-8-pices\/#primaryimage","url":"https:\/\/gastora.eu\/wp-content\/uploads\/2026\/04\/260312_08500303_img_001.jpg","contentUrl":"https:\/\/gastora.eu\/wp-content\/uploads\/2026\/04\/260312_08500303_img_001.jpg","width":1200,"height":1200},{"@type":"BreadcrumbList","@id":"https:\/\/gastora.eu\/product\/grille-de-four-pour-volaille-11-gn-8-pices\/#breadcrumb","itemListElement":[{"@type":"ListItem","position":1,"name":"Home","item":"https:\/\/gastora.eu\/"},{"@type":"ListItem","position":2,"name":"Shop","item":"https:\/\/gastora.eu\/shop\/"},{"@type":"ListItem","position":3,"name":"Grille de four pour volaille &#8211; 1\/1 GN &#8211; 8 pi\u00e8ces"}]},{"@type":"WebSite","@id":"https:\/\/gastora.eu\/#website","url":"https:\/\/gastora.eu\/","name":"Gastora","description":"\u00c9quipements professionnels CHR","publisher":{"@id":"https:\/\/gastora.eu\/#organization"},"potentialAction":[{"@type":"SearchAction","target":{"@type":"EntryPoint","urlTemplate":"https:\/\/gastora.eu\/?s={search_term_string}"},"query-input":{"@type":"PropertyValueSpecification","valueRequired":true,"valueName":"search_term_string"}}],"inLanguage":"en-US"},{"@type":"Organization","@id":"https:\/\/gastora.eu\/#organization","name":"Gastora","url":"https:\/\/gastora.eu\/","logo":{"@type":"ImageObject","inLanguage":"en-US","@id":"https:\/\/gastora.eu\/#\/schema\/logo\/image\/","url":"https:\/\/gastora.eu\/wp-content\/uploads\/2025\/12\/ChatGPT-Image-2-janv.-2026-22_52_47-1.png","contentUrl":"https:\/\/gastora.eu\/wp-content\/uploads\/2025\/12\/ChatGPT-Image-2-janv.-2026-22_52_47-1.png","width":1536,"height":320,"caption":"Gastora"},"image":{"@id":"https:\/\/gastora.eu\/#\/schema\/logo\/image\/"}}]}},"jetpack_sharing_enabled":true,"_links":{"self":[{"href":"https:\/\/gastora.eu\/en\/wp-json\/wp\/v2\/product\/15066","targetHints":{"allow":["GET"]}}],"collection":[{"href":"https:\/\/gastora.eu\/en\/wp-json\/wp\/v2\/product"}],"about":[{"href":"https:\/\/gastora.eu\/en\/wp-json\/wp\/v2\/types\/product"}],"wp:featuredmedia":[{"embeddable":true,"href":"https:\/\/gastora.eu\/en\/wp-json\/wp\/v2\/media\/8867"}],"wp:attachment":[{"href":"https:\/\/gastora.eu\/en\/wp-json\/wp\/v2\/media?parent=15066"}],"wp:term":[{"taxonomy":"product_brand","embeddable":true,"href":"https:\/\/gastora.eu\/en\/wp-json\/wp\/v2\/product_brand?post=15066"},{"taxonomy":"product_cat","embeddable":true,"href":"https:\/\/gastora.eu\/en\/wp-json\/wp\/v2\/product_cat?post=15066"},{"taxonomy":"product_tag","embeddable":true,"href":"https:\/\/gastora.eu\/en\/wp-json\/wp\/v2\/product_tag?post=15066"}],"curies":[{"name":"wp","href":"https:\/\/api.w.org\/{rel}","templated":true}]}}