{"id":15063,"date":"2026-04-26T08:50:24","date_gmt":"2026-04-26T08:50:24","guid":{"rendered":"https:\/\/gastora.eu\/?post_type=product&#038;p=15063"},"modified":"2026-04-28T16:57:43","modified_gmt":"2026-04-28T16:57:43","slug":"table-pour-four-vapeur-combin-4610x-11-gn-avec-tagre","status":"publish","type":"product","link":"https:\/\/gastora.eu\/en\/product\/table-pour-four-vapeur-combin-4610x-11-gn-avec-tagre\/","title":{"rendered":"Table pour four \u00e0 vapeur combin\u00e9 4\/6\/10x 1\/1 GN &#8211; avec \u00e9tag\u00e8re"},"content":{"rendered":"<p>Cette table convient pour un four \u00e0 vapeur combin\u00e9 4 x 1\/1 GN, 6 x 1\/1 GN ou 10 x 1\/1 GN avec portes \u00e0 charni\u00e8res. Elle est con\u00e7ue pour supporter et accueillir un four \u00e0 vapeur mixte. La table constitue une plate-forme solide et emp\u00eache le four de basculer ou de se d\u00e9placer pendant l&#8217;utilisation. La table est con\u00e7ue pour \u00eatre \u00e0 une hauteur ergonomique afin de faciliter l&#8217;acc\u00e8s au four. Vous pouvez ainsi charger et d\u00e9charger facilement et sans effort les plateaux, les casseroles et autres r\u00e9cipients de cuisson du four. Elle est \u00e9quip\u00e9e d&#8217;une \u00e9tag\u00e8re pour ranger les produits. Cette table est un accessoire essentiel qui compl\u00e8te la fonctionnalit\u00e9 du four, offrant \u00e0 la fois un support et des caract\u00e9ristiques pratiques pour am\u00e9liorer le processus de cuisson dans les cuisines professionnelles.<\/p>\n<p><strong>Note :<\/strong><br \/>L&#8217;insert de plateau pour cette table (num\u00e9ro d&#8217;article 08500306) n&#8217;est pas inclus dans le produit et doit \u00eatre command\u00e9 s\u00e9par\u00e9ment.<\/p>","protected":false},"excerpt":{"rendered":"<p>Table pour cuiseur \u00e0 vapeur 4\/6\/10x 1\/1 GN &#8211; avec \u00e9tag\u00e8re<\/p>","protected":false},"featured_media":8861,"template":"","meta":{"_acf_changed":false},"product_brand":[],"product_cat":[484],"product_tag":[],"class_list":{"0":"post-15063","1":"product","2":"type-product","3":"status-publish","4":"has-post-thumbnail","6":"product_cat-fours-convection-mixtes-pizza-2","8":"first","9":"instock","10":"sale","11":"taxable","12":"shipping-taxable","13":"purchasable","14":"product-type-simple"},"acf":[],"yoast_head":"<!-- This site is optimized with the Yoast SEO plugin v27.5 - https:\/\/yoast.com\/product\/yoast-seo-wordpress\/ -->\n<title>Table pour four \u00e0 vapeur combin\u00e9 4\/6\/10x 1\/1 GN - avec \u00e9tag\u00e8re - Gastora<\/title>\n<meta name=\"description\" content=\"Achetez Table pour four \u00e0 vapeur combin\u00e9 4\/6\/10x 1\/1 GN - avec \u00e9tag\u00e8re au meilleur prix, fiable et performant avec une livraison rapide\" \/>\n<meta name=\"robots\" content=\"index, follow, max-snippet:-1, max-image-preview:large, max-video-preview:-1\" \/>\n<link rel=\"canonical\" href=\"https:\/\/gastora.eu\/en\/product\/table-pour-four-vapeur-combin-4610x-11-gn-avec-tagre\/\" \/>\n<meta property=\"og:locale\" content=\"en_US\" \/>\n<meta property=\"og:type\" content=\"article\" \/>\n<meta property=\"og:title\" content=\"Table pour four \u00e0 vapeur combin\u00e9 4\/6\/10x 1\/1 GN - avec \u00e9tag\u00e8re - Gastora\" \/>\n<meta property=\"og:description\" content=\"Achetez Table pour four \u00e0 vapeur combin\u00e9 4\/6\/10x 1\/1 GN - avec \u00e9tag\u00e8re au meilleur prix, fiable et performant avec une livraison rapide\" \/>\n<meta property=\"og:url\" content=\"https:\/\/gastora.eu\/en\/product\/table-pour-four-vapeur-combin-4610x-11-gn-avec-tagre\/\" \/>\n<meta property=\"og:site_name\" content=\"Gastora\" \/>\n<meta property=\"article:modified_time\" content=\"2026-04-28T16:57:43+00:00\" \/>\n<meta name=\"twitter:card\" content=\"summary_large_image\" \/>\n<meta name=\"twitter:label1\" content=\"Est. reading time\" \/>\n\t<meta name=\"twitter:data1\" content=\"1 minute\" \/>\n<script type=\"application\/ld+json\" class=\"yoast-schema-graph\">{\"@context\":\"https:\\\/\\\/schema.org\",\"@graph\":[{\"@type\":\"WebPage\",\"@id\":\"https:\\\/\\\/gastora.eu\\\/product\\\/table-pour-four-vapeur-combin-4610x-11-gn-avec-tagre\\\/\",\"url\":\"https:\\\/\\\/gastora.eu\\\/product\\\/table-pour-four-vapeur-combin-4610x-11-gn-avec-tagre\\\/\",\"name\":\"Table pour four \u00e0 vapeur combin\u00e9 4\\\/6\\\/10x 1\\\/1 GN - avec \u00e9tag\u00e8re - Gastora\",\"isPartOf\":{\"@id\":\"https:\\\/\\\/gastora.eu\\\/#website\"},\"primaryImageOfPage\":{\"@id\":\"https:\\\/\\\/gastora.eu\\\/product\\\/table-pour-four-vapeur-combin-4610x-11-gn-avec-tagre\\\/#primaryimage\"},\"image\":{\"@id\":\"https:\\\/\\\/gastora.eu\\\/product\\\/table-pour-four-vapeur-combin-4610x-11-gn-avec-tagre\\\/#primaryimage\"},\"thumbnailUrl\":\"https:\\\/\\\/gastora.eu\\\/wp-content\\\/uploads\\\/2026\\\/04\\\/250520_08500300_08500306_img_018.jpg\",\"datePublished\":\"2026-04-26T08:50:24+00:00\",\"dateModified\":\"2026-04-28T16:57:43+00:00\",\"description\":\"Achetez Table pour four \u00e0 vapeur combin\u00e9 4\\\/6\\\/10x 1\\\/1 GN - avec \u00e9tag\u00e8re au meilleur prix, fiable et performant avec une livraison rapide\",\"breadcrumb\":{\"@id\":\"https:\\\/\\\/gastora.eu\\\/product\\\/table-pour-four-vapeur-combin-4610x-11-gn-avec-tagre\\\/#breadcrumb\"},\"inLanguage\":\"en-US\",\"potentialAction\":[{\"@type\":\"ReadAction\",\"target\":[\"https:\\\/\\\/gastora.eu\\\/product\\\/table-pour-four-vapeur-combin-4610x-11-gn-avec-tagre\\\/\"]}]},{\"@type\":\"ImageObject\",\"inLanguage\":\"en-US\",\"@id\":\"https:\\\/\\\/gastora.eu\\\/product\\\/table-pour-four-vapeur-combin-4610x-11-gn-avec-tagre\\\/#primaryimage\",\"url\":\"https:\\\/\\\/gastora.eu\\\/wp-content\\\/uploads\\\/2026\\\/04\\\/250520_08500300_08500306_img_018.jpg\",\"contentUrl\":\"https:\\\/\\\/gastora.eu\\\/wp-content\\\/uploads\\\/2026\\\/04\\\/250520_08500300_08500306_img_018.jpg\",\"width\":1200,\"height\":1200},{\"@type\":\"BreadcrumbList\",\"@id\":\"https:\\\/\\\/gastora.eu\\\/product\\\/table-pour-four-vapeur-combin-4610x-11-gn-avec-tagre\\\/#breadcrumb\",\"itemListElement\":[{\"@type\":\"ListItem\",\"position\":1,\"name\":\"Home\",\"item\":\"https:\\\/\\\/gastora.eu\\\/\"},{\"@type\":\"ListItem\",\"position\":2,\"name\":\"Shop\",\"item\":\"https:\\\/\\\/gastora.eu\\\/shop\\\/\"},{\"@type\":\"ListItem\",\"position\":3,\"name\":\"Table pour four \u00e0 vapeur combin\u00e9 4\\\/6\\\/10x 1\\\/1 GN &#8211; avec \u00e9tag\u00e8re\"}]},{\"@type\":\"WebSite\",\"@id\":\"https:\\\/\\\/gastora.eu\\\/#website\",\"url\":\"https:\\\/\\\/gastora.eu\\\/\",\"name\":\"Gastora\",\"description\":\"\u00c9quipements professionnels CHR\",\"publisher\":{\"@id\":\"https:\\\/\\\/gastora.eu\\\/#organization\"},\"potentialAction\":[{\"@type\":\"SearchAction\",\"target\":{\"@type\":\"EntryPoint\",\"urlTemplate\":\"https:\\\/\\\/gastora.eu\\\/?s={search_term_string}\"},\"query-input\":{\"@type\":\"PropertyValueSpecification\",\"valueRequired\":true,\"valueName\":\"search_term_string\"}}],\"inLanguage\":\"en-US\"},{\"@type\":\"Organization\",\"@id\":\"https:\\\/\\\/gastora.eu\\\/#organization\",\"name\":\"Gastora\",\"url\":\"https:\\\/\\\/gastora.eu\\\/\",\"logo\":{\"@type\":\"ImageObject\",\"inLanguage\":\"en-US\",\"@id\":\"https:\\\/\\\/gastora.eu\\\/#\\\/schema\\\/logo\\\/image\\\/\",\"url\":\"https:\\\/\\\/gastora.eu\\\/wp-content\\\/uploads\\\/2025\\\/12\\\/ChatGPT-Image-2-janv.-2026-22_52_47-1.png\",\"contentUrl\":\"https:\\\/\\\/gastora.eu\\\/wp-content\\\/uploads\\\/2025\\\/12\\\/ChatGPT-Image-2-janv.-2026-22_52_47-1.png\",\"width\":1536,\"height\":320,\"caption\":\"Gastora\"},\"image\":{\"@id\":\"https:\\\/\\\/gastora.eu\\\/#\\\/schema\\\/logo\\\/image\\\/\"}}]}<\/script>\n<!-- \/ Yoast SEO plugin. -->","yoast_head_json":{"title":"Table pour four \u00e0 vapeur combin\u00e9 4\/6\/10x 1\/1 GN - avec \u00e9tag\u00e8re - Gastora","description":"Achetez Table pour four \u00e0 vapeur combin\u00e9 4\/6\/10x 1\/1 GN - avec \u00e9tag\u00e8re au meilleur prix, fiable et performant avec une livraison rapide","robots":{"index":"index","follow":"follow","max-snippet":"max-snippet:-1","max-image-preview":"max-image-preview:large","max-video-preview":"max-video-preview:-1"},"canonical":"https:\/\/gastora.eu\/en\/product\/table-pour-four-vapeur-combin-4610x-11-gn-avec-tagre\/","og_locale":"en_US","og_type":"article","og_title":"Table pour four \u00e0 vapeur combin\u00e9 4\/6\/10x 1\/1 GN - avec \u00e9tag\u00e8re - Gastora","og_description":"Achetez Table pour four \u00e0 vapeur combin\u00e9 4\/6\/10x 1\/1 GN - avec \u00e9tag\u00e8re au meilleur prix, fiable et performant avec une livraison rapide","og_url":"https:\/\/gastora.eu\/en\/product\/table-pour-four-vapeur-combin-4610x-11-gn-avec-tagre\/","og_site_name":"Gastora","article_modified_time":"2026-04-28T16:57:43+00:00","twitter_card":"summary_large_image","twitter_misc":{"Est. reading time":"1 minute"},"schema":{"@context":"https:\/\/schema.org","@graph":[{"@type":"WebPage","@id":"https:\/\/gastora.eu\/product\/table-pour-four-vapeur-combin-4610x-11-gn-avec-tagre\/","url":"https:\/\/gastora.eu\/product\/table-pour-four-vapeur-combin-4610x-11-gn-avec-tagre\/","name":"Table pour four \u00e0 vapeur combin\u00e9 4\/6\/10x 1\/1 GN - avec \u00e9tag\u00e8re - Gastora","isPartOf":{"@id":"https:\/\/gastora.eu\/#website"},"primaryImageOfPage":{"@id":"https:\/\/gastora.eu\/product\/table-pour-four-vapeur-combin-4610x-11-gn-avec-tagre\/#primaryimage"},"image":{"@id":"https:\/\/gastora.eu\/product\/table-pour-four-vapeur-combin-4610x-11-gn-avec-tagre\/#primaryimage"},"thumbnailUrl":"https:\/\/gastora.eu\/wp-content\/uploads\/2026\/04\/250520_08500300_08500306_img_018.jpg","datePublished":"2026-04-26T08:50:24+00:00","dateModified":"2026-04-28T16:57:43+00:00","description":"Achetez Table pour four \u00e0 vapeur combin\u00e9 4\/6\/10x 1\/1 GN - avec \u00e9tag\u00e8re au meilleur prix, fiable et performant avec une livraison rapide","breadcrumb":{"@id":"https:\/\/gastora.eu\/product\/table-pour-four-vapeur-combin-4610x-11-gn-avec-tagre\/#breadcrumb"},"inLanguage":"en-US","potentialAction":[{"@type":"ReadAction","target":["https:\/\/gastora.eu\/product\/table-pour-four-vapeur-combin-4610x-11-gn-avec-tagre\/"]}]},{"@type":"ImageObject","inLanguage":"en-US","@id":"https:\/\/gastora.eu\/product\/table-pour-four-vapeur-combin-4610x-11-gn-avec-tagre\/#primaryimage","url":"https:\/\/gastora.eu\/wp-content\/uploads\/2026\/04\/250520_08500300_08500306_img_018.jpg","contentUrl":"https:\/\/gastora.eu\/wp-content\/uploads\/2026\/04\/250520_08500300_08500306_img_018.jpg","width":1200,"height":1200},{"@type":"BreadcrumbList","@id":"https:\/\/gastora.eu\/product\/table-pour-four-vapeur-combin-4610x-11-gn-avec-tagre\/#breadcrumb","itemListElement":[{"@type":"ListItem","position":1,"name":"Home","item":"https:\/\/gastora.eu\/"},{"@type":"ListItem","position":2,"name":"Shop","item":"https:\/\/gastora.eu\/shop\/"},{"@type":"ListItem","position":3,"name":"Table pour four \u00e0 vapeur combin\u00e9 4\/6\/10x 1\/1 GN &#8211; avec \u00e9tag\u00e8re"}]},{"@type":"WebSite","@id":"https:\/\/gastora.eu\/#website","url":"https:\/\/gastora.eu\/","name":"Gastora","description":"\u00c9quipements professionnels CHR","publisher":{"@id":"https:\/\/gastora.eu\/#organization"},"potentialAction":[{"@type":"SearchAction","target":{"@type":"EntryPoint","urlTemplate":"https:\/\/gastora.eu\/?s={search_term_string}"},"query-input":{"@type":"PropertyValueSpecification","valueRequired":true,"valueName":"search_term_string"}}],"inLanguage":"en-US"},{"@type":"Organization","@id":"https:\/\/gastora.eu\/#organization","name":"Gastora","url":"https:\/\/gastora.eu\/","logo":{"@type":"ImageObject","inLanguage":"en-US","@id":"https:\/\/gastora.eu\/#\/schema\/logo\/image\/","url":"https:\/\/gastora.eu\/wp-content\/uploads\/2025\/12\/ChatGPT-Image-2-janv.-2026-22_52_47-1.png","contentUrl":"https:\/\/gastora.eu\/wp-content\/uploads\/2025\/12\/ChatGPT-Image-2-janv.-2026-22_52_47-1.png","width":1536,"height":320,"caption":"Gastora"},"image":{"@id":"https:\/\/gastora.eu\/#\/schema\/logo\/image\/"}}]}},"jetpack_sharing_enabled":true,"_links":{"self":[{"href":"https:\/\/gastora.eu\/en\/wp-json\/wp\/v2\/product\/15063","targetHints":{"allow":["GET"]}}],"collection":[{"href":"https:\/\/gastora.eu\/en\/wp-json\/wp\/v2\/product"}],"about":[{"href":"https:\/\/gastora.eu\/en\/wp-json\/wp\/v2\/types\/product"}],"wp:featuredmedia":[{"embeddable":true,"href":"https:\/\/gastora.eu\/en\/wp-json\/wp\/v2\/media\/8861"}],"wp:attachment":[{"href":"https:\/\/gastora.eu\/en\/wp-json\/wp\/v2\/media?parent=15063"}],"wp:term":[{"taxonomy":"product_brand","embeddable":true,"href":"https:\/\/gastora.eu\/en\/wp-json\/wp\/v2\/product_brand?post=15063"},{"taxonomy":"product_cat","embeddable":true,"href":"https:\/\/gastora.eu\/en\/wp-json\/wp\/v2\/product_cat?post=15063"},{"taxonomy":"product_tag","embeddable":true,"href":"https:\/\/gastora.eu\/en\/wp-json\/wp\/v2\/product_tag?post=15063"}],"curies":[{"name":"wp","href":"https:\/\/api.w.org\/{rel}","templated":true}]}}