{"id":15056,"date":"2026-04-26T08:50:13","date_gmt":"2026-04-26T08:50:13","guid":{"rendered":"https:\/\/gastora.eu\/?post_type=product&#038;p=15056"},"modified":"2026-04-28T16:57:42","modified_gmt":"2026-04-28T16:57:42","slug":"rfrigrateur-de-comptoir-223-cm-4-portes-vitres","status":"publish","type":"product","link":"https:\/\/gastora.eu\/en\/product\/rfrigrateur-de-comptoir-223-cm-4-portes-vitres\/","title":{"rendered":"R\u00e9frig\u00e9rateur de comptoir &#8211; 223 cm &#8211; 4 portes vitr\u00e9es"},"content":{"rendered":"<p>Ce r\u00e9frig\u00e9rateur de comptoir peut stocker une grande quantit\u00e9 de produits r\u00e9frig\u00e9r\u00e9s. Ce r\u00e9frig\u00e9rateur dispose d&#8217;un plan de travail spacieux d&#8217;une largeur de 223 cm et d&#8217;une profondeur de 70 cm. Il y a suffisamment de place pour que deux ou trois personnes puissent travailler \u00e0 la pr\u00e9paration ou \u00e0 l&#8217;assemblage de beaux plats. De plus, les produits peuvent \u00eatre facilement r\u00e9cup\u00e9r\u00e9s dans l&#8217;unit\u00e9 de refroidissement situ\u00e9e sous le plan de travail.<\/p>\n<h3>R\u00e9frig\u00e9rateur de comptoir spacieux<\/h3>\n<p>Il s&#8217;agit du plus grand r\u00e9frig\u00e9rateur de comptoir de la gamme Maxima, avec pas moins de quatre portes et un compartiment compresseur verrouillable. Le r\u00e9frig\u00e9rateur de comptoir est \u00e9quip\u00e9 de six roues, avec des freins sur les roues avant. Il est donc facile \u00e0 d\u00e9placer. Les quatre portes vitr\u00e9es sont dot\u00e9es de poign\u00e9es robustes et de joints de porte chauffants pour \u00e9viter le gel. Les portes se ferment automatiquement gr\u00e2ce aux joints de porte magn\u00e9tiques, ce qui garantit que l&#8217;air froid n&#8217;est pas perdu lorsque la porte n&#8217;est pas correctement ferm\u00e9e. Vous pouvez \u00e9galement voir facilement o\u00f9 sont rang\u00e9s vos articles, ce qui vous \u00e9vite d&#8217;ouvrir les portes inutilement. Lorsque vous avez besoin de commander des ingr\u00e9dients, vous pouvez voir rapidement le niveau de vos stocks.<\/p>\n<h3>Cycle de d\u00e9givrage automatique<\/h3>\n<p>Ce r\u00e9frig\u00e9rateur de comptoir est \u00e9quip\u00e9 d&#8217;un cycle de d\u00e9givrage automatique qui d\u00e9marre toutes les six heures. Ce cycle emp\u00eache la formation de glace et garantit un refroidissement efficace de votre r\u00e9frig\u00e9rateur de comptoir. Il est dot\u00e9 d&#8217;un syst\u00e8me de refroidissement ventil\u00e9 o\u00f9 l&#8217;air froid circule et refroidit les aliments. Les parois ont une \u00e9paisseur d&#8217;isolation de 6 cm, ce qui permet \u00e0 la table de travail de continuer \u00e0 refroidir efficacement m\u00eame \u00e0 des temp\u00e9ratures ambiantes allant jusqu&#8217;\u00e0 43\u00b0C. La temp\u00e9rature peut \u00eatre lue sur un \u00e9cran num\u00e9rique et r\u00e9gl\u00e9e \u00e0 l&#8217;aide des touches fl\u00e9ch\u00e9es, avec une plage comprise entre 2 et 10\u00b0C.<\/p>\n<h3>Int\u00e9rieur du r\u00e9frig\u00e9rateur de comptoir<\/h3>\n<p>L&#8217;int\u00e9rieur du r\u00e9frig\u00e9rateur de comptoir est \u00e9quip\u00e9 d&#8217;un \u00e9clairage LED, qui peut \u00eatre allum\u00e9 ou \u00e9teint selon les besoins. L&#8217;appareil est livr\u00e9 avec quatre grilles de 1\/1 GN. La conception des grilles et le bord sur\u00e9lev\u00e9 \u00e0 l&#8217;arri\u00e8re permettent une bonne circulation de l&#8217;air. Le bord sur\u00e9lev\u00e9 emp\u00eache les aliments de tomber ou de coller \u00e0 la paroi arri\u00e8re. Les grilles sont install\u00e9es sur des guides r\u00e9glables, dont la hauteur peut \u00eatre ajust\u00e9e par incr\u00e9ments de 5 cm, ce qui permet d&#8217;obtenir la disposition la plus efficace. Vous pouvez \u00e9galement ajouter des bacs Gastronorm 1\/1, id\u00e9aux pour les ingr\u00e9dients en vrac ou les plats pr\u00e9par\u00e9s. Ce r\u00e9frig\u00e9rateur de comptoir est tr\u00e8s flexible en termes d&#8217;agencement. Vous pouvez commander des grilles suppl\u00e9mentaires ou des bacs GN de diff\u00e9rentes tailles avec des guides s\u00e9par\u00e9s sur notre site web.<\/p>\n<h3>Nettoyage du r\u00e9frig\u00e9rateur de comptoir<\/h3>\n<p>La construction en acier inoxydable et les coins arrondis rendent ce r\u00e9frig\u00e9rateur de comptoir facile \u00e0 nettoyer. \u00c9teignez le r\u00e9frig\u00e9rateur de comptoir et d\u00e9branchez-le. Retirez les produits, les grilles et les r\u00e9cipients GN et nettoyez l&#8217;int\u00e9rieur et les joints de porte avec de l&#8217;eau chaude et un produit de nettoyage doux. N&#8217;utilisez pas de tampon \u00e0 r\u00e9curer, mais uniquement un chiffon doux pour le nettoyage. Une fois l&#8217;int\u00e9rieur nettoy\u00e9, nettoyez les grilles et les r\u00e9cipients GN et replacez-les dans l&#8217;appareil. L&#8217;ext\u00e9rieur peut \u00eatre nettoy\u00e9 avec un chiffon doux et humide. Apr\u00e8s le nettoyage, vous pouvez remettre le r\u00e9frig\u00e9rateur de comptoir en marche et le r\u00e9approvisionner.<\/p>\n<p>Vous cherchez une solution \u00e9l\u00e9gante pour conserver des produits r\u00e9frig\u00e9r\u00e9s sans encombrer l&#8217;espace ? Optez pour ce r\u00e9frig\u00e9rateur de comptoir \u00e0 double fonction : plan de travail et chambre froide. Cet \u00e9tabli est trop grand pour votre cuisine ? Consultez nos autres mod\u00e8les ou demandez conseil \u00e0 nos sp\u00e9cialistes. Ils se feront un plaisir de vous aider.<\/p>\n<p><strong>Caract\u00e9ristiques<\/strong><\/p>\n<ul>\n<li>Temp\u00e9rature ambiante maximale de 43\u00b0C<\/li>\n<li>Isolation protectrice compacte de 6 cm<\/li>\n<li>Cycle de refroidissement sp\u00e9cialis\u00e9 pour r\u00e9duire la formation de glace<\/li>\n<li>Plage de temp\u00e9rature de 2 \u00e0 10\u00b0C<\/li>\n<li>Contr\u00f4le num\u00e9rique de la temp\u00e9rature (Dixell)<\/li>\n<\/ul>\n<p><strong>Caract\u00e9ristiques du produit<\/strong><\/p>\n<ul>\n<li>Poids net : 154 kg<\/li>\n<li>Dimensions ext\u00e9rieures : L223 x P70 x H86cm<\/li>\n<li>Dimensions int\u00e9rieures : L167 x P57 x H56cm<\/li>\n<li>230V \/ 50Hz \/ 1 Phase 345W<\/li>\n<\/ul>\n<p><em>Comprend<\/em><\/p>\n<ul>\n<li><em>4 \u00e9tag\u00e8res avec guides 53 x 33,5cm<\/em><\/li>\n<\/ul>","protected":false},"excerpt":{"rendered":"<p>Ce plan de travail r\u00e9frig\u00e9r\u00e9 spacieux a une capacit\u00e9 nette de 750 litres et quatre portes en verre, ce qui vous donne suffisamment d&#8217;espace pour ranger soigneusement tous vos ingr\u00e9dients. Le r\u00e9frig\u00e9rateur de comptoir est livr\u00e9 avec quatre grilles r\u00e9glables en hauteur et vous pouvez \u00e9galement ajouter d&#8217;autres grilles et r\u00e9cipients GN.<\/p>","protected":false},"featured_media":8847,"template":"","meta":{"_acf_changed":false},"product_brand":[],"product_cat":[474],"product_tag":[],"class_list":{"0":"post-15056","1":"product","2":"type-product","3":"status-publish","4":"has-post-thumbnail","6":"product_cat-armoires-refrigerees-positif-negatif-2","8":"first","9":"instock","10":"sale","11":"taxable","12":"shipping-taxable","13":"purchasable","14":"product-type-simple"},"acf":[],"yoast_head":"<!-- This site is optimized with the Yoast SEO plugin v27.5 - https:\/\/yoast.com\/product\/yoast-seo-wordpress\/ -->\n<title>R\u00e9frig\u00e9rateur de comptoir - 223 cm - 4 portes vitr\u00e9es - Gastora<\/title>\n<meta name=\"description\" content=\"Achetez R\u00e9frig\u00e9rateur de comptoir - 223 cm - 4 portes vitr\u00e9es au meilleur prix, fiable et performant avec une livraison rapide\" \/>\n<meta name=\"robots\" content=\"index, follow, max-snippet:-1, max-image-preview:large, max-video-preview:-1\" \/>\n<link rel=\"canonical\" href=\"https:\/\/gastora.eu\/en\/product\/rfrigrateur-de-comptoir-223-cm-4-portes-vitres\/\" \/>\n<meta property=\"og:locale\" content=\"en_US\" \/>\n<meta property=\"og:type\" content=\"article\" \/>\n<meta property=\"og:title\" content=\"R\u00e9frig\u00e9rateur de comptoir - 223 cm - 4 portes vitr\u00e9es - Gastora\" \/>\n<meta property=\"og:description\" content=\"Achetez R\u00e9frig\u00e9rateur de comptoir - 223 cm - 4 portes vitr\u00e9es au meilleur prix, fiable et performant avec une livraison rapide\" \/>\n<meta property=\"og:url\" content=\"https:\/\/gastora.eu\/en\/product\/rfrigrateur-de-comptoir-223-cm-4-portes-vitres\/\" \/>\n<meta property=\"og:site_name\" content=\"Gastora\" \/>\n<meta property=\"article:modified_time\" content=\"2026-04-28T16:57:42+00:00\" \/>\n<meta name=\"twitter:card\" content=\"summary_large_image\" \/>\n<meta name=\"twitter:label1\" content=\"Est. reading time\" \/>\n\t<meta name=\"twitter:data1\" content=\"4 minutes\" \/>\n<script type=\"application\/ld+json\" class=\"yoast-schema-graph\">{\"@context\":\"https:\\\/\\\/schema.org\",\"@graph\":[{\"@type\":\"WebPage\",\"@id\":\"https:\\\/\\\/gastora.eu\\\/product\\\/rfrigrateur-de-comptoir-223-cm-4-portes-vitres\\\/\",\"url\":\"https:\\\/\\\/gastora.eu\\\/product\\\/rfrigrateur-de-comptoir-223-cm-4-portes-vitres\\\/\",\"name\":\"R\u00e9frig\u00e9rateur de comptoir - 223 cm - 4 portes vitr\u00e9es - Gastora\",\"isPartOf\":{\"@id\":\"https:\\\/\\\/gastora.eu\\\/#website\"},\"primaryImageOfPage\":{\"@id\":\"https:\\\/\\\/gastora.eu\\\/product\\\/rfrigrateur-de-comptoir-223-cm-4-portes-vitres\\\/#primaryimage\"},\"image\":{\"@id\":\"https:\\\/\\\/gastora.eu\\\/product\\\/rfrigrateur-de-comptoir-223-cm-4-portes-vitres\\\/#primaryimage\"},\"thumbnailUrl\":\"https:\\\/\\\/gastora.eu\\\/wp-content\\\/uploads\\\/2026\\\/04\\\/250825_09400409_img_001.jpg\",\"datePublished\":\"2026-04-26T08:50:13+00:00\",\"dateModified\":\"2026-04-28T16:57:42+00:00\",\"description\":\"Achetez R\u00e9frig\u00e9rateur de comptoir - 223 cm - 4 portes vitr\u00e9es au meilleur prix, fiable et performant avec une livraison rapide\",\"breadcrumb\":{\"@id\":\"https:\\\/\\\/gastora.eu\\\/product\\\/rfrigrateur-de-comptoir-223-cm-4-portes-vitres\\\/#breadcrumb\"},\"inLanguage\":\"en-US\",\"potentialAction\":[{\"@type\":\"ReadAction\",\"target\":[\"https:\\\/\\\/gastora.eu\\\/product\\\/rfrigrateur-de-comptoir-223-cm-4-portes-vitres\\\/\"]}]},{\"@type\":\"ImageObject\",\"inLanguage\":\"en-US\",\"@id\":\"https:\\\/\\\/gastora.eu\\\/product\\\/rfrigrateur-de-comptoir-223-cm-4-portes-vitres\\\/#primaryimage\",\"url\":\"https:\\\/\\\/gastora.eu\\\/wp-content\\\/uploads\\\/2026\\\/04\\\/250825_09400409_img_001.jpg\",\"contentUrl\":\"https:\\\/\\\/gastora.eu\\\/wp-content\\\/uploads\\\/2026\\\/04\\\/250825_09400409_img_001.jpg\",\"width\":1200,\"height\":1200},{\"@type\":\"BreadcrumbList\",\"@id\":\"https:\\\/\\\/gastora.eu\\\/product\\\/rfrigrateur-de-comptoir-223-cm-4-portes-vitres\\\/#breadcrumb\",\"itemListElement\":[{\"@type\":\"ListItem\",\"position\":1,\"name\":\"Home\",\"item\":\"https:\\\/\\\/gastora.eu\\\/\"},{\"@type\":\"ListItem\",\"position\":2,\"name\":\"Shop\",\"item\":\"https:\\\/\\\/gastora.eu\\\/shop\\\/\"},{\"@type\":\"ListItem\",\"position\":3,\"name\":\"R\u00e9frig\u00e9rateur de comptoir &#8211; 223 cm &#8211; 4 portes vitr\u00e9es\"}]},{\"@type\":\"WebSite\",\"@id\":\"https:\\\/\\\/gastora.eu\\\/#website\",\"url\":\"https:\\\/\\\/gastora.eu\\\/\",\"name\":\"Gastora\",\"description\":\"\u00c9quipements professionnels CHR\",\"publisher\":{\"@id\":\"https:\\\/\\\/gastora.eu\\\/#organization\"},\"potentialAction\":[{\"@type\":\"SearchAction\",\"target\":{\"@type\":\"EntryPoint\",\"urlTemplate\":\"https:\\\/\\\/gastora.eu\\\/?s={search_term_string}\"},\"query-input\":{\"@type\":\"PropertyValueSpecification\",\"valueRequired\":true,\"valueName\":\"search_term_string\"}}],\"inLanguage\":\"en-US\"},{\"@type\":\"Organization\",\"@id\":\"https:\\\/\\\/gastora.eu\\\/#organization\",\"name\":\"Gastora\",\"url\":\"https:\\\/\\\/gastora.eu\\\/\",\"logo\":{\"@type\":\"ImageObject\",\"inLanguage\":\"en-US\",\"@id\":\"https:\\\/\\\/gastora.eu\\\/#\\\/schema\\\/logo\\\/image\\\/\",\"url\":\"https:\\\/\\\/gastora.eu\\\/wp-content\\\/uploads\\\/2025\\\/12\\\/ChatGPT-Image-2-janv.-2026-22_52_47-1.png\",\"contentUrl\":\"https:\\\/\\\/gastora.eu\\\/wp-content\\\/uploads\\\/2025\\\/12\\\/ChatGPT-Image-2-janv.-2026-22_52_47-1.png\",\"width\":1536,\"height\":320,\"caption\":\"Gastora\"},\"image\":{\"@id\":\"https:\\\/\\\/gastora.eu\\\/#\\\/schema\\\/logo\\\/image\\\/\"}}]}<\/script>\n<!-- \/ Yoast SEO plugin. -->","yoast_head_json":{"title":"R\u00e9frig\u00e9rateur de comptoir - 223 cm - 4 portes vitr\u00e9es - Gastora","description":"Achetez R\u00e9frig\u00e9rateur de comptoir - 223 cm - 4 portes vitr\u00e9es au meilleur prix, fiable et performant avec une livraison rapide","robots":{"index":"index","follow":"follow","max-snippet":"max-snippet:-1","max-image-preview":"max-image-preview:large","max-video-preview":"max-video-preview:-1"},"canonical":"https:\/\/gastora.eu\/en\/product\/rfrigrateur-de-comptoir-223-cm-4-portes-vitres\/","og_locale":"en_US","og_type":"article","og_title":"R\u00e9frig\u00e9rateur de comptoir - 223 cm - 4 portes vitr\u00e9es - Gastora","og_description":"Achetez R\u00e9frig\u00e9rateur de comptoir - 223 cm - 4 portes vitr\u00e9es au meilleur prix, fiable et performant avec une livraison rapide","og_url":"https:\/\/gastora.eu\/en\/product\/rfrigrateur-de-comptoir-223-cm-4-portes-vitres\/","og_site_name":"Gastora","article_modified_time":"2026-04-28T16:57:42+00:00","twitter_card":"summary_large_image","twitter_misc":{"Est. reading time":"4 minutes"},"schema":{"@context":"https:\/\/schema.org","@graph":[{"@type":"WebPage","@id":"https:\/\/gastora.eu\/product\/rfrigrateur-de-comptoir-223-cm-4-portes-vitres\/","url":"https:\/\/gastora.eu\/product\/rfrigrateur-de-comptoir-223-cm-4-portes-vitres\/","name":"R\u00e9frig\u00e9rateur de comptoir - 223 cm - 4 portes vitr\u00e9es - Gastora","isPartOf":{"@id":"https:\/\/gastora.eu\/#website"},"primaryImageOfPage":{"@id":"https:\/\/gastora.eu\/product\/rfrigrateur-de-comptoir-223-cm-4-portes-vitres\/#primaryimage"},"image":{"@id":"https:\/\/gastora.eu\/product\/rfrigrateur-de-comptoir-223-cm-4-portes-vitres\/#primaryimage"},"thumbnailUrl":"https:\/\/gastora.eu\/wp-content\/uploads\/2026\/04\/250825_09400409_img_001.jpg","datePublished":"2026-04-26T08:50:13+00:00","dateModified":"2026-04-28T16:57:42+00:00","description":"Achetez R\u00e9frig\u00e9rateur de comptoir - 223 cm - 4 portes vitr\u00e9es au meilleur prix, fiable et performant avec une livraison rapide","breadcrumb":{"@id":"https:\/\/gastora.eu\/product\/rfrigrateur-de-comptoir-223-cm-4-portes-vitres\/#breadcrumb"},"inLanguage":"en-US","potentialAction":[{"@type":"ReadAction","target":["https:\/\/gastora.eu\/product\/rfrigrateur-de-comptoir-223-cm-4-portes-vitres\/"]}]},{"@type":"ImageObject","inLanguage":"en-US","@id":"https:\/\/gastora.eu\/product\/rfrigrateur-de-comptoir-223-cm-4-portes-vitres\/#primaryimage","url":"https:\/\/gastora.eu\/wp-content\/uploads\/2026\/04\/250825_09400409_img_001.jpg","contentUrl":"https:\/\/gastora.eu\/wp-content\/uploads\/2026\/04\/250825_09400409_img_001.jpg","width":1200,"height":1200},{"@type":"BreadcrumbList","@id":"https:\/\/gastora.eu\/product\/rfrigrateur-de-comptoir-223-cm-4-portes-vitres\/#breadcrumb","itemListElement":[{"@type":"ListItem","position":1,"name":"Home","item":"https:\/\/gastora.eu\/"},{"@type":"ListItem","position":2,"name":"Shop","item":"https:\/\/gastora.eu\/shop\/"},{"@type":"ListItem","position":3,"name":"R\u00e9frig\u00e9rateur de comptoir &#8211; 223 cm &#8211; 4 portes vitr\u00e9es"}]},{"@type":"WebSite","@id":"https:\/\/gastora.eu\/#website","url":"https:\/\/gastora.eu\/","name":"Gastora","description":"\u00c9quipements professionnels CHR","publisher":{"@id":"https:\/\/gastora.eu\/#organization"},"potentialAction":[{"@type":"SearchAction","target":{"@type":"EntryPoint","urlTemplate":"https:\/\/gastora.eu\/?s={search_term_string}"},"query-input":{"@type":"PropertyValueSpecification","valueRequired":true,"valueName":"search_term_string"}}],"inLanguage":"en-US"},{"@type":"Organization","@id":"https:\/\/gastora.eu\/#organization","name":"Gastora","url":"https:\/\/gastora.eu\/","logo":{"@type":"ImageObject","inLanguage":"en-US","@id":"https:\/\/gastora.eu\/#\/schema\/logo\/image\/","url":"https:\/\/gastora.eu\/wp-content\/uploads\/2025\/12\/ChatGPT-Image-2-janv.-2026-22_52_47-1.png","contentUrl":"https:\/\/gastora.eu\/wp-content\/uploads\/2025\/12\/ChatGPT-Image-2-janv.-2026-22_52_47-1.png","width":1536,"height":320,"caption":"Gastora"},"image":{"@id":"https:\/\/gastora.eu\/#\/schema\/logo\/image\/"}}]}},"jetpack_sharing_enabled":true,"_links":{"self":[{"href":"https:\/\/gastora.eu\/en\/wp-json\/wp\/v2\/product\/15056","targetHints":{"allow":["GET"]}}],"collection":[{"href":"https:\/\/gastora.eu\/en\/wp-json\/wp\/v2\/product"}],"about":[{"href":"https:\/\/gastora.eu\/en\/wp-json\/wp\/v2\/types\/product"}],"wp:featuredmedia":[{"embeddable":true,"href":"https:\/\/gastora.eu\/en\/wp-json\/wp\/v2\/media\/8847"}],"wp:attachment":[{"href":"https:\/\/gastora.eu\/en\/wp-json\/wp\/v2\/media?parent=15056"}],"wp:term":[{"taxonomy":"product_brand","embeddable":true,"href":"https:\/\/gastora.eu\/en\/wp-json\/wp\/v2\/product_brand?post=15056"},{"taxonomy":"product_cat","embeddable":true,"href":"https:\/\/gastora.eu\/en\/wp-json\/wp\/v2\/product_cat?post=15056"},{"taxonomy":"product_tag","embeddable":true,"href":"https:\/\/gastora.eu\/en\/wp-json\/wp\/v2\/product_tag?post=15056"}],"curies":[{"name":"wp","href":"https:\/\/api.w.org\/{rel}","templated":true}]}}