{"id":15055,"date":"2026-04-26T08:50:12","date_gmt":"2026-04-26T08:50:12","guid":{"rendered":"https:\/\/gastora.eu\/?post_type=product&#038;p=15055"},"modified":"2026-04-28T16:57:42","modified_gmt":"2026-04-28T16:57:42","slug":"rfrigrateur-de-comptoir-223-cm-4-portes","status":"publish","type":"product","link":"https:\/\/gastora.eu\/en\/product\/rfrigrateur-de-comptoir-223-cm-4-portes\/","title":{"rendered":"R\u00e9frig\u00e9rateur de comptoir &#8211; 223 cm &#8211; 4 portes"},"content":{"rendered":"<p>Si vous \u00eates \u00e0 la recherche d&#8217;un r\u00e9frig\u00e9rateur de comptoir polyvalent que vous pouvez enti\u00e8rement personnaliser, cet \u00e9tabli r\u00e9frig\u00e9r\u00e9 pourrait \u00eatre votre solution. Avec une capacit\u00e9 de 553 litres, il est incroyablement spacieux et offre donc beaucoup d&#8217;espace pour stocker vos produits r\u00e9frig\u00e9r\u00e9s.<\/p>\n<h3>R\u00e9frig\u00e9rateur de comptoir modulaire<\/h3>\n<p>Ce r\u00e9frig\u00e9rateur de comptoir est dot\u00e9 de quatre portes en acier inoxydable et de quatre grilles compl\u00e8tes avec guides. Les grilles ont un format GN 1\/1 et sont r\u00e9glables en hauteur par incr\u00e9ments de 5 cm. Vous pouvez commander plusieurs grilles sur notre site web et d\u00e9cider du nombre de niveaux que vous souhaitez cr\u00e9er. L&#8217;int\u00e9rieur de chaque compartiment \u00e9tant au format 1\/1GN, vous pouvez \u00e9galement choisir de placer des bacs Gastronorm dans les glissi\u00e8res au lieu des grilles. Vous souhaitez ajouter plusieurs bacs GN ? Veillez alors \u00e0 commander les guides s\u00e9par\u00e9ment. Il est \u00e9galement possible de remplacer les portes par des tiroirs. Deux tiroirs peuvent remplacer une porte. Vous pouvez donc d\u00e9cider de l&#8217;agencement qui vous convient le mieux.<\/p>\n<h3>Fonction de d\u00e9givrage automatique<\/h3>\n<p>Le r\u00e9frig\u00e9rateur de comptoir est dot\u00e9 d&#8217;un cycle de d\u00e9givrage automatique qui d\u00e9marre toutes les six heures. Le compartiment du compresseur situ\u00e9 \u00e0 droite du r\u00e9frig\u00e9rateur de comptoir peut \u00eatre verrouill\u00e9. Un r\u00e9gulateur num\u00e9rique situ\u00e9 sur la porte du compartiment du compresseur permet de r\u00e9gler la temp\u00e9rature \u00e0 l&#8217;aide des touches fl\u00e9ch\u00e9es. Cet \u00e9tabli r\u00e9frig\u00e9r\u00e9 a une plage de temp\u00e9rature de -2 \u00e0 10\u00b0C. Le r\u00e9frig\u00e9rateur de comptoir est dot\u00e9 d&#8217;un syst\u00e8me de refroidissement ventil\u00e9, de sorte que l&#8217;air froid est bien r\u00e9parti dans l&#8217;\u00e9tabli r\u00e9frig\u00e9r\u00e9.<\/p>\n<h3>Portes \u00e0 fermeture automatique<\/h3>\n<p>Les caoutchoucs des portes du r\u00e9frig\u00e9rateur de comptoir sont chauff\u00e9s pour \u00e9viter que les portes ne g\u00e8lent. Les portes se ferment \u00e0 l&#8217;aide d&#8217;un joint magn\u00e9tique qui emp\u00eache de les laisser ouvertes par inadvertance. Avec une longueur de 223 cm, le r\u00e9frig\u00e9rateur de comptoir est tr\u00e8s grand mais facile \u00e0 d\u00e9placer gr\u00e2ce aux roues situ\u00e9es en dessous. Les roues avant sont \u00e9quip\u00e9es d&#8217;un frein, ce qui permet de maintenir le r\u00e9frig\u00e9rateur de comptoir en place. Le plan de travail est id\u00e9al pour pr\u00e9parer des repas ou des plats d\u00e9licieux : tous les ingr\u00e9dients sont \u00e0 port\u00e9e de main.<\/p>\n<h3>Entretien du r\u00e9frig\u00e9rateur de comptoir<\/h3>\n<p>Pour prolonger la dur\u00e9e de vie de votre r\u00e9frig\u00e9rateur de comptoir, il est essentiel de l&#8217;entretenir r\u00e9guli\u00e8rement. Le syst\u00e8me de d\u00e9givrage automatique assure d\u00e9j\u00e0 une d\u00e9cong\u00e9lation r\u00e9guli\u00e8re du r\u00e9frig\u00e9rateur de comptoir, mais un nettoyage r\u00e9gulier de l&#8217;int\u00e9rieur est \u00e9galement important. Pour ce faire, videz le r\u00e9frig\u00e9rateur et \u00e9teignez-le. Nettoyez l&#8217;int\u00e9rieur \u00e0 l&#8217;aide d&#8217;un chiffon humide, d&#8217;une solution d&#8217;eau chaude savonneuse et d&#8217;un d\u00e9tergent doux. S\u00e9chez l&#8217;int\u00e9rieur ou laissez-le s\u00e9cher \u00e0 l&#8217;air libre. N&#8217;oubliez pas non plus de nettoyer soigneusement les caoutchoucs de la porte. Nettoyez les grilles et les plateaux gastronormes, puis remettez-les en place. Nettoyez l&#8217;ext\u00e9rieur avec un chiffon doux et humide.<\/p>\n<p>Si vous recherchez un r\u00e9frig\u00e9rateur de comptoir que vous pouvez personnaliser en ajoutant des grilles, des bacs Gastronorm ou des tiroirs, ce r\u00e9frig\u00e9rateur de comptoir est fait pour vous. Vous pr\u00e9f\u00e9rez un mod\u00e8le plus petit ou avec des portes en verre ? Dans ce cas, explorez nos autres r\u00e9frig\u00e9rateurs de comptoir pour voir ce que Maxima propose. Vous n&#8217;\u00eates pas s\u00fbr ou vous avez des questions ? Contactez alors nos sp\u00e9cialistes.<\/p>\n<p><strong>Caract\u00e9ristiques<\/strong><\/p>\n<ul>\n<li>Temp\u00e9rature ambiante maximale de 43\u00b0C<\/li>\n<li>Isolation protectrice compacte de 6 cm<\/li>\n<li>Cycle de refroidissement sp\u00e9cialis\u00e9 pour r\u00e9duire la formation de glace<\/li>\n<li>Plage de temp\u00e9rature de -2 \u00e0 10\u00b0C<\/li>\n<li>Contr\u00f4le num\u00e9rique de la temp\u00e9rature (Dixell)<\/li>\n<\/ul>\n<p><strong>Caract\u00e9ristiques du produit<\/strong><\/p>\n<ul>\n<li>Poids net : 137kg<\/li>\n<li>Capacit\u00e9 nette : 553l<\/li>\n<li>Dimensions ext\u00e9rieures : L223 x P70 x H86cm<\/li>\n<li>Dimensions int\u00e9rieures : L167 x P57 x H56cm<\/li>\n<li>230V \/ 50Hz \/ 1 Phase 305W<\/li>\n<\/ul>\n<p><em>Incluant<\/em><\/p>\n<ul>\n<li><em>4 grilles avec guides 53 x 33,5cm<\/em><\/li>\n<\/ul>","protected":false},"excerpt":{"rendered":"<p>Ce r\u00e9frig\u00e9rateur de comptoir en acier inoxydable comporte quatre portes et, derri\u00e8re chacune d&#8217;elles, une grille r\u00e9glable en hauteur. Il est dot\u00e9 d&#8217;un affichage num\u00e9rique, d&#8217;une fonction de d\u00e9givrage automatique et de roulettes pour faciliter son d\u00e9placement. Le r\u00e9frig\u00e9rateur de comptoir conserve les ingr\u00e9dients frais et r\u00e9frig\u00e9r\u00e9s, ce qui est parfait pour la cuisine professionnelle.<\/p>","protected":false},"featured_media":8845,"template":"","meta":{"_acf_changed":false},"product_brand":[],"product_cat":[474],"product_tag":[],"class_list":{"0":"post-15055","1":"product","2":"type-product","3":"status-publish","4":"has-post-thumbnail","6":"product_cat-armoires-refrigerees-positif-negatif-2","8":"first","9":"instock","10":"sale","11":"taxable","12":"shipping-taxable","13":"purchasable","14":"product-type-simple"},"acf":[],"yoast_head":"<!-- This site is optimized with the Yoast SEO plugin v27.5 - https:\/\/yoast.com\/product\/yoast-seo-wordpress\/ -->\n<title>R\u00e9frig\u00e9rateur de comptoir - 223 cm - 4 portes - Gastora<\/title>\n<meta name=\"description\" content=\"Achetez R\u00e9frig\u00e9rateur de comptoir - 223 cm - 4 portes au meilleur prix, fiable et performant avec une livraison rapide\" \/>\n<meta name=\"robots\" content=\"index, follow, max-snippet:-1, max-image-preview:large, max-video-preview:-1\" \/>\n<link rel=\"canonical\" href=\"https:\/\/gastora.eu\/en\/product\/rfrigrateur-de-comptoir-223-cm-4-portes\/\" \/>\n<meta property=\"og:locale\" content=\"en_US\" \/>\n<meta property=\"og:type\" content=\"article\" \/>\n<meta property=\"og:title\" content=\"R\u00e9frig\u00e9rateur de comptoir - 223 cm - 4 portes - Gastora\" \/>\n<meta property=\"og:description\" content=\"Achetez R\u00e9frig\u00e9rateur de comptoir - 223 cm - 4 portes au meilleur prix, fiable et performant avec une livraison rapide\" \/>\n<meta property=\"og:url\" content=\"https:\/\/gastora.eu\/en\/product\/rfrigrateur-de-comptoir-223-cm-4-portes\/\" \/>\n<meta property=\"og:site_name\" content=\"Gastora\" \/>\n<meta property=\"article:modified_time\" content=\"2026-04-28T16:57:42+00:00\" \/>\n<meta name=\"twitter:card\" content=\"summary_large_image\" \/>\n<meta name=\"twitter:label1\" content=\"Est. reading time\" \/>\n\t<meta name=\"twitter:data1\" content=\"4 minutes\" \/>\n<script type=\"application\/ld+json\" class=\"yoast-schema-graph\">{\"@context\":\"https:\\\/\\\/schema.org\",\"@graph\":[{\"@type\":\"WebPage\",\"@id\":\"https:\\\/\\\/gastora.eu\\\/product\\\/rfrigrateur-de-comptoir-223-cm-4-portes\\\/\",\"url\":\"https:\\\/\\\/gastora.eu\\\/product\\\/rfrigrateur-de-comptoir-223-cm-4-portes\\\/\",\"name\":\"R\u00e9frig\u00e9rateur de comptoir - 223 cm - 4 portes - Gastora\",\"isPartOf\":{\"@id\":\"https:\\\/\\\/gastora.eu\\\/#website\"},\"primaryImageOfPage\":{\"@id\":\"https:\\\/\\\/gastora.eu\\\/product\\\/rfrigrateur-de-comptoir-223-cm-4-portes\\\/#primaryimage\"},\"image\":{\"@id\":\"https:\\\/\\\/gastora.eu\\\/product\\\/rfrigrateur-de-comptoir-223-cm-4-portes\\\/#primaryimage\"},\"thumbnailUrl\":\"https:\\\/\\\/gastora.eu\\\/wp-content\\\/uploads\\\/2026\\\/04\\\/250826_09400408_img_016.jpg\",\"datePublished\":\"2026-04-26T08:50:12+00:00\",\"dateModified\":\"2026-04-28T16:57:42+00:00\",\"description\":\"Achetez R\u00e9frig\u00e9rateur de comptoir - 223 cm - 4 portes au meilleur prix, fiable et performant avec une livraison rapide\",\"breadcrumb\":{\"@id\":\"https:\\\/\\\/gastora.eu\\\/product\\\/rfrigrateur-de-comptoir-223-cm-4-portes\\\/#breadcrumb\"},\"inLanguage\":\"en-US\",\"potentialAction\":[{\"@type\":\"ReadAction\",\"target\":[\"https:\\\/\\\/gastora.eu\\\/product\\\/rfrigrateur-de-comptoir-223-cm-4-portes\\\/\"]}]},{\"@type\":\"ImageObject\",\"inLanguage\":\"en-US\",\"@id\":\"https:\\\/\\\/gastora.eu\\\/product\\\/rfrigrateur-de-comptoir-223-cm-4-portes\\\/#primaryimage\",\"url\":\"https:\\\/\\\/gastora.eu\\\/wp-content\\\/uploads\\\/2026\\\/04\\\/250826_09400408_img_016.jpg\",\"contentUrl\":\"https:\\\/\\\/gastora.eu\\\/wp-content\\\/uploads\\\/2026\\\/04\\\/250826_09400408_img_016.jpg\",\"width\":1200,\"height\":1200},{\"@type\":\"BreadcrumbList\",\"@id\":\"https:\\\/\\\/gastora.eu\\\/product\\\/rfrigrateur-de-comptoir-223-cm-4-portes\\\/#breadcrumb\",\"itemListElement\":[{\"@type\":\"ListItem\",\"position\":1,\"name\":\"Home\",\"item\":\"https:\\\/\\\/gastora.eu\\\/\"},{\"@type\":\"ListItem\",\"position\":2,\"name\":\"Shop\",\"item\":\"https:\\\/\\\/gastora.eu\\\/shop\\\/\"},{\"@type\":\"ListItem\",\"position\":3,\"name\":\"R\u00e9frig\u00e9rateur de comptoir &#8211; 223 cm &#8211; 4 portes\"}]},{\"@type\":\"WebSite\",\"@id\":\"https:\\\/\\\/gastora.eu\\\/#website\",\"url\":\"https:\\\/\\\/gastora.eu\\\/\",\"name\":\"Gastora\",\"description\":\"\u00c9quipements professionnels CHR\",\"publisher\":{\"@id\":\"https:\\\/\\\/gastora.eu\\\/#organization\"},\"potentialAction\":[{\"@type\":\"SearchAction\",\"target\":{\"@type\":\"EntryPoint\",\"urlTemplate\":\"https:\\\/\\\/gastora.eu\\\/?s={search_term_string}\"},\"query-input\":{\"@type\":\"PropertyValueSpecification\",\"valueRequired\":true,\"valueName\":\"search_term_string\"}}],\"inLanguage\":\"en-US\"},{\"@type\":\"Organization\",\"@id\":\"https:\\\/\\\/gastora.eu\\\/#organization\",\"name\":\"Gastora\",\"url\":\"https:\\\/\\\/gastora.eu\\\/\",\"logo\":{\"@type\":\"ImageObject\",\"inLanguage\":\"en-US\",\"@id\":\"https:\\\/\\\/gastora.eu\\\/#\\\/schema\\\/logo\\\/image\\\/\",\"url\":\"https:\\\/\\\/gastora.eu\\\/wp-content\\\/uploads\\\/2025\\\/12\\\/ChatGPT-Image-2-janv.-2026-22_52_47-1.png\",\"contentUrl\":\"https:\\\/\\\/gastora.eu\\\/wp-content\\\/uploads\\\/2025\\\/12\\\/ChatGPT-Image-2-janv.-2026-22_52_47-1.png\",\"width\":1536,\"height\":320,\"caption\":\"Gastora\"},\"image\":{\"@id\":\"https:\\\/\\\/gastora.eu\\\/#\\\/schema\\\/logo\\\/image\\\/\"}}]}<\/script>\n<!-- \/ Yoast SEO plugin. -->","yoast_head_json":{"title":"R\u00e9frig\u00e9rateur de comptoir - 223 cm - 4 portes - Gastora","description":"Achetez R\u00e9frig\u00e9rateur de comptoir - 223 cm - 4 portes au meilleur prix, fiable et performant avec une livraison rapide","robots":{"index":"index","follow":"follow","max-snippet":"max-snippet:-1","max-image-preview":"max-image-preview:large","max-video-preview":"max-video-preview:-1"},"canonical":"https:\/\/gastora.eu\/en\/product\/rfrigrateur-de-comptoir-223-cm-4-portes\/","og_locale":"en_US","og_type":"article","og_title":"R\u00e9frig\u00e9rateur de comptoir - 223 cm - 4 portes - Gastora","og_description":"Achetez R\u00e9frig\u00e9rateur de comptoir - 223 cm - 4 portes au meilleur prix, fiable et performant avec une livraison rapide","og_url":"https:\/\/gastora.eu\/en\/product\/rfrigrateur-de-comptoir-223-cm-4-portes\/","og_site_name":"Gastora","article_modified_time":"2026-04-28T16:57:42+00:00","twitter_card":"summary_large_image","twitter_misc":{"Est. reading time":"4 minutes"},"schema":{"@context":"https:\/\/schema.org","@graph":[{"@type":"WebPage","@id":"https:\/\/gastora.eu\/product\/rfrigrateur-de-comptoir-223-cm-4-portes\/","url":"https:\/\/gastora.eu\/product\/rfrigrateur-de-comptoir-223-cm-4-portes\/","name":"R\u00e9frig\u00e9rateur de comptoir - 223 cm - 4 portes - Gastora","isPartOf":{"@id":"https:\/\/gastora.eu\/#website"},"primaryImageOfPage":{"@id":"https:\/\/gastora.eu\/product\/rfrigrateur-de-comptoir-223-cm-4-portes\/#primaryimage"},"image":{"@id":"https:\/\/gastora.eu\/product\/rfrigrateur-de-comptoir-223-cm-4-portes\/#primaryimage"},"thumbnailUrl":"https:\/\/gastora.eu\/wp-content\/uploads\/2026\/04\/250826_09400408_img_016.jpg","datePublished":"2026-04-26T08:50:12+00:00","dateModified":"2026-04-28T16:57:42+00:00","description":"Achetez R\u00e9frig\u00e9rateur de comptoir - 223 cm - 4 portes au meilleur prix, fiable et performant avec une livraison rapide","breadcrumb":{"@id":"https:\/\/gastora.eu\/product\/rfrigrateur-de-comptoir-223-cm-4-portes\/#breadcrumb"},"inLanguage":"en-US","potentialAction":[{"@type":"ReadAction","target":["https:\/\/gastora.eu\/product\/rfrigrateur-de-comptoir-223-cm-4-portes\/"]}]},{"@type":"ImageObject","inLanguage":"en-US","@id":"https:\/\/gastora.eu\/product\/rfrigrateur-de-comptoir-223-cm-4-portes\/#primaryimage","url":"https:\/\/gastora.eu\/wp-content\/uploads\/2026\/04\/250826_09400408_img_016.jpg","contentUrl":"https:\/\/gastora.eu\/wp-content\/uploads\/2026\/04\/250826_09400408_img_016.jpg","width":1200,"height":1200},{"@type":"BreadcrumbList","@id":"https:\/\/gastora.eu\/product\/rfrigrateur-de-comptoir-223-cm-4-portes\/#breadcrumb","itemListElement":[{"@type":"ListItem","position":1,"name":"Home","item":"https:\/\/gastora.eu\/"},{"@type":"ListItem","position":2,"name":"Shop","item":"https:\/\/gastora.eu\/shop\/"},{"@type":"ListItem","position":3,"name":"R\u00e9frig\u00e9rateur de comptoir &#8211; 223 cm &#8211; 4 portes"}]},{"@type":"WebSite","@id":"https:\/\/gastora.eu\/#website","url":"https:\/\/gastora.eu\/","name":"Gastora","description":"\u00c9quipements professionnels CHR","publisher":{"@id":"https:\/\/gastora.eu\/#organization"},"potentialAction":[{"@type":"SearchAction","target":{"@type":"EntryPoint","urlTemplate":"https:\/\/gastora.eu\/?s={search_term_string}"},"query-input":{"@type":"PropertyValueSpecification","valueRequired":true,"valueName":"search_term_string"}}],"inLanguage":"en-US"},{"@type":"Organization","@id":"https:\/\/gastora.eu\/#organization","name":"Gastora","url":"https:\/\/gastora.eu\/","logo":{"@type":"ImageObject","inLanguage":"en-US","@id":"https:\/\/gastora.eu\/#\/schema\/logo\/image\/","url":"https:\/\/gastora.eu\/wp-content\/uploads\/2025\/12\/ChatGPT-Image-2-janv.-2026-22_52_47-1.png","contentUrl":"https:\/\/gastora.eu\/wp-content\/uploads\/2025\/12\/ChatGPT-Image-2-janv.-2026-22_52_47-1.png","width":1536,"height":320,"caption":"Gastora"},"image":{"@id":"https:\/\/gastora.eu\/#\/schema\/logo\/image\/"}}]}},"jetpack_sharing_enabled":true,"_links":{"self":[{"href":"https:\/\/gastora.eu\/en\/wp-json\/wp\/v2\/product\/15055","targetHints":{"allow":["GET"]}}],"collection":[{"href":"https:\/\/gastora.eu\/en\/wp-json\/wp\/v2\/product"}],"about":[{"href":"https:\/\/gastora.eu\/en\/wp-json\/wp\/v2\/types\/product"}],"wp:featuredmedia":[{"embeddable":true,"href":"https:\/\/gastora.eu\/en\/wp-json\/wp\/v2\/media\/8845"}],"wp:attachment":[{"href":"https:\/\/gastora.eu\/en\/wp-json\/wp\/v2\/media?parent=15055"}],"wp:term":[{"taxonomy":"product_brand","embeddable":true,"href":"https:\/\/gastora.eu\/en\/wp-json\/wp\/v2\/product_brand?post=15055"},{"taxonomy":"product_cat","embeddable":true,"href":"https:\/\/gastora.eu\/en\/wp-json\/wp\/v2\/product_cat?post=15055"},{"taxonomy":"product_tag","embeddable":true,"href":"https:\/\/gastora.eu\/en\/wp-json\/wp\/v2\/product_tag?post=15055"}],"curies":[{"name":"wp","href":"https:\/\/api.w.org\/{rel}","templated":true}]}}