{"id":15053,"date":"2026-04-26T08:50:09","date_gmt":"2026-04-26T08:50:09","guid":{"rendered":"https:\/\/gastora.eu\/?post_type=product&#038;p=15053"},"modified":"2026-04-28T16:57:42","modified_gmt":"2026-04-28T16:57:42","slug":"rfrigrateur-de-comptoir-136-cm-2-portes-vitres","status":"publish","type":"product","link":"https:\/\/gastora.eu\/en\/product\/rfrigrateur-de-comptoir-136-cm-2-portes-vitres\/","title":{"rendered":"R\u00e9frig\u00e9rateur de comptoir &#8211; 136 cm &#8211; 2 portes vitr\u00e9es"},"content":{"rendered":"<p>Ce comptoir r\u00e9frig\u00e9r\u00e9 est la solution id\u00e9ale lorsque l&#8217;espace est limit\u00e9 dans votre cuisine. Vous pouvez stocker vos produits dans l&#8217;armoire r\u00e9frig\u00e9r\u00e9e et le dessus fait office de plan de travail en acier inoxydable. Les portes en verre vous permettent de voir o\u00f9 se trouvent vos produits r\u00e9frig\u00e9r\u00e9s et l&#8217;\u00e9tat de votre stock.<\/p>\n<h3>Plan de travail r\u00e9frig\u00e9r\u00e9 robuste<\/h3>\n<p>Ce r\u00e9frig\u00e9rateur de comptoir en acier inoxydable a deux fonctions : conserver les produits au frais et servir de plan de travail pour pr\u00e9parer vos plats. Ce r\u00e9frig\u00e9rateur de comptoir est \u00e9quip\u00e9 de quatre roues, dont les deux avant sont munies d&#8217;un frein. Cela permet de d\u00e9placer facilement le r\u00e9frig\u00e9rateur. Le compartiment du compresseur peut \u00eatre verrouill\u00e9 sur le c\u00f4t\u00e9 droit du plan de travail r\u00e9frig\u00e9r\u00e9.<\/p>\n<h3>\u00c9tag\u00e8res r\u00e9glables<\/h3>\n<p>Le r\u00e9frig\u00e9rateur de comptoir poss\u00e8de deux portes en verre ; derri\u00e8re chaque porte se trouve une grille avec des glissi\u00e8res. Les guides sont r\u00e9glables en hauteur sur 5 cm. Les grilles sont en GN 1\/1, de sorte que vous pouvez \u00e9galement placer des plateaux Gastronorm dans les glissi\u00e8res. Sur notre site web, vous pouvez commander d&#8217;autres grilles ou plateaux GN. Veillez \u00e0 commander les bacs GN avec les guides. Les grilles ont un bord sur\u00e9lev\u00e9 sur la paroi arri\u00e8re, ce qui assure une bonne circulation de l&#8217;air et une distribution uniforme de l&#8217;air froid.<\/p>\n<h3>Plan de travail r\u00e9frig\u00e9r\u00e9 avec d\u00e9givrage automatique<\/h3>\n<p>Ce r\u00e9frig\u00e9rateur de comptoir n\u00e9cessite peu d&#8217;entretien. En effet, il est \u00e9quip\u00e9 d&#8217;un syst\u00e8me de d\u00e9givrage automatique. Cela signifie que le r\u00e9frig\u00e9rateur de comptoir se d\u00e9givre automatiquement toutes les six heures. Ce r\u00e9frig\u00e9rateur est \u00e9galement dot\u00e9 d&#8217;un syst\u00e8me de refroidissement ventil\u00e9, qui le maintient au frais m\u00eame \u00e0 des temp\u00e9ratures ambiantes de 43\u00b0C. La temp\u00e9rature est r\u00e9glable de 2 \u00e0 10\u00b0C \u00e0 l&#8217;aide des touches fl\u00e9ch\u00e9es de l&#8217;\u00e9cran num\u00e9rique. Les caoutchoucs des portes sont chauff\u00e9s pour \u00e9viter le gel. De plus, les portes se ferment automatiquement gr\u00e2ce \u00e0 un joint magn\u00e9tique, ce qui \u00e9vite de perdre de l&#8217;air froid.<\/p>\n<h3>Nettoyage du r\u00e9frig\u00e9rateur de comptoir<\/h3>\n<p>Ce r\u00e9frig\u00e9rateur de comptoir se d\u00e9givre automatiquement, mais il est essentiel de le nettoyer r\u00e9guli\u00e8rement. Commencez par le d\u00e9brancher et le vider si n\u00e9cessaire. Retirez \u00e9galement les grilles et les bacs GN. Nettoyez l&#8217;ext\u00e9rieur avec un chiffon doux et humide. Utilisez une solution d&#8217;eau chaude savonneuse et un d\u00e9tergent doux pour nettoyer l&#8217;int\u00e9rieur. Utilisez un chiffon doux et n&#8217;utilisez pas d&#8217;\u00e9ponge abrasive. Celle-ci rayerait l&#8217;acier inoxydable. Lorsque l&#8217;int\u00e9rieur et les caoutchoucs de la porte sont propres, vous pouvez nettoyer les grilles et les bacs GN. Replacez-les dans le r\u00e9frig\u00e9rateur de comptoir et remettez le r\u00e9frig\u00e9rateur en marche une fois cette op\u00e9ration termin\u00e9e.<\/p>\n<p>Vous souhaitez ajouter un r\u00e9frig\u00e9rateur de comptoir pratique avec des portes en verre \u00e0 votre cuisine ? Commandez ce r\u00e9frig\u00e9rateur de comptoir d\u00e8s maintenant. Vous en pr\u00e9f\u00e9rez un plus grand ou un avec des tiroirs au lieu de portes ? Dans ce cas, consultez notre gamme compl\u00e8te de r\u00e9frig\u00e9rateurs de comptoir, vous n&#8217;aurez que l&#8217;embarras du choix. Vous ne savez pas si cet \u00e9tabli r\u00e9frig\u00e9r\u00e9 vous convient ? Contactez notre service client\u00e8le qui se fera un plaisir de vous conseiller.<\/p>\n<p><strong>Caract\u00e9ristiques<\/strong><\/p>\n<ul>\n<li>Temp\u00e9rature ambiante maximale de 43\u00b0C<\/li>\n<li>Isolation protectrice compacte de 6 cm<\/li>\n<li>Cycle de refroidissement sp\u00e9cial pour r\u00e9duire la formation de glace<\/li>\n<li>Plage de temp\u00e9rature de 2 \u00e0 10\u00b0C<\/li>\n<li>Contr\u00f4le num\u00e9rique de la temp\u00e9rature (Dixell)<\/li>\n<\/ul>\n<p><strong>Caract\u00e9ristiques du produit<\/strong><\/p>\n<ul>\n<li>Poids net : 87 kg<\/li>\n<li>Dimensions ext\u00e9rieures : L136 x P70 x H86 cm<\/li>\n<li>Dimensions int\u00e9rieures : L80 x P57 x H56 cm<\/li>\n<li>230V \/ 50Hz \/ 1 Phase 261W<\/li>\n<\/ul>\n<p><em>Incluant<\/em><\/p>\n<ul>\n<li><em>2 grilles avec guides 53 x 33,5 cm<\/em><\/li>\n<\/ul>","protected":false},"excerpt":{"rendered":"<p>Ce r\u00e9frig\u00e9rateur de comptoir en acier inoxydable poss\u00e8de deux portes en verre et derri\u00e8re chaque porte se trouve une grille r\u00e9glable en hauteur. Il est dot\u00e9 d&#8217;un affichage num\u00e9rique, d&#8217;une fonction de d\u00e9givrage automatique et de roulettes pour faciliter son d\u00e9placement. Le r\u00e9frig\u00e9rateur de comptoir garde les ingr\u00e9dients frais et r\u00e9frig\u00e9r\u00e9s, ce qui est parfait pour la cuisine professionnelle.<\/p>","protected":false},"featured_media":8841,"template":"","meta":{"_acf_changed":false},"product_brand":[],"product_cat":[474],"product_tag":[],"class_list":{"0":"post-15053","1":"product","2":"type-product","3":"status-publish","4":"has-post-thumbnail","6":"product_cat-armoires-refrigerees-positif-negatif-2","8":"first","9":"instock","10":"sale","11":"taxable","12":"shipping-taxable","13":"purchasable","14":"product-type-simple"},"acf":[],"yoast_head":"<!-- This site is optimized with the Yoast SEO plugin v27.5 - https:\/\/yoast.com\/product\/yoast-seo-wordpress\/ -->\n<title>R\u00e9frig\u00e9rateur de comptoir - 136 cm - 2 portes vitr\u00e9es - Gastora<\/title>\n<meta name=\"description\" content=\"Achetez R\u00e9frig\u00e9rateur de comptoir - 136 cm - 2 portes vitr\u00e9es au meilleur prix, fiable et performant avec une livraison rapide\" \/>\n<meta name=\"robots\" content=\"index, follow, max-snippet:-1, max-image-preview:large, max-video-preview:-1\" \/>\n<link rel=\"canonical\" href=\"https:\/\/gastora.eu\/en\/product\/rfrigrateur-de-comptoir-136-cm-2-portes-vitres\/\" \/>\n<meta property=\"og:locale\" content=\"en_US\" \/>\n<meta property=\"og:type\" content=\"article\" \/>\n<meta property=\"og:title\" content=\"R\u00e9frig\u00e9rateur de comptoir - 136 cm - 2 portes vitr\u00e9es - Gastora\" \/>\n<meta property=\"og:description\" content=\"Achetez R\u00e9frig\u00e9rateur de comptoir - 136 cm - 2 portes vitr\u00e9es au meilleur prix, fiable et performant avec une livraison rapide\" \/>\n<meta property=\"og:url\" content=\"https:\/\/gastora.eu\/en\/product\/rfrigrateur-de-comptoir-136-cm-2-portes-vitres\/\" \/>\n<meta property=\"og:site_name\" content=\"Gastora\" \/>\n<meta property=\"article:modified_time\" content=\"2026-04-28T16:57:42+00:00\" \/>\n<meta name=\"twitter:card\" content=\"summary_large_image\" \/>\n<meta name=\"twitter:label1\" content=\"Est. reading time\" \/>\n\t<meta name=\"twitter:data1\" content=\"3 minutes\" \/>\n<script type=\"application\/ld+json\" class=\"yoast-schema-graph\">{\"@context\":\"https:\\\/\\\/schema.org\",\"@graph\":[{\"@type\":\"WebPage\",\"@id\":\"https:\\\/\\\/gastora.eu\\\/product\\\/rfrigrateur-de-comptoir-136-cm-2-portes-vitres\\\/\",\"url\":\"https:\\\/\\\/gastora.eu\\\/product\\\/rfrigrateur-de-comptoir-136-cm-2-portes-vitres\\\/\",\"name\":\"R\u00e9frig\u00e9rateur de comptoir - 136 cm - 2 portes vitr\u00e9es - Gastora\",\"isPartOf\":{\"@id\":\"https:\\\/\\\/gastora.eu\\\/#website\"},\"primaryImageOfPage\":{\"@id\":\"https:\\\/\\\/gastora.eu\\\/product\\\/rfrigrateur-de-comptoir-136-cm-2-portes-vitres\\\/#primaryimage\"},\"image\":{\"@id\":\"https:\\\/\\\/gastora.eu\\\/product\\\/rfrigrateur-de-comptoir-136-cm-2-portes-vitres\\\/#primaryimage\"},\"thumbnailUrl\":\"https:\\\/\\\/gastora.eu\\\/wp-content\\\/uploads\\\/2026\\\/04\\\/gx-gn2100tng_on_wheels.jpg\",\"datePublished\":\"2026-04-26T08:50:09+00:00\",\"dateModified\":\"2026-04-28T16:57:42+00:00\",\"description\":\"Achetez R\u00e9frig\u00e9rateur de comptoir - 136 cm - 2 portes vitr\u00e9es au meilleur prix, fiable et performant avec une livraison rapide\",\"breadcrumb\":{\"@id\":\"https:\\\/\\\/gastora.eu\\\/product\\\/rfrigrateur-de-comptoir-136-cm-2-portes-vitres\\\/#breadcrumb\"},\"inLanguage\":\"en-US\",\"potentialAction\":[{\"@type\":\"ReadAction\",\"target\":[\"https:\\\/\\\/gastora.eu\\\/product\\\/rfrigrateur-de-comptoir-136-cm-2-portes-vitres\\\/\"]}]},{\"@type\":\"ImageObject\",\"inLanguage\":\"en-US\",\"@id\":\"https:\\\/\\\/gastora.eu\\\/product\\\/rfrigrateur-de-comptoir-136-cm-2-portes-vitres\\\/#primaryimage\",\"url\":\"https:\\\/\\\/gastora.eu\\\/wp-content\\\/uploads\\\/2026\\\/04\\\/gx-gn2100tng_on_wheels.jpg\",\"contentUrl\":\"https:\\\/\\\/gastora.eu\\\/wp-content\\\/uploads\\\/2026\\\/04\\\/gx-gn2100tng_on_wheels.jpg\",\"width\":1522,\"height\":1200},{\"@type\":\"BreadcrumbList\",\"@id\":\"https:\\\/\\\/gastora.eu\\\/product\\\/rfrigrateur-de-comptoir-136-cm-2-portes-vitres\\\/#breadcrumb\",\"itemListElement\":[{\"@type\":\"ListItem\",\"position\":1,\"name\":\"Home\",\"item\":\"https:\\\/\\\/gastora.eu\\\/\"},{\"@type\":\"ListItem\",\"position\":2,\"name\":\"Shop\",\"item\":\"https:\\\/\\\/gastora.eu\\\/shop\\\/\"},{\"@type\":\"ListItem\",\"position\":3,\"name\":\"R\u00e9frig\u00e9rateur de comptoir &#8211; 136 cm &#8211; 2 portes vitr\u00e9es\"}]},{\"@type\":\"WebSite\",\"@id\":\"https:\\\/\\\/gastora.eu\\\/#website\",\"url\":\"https:\\\/\\\/gastora.eu\\\/\",\"name\":\"Gastora\",\"description\":\"\u00c9quipements professionnels CHR\",\"publisher\":{\"@id\":\"https:\\\/\\\/gastora.eu\\\/#organization\"},\"potentialAction\":[{\"@type\":\"SearchAction\",\"target\":{\"@type\":\"EntryPoint\",\"urlTemplate\":\"https:\\\/\\\/gastora.eu\\\/?s={search_term_string}\"},\"query-input\":{\"@type\":\"PropertyValueSpecification\",\"valueRequired\":true,\"valueName\":\"search_term_string\"}}],\"inLanguage\":\"en-US\"},{\"@type\":\"Organization\",\"@id\":\"https:\\\/\\\/gastora.eu\\\/#organization\",\"name\":\"Gastora\",\"url\":\"https:\\\/\\\/gastora.eu\\\/\",\"logo\":{\"@type\":\"ImageObject\",\"inLanguage\":\"en-US\",\"@id\":\"https:\\\/\\\/gastora.eu\\\/#\\\/schema\\\/logo\\\/image\\\/\",\"url\":\"https:\\\/\\\/gastora.eu\\\/wp-content\\\/uploads\\\/2025\\\/12\\\/ChatGPT-Image-2-janv.-2026-22_52_47-1.png\",\"contentUrl\":\"https:\\\/\\\/gastora.eu\\\/wp-content\\\/uploads\\\/2025\\\/12\\\/ChatGPT-Image-2-janv.-2026-22_52_47-1.png\",\"width\":1536,\"height\":320,\"caption\":\"Gastora\"},\"image\":{\"@id\":\"https:\\\/\\\/gastora.eu\\\/#\\\/schema\\\/logo\\\/image\\\/\"}}]}<\/script>\n<!-- \/ Yoast SEO plugin. -->","yoast_head_json":{"title":"R\u00e9frig\u00e9rateur de comptoir - 136 cm - 2 portes vitr\u00e9es - Gastora","description":"Achetez R\u00e9frig\u00e9rateur de comptoir - 136 cm - 2 portes vitr\u00e9es au meilleur prix, fiable et performant avec une livraison rapide","robots":{"index":"index","follow":"follow","max-snippet":"max-snippet:-1","max-image-preview":"max-image-preview:large","max-video-preview":"max-video-preview:-1"},"canonical":"https:\/\/gastora.eu\/en\/product\/rfrigrateur-de-comptoir-136-cm-2-portes-vitres\/","og_locale":"en_US","og_type":"article","og_title":"R\u00e9frig\u00e9rateur de comptoir - 136 cm - 2 portes vitr\u00e9es - Gastora","og_description":"Achetez R\u00e9frig\u00e9rateur de comptoir - 136 cm - 2 portes vitr\u00e9es au meilleur prix, fiable et performant avec une livraison rapide","og_url":"https:\/\/gastora.eu\/en\/product\/rfrigrateur-de-comptoir-136-cm-2-portes-vitres\/","og_site_name":"Gastora","article_modified_time":"2026-04-28T16:57:42+00:00","twitter_card":"summary_large_image","twitter_misc":{"Est. reading time":"3 minutes"},"schema":{"@context":"https:\/\/schema.org","@graph":[{"@type":"WebPage","@id":"https:\/\/gastora.eu\/product\/rfrigrateur-de-comptoir-136-cm-2-portes-vitres\/","url":"https:\/\/gastora.eu\/product\/rfrigrateur-de-comptoir-136-cm-2-portes-vitres\/","name":"R\u00e9frig\u00e9rateur de comptoir - 136 cm - 2 portes vitr\u00e9es - Gastora","isPartOf":{"@id":"https:\/\/gastora.eu\/#website"},"primaryImageOfPage":{"@id":"https:\/\/gastora.eu\/product\/rfrigrateur-de-comptoir-136-cm-2-portes-vitres\/#primaryimage"},"image":{"@id":"https:\/\/gastora.eu\/product\/rfrigrateur-de-comptoir-136-cm-2-portes-vitres\/#primaryimage"},"thumbnailUrl":"https:\/\/gastora.eu\/wp-content\/uploads\/2026\/04\/gx-gn2100tng_on_wheels.jpg","datePublished":"2026-04-26T08:50:09+00:00","dateModified":"2026-04-28T16:57:42+00:00","description":"Achetez R\u00e9frig\u00e9rateur de comptoir - 136 cm - 2 portes vitr\u00e9es au meilleur prix, fiable et performant avec une livraison rapide","breadcrumb":{"@id":"https:\/\/gastora.eu\/product\/rfrigrateur-de-comptoir-136-cm-2-portes-vitres\/#breadcrumb"},"inLanguage":"en-US","potentialAction":[{"@type":"ReadAction","target":["https:\/\/gastora.eu\/product\/rfrigrateur-de-comptoir-136-cm-2-portes-vitres\/"]}]},{"@type":"ImageObject","inLanguage":"en-US","@id":"https:\/\/gastora.eu\/product\/rfrigrateur-de-comptoir-136-cm-2-portes-vitres\/#primaryimage","url":"https:\/\/gastora.eu\/wp-content\/uploads\/2026\/04\/gx-gn2100tng_on_wheels.jpg","contentUrl":"https:\/\/gastora.eu\/wp-content\/uploads\/2026\/04\/gx-gn2100tng_on_wheels.jpg","width":1522,"height":1200},{"@type":"BreadcrumbList","@id":"https:\/\/gastora.eu\/product\/rfrigrateur-de-comptoir-136-cm-2-portes-vitres\/#breadcrumb","itemListElement":[{"@type":"ListItem","position":1,"name":"Home","item":"https:\/\/gastora.eu\/"},{"@type":"ListItem","position":2,"name":"Shop","item":"https:\/\/gastora.eu\/shop\/"},{"@type":"ListItem","position":3,"name":"R\u00e9frig\u00e9rateur de comptoir &#8211; 136 cm &#8211; 2 portes vitr\u00e9es"}]},{"@type":"WebSite","@id":"https:\/\/gastora.eu\/#website","url":"https:\/\/gastora.eu\/","name":"Gastora","description":"\u00c9quipements professionnels CHR","publisher":{"@id":"https:\/\/gastora.eu\/#organization"},"potentialAction":[{"@type":"SearchAction","target":{"@type":"EntryPoint","urlTemplate":"https:\/\/gastora.eu\/?s={search_term_string}"},"query-input":{"@type":"PropertyValueSpecification","valueRequired":true,"valueName":"search_term_string"}}],"inLanguage":"en-US"},{"@type":"Organization","@id":"https:\/\/gastora.eu\/#organization","name":"Gastora","url":"https:\/\/gastora.eu\/","logo":{"@type":"ImageObject","inLanguage":"en-US","@id":"https:\/\/gastora.eu\/#\/schema\/logo\/image\/","url":"https:\/\/gastora.eu\/wp-content\/uploads\/2025\/12\/ChatGPT-Image-2-janv.-2026-22_52_47-1.png","contentUrl":"https:\/\/gastora.eu\/wp-content\/uploads\/2025\/12\/ChatGPT-Image-2-janv.-2026-22_52_47-1.png","width":1536,"height":320,"caption":"Gastora"},"image":{"@id":"https:\/\/gastora.eu\/#\/schema\/logo\/image\/"}}]}},"jetpack_sharing_enabled":true,"_links":{"self":[{"href":"https:\/\/gastora.eu\/en\/wp-json\/wp\/v2\/product\/15053","targetHints":{"allow":["GET"]}}],"collection":[{"href":"https:\/\/gastora.eu\/en\/wp-json\/wp\/v2\/product"}],"about":[{"href":"https:\/\/gastora.eu\/en\/wp-json\/wp\/v2\/types\/product"}],"wp:featuredmedia":[{"embeddable":true,"href":"https:\/\/gastora.eu\/en\/wp-json\/wp\/v2\/media\/8841"}],"wp:attachment":[{"href":"https:\/\/gastora.eu\/en\/wp-json\/wp\/v2\/media?parent=15053"}],"wp:term":[{"taxonomy":"product_brand","embeddable":true,"href":"https:\/\/gastora.eu\/en\/wp-json\/wp\/v2\/product_brand?post=15053"},{"taxonomy":"product_cat","embeddable":true,"href":"https:\/\/gastora.eu\/en\/wp-json\/wp\/v2\/product_cat?post=15053"},{"taxonomy":"product_tag","embeddable":true,"href":"https:\/\/gastora.eu\/en\/wp-json\/wp\/v2\/product_tag?post=15053"}],"curies":[{"name":"wp","href":"https:\/\/api.w.org\/{rel}","templated":true}]}}