{"id":15047,"date":"2026-04-26T08:50:01","date_gmt":"2026-04-26T08:50:01","guid":{"rendered":"https:\/\/gastora.eu\/?post_type=product&#038;p=15047"},"modified":"2026-04-28T16:57:41","modified_gmt":"2026-04-28T16:57:41","slug":"conglateur-700-l-3-tagres-rglables-21-gn-acier-inoxydable-avec-porte-en-verre","status":"publish","type":"product","link":"https:\/\/gastora.eu\/en\/product\/conglateur-700-l-3-tagres-rglables-21-gn-acier-inoxydable-avec-porte-en-verre\/","title":{"rendered":"Cong\u00e9lateur &#8211; 700 L &#8211; 3 \u00e9tag\u00e8res r\u00e9glables (2\/1 GN) &#8211; acier inoxydable &#8211; avec porte en verre"},"content":{"rendered":"<p>Un cong\u00e9lateur est indispensable \u00e0 toute entreprise de restauration pour conserver la fra\u00eecheur des aliments pendant longtemps et disposer d&#8217;un stock suffisant. Il existe diff\u00e9rents mod\u00e8les de cong\u00e9lateurs ; celui-ci est fabriqu\u00e9 en acier inoxydable et poss\u00e8de une belle porte en verre. Vous pouvez ainsi voir imm\u00e9diatement o\u00f9 se trouvent les produits demand\u00e9s et combien il vous reste de stock.<\/p>\n<h3>Un cong\u00e9lateur \u00e9conome en \u00e9nergie<\/h3>\n<p>Ce cong\u00e9lateur n&#8217;est pas seulement beau, il est aussi \u00e9conome en \u00e9nergie. Les parois du cong\u00e9lateur ont une \u00e9paisseur d&#8217;isolation de 6 cm et un syst\u00e8me de refroidissement ventil\u00e9 pour une distribution uniforme de l&#8217;air froid. L&#8217;int\u00e9rieur du cong\u00e9lateur est \u00e9quip\u00e9 de bandes lumineuses LED \u00e0 faible consommation d&#8217;\u00e9nergie. Vos produits sont ainsi bien visibles et faciles \u00e0 saisir. Les portes sont \u00e9quip\u00e9es d&#8217;un joint magn\u00e9tique et de caoutchoucs de porte chauffants. Cela permet de fermer la porte automatiquement et d&#8217;\u00e9viter qu&#8217;elle ne g\u00e8le. Le syst\u00e8me de d\u00e9givrage automatique est activ\u00e9 toutes les 6 heures. Gr\u00e2ce \u00e0 ce cycle de d\u00e9givrage, l&#8217;eau est collect\u00e9e dans le cong\u00e9lateur et se dirige vers le moteur o\u00f9 elle s&#8217;\u00e9vapore. Cela permet d&#8217;\u00e9viter que les parois gel\u00e9es et les aliments ne se collent les uns aux autres dans le cong\u00e9lateur.<\/p>\n<h3>clayettes GN 2\/1<\/h3>\n<p>Un autre avantage de ce cong\u00e9lateur est qu&#8217;il peut \u00eatre enti\u00e8rement personnalis\u00e9. Contrairement \u00e0 de nombreux cong\u00e9lateurs, celui-ci poss\u00e8de des grilles s\u00e9par\u00e9es. Vous pouvez placer les clayettes \u00e0 la hauteur souhait\u00e9e et les agrandir si vous souhaitez cr\u00e9er plusieurs niveaux. La hauteur des guides peut \u00eatre r\u00e9gl\u00e9e par incr\u00e9ments de 5 cm. Les grilles sont recouvertes d&#8217;un rev\u00eatement antitache et pr\u00e9sentent un bord sur\u00e9lev\u00e9 \u00e0 l&#8217;arri\u00e8re. Cela \u00e9vite que les produits ne s&#8217;approchent trop de la paroi arri\u00e8re et garantit une bonne circulation de l&#8217;air froid dans le cong\u00e9lateur. Le cong\u00e9lateur est \u00e9galement \u00e9quip\u00e9 d&#8217;une serrure, ce qui vous permet de conserver vos produits congel\u00e9s en toute s\u00e9curit\u00e9.<\/p>\n<h3>Cong\u00e9lateur transportable<\/h3>\n<p>La plupart des cong\u00e9lateurs sont volumineux et difficiles \u00e0 manipuler. Cependant, ce cong\u00e9lateur est \u00e9quip\u00e9 de quatre roues, dont les roues avant sont munies d&#8217;un frein. Cela vous permet de d\u00e9placer facilement le cong\u00e9lateur et facilite le nettoyage sous et derri\u00e8re celui-ci. Le cong\u00e9lateur doit \u00e9galement \u00eatre nettoy\u00e9 r\u00e9guli\u00e8rement, ce qui prolonge sa dur\u00e9e de vie. Assurez-vous que le cong\u00e9lateur est vide et d\u00e9branchez-le. Nettoyez l&#8217;int\u00e9rieur, les \u00e9tag\u00e8res, la porte et le caoutchouc de la porte avec un chiffon doux, de l&#8217;eau et un d\u00e9tergent doux. Vous pouvez nettoyer l&#8217;ext\u00e9rieur avec un chiffon doux et humide. Vous prolongerez ainsi la dur\u00e9e de vie de votre cong\u00e9lateur.<\/p>\n<p>Vous \u00eates int\u00e9ress\u00e9 par un beau cong\u00e9lateur avec une porte en verre et une plage de temp\u00e9rature de -18 \u00e0 -22\u00b0C ? Un cong\u00e9lateur \u00e9conome en \u00e9nergie et facile \u00e0 d\u00e9placer ? Commandez ce magnifique cong\u00e9lateur d\u00e8s maintenant ! Vous pr\u00e9f\u00e9rez les conseils de nos sp\u00e9cialistes ? Contactez notre service client\u00e8le.<\/p>\n<p><strong>Caract\u00e9ristiques<\/strong><\/p>\n<ul>\n<li>Temp\u00e9rature ambiante maximale de 38\u00b0C<\/li>\n<li>Isolation protectrice compacte de 6 cm<\/li>\n<li>Cycle de refroidissement sp\u00e9cialis\u00e9 pour r\u00e9duire la formation de glace<\/li>\n<li>Plage de temp\u00e9rature de -18 \u00e0 -22\u00b0C<\/li>\n<li>Contr\u00f4le num\u00e9rique de la temp\u00e9rature (Dixell)<\/li>\n<\/ul>\n<p><strong>Caract\u00e9ristiques du produit<\/strong><\/p>\n<ul>\n<li>Poids net : 128 kg<\/li>\n<li>Capacit\u00e9 nette : 650 L<\/li>\n<li>Dimensions ext\u00e9rieures : L74,5 x P83 x H202 cm<\/li>\n<li>Dimensions int\u00e9rieures : L62 x P70 x H141,5 cm<\/li>\n<li>230V \/ 50Hz \/ 1 Phase 420W<\/li>\n<\/ul>\n<p><em>Incluant<\/em><\/p>\n<ul>\n<li><em>3 grilles avec guides 54 x 65 cm<\/em><\/li>\n<\/ul>","protected":false},"excerpt":{"rendered":"<p>Ce cong\u00e9lateur \u00e0 porte vitr\u00e9e a une capacit\u00e9 de cong\u00e9lation brute de 700 litres et est indispensable pour congeler de grandes quantit\u00e9s d&#8217;aliments, de viandes et de poissons. Il est \u00e9quip\u00e9 de trois grilles de 2\/1 GN et est enti\u00e8rement personnalisable en hauteur. La fonction de d\u00e9givrage automatique permet d&#8217;\u00e9viter la formation de glace sur les parois du cong\u00e9lateur.<\/p>","protected":false},"featured_media":8829,"template":"","meta":{"_acf_changed":false},"product_brand":[],"product_cat":[474],"product_tag":[],"class_list":{"0":"post-15047","1":"product","2":"type-product","3":"status-publish","4":"has-post-thumbnail","6":"product_cat-armoires-refrigerees-positif-negatif-2","8":"first","9":"instock","10":"sale","11":"taxable","12":"shipping-taxable","13":"purchasable","14":"product-type-simple"},"acf":[],"yoast_head":"<!-- This site is optimized with the Yoast SEO plugin v27.5 - https:\/\/yoast.com\/product\/yoast-seo-wordpress\/ -->\n<title>Cong\u00e9lateur - 700 L - 3 \u00e9tag\u00e8res r\u00e9glables (2\/1 GN) - acier inoxydable - avec porte en verre - Gastora<\/title>\n<meta name=\"description\" content=\"Achetez Cong\u00e9lateur - 700 L - 3 \u00e9tag\u00e8res r\u00e9glables (2\/1 GN) - acier inoxydable - avec porte en verre au meilleur prix, fiable et performant avec une livraison rapide\" \/>\n<meta name=\"robots\" content=\"index, follow, max-snippet:-1, max-image-preview:large, max-video-preview:-1\" \/>\n<link rel=\"canonical\" href=\"https:\/\/gastora.eu\/en\/product\/conglateur-700-l-3-tagres-rglables-21-gn-acier-inoxydable-avec-porte-en-verre\/\" \/>\n<meta property=\"og:locale\" content=\"en_US\" \/>\n<meta property=\"og:type\" content=\"article\" \/>\n<meta property=\"og:title\" content=\"Cong\u00e9lateur - 700 L - 3 \u00e9tag\u00e8res r\u00e9glables (2\/1 GN) - acier inoxydable - avec porte en verre - Gastora\" \/>\n<meta property=\"og:description\" content=\"Achetez Cong\u00e9lateur - 700 L - 3 \u00e9tag\u00e8res r\u00e9glables (2\/1 GN) - acier inoxydable - avec porte en verre au meilleur prix, fiable et performant avec une livraison rapide\" \/>\n<meta property=\"og:url\" content=\"https:\/\/gastora.eu\/en\/product\/conglateur-700-l-3-tagres-rglables-21-gn-acier-inoxydable-avec-porte-en-verre\/\" \/>\n<meta property=\"og:site_name\" content=\"Gastora\" \/>\n<meta property=\"article:modified_time\" content=\"2026-04-28T16:57:41+00:00\" \/>\n<meta name=\"twitter:card\" content=\"summary_large_image\" \/>\n<meta name=\"twitter:label1\" content=\"Est. reading time\" \/>\n\t<meta name=\"twitter:data1\" content=\"3 minutes\" \/>\n<script type=\"application\/ld+json\" class=\"yoast-schema-graph\">{\"@context\":\"https:\\\/\\\/schema.org\",\"@graph\":[{\"@type\":\"WebPage\",\"@id\":\"https:\\\/\\\/gastora.eu\\\/product\\\/conglateur-700-l-3-tagres-rglables-21-gn-acier-inoxydable-avec-porte-en-verre\\\/\",\"url\":\"https:\\\/\\\/gastora.eu\\\/product\\\/conglateur-700-l-3-tagres-rglables-21-gn-acier-inoxydable-avec-porte-en-verre\\\/\",\"name\":\"Cong\u00e9lateur - 700 L - 3 \u00e9tag\u00e8res r\u00e9glables (2\\\/1 GN) - acier inoxydable - avec porte en verre - Gastora\",\"isPartOf\":{\"@id\":\"https:\\\/\\\/gastora.eu\\\/#website\"},\"primaryImageOfPage\":{\"@id\":\"https:\\\/\\\/gastora.eu\\\/product\\\/conglateur-700-l-3-tagres-rglables-21-gn-acier-inoxydable-avec-porte-en-verre\\\/#primaryimage\"},\"image\":{\"@id\":\"https:\\\/\\\/gastora.eu\\\/product\\\/conglateur-700-l-3-tagres-rglables-21-gn-acier-inoxydable-avec-porte-en-verre\\\/#primaryimage\"},\"thumbnailUrl\":\"https:\\\/\\\/gastora.eu\\\/wp-content\\\/uploads\\\/2026\\\/04\\\/sp-1000-09400006_3.jpg\",\"datePublished\":\"2026-04-26T08:50:01+00:00\",\"dateModified\":\"2026-04-28T16:57:41+00:00\",\"description\":\"Achetez Cong\u00e9lateur - 700 L - 3 \u00e9tag\u00e8res r\u00e9glables (2\\\/1 GN) - acier inoxydable - avec porte en verre au meilleur prix, fiable et performant avec une livraison rapide\",\"breadcrumb\":{\"@id\":\"https:\\\/\\\/gastora.eu\\\/product\\\/conglateur-700-l-3-tagres-rglables-21-gn-acier-inoxydable-avec-porte-en-verre\\\/#breadcrumb\"},\"inLanguage\":\"en-US\",\"potentialAction\":[{\"@type\":\"ReadAction\",\"target\":[\"https:\\\/\\\/gastora.eu\\\/product\\\/conglateur-700-l-3-tagres-rglables-21-gn-acier-inoxydable-avec-porte-en-verre\\\/\"]}]},{\"@type\":\"ImageObject\",\"inLanguage\":\"en-US\",\"@id\":\"https:\\\/\\\/gastora.eu\\\/product\\\/conglateur-700-l-3-tagres-rglables-21-gn-acier-inoxydable-avec-porte-en-verre\\\/#primaryimage\",\"url\":\"https:\\\/\\\/gastora.eu\\\/wp-content\\\/uploads\\\/2026\\\/04\\\/sp-1000-09400006_3.jpg\",\"contentUrl\":\"https:\\\/\\\/gastora.eu\\\/wp-content\\\/uploads\\\/2026\\\/04\\\/sp-1000-09400006_3.jpg\",\"width\":1200,\"height\":1200},{\"@type\":\"BreadcrumbList\",\"@id\":\"https:\\\/\\\/gastora.eu\\\/product\\\/conglateur-700-l-3-tagres-rglables-21-gn-acier-inoxydable-avec-porte-en-verre\\\/#breadcrumb\",\"itemListElement\":[{\"@type\":\"ListItem\",\"position\":1,\"name\":\"Home\",\"item\":\"https:\\\/\\\/gastora.eu\\\/\"},{\"@type\":\"ListItem\",\"position\":2,\"name\":\"Shop\",\"item\":\"https:\\\/\\\/gastora.eu\\\/shop\\\/\"},{\"@type\":\"ListItem\",\"position\":3,\"name\":\"Cong\u00e9lateur &#8211; 700 L &#8211; 3 \u00e9tag\u00e8res r\u00e9glables (2\\\/1 GN) &#8211; acier inoxydable &#8211; avec porte en verre\"}]},{\"@type\":\"WebSite\",\"@id\":\"https:\\\/\\\/gastora.eu\\\/#website\",\"url\":\"https:\\\/\\\/gastora.eu\\\/\",\"name\":\"Gastora\",\"description\":\"\u00c9quipements professionnels CHR\",\"publisher\":{\"@id\":\"https:\\\/\\\/gastora.eu\\\/#organization\"},\"potentialAction\":[{\"@type\":\"SearchAction\",\"target\":{\"@type\":\"EntryPoint\",\"urlTemplate\":\"https:\\\/\\\/gastora.eu\\\/?s={search_term_string}\"},\"query-input\":{\"@type\":\"PropertyValueSpecification\",\"valueRequired\":true,\"valueName\":\"search_term_string\"}}],\"inLanguage\":\"en-US\"},{\"@type\":\"Organization\",\"@id\":\"https:\\\/\\\/gastora.eu\\\/#organization\",\"name\":\"Gastora\",\"url\":\"https:\\\/\\\/gastora.eu\\\/\",\"logo\":{\"@type\":\"ImageObject\",\"inLanguage\":\"en-US\",\"@id\":\"https:\\\/\\\/gastora.eu\\\/#\\\/schema\\\/logo\\\/image\\\/\",\"url\":\"https:\\\/\\\/gastora.eu\\\/wp-content\\\/uploads\\\/2025\\\/12\\\/ChatGPT-Image-2-janv.-2026-22_52_47-1.png\",\"contentUrl\":\"https:\\\/\\\/gastora.eu\\\/wp-content\\\/uploads\\\/2025\\\/12\\\/ChatGPT-Image-2-janv.-2026-22_52_47-1.png\",\"width\":1536,\"height\":320,\"caption\":\"Gastora\"},\"image\":{\"@id\":\"https:\\\/\\\/gastora.eu\\\/#\\\/schema\\\/logo\\\/image\\\/\"}}]}<\/script>\n<!-- \/ Yoast SEO plugin. -->","yoast_head_json":{"title":"Cong\u00e9lateur - 700 L - 3 \u00e9tag\u00e8res r\u00e9glables (2\/1 GN) - acier inoxydable - avec porte en verre - Gastora","description":"Achetez Cong\u00e9lateur - 700 L - 3 \u00e9tag\u00e8res r\u00e9glables (2\/1 GN) - acier inoxydable - avec porte en verre au meilleur prix, fiable et performant avec une livraison rapide","robots":{"index":"index","follow":"follow","max-snippet":"max-snippet:-1","max-image-preview":"max-image-preview:large","max-video-preview":"max-video-preview:-1"},"canonical":"https:\/\/gastora.eu\/en\/product\/conglateur-700-l-3-tagres-rglables-21-gn-acier-inoxydable-avec-porte-en-verre\/","og_locale":"en_US","og_type":"article","og_title":"Cong\u00e9lateur - 700 L - 3 \u00e9tag\u00e8res r\u00e9glables (2\/1 GN) - acier inoxydable - avec porte en verre - Gastora","og_description":"Achetez Cong\u00e9lateur - 700 L - 3 \u00e9tag\u00e8res r\u00e9glables (2\/1 GN) - acier inoxydable - avec porte en verre au meilleur prix, fiable et performant avec une livraison rapide","og_url":"https:\/\/gastora.eu\/en\/product\/conglateur-700-l-3-tagres-rglables-21-gn-acier-inoxydable-avec-porte-en-verre\/","og_site_name":"Gastora","article_modified_time":"2026-04-28T16:57:41+00:00","twitter_card":"summary_large_image","twitter_misc":{"Est. reading time":"3 minutes"},"schema":{"@context":"https:\/\/schema.org","@graph":[{"@type":"WebPage","@id":"https:\/\/gastora.eu\/product\/conglateur-700-l-3-tagres-rglables-21-gn-acier-inoxydable-avec-porte-en-verre\/","url":"https:\/\/gastora.eu\/product\/conglateur-700-l-3-tagres-rglables-21-gn-acier-inoxydable-avec-porte-en-verre\/","name":"Cong\u00e9lateur - 700 L - 3 \u00e9tag\u00e8res r\u00e9glables (2\/1 GN) - acier inoxydable - avec porte en verre - Gastora","isPartOf":{"@id":"https:\/\/gastora.eu\/#website"},"primaryImageOfPage":{"@id":"https:\/\/gastora.eu\/product\/conglateur-700-l-3-tagres-rglables-21-gn-acier-inoxydable-avec-porte-en-verre\/#primaryimage"},"image":{"@id":"https:\/\/gastora.eu\/product\/conglateur-700-l-3-tagres-rglables-21-gn-acier-inoxydable-avec-porte-en-verre\/#primaryimage"},"thumbnailUrl":"https:\/\/gastora.eu\/wp-content\/uploads\/2026\/04\/sp-1000-09400006_3.jpg","datePublished":"2026-04-26T08:50:01+00:00","dateModified":"2026-04-28T16:57:41+00:00","description":"Achetez Cong\u00e9lateur - 700 L - 3 \u00e9tag\u00e8res r\u00e9glables (2\/1 GN) - acier inoxydable - avec porte en verre au meilleur prix, fiable et performant avec une livraison rapide","breadcrumb":{"@id":"https:\/\/gastora.eu\/product\/conglateur-700-l-3-tagres-rglables-21-gn-acier-inoxydable-avec-porte-en-verre\/#breadcrumb"},"inLanguage":"en-US","potentialAction":[{"@type":"ReadAction","target":["https:\/\/gastora.eu\/product\/conglateur-700-l-3-tagres-rglables-21-gn-acier-inoxydable-avec-porte-en-verre\/"]}]},{"@type":"ImageObject","inLanguage":"en-US","@id":"https:\/\/gastora.eu\/product\/conglateur-700-l-3-tagres-rglables-21-gn-acier-inoxydable-avec-porte-en-verre\/#primaryimage","url":"https:\/\/gastora.eu\/wp-content\/uploads\/2026\/04\/sp-1000-09400006_3.jpg","contentUrl":"https:\/\/gastora.eu\/wp-content\/uploads\/2026\/04\/sp-1000-09400006_3.jpg","width":1200,"height":1200},{"@type":"BreadcrumbList","@id":"https:\/\/gastora.eu\/product\/conglateur-700-l-3-tagres-rglables-21-gn-acier-inoxydable-avec-porte-en-verre\/#breadcrumb","itemListElement":[{"@type":"ListItem","position":1,"name":"Home","item":"https:\/\/gastora.eu\/"},{"@type":"ListItem","position":2,"name":"Shop","item":"https:\/\/gastora.eu\/shop\/"},{"@type":"ListItem","position":3,"name":"Cong\u00e9lateur &#8211; 700 L &#8211; 3 \u00e9tag\u00e8res r\u00e9glables (2\/1 GN) &#8211; acier inoxydable &#8211; avec porte en verre"}]},{"@type":"WebSite","@id":"https:\/\/gastora.eu\/#website","url":"https:\/\/gastora.eu\/","name":"Gastora","description":"\u00c9quipements professionnels CHR","publisher":{"@id":"https:\/\/gastora.eu\/#organization"},"potentialAction":[{"@type":"SearchAction","target":{"@type":"EntryPoint","urlTemplate":"https:\/\/gastora.eu\/?s={search_term_string}"},"query-input":{"@type":"PropertyValueSpecification","valueRequired":true,"valueName":"search_term_string"}}],"inLanguage":"en-US"},{"@type":"Organization","@id":"https:\/\/gastora.eu\/#organization","name":"Gastora","url":"https:\/\/gastora.eu\/","logo":{"@type":"ImageObject","inLanguage":"en-US","@id":"https:\/\/gastora.eu\/#\/schema\/logo\/image\/","url":"https:\/\/gastora.eu\/wp-content\/uploads\/2025\/12\/ChatGPT-Image-2-janv.-2026-22_52_47-1.png","contentUrl":"https:\/\/gastora.eu\/wp-content\/uploads\/2025\/12\/ChatGPT-Image-2-janv.-2026-22_52_47-1.png","width":1536,"height":320,"caption":"Gastora"},"image":{"@id":"https:\/\/gastora.eu\/#\/schema\/logo\/image\/"}}]}},"jetpack_sharing_enabled":true,"_links":{"self":[{"href":"https:\/\/gastora.eu\/en\/wp-json\/wp\/v2\/product\/15047","targetHints":{"allow":["GET"]}}],"collection":[{"href":"https:\/\/gastora.eu\/en\/wp-json\/wp\/v2\/product"}],"about":[{"href":"https:\/\/gastora.eu\/en\/wp-json\/wp\/v2\/types\/product"}],"wp:featuredmedia":[{"embeddable":true,"href":"https:\/\/gastora.eu\/en\/wp-json\/wp\/v2\/media\/8829"}],"wp:attachment":[{"href":"https:\/\/gastora.eu\/en\/wp-json\/wp\/v2\/media?parent=15047"}],"wp:term":[{"taxonomy":"product_brand","embeddable":true,"href":"https:\/\/gastora.eu\/en\/wp-json\/wp\/v2\/product_brand?post=15047"},{"taxonomy":"product_cat","embeddable":true,"href":"https:\/\/gastora.eu\/en\/wp-json\/wp\/v2\/product_cat?post=15047"},{"taxonomy":"product_tag","embeddable":true,"href":"https:\/\/gastora.eu\/en\/wp-json\/wp\/v2\/product_tag?post=15047"}],"curies":[{"name":"wp","href":"https:\/\/api.w.org\/{rel}","templated":true}]}}