{"id":15046,"date":"2026-04-26T08:50:00","date_gmt":"2026-04-26T08:50:00","guid":{"rendered":"https:\/\/gastora.eu\/?post_type=product&#038;p=15046"},"modified":"2026-04-28T16:57:41","modified_gmt":"2026-04-28T16:57:41","slug":"conglateur-700-l-3-tagres-rglables-21-gn-sur-roulettes-incl-tagres","status":"publish","type":"product","link":"https:\/\/gastora.eu\/en\/product\/conglateur-700-l-3-tagres-rglables-21-gn-sur-roulettes-incl-tagres\/","title":{"rendered":"Cong\u00e9lateur &#8211; 700 L &#8211; 3 \u00e9tag\u00e8res r\u00e9glables (2\/1 GN) &#8211; sur roulettes &#8211; incl \u00e9tag\u00e8res"},"content":{"rendered":"<p>Dans toute entreprise de restauration, il est important d&#8217;avoir suffisamment de produits en stock. Heureusement, de nombreux produits peuvent \u00eatre congel\u00e9s, ce qui vous permet de disposer d&#8217;un stock suffisant de produits frais. Ce cong\u00e9lateur a une capacit\u00e9 de cong\u00e9lation brute de 700 litres et convient au stockage de nombreux produits. Le refroidissement ventil\u00e9 assure un refroidissement uniforme du cong\u00e9lateur.<\/p>\n<h3>\u00c9tag\u00e8res r\u00e9glables<\/h3>\n<p>La plupart des cong\u00e9lateurs sont \u00e9quip\u00e9s de clayettes fixes. Cela limite le nombre de niveaux ainsi que leur hauteur. Avec ce cong\u00e9lateur, vous pouvez placer les clayettes \u00e0 n&#8217;importe quelle hauteur. Vous pouvez fixer les guides par incr\u00e9ments de 5 cm et glisser les clayettes au format GN 2\/1 dans ces guides. Ce cong\u00e9lateur de 700 litres est \u00e9quip\u00e9 de trois jeux de grilles et de guides, mais vous pouvez en commander d&#8217;autres sur notre site Internet.<\/p>\n<h3>Grande capacit\u00e9 de cong\u00e9lation<\/h3>\n<p>Ce grand cong\u00e9lateur a une capacit\u00e9 de cong\u00e9lation nette de 650 litres. La temp\u00e9rature peut \u00eatre r\u00e9gl\u00e9e facilement sans ouvrir la porte. La plage de temp\u00e9rature du cong\u00e9lateur s&#8217;\u00e9tend de -18 \u00e0 -22\u00b0C et est facilement lisible sur l&#8217;\u00e9cran num\u00e9rique. De plus, le cong\u00e9lateur est \u00e9quip\u00e9 d&#8217;un \u00e9clairage qui s&#8217;allume automatiquement lorsque vous ouvrez la porte. Vous pouvez \u00e9galement verrouiller la porte \u00e0 l&#8217;aide d&#8217;une cl\u00e9. Les portes se ferment \u00e9galement automatiquement gr\u00e2ce au joint de porte magn\u00e9tique.<\/p>\n<h3>Cong\u00e9lateur \u00e0 d\u00e9givrage automatique<\/h3>\n<p>La glace accumul\u00e9e appartient au pass\u00e9, car ce cong\u00e9lateur de 700 litres est dot\u00e9 d&#8217;un cycle de d\u00e9givrage automatique, \u00e9galement appel\u00e9 autod\u00e9givrage. Toutes les six heures, le cong\u00e9lateur d\u00e9marre le cycle de d\u00e9givrage. L&#8217;eau est recueillie dans le cong\u00e9lateur et achemin\u00e9e vers le moteur o\u00f9 elle s&#8217;\u00e9vapore. Gr\u00e2ce \u00e0 ce cycle de d\u00e9givrage automatique, les parois et les grilles du cong\u00e9lateur restent propres et les aliments ne collent pas entre eux. Cependant, il est toujours important de d\u00e9givrer compl\u00e8tement et de nettoyer le cong\u00e9lateur de temps en temps. Les caoutchoucs des portes sont chauff\u00e9s, ce qui emp\u00eache les portes de geler.<\/p>\n<h3>Nettoyage du cong\u00e9lateur<\/h3>\n<p>La fonction de d\u00e9givrage automatique emp\u00eache la formation de glace sur les parois. Le nettoyage du cong\u00e9lateur est donc tr\u00e8s facile. \u00c9teignez le cong\u00e9lateur et d\u00e9branchez-le. Videz le cong\u00e9lateur ; il est pr\u00e9f\u00e9rable de placer les restes d&#8217;aliments congel\u00e9s dans un autre cong\u00e9lateur. Nettoyez l&#8217;int\u00e9rieur avec de l&#8217;eau et un d\u00e9tergent doux lorsque le cong\u00e9lateur est vide. Utilisez un chiffon doux pour essuyer l&#8217;int\u00e9rieur et nettoyer les grilles. N&#8217;oubliez pas de nettoyer soigneusement les caoutchoucs de la porte. Lorsque tout est propre, s\u00e9chez l&#8217;int\u00e9rieur et les pi\u00e8ces \u00e0 l&#8217;aide d&#8217;un chiffon doux. Lorsque tout est propre, vous pouvez remettre le cong\u00e9lateur en marche. Comme le cong\u00e9lateur est fabriqu\u00e9 en acier inoxydable, il restera beau et ne se corrodera pas.<\/p>\n<p>Vous cherchez un beau cong\u00e9lateur avec une grande capacit\u00e9 de cong\u00e9lation, facile \u00e0 entretenir et pouvant \u00eatre d\u00e9plac\u00e9 facilement sur des roulettes ? Dans ce cas, ce cong\u00e9lateur convient \u00e0 votre entreprise de restauration. Vous pensez que ce cong\u00e9lateur est trop petit ou peut-\u00eatre trop grand ? Consultez notre large gamme de cong\u00e9lateurs ou demandez conseil \u00e0 nos sp\u00e9cialistes.<\/p>\n<p><strong>Caract\u00e9ristiques<\/strong><\/p>\n<ul>\n<li>Temp\u00e9rature ambiante maximale de 43\u00b0C<\/li>\n<li>Isolation protectrice compacte de 6 cm<\/li>\n<li>Cycle de r\u00e9frig\u00e9ration sp\u00e9cialis\u00e9 pour r\u00e9duire la formation de glace<\/li>\n<li>Plage de temp\u00e9rature de -18 \u00e0 -22\u00b0C<\/li>\n<li>Contr\u00f4le num\u00e9rique de la temp\u00e9rature (Dixell)<\/li>\n<\/ul>\n<p><strong>Caract\u00e9ristiques du produit<\/strong><\/p>\n<ul>\n<li>Poids net : 113 kg<\/li>\n<li>Capacit\u00e9 nette : 650l<\/li>\n<li>Dimensions ext\u00e9rieures : L74.5 x P83 x H202cm<\/li>\n<li>Dimensions int\u00e9rieures : L62 x P70 x H141,5cm<\/li>\n<li>230V \/ 50Hz \/ 1 Phase 380W<\/li>\n<\/ul>\n<p><em>Incluant<\/em><\/p>\n<ul>\n<li><em>3 grilles avec guides 54 x 65cm<\/em><\/li>\n<\/ul>","protected":false},"excerpt":{"rendered":"<p>Ce cong\u00e9lateur a une capacit\u00e9 de cong\u00e9lation brute de 700 litres et est indispensable pour congeler de grandes quantit\u00e9s d&#8217;aliments, de viandes et de poissons. Il est \u00e9quip\u00e9 de trois grilles de 2\/1 GN et est enti\u00e8rement personnalisable en hauteur. La fonction de d\u00e9givrage automatique permet d&#8217;\u00e9viter la formation de glace sur les parois du cong\u00e9lateur.<\/p>","protected":false},"featured_media":8827,"template":"","meta":{"_acf_changed":false},"product_brand":[],"product_cat":[474],"product_tag":[],"class_list":{"0":"post-15046","1":"product","2":"type-product","3":"status-publish","4":"has-post-thumbnail","6":"product_cat-armoires-refrigerees-positif-negatif-2","8":"first","9":"instock","10":"sale","11":"taxable","12":"shipping-taxable","13":"purchasable","14":"product-type-simple"},"acf":[],"yoast_head":"<!-- This site is optimized with the Yoast SEO plugin v27.5 - https:\/\/yoast.com\/product\/yoast-seo-wordpress\/ -->\n<title>Cong\u00e9lateur - 700 L - 3 \u00e9tag\u00e8res r\u00e9glables (2\/1 GN) - sur roulettes - incl \u00e9tag\u00e8res - Gastora<\/title>\n<meta name=\"description\" content=\"Achetez Cong\u00e9lateur - 700 L - 3 \u00e9tag\u00e8res r\u00e9glables (2\/1 GN) - sur roulettes - incl \u00e9tag\u00e8res au meilleur prix, fiable et performant avec une livraison rapide\" \/>\n<meta name=\"robots\" content=\"index, follow, max-snippet:-1, max-image-preview:large, max-video-preview:-1\" \/>\n<link rel=\"canonical\" href=\"https:\/\/gastora.eu\/en\/product\/conglateur-700-l-3-tagres-rglables-21-gn-sur-roulettes-incl-tagres\/\" \/>\n<meta property=\"og:locale\" content=\"en_US\" \/>\n<meta property=\"og:type\" content=\"article\" \/>\n<meta property=\"og:title\" content=\"Cong\u00e9lateur - 700 L - 3 \u00e9tag\u00e8res r\u00e9glables (2\/1 GN) - sur roulettes - incl \u00e9tag\u00e8res - Gastora\" \/>\n<meta property=\"og:description\" content=\"Achetez Cong\u00e9lateur - 700 L - 3 \u00e9tag\u00e8res r\u00e9glables (2\/1 GN) - sur roulettes - incl \u00e9tag\u00e8res au meilleur prix, fiable et performant avec une livraison rapide\" \/>\n<meta property=\"og:url\" content=\"https:\/\/gastora.eu\/en\/product\/conglateur-700-l-3-tagres-rglables-21-gn-sur-roulettes-incl-tagres\/\" \/>\n<meta property=\"og:site_name\" content=\"Gastora\" \/>\n<meta property=\"article:modified_time\" content=\"2026-04-28T16:57:41+00:00\" \/>\n<meta name=\"twitter:card\" content=\"summary_large_image\" \/>\n<meta name=\"twitter:label1\" content=\"Est. reading time\" \/>\n\t<meta name=\"twitter:data1\" content=\"3 minutes\" \/>\n<script type=\"application\/ld+json\" class=\"yoast-schema-graph\">{\"@context\":\"https:\\\/\\\/schema.org\",\"@graph\":[{\"@type\":\"WebPage\",\"@id\":\"https:\\\/\\\/gastora.eu\\\/product\\\/conglateur-700-l-3-tagres-rglables-21-gn-sur-roulettes-incl-tagres\\\/\",\"url\":\"https:\\\/\\\/gastora.eu\\\/product\\\/conglateur-700-l-3-tagres-rglables-21-gn-sur-roulettes-incl-tagres\\\/\",\"name\":\"Cong\u00e9lateur - 700 L - 3 \u00e9tag\u00e8res r\u00e9glables (2\\\/1 GN) - sur roulettes - incl \u00e9tag\u00e8res - Gastora\",\"isPartOf\":{\"@id\":\"https:\\\/\\\/gastora.eu\\\/#website\"},\"primaryImageOfPage\":{\"@id\":\"https:\\\/\\\/gastora.eu\\\/product\\\/conglateur-700-l-3-tagres-rglables-21-gn-sur-roulettes-incl-tagres\\\/#primaryimage\"},\"image\":{\"@id\":\"https:\\\/\\\/gastora.eu\\\/product\\\/conglateur-700-l-3-tagres-rglables-21-gn-sur-roulettes-incl-tagres\\\/#primaryimage\"},\"thumbnailUrl\":\"https:\\\/\\\/gastora.eu\\\/wp-content\\\/uploads\\\/2026\\\/04\\\/1_r600_gn__0069_5.jpg\",\"datePublished\":\"2026-04-26T08:50:00+00:00\",\"dateModified\":\"2026-04-28T16:57:41+00:00\",\"description\":\"Achetez Cong\u00e9lateur - 700 L - 3 \u00e9tag\u00e8res r\u00e9glables (2\\\/1 GN) - sur roulettes - incl \u00e9tag\u00e8res au meilleur prix, fiable et performant avec une livraison rapide\",\"breadcrumb\":{\"@id\":\"https:\\\/\\\/gastora.eu\\\/product\\\/conglateur-700-l-3-tagres-rglables-21-gn-sur-roulettes-incl-tagres\\\/#breadcrumb\"},\"inLanguage\":\"en-US\",\"potentialAction\":[{\"@type\":\"ReadAction\",\"target\":[\"https:\\\/\\\/gastora.eu\\\/product\\\/conglateur-700-l-3-tagres-rglables-21-gn-sur-roulettes-incl-tagres\\\/\"]}]},{\"@type\":\"ImageObject\",\"inLanguage\":\"en-US\",\"@id\":\"https:\\\/\\\/gastora.eu\\\/product\\\/conglateur-700-l-3-tagres-rglables-21-gn-sur-roulettes-incl-tagres\\\/#primaryimage\",\"url\":\"https:\\\/\\\/gastora.eu\\\/wp-content\\\/uploads\\\/2026\\\/04\\\/1_r600_gn__0069_5.jpg\",\"contentUrl\":\"https:\\\/\\\/gastora.eu\\\/wp-content\\\/uploads\\\/2026\\\/04\\\/1_r600_gn__0069_5.jpg\",\"width\":1200,\"height\":1200},{\"@type\":\"BreadcrumbList\",\"@id\":\"https:\\\/\\\/gastora.eu\\\/product\\\/conglateur-700-l-3-tagres-rglables-21-gn-sur-roulettes-incl-tagres\\\/#breadcrumb\",\"itemListElement\":[{\"@type\":\"ListItem\",\"position\":1,\"name\":\"Home\",\"item\":\"https:\\\/\\\/gastora.eu\\\/\"},{\"@type\":\"ListItem\",\"position\":2,\"name\":\"Shop\",\"item\":\"https:\\\/\\\/gastora.eu\\\/shop\\\/\"},{\"@type\":\"ListItem\",\"position\":3,\"name\":\"Cong\u00e9lateur &#8211; 700 L &#8211; 3 \u00e9tag\u00e8res r\u00e9glables (2\\\/1 GN) &#8211; sur roulettes &#8211; incl \u00e9tag\u00e8res\"}]},{\"@type\":\"WebSite\",\"@id\":\"https:\\\/\\\/gastora.eu\\\/#website\",\"url\":\"https:\\\/\\\/gastora.eu\\\/\",\"name\":\"Gastora\",\"description\":\"\u00c9quipements professionnels CHR\",\"publisher\":{\"@id\":\"https:\\\/\\\/gastora.eu\\\/#organization\"},\"potentialAction\":[{\"@type\":\"SearchAction\",\"target\":{\"@type\":\"EntryPoint\",\"urlTemplate\":\"https:\\\/\\\/gastora.eu\\\/?s={search_term_string}\"},\"query-input\":{\"@type\":\"PropertyValueSpecification\",\"valueRequired\":true,\"valueName\":\"search_term_string\"}}],\"inLanguage\":\"en-US\"},{\"@type\":\"Organization\",\"@id\":\"https:\\\/\\\/gastora.eu\\\/#organization\",\"name\":\"Gastora\",\"url\":\"https:\\\/\\\/gastora.eu\\\/\",\"logo\":{\"@type\":\"ImageObject\",\"inLanguage\":\"en-US\",\"@id\":\"https:\\\/\\\/gastora.eu\\\/#\\\/schema\\\/logo\\\/image\\\/\",\"url\":\"https:\\\/\\\/gastora.eu\\\/wp-content\\\/uploads\\\/2025\\\/12\\\/ChatGPT-Image-2-janv.-2026-22_52_47-1.png\",\"contentUrl\":\"https:\\\/\\\/gastora.eu\\\/wp-content\\\/uploads\\\/2025\\\/12\\\/ChatGPT-Image-2-janv.-2026-22_52_47-1.png\",\"width\":1536,\"height\":320,\"caption\":\"Gastora\"},\"image\":{\"@id\":\"https:\\\/\\\/gastora.eu\\\/#\\\/schema\\\/logo\\\/image\\\/\"}}]}<\/script>\n<!-- \/ Yoast SEO plugin. -->","yoast_head_json":{"title":"Cong\u00e9lateur - 700 L - 3 \u00e9tag\u00e8res r\u00e9glables (2\/1 GN) - sur roulettes - incl \u00e9tag\u00e8res - Gastora","description":"Achetez Cong\u00e9lateur - 700 L - 3 \u00e9tag\u00e8res r\u00e9glables (2\/1 GN) - sur roulettes - incl \u00e9tag\u00e8res au meilleur prix, fiable et performant avec une livraison rapide","robots":{"index":"index","follow":"follow","max-snippet":"max-snippet:-1","max-image-preview":"max-image-preview:large","max-video-preview":"max-video-preview:-1"},"canonical":"https:\/\/gastora.eu\/en\/product\/conglateur-700-l-3-tagres-rglables-21-gn-sur-roulettes-incl-tagres\/","og_locale":"en_US","og_type":"article","og_title":"Cong\u00e9lateur - 700 L - 3 \u00e9tag\u00e8res r\u00e9glables (2\/1 GN) - sur roulettes - incl \u00e9tag\u00e8res - Gastora","og_description":"Achetez Cong\u00e9lateur - 700 L - 3 \u00e9tag\u00e8res r\u00e9glables (2\/1 GN) - sur roulettes - incl \u00e9tag\u00e8res au meilleur prix, fiable et performant avec une livraison rapide","og_url":"https:\/\/gastora.eu\/en\/product\/conglateur-700-l-3-tagres-rglables-21-gn-sur-roulettes-incl-tagres\/","og_site_name":"Gastora","article_modified_time":"2026-04-28T16:57:41+00:00","twitter_card":"summary_large_image","twitter_misc":{"Est. reading time":"3 minutes"},"schema":{"@context":"https:\/\/schema.org","@graph":[{"@type":"WebPage","@id":"https:\/\/gastora.eu\/product\/conglateur-700-l-3-tagres-rglables-21-gn-sur-roulettes-incl-tagres\/","url":"https:\/\/gastora.eu\/product\/conglateur-700-l-3-tagres-rglables-21-gn-sur-roulettes-incl-tagres\/","name":"Cong\u00e9lateur - 700 L - 3 \u00e9tag\u00e8res r\u00e9glables (2\/1 GN) - sur roulettes - incl \u00e9tag\u00e8res - Gastora","isPartOf":{"@id":"https:\/\/gastora.eu\/#website"},"primaryImageOfPage":{"@id":"https:\/\/gastora.eu\/product\/conglateur-700-l-3-tagres-rglables-21-gn-sur-roulettes-incl-tagres\/#primaryimage"},"image":{"@id":"https:\/\/gastora.eu\/product\/conglateur-700-l-3-tagres-rglables-21-gn-sur-roulettes-incl-tagres\/#primaryimage"},"thumbnailUrl":"https:\/\/gastora.eu\/wp-content\/uploads\/2026\/04\/1_r600_gn__0069_5.jpg","datePublished":"2026-04-26T08:50:00+00:00","dateModified":"2026-04-28T16:57:41+00:00","description":"Achetez Cong\u00e9lateur - 700 L - 3 \u00e9tag\u00e8res r\u00e9glables (2\/1 GN) - sur roulettes - incl \u00e9tag\u00e8res au meilleur prix, fiable et performant avec une livraison rapide","breadcrumb":{"@id":"https:\/\/gastora.eu\/product\/conglateur-700-l-3-tagres-rglables-21-gn-sur-roulettes-incl-tagres\/#breadcrumb"},"inLanguage":"en-US","potentialAction":[{"@type":"ReadAction","target":["https:\/\/gastora.eu\/product\/conglateur-700-l-3-tagres-rglables-21-gn-sur-roulettes-incl-tagres\/"]}]},{"@type":"ImageObject","inLanguage":"en-US","@id":"https:\/\/gastora.eu\/product\/conglateur-700-l-3-tagres-rglables-21-gn-sur-roulettes-incl-tagres\/#primaryimage","url":"https:\/\/gastora.eu\/wp-content\/uploads\/2026\/04\/1_r600_gn__0069_5.jpg","contentUrl":"https:\/\/gastora.eu\/wp-content\/uploads\/2026\/04\/1_r600_gn__0069_5.jpg","width":1200,"height":1200},{"@type":"BreadcrumbList","@id":"https:\/\/gastora.eu\/product\/conglateur-700-l-3-tagres-rglables-21-gn-sur-roulettes-incl-tagres\/#breadcrumb","itemListElement":[{"@type":"ListItem","position":1,"name":"Home","item":"https:\/\/gastora.eu\/"},{"@type":"ListItem","position":2,"name":"Shop","item":"https:\/\/gastora.eu\/shop\/"},{"@type":"ListItem","position":3,"name":"Cong\u00e9lateur &#8211; 700 L &#8211; 3 \u00e9tag\u00e8res r\u00e9glables (2\/1 GN) &#8211; sur roulettes &#8211; incl \u00e9tag\u00e8res"}]},{"@type":"WebSite","@id":"https:\/\/gastora.eu\/#website","url":"https:\/\/gastora.eu\/","name":"Gastora","description":"\u00c9quipements professionnels CHR","publisher":{"@id":"https:\/\/gastora.eu\/#organization"},"potentialAction":[{"@type":"SearchAction","target":{"@type":"EntryPoint","urlTemplate":"https:\/\/gastora.eu\/?s={search_term_string}"},"query-input":{"@type":"PropertyValueSpecification","valueRequired":true,"valueName":"search_term_string"}}],"inLanguage":"en-US"},{"@type":"Organization","@id":"https:\/\/gastora.eu\/#organization","name":"Gastora","url":"https:\/\/gastora.eu\/","logo":{"@type":"ImageObject","inLanguage":"en-US","@id":"https:\/\/gastora.eu\/#\/schema\/logo\/image\/","url":"https:\/\/gastora.eu\/wp-content\/uploads\/2025\/12\/ChatGPT-Image-2-janv.-2026-22_52_47-1.png","contentUrl":"https:\/\/gastora.eu\/wp-content\/uploads\/2025\/12\/ChatGPT-Image-2-janv.-2026-22_52_47-1.png","width":1536,"height":320,"caption":"Gastora"},"image":{"@id":"https:\/\/gastora.eu\/#\/schema\/logo\/image\/"}}]}},"jetpack_sharing_enabled":true,"_links":{"self":[{"href":"https:\/\/gastora.eu\/en\/wp-json\/wp\/v2\/product\/15046","targetHints":{"allow":["GET"]}}],"collection":[{"href":"https:\/\/gastora.eu\/en\/wp-json\/wp\/v2\/product"}],"about":[{"href":"https:\/\/gastora.eu\/en\/wp-json\/wp\/v2\/types\/product"}],"wp:featuredmedia":[{"embeddable":true,"href":"https:\/\/gastora.eu\/en\/wp-json\/wp\/v2\/media\/8827"}],"wp:attachment":[{"href":"https:\/\/gastora.eu\/en\/wp-json\/wp\/v2\/media?parent=15046"}],"wp:term":[{"taxonomy":"product_brand","embeddable":true,"href":"https:\/\/gastora.eu\/en\/wp-json\/wp\/v2\/product_brand?post=15046"},{"taxonomy":"product_cat","embeddable":true,"href":"https:\/\/gastora.eu\/en\/wp-json\/wp\/v2\/product_cat?post=15046"},{"taxonomy":"product_tag","embeddable":true,"href":"https:\/\/gastora.eu\/en\/wp-json\/wp\/v2\/product_tag?post=15046"}],"curies":[{"name":"wp","href":"https:\/\/api.w.org\/{rel}","templated":true}]}}