{"id":15045,"date":"2026-04-26T08:49:59","date_gmt":"2026-04-26T08:49:59","guid":{"rendered":"https:\/\/gastora.eu\/?post_type=product&#038;p=15045"},"modified":"2026-04-28T16:57:41","modified_gmt":"2026-04-28T16:57:41","slug":"rfrigrateur-700-l-3-tagres-rglables-21-gn-acier-inoxydable-avec-porte-en-verre","status":"publish","type":"product","link":"https:\/\/gastora.eu\/en\/product\/rfrigrateur-700-l-3-tagres-rglables-21-gn-acier-inoxydable-avec-porte-en-verre\/","title":{"rendered":"R\u00e9frig\u00e9rateur &#8211; 700 L &#8211; 3 \u00e9tag\u00e8res r\u00e9glables (2\/1 GN) &#8211; acier inoxydable &#8211; avec porte en verre"},"content":{"rendered":"<p>Un r\u00e9frig\u00e9rateur est indispensable dans toute entreprise de restauration, petite ou grande. Apr\u00e8s tout, c&#8217;est l\u00e0 que vous gardez vos aliments frais et r\u00e9frig\u00e9r\u00e9s, de sorte que vous puissiez rapidement saisir vos ingr\u00e9dients lorsque vous commencez \u00e0 cuisiner. Il est essentiel que le r\u00e9frig\u00e9rateur soit spacieux, qu&#8217;il refroidisse bien et qu&#8217;il soit facile \u00e0 utiliser.<\/p>\n<h3>Un r\u00e9frig\u00e9rateur flexible et personnalisable<\/h3>\n<p>Ce r\u00e9frig\u00e9rateur de Maxima r\u00e9pond \u00e0 toutes ces exigences ! Ce r\u00e9frig\u00e9rateur de 700 litres en acier inoxydable est \u00e9quip\u00e9 de s\u00e9rie de trois grilles r\u00e9glables en hauteur. Les grilles ont une taille de 2\/1 GN et sont livr\u00e9es avec des jeux de guidage assortis. Les guides peuvent \u00eatre fix\u00e9s par incr\u00e9ments d&#8217;environ 5 cm. Les grilles sont \u00e9galement dot\u00e9es d&#8217;un rev\u00eatement r\u00e9sistant aux taches. Vous pouvez augmenter le nombre de grilles en commandant des grilles suppl\u00e9mentaires dans notre boutique en ligne. Vous pouvez ainsi cr\u00e9er vous-m\u00eame l&#8217;agencement le plus pratique.<\/p>\n<h3>Porte en verre<\/h3>\n<p>Ce r\u00e9frig\u00e9rateur robuste en acier inoxydable est dot\u00e9 de quatre roulettes, ce qui facilite son d\u00e9placement. Il est \u00e9galement dot\u00e9 d&#8217;une porte en verre avec un caoutchouc antibact\u00e9rien chauff\u00e9 pour \u00e9viter le gel. Une porte vitr\u00e9e pr\u00e9sente de nombreux avantages ! Tout d&#8217;abord, vous pouvez imm\u00e9diatement voir votre stock dans le r\u00e9frig\u00e9rateur. Vous pouvez donc commander les ingr\u00e9dients dont vous avez besoin sans ouvrir la porte. Et bien s\u00fbr, une porte vitr\u00e9e est attrayante parce qu&#8217;elle montre le contenu. L&#8217;inconv\u00e9nient est que la condensation est plus susceptible d&#8217;\u00eatre visible sur la porte en verre. Surtout si la porte reste ouverte un peu plus longtemps lorsque le r\u00e9frig\u00e9rateur est rempli de nouveaux l\u00e9gumes, de viande ou de poisson.<\/p>\n<h3>R\u00e9frig\u00e9rateur \u00e9conome en \u00e9nergie<\/h3>\n<p>La porte vitr\u00e9e de ce r\u00e9frig\u00e9rateur se ferme automatiquement ; elle est munie d&#8217;un joint magn\u00e9tique et peut m\u00eame \u00eatre verrouill\u00e9e \u00e0 l&#8217;aide d&#8217;une serrure. Le refroidissement ventil\u00e9, associ\u00e9 \u00e0 une isolation des parois de 6 cm, garantit un refroidissement complet et homog\u00e8ne du r\u00e9frig\u00e9rateur. Vous pouvez contr\u00f4ler la temp\u00e9rature de l&#8217;ext\u00e9rieur gr\u00e2ce \u00e0 l&#8217;affichage num\u00e9rique. Les touches fl\u00e9ch\u00e9es vous permettent de r\u00e9gler facilement la temp\u00e9rature. La plage de temp\u00e9rature de ce r\u00e9frig\u00e9rateur est comprise entre 0 et 8\u00b0C. Les bandes lumineuses LED \u00e0 l&#8217;int\u00e9rieur vous offrent une meilleure visibilit\u00e9 dans votre r\u00e9frig\u00e9rateur. L&#8217;\u00e9clairage LED consomme \u00e9galement moins d&#8217;\u00e9nergie.<\/p>\n<h3>Nettoyage du r\u00e9frig\u00e9rateur<\/h3>\n<p>Ce r\u00e9frig\u00e9rateur lance un cycle de d\u00e9givrage toutes les six heures, ce qui permet d&#8217;\u00e9vacuer l&#8217;eau exc\u00e9dentaire et d&#8217;\u00e9viter la cong\u00e9lation. Il est toutefois essentiel de nettoyer le r\u00e9frig\u00e9rateur r\u00e9guli\u00e8rement. Avant de commencer, d\u00e9branchez et videz le r\u00e9frig\u00e9rateur. Nettoyez l&#8217;int\u00e9rieur du r\u00e9frig\u00e9rateur avec un chiffon doux et humide. Pour ce faire, utilisez de l&#8217;eau et un d\u00e9tergent doux. Nettoyez \u00e9galement l&#8217;int\u00e9rieur de la porte en verre et le caoutchouc de la porte ! Nettoyez les grilles avec un chiffon humide et replacez-les dans le r\u00e9frig\u00e9rateur.<\/p>\n<p>Vous souhaitez ajouter \u00e0 votre cuisine un beau r\u00e9frig\u00e9rateur spacieux de 700 litres avec une porte en verre ? Ce r\u00e9frig\u00e9rateur en acier inoxydable ne rouille pas, la porte en verre lui conf\u00e8re une belle apparence et il est \u00e9conome en \u00e9nergie. Alors, commandez ce r\u00e9frig\u00e9rateur d\u00e8s maintenant !<\/p>\n<p><strong>Caract\u00e9ristiques<\/strong><\/p>\n<ul>\n<li>Temp\u00e9rature ambiante maximale de 38\u00b0C<\/li>\n<li>Isolation protectrice compacte de 6 cm<\/li>\n<li>Cycle de refroidissement sp\u00e9cialis\u00e9 pour r\u00e9duire la formation de glace<\/li>\n<li>Plage de temp\u00e9rature de 0 \u00e0 8\u00b0C<\/li>\n<li>Contr\u00f4le num\u00e9rique de la temp\u00e9rature (Dixell)<\/li>\n<\/ul>\n<p><strong>Caract\u00e9ristiques du produit<\/strong><\/p>\n<ul>\n<li>Poids net : 119 kg<\/li>\n<li>Capacit\u00e9 nette : 650l<\/li>\n<li>Dimensions ext\u00e9rieures : L74,5 x P83 x H202cm<\/li>\n<li>Dimensions int\u00e9rieures : L62 x P70 x H141,5cm<\/li>\n<li>230V \/ 50Hz \/ 1 Phase 240W<\/li>\n<\/ul>\n<p><em>Incluant<\/em><\/p>\n<ul>\n<li><em>3 grilles avec guides 54 x 65cm<\/em><\/li>\n<\/ul>","protected":false},"excerpt":{"rendered":"<p>Ce r\u00e9frig\u00e9rateur en acier inoxydable, d&#8217;une capacit\u00e9 brute de 700 litres, permet de refroidir et de stocker de nombreux produits. Sa porte en verre aux finitions soign\u00e9es vous permet de voir rapidement ce que vous avez en stock. Le r\u00e9frig\u00e9rateur a un format GN 2\/1 et dispose de trois grilles standard.<\/p>","protected":false},"featured_media":8825,"template":"","meta":{"_acf_changed":false},"product_brand":[],"product_cat":[474],"product_tag":[],"class_list":{"0":"post-15045","1":"product","2":"type-product","3":"status-publish","4":"has-post-thumbnail","6":"product_cat-armoires-refrigerees-positif-negatif-2","8":"first","9":"instock","10":"sale","11":"taxable","12":"shipping-taxable","13":"purchasable","14":"product-type-simple"},"acf":[],"yoast_head":"<!-- This site is optimized with the Yoast SEO plugin v27.5 - https:\/\/yoast.com\/product\/yoast-seo-wordpress\/ -->\n<title>R\u00e9frig\u00e9rateur - 700 L - 3 \u00e9tag\u00e8res r\u00e9glables (2\/1 GN) - acier inoxydable - avec porte en verre - Gastora<\/title>\n<meta name=\"description\" content=\"Achetez R\u00e9frig\u00e9rateur - 700 L - 3 \u00e9tag\u00e8res r\u00e9glables (2\/1 GN) - acier inoxydable - avec porte en verre au meilleur prix, fiable et performant avec une livraison rapide\" \/>\n<meta name=\"robots\" content=\"index, follow, max-snippet:-1, max-image-preview:large, max-video-preview:-1\" \/>\n<link rel=\"canonical\" href=\"https:\/\/gastora.eu\/en\/product\/rfrigrateur-700-l-3-tagres-rglables-21-gn-acier-inoxydable-avec-porte-en-verre\/\" \/>\n<meta property=\"og:locale\" content=\"en_US\" \/>\n<meta property=\"og:type\" content=\"article\" \/>\n<meta property=\"og:title\" content=\"R\u00e9frig\u00e9rateur - 700 L - 3 \u00e9tag\u00e8res r\u00e9glables (2\/1 GN) - acier inoxydable - avec porte en verre - Gastora\" \/>\n<meta property=\"og:description\" content=\"Achetez R\u00e9frig\u00e9rateur - 700 L - 3 \u00e9tag\u00e8res r\u00e9glables (2\/1 GN) - acier inoxydable - avec porte en verre au meilleur prix, fiable et performant avec une livraison rapide\" \/>\n<meta property=\"og:url\" content=\"https:\/\/gastora.eu\/en\/product\/rfrigrateur-700-l-3-tagres-rglables-21-gn-acier-inoxydable-avec-porte-en-verre\/\" \/>\n<meta property=\"og:site_name\" content=\"Gastora\" \/>\n<meta property=\"article:modified_time\" content=\"2026-04-28T16:57:41+00:00\" \/>\n<meta name=\"twitter:card\" content=\"summary_large_image\" \/>\n<meta name=\"twitter:label1\" content=\"Est. reading time\" \/>\n\t<meta name=\"twitter:data1\" content=\"3 minutes\" \/>\n<script type=\"application\/ld+json\" class=\"yoast-schema-graph\">{\"@context\":\"https:\\\/\\\/schema.org\",\"@graph\":[{\"@type\":\"WebPage\",\"@id\":\"https:\\\/\\\/gastora.eu\\\/product\\\/rfrigrateur-700-l-3-tagres-rglables-21-gn-acier-inoxydable-avec-porte-en-verre\\\/\",\"url\":\"https:\\\/\\\/gastora.eu\\\/product\\\/rfrigrateur-700-l-3-tagres-rglables-21-gn-acier-inoxydable-avec-porte-en-verre\\\/\",\"name\":\"R\u00e9frig\u00e9rateur - 700 L - 3 \u00e9tag\u00e8res r\u00e9glables (2\\\/1 GN) - acier inoxydable - avec porte en verre - Gastora\",\"isPartOf\":{\"@id\":\"https:\\\/\\\/gastora.eu\\\/#website\"},\"primaryImageOfPage\":{\"@id\":\"https:\\\/\\\/gastora.eu\\\/product\\\/rfrigrateur-700-l-3-tagres-rglables-21-gn-acier-inoxydable-avec-porte-en-verre\\\/#primaryimage\"},\"image\":{\"@id\":\"https:\\\/\\\/gastora.eu\\\/product\\\/rfrigrateur-700-l-3-tagres-rglables-21-gn-acier-inoxydable-avec-porte-en-verre\\\/#primaryimage\"},\"thumbnailUrl\":\"https:\\\/\\\/gastora.eu\\\/wp-content\\\/uploads\\\/2026\\\/04\\\/sp-1000-09400006_2.jpg\",\"datePublished\":\"2026-04-26T08:49:59+00:00\",\"dateModified\":\"2026-04-28T16:57:41+00:00\",\"description\":\"Achetez R\u00e9frig\u00e9rateur - 700 L - 3 \u00e9tag\u00e8res r\u00e9glables (2\\\/1 GN) - acier inoxydable - avec porte en verre au meilleur prix, fiable et performant avec une livraison rapide\",\"breadcrumb\":{\"@id\":\"https:\\\/\\\/gastora.eu\\\/product\\\/rfrigrateur-700-l-3-tagres-rglables-21-gn-acier-inoxydable-avec-porte-en-verre\\\/#breadcrumb\"},\"inLanguage\":\"en-US\",\"potentialAction\":[{\"@type\":\"ReadAction\",\"target\":[\"https:\\\/\\\/gastora.eu\\\/product\\\/rfrigrateur-700-l-3-tagres-rglables-21-gn-acier-inoxydable-avec-porte-en-verre\\\/\"]}]},{\"@type\":\"ImageObject\",\"inLanguage\":\"en-US\",\"@id\":\"https:\\\/\\\/gastora.eu\\\/product\\\/rfrigrateur-700-l-3-tagres-rglables-21-gn-acier-inoxydable-avec-porte-en-verre\\\/#primaryimage\",\"url\":\"https:\\\/\\\/gastora.eu\\\/wp-content\\\/uploads\\\/2026\\\/04\\\/sp-1000-09400006_2.jpg\",\"contentUrl\":\"https:\\\/\\\/gastora.eu\\\/wp-content\\\/uploads\\\/2026\\\/04\\\/sp-1000-09400006_2.jpg\",\"width\":1200,\"height\":1200},{\"@type\":\"BreadcrumbList\",\"@id\":\"https:\\\/\\\/gastora.eu\\\/product\\\/rfrigrateur-700-l-3-tagres-rglables-21-gn-acier-inoxydable-avec-porte-en-verre\\\/#breadcrumb\",\"itemListElement\":[{\"@type\":\"ListItem\",\"position\":1,\"name\":\"Home\",\"item\":\"https:\\\/\\\/gastora.eu\\\/\"},{\"@type\":\"ListItem\",\"position\":2,\"name\":\"Shop\",\"item\":\"https:\\\/\\\/gastora.eu\\\/shop\\\/\"},{\"@type\":\"ListItem\",\"position\":3,\"name\":\"R\u00e9frig\u00e9rateur &#8211; 700 L &#8211; 3 \u00e9tag\u00e8res r\u00e9glables (2\\\/1 GN) &#8211; acier inoxydable &#8211; avec porte en verre\"}]},{\"@type\":\"WebSite\",\"@id\":\"https:\\\/\\\/gastora.eu\\\/#website\",\"url\":\"https:\\\/\\\/gastora.eu\\\/\",\"name\":\"Gastora\",\"description\":\"\u00c9quipements professionnels CHR\",\"publisher\":{\"@id\":\"https:\\\/\\\/gastora.eu\\\/#organization\"},\"potentialAction\":[{\"@type\":\"SearchAction\",\"target\":{\"@type\":\"EntryPoint\",\"urlTemplate\":\"https:\\\/\\\/gastora.eu\\\/?s={search_term_string}\"},\"query-input\":{\"@type\":\"PropertyValueSpecification\",\"valueRequired\":true,\"valueName\":\"search_term_string\"}}],\"inLanguage\":\"en-US\"},{\"@type\":\"Organization\",\"@id\":\"https:\\\/\\\/gastora.eu\\\/#organization\",\"name\":\"Gastora\",\"url\":\"https:\\\/\\\/gastora.eu\\\/\",\"logo\":{\"@type\":\"ImageObject\",\"inLanguage\":\"en-US\",\"@id\":\"https:\\\/\\\/gastora.eu\\\/#\\\/schema\\\/logo\\\/image\\\/\",\"url\":\"https:\\\/\\\/gastora.eu\\\/wp-content\\\/uploads\\\/2025\\\/12\\\/ChatGPT-Image-2-janv.-2026-22_52_47-1.png\",\"contentUrl\":\"https:\\\/\\\/gastora.eu\\\/wp-content\\\/uploads\\\/2025\\\/12\\\/ChatGPT-Image-2-janv.-2026-22_52_47-1.png\",\"width\":1536,\"height\":320,\"caption\":\"Gastora\"},\"image\":{\"@id\":\"https:\\\/\\\/gastora.eu\\\/#\\\/schema\\\/logo\\\/image\\\/\"}}]}<\/script>\n<!-- \/ Yoast SEO plugin. -->","yoast_head_json":{"title":"R\u00e9frig\u00e9rateur - 700 L - 3 \u00e9tag\u00e8res r\u00e9glables (2\/1 GN) - acier inoxydable - avec porte en verre - Gastora","description":"Achetez R\u00e9frig\u00e9rateur - 700 L - 3 \u00e9tag\u00e8res r\u00e9glables (2\/1 GN) - acier inoxydable - avec porte en verre au meilleur prix, fiable et performant avec une livraison rapide","robots":{"index":"index","follow":"follow","max-snippet":"max-snippet:-1","max-image-preview":"max-image-preview:large","max-video-preview":"max-video-preview:-1"},"canonical":"https:\/\/gastora.eu\/en\/product\/rfrigrateur-700-l-3-tagres-rglables-21-gn-acier-inoxydable-avec-porte-en-verre\/","og_locale":"en_US","og_type":"article","og_title":"R\u00e9frig\u00e9rateur - 700 L - 3 \u00e9tag\u00e8res r\u00e9glables (2\/1 GN) - acier inoxydable - avec porte en verre - Gastora","og_description":"Achetez R\u00e9frig\u00e9rateur - 700 L - 3 \u00e9tag\u00e8res r\u00e9glables (2\/1 GN) - acier inoxydable - avec porte en verre au meilleur prix, fiable et performant avec une livraison rapide","og_url":"https:\/\/gastora.eu\/en\/product\/rfrigrateur-700-l-3-tagres-rglables-21-gn-acier-inoxydable-avec-porte-en-verre\/","og_site_name":"Gastora","article_modified_time":"2026-04-28T16:57:41+00:00","twitter_card":"summary_large_image","twitter_misc":{"Est. reading time":"3 minutes"},"schema":{"@context":"https:\/\/schema.org","@graph":[{"@type":"WebPage","@id":"https:\/\/gastora.eu\/product\/rfrigrateur-700-l-3-tagres-rglables-21-gn-acier-inoxydable-avec-porte-en-verre\/","url":"https:\/\/gastora.eu\/product\/rfrigrateur-700-l-3-tagres-rglables-21-gn-acier-inoxydable-avec-porte-en-verre\/","name":"R\u00e9frig\u00e9rateur - 700 L - 3 \u00e9tag\u00e8res r\u00e9glables (2\/1 GN) - acier inoxydable - avec porte en verre - Gastora","isPartOf":{"@id":"https:\/\/gastora.eu\/#website"},"primaryImageOfPage":{"@id":"https:\/\/gastora.eu\/product\/rfrigrateur-700-l-3-tagres-rglables-21-gn-acier-inoxydable-avec-porte-en-verre\/#primaryimage"},"image":{"@id":"https:\/\/gastora.eu\/product\/rfrigrateur-700-l-3-tagres-rglables-21-gn-acier-inoxydable-avec-porte-en-verre\/#primaryimage"},"thumbnailUrl":"https:\/\/gastora.eu\/wp-content\/uploads\/2026\/04\/sp-1000-09400006_2.jpg","datePublished":"2026-04-26T08:49:59+00:00","dateModified":"2026-04-28T16:57:41+00:00","description":"Achetez R\u00e9frig\u00e9rateur - 700 L - 3 \u00e9tag\u00e8res r\u00e9glables (2\/1 GN) - acier inoxydable - avec porte en verre au meilleur prix, fiable et performant avec une livraison rapide","breadcrumb":{"@id":"https:\/\/gastora.eu\/product\/rfrigrateur-700-l-3-tagres-rglables-21-gn-acier-inoxydable-avec-porte-en-verre\/#breadcrumb"},"inLanguage":"en-US","potentialAction":[{"@type":"ReadAction","target":["https:\/\/gastora.eu\/product\/rfrigrateur-700-l-3-tagres-rglables-21-gn-acier-inoxydable-avec-porte-en-verre\/"]}]},{"@type":"ImageObject","inLanguage":"en-US","@id":"https:\/\/gastora.eu\/product\/rfrigrateur-700-l-3-tagres-rglables-21-gn-acier-inoxydable-avec-porte-en-verre\/#primaryimage","url":"https:\/\/gastora.eu\/wp-content\/uploads\/2026\/04\/sp-1000-09400006_2.jpg","contentUrl":"https:\/\/gastora.eu\/wp-content\/uploads\/2026\/04\/sp-1000-09400006_2.jpg","width":1200,"height":1200},{"@type":"BreadcrumbList","@id":"https:\/\/gastora.eu\/product\/rfrigrateur-700-l-3-tagres-rglables-21-gn-acier-inoxydable-avec-porte-en-verre\/#breadcrumb","itemListElement":[{"@type":"ListItem","position":1,"name":"Home","item":"https:\/\/gastora.eu\/"},{"@type":"ListItem","position":2,"name":"Shop","item":"https:\/\/gastora.eu\/shop\/"},{"@type":"ListItem","position":3,"name":"R\u00e9frig\u00e9rateur &#8211; 700 L &#8211; 3 \u00e9tag\u00e8res r\u00e9glables (2\/1 GN) &#8211; acier inoxydable &#8211; avec porte en verre"}]},{"@type":"WebSite","@id":"https:\/\/gastora.eu\/#website","url":"https:\/\/gastora.eu\/","name":"Gastora","description":"\u00c9quipements professionnels CHR","publisher":{"@id":"https:\/\/gastora.eu\/#organization"},"potentialAction":[{"@type":"SearchAction","target":{"@type":"EntryPoint","urlTemplate":"https:\/\/gastora.eu\/?s={search_term_string}"},"query-input":{"@type":"PropertyValueSpecification","valueRequired":true,"valueName":"search_term_string"}}],"inLanguage":"en-US"},{"@type":"Organization","@id":"https:\/\/gastora.eu\/#organization","name":"Gastora","url":"https:\/\/gastora.eu\/","logo":{"@type":"ImageObject","inLanguage":"en-US","@id":"https:\/\/gastora.eu\/#\/schema\/logo\/image\/","url":"https:\/\/gastora.eu\/wp-content\/uploads\/2025\/12\/ChatGPT-Image-2-janv.-2026-22_52_47-1.png","contentUrl":"https:\/\/gastora.eu\/wp-content\/uploads\/2025\/12\/ChatGPT-Image-2-janv.-2026-22_52_47-1.png","width":1536,"height":320,"caption":"Gastora"},"image":{"@id":"https:\/\/gastora.eu\/#\/schema\/logo\/image\/"}}]}},"jetpack_sharing_enabled":true,"_links":{"self":[{"href":"https:\/\/gastora.eu\/en\/wp-json\/wp\/v2\/product\/15045","targetHints":{"allow":["GET"]}}],"collection":[{"href":"https:\/\/gastora.eu\/en\/wp-json\/wp\/v2\/product"}],"about":[{"href":"https:\/\/gastora.eu\/en\/wp-json\/wp\/v2\/types\/product"}],"wp:featuredmedia":[{"embeddable":true,"href":"https:\/\/gastora.eu\/en\/wp-json\/wp\/v2\/media\/8825"}],"wp:attachment":[{"href":"https:\/\/gastora.eu\/en\/wp-json\/wp\/v2\/media?parent=15045"}],"wp:term":[{"taxonomy":"product_brand","embeddable":true,"href":"https:\/\/gastora.eu\/en\/wp-json\/wp\/v2\/product_brand?post=15045"},{"taxonomy":"product_cat","embeddable":true,"href":"https:\/\/gastora.eu\/en\/wp-json\/wp\/v2\/product_cat?post=15045"},{"taxonomy":"product_tag","embeddable":true,"href":"https:\/\/gastora.eu\/en\/wp-json\/wp\/v2\/product_tag?post=15045"}],"curies":[{"name":"wp","href":"https:\/\/api.w.org\/{rel}","templated":true}]}}