{"id":15044,"date":"2026-04-26T08:49:58","date_gmt":"2026-04-26T08:49:58","guid":{"rendered":"https:\/\/gastora.eu\/?post_type=product&#038;p=15044"},"modified":"2026-04-28T16:57:40","modified_gmt":"2026-04-28T16:57:40","slug":"rfrigrateur-700-l-3-tagres-rglables-21-gn-sur-roulettes-acier-inoxydable","status":"publish","type":"product","link":"https:\/\/gastora.eu\/en\/product\/rfrigrateur-700-l-3-tagres-rglables-21-gn-sur-roulettes-acier-inoxydable\/","title":{"rendered":"R\u00e9frig\u00e9rateur &#8211; 700 L &#8211; 3 \u00e9tag\u00e8res r\u00e9glables (2\/1 GN) &#8211; sur roulettes &#8211; acier inoxydable"},"content":{"rendered":"<p>Ce r\u00e9frig\u00e9rateur aux finitions soign\u00e9es conserve au frais les l\u00e9gumes, les plats, la viande et le poisson. Ce r\u00e9frig\u00e9rateur en acier inoxydable a une capacit\u00e9 brute de 700 litres et dispose de trois grilles r\u00e9glables, d&#8217;un \u00e9clairage LED et d&#8217;une porte \u00e0 fermeture automatique.<\/p>\n<h3>R\u00e9frig\u00e9rateur de haute qualit\u00e9<\/h3>\n<p>Le r\u00e9frig\u00e9rateur et la porte sont enti\u00e8rement fabriqu\u00e9s en acier inoxydable de haute qualit\u00e9, ce qui emp\u00eache la formation de taches de rouille. La porte se ferme automatiquement et est \u00e9quip\u00e9e d&#8217;un joint magn\u00e9tique. Vous pouvez \u00e9galement verrouiller le r\u00e9frig\u00e9rateur \u00e0 l&#8217;aide de la cl\u00e9 fournie. L&#8217;int\u00e9rieur du r\u00e9frig\u00e9rateur a des coins arrondis, ce qui facilite le nettoyage. Le r\u00e9frig\u00e9rateur maintient une bonne temp\u00e9rature, car les parois ont une \u00e9paisseur d&#8217;isolation de 6 cm.<\/p>\n<h3>\u00c9tag\u00e8res r\u00e9glables<\/h3>\n<p>Le r\u00e9frig\u00e9rateur est livr\u00e9 de s\u00e9rie avec trois grilles. Les grilles ont une taille de 2\/1 GN et comprennent des jeux de guides. Vous pouvez facilement r\u00e9gler les guides par incr\u00e9ments d&#8217;environ 5 cm et placer les grilles comme vous le souhaitez. Les grilles en acier inoxydable sont recouvertes d&#8217;un rev\u00eatement anti-taches pour garantir la propret\u00e9. Au dos de la grille, un bord sur\u00e9lev\u00e9 emp\u00eache les produits de coller \u00e0 la paroi arri\u00e8re et maintient une bonne circulation de l&#8217;air.<\/p>\n<h3>R\u00e9frig\u00e9rateur \u00e9conome en \u00e9nergie<\/h3>\n<p>Lorsque vous ouvrez la porte, les lumi\u00e8res LED s&#8217;allument imm\u00e9diatement. Le r\u00e9gulateur num\u00e9rique vous permet de r\u00e9gler la temp\u00e9rature souhait\u00e9e \u00e0 l&#8217;aide des touches fl\u00e9ch\u00e9es. La temp\u00e9rature du r\u00e9frig\u00e9rateur est r\u00e9glable de 0 \u00e0 8\u00b0C. L&#8217;\u00e9cran num\u00e9rique indique clairement la temp\u00e9rature du r\u00e9frig\u00e9rateur. Le r\u00e9frig\u00e9rateur est refroidi par un syst\u00e8me de refroidissement ventil\u00e9 et les parois ont une \u00e9paisseur d&#8217;isolation de 6 cm. Les caoutchoucs de la porte du r\u00e9frig\u00e9rateur sont chauff\u00e9s, ce qui permet d&#8217;\u00e9viter le gel. Le cycle de d\u00e9givrage automatique, qui se d\u00e9clenche toutes les six heures, garantit \u00e9galement que les parois restent exemptes de glace.<\/p>\n<h3>Nettoyage du r\u00e9frig\u00e9rateur<\/h3>\n<p>Veillez \u00e0 ce que la prise soit d\u00e9branch\u00e9e lorsque vous nettoyez le r\u00e9frig\u00e9rateur. Videz le r\u00e9frig\u00e9rateur et nettoyez l&#8217;int\u00e9rieur avec un chiffon doux et humide. Pour ce faire, utilisez de l&#8217;eau et un d\u00e9tergent doux. N&#8217;oubliez pas de bien nettoyer le caoutchouc de la porte ! S\u00e9chez l&#8217;int\u00e9rieur et le caoutchouc de la porte avec un chiffon doux. Nettoyez et s\u00e9chez les grilles de la m\u00eame mani\u00e8re et placez-les \u00e0 la hauteur souhait\u00e9e dans le r\u00e9frig\u00e9rateur. Vous pouvez nettoyer l&#8217;ext\u00e9rieur avec un chiffon doux et humide. Une fois que tout est propre, vous pouvez remettre le r\u00e9frig\u00e9rateur en marche.<\/p>\n<p>Vous recherchez un r\u00e9frig\u00e9rateur spacieux, facile \u00e0 placer dans votre cuisine et \u00e0 entretenir ? Ce r\u00e9frig\u00e9rateur est le bon choix pour vous. Vous pr\u00e9f\u00e9rez un r\u00e9frig\u00e9rateur plus grand ou avec des portes en verre ? Consultez notre gamme de r\u00e9frig\u00e9rateurs pour savoir quel mod\u00e8le vous convient le mieux. Vous souhaitez b\u00e9n\u00e9ficier des conseils de l&#8217;un de nos sp\u00e9cialistes ? Contactez notre service client\u00e8le.<\/p>\n<p><strong>Caract\u00e9ristiques<\/strong><\/p>\n<ul>\n<li>Temp\u00e9rature ambiante maximale de 43\u00b0C<\/li>\n<li>Isolation protectrice compacte de 6 cm<\/li>\n<li>Cycle de refroidissement sp\u00e9cialis\u00e9 pour r\u00e9duire la formation de glace<\/li>\n<li>Plage de temp\u00e9rature de 0 \u00e0 8\u00b0C<\/li>\n<li>Contr\u00f4le num\u00e9rique de la temp\u00e9rature (Dixell)<\/li>\n<\/ul>\n<p><strong>Caract\u00e9ristiques du produit<\/strong><\/p>\n<ul>\n<li>Poids net : 103kg<\/li>\n<li>Capacit\u00e9 nette : 650l<\/li>\n<li>Dimensions ext\u00e9rieures : L74,5 x P83 x H202cm<\/li>\n<li>Dimensions int\u00e9rieures : L62 x P70 x H141,5cm<\/li>\n<li>230V \/ 50Hz \/ 1 Phase 233W<\/li>\n<\/ul>\n<p><em>Incluant<\/em><\/p>\n<ul>\n<li><em>3 grilles avec guides 54 x 65cm<\/em><\/li>\n<\/ul>","protected":false},"excerpt":{"rendered":"<p>Ce r\u00e9frig\u00e9rateur Maxima est enti\u00e8rement fabriqu\u00e9 en acier inoxydable. Il a une capacit\u00e9 nette de 650 litres et est \u00e9quip\u00e9 de 3 grilles r\u00e9glables. Ces grilles de 2\/1 GN sont livr\u00e9es avec des guides. Vous pouvez \u00e9galement agrandir le r\u00e9frig\u00e9rateur avec plusieurs niveaux de grilles ou des bacs Gastronorm.<\/p>","protected":false},"featured_media":8823,"template":"","meta":{"_acf_changed":false},"product_brand":[],"product_cat":[474],"product_tag":[],"class_list":{"0":"post-15044","1":"product","2":"type-product","3":"status-publish","4":"has-post-thumbnail","6":"product_cat-armoires-refrigerees-positif-negatif-2","8":"first","9":"instock","10":"sale","11":"taxable","12":"shipping-taxable","13":"purchasable","14":"product-type-simple"},"acf":[],"yoast_head":"<!-- This site is optimized with the Yoast SEO plugin v27.5 - https:\/\/yoast.com\/product\/yoast-seo-wordpress\/ -->\n<title>R\u00e9frig\u00e9rateur - 700 L - 3 \u00e9tag\u00e8res r\u00e9glables (2\/1 GN) - sur roulettes - acier inoxydable - Gastora<\/title>\n<meta name=\"description\" content=\"Achetez R\u00e9frig\u00e9rateur - 700 L - 3 \u00e9tag\u00e8res r\u00e9glables (2\/1 GN) - sur roulettes - acier inoxydable au meilleur prix, fiable et performant avec une livraison rapide\" \/>\n<meta name=\"robots\" content=\"index, follow, max-snippet:-1, max-image-preview:large, max-video-preview:-1\" \/>\n<link rel=\"canonical\" href=\"https:\/\/gastora.eu\/en\/product\/rfrigrateur-700-l-3-tagres-rglables-21-gn-sur-roulettes-acier-inoxydable\/\" \/>\n<meta property=\"og:locale\" content=\"en_US\" \/>\n<meta property=\"og:type\" content=\"article\" \/>\n<meta property=\"og:title\" content=\"R\u00e9frig\u00e9rateur - 700 L - 3 \u00e9tag\u00e8res r\u00e9glables (2\/1 GN) - sur roulettes - acier inoxydable - Gastora\" \/>\n<meta property=\"og:description\" content=\"Achetez R\u00e9frig\u00e9rateur - 700 L - 3 \u00e9tag\u00e8res r\u00e9glables (2\/1 GN) - sur roulettes - acier inoxydable au meilleur prix, fiable et performant avec une livraison rapide\" \/>\n<meta property=\"og:url\" content=\"https:\/\/gastora.eu\/en\/product\/rfrigrateur-700-l-3-tagres-rglables-21-gn-sur-roulettes-acier-inoxydable\/\" \/>\n<meta property=\"og:site_name\" content=\"Gastora\" \/>\n<meta property=\"article:modified_time\" content=\"2026-04-28T16:57:40+00:00\" \/>\n<meta name=\"twitter:card\" content=\"summary_large_image\" \/>\n<meta name=\"twitter:label1\" content=\"Est. reading time\" \/>\n\t<meta name=\"twitter:data1\" content=\"3 minutes\" \/>\n<script type=\"application\/ld+json\" class=\"yoast-schema-graph\">{\"@context\":\"https:\\\/\\\/schema.org\",\"@graph\":[{\"@type\":\"WebPage\",\"@id\":\"https:\\\/\\\/gastora.eu\\\/product\\\/rfrigrateur-700-l-3-tagres-rglables-21-gn-sur-roulettes-acier-inoxydable\\\/\",\"url\":\"https:\\\/\\\/gastora.eu\\\/product\\\/rfrigrateur-700-l-3-tagres-rglables-21-gn-sur-roulettes-acier-inoxydable\\\/\",\"name\":\"R\u00e9frig\u00e9rateur - 700 L - 3 \u00e9tag\u00e8res r\u00e9glables (2\\\/1 GN) - sur roulettes - acier inoxydable - Gastora\",\"isPartOf\":{\"@id\":\"https:\\\/\\\/gastora.eu\\\/#website\"},\"primaryImageOfPage\":{\"@id\":\"https:\\\/\\\/gastora.eu\\\/product\\\/rfrigrateur-700-l-3-tagres-rglables-21-gn-sur-roulettes-acier-inoxydable\\\/#primaryimage\"},\"image\":{\"@id\":\"https:\\\/\\\/gastora.eu\\\/product\\\/rfrigrateur-700-l-3-tagres-rglables-21-gn-sur-roulettes-acier-inoxydable\\\/#primaryimage\"},\"thumbnailUrl\":\"https:\\\/\\\/gastora.eu\\\/wp-content\\\/uploads\\\/2026\\\/04\\\/1_r600_gn__0069_4.jpg\",\"datePublished\":\"2026-04-26T08:49:58+00:00\",\"dateModified\":\"2026-04-28T16:57:40+00:00\",\"description\":\"Achetez R\u00e9frig\u00e9rateur - 700 L - 3 \u00e9tag\u00e8res r\u00e9glables (2\\\/1 GN) - sur roulettes - acier inoxydable au meilleur prix, fiable et performant avec une livraison rapide\",\"breadcrumb\":{\"@id\":\"https:\\\/\\\/gastora.eu\\\/product\\\/rfrigrateur-700-l-3-tagres-rglables-21-gn-sur-roulettes-acier-inoxydable\\\/#breadcrumb\"},\"inLanguage\":\"en-US\",\"potentialAction\":[{\"@type\":\"ReadAction\",\"target\":[\"https:\\\/\\\/gastora.eu\\\/product\\\/rfrigrateur-700-l-3-tagres-rglables-21-gn-sur-roulettes-acier-inoxydable\\\/\"]}]},{\"@type\":\"ImageObject\",\"inLanguage\":\"en-US\",\"@id\":\"https:\\\/\\\/gastora.eu\\\/product\\\/rfrigrateur-700-l-3-tagres-rglables-21-gn-sur-roulettes-acier-inoxydable\\\/#primaryimage\",\"url\":\"https:\\\/\\\/gastora.eu\\\/wp-content\\\/uploads\\\/2026\\\/04\\\/1_r600_gn__0069_4.jpg\",\"contentUrl\":\"https:\\\/\\\/gastora.eu\\\/wp-content\\\/uploads\\\/2026\\\/04\\\/1_r600_gn__0069_4.jpg\",\"width\":1200,\"height\":1200},{\"@type\":\"BreadcrumbList\",\"@id\":\"https:\\\/\\\/gastora.eu\\\/product\\\/rfrigrateur-700-l-3-tagres-rglables-21-gn-sur-roulettes-acier-inoxydable\\\/#breadcrumb\",\"itemListElement\":[{\"@type\":\"ListItem\",\"position\":1,\"name\":\"Home\",\"item\":\"https:\\\/\\\/gastora.eu\\\/\"},{\"@type\":\"ListItem\",\"position\":2,\"name\":\"Shop\",\"item\":\"https:\\\/\\\/gastora.eu\\\/shop\\\/\"},{\"@type\":\"ListItem\",\"position\":3,\"name\":\"R\u00e9frig\u00e9rateur &#8211; 700 L &#8211; 3 \u00e9tag\u00e8res r\u00e9glables (2\\\/1 GN) &#8211; sur roulettes &#8211; acier inoxydable\"}]},{\"@type\":\"WebSite\",\"@id\":\"https:\\\/\\\/gastora.eu\\\/#website\",\"url\":\"https:\\\/\\\/gastora.eu\\\/\",\"name\":\"Gastora\",\"description\":\"\u00c9quipements professionnels CHR\",\"publisher\":{\"@id\":\"https:\\\/\\\/gastora.eu\\\/#organization\"},\"potentialAction\":[{\"@type\":\"SearchAction\",\"target\":{\"@type\":\"EntryPoint\",\"urlTemplate\":\"https:\\\/\\\/gastora.eu\\\/?s={search_term_string}\"},\"query-input\":{\"@type\":\"PropertyValueSpecification\",\"valueRequired\":true,\"valueName\":\"search_term_string\"}}],\"inLanguage\":\"en-US\"},{\"@type\":\"Organization\",\"@id\":\"https:\\\/\\\/gastora.eu\\\/#organization\",\"name\":\"Gastora\",\"url\":\"https:\\\/\\\/gastora.eu\\\/\",\"logo\":{\"@type\":\"ImageObject\",\"inLanguage\":\"en-US\",\"@id\":\"https:\\\/\\\/gastora.eu\\\/#\\\/schema\\\/logo\\\/image\\\/\",\"url\":\"https:\\\/\\\/gastora.eu\\\/wp-content\\\/uploads\\\/2025\\\/12\\\/ChatGPT-Image-2-janv.-2026-22_52_47-1.png\",\"contentUrl\":\"https:\\\/\\\/gastora.eu\\\/wp-content\\\/uploads\\\/2025\\\/12\\\/ChatGPT-Image-2-janv.-2026-22_52_47-1.png\",\"width\":1536,\"height\":320,\"caption\":\"Gastora\"},\"image\":{\"@id\":\"https:\\\/\\\/gastora.eu\\\/#\\\/schema\\\/logo\\\/image\\\/\"}}]}<\/script>\n<!-- \/ Yoast SEO plugin. -->","yoast_head_json":{"title":"R\u00e9frig\u00e9rateur - 700 L - 3 \u00e9tag\u00e8res r\u00e9glables (2\/1 GN) - sur roulettes - acier inoxydable - Gastora","description":"Achetez R\u00e9frig\u00e9rateur - 700 L - 3 \u00e9tag\u00e8res r\u00e9glables (2\/1 GN) - sur roulettes - acier inoxydable au meilleur prix, fiable et performant avec une livraison rapide","robots":{"index":"index","follow":"follow","max-snippet":"max-snippet:-1","max-image-preview":"max-image-preview:large","max-video-preview":"max-video-preview:-1"},"canonical":"https:\/\/gastora.eu\/en\/product\/rfrigrateur-700-l-3-tagres-rglables-21-gn-sur-roulettes-acier-inoxydable\/","og_locale":"en_US","og_type":"article","og_title":"R\u00e9frig\u00e9rateur - 700 L - 3 \u00e9tag\u00e8res r\u00e9glables (2\/1 GN) - sur roulettes - acier inoxydable - Gastora","og_description":"Achetez R\u00e9frig\u00e9rateur - 700 L - 3 \u00e9tag\u00e8res r\u00e9glables (2\/1 GN) - sur roulettes - acier inoxydable au meilleur prix, fiable et performant avec une livraison rapide","og_url":"https:\/\/gastora.eu\/en\/product\/rfrigrateur-700-l-3-tagres-rglables-21-gn-sur-roulettes-acier-inoxydable\/","og_site_name":"Gastora","article_modified_time":"2026-04-28T16:57:40+00:00","twitter_card":"summary_large_image","twitter_misc":{"Est. reading time":"3 minutes"},"schema":{"@context":"https:\/\/schema.org","@graph":[{"@type":"WebPage","@id":"https:\/\/gastora.eu\/product\/rfrigrateur-700-l-3-tagres-rglables-21-gn-sur-roulettes-acier-inoxydable\/","url":"https:\/\/gastora.eu\/product\/rfrigrateur-700-l-3-tagres-rglables-21-gn-sur-roulettes-acier-inoxydable\/","name":"R\u00e9frig\u00e9rateur - 700 L - 3 \u00e9tag\u00e8res r\u00e9glables (2\/1 GN) - sur roulettes - acier inoxydable - Gastora","isPartOf":{"@id":"https:\/\/gastora.eu\/#website"},"primaryImageOfPage":{"@id":"https:\/\/gastora.eu\/product\/rfrigrateur-700-l-3-tagres-rglables-21-gn-sur-roulettes-acier-inoxydable\/#primaryimage"},"image":{"@id":"https:\/\/gastora.eu\/product\/rfrigrateur-700-l-3-tagres-rglables-21-gn-sur-roulettes-acier-inoxydable\/#primaryimage"},"thumbnailUrl":"https:\/\/gastora.eu\/wp-content\/uploads\/2026\/04\/1_r600_gn__0069_4.jpg","datePublished":"2026-04-26T08:49:58+00:00","dateModified":"2026-04-28T16:57:40+00:00","description":"Achetez R\u00e9frig\u00e9rateur - 700 L - 3 \u00e9tag\u00e8res r\u00e9glables (2\/1 GN) - sur roulettes - acier inoxydable au meilleur prix, fiable et performant avec une livraison rapide","breadcrumb":{"@id":"https:\/\/gastora.eu\/product\/rfrigrateur-700-l-3-tagres-rglables-21-gn-sur-roulettes-acier-inoxydable\/#breadcrumb"},"inLanguage":"en-US","potentialAction":[{"@type":"ReadAction","target":["https:\/\/gastora.eu\/product\/rfrigrateur-700-l-3-tagres-rglables-21-gn-sur-roulettes-acier-inoxydable\/"]}]},{"@type":"ImageObject","inLanguage":"en-US","@id":"https:\/\/gastora.eu\/product\/rfrigrateur-700-l-3-tagres-rglables-21-gn-sur-roulettes-acier-inoxydable\/#primaryimage","url":"https:\/\/gastora.eu\/wp-content\/uploads\/2026\/04\/1_r600_gn__0069_4.jpg","contentUrl":"https:\/\/gastora.eu\/wp-content\/uploads\/2026\/04\/1_r600_gn__0069_4.jpg","width":1200,"height":1200},{"@type":"BreadcrumbList","@id":"https:\/\/gastora.eu\/product\/rfrigrateur-700-l-3-tagres-rglables-21-gn-sur-roulettes-acier-inoxydable\/#breadcrumb","itemListElement":[{"@type":"ListItem","position":1,"name":"Home","item":"https:\/\/gastora.eu\/"},{"@type":"ListItem","position":2,"name":"Shop","item":"https:\/\/gastora.eu\/shop\/"},{"@type":"ListItem","position":3,"name":"R\u00e9frig\u00e9rateur &#8211; 700 L &#8211; 3 \u00e9tag\u00e8res r\u00e9glables (2\/1 GN) &#8211; sur roulettes &#8211; acier inoxydable"}]},{"@type":"WebSite","@id":"https:\/\/gastora.eu\/#website","url":"https:\/\/gastora.eu\/","name":"Gastora","description":"\u00c9quipements professionnels CHR","publisher":{"@id":"https:\/\/gastora.eu\/#organization"},"potentialAction":[{"@type":"SearchAction","target":{"@type":"EntryPoint","urlTemplate":"https:\/\/gastora.eu\/?s={search_term_string}"},"query-input":{"@type":"PropertyValueSpecification","valueRequired":true,"valueName":"search_term_string"}}],"inLanguage":"en-US"},{"@type":"Organization","@id":"https:\/\/gastora.eu\/#organization","name":"Gastora","url":"https:\/\/gastora.eu\/","logo":{"@type":"ImageObject","inLanguage":"en-US","@id":"https:\/\/gastora.eu\/#\/schema\/logo\/image\/","url":"https:\/\/gastora.eu\/wp-content\/uploads\/2025\/12\/ChatGPT-Image-2-janv.-2026-22_52_47-1.png","contentUrl":"https:\/\/gastora.eu\/wp-content\/uploads\/2025\/12\/ChatGPT-Image-2-janv.-2026-22_52_47-1.png","width":1536,"height":320,"caption":"Gastora"},"image":{"@id":"https:\/\/gastora.eu\/#\/schema\/logo\/image\/"}}]}},"jetpack_sharing_enabled":true,"_links":{"self":[{"href":"https:\/\/gastora.eu\/en\/wp-json\/wp\/v2\/product\/15044","targetHints":{"allow":["GET"]}}],"collection":[{"href":"https:\/\/gastora.eu\/en\/wp-json\/wp\/v2\/product"}],"about":[{"href":"https:\/\/gastora.eu\/en\/wp-json\/wp\/v2\/types\/product"}],"wp:featuredmedia":[{"embeddable":true,"href":"https:\/\/gastora.eu\/en\/wp-json\/wp\/v2\/media\/8823"}],"wp:attachment":[{"href":"https:\/\/gastora.eu\/en\/wp-json\/wp\/v2\/media?parent=15044"}],"wp:term":[{"taxonomy":"product_brand","embeddable":true,"href":"https:\/\/gastora.eu\/en\/wp-json\/wp\/v2\/product_brand?post=15044"},{"taxonomy":"product_cat","embeddable":true,"href":"https:\/\/gastora.eu\/en\/wp-json\/wp\/v2\/product_cat?post=15044"},{"taxonomy":"product_tag","embeddable":true,"href":"https:\/\/gastora.eu\/en\/wp-json\/wp\/v2\/product_tag?post=15044"}],"curies":[{"name":"wp","href":"https:\/\/api.w.org\/{rel}","templated":true}]}}