{"id":15043,"date":"2026-04-26T08:49:57","date_gmt":"2026-04-26T08:49:57","guid":{"rendered":"https:\/\/gastora.eu\/?post_type=product&#038;p=15043"},"modified":"2026-04-28T16:57:40","modified_gmt":"2026-04-28T16:57:40","slug":"rfrigrateur-poisson-600-l-7-conteneurs-60-x-40-cm-sur-roulettes-acier-inoxydable","status":"publish","type":"product","link":"https:\/\/gastora.eu\/en\/product\/rfrigrateur-poisson-600-l-7-conteneurs-60-x-40-cm-sur-roulettes-acier-inoxydable\/","title":{"rendered":"R\u00e9frig\u00e9rateur \u00e0 poisson &#8211; 600 L &#8211; 7 conteneurs (60 x 40 cm) &#8211; sur roulettes &#8211; acier inoxydable"},"content":{"rendered":"<p>Ce r\u00e9frig\u00e9rateur \u00e0 poisson est indispensable si vous vendez du poisson ou si vous avez du poisson \u00e0 votre menu ! Ce r\u00e9frig\u00e9rateur est sp\u00e9cialement con\u00e7u pour conserver le poisson au froid et, gr\u00e2ce \u00e0 son syst\u00e8me de refroidissement sp\u00e9cial, il veille \u00e0 ce que le poisson ne se dess\u00e8che pas.<\/p>\n<h3>Syst\u00e8me de refroidissement sp\u00e9cial<\/h3>\n<p>Ce r\u00e9frig\u00e9rateur \u00e0 poisson en acier inoxydable est sp\u00e9cialement con\u00e7u pour la conservation du poisson. Le r\u00e9frig\u00e9rateur est \u00e9quip\u00e9 d&#8217;un syst\u00e8me de refroidissement statique avec ventilateur. Ce syst\u00e8me refroidit rapidement le poisson et garantit qu&#8217;il ne se dess\u00e8che pas. Avec un syst\u00e8me de refroidissement statique, la condensation et la formation de glace se produisent plus rapidement. C&#8217;est pourquoi l&#8217;eau exc\u00e9dentaire peut \u00eatre \u00e9vacu\u00e9e dans un bac d&#8217;\u00e9gouttage par un trou dans le fond. Cela permet de r\u00e9duire la formation de glace dans le r\u00e9frig\u00e9rateur. La temp\u00e9rature est r\u00e9glable entre -2 et 10\u00b0C \u00e0 l&#8217;aide des touches fl\u00e9ch\u00e9es et est facilement lisible sur l&#8217;\u00e9cran num\u00e9rique. Les parois ont une \u00e9paisseur d&#8217;isolation de 6 cm, ce qui maintient le r\u00e9frig\u00e9rateur \u00e0 la bonne temp\u00e9rature. Vous pouvez ainsi conserver votre poisson frais et agr\u00e9able.<\/p>\n<h3>R\u00e9cipients de stockage inclus<\/h3>\n<p>Le r\u00e9frig\u00e9rateur \u00e0 poisson est livr\u00e9 avec sept bacs en plastique de 40 x 60 x 11 cm. Ces bacs en plastique sont faciles \u00e0 nettoyer et contribuent \u00e0 une conservation hygi\u00e9nique de vos poissons et crustac\u00e9s. Vous pouvez facilement retirer les bacs en plastique du r\u00e9frig\u00e9rateur \u00e0 poisson pour voir rapidement quel est votre stock. La distance indicative entre les r\u00e9cipients en plastique est d&#8217;environ 5 cm. Gr\u00e2ce \u00e0 l&#8217;espace entre les r\u00e9cipients en plastique, l&#8217;air frais circule efficacement et la temp\u00e9rature est r\u00e9partie de mani\u00e8re homog\u00e8ne.<\/p>\n<h3>R\u00e9frig\u00e9rateur \u00e0 poisson \u00e9conome en \u00e9nergie<\/h3>\n<p>Outre un syst\u00e8me de refroidissement efficace, ce r\u00e9frig\u00e9rateur pr\u00e9sente d&#8217;autres caract\u00e9ristiques \u00e9co-\u00e9nerg\u00e9tiques. Il est \u00e9quip\u00e9 d&#8217;un \u00e9clairage LED et de caoutchoucs de porte qui se r\u00e9chauffent pour \u00e9viter le gel. Les portes sont munies d&#8217;un joint magn\u00e9tique et se ferment donc automatiquement. Vous pouvez \u00e9galement verrouiller le r\u00e9frig\u00e9rateur \u00e0 poisson \u00e0 l&#8217;aide d&#8217;une cl\u00e9 afin qu&#8217;il ne soit pas ouvert inutilement. Le r\u00e9frig\u00e9rateur est \u00e9quip\u00e9 de quatre roues, dont les roues avant sont munies d&#8217;un frein. Cela permet de d\u00e9placer facilement le r\u00e9frig\u00e9rateur \u00e0 poisson.<\/p>\n<h3>Nettoyage du r\u00e9frig\u00e9rateur \u00e0 poisson<\/h3>\n<p>Il est important de nettoyer r\u00e9guli\u00e8rement votre r\u00e9frig\u00e9rateur \u00e0 poisson pour prolonger sa dur\u00e9e de vie. Veillez \u00e0 ce que le r\u00e9frig\u00e9rateur soit d\u00e9branch\u00e9 et vide. Retirez les sept r\u00e9cipients et nettoyez-les avec une solution savonneuse compos\u00e9e d&#8217;eau chaude et d&#8217;un d\u00e9tergent doux. Nettoyez \u00e9galement l&#8217;int\u00e9rieur du r\u00e9frig\u00e9rateur \u00e0 poisson avec de l&#8217;eau savonneuse et un chiffon doux. N&#8217;oubliez pas de nettoyer les caoutchoucs de la porte. Une fois que tout est propre, laissez s\u00e9cher le r\u00e9frig\u00e9rateur ou essuyez-le avec un chiffon doux. Remettez ensuite les r\u00e9cipients en place. Nettoyez l&#8217;ext\u00e9rieur du r\u00e9frig\u00e9rateur avec un chiffon doux et humide. N&#8217;oubliez pas non plus de vider r\u00e9guli\u00e8rement le bac de r\u00e9cup\u00e9ration en raison de la condensation. Vous pouvez ensuite remettre le r\u00e9frig\u00e9rateur \u00e0 poissons en marche et le remplir d&#8217;une nouvelle quantit\u00e9 de poissons.<\/p>\n<p><strong>Caract\u00e9ristiques<\/strong><\/p>\n<ul>\n<li>Temp\u00e9rature ambiante maximale de 43\u00b0C<\/li>\n<li>Isolation protectrice compacte de 6 cm<\/li>\n<li>\u00c9quip\u00e9 d&#8217;un syst\u00e8me de refroidissement statique avec ventilateur<\/li>\n<li>Plage de temp\u00e9rature de 0 \u00e0 10\u00b0C<\/li>\n<li>R\u00e9gulation num\u00e9rique de la temp\u00e9rature (Dixell)<\/li>\n<\/ul>\n<p><strong>Caract\u00e9ristiques du produit<\/strong><\/p>\n<ul>\n<li>Poids net : 105 kg<\/li>\n<li>Capacit\u00e9 nette : 600l<\/li>\n<li>Dimensions ext\u00e9rieures : L68 x P82 x H198cm<\/li>\n<li>Dimensions int\u00e9rieures : L65 x P68 x H140cm<\/li>\n<li>230V \/ 50Hz \/ 1 Phase 208W<\/li>\n<\/ul>\n<p><em>Incluant<\/em><\/p>\n<ul>\n<li><em>7 r\u00e9cipients en plastique 60 x 40 x 11cm <\/em><\/li>\n<li><em>1 plateau d&#8217;\u00e9gouttage avec guides<\/em><\/li>\n<\/ul>","protected":false},"excerpt":{"rendered":"<p>Ce r\u00e9frig\u00e9rateur \u00e0 poisson en acier inoxydable de 600 litres refroidit efficacement vos poissons et crustac\u00e9s. Le r\u00e9frig\u00e9rateur \u00e0 poisson est livr\u00e9 en standard avec sept r\u00e9cipients en plastique et un bac de r\u00e9cup\u00e9ration de l&#8217;eau exc\u00e9dentaire. Il est \u00e9quip\u00e9 de portes magn\u00e9tiques et d&#8217;un \u00e9clairage LED. Le syst\u00e8me de refroidissement statique emp\u00eache le poisson de se dess\u00e9cher rapidement.<\/p>","protected":false},"featured_media":8821,"template":"","meta":{"_acf_changed":false},"product_brand":[],"product_cat":[474],"product_tag":[],"class_list":{"0":"post-15043","1":"product","2":"type-product","3":"status-publish","4":"has-post-thumbnail","6":"product_cat-armoires-refrigerees-positif-negatif-2","8":"first","9":"instock","10":"sale","11":"taxable","12":"shipping-taxable","13":"purchasable","14":"product-type-simple"},"acf":[],"yoast_head":"<!-- This site is optimized with the Yoast SEO plugin v27.5 - https:\/\/yoast.com\/product\/yoast-seo-wordpress\/ -->\n<title>R\u00e9frig\u00e9rateur \u00e0 poisson - 600 L - 7 conteneurs (60 x 40 cm) - sur roulettes - acier inoxydable - Gastora<\/title>\n<meta name=\"description\" content=\"Achetez R\u00e9frig\u00e9rateur \u00e0 poisson - 600 L - 7 conteneurs (60 x 40 cm) - sur roulettes - acier inoxydable au meilleur prix, fiable et performant avec une livraison rapide\" \/>\n<meta name=\"robots\" content=\"index, follow, max-snippet:-1, max-image-preview:large, max-video-preview:-1\" \/>\n<link rel=\"canonical\" href=\"https:\/\/gastora.eu\/en\/product\/rfrigrateur-poisson-600-l-7-conteneurs-60-x-40-cm-sur-roulettes-acier-inoxydable\/\" \/>\n<meta property=\"og:locale\" content=\"en_US\" \/>\n<meta property=\"og:type\" content=\"article\" \/>\n<meta property=\"og:title\" content=\"R\u00e9frig\u00e9rateur \u00e0 poisson - 600 L - 7 conteneurs (60 x 40 cm) - sur roulettes - acier inoxydable - Gastora\" \/>\n<meta property=\"og:description\" content=\"Achetez R\u00e9frig\u00e9rateur \u00e0 poisson - 600 L - 7 conteneurs (60 x 40 cm) - sur roulettes - acier inoxydable au meilleur prix, fiable et performant avec une livraison rapide\" \/>\n<meta property=\"og:url\" content=\"https:\/\/gastora.eu\/en\/product\/rfrigrateur-poisson-600-l-7-conteneurs-60-x-40-cm-sur-roulettes-acier-inoxydable\/\" \/>\n<meta property=\"og:site_name\" content=\"Gastora\" \/>\n<meta property=\"article:modified_time\" content=\"2026-04-28T16:57:40+00:00\" \/>\n<meta name=\"twitter:card\" content=\"summary_large_image\" \/>\n<meta name=\"twitter:label1\" content=\"Est. reading time\" \/>\n\t<meta name=\"twitter:data1\" content=\"3 minutes\" \/>\n<script type=\"application\/ld+json\" class=\"yoast-schema-graph\">{\"@context\":\"https:\\\/\\\/schema.org\",\"@graph\":[{\"@type\":\"WebPage\",\"@id\":\"https:\\\/\\\/gastora.eu\\\/product\\\/rfrigrateur-poisson-600-l-7-conteneurs-60-x-40-cm-sur-roulettes-acier-inoxydable\\\/\",\"url\":\"https:\\\/\\\/gastora.eu\\\/product\\\/rfrigrateur-poisson-600-l-7-conteneurs-60-x-40-cm-sur-roulettes-acier-inoxydable\\\/\",\"name\":\"R\u00e9frig\u00e9rateur \u00e0 poisson - 600 L - 7 conteneurs (60 x 40 cm) - sur roulettes - acier inoxydable - Gastora\",\"isPartOf\":{\"@id\":\"https:\\\/\\\/gastora.eu\\\/#website\"},\"primaryImageOfPage\":{\"@id\":\"https:\\\/\\\/gastora.eu\\\/product\\\/rfrigrateur-poisson-600-l-7-conteneurs-60-x-40-cm-sur-roulettes-acier-inoxydable\\\/#primaryimage\"},\"image\":{\"@id\":\"https:\\\/\\\/gastora.eu\\\/product\\\/rfrigrateur-poisson-600-l-7-conteneurs-60-x-40-cm-sur-roulettes-acier-inoxydable\\\/#primaryimage\"},\"thumbnailUrl\":\"https:\\\/\\\/gastora.eu\\\/wp-content\\\/uploads\\\/2026\\\/04\\\/1_r600_gn__0069_3.jpg\",\"datePublished\":\"2026-04-26T08:49:57+00:00\",\"dateModified\":\"2026-04-28T16:57:40+00:00\",\"description\":\"Achetez R\u00e9frig\u00e9rateur \u00e0 poisson - 600 L - 7 conteneurs (60 x 40 cm) - sur roulettes - acier inoxydable au meilleur prix, fiable et performant avec une livraison rapide\",\"breadcrumb\":{\"@id\":\"https:\\\/\\\/gastora.eu\\\/product\\\/rfrigrateur-poisson-600-l-7-conteneurs-60-x-40-cm-sur-roulettes-acier-inoxydable\\\/#breadcrumb\"},\"inLanguage\":\"en-US\",\"potentialAction\":[{\"@type\":\"ReadAction\",\"target\":[\"https:\\\/\\\/gastora.eu\\\/product\\\/rfrigrateur-poisson-600-l-7-conteneurs-60-x-40-cm-sur-roulettes-acier-inoxydable\\\/\"]}]},{\"@type\":\"ImageObject\",\"inLanguage\":\"en-US\",\"@id\":\"https:\\\/\\\/gastora.eu\\\/product\\\/rfrigrateur-poisson-600-l-7-conteneurs-60-x-40-cm-sur-roulettes-acier-inoxydable\\\/#primaryimage\",\"url\":\"https:\\\/\\\/gastora.eu\\\/wp-content\\\/uploads\\\/2026\\\/04\\\/1_r600_gn__0069_3.jpg\",\"contentUrl\":\"https:\\\/\\\/gastora.eu\\\/wp-content\\\/uploads\\\/2026\\\/04\\\/1_r600_gn__0069_3.jpg\",\"width\":1200,\"height\":1200},{\"@type\":\"BreadcrumbList\",\"@id\":\"https:\\\/\\\/gastora.eu\\\/product\\\/rfrigrateur-poisson-600-l-7-conteneurs-60-x-40-cm-sur-roulettes-acier-inoxydable\\\/#breadcrumb\",\"itemListElement\":[{\"@type\":\"ListItem\",\"position\":1,\"name\":\"Home\",\"item\":\"https:\\\/\\\/gastora.eu\\\/\"},{\"@type\":\"ListItem\",\"position\":2,\"name\":\"Shop\",\"item\":\"https:\\\/\\\/gastora.eu\\\/shop\\\/\"},{\"@type\":\"ListItem\",\"position\":3,\"name\":\"R\u00e9frig\u00e9rateur \u00e0 poisson &#8211; 600 L &#8211; 7 conteneurs (60 x 40 cm) &#8211; sur roulettes &#8211; acier inoxydable\"}]},{\"@type\":\"WebSite\",\"@id\":\"https:\\\/\\\/gastora.eu\\\/#website\",\"url\":\"https:\\\/\\\/gastora.eu\\\/\",\"name\":\"Gastora\",\"description\":\"\u00c9quipements professionnels CHR\",\"publisher\":{\"@id\":\"https:\\\/\\\/gastora.eu\\\/#organization\"},\"potentialAction\":[{\"@type\":\"SearchAction\",\"target\":{\"@type\":\"EntryPoint\",\"urlTemplate\":\"https:\\\/\\\/gastora.eu\\\/?s={search_term_string}\"},\"query-input\":{\"@type\":\"PropertyValueSpecification\",\"valueRequired\":true,\"valueName\":\"search_term_string\"}}],\"inLanguage\":\"en-US\"},{\"@type\":\"Organization\",\"@id\":\"https:\\\/\\\/gastora.eu\\\/#organization\",\"name\":\"Gastora\",\"url\":\"https:\\\/\\\/gastora.eu\\\/\",\"logo\":{\"@type\":\"ImageObject\",\"inLanguage\":\"en-US\",\"@id\":\"https:\\\/\\\/gastora.eu\\\/#\\\/schema\\\/logo\\\/image\\\/\",\"url\":\"https:\\\/\\\/gastora.eu\\\/wp-content\\\/uploads\\\/2025\\\/12\\\/ChatGPT-Image-2-janv.-2026-22_52_47-1.png\",\"contentUrl\":\"https:\\\/\\\/gastora.eu\\\/wp-content\\\/uploads\\\/2025\\\/12\\\/ChatGPT-Image-2-janv.-2026-22_52_47-1.png\",\"width\":1536,\"height\":320,\"caption\":\"Gastora\"},\"image\":{\"@id\":\"https:\\\/\\\/gastora.eu\\\/#\\\/schema\\\/logo\\\/image\\\/\"}}]}<\/script>\n<!-- \/ Yoast SEO plugin. -->","yoast_head_json":{"title":"R\u00e9frig\u00e9rateur \u00e0 poisson - 600 L - 7 conteneurs (60 x 40 cm) - sur roulettes - acier inoxydable - Gastora","description":"Achetez R\u00e9frig\u00e9rateur \u00e0 poisson - 600 L - 7 conteneurs (60 x 40 cm) - sur roulettes - acier inoxydable au meilleur prix, fiable et performant avec une livraison rapide","robots":{"index":"index","follow":"follow","max-snippet":"max-snippet:-1","max-image-preview":"max-image-preview:large","max-video-preview":"max-video-preview:-1"},"canonical":"https:\/\/gastora.eu\/en\/product\/rfrigrateur-poisson-600-l-7-conteneurs-60-x-40-cm-sur-roulettes-acier-inoxydable\/","og_locale":"en_US","og_type":"article","og_title":"R\u00e9frig\u00e9rateur \u00e0 poisson - 600 L - 7 conteneurs (60 x 40 cm) - sur roulettes - acier inoxydable - Gastora","og_description":"Achetez R\u00e9frig\u00e9rateur \u00e0 poisson - 600 L - 7 conteneurs (60 x 40 cm) - sur roulettes - acier inoxydable au meilleur prix, fiable et performant avec une livraison rapide","og_url":"https:\/\/gastora.eu\/en\/product\/rfrigrateur-poisson-600-l-7-conteneurs-60-x-40-cm-sur-roulettes-acier-inoxydable\/","og_site_name":"Gastora","article_modified_time":"2026-04-28T16:57:40+00:00","twitter_card":"summary_large_image","twitter_misc":{"Est. reading time":"3 minutes"},"schema":{"@context":"https:\/\/schema.org","@graph":[{"@type":"WebPage","@id":"https:\/\/gastora.eu\/product\/rfrigrateur-poisson-600-l-7-conteneurs-60-x-40-cm-sur-roulettes-acier-inoxydable\/","url":"https:\/\/gastora.eu\/product\/rfrigrateur-poisson-600-l-7-conteneurs-60-x-40-cm-sur-roulettes-acier-inoxydable\/","name":"R\u00e9frig\u00e9rateur \u00e0 poisson - 600 L - 7 conteneurs (60 x 40 cm) - sur roulettes - acier inoxydable - Gastora","isPartOf":{"@id":"https:\/\/gastora.eu\/#website"},"primaryImageOfPage":{"@id":"https:\/\/gastora.eu\/product\/rfrigrateur-poisson-600-l-7-conteneurs-60-x-40-cm-sur-roulettes-acier-inoxydable\/#primaryimage"},"image":{"@id":"https:\/\/gastora.eu\/product\/rfrigrateur-poisson-600-l-7-conteneurs-60-x-40-cm-sur-roulettes-acier-inoxydable\/#primaryimage"},"thumbnailUrl":"https:\/\/gastora.eu\/wp-content\/uploads\/2026\/04\/1_r600_gn__0069_3.jpg","datePublished":"2026-04-26T08:49:57+00:00","dateModified":"2026-04-28T16:57:40+00:00","description":"Achetez R\u00e9frig\u00e9rateur \u00e0 poisson - 600 L - 7 conteneurs (60 x 40 cm) - sur roulettes - acier inoxydable au meilleur prix, fiable et performant avec une livraison rapide","breadcrumb":{"@id":"https:\/\/gastora.eu\/product\/rfrigrateur-poisson-600-l-7-conteneurs-60-x-40-cm-sur-roulettes-acier-inoxydable\/#breadcrumb"},"inLanguage":"en-US","potentialAction":[{"@type":"ReadAction","target":["https:\/\/gastora.eu\/product\/rfrigrateur-poisson-600-l-7-conteneurs-60-x-40-cm-sur-roulettes-acier-inoxydable\/"]}]},{"@type":"ImageObject","inLanguage":"en-US","@id":"https:\/\/gastora.eu\/product\/rfrigrateur-poisson-600-l-7-conteneurs-60-x-40-cm-sur-roulettes-acier-inoxydable\/#primaryimage","url":"https:\/\/gastora.eu\/wp-content\/uploads\/2026\/04\/1_r600_gn__0069_3.jpg","contentUrl":"https:\/\/gastora.eu\/wp-content\/uploads\/2026\/04\/1_r600_gn__0069_3.jpg","width":1200,"height":1200},{"@type":"BreadcrumbList","@id":"https:\/\/gastora.eu\/product\/rfrigrateur-poisson-600-l-7-conteneurs-60-x-40-cm-sur-roulettes-acier-inoxydable\/#breadcrumb","itemListElement":[{"@type":"ListItem","position":1,"name":"Home","item":"https:\/\/gastora.eu\/"},{"@type":"ListItem","position":2,"name":"Shop","item":"https:\/\/gastora.eu\/shop\/"},{"@type":"ListItem","position":3,"name":"R\u00e9frig\u00e9rateur \u00e0 poisson &#8211; 600 L &#8211; 7 conteneurs (60 x 40 cm) &#8211; sur roulettes &#8211; acier inoxydable"}]},{"@type":"WebSite","@id":"https:\/\/gastora.eu\/#website","url":"https:\/\/gastora.eu\/","name":"Gastora","description":"\u00c9quipements professionnels CHR","publisher":{"@id":"https:\/\/gastora.eu\/#organization"},"potentialAction":[{"@type":"SearchAction","target":{"@type":"EntryPoint","urlTemplate":"https:\/\/gastora.eu\/?s={search_term_string}"},"query-input":{"@type":"PropertyValueSpecification","valueRequired":true,"valueName":"search_term_string"}}],"inLanguage":"en-US"},{"@type":"Organization","@id":"https:\/\/gastora.eu\/#organization","name":"Gastora","url":"https:\/\/gastora.eu\/","logo":{"@type":"ImageObject","inLanguage":"en-US","@id":"https:\/\/gastora.eu\/#\/schema\/logo\/image\/","url":"https:\/\/gastora.eu\/wp-content\/uploads\/2025\/12\/ChatGPT-Image-2-janv.-2026-22_52_47-1.png","contentUrl":"https:\/\/gastora.eu\/wp-content\/uploads\/2025\/12\/ChatGPT-Image-2-janv.-2026-22_52_47-1.png","width":1536,"height":320,"caption":"Gastora"},"image":{"@id":"https:\/\/gastora.eu\/#\/schema\/logo\/image\/"}}]}},"jetpack_sharing_enabled":true,"_links":{"self":[{"href":"https:\/\/gastora.eu\/en\/wp-json\/wp\/v2\/product\/15043","targetHints":{"allow":["GET"]}}],"collection":[{"href":"https:\/\/gastora.eu\/en\/wp-json\/wp\/v2\/product"}],"about":[{"href":"https:\/\/gastora.eu\/en\/wp-json\/wp\/v2\/types\/product"}],"wp:featuredmedia":[{"embeddable":true,"href":"https:\/\/gastora.eu\/en\/wp-json\/wp\/v2\/media\/8821"}],"wp:attachment":[{"href":"https:\/\/gastora.eu\/en\/wp-json\/wp\/v2\/media?parent=15043"}],"wp:term":[{"taxonomy":"product_brand","embeddable":true,"href":"https:\/\/gastora.eu\/en\/wp-json\/wp\/v2\/product_brand?post=15043"},{"taxonomy":"product_cat","embeddable":true,"href":"https:\/\/gastora.eu\/en\/wp-json\/wp\/v2\/product_cat?post=15043"},{"taxonomy":"product_tag","embeddable":true,"href":"https:\/\/gastora.eu\/en\/wp-json\/wp\/v2\/product_tag?post=15043"}],"curies":[{"name":"wp","href":"https:\/\/api.w.org\/{rel}","templated":true}]}}