{"id":15041,"date":"2026-04-26T08:49:55","date_gmt":"2026-04-26T08:49:55","guid":{"rendered":"https:\/\/gastora.eu\/?post_type=product&#038;p=15041"},"modified":"2026-04-28T16:57:40","modified_gmt":"2026-04-28T16:57:40","slug":"robot-culinaire-50-l-bloc-du-groupe-de-lames-dentel","status":"publish","type":"product","link":"https:\/\/gastora.eu\/en\/product\/robot-culinaire-50-l-bloc-du-groupe-de-lames-dentel\/","title":{"rendered":"Robot culinaire 50 L &#8211; Bloc du groupe de lames &#8211; Dentel\u00e9"},"content":{"rendered":"<p>Cette lame en forme de croix en acier inoxydable est adapt\u00e9e au robot de cuisine 50l. Ces quatre lames dentel\u00e9es coupent vos fruits, l\u00e9gumes, noix et chocolat en petits morceaux. Mais elles permettent \u00e9galement de pr\u00e9parer du pesto, des vinaigrettes, des sauces, de la tapenade et des m\u00e9langes d&#8217;\u00e9pices. Veillez \u00e0 ce que le robot soit \u00e9teint lorsque vous ajoutez ou retirez le bloc de lames. Vous pouvez nettoyer le bloc de lames en utilisant un d\u00e9tergent doux et de l&#8217;eau chaude. S\u00e9chez soigneusement les lames crois\u00e9es \u00e0 l&#8217;aide d&#8217;un chiffon sec et rangez-les en lieu s\u00fbr.<\/p>","protected":false},"excerpt":{"rendered":"<p>Robot culinaire 50 L &#8211; Bloc du groupe de lames &#8211; Dentel\u00e9<\/p>","protected":false},"featured_media":8817,"template":"","meta":{"_acf_changed":false},"product_brand":[],"product_cat":[471],"product_tag":[],"class_list":{"0":"post-15041","1":"product","2":"type-product","3":"status-publish","4":"has-post-thumbnail","6":"product_cat-robots-cutters-2","8":"first","9":"instock","10":"sale","11":"taxable","12":"shipping-taxable","13":"purchasable","14":"product-type-simple"},"acf":[],"yoast_head":"<!-- This site is optimized with the Yoast SEO plugin v27.5 - https:\/\/yoast.com\/product\/yoast-seo-wordpress\/ -->\n<title>Robot culinaire 50 L - Bloc du groupe de lames - Dentel\u00e9 - Gastora<\/title>\n<meta name=\"description\" content=\"Achetez Robot culinaire 50 L - Bloc du groupe de lames - Dentel\u00e9 au meilleur prix, fiable et performant avec une livraison rapide\" \/>\n<meta name=\"robots\" content=\"index, follow, max-snippet:-1, max-image-preview:large, max-video-preview:-1\" \/>\n<link rel=\"canonical\" href=\"https:\/\/gastora.eu\/en\/product\/robot-culinaire-50-l-bloc-du-groupe-de-lames-dentel\/\" \/>\n<meta property=\"og:locale\" content=\"en_US\" \/>\n<meta property=\"og:type\" content=\"article\" \/>\n<meta property=\"og:title\" content=\"Robot culinaire 50 L - Bloc du groupe de lames - Dentel\u00e9 - Gastora\" \/>\n<meta property=\"og:description\" content=\"Achetez Robot culinaire 50 L - Bloc du groupe de lames - Dentel\u00e9 au meilleur prix, fiable et performant avec une livraison rapide\" \/>\n<meta property=\"og:url\" content=\"https:\/\/gastora.eu\/en\/product\/robot-culinaire-50-l-bloc-du-groupe-de-lames-dentel\/\" \/>\n<meta property=\"og:site_name\" content=\"Gastora\" \/>\n<meta property=\"article:modified_time\" content=\"2026-04-28T16:57:40+00:00\" \/>\n<meta name=\"twitter:card\" content=\"summary_large_image\" \/>\n<meta name=\"twitter:label1\" content=\"Est. reading time\" \/>\n\t<meta name=\"twitter:data1\" content=\"1 minute\" \/>\n<script type=\"application\/ld+json\" class=\"yoast-schema-graph\">{\"@context\":\"https:\\\/\\\/schema.org\",\"@graph\":[{\"@type\":\"WebPage\",\"@id\":\"https:\\\/\\\/gastora.eu\\\/product\\\/robot-culinaire-50-l-bloc-du-groupe-de-lames-dentel\\\/\",\"url\":\"https:\\\/\\\/gastora.eu\\\/product\\\/robot-culinaire-50-l-bloc-du-groupe-de-lames-dentel\\\/\",\"name\":\"Robot culinaire 50 L - Bloc du groupe de lames - Dentel\u00e9 - Gastora\",\"isPartOf\":{\"@id\":\"https:\\\/\\\/gastora.eu\\\/#website\"},\"primaryImageOfPage\":{\"@id\":\"https:\\\/\\\/gastora.eu\\\/product\\\/robot-culinaire-50-l-bloc-du-groupe-de-lames-dentel\\\/#primaryimage\"},\"image\":{\"@id\":\"https:\\\/\\\/gastora.eu\\\/product\\\/robot-culinaire-50-l-bloc-du-groupe-de-lames-dentel\\\/#primaryimage\"},\"thumbnailUrl\":\"https:\\\/\\\/gastora.eu\\\/wp-content\\\/uploads\\\/2026\\\/04\\\/260203_09399497_img_001.jpg\",\"datePublished\":\"2026-04-26T08:49:55+00:00\",\"dateModified\":\"2026-04-28T16:57:40+00:00\",\"description\":\"Achetez Robot culinaire 50 L - Bloc du groupe de lames - Dentel\u00e9 au meilleur prix, fiable et performant avec une livraison rapide\",\"breadcrumb\":{\"@id\":\"https:\\\/\\\/gastora.eu\\\/product\\\/robot-culinaire-50-l-bloc-du-groupe-de-lames-dentel\\\/#breadcrumb\"},\"inLanguage\":\"en-US\",\"potentialAction\":[{\"@type\":\"ReadAction\",\"target\":[\"https:\\\/\\\/gastora.eu\\\/product\\\/robot-culinaire-50-l-bloc-du-groupe-de-lames-dentel\\\/\"]}]},{\"@type\":\"ImageObject\",\"inLanguage\":\"en-US\",\"@id\":\"https:\\\/\\\/gastora.eu\\\/product\\\/robot-culinaire-50-l-bloc-du-groupe-de-lames-dentel\\\/#primaryimage\",\"url\":\"https:\\\/\\\/gastora.eu\\\/wp-content\\\/uploads\\\/2026\\\/04\\\/260203_09399497_img_001.jpg\",\"contentUrl\":\"https:\\\/\\\/gastora.eu\\\/wp-content\\\/uploads\\\/2026\\\/04\\\/260203_09399497_img_001.jpg\",\"width\":1200,\"height\":1200},{\"@type\":\"BreadcrumbList\",\"@id\":\"https:\\\/\\\/gastora.eu\\\/product\\\/robot-culinaire-50-l-bloc-du-groupe-de-lames-dentel\\\/#breadcrumb\",\"itemListElement\":[{\"@type\":\"ListItem\",\"position\":1,\"name\":\"Home\",\"item\":\"https:\\\/\\\/gastora.eu\\\/\"},{\"@type\":\"ListItem\",\"position\":2,\"name\":\"Shop\",\"item\":\"https:\\\/\\\/gastora.eu\\\/shop\\\/\"},{\"@type\":\"ListItem\",\"position\":3,\"name\":\"Robot culinaire 50 L &#8211; Bloc du groupe de lames &#8211; Dentel\u00e9\"}]},{\"@type\":\"WebSite\",\"@id\":\"https:\\\/\\\/gastora.eu\\\/#website\",\"url\":\"https:\\\/\\\/gastora.eu\\\/\",\"name\":\"Gastora\",\"description\":\"\u00c9quipements professionnels CHR\",\"publisher\":{\"@id\":\"https:\\\/\\\/gastora.eu\\\/#organization\"},\"potentialAction\":[{\"@type\":\"SearchAction\",\"target\":{\"@type\":\"EntryPoint\",\"urlTemplate\":\"https:\\\/\\\/gastora.eu\\\/?s={search_term_string}\"},\"query-input\":{\"@type\":\"PropertyValueSpecification\",\"valueRequired\":true,\"valueName\":\"search_term_string\"}}],\"inLanguage\":\"en-US\"},{\"@type\":\"Organization\",\"@id\":\"https:\\\/\\\/gastora.eu\\\/#organization\",\"name\":\"Gastora\",\"url\":\"https:\\\/\\\/gastora.eu\\\/\",\"logo\":{\"@type\":\"ImageObject\",\"inLanguage\":\"en-US\",\"@id\":\"https:\\\/\\\/gastora.eu\\\/#\\\/schema\\\/logo\\\/image\\\/\",\"url\":\"https:\\\/\\\/gastora.eu\\\/wp-content\\\/uploads\\\/2025\\\/12\\\/ChatGPT-Image-2-janv.-2026-22_52_47-1.png\",\"contentUrl\":\"https:\\\/\\\/gastora.eu\\\/wp-content\\\/uploads\\\/2025\\\/12\\\/ChatGPT-Image-2-janv.-2026-22_52_47-1.png\",\"width\":1536,\"height\":320,\"caption\":\"Gastora\"},\"image\":{\"@id\":\"https:\\\/\\\/gastora.eu\\\/#\\\/schema\\\/logo\\\/image\\\/\"}}]}<\/script>\n<!-- \/ Yoast SEO plugin. -->","yoast_head_json":{"title":"Robot culinaire 50 L - Bloc du groupe de lames - Dentel\u00e9 - Gastora","description":"Achetez Robot culinaire 50 L - Bloc du groupe de lames - Dentel\u00e9 au meilleur prix, fiable et performant avec une livraison rapide","robots":{"index":"index","follow":"follow","max-snippet":"max-snippet:-1","max-image-preview":"max-image-preview:large","max-video-preview":"max-video-preview:-1"},"canonical":"https:\/\/gastora.eu\/en\/product\/robot-culinaire-50-l-bloc-du-groupe-de-lames-dentel\/","og_locale":"en_US","og_type":"article","og_title":"Robot culinaire 50 L - Bloc du groupe de lames - Dentel\u00e9 - Gastora","og_description":"Achetez Robot culinaire 50 L - Bloc du groupe de lames - Dentel\u00e9 au meilleur prix, fiable et performant avec une livraison rapide","og_url":"https:\/\/gastora.eu\/en\/product\/robot-culinaire-50-l-bloc-du-groupe-de-lames-dentel\/","og_site_name":"Gastora","article_modified_time":"2026-04-28T16:57:40+00:00","twitter_card":"summary_large_image","twitter_misc":{"Est. reading time":"1 minute"},"schema":{"@context":"https:\/\/schema.org","@graph":[{"@type":"WebPage","@id":"https:\/\/gastora.eu\/product\/robot-culinaire-50-l-bloc-du-groupe-de-lames-dentel\/","url":"https:\/\/gastora.eu\/product\/robot-culinaire-50-l-bloc-du-groupe-de-lames-dentel\/","name":"Robot culinaire 50 L - Bloc du groupe de lames - Dentel\u00e9 - Gastora","isPartOf":{"@id":"https:\/\/gastora.eu\/#website"},"primaryImageOfPage":{"@id":"https:\/\/gastora.eu\/product\/robot-culinaire-50-l-bloc-du-groupe-de-lames-dentel\/#primaryimage"},"image":{"@id":"https:\/\/gastora.eu\/product\/robot-culinaire-50-l-bloc-du-groupe-de-lames-dentel\/#primaryimage"},"thumbnailUrl":"https:\/\/gastora.eu\/wp-content\/uploads\/2026\/04\/260203_09399497_img_001.jpg","datePublished":"2026-04-26T08:49:55+00:00","dateModified":"2026-04-28T16:57:40+00:00","description":"Achetez Robot culinaire 50 L - Bloc du groupe de lames - Dentel\u00e9 au meilleur prix, fiable et performant avec une livraison rapide","breadcrumb":{"@id":"https:\/\/gastora.eu\/product\/robot-culinaire-50-l-bloc-du-groupe-de-lames-dentel\/#breadcrumb"},"inLanguage":"en-US","potentialAction":[{"@type":"ReadAction","target":["https:\/\/gastora.eu\/product\/robot-culinaire-50-l-bloc-du-groupe-de-lames-dentel\/"]}]},{"@type":"ImageObject","inLanguage":"en-US","@id":"https:\/\/gastora.eu\/product\/robot-culinaire-50-l-bloc-du-groupe-de-lames-dentel\/#primaryimage","url":"https:\/\/gastora.eu\/wp-content\/uploads\/2026\/04\/260203_09399497_img_001.jpg","contentUrl":"https:\/\/gastora.eu\/wp-content\/uploads\/2026\/04\/260203_09399497_img_001.jpg","width":1200,"height":1200},{"@type":"BreadcrumbList","@id":"https:\/\/gastora.eu\/product\/robot-culinaire-50-l-bloc-du-groupe-de-lames-dentel\/#breadcrumb","itemListElement":[{"@type":"ListItem","position":1,"name":"Home","item":"https:\/\/gastora.eu\/"},{"@type":"ListItem","position":2,"name":"Shop","item":"https:\/\/gastora.eu\/shop\/"},{"@type":"ListItem","position":3,"name":"Robot culinaire 50 L &#8211; Bloc du groupe de lames &#8211; Dentel\u00e9"}]},{"@type":"WebSite","@id":"https:\/\/gastora.eu\/#website","url":"https:\/\/gastora.eu\/","name":"Gastora","description":"\u00c9quipements professionnels CHR","publisher":{"@id":"https:\/\/gastora.eu\/#organization"},"potentialAction":[{"@type":"SearchAction","target":{"@type":"EntryPoint","urlTemplate":"https:\/\/gastora.eu\/?s={search_term_string}"},"query-input":{"@type":"PropertyValueSpecification","valueRequired":true,"valueName":"search_term_string"}}],"inLanguage":"en-US"},{"@type":"Organization","@id":"https:\/\/gastora.eu\/#organization","name":"Gastora","url":"https:\/\/gastora.eu\/","logo":{"@type":"ImageObject","inLanguage":"en-US","@id":"https:\/\/gastora.eu\/#\/schema\/logo\/image\/","url":"https:\/\/gastora.eu\/wp-content\/uploads\/2025\/12\/ChatGPT-Image-2-janv.-2026-22_52_47-1.png","contentUrl":"https:\/\/gastora.eu\/wp-content\/uploads\/2025\/12\/ChatGPT-Image-2-janv.-2026-22_52_47-1.png","width":1536,"height":320,"caption":"Gastora"},"image":{"@id":"https:\/\/gastora.eu\/#\/schema\/logo\/image\/"}}]}},"jetpack_sharing_enabled":true,"_links":{"self":[{"href":"https:\/\/gastora.eu\/en\/wp-json\/wp\/v2\/product\/15041","targetHints":{"allow":["GET"]}}],"collection":[{"href":"https:\/\/gastora.eu\/en\/wp-json\/wp\/v2\/product"}],"about":[{"href":"https:\/\/gastora.eu\/en\/wp-json\/wp\/v2\/types\/product"}],"wp:featuredmedia":[{"embeddable":true,"href":"https:\/\/gastora.eu\/en\/wp-json\/wp\/v2\/media\/8817"}],"wp:attachment":[{"href":"https:\/\/gastora.eu\/en\/wp-json\/wp\/v2\/media?parent=15041"}],"wp:term":[{"taxonomy":"product_brand","embeddable":true,"href":"https:\/\/gastora.eu\/en\/wp-json\/wp\/v2\/product_brand?post=15041"},{"taxonomy":"product_cat","embeddable":true,"href":"https:\/\/gastora.eu\/en\/wp-json\/wp\/v2\/product_cat?post=15041"},{"taxonomy":"product_tag","embeddable":true,"href":"https:\/\/gastora.eu\/en\/wp-json\/wp\/v2\/product_tag?post=15041"}],"curies":[{"name":"wp","href":"https:\/\/api.w.org\/{rel}","templated":true}]}}