{"id":15035,"date":"2026-04-26T08:49:47","date_gmt":"2026-04-26T08:49:47","guid":{"rendered":"https:\/\/gastora.eu\/?post_type=product&#038;p=15035"},"modified":"2026-04-28T16:57:39","modified_gmt":"2026-04-28T16:57:39","slug":"mixer-plantaire-7l-bol-de-mlange-en-acier-inoxydable-modle-2","status":"publish","type":"product","link":"https:\/\/gastora.eu\/en\/product\/mixer-plantaire-7l-bol-de-mlange-en-acier-inoxydable-modle-2\/","title":{"rendered":"Mixer plan\u00e9taire 7L &#8211; Bol de m\u00e9lange en acier inoxydable &#8211; Mod\u00e8le 2"},"content":{"rendered":"<p>Ce bol en acier inoxydable num\u00e9ro 2 convient aux m\u00e9langeurs plan\u00e9taires Maxima de 7 litres qui utilisent le syst\u00e8me de verrouillage mod\u00e8le 2. Le syst\u00e8me de verrouillage est diff\u00e9rent de celui du mod\u00e8le 1. Le bol est durable et facile \u00e0 nettoyer.<\/p>\n<p><strong>Veuillez v\u00e9rifier attentivement quel mod\u00e8le correspond \u00e0 votre machine. Vous pouvez identifier le syst\u00e8me de verrouillage sur la deuxi\u00e8me image du produit.<\/strong><\/p>","protected":false},"excerpt":{"rendered":"<p>Mixer plan\u00e9taire 7L &#8211; Bol de m\u00e9lange en acier inoxydable &#8211; Mod\u00e8le 2<\/p>","protected":false},"featured_media":8805,"template":"","meta":{"_acf_changed":false},"product_brand":[],"product_cat":[480],"product_tag":[],"class_list":{"0":"post-15035","1":"product","2":"type-product","3":"status-publish","4":"has-post-thumbnail","6":"product_cat-batteurs-melangeurs-2","8":"first","9":"instock","10":"sale","11":"taxable","12":"shipping-taxable","13":"purchasable","14":"product-type-simple"},"acf":[],"yoast_head":"<!-- This site is optimized with the Yoast SEO plugin v27.5 - https:\/\/yoast.com\/product\/yoast-seo-wordpress\/ -->\n<title>Mixer plan\u00e9taire 7L - Bol de m\u00e9lange en acier inoxydable - Mod\u00e8le 2 - Gastora<\/title>\n<meta name=\"description\" content=\"Achetez Mixer plan\u00e9taire 7L - Bol de m\u00e9lange en acier inoxydable - Mod\u00e8le 2 au meilleur prix, fiable et performant avec une livraison rapide\" \/>\n<meta name=\"robots\" content=\"index, follow, max-snippet:-1, max-image-preview:large, max-video-preview:-1\" \/>\n<link rel=\"canonical\" href=\"https:\/\/gastora.eu\/en\/product\/mixer-plantaire-7l-bol-de-mlange-en-acier-inoxydable-modle-2\/\" \/>\n<meta property=\"og:locale\" content=\"en_US\" \/>\n<meta property=\"og:type\" content=\"article\" \/>\n<meta property=\"og:title\" content=\"Mixer plan\u00e9taire 7L - Bol de m\u00e9lange en acier inoxydable - Mod\u00e8le 2 - Gastora\" \/>\n<meta property=\"og:description\" content=\"Achetez Mixer plan\u00e9taire 7L - Bol de m\u00e9lange en acier inoxydable - Mod\u00e8le 2 au meilleur prix, fiable et performant avec une livraison rapide\" \/>\n<meta property=\"og:url\" content=\"https:\/\/gastora.eu\/en\/product\/mixer-plantaire-7l-bol-de-mlange-en-acier-inoxydable-modle-2\/\" \/>\n<meta property=\"og:site_name\" content=\"Gastora\" \/>\n<meta property=\"article:modified_time\" content=\"2026-04-28T16:57:39+00:00\" \/>\n<meta name=\"twitter:card\" content=\"summary_large_image\" \/>\n<script type=\"application\/ld+json\" class=\"yoast-schema-graph\">{\"@context\":\"https:\\\/\\\/schema.org\",\"@graph\":[{\"@type\":\"WebPage\",\"@id\":\"https:\\\/\\\/gastora.eu\\\/product\\\/mixer-plantaire-7l-bol-de-mlange-en-acier-inoxydable-modle-2\\\/\",\"url\":\"https:\\\/\\\/gastora.eu\\\/product\\\/mixer-plantaire-7l-bol-de-mlange-en-acier-inoxydable-modle-2\\\/\",\"name\":\"Mixer plan\u00e9taire 7L - Bol de m\u00e9lange en acier inoxydable - Mod\u00e8le 2 - Gastora\",\"isPartOf\":{\"@id\":\"https:\\\/\\\/gastora.eu\\\/#website\"},\"primaryImageOfPage\":{\"@id\":\"https:\\\/\\\/gastora.eu\\\/product\\\/mixer-plantaire-7l-bol-de-mlange-en-acier-inoxydable-modle-2\\\/#primaryimage\"},\"image\":{\"@id\":\"https:\\\/\\\/gastora.eu\\\/product\\\/mixer-plantaire-7l-bol-de-mlange-en-acier-inoxydable-modle-2\\\/#primaryimage\"},\"thumbnailUrl\":\"https:\\\/\\\/gastora.eu\\\/wp-content\\\/uploads\\\/2026\\\/04\\\/new-bowl.jpg\",\"datePublished\":\"2026-04-26T08:49:47+00:00\",\"dateModified\":\"2026-04-28T16:57:39+00:00\",\"description\":\"Achetez Mixer plan\u00e9taire 7L - Bol de m\u00e9lange en acier inoxydable - Mod\u00e8le 2 au meilleur prix, fiable et performant avec une livraison rapide\",\"breadcrumb\":{\"@id\":\"https:\\\/\\\/gastora.eu\\\/product\\\/mixer-plantaire-7l-bol-de-mlange-en-acier-inoxydable-modle-2\\\/#breadcrumb\"},\"inLanguage\":\"en-US\",\"potentialAction\":[{\"@type\":\"ReadAction\",\"target\":[\"https:\\\/\\\/gastora.eu\\\/product\\\/mixer-plantaire-7l-bol-de-mlange-en-acier-inoxydable-modle-2\\\/\"]}]},{\"@type\":\"ImageObject\",\"inLanguage\":\"en-US\",\"@id\":\"https:\\\/\\\/gastora.eu\\\/product\\\/mixer-plantaire-7l-bol-de-mlange-en-acier-inoxydable-modle-2\\\/#primaryimage\",\"url\":\"https:\\\/\\\/gastora.eu\\\/wp-content\\\/uploads\\\/2026\\\/04\\\/new-bowl.jpg\",\"contentUrl\":\"https:\\\/\\\/gastora.eu\\\/wp-content\\\/uploads\\\/2026\\\/04\\\/new-bowl.jpg\",\"width\":1000,\"height\":1000},{\"@type\":\"BreadcrumbList\",\"@id\":\"https:\\\/\\\/gastora.eu\\\/product\\\/mixer-plantaire-7l-bol-de-mlange-en-acier-inoxydable-modle-2\\\/#breadcrumb\",\"itemListElement\":[{\"@type\":\"ListItem\",\"position\":1,\"name\":\"Home\",\"item\":\"https:\\\/\\\/gastora.eu\\\/\"},{\"@type\":\"ListItem\",\"position\":2,\"name\":\"Shop\",\"item\":\"https:\\\/\\\/gastora.eu\\\/shop\\\/\"},{\"@type\":\"ListItem\",\"position\":3,\"name\":\"Mixer plan\u00e9taire 7L &#8211; Bol de m\u00e9lange en acier inoxydable &#8211; Mod\u00e8le 2\"}]},{\"@type\":\"WebSite\",\"@id\":\"https:\\\/\\\/gastora.eu\\\/#website\",\"url\":\"https:\\\/\\\/gastora.eu\\\/\",\"name\":\"Gastora\",\"description\":\"\u00c9quipements professionnels CHR\",\"publisher\":{\"@id\":\"https:\\\/\\\/gastora.eu\\\/#organization\"},\"potentialAction\":[{\"@type\":\"SearchAction\",\"target\":{\"@type\":\"EntryPoint\",\"urlTemplate\":\"https:\\\/\\\/gastora.eu\\\/?s={search_term_string}\"},\"query-input\":{\"@type\":\"PropertyValueSpecification\",\"valueRequired\":true,\"valueName\":\"search_term_string\"}}],\"inLanguage\":\"en-US\"},{\"@type\":\"Organization\",\"@id\":\"https:\\\/\\\/gastora.eu\\\/#organization\",\"name\":\"Gastora\",\"url\":\"https:\\\/\\\/gastora.eu\\\/\",\"logo\":{\"@type\":\"ImageObject\",\"inLanguage\":\"en-US\",\"@id\":\"https:\\\/\\\/gastora.eu\\\/#\\\/schema\\\/logo\\\/image\\\/\",\"url\":\"https:\\\/\\\/gastora.eu\\\/wp-content\\\/uploads\\\/2025\\\/12\\\/ChatGPT-Image-2-janv.-2026-22_52_47-1.png\",\"contentUrl\":\"https:\\\/\\\/gastora.eu\\\/wp-content\\\/uploads\\\/2025\\\/12\\\/ChatGPT-Image-2-janv.-2026-22_52_47-1.png\",\"width\":1536,\"height\":320,\"caption\":\"Gastora\"},\"image\":{\"@id\":\"https:\\\/\\\/gastora.eu\\\/#\\\/schema\\\/logo\\\/image\\\/\"}}]}<\/script>\n<!-- \/ Yoast SEO plugin. -->","yoast_head_json":{"title":"Mixer plan\u00e9taire 7L - Bol de m\u00e9lange en acier inoxydable - Mod\u00e8le 2 - Gastora","description":"Achetez Mixer plan\u00e9taire 7L - Bol de m\u00e9lange en acier inoxydable - Mod\u00e8le 2 au meilleur prix, fiable et performant avec une livraison rapide","robots":{"index":"index","follow":"follow","max-snippet":"max-snippet:-1","max-image-preview":"max-image-preview:large","max-video-preview":"max-video-preview:-1"},"canonical":"https:\/\/gastora.eu\/en\/product\/mixer-plantaire-7l-bol-de-mlange-en-acier-inoxydable-modle-2\/","og_locale":"en_US","og_type":"article","og_title":"Mixer plan\u00e9taire 7L - Bol de m\u00e9lange en acier inoxydable - Mod\u00e8le 2 - Gastora","og_description":"Achetez Mixer plan\u00e9taire 7L - Bol de m\u00e9lange en acier inoxydable - Mod\u00e8le 2 au meilleur prix, fiable et performant avec une livraison rapide","og_url":"https:\/\/gastora.eu\/en\/product\/mixer-plantaire-7l-bol-de-mlange-en-acier-inoxydable-modle-2\/","og_site_name":"Gastora","article_modified_time":"2026-04-28T16:57:39+00:00","twitter_card":"summary_large_image","schema":{"@context":"https:\/\/schema.org","@graph":[{"@type":"WebPage","@id":"https:\/\/gastora.eu\/product\/mixer-plantaire-7l-bol-de-mlange-en-acier-inoxydable-modle-2\/","url":"https:\/\/gastora.eu\/product\/mixer-plantaire-7l-bol-de-mlange-en-acier-inoxydable-modle-2\/","name":"Mixer plan\u00e9taire 7L - Bol de m\u00e9lange en acier inoxydable - Mod\u00e8le 2 - Gastora","isPartOf":{"@id":"https:\/\/gastora.eu\/#website"},"primaryImageOfPage":{"@id":"https:\/\/gastora.eu\/product\/mixer-plantaire-7l-bol-de-mlange-en-acier-inoxydable-modle-2\/#primaryimage"},"image":{"@id":"https:\/\/gastora.eu\/product\/mixer-plantaire-7l-bol-de-mlange-en-acier-inoxydable-modle-2\/#primaryimage"},"thumbnailUrl":"https:\/\/gastora.eu\/wp-content\/uploads\/2026\/04\/new-bowl.jpg","datePublished":"2026-04-26T08:49:47+00:00","dateModified":"2026-04-28T16:57:39+00:00","description":"Achetez Mixer plan\u00e9taire 7L - Bol de m\u00e9lange en acier inoxydable - Mod\u00e8le 2 au meilleur prix, fiable et performant avec une livraison rapide","breadcrumb":{"@id":"https:\/\/gastora.eu\/product\/mixer-plantaire-7l-bol-de-mlange-en-acier-inoxydable-modle-2\/#breadcrumb"},"inLanguage":"en-US","potentialAction":[{"@type":"ReadAction","target":["https:\/\/gastora.eu\/product\/mixer-plantaire-7l-bol-de-mlange-en-acier-inoxydable-modle-2\/"]}]},{"@type":"ImageObject","inLanguage":"en-US","@id":"https:\/\/gastora.eu\/product\/mixer-plantaire-7l-bol-de-mlange-en-acier-inoxydable-modle-2\/#primaryimage","url":"https:\/\/gastora.eu\/wp-content\/uploads\/2026\/04\/new-bowl.jpg","contentUrl":"https:\/\/gastora.eu\/wp-content\/uploads\/2026\/04\/new-bowl.jpg","width":1000,"height":1000},{"@type":"BreadcrumbList","@id":"https:\/\/gastora.eu\/product\/mixer-plantaire-7l-bol-de-mlange-en-acier-inoxydable-modle-2\/#breadcrumb","itemListElement":[{"@type":"ListItem","position":1,"name":"Home","item":"https:\/\/gastora.eu\/"},{"@type":"ListItem","position":2,"name":"Shop","item":"https:\/\/gastora.eu\/shop\/"},{"@type":"ListItem","position":3,"name":"Mixer plan\u00e9taire 7L &#8211; Bol de m\u00e9lange en acier inoxydable &#8211; Mod\u00e8le 2"}]},{"@type":"WebSite","@id":"https:\/\/gastora.eu\/#website","url":"https:\/\/gastora.eu\/","name":"Gastora","description":"\u00c9quipements professionnels CHR","publisher":{"@id":"https:\/\/gastora.eu\/#organization"},"potentialAction":[{"@type":"SearchAction","target":{"@type":"EntryPoint","urlTemplate":"https:\/\/gastora.eu\/?s={search_term_string}"},"query-input":{"@type":"PropertyValueSpecification","valueRequired":true,"valueName":"search_term_string"}}],"inLanguage":"en-US"},{"@type":"Organization","@id":"https:\/\/gastora.eu\/#organization","name":"Gastora","url":"https:\/\/gastora.eu\/","logo":{"@type":"ImageObject","inLanguage":"en-US","@id":"https:\/\/gastora.eu\/#\/schema\/logo\/image\/","url":"https:\/\/gastora.eu\/wp-content\/uploads\/2025\/12\/ChatGPT-Image-2-janv.-2026-22_52_47-1.png","contentUrl":"https:\/\/gastora.eu\/wp-content\/uploads\/2025\/12\/ChatGPT-Image-2-janv.-2026-22_52_47-1.png","width":1536,"height":320,"caption":"Gastora"},"image":{"@id":"https:\/\/gastora.eu\/#\/schema\/logo\/image\/"}}]}},"jetpack_sharing_enabled":true,"_links":{"self":[{"href":"https:\/\/gastora.eu\/en\/wp-json\/wp\/v2\/product\/15035","targetHints":{"allow":["GET"]}}],"collection":[{"href":"https:\/\/gastora.eu\/en\/wp-json\/wp\/v2\/product"}],"about":[{"href":"https:\/\/gastora.eu\/en\/wp-json\/wp\/v2\/types\/product"}],"wp:featuredmedia":[{"embeddable":true,"href":"https:\/\/gastora.eu\/en\/wp-json\/wp\/v2\/media\/8805"}],"wp:attachment":[{"href":"https:\/\/gastora.eu\/en\/wp-json\/wp\/v2\/media?parent=15035"}],"wp:term":[{"taxonomy":"product_brand","embeddable":true,"href":"https:\/\/gastora.eu\/en\/wp-json\/wp\/v2\/product_brand?post=15035"},{"taxonomy":"product_cat","embeddable":true,"href":"https:\/\/gastora.eu\/en\/wp-json\/wp\/v2\/product_cat?post=15035"},{"taxonomy":"product_tag","embeddable":true,"href":"https:\/\/gastora.eu\/en\/wp-json\/wp\/v2\/product_tag?post=15035"}],"curies":[{"name":"wp","href":"https:\/\/api.w.org\/{rel}","templated":true}]}}