{"id":15031,"date":"2026-04-26T08:49:43","date_gmt":"2026-04-26T08:49:43","guid":{"rendered":"https:\/\/gastora.eu\/?post_type=product&#038;p=15031"},"modified":"2026-04-28T16:57:39","modified_gmt":"2026-04-28T16:57:39","slug":"chariot-de-service-3-tagres-en-plastique-103-x-505-cm","status":"publish","type":"product","link":"https:\/\/gastora.eu\/en\/product\/chariot-de-service-3-tagres-en-plastique-103-x-505-cm\/","title":{"rendered":"Chariot de service &#8211; 3 \u00e9tag\u00e8res en plastique &#8211; 103 x 50,5 cm"},"content":{"rendered":"<p>Ce chariot de service peut vous \u00e9viter de marcher et de soulever des objets, car vous laissez le chariot de service faire le travail. Il est id\u00e9al pour transporter et servir les repas. Le chariot de service est \u00e9galement tr\u00e8s utile pour d\u00e9barrasser la cuisine de la vaisselle sale. Ce chariot de service professionnel est \u00e9quip\u00e9 de trois \u00e9tag\u00e8res en plastique.<\/p>\n<h3>Grande capacit\u00e9 de charge<\/h3>\n<p>Le chariot de service est fabriqu\u00e9 en aluminium et peut supporter une utilisation quotidienne. Les trois \u00e9tag\u00e8res en plastique de la desserte sont renforc\u00e9es dans les coins et peuvent supporter une charge maximale de 50 kg par \u00e9tag\u00e8re. Les \u00e9tag\u00e8res ont un bord sur\u00e9lev\u00e9, de sorte que la vaisselle ne peut pas tomber. Pour des mouvements en douceur, la desserte est \u00e9quip\u00e9e de quatre roulettes pratiques, dont deux sont munies d&#8217;un frein. Cela vous permet de placer facilement le chariot de service \u00e0 n&#8217;importe quel endroit sans qu&#8217;il ne se mette \u00e0 rouler.<\/p>\n<h3>Facile \u00e0 nettoyer<\/h3>\n<p>Les coins sont lisses et, comme la desserte n&#8217;a pas d&#8217;ar\u00eates vives et que sa finition est soign\u00e9e, elle peut \u00eatre utilis\u00e9e en toute s\u00e9curit\u00e9. Le chariot de service est fabriqu\u00e9 en aluminium, en acier et en plastique et se nettoie facilement \u00e0 l&#8217;aide d&#8217;un chiffon l\u00e9g\u00e8rement humide. Prenez un seau d&#8217;eau chaude et un d\u00e9tergent doux pour nettoyer toutes les surfaces. Pour un r\u00e9sultat sans traces, essuyez ensuite le tout avec un chiffon sec et doux.<\/p>\n<p><strong>Caract\u00e9ristiques<\/strong><\/p>\n<ul>\n<li>\u00c9quip\u00e9 de trois \u00e9tag\u00e8res en plastique<\/li>\n<li>Les \u00e9tag\u00e8res ont des bords pli\u00e9s<\/li>\n<li>Les coins sont lisses<\/li>\n<li>Installation tr\u00e8s facile (10 minutes)<\/li>\n<\/ul>\n<p><strong>Caract\u00e9ristiques du produit<\/strong><\/p>\n<ul>\n<li>Poids net : 13,4kg<\/li>\n<li>Capacit\u00e9 par \u00e9tag\u00e8re : 50kg<\/li>\n<li>Capacit\u00e9 de charge totale : 150kg (si r\u00e9partie uniform\u00e9ment)<\/li>\n<li>Dimensions : L103 x P50,5 x H96cm L103 x P50,5 x H96cm<\/li>\n<li>Diam\u00e8tre des pieds : 4,6cm<\/li>\n<li>Distance entre les \u00e9tag\u00e8res : 27cm<\/li>\n<\/ul>","protected":false},"excerpt":{"rendered":"<p>Ce chariot de service robuste a une structure en aluminium et trois \u00e9tag\u00e8res en plastique pouvant supporter jusqu&#8217;\u00e0 50 kg par \u00e9tag\u00e8re. Le chariot est \u00e9quip\u00e9 de quatre roues, dont deux sont munies de freins. Les pieds sont lisses, sans ar\u00eates vives, et sont faciles \u00e0 assembler. Les \u00e9tag\u00e8res en plastique sont faciles \u00e0 nettoyer.<\/p>","protected":false},"featured_media":8797,"template":"","meta":{"_acf_changed":false},"product_brand":[],"product_cat":[485],"product_tag":[],"class_list":{"0":"post-15031","1":"product","2":"type-product","3":"status-publish","4":"has-post-thumbnail","6":"product_cat-chariots-dessertes-2","8":"first","9":"instock","10":"sale","11":"taxable","12":"shipping-taxable","13":"purchasable","14":"product-type-simple"},"acf":[],"yoast_head":"<!-- This site is optimized with the Yoast SEO plugin v27.5 - https:\/\/yoast.com\/product\/yoast-seo-wordpress\/ -->\n<title>Chariot de service - 3 \u00e9tag\u00e8res en plastique - 103 x 50,5 cm - Gastora<\/title>\n<meta name=\"description\" content=\"Achetez Chariot de service - 3 \u00e9tag\u00e8res en plastique - 103 x 50,5 cm au meilleur prix, fiable et performant avec une livraison rapide\" \/>\n<meta name=\"robots\" content=\"index, follow, max-snippet:-1, max-image-preview:large, max-video-preview:-1\" \/>\n<link rel=\"canonical\" href=\"https:\/\/gastora.eu\/en\/product\/chariot-de-service-3-tagres-en-plastique-103-x-505-cm\/\" \/>\n<meta property=\"og:locale\" content=\"en_US\" \/>\n<meta property=\"og:type\" content=\"article\" \/>\n<meta property=\"og:title\" content=\"Chariot de service - 3 \u00e9tag\u00e8res en plastique - 103 x 50,5 cm - Gastora\" \/>\n<meta property=\"og:description\" content=\"Achetez Chariot de service - 3 \u00e9tag\u00e8res en plastique - 103 x 50,5 cm au meilleur prix, fiable et performant avec une livraison rapide\" \/>\n<meta property=\"og:url\" content=\"https:\/\/gastora.eu\/en\/product\/chariot-de-service-3-tagres-en-plastique-103-x-505-cm\/\" \/>\n<meta property=\"og:site_name\" content=\"Gastora\" \/>\n<meta property=\"article:modified_time\" content=\"2026-04-28T16:57:39+00:00\" \/>\n<meta name=\"twitter:card\" content=\"summary_large_image\" \/>\n<meta name=\"twitter:label1\" content=\"Est. reading time\" \/>\n\t<meta name=\"twitter:data1\" content=\"2 minutes\" \/>\n<script type=\"application\/ld+json\" class=\"yoast-schema-graph\">{\"@context\":\"https:\\\/\\\/schema.org\",\"@graph\":[{\"@type\":\"WebPage\",\"@id\":\"https:\\\/\\\/gastora.eu\\\/product\\\/chariot-de-service-3-tagres-en-plastique-103-x-505-cm\\\/\",\"url\":\"https:\\\/\\\/gastora.eu\\\/product\\\/chariot-de-service-3-tagres-en-plastique-103-x-505-cm\\\/\",\"name\":\"Chariot de service - 3 \u00e9tag\u00e8res en plastique - 103 x 50,5 cm - Gastora\",\"isPartOf\":{\"@id\":\"https:\\\/\\\/gastora.eu\\\/#website\"},\"primaryImageOfPage\":{\"@id\":\"https:\\\/\\\/gastora.eu\\\/product\\\/chariot-de-service-3-tagres-en-plastique-103-x-505-cm\\\/#primaryimage\"},\"image\":{\"@id\":\"https:\\\/\\\/gastora.eu\\\/product\\\/chariot-de-service-3-tagres-en-plastique-103-x-505-cm\\\/#primaryimage\"},\"thumbnailUrl\":\"https:\\\/\\\/gastora.eu\\\/wp-content\\\/uploads\\\/2026\\\/04\\\/sp-005-09507002.jpg\",\"datePublished\":\"2026-04-26T08:49:43+00:00\",\"dateModified\":\"2026-04-28T16:57:39+00:00\",\"description\":\"Achetez Chariot de service - 3 \u00e9tag\u00e8res en plastique - 103 x 50,5 cm au meilleur prix, fiable et performant avec une livraison rapide\",\"breadcrumb\":{\"@id\":\"https:\\\/\\\/gastora.eu\\\/product\\\/chariot-de-service-3-tagres-en-plastique-103-x-505-cm\\\/#breadcrumb\"},\"inLanguage\":\"en-US\",\"potentialAction\":[{\"@type\":\"ReadAction\",\"target\":[\"https:\\\/\\\/gastora.eu\\\/product\\\/chariot-de-service-3-tagres-en-plastique-103-x-505-cm\\\/\"]}]},{\"@type\":\"ImageObject\",\"inLanguage\":\"en-US\",\"@id\":\"https:\\\/\\\/gastora.eu\\\/product\\\/chariot-de-service-3-tagres-en-plastique-103-x-505-cm\\\/#primaryimage\",\"url\":\"https:\\\/\\\/gastora.eu\\\/wp-content\\\/uploads\\\/2026\\\/04\\\/sp-005-09507002.jpg\",\"contentUrl\":\"https:\\\/\\\/gastora.eu\\\/wp-content\\\/uploads\\\/2026\\\/04\\\/sp-005-09507002.jpg\",\"width\":1200,\"height\":1200},{\"@type\":\"BreadcrumbList\",\"@id\":\"https:\\\/\\\/gastora.eu\\\/product\\\/chariot-de-service-3-tagres-en-plastique-103-x-505-cm\\\/#breadcrumb\",\"itemListElement\":[{\"@type\":\"ListItem\",\"position\":1,\"name\":\"Home\",\"item\":\"https:\\\/\\\/gastora.eu\\\/\"},{\"@type\":\"ListItem\",\"position\":2,\"name\":\"Shop\",\"item\":\"https:\\\/\\\/gastora.eu\\\/shop\\\/\"},{\"@type\":\"ListItem\",\"position\":3,\"name\":\"Chariot de service &#8211; 3 \u00e9tag\u00e8res en plastique &#8211; 103 x 50,5 cm\"}]},{\"@type\":\"WebSite\",\"@id\":\"https:\\\/\\\/gastora.eu\\\/#website\",\"url\":\"https:\\\/\\\/gastora.eu\\\/\",\"name\":\"Gastora\",\"description\":\"\u00c9quipements professionnels CHR\",\"publisher\":{\"@id\":\"https:\\\/\\\/gastora.eu\\\/#organization\"},\"potentialAction\":[{\"@type\":\"SearchAction\",\"target\":{\"@type\":\"EntryPoint\",\"urlTemplate\":\"https:\\\/\\\/gastora.eu\\\/?s={search_term_string}\"},\"query-input\":{\"@type\":\"PropertyValueSpecification\",\"valueRequired\":true,\"valueName\":\"search_term_string\"}}],\"inLanguage\":\"en-US\"},{\"@type\":\"Organization\",\"@id\":\"https:\\\/\\\/gastora.eu\\\/#organization\",\"name\":\"Gastora\",\"url\":\"https:\\\/\\\/gastora.eu\\\/\",\"logo\":{\"@type\":\"ImageObject\",\"inLanguage\":\"en-US\",\"@id\":\"https:\\\/\\\/gastora.eu\\\/#\\\/schema\\\/logo\\\/image\\\/\",\"url\":\"https:\\\/\\\/gastora.eu\\\/wp-content\\\/uploads\\\/2025\\\/12\\\/ChatGPT-Image-2-janv.-2026-22_52_47-1.png\",\"contentUrl\":\"https:\\\/\\\/gastora.eu\\\/wp-content\\\/uploads\\\/2025\\\/12\\\/ChatGPT-Image-2-janv.-2026-22_52_47-1.png\",\"width\":1536,\"height\":320,\"caption\":\"Gastora\"},\"image\":{\"@id\":\"https:\\\/\\\/gastora.eu\\\/#\\\/schema\\\/logo\\\/image\\\/\"}}]}<\/script>\n<!-- \/ Yoast SEO plugin. -->","yoast_head_json":{"title":"Chariot de service - 3 \u00e9tag\u00e8res en plastique - 103 x 50,5 cm - Gastora","description":"Achetez Chariot de service - 3 \u00e9tag\u00e8res en plastique - 103 x 50,5 cm au meilleur prix, fiable et performant avec une livraison rapide","robots":{"index":"index","follow":"follow","max-snippet":"max-snippet:-1","max-image-preview":"max-image-preview:large","max-video-preview":"max-video-preview:-1"},"canonical":"https:\/\/gastora.eu\/en\/product\/chariot-de-service-3-tagres-en-plastique-103-x-505-cm\/","og_locale":"en_US","og_type":"article","og_title":"Chariot de service - 3 \u00e9tag\u00e8res en plastique - 103 x 50,5 cm - Gastora","og_description":"Achetez Chariot de service - 3 \u00e9tag\u00e8res en plastique - 103 x 50,5 cm au meilleur prix, fiable et performant avec une livraison rapide","og_url":"https:\/\/gastora.eu\/en\/product\/chariot-de-service-3-tagres-en-plastique-103-x-505-cm\/","og_site_name":"Gastora","article_modified_time":"2026-04-28T16:57:39+00:00","twitter_card":"summary_large_image","twitter_misc":{"Est. reading time":"2 minutes"},"schema":{"@context":"https:\/\/schema.org","@graph":[{"@type":"WebPage","@id":"https:\/\/gastora.eu\/product\/chariot-de-service-3-tagres-en-plastique-103-x-505-cm\/","url":"https:\/\/gastora.eu\/product\/chariot-de-service-3-tagres-en-plastique-103-x-505-cm\/","name":"Chariot de service - 3 \u00e9tag\u00e8res en plastique - 103 x 50,5 cm - Gastora","isPartOf":{"@id":"https:\/\/gastora.eu\/#website"},"primaryImageOfPage":{"@id":"https:\/\/gastora.eu\/product\/chariot-de-service-3-tagres-en-plastique-103-x-505-cm\/#primaryimage"},"image":{"@id":"https:\/\/gastora.eu\/product\/chariot-de-service-3-tagres-en-plastique-103-x-505-cm\/#primaryimage"},"thumbnailUrl":"https:\/\/gastora.eu\/wp-content\/uploads\/2026\/04\/sp-005-09507002.jpg","datePublished":"2026-04-26T08:49:43+00:00","dateModified":"2026-04-28T16:57:39+00:00","description":"Achetez Chariot de service - 3 \u00e9tag\u00e8res en plastique - 103 x 50,5 cm au meilleur prix, fiable et performant avec une livraison rapide","breadcrumb":{"@id":"https:\/\/gastora.eu\/product\/chariot-de-service-3-tagres-en-plastique-103-x-505-cm\/#breadcrumb"},"inLanguage":"en-US","potentialAction":[{"@type":"ReadAction","target":["https:\/\/gastora.eu\/product\/chariot-de-service-3-tagres-en-plastique-103-x-505-cm\/"]}]},{"@type":"ImageObject","inLanguage":"en-US","@id":"https:\/\/gastora.eu\/product\/chariot-de-service-3-tagres-en-plastique-103-x-505-cm\/#primaryimage","url":"https:\/\/gastora.eu\/wp-content\/uploads\/2026\/04\/sp-005-09507002.jpg","contentUrl":"https:\/\/gastora.eu\/wp-content\/uploads\/2026\/04\/sp-005-09507002.jpg","width":1200,"height":1200},{"@type":"BreadcrumbList","@id":"https:\/\/gastora.eu\/product\/chariot-de-service-3-tagres-en-plastique-103-x-505-cm\/#breadcrumb","itemListElement":[{"@type":"ListItem","position":1,"name":"Home","item":"https:\/\/gastora.eu\/"},{"@type":"ListItem","position":2,"name":"Shop","item":"https:\/\/gastora.eu\/shop\/"},{"@type":"ListItem","position":3,"name":"Chariot de service &#8211; 3 \u00e9tag\u00e8res en plastique &#8211; 103 x 50,5 cm"}]},{"@type":"WebSite","@id":"https:\/\/gastora.eu\/#website","url":"https:\/\/gastora.eu\/","name":"Gastora","description":"\u00c9quipements professionnels CHR","publisher":{"@id":"https:\/\/gastora.eu\/#organization"},"potentialAction":[{"@type":"SearchAction","target":{"@type":"EntryPoint","urlTemplate":"https:\/\/gastora.eu\/?s={search_term_string}"},"query-input":{"@type":"PropertyValueSpecification","valueRequired":true,"valueName":"search_term_string"}}],"inLanguage":"en-US"},{"@type":"Organization","@id":"https:\/\/gastora.eu\/#organization","name":"Gastora","url":"https:\/\/gastora.eu\/","logo":{"@type":"ImageObject","inLanguage":"en-US","@id":"https:\/\/gastora.eu\/#\/schema\/logo\/image\/","url":"https:\/\/gastora.eu\/wp-content\/uploads\/2025\/12\/ChatGPT-Image-2-janv.-2026-22_52_47-1.png","contentUrl":"https:\/\/gastora.eu\/wp-content\/uploads\/2025\/12\/ChatGPT-Image-2-janv.-2026-22_52_47-1.png","width":1536,"height":320,"caption":"Gastora"},"image":{"@id":"https:\/\/gastora.eu\/#\/schema\/logo\/image\/"}}]}},"jetpack_sharing_enabled":true,"_links":{"self":[{"href":"https:\/\/gastora.eu\/en\/wp-json\/wp\/v2\/product\/15031","targetHints":{"allow":["GET"]}}],"collection":[{"href":"https:\/\/gastora.eu\/en\/wp-json\/wp\/v2\/product"}],"about":[{"href":"https:\/\/gastora.eu\/en\/wp-json\/wp\/v2\/types\/product"}],"wp:featuredmedia":[{"embeddable":true,"href":"https:\/\/gastora.eu\/en\/wp-json\/wp\/v2\/media\/8797"}],"wp:attachment":[{"href":"https:\/\/gastora.eu\/en\/wp-json\/wp\/v2\/media?parent=15031"}],"wp:term":[{"taxonomy":"product_brand","embeddable":true,"href":"https:\/\/gastora.eu\/en\/wp-json\/wp\/v2\/product_brand?post=15031"},{"taxonomy":"product_cat","embeddable":true,"href":"https:\/\/gastora.eu\/en\/wp-json\/wp\/v2\/product_cat?post=15031"},{"taxonomy":"product_tag","embeddable":true,"href":"https:\/\/gastora.eu\/en\/wp-json\/wp\/v2\/product_tag?post=15031"}],"curies":[{"name":"wp","href":"https:\/\/api.w.org\/{rel}","templated":true}]}}