{"id":15023,"date":"2026-04-26T08:49:32","date_gmt":"2026-04-26T08:49:32","guid":{"rendered":"https:\/\/gastora.eu\/?post_type=product&#038;p=15023"},"modified":"2026-04-28T16:57:38","modified_gmt":"2026-04-28T16:57:38","slug":"lave-vaisselle-extension-pour-panier-pour-verres-50-x-50-cm-49-compartiments","status":"publish","type":"product","link":"https:\/\/gastora.eu\/en\/product\/lave-vaisselle-extension-pour-panier-pour-verres-50-x-50-cm-49-compartiments\/","title":{"rendered":"Lave-vaisselle extension pour panier pour verres &#8211; 50 x 50 cm &#8211; 49 compartiments"},"content":{"rendered":"<p>Cette extension de porte-verre de 50 x 50 x 4,5 cm avec 49 compartiments a un design compact et efficace. Il se fixe facilement \u00e0 un casier \u00e0 verres existant dot\u00e9 de 49 compartiments pour l&#8217;agrandir. La rallonge de porte-verres permet de positionner les grands verres en toute s\u00e9curit\u00e9 pour un nettoyage en profondeur pendant le cycle de lavage. En outre, le rangement des verres dans un casier \u00e0 verres \u00e9quip\u00e9 d&#8217;une rallonge constitue une solution s\u00fbre et s\u00e9curis\u00e9e pour vos besoins de stockage.<\/p>","protected":false},"excerpt":{"rendered":"<p>Lave-vaisselle extension pour panier pour verres &#8211; 50 x 50 cm &#8211; 49 compartiments<\/p>","protected":false},"featured_media":8781,"template":"","meta":{"_acf_changed":false},"product_brand":[],"product_cat":[477],"product_tag":[],"class_list":{"0":"post-15023","1":"product","2":"type-product","3":"status-publish","4":"has-post-thumbnail","6":"product_cat-lave-vaisselle-professionnels-2","8":"first","9":"instock","10":"sale","11":"taxable","12":"shipping-taxable","13":"purchasable","14":"product-type-simple"},"acf":[],"yoast_head":"<!-- This site is optimized with the Yoast SEO plugin v27.5 - https:\/\/yoast.com\/product\/yoast-seo-wordpress\/ -->\n<title>Lave-vaisselle extension pour panier pour verres - 50 x 50 cm - 49 compartiments - Gastora<\/title>\n<meta name=\"description\" content=\"Achetez Lave-vaisselle extension pour panier pour verres - 50 x 50 cm - 49 compartiments au meilleur prix, fiable et performant avec une livraison rapide\" \/>\n<meta name=\"robots\" content=\"index, follow, max-snippet:-1, max-image-preview:large, max-video-preview:-1\" \/>\n<link rel=\"canonical\" href=\"https:\/\/gastora.eu\/en\/product\/lave-vaisselle-extension-pour-panier-pour-verres-50-x-50-cm-49-compartiments\/\" \/>\n<meta property=\"og:locale\" content=\"en_US\" \/>\n<meta property=\"og:type\" content=\"article\" \/>\n<meta property=\"og:title\" content=\"Lave-vaisselle extension pour panier pour verres - 50 x 50 cm - 49 compartiments - Gastora\" \/>\n<meta property=\"og:description\" content=\"Achetez Lave-vaisselle extension pour panier pour verres - 50 x 50 cm - 49 compartiments au meilleur prix, fiable et performant avec une livraison rapide\" \/>\n<meta property=\"og:url\" content=\"https:\/\/gastora.eu\/en\/product\/lave-vaisselle-extension-pour-panier-pour-verres-50-x-50-cm-49-compartiments\/\" \/>\n<meta property=\"og:site_name\" content=\"Gastora\" \/>\n<meta property=\"article:modified_time\" content=\"2026-04-28T16:57:38+00:00\" \/>\n<meta name=\"twitter:card\" content=\"summary_large_image\" \/>\n<script type=\"application\/ld+json\" class=\"yoast-schema-graph\">{\"@context\":\"https:\\\/\\\/schema.org\",\"@graph\":[{\"@type\":\"WebPage\",\"@id\":\"https:\\\/\\\/gastora.eu\\\/product\\\/lave-vaisselle-extension-pour-panier-pour-verres-50-x-50-cm-49-compartiments\\\/\",\"url\":\"https:\\\/\\\/gastora.eu\\\/product\\\/lave-vaisselle-extension-pour-panier-pour-verres-50-x-50-cm-49-compartiments\\\/\",\"name\":\"Lave-vaisselle extension pour panier pour verres - 50 x 50 cm - 49 compartiments - Gastora\",\"isPartOf\":{\"@id\":\"https:\\\/\\\/gastora.eu\\\/#website\"},\"primaryImageOfPage\":{\"@id\":\"https:\\\/\\\/gastora.eu\\\/product\\\/lave-vaisselle-extension-pour-panier-pour-verres-50-x-50-cm-49-compartiments\\\/#primaryimage\"},\"image\":{\"@id\":\"https:\\\/\\\/gastora.eu\\\/product\\\/lave-vaisselle-extension-pour-panier-pour-verres-50-x-50-cm-49-compartiments\\\/#primaryimage\"},\"thumbnailUrl\":\"https:\\\/\\\/gastora.eu\\\/wp-content\\\/uploads\\\/2026\\\/04\\\/sp-1000-09507115.jpg\",\"datePublished\":\"2026-04-26T08:49:32+00:00\",\"dateModified\":\"2026-04-28T16:57:38+00:00\",\"description\":\"Achetez Lave-vaisselle extension pour panier pour verres - 50 x 50 cm - 49 compartiments au meilleur prix, fiable et performant avec une livraison rapide\",\"breadcrumb\":{\"@id\":\"https:\\\/\\\/gastora.eu\\\/product\\\/lave-vaisselle-extension-pour-panier-pour-verres-50-x-50-cm-49-compartiments\\\/#breadcrumb\"},\"inLanguage\":\"en-US\",\"potentialAction\":[{\"@type\":\"ReadAction\",\"target\":[\"https:\\\/\\\/gastora.eu\\\/product\\\/lave-vaisselle-extension-pour-panier-pour-verres-50-x-50-cm-49-compartiments\\\/\"]}]},{\"@type\":\"ImageObject\",\"inLanguage\":\"en-US\",\"@id\":\"https:\\\/\\\/gastora.eu\\\/product\\\/lave-vaisselle-extension-pour-panier-pour-verres-50-x-50-cm-49-compartiments\\\/#primaryimage\",\"url\":\"https:\\\/\\\/gastora.eu\\\/wp-content\\\/uploads\\\/2026\\\/04\\\/sp-1000-09507115.jpg\",\"contentUrl\":\"https:\\\/\\\/gastora.eu\\\/wp-content\\\/uploads\\\/2026\\\/04\\\/sp-1000-09507115.jpg\",\"width\":1200,\"height\":1200},{\"@type\":\"BreadcrumbList\",\"@id\":\"https:\\\/\\\/gastora.eu\\\/product\\\/lave-vaisselle-extension-pour-panier-pour-verres-50-x-50-cm-49-compartiments\\\/#breadcrumb\",\"itemListElement\":[{\"@type\":\"ListItem\",\"position\":1,\"name\":\"Home\",\"item\":\"https:\\\/\\\/gastora.eu\\\/\"},{\"@type\":\"ListItem\",\"position\":2,\"name\":\"Shop\",\"item\":\"https:\\\/\\\/gastora.eu\\\/shop\\\/\"},{\"@type\":\"ListItem\",\"position\":3,\"name\":\"Lave-vaisselle extension pour panier pour verres &#8211; 50 x 50 cm &#8211; 49 compartiments\"}]},{\"@type\":\"WebSite\",\"@id\":\"https:\\\/\\\/gastora.eu\\\/#website\",\"url\":\"https:\\\/\\\/gastora.eu\\\/\",\"name\":\"Gastora\",\"description\":\"\u00c9quipements professionnels CHR\",\"publisher\":{\"@id\":\"https:\\\/\\\/gastora.eu\\\/#organization\"},\"potentialAction\":[{\"@type\":\"SearchAction\",\"target\":{\"@type\":\"EntryPoint\",\"urlTemplate\":\"https:\\\/\\\/gastora.eu\\\/?s={search_term_string}\"},\"query-input\":{\"@type\":\"PropertyValueSpecification\",\"valueRequired\":true,\"valueName\":\"search_term_string\"}}],\"inLanguage\":\"en-US\"},{\"@type\":\"Organization\",\"@id\":\"https:\\\/\\\/gastora.eu\\\/#organization\",\"name\":\"Gastora\",\"url\":\"https:\\\/\\\/gastora.eu\\\/\",\"logo\":{\"@type\":\"ImageObject\",\"inLanguage\":\"en-US\",\"@id\":\"https:\\\/\\\/gastora.eu\\\/#\\\/schema\\\/logo\\\/image\\\/\",\"url\":\"https:\\\/\\\/gastora.eu\\\/wp-content\\\/uploads\\\/2025\\\/12\\\/ChatGPT-Image-2-janv.-2026-22_52_47-1.png\",\"contentUrl\":\"https:\\\/\\\/gastora.eu\\\/wp-content\\\/uploads\\\/2025\\\/12\\\/ChatGPT-Image-2-janv.-2026-22_52_47-1.png\",\"width\":1536,\"height\":320,\"caption\":\"Gastora\"},\"image\":{\"@id\":\"https:\\\/\\\/gastora.eu\\\/#\\\/schema\\\/logo\\\/image\\\/\"}}]}<\/script>\n<!-- \/ Yoast SEO plugin. -->","yoast_head_json":{"title":"Lave-vaisselle extension pour panier pour verres - 50 x 50 cm - 49 compartiments - Gastora","description":"Achetez Lave-vaisselle extension pour panier pour verres - 50 x 50 cm - 49 compartiments au meilleur prix, fiable et performant avec une livraison rapide","robots":{"index":"index","follow":"follow","max-snippet":"max-snippet:-1","max-image-preview":"max-image-preview:large","max-video-preview":"max-video-preview:-1"},"canonical":"https:\/\/gastora.eu\/en\/product\/lave-vaisselle-extension-pour-panier-pour-verres-50-x-50-cm-49-compartiments\/","og_locale":"en_US","og_type":"article","og_title":"Lave-vaisselle extension pour panier pour verres - 50 x 50 cm - 49 compartiments - Gastora","og_description":"Achetez Lave-vaisselle extension pour panier pour verres - 50 x 50 cm - 49 compartiments au meilleur prix, fiable et performant avec une livraison rapide","og_url":"https:\/\/gastora.eu\/en\/product\/lave-vaisselle-extension-pour-panier-pour-verres-50-x-50-cm-49-compartiments\/","og_site_name":"Gastora","article_modified_time":"2026-04-28T16:57:38+00:00","twitter_card":"summary_large_image","schema":{"@context":"https:\/\/schema.org","@graph":[{"@type":"WebPage","@id":"https:\/\/gastora.eu\/product\/lave-vaisselle-extension-pour-panier-pour-verres-50-x-50-cm-49-compartiments\/","url":"https:\/\/gastora.eu\/product\/lave-vaisselle-extension-pour-panier-pour-verres-50-x-50-cm-49-compartiments\/","name":"Lave-vaisselle extension pour panier pour verres - 50 x 50 cm - 49 compartiments - Gastora","isPartOf":{"@id":"https:\/\/gastora.eu\/#website"},"primaryImageOfPage":{"@id":"https:\/\/gastora.eu\/product\/lave-vaisselle-extension-pour-panier-pour-verres-50-x-50-cm-49-compartiments\/#primaryimage"},"image":{"@id":"https:\/\/gastora.eu\/product\/lave-vaisselle-extension-pour-panier-pour-verres-50-x-50-cm-49-compartiments\/#primaryimage"},"thumbnailUrl":"https:\/\/gastora.eu\/wp-content\/uploads\/2026\/04\/sp-1000-09507115.jpg","datePublished":"2026-04-26T08:49:32+00:00","dateModified":"2026-04-28T16:57:38+00:00","description":"Achetez Lave-vaisselle extension pour panier pour verres - 50 x 50 cm - 49 compartiments au meilleur prix, fiable et performant avec une livraison rapide","breadcrumb":{"@id":"https:\/\/gastora.eu\/product\/lave-vaisselle-extension-pour-panier-pour-verres-50-x-50-cm-49-compartiments\/#breadcrumb"},"inLanguage":"en-US","potentialAction":[{"@type":"ReadAction","target":["https:\/\/gastora.eu\/product\/lave-vaisselle-extension-pour-panier-pour-verres-50-x-50-cm-49-compartiments\/"]}]},{"@type":"ImageObject","inLanguage":"en-US","@id":"https:\/\/gastora.eu\/product\/lave-vaisselle-extension-pour-panier-pour-verres-50-x-50-cm-49-compartiments\/#primaryimage","url":"https:\/\/gastora.eu\/wp-content\/uploads\/2026\/04\/sp-1000-09507115.jpg","contentUrl":"https:\/\/gastora.eu\/wp-content\/uploads\/2026\/04\/sp-1000-09507115.jpg","width":1200,"height":1200},{"@type":"BreadcrumbList","@id":"https:\/\/gastora.eu\/product\/lave-vaisselle-extension-pour-panier-pour-verres-50-x-50-cm-49-compartiments\/#breadcrumb","itemListElement":[{"@type":"ListItem","position":1,"name":"Home","item":"https:\/\/gastora.eu\/"},{"@type":"ListItem","position":2,"name":"Shop","item":"https:\/\/gastora.eu\/shop\/"},{"@type":"ListItem","position":3,"name":"Lave-vaisselle extension pour panier pour verres &#8211; 50 x 50 cm &#8211; 49 compartiments"}]},{"@type":"WebSite","@id":"https:\/\/gastora.eu\/#website","url":"https:\/\/gastora.eu\/","name":"Gastora","description":"\u00c9quipements professionnels CHR","publisher":{"@id":"https:\/\/gastora.eu\/#organization"},"potentialAction":[{"@type":"SearchAction","target":{"@type":"EntryPoint","urlTemplate":"https:\/\/gastora.eu\/?s={search_term_string}"},"query-input":{"@type":"PropertyValueSpecification","valueRequired":true,"valueName":"search_term_string"}}],"inLanguage":"en-US"},{"@type":"Organization","@id":"https:\/\/gastora.eu\/#organization","name":"Gastora","url":"https:\/\/gastora.eu\/","logo":{"@type":"ImageObject","inLanguage":"en-US","@id":"https:\/\/gastora.eu\/#\/schema\/logo\/image\/","url":"https:\/\/gastora.eu\/wp-content\/uploads\/2025\/12\/ChatGPT-Image-2-janv.-2026-22_52_47-1.png","contentUrl":"https:\/\/gastora.eu\/wp-content\/uploads\/2025\/12\/ChatGPT-Image-2-janv.-2026-22_52_47-1.png","width":1536,"height":320,"caption":"Gastora"},"image":{"@id":"https:\/\/gastora.eu\/#\/schema\/logo\/image\/"}}]}},"jetpack_sharing_enabled":true,"_links":{"self":[{"href":"https:\/\/gastora.eu\/en\/wp-json\/wp\/v2\/product\/15023","targetHints":{"allow":["GET"]}}],"collection":[{"href":"https:\/\/gastora.eu\/en\/wp-json\/wp\/v2\/product"}],"about":[{"href":"https:\/\/gastora.eu\/en\/wp-json\/wp\/v2\/types\/product"}],"wp:featuredmedia":[{"embeddable":true,"href":"https:\/\/gastora.eu\/en\/wp-json\/wp\/v2\/media\/8781"}],"wp:attachment":[{"href":"https:\/\/gastora.eu\/en\/wp-json\/wp\/v2\/media?parent=15023"}],"wp:term":[{"taxonomy":"product_brand","embeddable":true,"href":"https:\/\/gastora.eu\/en\/wp-json\/wp\/v2\/product_brand?post=15023"},{"taxonomy":"product_cat","embeddable":true,"href":"https:\/\/gastora.eu\/en\/wp-json\/wp\/v2\/product_cat?post=15023"},{"taxonomy":"product_tag","embeddable":true,"href":"https:\/\/gastora.eu\/en\/wp-json\/wp\/v2\/product_tag?post=15023"}],"curies":[{"name":"wp","href":"https:\/\/api.w.org\/{rel}","templated":true}]}}