{"id":15022,"date":"2026-04-26T08:49:31","date_gmt":"2026-04-26T08:49:31","guid":{"rendered":"https:\/\/gastora.eu\/?post_type=product&#038;p=15022"},"modified":"2026-04-26T08:49:31","modified_gmt":"2026-04-26T08:49:31","slug":"lave-vaisselle-panier-pour-verres-50-x-50-cm-49-compartiments","status":"publish","type":"product","link":"https:\/\/gastora.eu\/en\/product\/lave-vaisselle-panier-pour-verres-50-x-50-cm-49-compartiments\/","title":{"rendered":"Lave-vaisselle panier pour verres &#8211; 50 x 50 cm &#8211; 49 compartiments"},"content":{"rendered":"<p>Ce support \u00e0 verres de 50 x 50 x 10 cm vous permet de laver de nombreux verres en un seul cycle, ce qui vous aide \u00e0 optimiser l&#8217;espace de votre lave-vaisselle. Vous r\u00e9duisez ainsi le nombre de cycles de lavage n\u00e9cessaires pour remettre vos verres en service. La conception de ce support \u00e0 verres avec 49 compartiments garantit que chaque verre reste en place pendant le processus de lavage, \u00e9vitant ainsi tout dommage ou toute casse. Il laisse \u00e9galement de l&#8217;espace entre les verres pour un nettoyage plus approfondi, de sorte que les verres ressortent \u00e9tincelants et pr\u00eats \u00e0 l&#8217;emploi.<\/p>","protected":false},"excerpt":{"rendered":"<p>Lave-vaisselle panier pour verres &#8211; 50 x 50 cm &#8211; 49 compartiments<\/p>","protected":false},"featured_media":8779,"template":"","meta":{"_acf_changed":false},"product_brand":[],"product_cat":[477],"product_tag":[],"class_list":{"0":"post-15022","1":"product","2":"type-product","3":"status-publish","4":"has-post-thumbnail","6":"product_cat-lave-vaisselle-professionnels-2","8":"first","9":"instock","10":"sale","11":"taxable","12":"shipping-taxable","13":"purchasable","14":"product-type-simple"},"acf":[],"yoast_head":"<!-- This site is optimized with the Yoast SEO plugin v27.4 - https:\/\/yoast.com\/product\/yoast-seo-wordpress\/ -->\n<title>Lave-vaisselle panier pour verres - 50 x 50 cm - 49 compartiments - Gastora<\/title>\n<meta name=\"description\" content=\"Achetez Lave-vaisselle panier pour verres - 50 x 50 cm - 49 compartiments au meilleur prix, fiable et performant avec une livraison rapide\" \/>\n<meta name=\"robots\" content=\"index, follow, max-snippet:-1, max-image-preview:large, max-video-preview:-1\" \/>\n<link rel=\"canonical\" href=\"https:\/\/gastora.eu\/en\/product\/lave-vaisselle-panier-pour-verres-50-x-50-cm-49-compartiments\/\" \/>\n<meta property=\"og:locale\" content=\"en_US\" \/>\n<meta property=\"og:type\" content=\"article\" \/>\n<meta property=\"og:title\" content=\"Lave-vaisselle panier pour verres - 50 x 50 cm - 49 compartiments - Gastora\" \/>\n<meta property=\"og:description\" content=\"Achetez Lave-vaisselle panier pour verres - 50 x 50 cm - 49 compartiments au meilleur prix, fiable et performant avec une livraison rapide\" \/>\n<meta property=\"og:url\" content=\"https:\/\/gastora.eu\/en\/product\/lave-vaisselle-panier-pour-verres-50-x-50-cm-49-compartiments\/\" \/>\n<meta property=\"og:site_name\" content=\"Gastora\" \/>\n<meta name=\"twitter:card\" content=\"summary_large_image\" \/>\n<script type=\"application\/ld+json\" class=\"yoast-schema-graph\">{\"@context\":\"https:\\\/\\\/schema.org\",\"@graph\":[{\"@type\":\"WebPage\",\"@id\":\"https:\\\/\\\/gastora.eu\\\/product\\\/lave-vaisselle-panier-pour-verres-50-x-50-cm-49-compartiments\\\/\",\"url\":\"https:\\\/\\\/gastora.eu\\\/product\\\/lave-vaisselle-panier-pour-verres-50-x-50-cm-49-compartiments\\\/\",\"name\":\"Lave-vaisselle panier pour verres - 50 x 50 cm - 49 compartiments - Gastora\",\"isPartOf\":{\"@id\":\"https:\\\/\\\/gastora.eu\\\/#website\"},\"primaryImageOfPage\":{\"@id\":\"https:\\\/\\\/gastora.eu\\\/product\\\/lave-vaisselle-panier-pour-verres-50-x-50-cm-49-compartiments\\\/#primaryimage\"},\"image\":{\"@id\":\"https:\\\/\\\/gastora.eu\\\/product\\\/lave-vaisselle-panier-pour-verres-50-x-50-cm-49-compartiments\\\/#primaryimage\"},\"thumbnailUrl\":\"https:\\\/\\\/gastora.eu\\\/wp-content\\\/uploads\\\/2026\\\/04\\\/sp-1000-09507114.jpg\",\"datePublished\":\"2026-04-26T08:49:31+00:00\",\"description\":\"Achetez Lave-vaisselle panier pour verres - 50 x 50 cm - 49 compartiments au meilleur prix, fiable et performant avec une livraison rapide\",\"breadcrumb\":{\"@id\":\"https:\\\/\\\/gastora.eu\\\/product\\\/lave-vaisselle-panier-pour-verres-50-x-50-cm-49-compartiments\\\/#breadcrumb\"},\"inLanguage\":\"en-US\",\"potentialAction\":[{\"@type\":\"ReadAction\",\"target\":[\"https:\\\/\\\/gastora.eu\\\/product\\\/lave-vaisselle-panier-pour-verres-50-x-50-cm-49-compartiments\\\/\"]}]},{\"@type\":\"ImageObject\",\"inLanguage\":\"en-US\",\"@id\":\"https:\\\/\\\/gastora.eu\\\/product\\\/lave-vaisselle-panier-pour-verres-50-x-50-cm-49-compartiments\\\/#primaryimage\",\"url\":\"https:\\\/\\\/gastora.eu\\\/wp-content\\\/uploads\\\/2026\\\/04\\\/sp-1000-09507114.jpg\",\"contentUrl\":\"https:\\\/\\\/gastora.eu\\\/wp-content\\\/uploads\\\/2026\\\/04\\\/sp-1000-09507114.jpg\",\"width\":1200,\"height\":1200},{\"@type\":\"BreadcrumbList\",\"@id\":\"https:\\\/\\\/gastora.eu\\\/product\\\/lave-vaisselle-panier-pour-verres-50-x-50-cm-49-compartiments\\\/#breadcrumb\",\"itemListElement\":[{\"@type\":\"ListItem\",\"position\":1,\"name\":\"Home\",\"item\":\"https:\\\/\\\/gastora.eu\\\/\"},{\"@type\":\"ListItem\",\"position\":2,\"name\":\"Shop\",\"item\":\"https:\\\/\\\/gastora.eu\\\/shop\\\/\"},{\"@type\":\"ListItem\",\"position\":3,\"name\":\"Lave-vaisselle panier pour verres &#8211; 50 x 50 cm &#8211; 49 compartiments\"}]},{\"@type\":\"WebSite\",\"@id\":\"https:\\\/\\\/gastora.eu\\\/#website\",\"url\":\"https:\\\/\\\/gastora.eu\\\/\",\"name\":\"Gastora\",\"description\":\"\u00c9quipements professionnels CHR\",\"publisher\":{\"@id\":\"https:\\\/\\\/gastora.eu\\\/#organization\"},\"potentialAction\":[{\"@type\":\"SearchAction\",\"target\":{\"@type\":\"EntryPoint\",\"urlTemplate\":\"https:\\\/\\\/gastora.eu\\\/?s={search_term_string}\"},\"query-input\":{\"@type\":\"PropertyValueSpecification\",\"valueRequired\":true,\"valueName\":\"search_term_string\"}}],\"inLanguage\":\"en-US\"},{\"@type\":\"Organization\",\"@id\":\"https:\\\/\\\/gastora.eu\\\/#organization\",\"name\":\"Gastora\",\"url\":\"https:\\\/\\\/gastora.eu\\\/\",\"logo\":{\"@type\":\"ImageObject\",\"inLanguage\":\"en-US\",\"@id\":\"https:\\\/\\\/gastora.eu\\\/#\\\/schema\\\/logo\\\/image\\\/\",\"url\":\"https:\\\/\\\/gastora.eu\\\/wp-content\\\/uploads\\\/2025\\\/12\\\/ChatGPT-Image-2-janv.-2026-22_52_47-1.png\",\"contentUrl\":\"https:\\\/\\\/gastora.eu\\\/wp-content\\\/uploads\\\/2025\\\/12\\\/ChatGPT-Image-2-janv.-2026-22_52_47-1.png\",\"width\":1536,\"height\":320,\"caption\":\"Gastora\"},\"image\":{\"@id\":\"https:\\\/\\\/gastora.eu\\\/#\\\/schema\\\/logo\\\/image\\\/\"}}]}<\/script>\n<!-- \/ Yoast SEO plugin. -->","yoast_head_json":{"title":"Lave-vaisselle panier pour verres - 50 x 50 cm - 49 compartiments - Gastora","description":"Achetez Lave-vaisselle panier pour verres - 50 x 50 cm - 49 compartiments au meilleur prix, fiable et performant avec une livraison rapide","robots":{"index":"index","follow":"follow","max-snippet":"max-snippet:-1","max-image-preview":"max-image-preview:large","max-video-preview":"max-video-preview:-1"},"canonical":"https:\/\/gastora.eu\/en\/product\/lave-vaisselle-panier-pour-verres-50-x-50-cm-49-compartiments\/","og_locale":"en_US","og_type":"article","og_title":"Lave-vaisselle panier pour verres - 50 x 50 cm - 49 compartiments - Gastora","og_description":"Achetez Lave-vaisselle panier pour verres - 50 x 50 cm - 49 compartiments au meilleur prix, fiable et performant avec une livraison rapide","og_url":"https:\/\/gastora.eu\/en\/product\/lave-vaisselle-panier-pour-verres-50-x-50-cm-49-compartiments\/","og_site_name":"Gastora","twitter_card":"summary_large_image","schema":{"@context":"https:\/\/schema.org","@graph":[{"@type":"WebPage","@id":"https:\/\/gastora.eu\/product\/lave-vaisselle-panier-pour-verres-50-x-50-cm-49-compartiments\/","url":"https:\/\/gastora.eu\/product\/lave-vaisselle-panier-pour-verres-50-x-50-cm-49-compartiments\/","name":"Lave-vaisselle panier pour verres - 50 x 50 cm - 49 compartiments - Gastora","isPartOf":{"@id":"https:\/\/gastora.eu\/#website"},"primaryImageOfPage":{"@id":"https:\/\/gastora.eu\/product\/lave-vaisselle-panier-pour-verres-50-x-50-cm-49-compartiments\/#primaryimage"},"image":{"@id":"https:\/\/gastora.eu\/product\/lave-vaisselle-panier-pour-verres-50-x-50-cm-49-compartiments\/#primaryimage"},"thumbnailUrl":"https:\/\/gastora.eu\/wp-content\/uploads\/2026\/04\/sp-1000-09507114.jpg","datePublished":"2026-04-26T08:49:31+00:00","description":"Achetez Lave-vaisselle panier pour verres - 50 x 50 cm - 49 compartiments au meilleur prix, fiable et performant avec une livraison rapide","breadcrumb":{"@id":"https:\/\/gastora.eu\/product\/lave-vaisselle-panier-pour-verres-50-x-50-cm-49-compartiments\/#breadcrumb"},"inLanguage":"en-US","potentialAction":[{"@type":"ReadAction","target":["https:\/\/gastora.eu\/product\/lave-vaisselle-panier-pour-verres-50-x-50-cm-49-compartiments\/"]}]},{"@type":"ImageObject","inLanguage":"en-US","@id":"https:\/\/gastora.eu\/product\/lave-vaisselle-panier-pour-verres-50-x-50-cm-49-compartiments\/#primaryimage","url":"https:\/\/gastora.eu\/wp-content\/uploads\/2026\/04\/sp-1000-09507114.jpg","contentUrl":"https:\/\/gastora.eu\/wp-content\/uploads\/2026\/04\/sp-1000-09507114.jpg","width":1200,"height":1200},{"@type":"BreadcrumbList","@id":"https:\/\/gastora.eu\/product\/lave-vaisselle-panier-pour-verres-50-x-50-cm-49-compartiments\/#breadcrumb","itemListElement":[{"@type":"ListItem","position":1,"name":"Home","item":"https:\/\/gastora.eu\/"},{"@type":"ListItem","position":2,"name":"Shop","item":"https:\/\/gastora.eu\/shop\/"},{"@type":"ListItem","position":3,"name":"Lave-vaisselle panier pour verres &#8211; 50 x 50 cm &#8211; 49 compartiments"}]},{"@type":"WebSite","@id":"https:\/\/gastora.eu\/#website","url":"https:\/\/gastora.eu\/","name":"Gastora","description":"\u00c9quipements professionnels CHR","publisher":{"@id":"https:\/\/gastora.eu\/#organization"},"potentialAction":[{"@type":"SearchAction","target":{"@type":"EntryPoint","urlTemplate":"https:\/\/gastora.eu\/?s={search_term_string}"},"query-input":{"@type":"PropertyValueSpecification","valueRequired":true,"valueName":"search_term_string"}}],"inLanguage":"en-US"},{"@type":"Organization","@id":"https:\/\/gastora.eu\/#organization","name":"Gastora","url":"https:\/\/gastora.eu\/","logo":{"@type":"ImageObject","inLanguage":"en-US","@id":"https:\/\/gastora.eu\/#\/schema\/logo\/image\/","url":"https:\/\/gastora.eu\/wp-content\/uploads\/2025\/12\/ChatGPT-Image-2-janv.-2026-22_52_47-1.png","contentUrl":"https:\/\/gastora.eu\/wp-content\/uploads\/2025\/12\/ChatGPT-Image-2-janv.-2026-22_52_47-1.png","width":1536,"height":320,"caption":"Gastora"},"image":{"@id":"https:\/\/gastora.eu\/#\/schema\/logo\/image\/"}}]}},"jetpack_sharing_enabled":true,"_links":{"self":[{"href":"https:\/\/gastora.eu\/en\/wp-json\/wp\/v2\/product\/15022","targetHints":{"allow":["GET"]}}],"collection":[{"href":"https:\/\/gastora.eu\/en\/wp-json\/wp\/v2\/product"}],"about":[{"href":"https:\/\/gastora.eu\/en\/wp-json\/wp\/v2\/types\/product"}],"wp:featuredmedia":[{"embeddable":true,"href":"https:\/\/gastora.eu\/en\/wp-json\/wp\/v2\/media\/8779"}],"wp:attachment":[{"href":"https:\/\/gastora.eu\/en\/wp-json\/wp\/v2\/media?parent=15022"}],"wp:term":[{"taxonomy":"product_brand","embeddable":true,"href":"https:\/\/gastora.eu\/en\/wp-json\/wp\/v2\/product_brand?post=15022"},{"taxonomy":"product_cat","embeddable":true,"href":"https:\/\/gastora.eu\/en\/wp-json\/wp\/v2\/product_cat?post=15022"},{"taxonomy":"product_tag","embeddable":true,"href":"https:\/\/gastora.eu\/en\/wp-json\/wp\/v2\/product_tag?post=15022"}],"curies":[{"name":"wp","href":"https:\/\/api.w.org\/{rel}","templated":true}]}}