{"id":15005,"date":"2026-04-26T08:49:08","date_gmt":"2026-04-26T08:49:08","guid":{"rendered":"https:\/\/gastora.eu\/?post_type=product&#038;p=15005"},"modified":"2026-04-28T16:57:36","modified_gmt":"2026-04-28T16:57:36","slug":"rfrigrateur-600-l-3-tagres-rglables-21-gn-acier-inoxydable-avec-porte-en-verre","status":"publish","type":"product","link":"https:\/\/gastora.eu\/en\/product\/rfrigrateur-600-l-3-tagres-rglables-21-gn-acier-inoxydable-avec-porte-en-verre\/","title":{"rendered":"R\u00e9frig\u00e9rateur &#8211; 600 L &#8211; 3 \u00e9tag\u00e8res r\u00e9glables (2\/1 GN) &#8211; acier inoxydable &#8211; avec porte en verre"},"content":{"rendered":"<p><span style=\"background-color: #ffffff;\">Les ingr\u00e9dients frais et les aliments d\u00e9j\u00e0 pr\u00e9par\u00e9s doivent \u00eatre r\u00e9frig\u00e9r\u00e9s pour se conserver plus longtemps. Ce r\u00e9frig\u00e9rateur en acier inoxydable, d&#8217;une capacit\u00e9 brute de 600 litres, offre des capacit\u00e9s de refroidissement accrues pour votre \u00e9tablissement de restauration. L&#8217;int\u00e9rieur est \u00e9quip\u00e9 d&#8217;un \u00e9clairage LED \u00e9conome en \u00e9nergie et de trois \u00e9tag\u00e8res r\u00e9glables en hauteur qui conviennent aux r\u00e9cipients GN 2\/1. <span style=\"background-color: #ffffff;\">La porte en verre avec joint en caoutchouc antibact\u00e9rien comprend une serrure int\u00e9gr\u00e9e et vous permet de voir les produits refroidis sans ouvrir le r\u00e9frig\u00e9rateur.<\/span><\/span><\/p>\n<h3>Porte \u00e0 fermeture automatique<\/h3>\n<p><span style=\"background-color: #ffffff;\">Ce r\u00e9frig\u00e9rateur est dot\u00e9 d&#8217;un contr\u00f4le \u00e9lectronique de la temp\u00e9rature et d&#8217;un affichage num\u00e9rique convivial, qui facilite la lecture et le r\u00e9glage de la temp\u00e9rature. Les produits peuvent \u00eatre refroidis dans une large plage de temp\u00e9rature. <span style=\"background-color: #ffffff;\"><span style=\"background-color: #ffffff;\"><span style=\"background-color: #ffffff;\">Ce r\u00e9frig\u00e9rateur utilise un syst\u00e8me de refroidissement statique avec ventilateur, ce qui garantit que l&#8217;air \u00e0 l&#8217;int\u00e9rieur du r\u00e9frig\u00e9rateur <span style=\"background-color: #ffffff;\"><span style=\"background-color: #ffffff;\">circule et que<\/span><\/span> le contenu est refroidi de mani\u00e8re homog\u00e8ne. <\/span><\/span>Les portes \u00e0 fermeture automatique \u00e9vitent les \u00e9carts de temp\u00e9rature importants. Ce r\u00e9frig\u00e9rateur utilise le r\u00e9frig\u00e9rant R290, exempt de CFC, et<\/span> est \u00e9quip\u00e9 d&#8217;un bac de r\u00e9cup\u00e9ration de l&#8217;eau. Pour une mobilit\u00e9 ais\u00e9e, ce r\u00e9frig\u00e9rateur est soutenu par quatre roues, dont deux sont \u00e9quip\u00e9es de freins pour s\u00e9curiser sa position.<\/span><\/p>\n<h3>Facile \u00e0 nettoyer<\/h3>\n<p>Le nettoyage de ce r\u00e9frig\u00e9rateur puissant est rapide et sans souci. Gr\u00e2ce au bo\u00eetier et \u00e0 l&#8217;int\u00e9rieur en acier inoxydable, les parois sont faciles \u00e0 nettoyer avec un chiffon humide et un d\u00e9tergent doux. Les clayettes peuvent \u00eatre nettoy\u00e9es avec une \u00e9ponge, de l&#8217;eau ti\u00e8de et un d\u00e9tergent doux. Pour maintenir le r\u00e9frig\u00e9rateur en bon \u00e9tat de fonctionnement, n&#8217;oubliez pas d&#8217;essuyer le joint en caoutchouc de la porte chaque fois que vous le nettoyez. Ensuite, il est important de tout s\u00e9cher avec un chiffon doux avant de l&#8217;utiliser \u00e0 nouveau.<\/p>\n<p><strong>Caract\u00e9ristiques<\/strong><\/p>\n<ul>\n<li><span style=\"background-color: #ffffff;\">Temp\u00e9rature ambiante maximale de 43\u00b0C<br \/><\/span><\/li>\n<li><span style=\"background-color: #ffffff;\">Isolation protectrice compacte de 6 cm<br \/><\/span><\/li>\n<li><span style=\"background-color: #ffffff;\">Cycle de r\u00e9frig\u00e9ration sp\u00e9cialis\u00e9 pour r\u00e9duire la formation de glace<br \/><\/span><\/li>\n<li><span style=\"background-color: #ffffff;\">Plage de temp\u00e9rature de 0 \u00e0 8\u00b0C<br \/><\/span><\/li>\n<li>Contr\u00f4le num\u00e9rique de la temp\u00e9rature (Dixell)<\/li>\n<\/ul>\n<p><strong>Caract\u00e9ristiques du produit<\/strong><\/p>\n<ul>\n<li>Poids net : 115kg<\/li>\n<li>Capacit\u00e9 nette : 537L<\/li>\n<li>Dimensions ext\u00e9rieures : L68 x P80 x H200cm<\/li>\n<li>Dimensions int\u00e9rieures : L54 x P68 x H139cm<\/li>\n<li>230V \/ 50Hz \/ 1 Phase 175W<\/li>\n<\/ul>","protected":false},"excerpt":{"rendered":"<p><span style=\"background-color: #ffffff;\">Ce r\u00e9frig\u00e9rateur professionnel \u00e0 porte vitr\u00e9e a une capacit\u00e9 de 600 litres. Il est \u00e9quip\u00e9 d&#8217;une porte \u00e0 fermeture automatique, d&#8217;un \u00e9clairage LED et de trois clayettes r\u00e9glables en hauteur pour vous permettre de personnaliser facilement votre am\u00e9nagement. Gr\u00e2ce \u00e0 ses quatre roues, vous pouvez \u00e9galement le d\u00e9placer au meilleur endroit dans la cuisine.<\/span><\/p>","protected":false},"featured_media":8743,"template":"","meta":{"_acf_changed":false},"product_brand":[],"product_cat":[474],"product_tag":[],"class_list":{"0":"post-15005","1":"product","2":"type-product","3":"status-publish","4":"has-post-thumbnail","6":"product_cat-armoires-refrigerees-positif-negatif-2","8":"first","9":"instock","10":"sale","11":"taxable","12":"shipping-taxable","13":"purchasable","14":"product-type-simple"},"acf":[],"yoast_head":"<!-- This site is optimized with the Yoast SEO plugin v27.5 - https:\/\/yoast.com\/product\/yoast-seo-wordpress\/ -->\n<title>R\u00e9frig\u00e9rateur - 600 L - 3 \u00e9tag\u00e8res r\u00e9glables (2\/1 GN) - acier inoxydable - avec porte en verre - Gastora<\/title>\n<meta name=\"description\" content=\"Achetez R\u00e9frig\u00e9rateur - 600 L - 3 \u00e9tag\u00e8res r\u00e9glables (2\/1 GN) - acier inoxydable - avec porte en verre au meilleur prix, fiable et performant avec une livraison rapide\" \/>\n<meta name=\"robots\" content=\"index, follow, max-snippet:-1, max-image-preview:large, max-video-preview:-1\" \/>\n<link rel=\"canonical\" href=\"https:\/\/gastora.eu\/en\/product\/rfrigrateur-600-l-3-tagres-rglables-21-gn-acier-inoxydable-avec-porte-en-verre\/\" \/>\n<meta property=\"og:locale\" content=\"en_US\" \/>\n<meta property=\"og:type\" content=\"article\" \/>\n<meta property=\"og:title\" content=\"R\u00e9frig\u00e9rateur - 600 L - 3 \u00e9tag\u00e8res r\u00e9glables (2\/1 GN) - acier inoxydable - avec porte en verre - Gastora\" \/>\n<meta property=\"og:description\" content=\"Achetez R\u00e9frig\u00e9rateur - 600 L - 3 \u00e9tag\u00e8res r\u00e9glables (2\/1 GN) - acier inoxydable - avec porte en verre au meilleur prix, fiable et performant avec une livraison rapide\" \/>\n<meta property=\"og:url\" content=\"https:\/\/gastora.eu\/en\/product\/rfrigrateur-600-l-3-tagres-rglables-21-gn-acier-inoxydable-avec-porte-en-verre\/\" \/>\n<meta property=\"og:site_name\" content=\"Gastora\" \/>\n<meta property=\"article:modified_time\" content=\"2026-04-28T16:57:36+00:00\" \/>\n<meta name=\"twitter:card\" content=\"summary_large_image\" \/>\n<meta name=\"twitter:label1\" content=\"Est. reading time\" \/>\n\t<meta name=\"twitter:data1\" content=\"2 minutes\" \/>\n<script type=\"application\/ld+json\" class=\"yoast-schema-graph\">{\"@context\":\"https:\\\/\\\/schema.org\",\"@graph\":[{\"@type\":\"WebPage\",\"@id\":\"https:\\\/\\\/gastora.eu\\\/product\\\/rfrigrateur-600-l-3-tagres-rglables-21-gn-acier-inoxydable-avec-porte-en-verre\\\/\",\"url\":\"https:\\\/\\\/gastora.eu\\\/product\\\/rfrigrateur-600-l-3-tagres-rglables-21-gn-acier-inoxydable-avec-porte-en-verre\\\/\",\"name\":\"R\u00e9frig\u00e9rateur - 600 L - 3 \u00e9tag\u00e8res r\u00e9glables (2\\\/1 GN) - acier inoxydable - avec porte en verre - Gastora\",\"isPartOf\":{\"@id\":\"https:\\\/\\\/gastora.eu\\\/#website\"},\"primaryImageOfPage\":{\"@id\":\"https:\\\/\\\/gastora.eu\\\/product\\\/rfrigrateur-600-l-3-tagres-rglables-21-gn-acier-inoxydable-avec-porte-en-verre\\\/#primaryimage\"},\"image\":{\"@id\":\"https:\\\/\\\/gastora.eu\\\/product\\\/rfrigrateur-600-l-3-tagres-rglables-21-gn-acier-inoxydable-avec-porte-en-verre\\\/#primaryimage\"},\"thumbnailUrl\":\"https:\\\/\\\/gastora.eu\\\/wp-content\\\/uploads\\\/2026\\\/04\\\/sp-1000-09400006_1.jpg\",\"datePublished\":\"2026-04-26T08:49:08+00:00\",\"dateModified\":\"2026-04-28T16:57:36+00:00\",\"description\":\"Achetez R\u00e9frig\u00e9rateur - 600 L - 3 \u00e9tag\u00e8res r\u00e9glables (2\\\/1 GN) - acier inoxydable - avec porte en verre au meilleur prix, fiable et performant avec une livraison rapide\",\"breadcrumb\":{\"@id\":\"https:\\\/\\\/gastora.eu\\\/product\\\/rfrigrateur-600-l-3-tagres-rglables-21-gn-acier-inoxydable-avec-porte-en-verre\\\/#breadcrumb\"},\"inLanguage\":\"en-US\",\"potentialAction\":[{\"@type\":\"ReadAction\",\"target\":[\"https:\\\/\\\/gastora.eu\\\/product\\\/rfrigrateur-600-l-3-tagres-rglables-21-gn-acier-inoxydable-avec-porte-en-verre\\\/\"]}]},{\"@type\":\"ImageObject\",\"inLanguage\":\"en-US\",\"@id\":\"https:\\\/\\\/gastora.eu\\\/product\\\/rfrigrateur-600-l-3-tagres-rglables-21-gn-acier-inoxydable-avec-porte-en-verre\\\/#primaryimage\",\"url\":\"https:\\\/\\\/gastora.eu\\\/wp-content\\\/uploads\\\/2026\\\/04\\\/sp-1000-09400006_1.jpg\",\"contentUrl\":\"https:\\\/\\\/gastora.eu\\\/wp-content\\\/uploads\\\/2026\\\/04\\\/sp-1000-09400006_1.jpg\",\"width\":1200,\"height\":1200},{\"@type\":\"BreadcrumbList\",\"@id\":\"https:\\\/\\\/gastora.eu\\\/product\\\/rfrigrateur-600-l-3-tagres-rglables-21-gn-acier-inoxydable-avec-porte-en-verre\\\/#breadcrumb\",\"itemListElement\":[{\"@type\":\"ListItem\",\"position\":1,\"name\":\"Home\",\"item\":\"https:\\\/\\\/gastora.eu\\\/\"},{\"@type\":\"ListItem\",\"position\":2,\"name\":\"Shop\",\"item\":\"https:\\\/\\\/gastora.eu\\\/shop\\\/\"},{\"@type\":\"ListItem\",\"position\":3,\"name\":\"R\u00e9frig\u00e9rateur &#8211; 600 L &#8211; 3 \u00e9tag\u00e8res r\u00e9glables (2\\\/1 GN) &#8211; acier inoxydable &#8211; avec porte en verre\"}]},{\"@type\":\"WebSite\",\"@id\":\"https:\\\/\\\/gastora.eu\\\/#website\",\"url\":\"https:\\\/\\\/gastora.eu\\\/\",\"name\":\"Gastora\",\"description\":\"\u00c9quipements professionnels CHR\",\"publisher\":{\"@id\":\"https:\\\/\\\/gastora.eu\\\/#organization\"},\"potentialAction\":[{\"@type\":\"SearchAction\",\"target\":{\"@type\":\"EntryPoint\",\"urlTemplate\":\"https:\\\/\\\/gastora.eu\\\/?s={search_term_string}\"},\"query-input\":{\"@type\":\"PropertyValueSpecification\",\"valueRequired\":true,\"valueName\":\"search_term_string\"}}],\"inLanguage\":\"en-US\"},{\"@type\":\"Organization\",\"@id\":\"https:\\\/\\\/gastora.eu\\\/#organization\",\"name\":\"Gastora\",\"url\":\"https:\\\/\\\/gastora.eu\\\/\",\"logo\":{\"@type\":\"ImageObject\",\"inLanguage\":\"en-US\",\"@id\":\"https:\\\/\\\/gastora.eu\\\/#\\\/schema\\\/logo\\\/image\\\/\",\"url\":\"https:\\\/\\\/gastora.eu\\\/wp-content\\\/uploads\\\/2025\\\/12\\\/ChatGPT-Image-2-janv.-2026-22_52_47-1.png\",\"contentUrl\":\"https:\\\/\\\/gastora.eu\\\/wp-content\\\/uploads\\\/2025\\\/12\\\/ChatGPT-Image-2-janv.-2026-22_52_47-1.png\",\"width\":1536,\"height\":320,\"caption\":\"Gastora\"},\"image\":{\"@id\":\"https:\\\/\\\/gastora.eu\\\/#\\\/schema\\\/logo\\\/image\\\/\"}}]}<\/script>\n<!-- \/ Yoast SEO plugin. -->","yoast_head_json":{"title":"R\u00e9frig\u00e9rateur - 600 L - 3 \u00e9tag\u00e8res r\u00e9glables (2\/1 GN) - acier inoxydable - avec porte en verre - Gastora","description":"Achetez R\u00e9frig\u00e9rateur - 600 L - 3 \u00e9tag\u00e8res r\u00e9glables (2\/1 GN) - acier inoxydable - avec porte en verre au meilleur prix, fiable et performant avec une livraison rapide","robots":{"index":"index","follow":"follow","max-snippet":"max-snippet:-1","max-image-preview":"max-image-preview:large","max-video-preview":"max-video-preview:-1"},"canonical":"https:\/\/gastora.eu\/en\/product\/rfrigrateur-600-l-3-tagres-rglables-21-gn-acier-inoxydable-avec-porte-en-verre\/","og_locale":"en_US","og_type":"article","og_title":"R\u00e9frig\u00e9rateur - 600 L - 3 \u00e9tag\u00e8res r\u00e9glables (2\/1 GN) - acier inoxydable - avec porte en verre - Gastora","og_description":"Achetez R\u00e9frig\u00e9rateur - 600 L - 3 \u00e9tag\u00e8res r\u00e9glables (2\/1 GN) - acier inoxydable - avec porte en verre au meilleur prix, fiable et performant avec une livraison rapide","og_url":"https:\/\/gastora.eu\/en\/product\/rfrigrateur-600-l-3-tagres-rglables-21-gn-acier-inoxydable-avec-porte-en-verre\/","og_site_name":"Gastora","article_modified_time":"2026-04-28T16:57:36+00:00","twitter_card":"summary_large_image","twitter_misc":{"Est. reading time":"2 minutes"},"schema":{"@context":"https:\/\/schema.org","@graph":[{"@type":"WebPage","@id":"https:\/\/gastora.eu\/product\/rfrigrateur-600-l-3-tagres-rglables-21-gn-acier-inoxydable-avec-porte-en-verre\/","url":"https:\/\/gastora.eu\/product\/rfrigrateur-600-l-3-tagres-rglables-21-gn-acier-inoxydable-avec-porte-en-verre\/","name":"R\u00e9frig\u00e9rateur - 600 L - 3 \u00e9tag\u00e8res r\u00e9glables (2\/1 GN) - acier inoxydable - avec porte en verre - Gastora","isPartOf":{"@id":"https:\/\/gastora.eu\/#website"},"primaryImageOfPage":{"@id":"https:\/\/gastora.eu\/product\/rfrigrateur-600-l-3-tagres-rglables-21-gn-acier-inoxydable-avec-porte-en-verre\/#primaryimage"},"image":{"@id":"https:\/\/gastora.eu\/product\/rfrigrateur-600-l-3-tagres-rglables-21-gn-acier-inoxydable-avec-porte-en-verre\/#primaryimage"},"thumbnailUrl":"https:\/\/gastora.eu\/wp-content\/uploads\/2026\/04\/sp-1000-09400006_1.jpg","datePublished":"2026-04-26T08:49:08+00:00","dateModified":"2026-04-28T16:57:36+00:00","description":"Achetez R\u00e9frig\u00e9rateur - 600 L - 3 \u00e9tag\u00e8res r\u00e9glables (2\/1 GN) - acier inoxydable - avec porte en verre au meilleur prix, fiable et performant avec une livraison rapide","breadcrumb":{"@id":"https:\/\/gastora.eu\/product\/rfrigrateur-600-l-3-tagres-rglables-21-gn-acier-inoxydable-avec-porte-en-verre\/#breadcrumb"},"inLanguage":"en-US","potentialAction":[{"@type":"ReadAction","target":["https:\/\/gastora.eu\/product\/rfrigrateur-600-l-3-tagres-rglables-21-gn-acier-inoxydable-avec-porte-en-verre\/"]}]},{"@type":"ImageObject","inLanguage":"en-US","@id":"https:\/\/gastora.eu\/product\/rfrigrateur-600-l-3-tagres-rglables-21-gn-acier-inoxydable-avec-porte-en-verre\/#primaryimage","url":"https:\/\/gastora.eu\/wp-content\/uploads\/2026\/04\/sp-1000-09400006_1.jpg","contentUrl":"https:\/\/gastora.eu\/wp-content\/uploads\/2026\/04\/sp-1000-09400006_1.jpg","width":1200,"height":1200},{"@type":"BreadcrumbList","@id":"https:\/\/gastora.eu\/product\/rfrigrateur-600-l-3-tagres-rglables-21-gn-acier-inoxydable-avec-porte-en-verre\/#breadcrumb","itemListElement":[{"@type":"ListItem","position":1,"name":"Home","item":"https:\/\/gastora.eu\/"},{"@type":"ListItem","position":2,"name":"Shop","item":"https:\/\/gastora.eu\/shop\/"},{"@type":"ListItem","position":3,"name":"R\u00e9frig\u00e9rateur &#8211; 600 L &#8211; 3 \u00e9tag\u00e8res r\u00e9glables (2\/1 GN) &#8211; acier inoxydable &#8211; avec porte en verre"}]},{"@type":"WebSite","@id":"https:\/\/gastora.eu\/#website","url":"https:\/\/gastora.eu\/","name":"Gastora","description":"\u00c9quipements professionnels CHR","publisher":{"@id":"https:\/\/gastora.eu\/#organization"},"potentialAction":[{"@type":"SearchAction","target":{"@type":"EntryPoint","urlTemplate":"https:\/\/gastora.eu\/?s={search_term_string}"},"query-input":{"@type":"PropertyValueSpecification","valueRequired":true,"valueName":"search_term_string"}}],"inLanguage":"en-US"},{"@type":"Organization","@id":"https:\/\/gastora.eu\/#organization","name":"Gastora","url":"https:\/\/gastora.eu\/","logo":{"@type":"ImageObject","inLanguage":"en-US","@id":"https:\/\/gastora.eu\/#\/schema\/logo\/image\/","url":"https:\/\/gastora.eu\/wp-content\/uploads\/2025\/12\/ChatGPT-Image-2-janv.-2026-22_52_47-1.png","contentUrl":"https:\/\/gastora.eu\/wp-content\/uploads\/2025\/12\/ChatGPT-Image-2-janv.-2026-22_52_47-1.png","width":1536,"height":320,"caption":"Gastora"},"image":{"@id":"https:\/\/gastora.eu\/#\/schema\/logo\/image\/"}}]}},"jetpack_sharing_enabled":true,"_links":{"self":[{"href":"https:\/\/gastora.eu\/en\/wp-json\/wp\/v2\/product\/15005","targetHints":{"allow":["GET"]}}],"collection":[{"href":"https:\/\/gastora.eu\/en\/wp-json\/wp\/v2\/product"}],"about":[{"href":"https:\/\/gastora.eu\/en\/wp-json\/wp\/v2\/types\/product"}],"wp:featuredmedia":[{"embeddable":true,"href":"https:\/\/gastora.eu\/en\/wp-json\/wp\/v2\/media\/8743"}],"wp:attachment":[{"href":"https:\/\/gastora.eu\/en\/wp-json\/wp\/v2\/media?parent=15005"}],"wp:term":[{"taxonomy":"product_brand","embeddable":true,"href":"https:\/\/gastora.eu\/en\/wp-json\/wp\/v2\/product_brand?post=15005"},{"taxonomy":"product_cat","embeddable":true,"href":"https:\/\/gastora.eu\/en\/wp-json\/wp\/v2\/product_cat?post=15005"},{"taxonomy":"product_tag","embeddable":true,"href":"https:\/\/gastora.eu\/en\/wp-json\/wp\/v2\/product_tag?post=15005"}],"curies":[{"name":"wp","href":"https:\/\/api.w.org\/{rel}","templated":true}]}}