{"id":14986,"date":"2026-04-26T08:48:46","date_gmt":"2026-04-26T08:48:46","guid":{"rendered":"https:\/\/gastora.eu\/?post_type=product&#038;p=14986"},"modified":"2026-04-26T08:48:46","modified_gmt":"2026-04-26T08:48:46","slug":"machine-pop-corn-150gr-avec-vitrine-chauffante","status":"publish","type":"product","link":"https:\/\/gastora.eu\/en\/product\/machine-pop-corn-150gr-avec-vitrine-chauffante\/","title":{"rendered":"Machine \u00e0 pop-corn &#8211; 150gr &#8211; avec vitrine chauffante"},"content":{"rendered":"<p>Cette machine \u00e0 pop-corn professionnelle est indispensable lors d&#8217;une f\u00eate, d&#8217;une foire ou d&#8217;un cin\u00e9ma. La machine \u00e0 pop-corn est facile \u00e0 utiliser, il suffit d&#8217;ajouter de l&#8217;huile, des grains de ma\u00efs et du sucre ou du sel. Le ma\u00efs est chauff\u00e9 et le pop-corn \u00e9clate rapidement dans la machine. Gr\u00e2ce au pr\u00e9sentoir chauffant tr\u00e8s pratique, votre r\u00e9serve de pop-corn reste d\u00e9licieusement chaude.<\/p>\n<h3>Des portions de pop-corn en un clin d&#8217;\u0153il<\/h3>\n<p>Allumez la machine \u00e0 pop-corn en appuyant sur le bouton &#8220;Warming &amp; Light&#8221;. Versez 50 ml d&#8217;huile dans la bouilloire \u00e0 pop-corn, en veillant \u00e0 ce que tout le fond soit recouvert. Cela emp\u00eachera le pop-corn de br\u00fbler. Appuyez sur le bouton &#8220;Heat&#8221; et pr\u00e9chauffez la marmite \u00e0 pop-corn pendant 30 secondes. Ajoutez 150 grammes de grains de ma\u00efs et 50 grammes de sucre ou de sel, selon le go\u00fbt d\u00e9sir\u00e9. Activez le m\u00e9canisme de brassage de la bouilloire en appuyant sur le bouton &#8220;Turn&#8221;. Remettez le couvercle sur la marmite et fermez bien les portes en verre. Attendez quelques minutes que les grains de ma\u00efs commencent \u00e0 \u00e9clater. Une fois que tous les grains de ma\u00efs ont \u00e9clat\u00e9, \u00e9teignez les boutons &#8220;Turn&#8221; et &#8220;Heat&#8221;. Retirez le couvercle et inclinez la bouilloire \u00e0 pop-corn pour vider les restes de pop-corn. Pour pr\u00e9parer de plus grandes quantit\u00e9s de pop-corn, il suffit de r\u00e9p\u00e9ter ces \u00e9tapes.<\/p>\n<h3>Nettoyage facile<\/h3>\n<p>Pour garantir une propret\u00e9 optimale, il est recommand\u00e9 de nettoyer l&#8217;int\u00e9rieur de la casserole de pop-corn pendant qu&#8217;elle est encore chaude. Apr\u00e8s avoir pr\u00e9par\u00e9 la derni\u00e8re fourn\u00e9e de pop-corn, remplissez la casserole d&#8217;une tasse d&#8217;eau propre et laissez-la reposer pendant quelques minutes. \u00c9teignez tous les boutons de la machine. Videz soigneusement l&#8217;eau de la bouilloire \u00e0 pop-corn dans un bol, puis d\u00e9vissez la casserole et retirez-la de la machine. Remplissez le bac avec de l&#8217;eau chaude et du d\u00e9tergent, et laissez-le tremper pendant environ 30 minutes. Pendant ce temps, retirez toutes les pi\u00e8ces d\u00e9tach\u00e9es de la machine \u00e0 pop-corn.<\/p>\n<p>Nettoyez soigneusement l&#8217;int\u00e9rieur et l&#8217;ext\u00e9rieur de la machine \u00e0 l&#8217;aide d&#8217;un chiffon l\u00e9g\u00e8rement humide. Nettoyez ensuite soigneusement le bac \u00e0 pop-corn et remettez-le en place sur la machine \u00e0 pop-corn. N&#8217;oubliez pas que les pi\u00e8ces d\u00e9tach\u00e9es doivent \u00eatre nettoy\u00e9es \u00e0 la main, car elles ne passent pas au lave-vaisselle, et s\u00e9ch\u00e9es soigneusement. Une fois nettoy\u00e9es, remettez-les dans la machine.<\/p>\n<p><strong>Caract\u00e9ristiques <\/strong><\/p>\n<ul>\n<li>\u00c9quip\u00e9 d&#8217;un plateau ramasse-miettes<\/li>\n<li>Bac \u00e0 pop-corn pouvant contenir 150 grammes de grains de ma\u00efs \u00e0 la fois<\/li>\n<li>Les portes en verre emp\u00eachent le pop-corn de tomber<\/li>\n<li>Le bac \u00e0 pop-corn peut \u00eatre tourn\u00e9\/bascul\u00e9<\/li>\n<li>Vitrine pour maintenir le stock au chaud<\/li>\n<\/ul>\n<p><strong>Caract\u00e9ristiques du produit<\/strong><\/p>\n<ul>\n<li>Poids net : 38 kg<\/li>\n<li>Capacit\u00e9 : 150gr de grains de ma\u00efs par fois, environ 3kg par heure<\/li>\n<li>Dimensions de la machine : L90 x P42 x H76cm<\/li>\n<li>220V\/50Hz\/1Phase 1700W<\/li>\n<\/ul>","protected":false},"excerpt":{"rendered":"<p>Cette machine \u00e0 pop-corn permet de pr\u00e9parer rapidement et facilement du pop-corn d\u00e9licieux, sucr\u00e9 ou sal\u00e9. Faites chauffer la machine \u00e0 pop-corn et ajoutez les ingr\u00e9dients. En deux minutes, vous obtenez du pop-corn chaud. Gr\u00e2ce aux portes en verre, vous pouvez surveiller le processus d&#8217;\u00e9clatement et assurer votre s\u00e9curit\u00e9. Elle dispose d&#8217;une vitrine chauffante pour garder le stock au chaud.<\/p>","protected":false},"featured_media":8705,"template":"","meta":{"_acf_changed":false},"product_brand":[],"product_cat":[16],"product_tag":[],"class_list":{"0":"post-14986","1":"product","2":"type-product","3":"status-publish","4":"has-post-thumbnail","6":"product_cat-cuisson","8":"first","9":"instock","10":"sale","11":"taxable","12":"shipping-taxable","13":"purchasable","14":"product-type-simple"},"acf":[],"yoast_head":"<!-- This site is optimized with the Yoast SEO plugin v27.4 - https:\/\/yoast.com\/product\/yoast-seo-wordpress\/ -->\n<title>Machine \u00e0 pop-corn - 150gr - avec vitrine chauffante - Gastora<\/title>\n<meta name=\"description\" content=\"Achetez Machine \u00e0 pop-corn - 150gr - avec vitrine chauffante au meilleur prix, fiable et performant avec une livraison rapide\" \/>\n<meta name=\"robots\" content=\"index, follow, max-snippet:-1, max-image-preview:large, max-video-preview:-1\" \/>\n<link rel=\"canonical\" href=\"https:\/\/gastora.eu\/en\/product\/machine-pop-corn-150gr-avec-vitrine-chauffante\/\" \/>\n<meta property=\"og:locale\" content=\"en_US\" \/>\n<meta property=\"og:type\" content=\"article\" \/>\n<meta property=\"og:title\" content=\"Machine \u00e0 pop-corn - 150gr - avec vitrine chauffante - Gastora\" \/>\n<meta property=\"og:description\" content=\"Achetez Machine \u00e0 pop-corn - 150gr - avec vitrine chauffante au meilleur prix, fiable et performant avec une livraison rapide\" \/>\n<meta property=\"og:url\" content=\"https:\/\/gastora.eu\/en\/product\/machine-pop-corn-150gr-avec-vitrine-chauffante\/\" \/>\n<meta property=\"og:site_name\" content=\"Gastora\" \/>\n<meta name=\"twitter:card\" content=\"summary_large_image\" \/>\n<meta name=\"twitter:label1\" content=\"Est. reading time\" \/>\n\t<meta name=\"twitter:data1\" content=\"2 minutes\" \/>\n<script type=\"application\/ld+json\" class=\"yoast-schema-graph\">{\"@context\":\"https:\\\/\\\/schema.org\",\"@graph\":[{\"@type\":\"WebPage\",\"@id\":\"https:\\\/\\\/gastora.eu\\\/product\\\/machine-pop-corn-150gr-avec-vitrine-chauffante\\\/\",\"url\":\"https:\\\/\\\/gastora.eu\\\/product\\\/machine-pop-corn-150gr-avec-vitrine-chauffante\\\/\",\"name\":\"Machine \u00e0 pop-corn - 150gr - avec vitrine chauffante - Gastora\",\"isPartOf\":{\"@id\":\"https:\\\/\\\/gastora.eu\\\/#website\"},\"primaryImageOfPage\":{\"@id\":\"https:\\\/\\\/gastora.eu\\\/product\\\/machine-pop-corn-150gr-avec-vitrine-chauffante\\\/#primaryimage\"},\"image\":{\"@id\":\"https:\\\/\\\/gastora.eu\\\/product\\\/machine-pop-corn-150gr-avec-vitrine-chauffante\\\/#primaryimage\"},\"thumbnailUrl\":\"https:\\\/\\\/gastora.eu\\\/wp-content\\\/uploads\\\/2026\\\/04\\\/sp-1001-09506006.jpg\",\"datePublished\":\"2026-04-26T08:48:46+00:00\",\"description\":\"Achetez Machine \u00e0 pop-corn - 150gr - avec vitrine chauffante au meilleur prix, fiable et performant avec une livraison rapide\",\"breadcrumb\":{\"@id\":\"https:\\\/\\\/gastora.eu\\\/product\\\/machine-pop-corn-150gr-avec-vitrine-chauffante\\\/#breadcrumb\"},\"inLanguage\":\"en-US\",\"potentialAction\":[{\"@type\":\"ReadAction\",\"target\":[\"https:\\\/\\\/gastora.eu\\\/product\\\/machine-pop-corn-150gr-avec-vitrine-chauffante\\\/\"]}]},{\"@type\":\"ImageObject\",\"inLanguage\":\"en-US\",\"@id\":\"https:\\\/\\\/gastora.eu\\\/product\\\/machine-pop-corn-150gr-avec-vitrine-chauffante\\\/#primaryimage\",\"url\":\"https:\\\/\\\/gastora.eu\\\/wp-content\\\/uploads\\\/2026\\\/04\\\/sp-1001-09506006.jpg\",\"contentUrl\":\"https:\\\/\\\/gastora.eu\\\/wp-content\\\/uploads\\\/2026\\\/04\\\/sp-1001-09506006.jpg\",\"width\":1200,\"height\":1200},{\"@type\":\"BreadcrumbList\",\"@id\":\"https:\\\/\\\/gastora.eu\\\/product\\\/machine-pop-corn-150gr-avec-vitrine-chauffante\\\/#breadcrumb\",\"itemListElement\":[{\"@type\":\"ListItem\",\"position\":1,\"name\":\"Home\",\"item\":\"https:\\\/\\\/gastora.eu\\\/\"},{\"@type\":\"ListItem\",\"position\":2,\"name\":\"Shop\",\"item\":\"https:\\\/\\\/gastora.eu\\\/shop\\\/\"},{\"@type\":\"ListItem\",\"position\":3,\"name\":\"Machine \u00e0 pop-corn &#8211; 150gr &#8211; avec vitrine chauffante\"}]},{\"@type\":\"WebSite\",\"@id\":\"https:\\\/\\\/gastora.eu\\\/#website\",\"url\":\"https:\\\/\\\/gastora.eu\\\/\",\"name\":\"Gastora\",\"description\":\"\u00c9quipements professionnels CHR\",\"publisher\":{\"@id\":\"https:\\\/\\\/gastora.eu\\\/#organization\"},\"potentialAction\":[{\"@type\":\"SearchAction\",\"target\":{\"@type\":\"EntryPoint\",\"urlTemplate\":\"https:\\\/\\\/gastora.eu\\\/?s={search_term_string}\"},\"query-input\":{\"@type\":\"PropertyValueSpecification\",\"valueRequired\":true,\"valueName\":\"search_term_string\"}}],\"inLanguage\":\"en-US\"},{\"@type\":\"Organization\",\"@id\":\"https:\\\/\\\/gastora.eu\\\/#organization\",\"name\":\"Gastora\",\"url\":\"https:\\\/\\\/gastora.eu\\\/\",\"logo\":{\"@type\":\"ImageObject\",\"inLanguage\":\"en-US\",\"@id\":\"https:\\\/\\\/gastora.eu\\\/#\\\/schema\\\/logo\\\/image\\\/\",\"url\":\"https:\\\/\\\/gastora.eu\\\/wp-content\\\/uploads\\\/2025\\\/12\\\/ChatGPT-Image-2-janv.-2026-22_52_47-1.png\",\"contentUrl\":\"https:\\\/\\\/gastora.eu\\\/wp-content\\\/uploads\\\/2025\\\/12\\\/ChatGPT-Image-2-janv.-2026-22_52_47-1.png\",\"width\":1536,\"height\":320,\"caption\":\"Gastora\"},\"image\":{\"@id\":\"https:\\\/\\\/gastora.eu\\\/#\\\/schema\\\/logo\\\/image\\\/\"}}]}<\/script>\n<!-- \/ Yoast SEO plugin. -->","yoast_head_json":{"title":"Machine \u00e0 pop-corn - 150gr - avec vitrine chauffante - Gastora","description":"Achetez Machine \u00e0 pop-corn - 150gr - avec vitrine chauffante au meilleur prix, fiable et performant avec une livraison rapide","robots":{"index":"index","follow":"follow","max-snippet":"max-snippet:-1","max-image-preview":"max-image-preview:large","max-video-preview":"max-video-preview:-1"},"canonical":"https:\/\/gastora.eu\/en\/product\/machine-pop-corn-150gr-avec-vitrine-chauffante\/","og_locale":"en_US","og_type":"article","og_title":"Machine \u00e0 pop-corn - 150gr - avec vitrine chauffante - Gastora","og_description":"Achetez Machine \u00e0 pop-corn - 150gr - avec vitrine chauffante au meilleur prix, fiable et performant avec une livraison rapide","og_url":"https:\/\/gastora.eu\/en\/product\/machine-pop-corn-150gr-avec-vitrine-chauffante\/","og_site_name":"Gastora","twitter_card":"summary_large_image","twitter_misc":{"Est. reading time":"2 minutes"},"schema":{"@context":"https:\/\/schema.org","@graph":[{"@type":"WebPage","@id":"https:\/\/gastora.eu\/product\/machine-pop-corn-150gr-avec-vitrine-chauffante\/","url":"https:\/\/gastora.eu\/product\/machine-pop-corn-150gr-avec-vitrine-chauffante\/","name":"Machine \u00e0 pop-corn - 150gr - avec vitrine chauffante - Gastora","isPartOf":{"@id":"https:\/\/gastora.eu\/#website"},"primaryImageOfPage":{"@id":"https:\/\/gastora.eu\/product\/machine-pop-corn-150gr-avec-vitrine-chauffante\/#primaryimage"},"image":{"@id":"https:\/\/gastora.eu\/product\/machine-pop-corn-150gr-avec-vitrine-chauffante\/#primaryimage"},"thumbnailUrl":"https:\/\/gastora.eu\/wp-content\/uploads\/2026\/04\/sp-1001-09506006.jpg","datePublished":"2026-04-26T08:48:46+00:00","description":"Achetez Machine \u00e0 pop-corn - 150gr - avec vitrine chauffante au meilleur prix, fiable et performant avec une livraison rapide","breadcrumb":{"@id":"https:\/\/gastora.eu\/product\/machine-pop-corn-150gr-avec-vitrine-chauffante\/#breadcrumb"},"inLanguage":"en-US","potentialAction":[{"@type":"ReadAction","target":["https:\/\/gastora.eu\/product\/machine-pop-corn-150gr-avec-vitrine-chauffante\/"]}]},{"@type":"ImageObject","inLanguage":"en-US","@id":"https:\/\/gastora.eu\/product\/machine-pop-corn-150gr-avec-vitrine-chauffante\/#primaryimage","url":"https:\/\/gastora.eu\/wp-content\/uploads\/2026\/04\/sp-1001-09506006.jpg","contentUrl":"https:\/\/gastora.eu\/wp-content\/uploads\/2026\/04\/sp-1001-09506006.jpg","width":1200,"height":1200},{"@type":"BreadcrumbList","@id":"https:\/\/gastora.eu\/product\/machine-pop-corn-150gr-avec-vitrine-chauffante\/#breadcrumb","itemListElement":[{"@type":"ListItem","position":1,"name":"Home","item":"https:\/\/gastora.eu\/"},{"@type":"ListItem","position":2,"name":"Shop","item":"https:\/\/gastora.eu\/shop\/"},{"@type":"ListItem","position":3,"name":"Machine \u00e0 pop-corn &#8211; 150gr &#8211; avec vitrine chauffante"}]},{"@type":"WebSite","@id":"https:\/\/gastora.eu\/#website","url":"https:\/\/gastora.eu\/","name":"Gastora","description":"\u00c9quipements professionnels CHR","publisher":{"@id":"https:\/\/gastora.eu\/#organization"},"potentialAction":[{"@type":"SearchAction","target":{"@type":"EntryPoint","urlTemplate":"https:\/\/gastora.eu\/?s={search_term_string}"},"query-input":{"@type":"PropertyValueSpecification","valueRequired":true,"valueName":"search_term_string"}}],"inLanguage":"en-US"},{"@type":"Organization","@id":"https:\/\/gastora.eu\/#organization","name":"Gastora","url":"https:\/\/gastora.eu\/","logo":{"@type":"ImageObject","inLanguage":"en-US","@id":"https:\/\/gastora.eu\/#\/schema\/logo\/image\/","url":"https:\/\/gastora.eu\/wp-content\/uploads\/2025\/12\/ChatGPT-Image-2-janv.-2026-22_52_47-1.png","contentUrl":"https:\/\/gastora.eu\/wp-content\/uploads\/2025\/12\/ChatGPT-Image-2-janv.-2026-22_52_47-1.png","width":1536,"height":320,"caption":"Gastora"},"image":{"@id":"https:\/\/gastora.eu\/#\/schema\/logo\/image\/"}}]}},"jetpack_sharing_enabled":true,"_links":{"self":[{"href":"https:\/\/gastora.eu\/en\/wp-json\/wp\/v2\/product\/14986","targetHints":{"allow":["GET"]}}],"collection":[{"href":"https:\/\/gastora.eu\/en\/wp-json\/wp\/v2\/product"}],"about":[{"href":"https:\/\/gastora.eu\/en\/wp-json\/wp\/v2\/types\/product"}],"wp:featuredmedia":[{"embeddable":true,"href":"https:\/\/gastora.eu\/en\/wp-json\/wp\/v2\/media\/8705"}],"wp:attachment":[{"href":"https:\/\/gastora.eu\/en\/wp-json\/wp\/v2\/media?parent=14986"}],"wp:term":[{"taxonomy":"product_brand","embeddable":true,"href":"https:\/\/gastora.eu\/en\/wp-json\/wp\/v2\/product_brand?post=14986"},{"taxonomy":"product_cat","embeddable":true,"href":"https:\/\/gastora.eu\/en\/wp-json\/wp\/v2\/product_cat?post=14986"},{"taxonomy":"product_tag","embeddable":true,"href":"https:\/\/gastora.eu\/en\/wp-json\/wp\/v2\/product_tag?post=14986"}],"curies":[{"name":"wp","href":"https:\/\/api.w.org\/{rel}","templated":true}]}}