{"id":14982,"date":"2026-04-26T08:48:42","date_gmt":"2026-04-26T08:48:42","guid":{"rendered":"https:\/\/gastora.eu\/?post_type=product&#038;p=14982"},"modified":"2026-04-28T16:57:34","modified_gmt":"2026-04-28T16:57:34","slug":"machine-barbe-papa-52cm-rose-avec-chariot","status":"publish","type":"product","link":"https:\/\/gastora.eu\/en\/product\/machine-barbe-papa-52cm-rose-avec-chariot\/","title":{"rendered":"Machine \u00e0 barbe \u00e0 papa &#8211; \u00d8 52cm &#8211; Rose &#8211; avec chariot"},"content":{"rendered":"<p>Cette machine \u00e0 barbe \u00e0 papa est dot\u00e9e d&#8217;un grand bac en acier inoxydable de 52 cm, id\u00e9al pour produire de d\u00e9licieuses barbes \u00e0 papa de diff\u00e9rentes couleurs. Gr\u00e2ce \u00e0 sa capacit\u00e9 de chauffage rapide, vous pouvez commencer \u00e0 filer de la barbe \u00e0 papa en un rien de temps. En seulement 30 secondes, vous pouvez fabriquer de d\u00e9licieuses barbes \u00e0 papa. Le chariot pratique \u00e0 roulettes facilite \u00e9galement le d\u00e9placement de la machine.<\/p>\n<h3>Production rapide de barbe \u00e0 papa<\/h3>\n<p>Cette machine \u00e0 barbe \u00e0 papa est facile \u00e0 utiliser. Tout d&#8217;abord, mettez la machine en marche et laissez-la tourner pendant 1 \u00e0 2 minutes pour qu&#8217;elle tourne en douceur. Une fois que la machine tourne sans probl\u00e8me, activez l&#8217;interrupteur de chauffage. Apr\u00e8s environ 4 \u00e0 5 minutes, la machine \u00e0 barbe \u00e0 papa sera chauff\u00e9e. Remplissez le centre de la t\u00eate avec une cuill\u00e8re de sucre cristallis\u00e9. Attendez environ 30 secondes et les fils de sucre fil\u00e9 commenceront \u00e0 se former. \u00c0 l&#8217;aide d&#8217;un b\u00e2ton \u00e0 barbe \u00e0 papa, faites tourner la barbe \u00e0 papa dans un mouvement circulaire en direction de la casserole. Continuez \u00e0 tourner jusqu&#8217;\u00e0 ce que la barbe \u00e0 papa atteigne la taille souhait\u00e9e. N&#8217;oubliez pas que l&#8217;appareil doit reposer pendant 20 minutes s&#8217;il a \u00e9t\u00e9 utilis\u00e9 en continu pendant une heure.<\/p>\n<h3>Un nettoyage en profondeur<\/h3>\n<p>Avec tout ce sucre, il est important de nettoyer correctement la machine. Apr\u00e8s avoir utilis\u00e9 l&#8217;appareil, versez de l&#8217;eau dans la t\u00eate de chauffe et r\u00e9p\u00e9tez l&#8217;op\u00e9ration 4 \u00e0 5 fois pour bien nettoyer l&#8217;int\u00e9rieur. Une fois l&#8217;int\u00e9rieur propre, \u00e9teignez la machine et laissez-la refroidir compl\u00e8tement avant de nettoyer l&#8217;ext\u00e9rieur de la machine. \u00c0 l&#8217;aide d&#8217;un chiffon humide et d&#8217;une solution d&#8217;eau et de d\u00e9tergent doux, nettoyez soigneusement la surface de la zone chauffante.<\/p>\n<p><strong>Caract\u00e9ristiques <\/strong><\/p>\n<ul>\n<li>Pr\u00eat \u00e0 l&#8217;emploi en 5 minutes<\/li>\n<li>Le fil de sucre fil\u00e9 se forme en 30 secondes<\/li>\n<li>Facile \u00e0 nettoyer<\/li>\n<li>Comprend une cuill\u00e8re \u00e0 sucre<\/li>\n<li>Tiroir pratique pour ranger les produits ou l&#8217;argent<\/li>\n<li>Chariot pratique facilitant les d\u00e9placements<\/li>\n<\/ul>\n<p><strong>Caract\u00e9ristiques du produit<\/strong><\/p>\n<ul>\n<li>Poids net : 19kg<\/li>\n<li>Dimensions de la machine : L96 x P52 x H88cm<\/li>\n<li>Dimensions du bol : \u00d8 52 x H15cm<\/li>\n<li>230V \/ 50Hz \/ 1Phase 1080W<\/li>\n<\/ul>\n<p><em>Inclus<\/em><\/p>\n<ul>\n<li><em>Cuill\u00e8re \u00e0 sucre<\/em><\/li>\n<li><em>Courroie d&#8217;entra\u00eenement de rechange<\/em><\/li>\n<li><em>Kit d&#8217;assemblage<\/em><\/li>\n<\/ul>","protected":false},"excerpt":{"rendered":"<p>La barbe \u00e0 papa est un en-cas incontournable lors d&#8217;une f\u00eate, d&#8217;une foire ou d&#8217;un carnaval. Avec cette machine \u00e0 barbe \u00e0 papa rose qui comprend un chariot, vous pouvez facilement cr\u00e9er de d\u00e9licieuses barbes \u00e0 papa en seulement 30 secondes.<\/p>","protected":false},"featured_media":8697,"template":"","meta":{"_acf_changed":false},"product_brand":[],"product_cat":[41],"product_tag":[],"class_list":{"0":"post-14982","1":"product","2":"type-product","3":"status-publish","4":"has-post-thumbnail","6":"product_cat-preparation","8":"first","9":"instock","10":"sale","11":"taxable","12":"shipping-taxable","13":"purchasable","14":"product-type-simple"},"acf":[],"yoast_head":"<!-- This site is optimized with the Yoast SEO plugin v27.6 - https:\/\/yoast.com\/product\/yoast-seo-wordpress\/ -->\n<title>Machine \u00e0 barbe \u00e0 papa - \u00d8 52cm - Rose - avec chariot - Gastora<\/title>\n<meta name=\"description\" content=\"Achetez Machine \u00e0 barbe \u00e0 papa - \u00d8 52cm - Rose - avec chariot au meilleur prix, fiable et performant avec une livraison rapide\" \/>\n<meta name=\"robots\" content=\"index, follow, max-snippet:-1, max-image-preview:large, max-video-preview:-1\" \/>\n<link rel=\"canonical\" href=\"https:\/\/gastora.eu\/en\/product\/machine-barbe-papa-52cm-rose-avec-chariot\/\" \/>\n<meta property=\"og:locale\" content=\"en_US\" \/>\n<meta property=\"og:type\" content=\"article\" \/>\n<meta property=\"og:title\" content=\"Machine \u00e0 barbe \u00e0 papa - \u00d8 52cm - Rose - avec chariot - Gastora\" \/>\n<meta property=\"og:description\" content=\"Achetez Machine \u00e0 barbe \u00e0 papa - \u00d8 52cm - Rose - avec chariot au meilleur prix, fiable et performant avec une livraison rapide\" \/>\n<meta property=\"og:url\" content=\"https:\/\/gastora.eu\/en\/product\/machine-barbe-papa-52cm-rose-avec-chariot\/\" \/>\n<meta property=\"og:site_name\" content=\"Gastora\" \/>\n<meta property=\"article:modified_time\" content=\"2026-04-28T16:57:34+00:00\" \/>\n<meta name=\"twitter:card\" content=\"summary_large_image\" \/>\n<meta name=\"twitter:label1\" content=\"Est. reading time\" \/>\n\t<meta name=\"twitter:data1\" content=\"2 minutes\" \/>\n<script type=\"application\/ld+json\" class=\"yoast-schema-graph\">{\"@context\":\"https:\\\/\\\/schema.org\",\"@graph\":[{\"@type\":\"WebPage\",\"@id\":\"https:\\\/\\\/gastora.eu\\\/product\\\/machine-barbe-papa-52cm-rose-avec-chariot\\\/\",\"url\":\"https:\\\/\\\/gastora.eu\\\/product\\\/machine-barbe-papa-52cm-rose-avec-chariot\\\/\",\"name\":\"Machine \u00e0 barbe \u00e0 papa - \u00d8 52cm - Rose - avec chariot - Gastora\",\"isPartOf\":{\"@id\":\"https:\\\/\\\/gastora.eu\\\/#website\"},\"primaryImageOfPage\":{\"@id\":\"https:\\\/\\\/gastora.eu\\\/product\\\/machine-barbe-papa-52cm-rose-avec-chariot\\\/#primaryimage\"},\"image\":{\"@id\":\"https:\\\/\\\/gastora.eu\\\/product\\\/machine-barbe-papa-52cm-rose-avec-chariot\\\/#primaryimage\"},\"thumbnailUrl\":\"https:\\\/\\\/gastora.eu\\\/wp-content\\\/uploads\\\/2026\\\/04\\\/sp-1000-09506002_1.jpg\",\"datePublished\":\"2026-04-26T08:48:42+00:00\",\"dateModified\":\"2026-04-28T16:57:34+00:00\",\"description\":\"Achetez Machine \u00e0 barbe \u00e0 papa - \u00d8 52cm - Rose - avec chariot au meilleur prix, fiable et performant avec une livraison rapide\",\"breadcrumb\":{\"@id\":\"https:\\\/\\\/gastora.eu\\\/product\\\/machine-barbe-papa-52cm-rose-avec-chariot\\\/#breadcrumb\"},\"inLanguage\":\"en-US\",\"potentialAction\":[{\"@type\":\"ReadAction\",\"target\":[\"https:\\\/\\\/gastora.eu\\\/product\\\/machine-barbe-papa-52cm-rose-avec-chariot\\\/\"]}]},{\"@type\":\"ImageObject\",\"inLanguage\":\"en-US\",\"@id\":\"https:\\\/\\\/gastora.eu\\\/product\\\/machine-barbe-papa-52cm-rose-avec-chariot\\\/#primaryimage\",\"url\":\"https:\\\/\\\/gastora.eu\\\/wp-content\\\/uploads\\\/2026\\\/04\\\/sp-1000-09506002_1.jpg\",\"contentUrl\":\"https:\\\/\\\/gastora.eu\\\/wp-content\\\/uploads\\\/2026\\\/04\\\/sp-1000-09506002_1.jpg\",\"width\":1195,\"height\":1200},{\"@type\":\"BreadcrumbList\",\"@id\":\"https:\\\/\\\/gastora.eu\\\/product\\\/machine-barbe-papa-52cm-rose-avec-chariot\\\/#breadcrumb\",\"itemListElement\":[{\"@type\":\"ListItem\",\"position\":1,\"name\":\"Home\",\"item\":\"https:\\\/\\\/gastora.eu\\\/\"},{\"@type\":\"ListItem\",\"position\":2,\"name\":\"Shop\",\"item\":\"https:\\\/\\\/gastora.eu\\\/shop\\\/\"},{\"@type\":\"ListItem\",\"position\":3,\"name\":\"Machine \u00e0 barbe \u00e0 papa &#8211; \u00d8 52cm &#8211; Rose &#8211; avec chariot\"}]},{\"@type\":\"WebSite\",\"@id\":\"https:\\\/\\\/gastora.eu\\\/#website\",\"url\":\"https:\\\/\\\/gastora.eu\\\/\",\"name\":\"Gastora\",\"description\":\"\u00c9quipements professionnels CHR\",\"publisher\":{\"@id\":\"https:\\\/\\\/gastora.eu\\\/#organization\"},\"potentialAction\":[{\"@type\":\"SearchAction\",\"target\":{\"@type\":\"EntryPoint\",\"urlTemplate\":\"https:\\\/\\\/gastora.eu\\\/?s={search_term_string}\"},\"query-input\":{\"@type\":\"PropertyValueSpecification\",\"valueRequired\":true,\"valueName\":\"search_term_string\"}}],\"inLanguage\":\"en-US\"},{\"@type\":\"Organization\",\"@id\":\"https:\\\/\\\/gastora.eu\\\/#organization\",\"name\":\"Gastora\",\"url\":\"https:\\\/\\\/gastora.eu\\\/\",\"logo\":{\"@type\":\"ImageObject\",\"inLanguage\":\"en-US\",\"@id\":\"https:\\\/\\\/gastora.eu\\\/#\\\/schema\\\/logo\\\/image\\\/\",\"url\":\"https:\\\/\\\/gastora.eu\\\/wp-content\\\/uploads\\\/2025\\\/12\\\/ChatGPT-Image-2-janv.-2026-22_52_47-1.png\",\"contentUrl\":\"https:\\\/\\\/gastora.eu\\\/wp-content\\\/uploads\\\/2025\\\/12\\\/ChatGPT-Image-2-janv.-2026-22_52_47-1.png\",\"width\":1536,\"height\":320,\"caption\":\"Gastora\"},\"image\":{\"@id\":\"https:\\\/\\\/gastora.eu\\\/#\\\/schema\\\/logo\\\/image\\\/\"}}]}<\/script>\n<!-- \/ Yoast SEO plugin. -->","yoast_head_json":{"title":"Machine \u00e0 barbe \u00e0 papa - \u00d8 52cm - Rose - avec chariot - Gastora","description":"Achetez Machine \u00e0 barbe \u00e0 papa - \u00d8 52cm - Rose - avec chariot au meilleur prix, fiable et performant avec une livraison rapide","robots":{"index":"index","follow":"follow","max-snippet":"max-snippet:-1","max-image-preview":"max-image-preview:large","max-video-preview":"max-video-preview:-1"},"canonical":"https:\/\/gastora.eu\/en\/product\/machine-barbe-papa-52cm-rose-avec-chariot\/","og_locale":"en_US","og_type":"article","og_title":"Machine \u00e0 barbe \u00e0 papa - \u00d8 52cm - Rose - avec chariot - Gastora","og_description":"Achetez Machine \u00e0 barbe \u00e0 papa - \u00d8 52cm - Rose - avec chariot au meilleur prix, fiable et performant avec une livraison rapide","og_url":"https:\/\/gastora.eu\/en\/product\/machine-barbe-papa-52cm-rose-avec-chariot\/","og_site_name":"Gastora","article_modified_time":"2026-04-28T16:57:34+00:00","twitter_card":"summary_large_image","twitter_misc":{"Est. reading time":"2 minutes"},"schema":{"@context":"https:\/\/schema.org","@graph":[{"@type":"WebPage","@id":"https:\/\/gastora.eu\/product\/machine-barbe-papa-52cm-rose-avec-chariot\/","url":"https:\/\/gastora.eu\/product\/machine-barbe-papa-52cm-rose-avec-chariot\/","name":"Machine \u00e0 barbe \u00e0 papa - \u00d8 52cm - Rose - avec chariot - Gastora","isPartOf":{"@id":"https:\/\/gastora.eu\/#website"},"primaryImageOfPage":{"@id":"https:\/\/gastora.eu\/product\/machine-barbe-papa-52cm-rose-avec-chariot\/#primaryimage"},"image":{"@id":"https:\/\/gastora.eu\/product\/machine-barbe-papa-52cm-rose-avec-chariot\/#primaryimage"},"thumbnailUrl":"https:\/\/gastora.eu\/wp-content\/uploads\/2026\/04\/sp-1000-09506002_1.jpg","datePublished":"2026-04-26T08:48:42+00:00","dateModified":"2026-04-28T16:57:34+00:00","description":"Achetez Machine \u00e0 barbe \u00e0 papa - \u00d8 52cm - Rose - avec chariot au meilleur prix, fiable et performant avec une livraison rapide","breadcrumb":{"@id":"https:\/\/gastora.eu\/product\/machine-barbe-papa-52cm-rose-avec-chariot\/#breadcrumb"},"inLanguage":"en-US","potentialAction":[{"@type":"ReadAction","target":["https:\/\/gastora.eu\/product\/machine-barbe-papa-52cm-rose-avec-chariot\/"]}]},{"@type":"ImageObject","inLanguage":"en-US","@id":"https:\/\/gastora.eu\/product\/machine-barbe-papa-52cm-rose-avec-chariot\/#primaryimage","url":"https:\/\/gastora.eu\/wp-content\/uploads\/2026\/04\/sp-1000-09506002_1.jpg","contentUrl":"https:\/\/gastora.eu\/wp-content\/uploads\/2026\/04\/sp-1000-09506002_1.jpg","width":1195,"height":1200},{"@type":"BreadcrumbList","@id":"https:\/\/gastora.eu\/product\/machine-barbe-papa-52cm-rose-avec-chariot\/#breadcrumb","itemListElement":[{"@type":"ListItem","position":1,"name":"Home","item":"https:\/\/gastora.eu\/"},{"@type":"ListItem","position":2,"name":"Shop","item":"https:\/\/gastora.eu\/shop\/"},{"@type":"ListItem","position":3,"name":"Machine \u00e0 barbe \u00e0 papa &#8211; \u00d8 52cm &#8211; Rose &#8211; avec chariot"}]},{"@type":"WebSite","@id":"https:\/\/gastora.eu\/#website","url":"https:\/\/gastora.eu\/","name":"Gastora","description":"\u00c9quipements professionnels CHR","publisher":{"@id":"https:\/\/gastora.eu\/#organization"},"potentialAction":[{"@type":"SearchAction","target":{"@type":"EntryPoint","urlTemplate":"https:\/\/gastora.eu\/?s={search_term_string}"},"query-input":{"@type":"PropertyValueSpecification","valueRequired":true,"valueName":"search_term_string"}}],"inLanguage":"en-US"},{"@type":"Organization","@id":"https:\/\/gastora.eu\/#organization","name":"Gastora","url":"https:\/\/gastora.eu\/","logo":{"@type":"ImageObject","inLanguage":"en-US","@id":"https:\/\/gastora.eu\/#\/schema\/logo\/image\/","url":"https:\/\/gastora.eu\/wp-content\/uploads\/2025\/12\/ChatGPT-Image-2-janv.-2026-22_52_47-1.png","contentUrl":"https:\/\/gastora.eu\/wp-content\/uploads\/2025\/12\/ChatGPT-Image-2-janv.-2026-22_52_47-1.png","width":1536,"height":320,"caption":"Gastora"},"image":{"@id":"https:\/\/gastora.eu\/#\/schema\/logo\/image\/"}}]}},"jetpack_sharing_enabled":true,"_links":{"self":[{"href":"https:\/\/gastora.eu\/en\/wp-json\/wp\/v2\/product\/14982","targetHints":{"allow":["GET"]}}],"collection":[{"href":"https:\/\/gastora.eu\/en\/wp-json\/wp\/v2\/product"}],"about":[{"href":"https:\/\/gastora.eu\/en\/wp-json\/wp\/v2\/types\/product"}],"wp:featuredmedia":[{"embeddable":true,"href":"https:\/\/gastora.eu\/en\/wp-json\/wp\/v2\/media\/8697"}],"wp:attachment":[{"href":"https:\/\/gastora.eu\/en\/wp-json\/wp\/v2\/media?parent=14982"}],"wp:term":[{"taxonomy":"product_brand","embeddable":true,"href":"https:\/\/gastora.eu\/en\/wp-json\/wp\/v2\/product_brand?post=14982"},{"taxonomy":"product_cat","embeddable":true,"href":"https:\/\/gastora.eu\/en\/wp-json\/wp\/v2\/product_cat?post=14982"},{"taxonomy":"product_tag","embeddable":true,"href":"https:\/\/gastora.eu\/en\/wp-json\/wp\/v2\/product_tag?post=14982"}],"curies":[{"name":"wp","href":"https:\/\/api.w.org\/{rel}","templated":true}]}}