{"id":14978,"date":"2026-04-26T08:48:36","date_gmt":"2026-04-26T08:48:36","guid":{"rendered":"https:\/\/gastora.eu\/?post_type=product&#038;p=14978"},"modified":"2026-04-28T16:57:33","modified_gmt":"2026-04-28T16:57:33","slug":"four-combin-sadapte-4-plateaux-11-gn-60-x-40-cm-affichage-numrique-400v-2","status":"publish","type":"product","link":"https:\/\/gastora.eu\/en\/product\/four-combin-sadapte-4-plateaux-11-gn-60-x-40-cm-affichage-numrique-400v-2\/","title":{"rendered":"Four combin\u00e9 &#8211; s&#8217;adapte \u00e0 4 plateaux (1\/1 GN \/ 60 x 40 cm) &#8211; affichage num\u00e9rique &#8211; 400V"},"content":{"rendered":"<p>Ce four mixte digital vous permet de cuire \u00e0 la vapeur de la viande, du poisson ou des l\u00e9gumes et de conserver les vitamines, la saveur et la couleur plus longtemps qu&#8217;avec d&#8217;autres m\u00e9thodes de cuisson. La cuisson \u00e0 la vapeur emp\u00eache \u00e9galement les aliments de se dess\u00e9cher et leur donne une belle apparence dans les assiettes de vos convives. La combinaison de l&#8217;air chaud et de la vapeur fait de ce four \u00e0 vapeur mixte un appareil de cuisine polyvalent qui vous permet de remplacer de nombreux ustensiles de cuisine. Ce four mixte est id\u00e9al pour les plaques GN 1\/1 ou les plaques de cuisson de 60 x 40 cm. Il peut accueillir jusqu&#8217;\u00e0 quatre plateaux \u00e0 la fois.<\/p>\n<div class=\"product-section-content\">\n<div class=\"product-description\">\n<h3>Panneau de commande convivial<\/h3>\n<p>Ce four vapeur mixte est \u00e9quip\u00e9 de puissants \u00e9l\u00e9ments chauffants en acier inoxydable qui assurent une distribution compl\u00e8te et efficace de la chaleur, de sorte que la viande et le poisson cuisent de mani\u00e8re homog\u00e8ne. En outre, le four mixte est \u00e9quip\u00e9 de deux ventilateurs \u00e0 fonction invers\u00e9e et d&#8217;un double vitrage athermique. La porte est tr\u00e8s facile \u00e0 r\u00e9gler et le joint de porte est en silicone alimentaire. Un \u00e9clairage int\u00e9rieur permet de voir facilement o\u00f9 en est la cuisson. Cet appareil est \u00e9quip\u00e9 d&#8217;une arriv\u00e9e d&#8217;eau avec une vanne pour la production de vapeur, ainsi que d&#8217;une sortie d&#8217;eau. Il s&#8217;agit d&#8217;un appareil enti\u00e8rement personnalisable, dot\u00e9 d&#8217;un simple \u00e9cran num\u00e9rique et de touches tactiles. Plusieurs programmes pr\u00e9r\u00e9gl\u00e9s sont disponibles avec trois phases r\u00e9glables, y compris le niveau de vapeur, la temp\u00e9rature et le temps. Vous pouvez ajuster les programmes pr\u00e9r\u00e9gl\u00e9s en utilisant le bouton de phase. Il est \u00e9galement possible d&#8217;ajuster un programme pr\u00e9r\u00e9gl\u00e9 et de l&#8217;enregistrer dans la m\u00e9moire du four mixte.<\/p>\n<h3>Un nettoyage sans effort<\/h3>\n<p>Avant de nettoyer un four \u00e0 vapeur mixte, il est important de s&#8217;assurer qu&#8217;il a compl\u00e8tement refroidi. Le bo\u00eetier, la porte et la chambre int\u00e9rieure sont en acier inoxydable et ont des angles arrondis. Le nettoyage est donc tr\u00e8s facile. Un chiffon doux, de l&#8217;eau chaude et un d\u00e9tergent doux permettent d&#8217;essuyer rapidement et soigneusement les surfaces lisses. Pour nettoyer la vitre de la porte, il suffit d&#8217;utiliser de l&#8217;eau chaude.<\/p>\n<p><strong>Caract\u00e9ristiques<\/strong><\/p>\n<ul>\n<li>Large plage de temp\u00e9rature, de 30 \u00e0 270 \u00b0C<\/li>\n<li>R\u00e9gulation de la vapeur r\u00e9glable de 0 \u00e0 100 % de vapeur<\/li>\n<li>99 programmes pr\u00e9r\u00e9gl\u00e9s en trois phases<\/li>\n<li>Commandes tactiles et \u00e9cran LCD pour l&#8217;humidit\u00e9, la temp\u00e9rature et la minuterie<\/li>\n<\/ul>\n<p><strong>Caract\u00e9ristiques du produit<\/strong><\/p>\n<ul>\n<li>Poids net : 58 kg<\/li>\n<li>Capacit\u00e9 : 4 plateaux GN 1\/1 ou 4 plateaux 60 x 40 cm<\/li>\n<li>Distance entre les plateaux : 7 cm<\/li>\n<li>Dimensions : L87 x P76 x H57 L87 x P76 x H57cm<\/li>\n<li>400V \/ 50Hz \/ 3 Phase 6500W<\/li>\n<\/ul>\n<p><em>Inclus :<\/em><\/p>\n<ul>\n<li>Une grille de four<\/li>\n<\/ul>\n<\/div>\n<\/div>","protected":false},"excerpt":{"rendered":"<p>Ce four \u00e0 vapeur combin\u00e9 est parfait pour pr\u00e9parer beaucoup d&#8217;aliments en une seule fois. Il a une capacit\u00e9 de quatre plateaux de 1\/1GN ou de 60 plateaux de 40 cm de diam\u00e8tre. Il est dot\u00e9 de commandes num\u00e9riques pour la temp\u00e9rature, la minuterie et la vapeur, ce qui le rend facile \u00e0 utiliser. Le bo\u00eetier en acier inoxydable le rend facile \u00e0 nettoyer.<\/p>","protected":false},"featured_media":8689,"template":"","meta":{"_acf_changed":false},"product_brand":[],"product_cat":[484],"product_tag":[],"class_list":{"0":"post-14978","1":"product","2":"type-product","3":"status-publish","4":"has-post-thumbnail","6":"product_cat-fours-convection-mixtes-pizza-2","8":"first","9":"instock","10":"sale","11":"taxable","12":"shipping-taxable","13":"purchasable","14":"product-type-simple"},"acf":[],"yoast_head":"<!-- This site is optimized with the Yoast SEO plugin v27.5 - https:\/\/yoast.com\/product\/yoast-seo-wordpress\/ -->\n<title>Four combin\u00e9 - s&#039;adapte \u00e0 4 plateaux (1\/1 GN \/ 60 x 40 cm) - affichage num\u00e9rique - 400V - Gastora<\/title>\n<meta name=\"description\" content=\"Achetez Four combin\u00e9 - s&#039;adapte \u00e0 4 plateaux (1\/1 GN \/ 60 x 40 cm) - affichage num\u00e9rique - 400V au meilleur prix, fiable et performant avec une livraison rapide\" \/>\n<meta name=\"robots\" content=\"index, follow, max-snippet:-1, max-image-preview:large, max-video-preview:-1\" \/>\n<link rel=\"canonical\" href=\"https:\/\/gastora.eu\/en\/product\/four-combin-sadapte-4-plateaux-11-gn-60-x-40-cm-affichage-numrique-400v-2\/\" \/>\n<meta property=\"og:locale\" content=\"en_US\" \/>\n<meta property=\"og:type\" content=\"article\" \/>\n<meta property=\"og:title\" content=\"Four combin\u00e9 - s&#039;adapte \u00e0 4 plateaux (1\/1 GN \/ 60 x 40 cm) - affichage num\u00e9rique - 400V - Gastora\" \/>\n<meta property=\"og:description\" content=\"Achetez Four combin\u00e9 - s&#039;adapte \u00e0 4 plateaux (1\/1 GN \/ 60 x 40 cm) - affichage num\u00e9rique - 400V au meilleur prix, fiable et performant avec une livraison rapide\" \/>\n<meta property=\"og:url\" content=\"https:\/\/gastora.eu\/en\/product\/four-combin-sadapte-4-plateaux-11-gn-60-x-40-cm-affichage-numrique-400v-2\/\" \/>\n<meta property=\"og:site_name\" content=\"Gastora\" \/>\n<meta property=\"article:modified_time\" content=\"2026-04-28T16:57:33+00:00\" \/>\n<meta name=\"twitter:card\" content=\"summary_large_image\" \/>\n<meta name=\"twitter:label1\" content=\"Est. reading time\" \/>\n\t<meta name=\"twitter:data1\" content=\"2 minutes\" \/>\n<script type=\"application\/ld+json\" class=\"yoast-schema-graph\">{\"@context\":\"https:\\\/\\\/schema.org\",\"@graph\":[{\"@type\":\"WebPage\",\"@id\":\"https:\\\/\\\/gastora.eu\\\/product\\\/four-combin-sadapte-4-plateaux-11-gn-60-x-40-cm-affichage-numrique-400v-2\\\/\",\"url\":\"https:\\\/\\\/gastora.eu\\\/product\\\/four-combin-sadapte-4-plateaux-11-gn-60-x-40-cm-affichage-numrique-400v-2\\\/\",\"name\":\"Four combin\u00e9 - s'adapte \u00e0 4 plateaux (1\\\/1 GN \\\/ 60 x 40 cm) - affichage num\u00e9rique - 400V - Gastora\",\"isPartOf\":{\"@id\":\"https:\\\/\\\/gastora.eu\\\/#website\"},\"primaryImageOfPage\":{\"@id\":\"https:\\\/\\\/gastora.eu\\\/product\\\/four-combin-sadapte-4-plateaux-11-gn-60-x-40-cm-affichage-numrique-400v-2\\\/#primaryimage\"},\"image\":{\"@id\":\"https:\\\/\\\/gastora.eu\\\/product\\\/four-combin-sadapte-4-plateaux-11-gn-60-x-40-cm-affichage-numrique-400v-2\\\/#primaryimage\"},\"thumbnailUrl\":\"https:\\\/\\\/gastora.eu\\\/wp-content\\\/uploads\\\/2026\\\/04\\\/sp-001-08500208.jpg\",\"datePublished\":\"2026-04-26T08:48:36+00:00\",\"dateModified\":\"2026-04-28T16:57:33+00:00\",\"description\":\"Achetez Four combin\u00e9 - s'adapte \u00e0 4 plateaux (1\\\/1 GN \\\/ 60 x 40 cm) - affichage num\u00e9rique - 400V au meilleur prix, fiable et performant avec une livraison rapide\",\"breadcrumb\":{\"@id\":\"https:\\\/\\\/gastora.eu\\\/product\\\/four-combin-sadapte-4-plateaux-11-gn-60-x-40-cm-affichage-numrique-400v-2\\\/#breadcrumb\"},\"inLanguage\":\"en-US\",\"potentialAction\":[{\"@type\":\"ReadAction\",\"target\":[\"https:\\\/\\\/gastora.eu\\\/product\\\/four-combin-sadapte-4-plateaux-11-gn-60-x-40-cm-affichage-numrique-400v-2\\\/\"]}]},{\"@type\":\"ImageObject\",\"inLanguage\":\"en-US\",\"@id\":\"https:\\\/\\\/gastora.eu\\\/product\\\/four-combin-sadapte-4-plateaux-11-gn-60-x-40-cm-affichage-numrique-400v-2\\\/#primaryimage\",\"url\":\"https:\\\/\\\/gastora.eu\\\/wp-content\\\/uploads\\\/2026\\\/04\\\/sp-001-08500208.jpg\",\"contentUrl\":\"https:\\\/\\\/gastora.eu\\\/wp-content\\\/uploads\\\/2026\\\/04\\\/sp-001-08500208.jpg\",\"width\":1200,\"height\":1200},{\"@type\":\"BreadcrumbList\",\"@id\":\"https:\\\/\\\/gastora.eu\\\/product\\\/four-combin-sadapte-4-plateaux-11-gn-60-x-40-cm-affichage-numrique-400v-2\\\/#breadcrumb\",\"itemListElement\":[{\"@type\":\"ListItem\",\"position\":1,\"name\":\"Home\",\"item\":\"https:\\\/\\\/gastora.eu\\\/\"},{\"@type\":\"ListItem\",\"position\":2,\"name\":\"Shop\",\"item\":\"https:\\\/\\\/gastora.eu\\\/shop\\\/\"},{\"@type\":\"ListItem\",\"position\":3,\"name\":\"Four combin\u00e9 &#8211; s&#8217;adapte \u00e0 4 plateaux (1\\\/1 GN \\\/ 60 x 40 cm) &#8211; affichage num\u00e9rique &#8211; 400V\"}]},{\"@type\":\"WebSite\",\"@id\":\"https:\\\/\\\/gastora.eu\\\/#website\",\"url\":\"https:\\\/\\\/gastora.eu\\\/\",\"name\":\"Gastora\",\"description\":\"\u00c9quipements professionnels CHR\",\"publisher\":{\"@id\":\"https:\\\/\\\/gastora.eu\\\/#organization\"},\"potentialAction\":[{\"@type\":\"SearchAction\",\"target\":{\"@type\":\"EntryPoint\",\"urlTemplate\":\"https:\\\/\\\/gastora.eu\\\/?s={search_term_string}\"},\"query-input\":{\"@type\":\"PropertyValueSpecification\",\"valueRequired\":true,\"valueName\":\"search_term_string\"}}],\"inLanguage\":\"en-US\"},{\"@type\":\"Organization\",\"@id\":\"https:\\\/\\\/gastora.eu\\\/#organization\",\"name\":\"Gastora\",\"url\":\"https:\\\/\\\/gastora.eu\\\/\",\"logo\":{\"@type\":\"ImageObject\",\"inLanguage\":\"en-US\",\"@id\":\"https:\\\/\\\/gastora.eu\\\/#\\\/schema\\\/logo\\\/image\\\/\",\"url\":\"https:\\\/\\\/gastora.eu\\\/wp-content\\\/uploads\\\/2025\\\/12\\\/ChatGPT-Image-2-janv.-2026-22_52_47-1.png\",\"contentUrl\":\"https:\\\/\\\/gastora.eu\\\/wp-content\\\/uploads\\\/2025\\\/12\\\/ChatGPT-Image-2-janv.-2026-22_52_47-1.png\",\"width\":1536,\"height\":320,\"caption\":\"Gastora\"},\"image\":{\"@id\":\"https:\\\/\\\/gastora.eu\\\/#\\\/schema\\\/logo\\\/image\\\/\"}}]}<\/script>\n<!-- \/ Yoast SEO plugin. -->","yoast_head_json":{"title":"Four combin\u00e9 - s'adapte \u00e0 4 plateaux (1\/1 GN \/ 60 x 40 cm) - affichage num\u00e9rique - 400V - Gastora","description":"Achetez Four combin\u00e9 - s'adapte \u00e0 4 plateaux (1\/1 GN \/ 60 x 40 cm) - affichage num\u00e9rique - 400V au meilleur prix, fiable et performant avec une livraison rapide","robots":{"index":"index","follow":"follow","max-snippet":"max-snippet:-1","max-image-preview":"max-image-preview:large","max-video-preview":"max-video-preview:-1"},"canonical":"https:\/\/gastora.eu\/en\/product\/four-combin-sadapte-4-plateaux-11-gn-60-x-40-cm-affichage-numrique-400v-2\/","og_locale":"en_US","og_type":"article","og_title":"Four combin\u00e9 - s'adapte \u00e0 4 plateaux (1\/1 GN \/ 60 x 40 cm) - affichage num\u00e9rique - 400V - Gastora","og_description":"Achetez Four combin\u00e9 - s'adapte \u00e0 4 plateaux (1\/1 GN \/ 60 x 40 cm) - affichage num\u00e9rique - 400V au meilleur prix, fiable et performant avec une livraison rapide","og_url":"https:\/\/gastora.eu\/en\/product\/four-combin-sadapte-4-plateaux-11-gn-60-x-40-cm-affichage-numrique-400v-2\/","og_site_name":"Gastora","article_modified_time":"2026-04-28T16:57:33+00:00","twitter_card":"summary_large_image","twitter_misc":{"Est. reading time":"2 minutes"},"schema":{"@context":"https:\/\/schema.org","@graph":[{"@type":"WebPage","@id":"https:\/\/gastora.eu\/product\/four-combin-sadapte-4-plateaux-11-gn-60-x-40-cm-affichage-numrique-400v-2\/","url":"https:\/\/gastora.eu\/product\/four-combin-sadapte-4-plateaux-11-gn-60-x-40-cm-affichage-numrique-400v-2\/","name":"Four combin\u00e9 - s'adapte \u00e0 4 plateaux (1\/1 GN \/ 60 x 40 cm) - affichage num\u00e9rique - 400V - Gastora","isPartOf":{"@id":"https:\/\/gastora.eu\/#website"},"primaryImageOfPage":{"@id":"https:\/\/gastora.eu\/product\/four-combin-sadapte-4-plateaux-11-gn-60-x-40-cm-affichage-numrique-400v-2\/#primaryimage"},"image":{"@id":"https:\/\/gastora.eu\/product\/four-combin-sadapte-4-plateaux-11-gn-60-x-40-cm-affichage-numrique-400v-2\/#primaryimage"},"thumbnailUrl":"https:\/\/gastora.eu\/wp-content\/uploads\/2026\/04\/sp-001-08500208.jpg","datePublished":"2026-04-26T08:48:36+00:00","dateModified":"2026-04-28T16:57:33+00:00","description":"Achetez Four combin\u00e9 - s'adapte \u00e0 4 plateaux (1\/1 GN \/ 60 x 40 cm) - affichage num\u00e9rique - 400V au meilleur prix, fiable et performant avec une livraison rapide","breadcrumb":{"@id":"https:\/\/gastora.eu\/product\/four-combin-sadapte-4-plateaux-11-gn-60-x-40-cm-affichage-numrique-400v-2\/#breadcrumb"},"inLanguage":"en-US","potentialAction":[{"@type":"ReadAction","target":["https:\/\/gastora.eu\/product\/four-combin-sadapte-4-plateaux-11-gn-60-x-40-cm-affichage-numrique-400v-2\/"]}]},{"@type":"ImageObject","inLanguage":"en-US","@id":"https:\/\/gastora.eu\/product\/four-combin-sadapte-4-plateaux-11-gn-60-x-40-cm-affichage-numrique-400v-2\/#primaryimage","url":"https:\/\/gastora.eu\/wp-content\/uploads\/2026\/04\/sp-001-08500208.jpg","contentUrl":"https:\/\/gastora.eu\/wp-content\/uploads\/2026\/04\/sp-001-08500208.jpg","width":1200,"height":1200},{"@type":"BreadcrumbList","@id":"https:\/\/gastora.eu\/product\/four-combin-sadapte-4-plateaux-11-gn-60-x-40-cm-affichage-numrique-400v-2\/#breadcrumb","itemListElement":[{"@type":"ListItem","position":1,"name":"Home","item":"https:\/\/gastora.eu\/"},{"@type":"ListItem","position":2,"name":"Shop","item":"https:\/\/gastora.eu\/shop\/"},{"@type":"ListItem","position":3,"name":"Four combin\u00e9 &#8211; s&#8217;adapte \u00e0 4 plateaux (1\/1 GN \/ 60 x 40 cm) &#8211; affichage num\u00e9rique &#8211; 400V"}]},{"@type":"WebSite","@id":"https:\/\/gastora.eu\/#website","url":"https:\/\/gastora.eu\/","name":"Gastora","description":"\u00c9quipements professionnels CHR","publisher":{"@id":"https:\/\/gastora.eu\/#organization"},"potentialAction":[{"@type":"SearchAction","target":{"@type":"EntryPoint","urlTemplate":"https:\/\/gastora.eu\/?s={search_term_string}"},"query-input":{"@type":"PropertyValueSpecification","valueRequired":true,"valueName":"search_term_string"}}],"inLanguage":"en-US"},{"@type":"Organization","@id":"https:\/\/gastora.eu\/#organization","name":"Gastora","url":"https:\/\/gastora.eu\/","logo":{"@type":"ImageObject","inLanguage":"en-US","@id":"https:\/\/gastora.eu\/#\/schema\/logo\/image\/","url":"https:\/\/gastora.eu\/wp-content\/uploads\/2025\/12\/ChatGPT-Image-2-janv.-2026-22_52_47-1.png","contentUrl":"https:\/\/gastora.eu\/wp-content\/uploads\/2025\/12\/ChatGPT-Image-2-janv.-2026-22_52_47-1.png","width":1536,"height":320,"caption":"Gastora"},"image":{"@id":"https:\/\/gastora.eu\/#\/schema\/logo\/image\/"}}]}},"jetpack_sharing_enabled":true,"_links":{"self":[{"href":"https:\/\/gastora.eu\/en\/wp-json\/wp\/v2\/product\/14978","targetHints":{"allow":["GET"]}}],"collection":[{"href":"https:\/\/gastora.eu\/en\/wp-json\/wp\/v2\/product"}],"about":[{"href":"https:\/\/gastora.eu\/en\/wp-json\/wp\/v2\/types\/product"}],"wp:featuredmedia":[{"embeddable":true,"href":"https:\/\/gastora.eu\/en\/wp-json\/wp\/v2\/media\/8689"}],"wp:attachment":[{"href":"https:\/\/gastora.eu\/en\/wp-json\/wp\/v2\/media?parent=14978"}],"wp:term":[{"taxonomy":"product_brand","embeddable":true,"href":"https:\/\/gastora.eu\/en\/wp-json\/wp\/v2\/product_brand?post=14978"},{"taxonomy":"product_cat","embeddable":true,"href":"https:\/\/gastora.eu\/en\/wp-json\/wp\/v2\/product_cat?post=14978"},{"taxonomy":"product_tag","embeddable":true,"href":"https:\/\/gastora.eu\/en\/wp-json\/wp\/v2\/product_tag?post=14978"}],"curies":[{"name":"wp","href":"https:\/\/api.w.org\/{rel}","templated":true}]}}