{"id":14972,"date":"2026-04-26T08:48:29","date_gmt":"2026-04-26T08:48:29","guid":{"rendered":"https:\/\/gastora.eu\/?post_type=product&#038;p=14972"},"modified":"2026-04-26T08:48:29","modified_gmt":"2026-04-26T08:48:29","slug":"distributeur-de-chocolat-chaud-10l-blanc","status":"publish","type":"product","link":"https:\/\/gastora.eu\/en\/product\/distributeur-de-chocolat-chaud-10l-blanc\/","title":{"rendered":"Distributeur de chocolat chaud &#8211; 10L &#8211; blanc"},"content":{"rendered":"<p>Avec ce distributeur de chocolat blanc, vous pouvez facilement distribuer 10 litres de chocolat chaud. Il est \u00e9galement dot\u00e9 d&#8217;un syst\u00e8me de chauffage au bain-marie, ce qui garantit que le lait chocolat\u00e9 est chauff\u00e9 progressivement et ne br\u00fble pas. Gr\u00e2ce \u00e0 son m\u00e9canisme d&#8217;agitation \u00e0 rotation continue, l&#8217;agglutination et l&#8217;obstruction du robinet d&#8217;\u00e9coulement sont \u00e9vit\u00e9es.<\/p>\n<h3>Des boissons chauff\u00e9es uniform\u00e9ment<\/h3>\n<p>Pour faire fonctionner ce distributeur de chocolat, remplissez d&#8217;abord le r\u00e9servoir d&#8217;eau jusqu&#8217;au rep\u00e8re Max. Remplissez ensuite le bol alimentaire de lait chocolat\u00e9 et fermez herm\u00e9tiquement le couvercle. Mettez l&#8217;appareil en marche \u00e0 l&#8217;aide du bouton On pour activer le m\u00e9canisme d&#8217;agitation. Vous pouvez ensuite r\u00e9gler la temp\u00e9rature \u00e0 votre convenance. Les aliments seront chauff\u00e9s en l&#8217;espace d&#8217;une demi-heure, en fonction de la temp\u00e9rature souhait\u00e9e, du produit et de la temp\u00e9rature ambiante. Une fois que le lait chocolat\u00e9 a atteint la temp\u00e9rature souhait\u00e9e, placez une tasse sous le robinet et tirez le levier vers le bas pour remplir la tasse. Le lait chocolat\u00e9 \u00e9ventuellement renvers\u00e9 est recueilli dans le bac de r\u00e9cup\u00e9ration situ\u00e9 sous le robinet. Cette machine polyvalente peut \u00e9galement \u00eatre utilis\u00e9e pour le lait, le th\u00e9, le gluhwein et d&#8217;autres boissons chauff\u00e9es.<strong> <\/strong><\/p>\n<h3>Nettoyage de la machine<\/h3>\n<p>Videz le lait chocolat\u00e9 restant et rincez le bol et le syst\u00e8me d&#8217;agitation de la machine. Remplissez le bol d&#8217;eau et videz l&#8217;eau du bol \u00e0 l&#8217;aide du robinet pour \u00e9viter que des r\u00e9sidus alimentaires ne restent dans le canal. Retirez le robinet \u00e0 l&#8217;aide de l&#8217;outil fourni avec l&#8217;appareil et nettoyez le canal entre le bol et le robinet \u00e0 l&#8217;aide d&#8217;un cure-pipe. Retirez le bol et le m\u00e9canisme d&#8217;agitation et nettoyez-les avec de l&#8217;eau chaude et un d\u00e9tergent adapt\u00e9 aux aliments. Retirez le bouchon du r\u00e9servoir d&#8217;eau pour le vider. Remettez le bouchon en place et utilisez un chiffon humide pour nettoyer le r\u00e9servoir d&#8217;eau et le corps de l&#8217;appareil. S\u00e9chez toutes les pi\u00e8ces et remontez-les. N&#8217;oubliez pas de nettoyer le bac d&#8217;\u00e9gouttage.<\/p>\n<p><strong>Caract\u00e9ristiques <\/strong><\/p>\n<ul>\n<li>Plage de temp\u00e9rature allant jusqu&#8217;\u00e0 90\u00b0C<\/li>\n<li>Le r\u00e9servoir d&#8217;eau peut \u00eatre ventil\u00e9 et vidang\u00e9<\/li>\n<li>Alerte si le niveau d&#8217;eau est trop bas<\/li>\n<li>\u00c9quip\u00e9 d&#8217;une fonction de remise \u00e0 z\u00e9ro<\/li>\n<li>Robinet amovible pour un nettoyage en profondeur<\/li>\n<\/ul>\n<p><strong>Sp\u00e9cifications du produit<\/strong><\/p>\n<ul>\n<li>Poids net : 8,4 kg<\/li>\n<li>Capacit\u00e9 nette : 10l<\/li>\n<li>Capacit\u00e9 du r\u00e9servoir d&#8217;eau : 3,5l<\/li>\n<li>Temps de chauffe : 20-30 minutes<\/li>\n<li>Dimensions de la machine : L29 x P41 x H58cm<\/li>\n<li>230V \/ 50Hz \/ 1 Phase 1000W<\/li>\n<\/ul>","protected":false},"excerpt":{"rendered":"<p>Ce distributeur de chocolat blanc a une capacit\u00e9 de 10 litres et un robinet qui permet de verser facilement un d\u00e9licieux lait chocolat\u00e9. Le m\u00e9canisme d&#8217;agitation \u00e0 l&#8217;int\u00e9rieur du bol alimentaire emp\u00eache la formation de grumeaux dans le lait chocolat\u00e9. Le robinet facilite le remplissage des tasses et le bac de r\u00e9cup\u00e9ration permet de recueillir le lait chocolat\u00e9 qui se r\u00e9pand.<\/p>","protected":false},"featured_media":8677,"template":"","meta":{"_acf_changed":false},"product_brand":[],"product_cat":[54],"product_tag":[],"class_list":{"0":"post-14972","1":"product","2":"type-product","3":"status-publish","4":"has-post-thumbnail","6":"product_cat-chaud","8":"first","9":"instock","10":"sale","11":"taxable","12":"shipping-taxable","13":"purchasable","14":"product-type-simple"},"acf":[],"yoast_head":"<!-- This site is optimized with the Yoast SEO plugin v27.4 - https:\/\/yoast.com\/product\/yoast-seo-wordpress\/ -->\n<title>Distributeur de chocolat chaud - 10L - blanc - Gastora<\/title>\n<meta name=\"description\" content=\"Achetez Distributeur de chocolat chaud - 10L - blanc au meilleur prix, fiable et performant avec une livraison rapide\" \/>\n<meta name=\"robots\" content=\"index, follow, max-snippet:-1, max-image-preview:large, max-video-preview:-1\" \/>\n<link rel=\"canonical\" href=\"https:\/\/gastora.eu\/en\/product\/distributeur-de-chocolat-chaud-10l-blanc\/\" \/>\n<meta property=\"og:locale\" content=\"en_US\" \/>\n<meta property=\"og:type\" content=\"article\" \/>\n<meta property=\"og:title\" content=\"Distributeur de chocolat chaud - 10L - blanc - Gastora\" \/>\n<meta property=\"og:description\" content=\"Achetez Distributeur de chocolat chaud - 10L - blanc au meilleur prix, fiable et performant avec une livraison rapide\" \/>\n<meta property=\"og:url\" content=\"https:\/\/gastora.eu\/en\/product\/distributeur-de-chocolat-chaud-10l-blanc\/\" \/>\n<meta property=\"og:site_name\" content=\"Gastora\" \/>\n<meta name=\"twitter:card\" content=\"summary_large_image\" \/>\n<meta name=\"twitter:label1\" content=\"Est. reading time\" \/>\n\t<meta name=\"twitter:data1\" content=\"2 minutes\" \/>\n<script type=\"application\/ld+json\" class=\"yoast-schema-graph\">{\"@context\":\"https:\\\/\\\/schema.org\",\"@graph\":[{\"@type\":\"WebPage\",\"@id\":\"https:\\\/\\\/gastora.eu\\\/product\\\/distributeur-de-chocolat-chaud-10l-blanc\\\/\",\"url\":\"https:\\\/\\\/gastora.eu\\\/product\\\/distributeur-de-chocolat-chaud-10l-blanc\\\/\",\"name\":\"Distributeur de chocolat chaud - 10L - blanc - Gastora\",\"isPartOf\":{\"@id\":\"https:\\\/\\\/gastora.eu\\\/#website\"},\"primaryImageOfPage\":{\"@id\":\"https:\\\/\\\/gastora.eu\\\/product\\\/distributeur-de-chocolat-chaud-10l-blanc\\\/#primaryimage\"},\"image\":{\"@id\":\"https:\\\/\\\/gastora.eu\\\/product\\\/distributeur-de-chocolat-chaud-10l-blanc\\\/#primaryimage\"},\"thumbnailUrl\":\"https:\\\/\\\/gastora.eu\\\/wp-content\\\/uploads\\\/2026\\\/04\\\/sp-1000-09504002.jpg\",\"datePublished\":\"2026-04-26T08:48:29+00:00\",\"description\":\"Achetez Distributeur de chocolat chaud - 10L - blanc au meilleur prix, fiable et performant avec une livraison rapide\",\"breadcrumb\":{\"@id\":\"https:\\\/\\\/gastora.eu\\\/product\\\/distributeur-de-chocolat-chaud-10l-blanc\\\/#breadcrumb\"},\"inLanguage\":\"en-US\",\"potentialAction\":[{\"@type\":\"ReadAction\",\"target\":[\"https:\\\/\\\/gastora.eu\\\/product\\\/distributeur-de-chocolat-chaud-10l-blanc\\\/\"]}]},{\"@type\":\"ImageObject\",\"inLanguage\":\"en-US\",\"@id\":\"https:\\\/\\\/gastora.eu\\\/product\\\/distributeur-de-chocolat-chaud-10l-blanc\\\/#primaryimage\",\"url\":\"https:\\\/\\\/gastora.eu\\\/wp-content\\\/uploads\\\/2026\\\/04\\\/sp-1000-09504002.jpg\",\"contentUrl\":\"https:\\\/\\\/gastora.eu\\\/wp-content\\\/uploads\\\/2026\\\/04\\\/sp-1000-09504002.jpg\",\"width\":1200,\"height\":1200},{\"@type\":\"BreadcrumbList\",\"@id\":\"https:\\\/\\\/gastora.eu\\\/product\\\/distributeur-de-chocolat-chaud-10l-blanc\\\/#breadcrumb\",\"itemListElement\":[{\"@type\":\"ListItem\",\"position\":1,\"name\":\"Home\",\"item\":\"https:\\\/\\\/gastora.eu\\\/\"},{\"@type\":\"ListItem\",\"position\":2,\"name\":\"Shop\",\"item\":\"https:\\\/\\\/gastora.eu\\\/shop\\\/\"},{\"@type\":\"ListItem\",\"position\":3,\"name\":\"Distributeur de chocolat chaud &#8211; 10L &#8211; blanc\"}]},{\"@type\":\"WebSite\",\"@id\":\"https:\\\/\\\/gastora.eu\\\/#website\",\"url\":\"https:\\\/\\\/gastora.eu\\\/\",\"name\":\"Gastora\",\"description\":\"\u00c9quipements professionnels CHR\",\"publisher\":{\"@id\":\"https:\\\/\\\/gastora.eu\\\/#organization\"},\"potentialAction\":[{\"@type\":\"SearchAction\",\"target\":{\"@type\":\"EntryPoint\",\"urlTemplate\":\"https:\\\/\\\/gastora.eu\\\/?s={search_term_string}\"},\"query-input\":{\"@type\":\"PropertyValueSpecification\",\"valueRequired\":true,\"valueName\":\"search_term_string\"}}],\"inLanguage\":\"en-US\"},{\"@type\":\"Organization\",\"@id\":\"https:\\\/\\\/gastora.eu\\\/#organization\",\"name\":\"Gastora\",\"url\":\"https:\\\/\\\/gastora.eu\\\/\",\"logo\":{\"@type\":\"ImageObject\",\"inLanguage\":\"en-US\",\"@id\":\"https:\\\/\\\/gastora.eu\\\/#\\\/schema\\\/logo\\\/image\\\/\",\"url\":\"https:\\\/\\\/gastora.eu\\\/wp-content\\\/uploads\\\/2025\\\/12\\\/ChatGPT-Image-2-janv.-2026-22_52_47-1.png\",\"contentUrl\":\"https:\\\/\\\/gastora.eu\\\/wp-content\\\/uploads\\\/2025\\\/12\\\/ChatGPT-Image-2-janv.-2026-22_52_47-1.png\",\"width\":1536,\"height\":320,\"caption\":\"Gastora\"},\"image\":{\"@id\":\"https:\\\/\\\/gastora.eu\\\/#\\\/schema\\\/logo\\\/image\\\/\"}}]}<\/script>\n<!-- \/ Yoast SEO plugin. -->","yoast_head_json":{"title":"Distributeur de chocolat chaud - 10L - blanc - Gastora","description":"Achetez Distributeur de chocolat chaud - 10L - blanc au meilleur prix, fiable et performant avec une livraison rapide","robots":{"index":"index","follow":"follow","max-snippet":"max-snippet:-1","max-image-preview":"max-image-preview:large","max-video-preview":"max-video-preview:-1"},"canonical":"https:\/\/gastora.eu\/en\/product\/distributeur-de-chocolat-chaud-10l-blanc\/","og_locale":"en_US","og_type":"article","og_title":"Distributeur de chocolat chaud - 10L - blanc - Gastora","og_description":"Achetez Distributeur de chocolat chaud - 10L - blanc au meilleur prix, fiable et performant avec une livraison rapide","og_url":"https:\/\/gastora.eu\/en\/product\/distributeur-de-chocolat-chaud-10l-blanc\/","og_site_name":"Gastora","twitter_card":"summary_large_image","twitter_misc":{"Est. reading time":"2 minutes"},"schema":{"@context":"https:\/\/schema.org","@graph":[{"@type":"WebPage","@id":"https:\/\/gastora.eu\/product\/distributeur-de-chocolat-chaud-10l-blanc\/","url":"https:\/\/gastora.eu\/product\/distributeur-de-chocolat-chaud-10l-blanc\/","name":"Distributeur de chocolat chaud - 10L - blanc - Gastora","isPartOf":{"@id":"https:\/\/gastora.eu\/#website"},"primaryImageOfPage":{"@id":"https:\/\/gastora.eu\/product\/distributeur-de-chocolat-chaud-10l-blanc\/#primaryimage"},"image":{"@id":"https:\/\/gastora.eu\/product\/distributeur-de-chocolat-chaud-10l-blanc\/#primaryimage"},"thumbnailUrl":"https:\/\/gastora.eu\/wp-content\/uploads\/2026\/04\/sp-1000-09504002.jpg","datePublished":"2026-04-26T08:48:29+00:00","description":"Achetez Distributeur de chocolat chaud - 10L - blanc au meilleur prix, fiable et performant avec une livraison rapide","breadcrumb":{"@id":"https:\/\/gastora.eu\/product\/distributeur-de-chocolat-chaud-10l-blanc\/#breadcrumb"},"inLanguage":"en-US","potentialAction":[{"@type":"ReadAction","target":["https:\/\/gastora.eu\/product\/distributeur-de-chocolat-chaud-10l-blanc\/"]}]},{"@type":"ImageObject","inLanguage":"en-US","@id":"https:\/\/gastora.eu\/product\/distributeur-de-chocolat-chaud-10l-blanc\/#primaryimage","url":"https:\/\/gastora.eu\/wp-content\/uploads\/2026\/04\/sp-1000-09504002.jpg","contentUrl":"https:\/\/gastora.eu\/wp-content\/uploads\/2026\/04\/sp-1000-09504002.jpg","width":1200,"height":1200},{"@type":"BreadcrumbList","@id":"https:\/\/gastora.eu\/product\/distributeur-de-chocolat-chaud-10l-blanc\/#breadcrumb","itemListElement":[{"@type":"ListItem","position":1,"name":"Home","item":"https:\/\/gastora.eu\/"},{"@type":"ListItem","position":2,"name":"Shop","item":"https:\/\/gastora.eu\/shop\/"},{"@type":"ListItem","position":3,"name":"Distributeur de chocolat chaud &#8211; 10L &#8211; blanc"}]},{"@type":"WebSite","@id":"https:\/\/gastora.eu\/#website","url":"https:\/\/gastora.eu\/","name":"Gastora","description":"\u00c9quipements professionnels CHR","publisher":{"@id":"https:\/\/gastora.eu\/#organization"},"potentialAction":[{"@type":"SearchAction","target":{"@type":"EntryPoint","urlTemplate":"https:\/\/gastora.eu\/?s={search_term_string}"},"query-input":{"@type":"PropertyValueSpecification","valueRequired":true,"valueName":"search_term_string"}}],"inLanguage":"en-US"},{"@type":"Organization","@id":"https:\/\/gastora.eu\/#organization","name":"Gastora","url":"https:\/\/gastora.eu\/","logo":{"@type":"ImageObject","inLanguage":"en-US","@id":"https:\/\/gastora.eu\/#\/schema\/logo\/image\/","url":"https:\/\/gastora.eu\/wp-content\/uploads\/2025\/12\/ChatGPT-Image-2-janv.-2026-22_52_47-1.png","contentUrl":"https:\/\/gastora.eu\/wp-content\/uploads\/2025\/12\/ChatGPT-Image-2-janv.-2026-22_52_47-1.png","width":1536,"height":320,"caption":"Gastora"},"image":{"@id":"https:\/\/gastora.eu\/#\/schema\/logo\/image\/"}}]}},"jetpack_sharing_enabled":true,"_links":{"self":[{"href":"https:\/\/gastora.eu\/en\/wp-json\/wp\/v2\/product\/14972","targetHints":{"allow":["GET"]}}],"collection":[{"href":"https:\/\/gastora.eu\/en\/wp-json\/wp\/v2\/product"}],"about":[{"href":"https:\/\/gastora.eu\/en\/wp-json\/wp\/v2\/types\/product"}],"wp:featuredmedia":[{"embeddable":true,"href":"https:\/\/gastora.eu\/en\/wp-json\/wp\/v2\/media\/8677"}],"wp:attachment":[{"href":"https:\/\/gastora.eu\/en\/wp-json\/wp\/v2\/media?parent=14972"}],"wp:term":[{"taxonomy":"product_brand","embeddable":true,"href":"https:\/\/gastora.eu\/en\/wp-json\/wp\/v2\/product_brand?post=14972"},{"taxonomy":"product_cat","embeddable":true,"href":"https:\/\/gastora.eu\/en\/wp-json\/wp\/v2\/product_cat?post=14972"},{"taxonomy":"product_tag","embeddable":true,"href":"https:\/\/gastora.eu\/en\/wp-json\/wp\/v2\/product_tag?post=14972"}],"curies":[{"name":"wp","href":"https:\/\/api.w.org\/{rel}","templated":true}]}}