{"id":14968,"date":"2026-04-26T08:48:23","date_gmt":"2026-04-26T08:48:23","guid":{"rendered":"https:\/\/gastora.eu\/?post_type=product&#038;p=14968"},"modified":"2026-04-28T16:57:32","modified_gmt":"2026-04-28T16:57:32","slug":"rfrigrateur-600-l-noir-avec-porte-en-verre","status":"publish","type":"product","link":"https:\/\/gastora.eu\/en\/product\/rfrigrateur-600-l-noir-avec-porte-en-verre\/","title":{"rendered":"R\u00e9frig\u00e9rateur &#8211; 600 L &#8211; noir &#8211; avec porte en verre"},"content":{"rendered":"<p>Lorsque l&#8217;on travaille avec des ingr\u00e9dients frais, il est important d&#8217;avoir un r\u00e9frig\u00e9rateur qui garde tout au frais le plus longtemps possible. Ce r\u00e9frig\u00e9rateur professionnel noir a une capacit\u00e9 brute de 600 litres et est \u00e9quip\u00e9 de quatre \u00e9tag\u00e8res r\u00e9glables. Vous pouvez ainsi choisir la meilleure disposition en fonction de vos besoins. Il offre \u00e9galement la possibilit\u00e9 d&#8217;augmenter le nombre d&#8217;\u00e9tag\u00e8res pour cr\u00e9er des compartiments suppl\u00e9mentaires. La porte en verre est munie d&#8217;une serrure qui vous permet de voir les produits r\u00e9frig\u00e9r\u00e9s sans ouvrir le r\u00e9frig\u00e9rateur.<\/p>\n<h3>Syst\u00e8me de refroidissement constant<\/h3>\n<p>Ce r\u00e9frig\u00e9rateur est dot\u00e9 d&#8217;un contr\u00f4le \u00e9lectronique de la temp\u00e9rature et d&#8217;un affichage num\u00e9rique faciles \u00e0 utiliser, ce qui facilite la lecture et le r\u00e9glage de la temp\u00e9rature. Les produits peuvent \u00eatre refroidis dans une large plage de temp\u00e9rature. Ce r\u00e9frig\u00e9rateur utilise un syst\u00e8me de refroidissement statique avec ventilateur pour maintenir le contenu uniform\u00e9ment refroidi. Ce r\u00e9frig\u00e9rateur \u00e9vite \u00e9galement les \u00e9carts de temp\u00e9rature importants. Il atteint rapidement la temp\u00e9rature souhait\u00e9e et minimise la formation de glace gr\u00e2ce \u00e0 un cycle de refroidissement toutes les six heures. Ce r\u00e9frig\u00e9rateur utilise le r\u00e9frig\u00e9rant R600a, qui ne contient pas de CFC. Il est \u00e9galement \u00e9quip\u00e9 de deux pieds avant r\u00e9glables et de deux roues arri\u00e8re, ce qui permet de le d\u00e9placer facilement en cas de besoin.<\/p>\n<h3>Facile \u00e0 nettoyer<\/h3>\n<p>Avant de nettoyer l&#8217;appareil, veillez \u00e0 l&#8217;\u00e9teindre et \u00e0 le d\u00e9brancher de la prise murale. Ce r\u00e9frig\u00e9rateur est dot\u00e9 d&#8217;un int\u00e9rieur en plastique et d&#8217;un ext\u00e9rieur en acier rev\u00eatu, tous deux faciles \u00e0 nettoyer gr\u00e2ce \u00e0 leurs surfaces lisses. Il suffit d&#8217;utiliser un chiffon humide et un peu de d\u00e9tergent pour nettoyer les parois et les \u00e9tag\u00e8res. N&#8217;oubliez pas de nettoyer le joint en caoutchouc antibact\u00e9rien amovible et assurez-vous que tout est bien sec avant de le remettre en marche.<\/p>\n<p><strong>Caract\u00e9ristiques<\/strong><\/p>\n<ul>\n<li>R\u00e9frig\u00e9rant R600a, sans CFC<\/li>\n<li>Temp\u00e9rature ambiante maximale de 25\u00b0C<\/li>\n<li>Isolation protectrice compacte de 5,3 cm<\/li>\n<li>Plage de temp\u00e9rature de 0 \u00e0 10\u00b0C<\/li>\n<li>Cycle de r\u00e9frig\u00e9ration sp\u00e9cialis\u00e9 pour r\u00e9duire la formation de glace<\/li>\n<\/ul>\n<p><strong>Caract\u00e9ristiques du produit<\/strong><\/p>\n<ul>\n<li>Poids net : 100kg<\/li>\n<li>Capacit\u00e9 nette : 613L<\/li>\n<li>Dimensions ext\u00e9rieures : L78 x P70 x H190cm<\/li>\n<li>Dimensions int\u00e9rieures : L68 x P65 x H166cm<\/li>\n<li>230V \/ 50Hz \/ 1 Phase 462W<\/li>\n<\/ul>\n<p><em>Incluant<\/em><\/p>\n<ul>\n<li><em>Une \u00e9tag\u00e8re (L64,8 x P31,8cm)<\/em><\/li>\n<li><em>Trois \u00e9tag\u00e8res (L65,2 x P52,8cm)<\/em><\/li>\n<\/ul>","protected":false},"excerpt":{"rendered":"<p>Ce r\u00e9frig\u00e9rateur noir avec porte en verre a une capacit\u00e9 brute de 600 litres. Il offre suffisamment d&#8217;espace pour conserver les aliments et les boissons au frais et est \u00e9quip\u00e9 de quatre clayettes r\u00e9glables. Il est ainsi facile de personnaliser l&#8217;agencement. Il est \u00e9galement \u00e9quip\u00e9 de deux pieds avant r\u00e9glables et de deux roues arri\u00e8re, ce qui permet de le d\u00e9placer facilement en cas de besoin.<\/p>","protected":false},"featured_media":8669,"template":"","meta":{"_acf_changed":false},"product_brand":[],"product_cat":[474],"product_tag":[],"class_list":{"0":"post-14968","1":"product","2":"type-product","3":"status-publish","4":"has-post-thumbnail","6":"product_cat-armoires-refrigerees-positif-negatif-2","8":"first","9":"instock","10":"sale","11":"taxable","12":"shipping-taxable","13":"purchasable","14":"product-type-simple"},"acf":[],"yoast_head":"<!-- This site is optimized with the Yoast SEO plugin v27.5 - https:\/\/yoast.com\/product\/yoast-seo-wordpress\/ -->\n<title>R\u00e9frig\u00e9rateur - 600 L - noir - avec porte en verre - Gastora<\/title>\n<meta name=\"description\" content=\"Achetez R\u00e9frig\u00e9rateur - 600 L - noir - avec porte en verre au meilleur prix, fiable et performant avec une livraison rapide\" \/>\n<meta name=\"robots\" content=\"index, follow, max-snippet:-1, max-image-preview:large, max-video-preview:-1\" \/>\n<link rel=\"canonical\" href=\"https:\/\/gastora.eu\/en\/product\/rfrigrateur-600-l-noir-avec-porte-en-verre\/\" \/>\n<meta property=\"og:locale\" content=\"en_US\" \/>\n<meta property=\"og:type\" content=\"article\" \/>\n<meta property=\"og:title\" content=\"R\u00e9frig\u00e9rateur - 600 L - noir - avec porte en verre - Gastora\" \/>\n<meta property=\"og:description\" content=\"Achetez R\u00e9frig\u00e9rateur - 600 L - noir - avec porte en verre au meilleur prix, fiable et performant avec une livraison rapide\" \/>\n<meta property=\"og:url\" content=\"https:\/\/gastora.eu\/en\/product\/rfrigrateur-600-l-noir-avec-porte-en-verre\/\" \/>\n<meta property=\"og:site_name\" content=\"Gastora\" \/>\n<meta property=\"article:modified_time\" content=\"2026-04-28T16:57:32+00:00\" \/>\n<meta name=\"twitter:card\" content=\"summary_large_image\" \/>\n<meta name=\"twitter:label1\" content=\"Est. reading time\" \/>\n\t<meta name=\"twitter:data1\" content=\"2 minutes\" \/>\n<script type=\"application\/ld+json\" class=\"yoast-schema-graph\">{\"@context\":\"https:\\\/\\\/schema.org\",\"@graph\":[{\"@type\":\"WebPage\",\"@id\":\"https:\\\/\\\/gastora.eu\\\/product\\\/rfrigrateur-600-l-noir-avec-porte-en-verre\\\/\",\"url\":\"https:\\\/\\\/gastora.eu\\\/product\\\/rfrigrateur-600-l-noir-avec-porte-en-verre\\\/\",\"name\":\"R\u00e9frig\u00e9rateur - 600 L - noir - avec porte en verre - Gastora\",\"isPartOf\":{\"@id\":\"https:\\\/\\\/gastora.eu\\\/#website\"},\"primaryImageOfPage\":{\"@id\":\"https:\\\/\\\/gastora.eu\\\/product\\\/rfrigrateur-600-l-noir-avec-porte-en-verre\\\/#primaryimage\"},\"image\":{\"@id\":\"https:\\\/\\\/gastora.eu\\\/product\\\/rfrigrateur-600-l-noir-avec-porte-en-verre\\\/#primaryimage\"},\"thumbnailUrl\":\"https:\\\/\\\/gastora.eu\\\/wp-content\\\/uploads\\\/2026\\\/04\\\/sp-1000-09405032.jpg\",\"datePublished\":\"2026-04-26T08:48:23+00:00\",\"dateModified\":\"2026-04-28T16:57:32+00:00\",\"description\":\"Achetez R\u00e9frig\u00e9rateur - 600 L - noir - avec porte en verre au meilleur prix, fiable et performant avec une livraison rapide\",\"breadcrumb\":{\"@id\":\"https:\\\/\\\/gastora.eu\\\/product\\\/rfrigrateur-600-l-noir-avec-porte-en-verre\\\/#breadcrumb\"},\"inLanguage\":\"en-US\",\"potentialAction\":[{\"@type\":\"ReadAction\",\"target\":[\"https:\\\/\\\/gastora.eu\\\/product\\\/rfrigrateur-600-l-noir-avec-porte-en-verre\\\/\"]}]},{\"@type\":\"ImageObject\",\"inLanguage\":\"en-US\",\"@id\":\"https:\\\/\\\/gastora.eu\\\/product\\\/rfrigrateur-600-l-noir-avec-porte-en-verre\\\/#primaryimage\",\"url\":\"https:\\\/\\\/gastora.eu\\\/wp-content\\\/uploads\\\/2026\\\/04\\\/sp-1000-09405032.jpg\",\"contentUrl\":\"https:\\\/\\\/gastora.eu\\\/wp-content\\\/uploads\\\/2026\\\/04\\\/sp-1000-09405032.jpg\",\"width\":1200,\"height\":1200},{\"@type\":\"BreadcrumbList\",\"@id\":\"https:\\\/\\\/gastora.eu\\\/product\\\/rfrigrateur-600-l-noir-avec-porte-en-verre\\\/#breadcrumb\",\"itemListElement\":[{\"@type\":\"ListItem\",\"position\":1,\"name\":\"Home\",\"item\":\"https:\\\/\\\/gastora.eu\\\/\"},{\"@type\":\"ListItem\",\"position\":2,\"name\":\"Shop\",\"item\":\"https:\\\/\\\/gastora.eu\\\/shop\\\/\"},{\"@type\":\"ListItem\",\"position\":3,\"name\":\"R\u00e9frig\u00e9rateur &#8211; 600 L &#8211; noir &#8211; avec porte en verre\"}]},{\"@type\":\"WebSite\",\"@id\":\"https:\\\/\\\/gastora.eu\\\/#website\",\"url\":\"https:\\\/\\\/gastora.eu\\\/\",\"name\":\"Gastora\",\"description\":\"\u00c9quipements professionnels CHR\",\"publisher\":{\"@id\":\"https:\\\/\\\/gastora.eu\\\/#organization\"},\"potentialAction\":[{\"@type\":\"SearchAction\",\"target\":{\"@type\":\"EntryPoint\",\"urlTemplate\":\"https:\\\/\\\/gastora.eu\\\/?s={search_term_string}\"},\"query-input\":{\"@type\":\"PropertyValueSpecification\",\"valueRequired\":true,\"valueName\":\"search_term_string\"}}],\"inLanguage\":\"en-US\"},{\"@type\":\"Organization\",\"@id\":\"https:\\\/\\\/gastora.eu\\\/#organization\",\"name\":\"Gastora\",\"url\":\"https:\\\/\\\/gastora.eu\\\/\",\"logo\":{\"@type\":\"ImageObject\",\"inLanguage\":\"en-US\",\"@id\":\"https:\\\/\\\/gastora.eu\\\/#\\\/schema\\\/logo\\\/image\\\/\",\"url\":\"https:\\\/\\\/gastora.eu\\\/wp-content\\\/uploads\\\/2025\\\/12\\\/ChatGPT-Image-2-janv.-2026-22_52_47-1.png\",\"contentUrl\":\"https:\\\/\\\/gastora.eu\\\/wp-content\\\/uploads\\\/2025\\\/12\\\/ChatGPT-Image-2-janv.-2026-22_52_47-1.png\",\"width\":1536,\"height\":320,\"caption\":\"Gastora\"},\"image\":{\"@id\":\"https:\\\/\\\/gastora.eu\\\/#\\\/schema\\\/logo\\\/image\\\/\"}}]}<\/script>\n<!-- \/ Yoast SEO plugin. -->","yoast_head_json":{"title":"R\u00e9frig\u00e9rateur - 600 L - noir - avec porte en verre - Gastora","description":"Achetez R\u00e9frig\u00e9rateur - 600 L - noir - avec porte en verre au meilleur prix, fiable et performant avec une livraison rapide","robots":{"index":"index","follow":"follow","max-snippet":"max-snippet:-1","max-image-preview":"max-image-preview:large","max-video-preview":"max-video-preview:-1"},"canonical":"https:\/\/gastora.eu\/en\/product\/rfrigrateur-600-l-noir-avec-porte-en-verre\/","og_locale":"en_US","og_type":"article","og_title":"R\u00e9frig\u00e9rateur - 600 L - noir - avec porte en verre - Gastora","og_description":"Achetez R\u00e9frig\u00e9rateur - 600 L - noir - avec porte en verre au meilleur prix, fiable et performant avec une livraison rapide","og_url":"https:\/\/gastora.eu\/en\/product\/rfrigrateur-600-l-noir-avec-porte-en-verre\/","og_site_name":"Gastora","article_modified_time":"2026-04-28T16:57:32+00:00","twitter_card":"summary_large_image","twitter_misc":{"Est. reading time":"2 minutes"},"schema":{"@context":"https:\/\/schema.org","@graph":[{"@type":"WebPage","@id":"https:\/\/gastora.eu\/product\/rfrigrateur-600-l-noir-avec-porte-en-verre\/","url":"https:\/\/gastora.eu\/product\/rfrigrateur-600-l-noir-avec-porte-en-verre\/","name":"R\u00e9frig\u00e9rateur - 600 L - noir - avec porte en verre - Gastora","isPartOf":{"@id":"https:\/\/gastora.eu\/#website"},"primaryImageOfPage":{"@id":"https:\/\/gastora.eu\/product\/rfrigrateur-600-l-noir-avec-porte-en-verre\/#primaryimage"},"image":{"@id":"https:\/\/gastora.eu\/product\/rfrigrateur-600-l-noir-avec-porte-en-verre\/#primaryimage"},"thumbnailUrl":"https:\/\/gastora.eu\/wp-content\/uploads\/2026\/04\/sp-1000-09405032.jpg","datePublished":"2026-04-26T08:48:23+00:00","dateModified":"2026-04-28T16:57:32+00:00","description":"Achetez R\u00e9frig\u00e9rateur - 600 L - noir - avec porte en verre au meilleur prix, fiable et performant avec une livraison rapide","breadcrumb":{"@id":"https:\/\/gastora.eu\/product\/rfrigrateur-600-l-noir-avec-porte-en-verre\/#breadcrumb"},"inLanguage":"en-US","potentialAction":[{"@type":"ReadAction","target":["https:\/\/gastora.eu\/product\/rfrigrateur-600-l-noir-avec-porte-en-verre\/"]}]},{"@type":"ImageObject","inLanguage":"en-US","@id":"https:\/\/gastora.eu\/product\/rfrigrateur-600-l-noir-avec-porte-en-verre\/#primaryimage","url":"https:\/\/gastora.eu\/wp-content\/uploads\/2026\/04\/sp-1000-09405032.jpg","contentUrl":"https:\/\/gastora.eu\/wp-content\/uploads\/2026\/04\/sp-1000-09405032.jpg","width":1200,"height":1200},{"@type":"BreadcrumbList","@id":"https:\/\/gastora.eu\/product\/rfrigrateur-600-l-noir-avec-porte-en-verre\/#breadcrumb","itemListElement":[{"@type":"ListItem","position":1,"name":"Home","item":"https:\/\/gastora.eu\/"},{"@type":"ListItem","position":2,"name":"Shop","item":"https:\/\/gastora.eu\/shop\/"},{"@type":"ListItem","position":3,"name":"R\u00e9frig\u00e9rateur &#8211; 600 L &#8211; noir &#8211; avec porte en verre"}]},{"@type":"WebSite","@id":"https:\/\/gastora.eu\/#website","url":"https:\/\/gastora.eu\/","name":"Gastora","description":"\u00c9quipements professionnels CHR","publisher":{"@id":"https:\/\/gastora.eu\/#organization"},"potentialAction":[{"@type":"SearchAction","target":{"@type":"EntryPoint","urlTemplate":"https:\/\/gastora.eu\/?s={search_term_string}"},"query-input":{"@type":"PropertyValueSpecification","valueRequired":true,"valueName":"search_term_string"}}],"inLanguage":"en-US"},{"@type":"Organization","@id":"https:\/\/gastora.eu\/#organization","name":"Gastora","url":"https:\/\/gastora.eu\/","logo":{"@type":"ImageObject","inLanguage":"en-US","@id":"https:\/\/gastora.eu\/#\/schema\/logo\/image\/","url":"https:\/\/gastora.eu\/wp-content\/uploads\/2025\/12\/ChatGPT-Image-2-janv.-2026-22_52_47-1.png","contentUrl":"https:\/\/gastora.eu\/wp-content\/uploads\/2025\/12\/ChatGPT-Image-2-janv.-2026-22_52_47-1.png","width":1536,"height":320,"caption":"Gastora"},"image":{"@id":"https:\/\/gastora.eu\/#\/schema\/logo\/image\/"}}]}},"jetpack_sharing_enabled":true,"_links":{"self":[{"href":"https:\/\/gastora.eu\/en\/wp-json\/wp\/v2\/product\/14968","targetHints":{"allow":["GET"]}}],"collection":[{"href":"https:\/\/gastora.eu\/en\/wp-json\/wp\/v2\/product"}],"about":[{"href":"https:\/\/gastora.eu\/en\/wp-json\/wp\/v2\/types\/product"}],"wp:featuredmedia":[{"embeddable":true,"href":"https:\/\/gastora.eu\/en\/wp-json\/wp\/v2\/media\/8669"}],"wp:attachment":[{"href":"https:\/\/gastora.eu\/en\/wp-json\/wp\/v2\/media?parent=14968"}],"wp:term":[{"taxonomy":"product_brand","embeddable":true,"href":"https:\/\/gastora.eu\/en\/wp-json\/wp\/v2\/product_brand?post=14968"},{"taxonomy":"product_cat","embeddable":true,"href":"https:\/\/gastora.eu\/en\/wp-json\/wp\/v2\/product_cat?post=14968"},{"taxonomy":"product_tag","embeddable":true,"href":"https:\/\/gastora.eu\/en\/wp-json\/wp\/v2\/product_tag?post=14968"}],"curies":[{"name":"wp","href":"https:\/\/api.w.org\/{rel}","templated":true}]}}