{"id":14965,"date":"2026-04-26T08:48:20","date_gmt":"2026-04-26T08:48:20","guid":{"rendered":"https:\/\/gastora.eu\/?post_type=product&#038;p=14965"},"modified":"2026-04-28T16:57:32","modified_gmt":"2026-04-28T16:57:32","slug":"conglateur-600-l-6-tagres-fixes-acier-inoxydable","status":"publish","type":"product","link":"https:\/\/gastora.eu\/en\/product\/conglateur-600-l-6-tagres-fixes-acier-inoxydable\/","title":{"rendered":"Cong\u00e9lateur &#8211; 600 L &#8211; 6 \u00e9tag\u00e8res fixes &#8211; acier inoxydable"},"content":{"rendered":"<p>Ce cong\u00e9lateur professionnel a une capacit\u00e9 brute de 600 litres pour conserver les produits surgel\u00e9s. Gr\u00e2ce \u00e0 sa taille compacte, ce cong\u00e9lateur en acier inoxydable s&#8217;int\u00e8gre dans presque toutes les cuisines professionnelles. Les six clayettes permettent de stocker tout ce dont vous avez besoin. Les clayettes sont fixes et comportent une grille pour am\u00e9liorer la ventilation. La porte est munie d&#8217;une serrure pour plus de commodit\u00e9.<\/p>\n<h3>Contr\u00f4le pr\u00e9cis de la temp\u00e9rature<\/h3>\n<p>Ce cong\u00e9lateur professionnel est \u00e9quip\u00e9 d&#8217;un r\u00e9gulateur de temp\u00e9rature \u00e9lectronique et d&#8217;un affichage num\u00e9rique. Cela permet de lire et de r\u00e9gler facilement la temp\u00e9rature. Il offre une large plage de temp\u00e9ratures pour une cong\u00e9lation efficace des produits. Il dispose d&#8217;une fonction de cong\u00e9lation rapide pour atteindre rapidement la temp\u00e9rature souhait\u00e9e. Gr\u00e2ce \u00e0 son isolation protectrice, le cong\u00e9lateur fonctionne de mani\u00e8re optimale dans les zones o\u00f9 la temp\u00e9rature ambiante est constante. Le r\u00e9frig\u00e9rant utilis\u00e9 est le R290, qui ne contient pas de CFC. Vous pouvez r\u00e9gler le sens d&#8217;ouverture de la porte. Il a \u00e9t\u00e9 con\u00e7u avec deux pieds avant r\u00e9glables et deux roues arri\u00e8re qui permettent de le d\u00e9placer facilement en cas de besoin.<\/p>\n<h3>Facile \u00e0 nettoyer<\/h3>\n<p>Ce cong\u00e9lateur est dot\u00e9 d&#8217;un bo\u00eetier en acier inoxydable qui facilite le nettoyage. Pour nettoyer l&#8217;ext\u00e9rieur, il suffit d&#8217;utiliser un chiffon humide et un d\u00e9tergent doux. L&#8217;int\u00e9rieur peut \u00eatre nettoy\u00e9 apr\u00e8s avoir d\u00e9givr\u00e9 le cong\u00e9lateur. Pour d\u00e9givrer, retirez tous les articles et d\u00e9branchez le cong\u00e9lateur. Pour acc\u00e9l\u00e9rer le d\u00e9givrage, retirez d\u00e9licatement la glace \u00e0 l&#8217;aide d&#8217;un grattoir en plastique. Apr\u00e8s le nettoyage \u00e0 l&#8217;eau chaude et avec un chiffon doux, s\u00e9chez soigneusement le cong\u00e9lateur avant de le remettre en marche.<\/p>\n<p><strong>Caract\u00e9ristiques<\/strong><\/p>\n<ul>\n<li>R\u00e9frig\u00e9rant R290, sans CFC<\/li>\n<li>Temp\u00e9rature ambiante maximale de 30\u00b0C<\/li>\n<li>Isolation protectrice compacte de 5,6 cm<\/li>\n<li>Plage de temp\u00e9rature de -18 \u00e0 -25\u00b0C<\/li>\n<\/ul>\n<p><strong>Caract\u00e9ristiques du produit<\/strong><\/p>\n<ul>\n<li>Poids net : 92kg<\/li>\n<li>Capacit\u00e9 nette : 580L<\/li>\n<li>Dimensions ext\u00e9rieures : L78 x P70 x H190cm<\/li>\n<li>Dimensions int\u00e9rieures : L65 x P58 x H166cm<\/li>\n<li>230V \/ 50Hz \/ 1 Phase 450W<\/li>\n<\/ul>\n<p><em>Compris dans le prix<\/em><\/p>\n<ul>\n<li><em>Six \u00e9tag\u00e8res (L60,8 x P52,6 cm)<\/em><\/li>\n<\/ul>","protected":false},"excerpt":{"rendered":"<p>Ce cong\u00e9lateur en acier inoxydable a une capacit\u00e9 brute de 600 litres. Il est \u00e9quip\u00e9 d&#8217;un affichage num\u00e9rique et de six clayettes fixes qui permettent de conserver les produits congel\u00e9s jusqu&#8217;\u00e0 ce qu&#8217;ils soient utilis\u00e9s. Il est \u00e9galement \u00e9quip\u00e9 de deux pieds avant r\u00e9glables et de deux roues arri\u00e8re, ce qui permet de le d\u00e9placer facilement en cas de besoin.<\/p>","protected":false},"featured_media":8663,"template":"","meta":{"_acf_changed":false},"product_brand":[],"product_cat":[474],"product_tag":[],"class_list":{"0":"post-14965","1":"product","2":"type-product","3":"status-publish","4":"has-post-thumbnail","6":"product_cat-armoires-refrigerees-positif-negatif-2","8":"first","9":"instock","10":"sale","11":"taxable","12":"shipping-taxable","13":"purchasable","14":"product-type-simple"},"acf":[],"yoast_head":"<!-- This site is optimized with the Yoast SEO plugin v27.5 - https:\/\/yoast.com\/product\/yoast-seo-wordpress\/ -->\n<title>Cong\u00e9lateur - 600 L - 6 \u00e9tag\u00e8res fixes - acier inoxydable - Gastora<\/title>\n<meta name=\"description\" content=\"Achetez Cong\u00e9lateur - 600 L - 6 \u00e9tag\u00e8res fixes - acier inoxydable au meilleur prix, fiable et performant avec une livraison rapide\" \/>\n<meta name=\"robots\" content=\"index, follow, max-snippet:-1, max-image-preview:large, max-video-preview:-1\" \/>\n<link rel=\"canonical\" href=\"https:\/\/gastora.eu\/en\/product\/conglateur-600-l-6-tagres-fixes-acier-inoxydable\/\" \/>\n<meta property=\"og:locale\" content=\"en_US\" \/>\n<meta property=\"og:type\" content=\"article\" \/>\n<meta property=\"og:title\" content=\"Cong\u00e9lateur - 600 L - 6 \u00e9tag\u00e8res fixes - acier inoxydable - Gastora\" \/>\n<meta property=\"og:description\" content=\"Achetez Cong\u00e9lateur - 600 L - 6 \u00e9tag\u00e8res fixes - acier inoxydable au meilleur prix, fiable et performant avec une livraison rapide\" \/>\n<meta property=\"og:url\" content=\"https:\/\/gastora.eu\/en\/product\/conglateur-600-l-6-tagres-fixes-acier-inoxydable\/\" \/>\n<meta property=\"og:site_name\" content=\"Gastora\" \/>\n<meta property=\"article:modified_time\" content=\"2026-04-28T16:57:32+00:00\" \/>\n<meta name=\"twitter:card\" content=\"summary_large_image\" \/>\n<meta name=\"twitter:label1\" content=\"Est. reading time\" \/>\n\t<meta name=\"twitter:data1\" content=\"2 minutes\" \/>\n<script type=\"application\/ld+json\" class=\"yoast-schema-graph\">{\"@context\":\"https:\\\/\\\/schema.org\",\"@graph\":[{\"@type\":\"WebPage\",\"@id\":\"https:\\\/\\\/gastora.eu\\\/product\\\/conglateur-600-l-6-tagres-fixes-acier-inoxydable\\\/\",\"url\":\"https:\\\/\\\/gastora.eu\\\/product\\\/conglateur-600-l-6-tagres-fixes-acier-inoxydable\\\/\",\"name\":\"Cong\u00e9lateur - 600 L - 6 \u00e9tag\u00e8res fixes - acier inoxydable - Gastora\",\"isPartOf\":{\"@id\":\"https:\\\/\\\/gastora.eu\\\/#website\"},\"primaryImageOfPage\":{\"@id\":\"https:\\\/\\\/gastora.eu\\\/product\\\/conglateur-600-l-6-tagres-fixes-acier-inoxydable\\\/#primaryimage\"},\"image\":{\"@id\":\"https:\\\/\\\/gastora.eu\\\/product\\\/conglateur-600-l-6-tagres-fixes-acier-inoxydable\\\/#primaryimage\"},\"thumbnailUrl\":\"https:\\\/\\\/gastora.eu\\\/wp-content\\\/uploads\\\/2026\\\/04\\\/sp-1000-09405029.jpg\",\"datePublished\":\"2026-04-26T08:48:20+00:00\",\"dateModified\":\"2026-04-28T16:57:32+00:00\",\"description\":\"Achetez Cong\u00e9lateur - 600 L - 6 \u00e9tag\u00e8res fixes - acier inoxydable au meilleur prix, fiable et performant avec une livraison rapide\",\"breadcrumb\":{\"@id\":\"https:\\\/\\\/gastora.eu\\\/product\\\/conglateur-600-l-6-tagres-fixes-acier-inoxydable\\\/#breadcrumb\"},\"inLanguage\":\"en-US\",\"potentialAction\":[{\"@type\":\"ReadAction\",\"target\":[\"https:\\\/\\\/gastora.eu\\\/product\\\/conglateur-600-l-6-tagres-fixes-acier-inoxydable\\\/\"]}]},{\"@type\":\"ImageObject\",\"inLanguage\":\"en-US\",\"@id\":\"https:\\\/\\\/gastora.eu\\\/product\\\/conglateur-600-l-6-tagres-fixes-acier-inoxydable\\\/#primaryimage\",\"url\":\"https:\\\/\\\/gastora.eu\\\/wp-content\\\/uploads\\\/2026\\\/04\\\/sp-1000-09405029.jpg\",\"contentUrl\":\"https:\\\/\\\/gastora.eu\\\/wp-content\\\/uploads\\\/2026\\\/04\\\/sp-1000-09405029.jpg\",\"width\":1200,\"height\":1200},{\"@type\":\"BreadcrumbList\",\"@id\":\"https:\\\/\\\/gastora.eu\\\/product\\\/conglateur-600-l-6-tagres-fixes-acier-inoxydable\\\/#breadcrumb\",\"itemListElement\":[{\"@type\":\"ListItem\",\"position\":1,\"name\":\"Home\",\"item\":\"https:\\\/\\\/gastora.eu\\\/\"},{\"@type\":\"ListItem\",\"position\":2,\"name\":\"Shop\",\"item\":\"https:\\\/\\\/gastora.eu\\\/shop\\\/\"},{\"@type\":\"ListItem\",\"position\":3,\"name\":\"Cong\u00e9lateur &#8211; 600 L &#8211; 6 \u00e9tag\u00e8res fixes &#8211; acier inoxydable\"}]},{\"@type\":\"WebSite\",\"@id\":\"https:\\\/\\\/gastora.eu\\\/#website\",\"url\":\"https:\\\/\\\/gastora.eu\\\/\",\"name\":\"Gastora\",\"description\":\"\u00c9quipements professionnels CHR\",\"publisher\":{\"@id\":\"https:\\\/\\\/gastora.eu\\\/#organization\"},\"potentialAction\":[{\"@type\":\"SearchAction\",\"target\":{\"@type\":\"EntryPoint\",\"urlTemplate\":\"https:\\\/\\\/gastora.eu\\\/?s={search_term_string}\"},\"query-input\":{\"@type\":\"PropertyValueSpecification\",\"valueRequired\":true,\"valueName\":\"search_term_string\"}}],\"inLanguage\":\"en-US\"},{\"@type\":\"Organization\",\"@id\":\"https:\\\/\\\/gastora.eu\\\/#organization\",\"name\":\"Gastora\",\"url\":\"https:\\\/\\\/gastora.eu\\\/\",\"logo\":{\"@type\":\"ImageObject\",\"inLanguage\":\"en-US\",\"@id\":\"https:\\\/\\\/gastora.eu\\\/#\\\/schema\\\/logo\\\/image\\\/\",\"url\":\"https:\\\/\\\/gastora.eu\\\/wp-content\\\/uploads\\\/2025\\\/12\\\/ChatGPT-Image-2-janv.-2026-22_52_47-1.png\",\"contentUrl\":\"https:\\\/\\\/gastora.eu\\\/wp-content\\\/uploads\\\/2025\\\/12\\\/ChatGPT-Image-2-janv.-2026-22_52_47-1.png\",\"width\":1536,\"height\":320,\"caption\":\"Gastora\"},\"image\":{\"@id\":\"https:\\\/\\\/gastora.eu\\\/#\\\/schema\\\/logo\\\/image\\\/\"}}]}<\/script>\n<!-- \/ Yoast SEO plugin. -->","yoast_head_json":{"title":"Cong\u00e9lateur - 600 L - 6 \u00e9tag\u00e8res fixes - acier inoxydable - Gastora","description":"Achetez Cong\u00e9lateur - 600 L - 6 \u00e9tag\u00e8res fixes - acier inoxydable au meilleur prix, fiable et performant avec une livraison rapide","robots":{"index":"index","follow":"follow","max-snippet":"max-snippet:-1","max-image-preview":"max-image-preview:large","max-video-preview":"max-video-preview:-1"},"canonical":"https:\/\/gastora.eu\/en\/product\/conglateur-600-l-6-tagres-fixes-acier-inoxydable\/","og_locale":"en_US","og_type":"article","og_title":"Cong\u00e9lateur - 600 L - 6 \u00e9tag\u00e8res fixes - acier inoxydable - Gastora","og_description":"Achetez Cong\u00e9lateur - 600 L - 6 \u00e9tag\u00e8res fixes - acier inoxydable au meilleur prix, fiable et performant avec une livraison rapide","og_url":"https:\/\/gastora.eu\/en\/product\/conglateur-600-l-6-tagres-fixes-acier-inoxydable\/","og_site_name":"Gastora","article_modified_time":"2026-04-28T16:57:32+00:00","twitter_card":"summary_large_image","twitter_misc":{"Est. reading time":"2 minutes"},"schema":{"@context":"https:\/\/schema.org","@graph":[{"@type":"WebPage","@id":"https:\/\/gastora.eu\/product\/conglateur-600-l-6-tagres-fixes-acier-inoxydable\/","url":"https:\/\/gastora.eu\/product\/conglateur-600-l-6-tagres-fixes-acier-inoxydable\/","name":"Cong\u00e9lateur - 600 L - 6 \u00e9tag\u00e8res fixes - acier inoxydable - Gastora","isPartOf":{"@id":"https:\/\/gastora.eu\/#website"},"primaryImageOfPage":{"@id":"https:\/\/gastora.eu\/product\/conglateur-600-l-6-tagres-fixes-acier-inoxydable\/#primaryimage"},"image":{"@id":"https:\/\/gastora.eu\/product\/conglateur-600-l-6-tagres-fixes-acier-inoxydable\/#primaryimage"},"thumbnailUrl":"https:\/\/gastora.eu\/wp-content\/uploads\/2026\/04\/sp-1000-09405029.jpg","datePublished":"2026-04-26T08:48:20+00:00","dateModified":"2026-04-28T16:57:32+00:00","description":"Achetez Cong\u00e9lateur - 600 L - 6 \u00e9tag\u00e8res fixes - acier inoxydable au meilleur prix, fiable et performant avec une livraison rapide","breadcrumb":{"@id":"https:\/\/gastora.eu\/product\/conglateur-600-l-6-tagres-fixes-acier-inoxydable\/#breadcrumb"},"inLanguage":"en-US","potentialAction":[{"@type":"ReadAction","target":["https:\/\/gastora.eu\/product\/conglateur-600-l-6-tagres-fixes-acier-inoxydable\/"]}]},{"@type":"ImageObject","inLanguage":"en-US","@id":"https:\/\/gastora.eu\/product\/conglateur-600-l-6-tagres-fixes-acier-inoxydable\/#primaryimage","url":"https:\/\/gastora.eu\/wp-content\/uploads\/2026\/04\/sp-1000-09405029.jpg","contentUrl":"https:\/\/gastora.eu\/wp-content\/uploads\/2026\/04\/sp-1000-09405029.jpg","width":1200,"height":1200},{"@type":"BreadcrumbList","@id":"https:\/\/gastora.eu\/product\/conglateur-600-l-6-tagres-fixes-acier-inoxydable\/#breadcrumb","itemListElement":[{"@type":"ListItem","position":1,"name":"Home","item":"https:\/\/gastora.eu\/"},{"@type":"ListItem","position":2,"name":"Shop","item":"https:\/\/gastora.eu\/shop\/"},{"@type":"ListItem","position":3,"name":"Cong\u00e9lateur &#8211; 600 L &#8211; 6 \u00e9tag\u00e8res fixes &#8211; acier inoxydable"}]},{"@type":"WebSite","@id":"https:\/\/gastora.eu\/#website","url":"https:\/\/gastora.eu\/","name":"Gastora","description":"\u00c9quipements professionnels CHR","publisher":{"@id":"https:\/\/gastora.eu\/#organization"},"potentialAction":[{"@type":"SearchAction","target":{"@type":"EntryPoint","urlTemplate":"https:\/\/gastora.eu\/?s={search_term_string}"},"query-input":{"@type":"PropertyValueSpecification","valueRequired":true,"valueName":"search_term_string"}}],"inLanguage":"en-US"},{"@type":"Organization","@id":"https:\/\/gastora.eu\/#organization","name":"Gastora","url":"https:\/\/gastora.eu\/","logo":{"@type":"ImageObject","inLanguage":"en-US","@id":"https:\/\/gastora.eu\/#\/schema\/logo\/image\/","url":"https:\/\/gastora.eu\/wp-content\/uploads\/2025\/12\/ChatGPT-Image-2-janv.-2026-22_52_47-1.png","contentUrl":"https:\/\/gastora.eu\/wp-content\/uploads\/2025\/12\/ChatGPT-Image-2-janv.-2026-22_52_47-1.png","width":1536,"height":320,"caption":"Gastora"},"image":{"@id":"https:\/\/gastora.eu\/#\/schema\/logo\/image\/"}}]}},"jetpack_sharing_enabled":true,"_links":{"self":[{"href":"https:\/\/gastora.eu\/en\/wp-json\/wp\/v2\/product\/14965","targetHints":{"allow":["GET"]}}],"collection":[{"href":"https:\/\/gastora.eu\/en\/wp-json\/wp\/v2\/product"}],"about":[{"href":"https:\/\/gastora.eu\/en\/wp-json\/wp\/v2\/types\/product"}],"wp:featuredmedia":[{"embeddable":true,"href":"https:\/\/gastora.eu\/en\/wp-json\/wp\/v2\/media\/8663"}],"wp:attachment":[{"href":"https:\/\/gastora.eu\/en\/wp-json\/wp\/v2\/media?parent=14965"}],"wp:term":[{"taxonomy":"product_brand","embeddable":true,"href":"https:\/\/gastora.eu\/en\/wp-json\/wp\/v2\/product_brand?post=14965"},{"taxonomy":"product_cat","embeddable":true,"href":"https:\/\/gastora.eu\/en\/wp-json\/wp\/v2\/product_cat?post=14965"},{"taxonomy":"product_tag","embeddable":true,"href":"https:\/\/gastora.eu\/en\/wp-json\/wp\/v2\/product_tag?post=14965"}],"curies":[{"name":"wp","href":"https:\/\/api.w.org\/{rel}","templated":true}]}}