{"id":14922,"date":"2026-04-26T08:47:27","date_gmt":"2026-04-26T08:47:27","guid":{"rendered":"https:\/\/gastora.eu\/?post_type=product&#038;p=14922"},"modified":"2026-04-28T16:57:27","modified_gmt":"2026-04-28T16:57:27","slug":"robot-culinaire-5070-l-dispositif-dextraction-des-couteaux","status":"publish","type":"product","link":"https:\/\/gastora.eu\/en\/product\/robot-culinaire-5070-l-dispositif-dextraction-des-couteaux\/","title":{"rendered":"Robot culinaire 50\/70 L &#8211; Dispositif d&#8217;extraction des couteaux"},"content":{"rendered":"<p>Cet outil d&#8217;extraction des couteaux convient aux robots de cuisine de 50 et 70 litres. Ce dispositif permet de retirer ou d&#8217;extraire en toute s\u00e9curit\u00e9 la lame du couteau sans la manipuler directement. Ce dispositif d&#8217;extraction du couteau est con\u00e7u pour \u00e9viter les coupures ou les blessures accidentelles qui peuvent survenir lors d&#8217;une tentative d&#8217;extraction manuelle de la lame. L&#8217;outil d&#8217;extraction est dot\u00e9 d&#8217;un m\u00e9canisme qui saisit solidement la lame tout en permettant de l&#8217;extraire en toute s\u00e9curit\u00e9 du robot culinaire. Ce dispositif est particuli\u00e8rement utile lorsque la lame doit \u00eatre remplac\u00e9e ou nettoy\u00e9e.<\/p>","protected":false},"excerpt":{"rendered":"<p>Robot m\u00e9nager 50\/70l &#8211; Dispositif d&#8217;extraction des couteaux<\/p>","protected":false},"featured_media":8577,"template":"","meta":{"_acf_changed":false},"product_brand":[],"product_cat":[471],"product_tag":[],"class_list":{"0":"post-14922","1":"product","2":"type-product","3":"status-publish","4":"has-post-thumbnail","6":"product_cat-robots-cutters-2","8":"first","9":"instock","10":"sale","11":"taxable","12":"shipping-taxable","13":"purchasable","14":"product-type-simple"},"acf":[],"yoast_head":"<!-- This site is optimized with the Yoast SEO plugin v27.4 - https:\/\/yoast.com\/product\/yoast-seo-wordpress\/ -->\n<title>Robot culinaire 50\/70 L - Dispositif d&#039;extraction des couteaux - Gastora<\/title>\n<meta name=\"description\" content=\"Achetez Robot culinaire 50\/70 L - Dispositif d&#039;extraction des couteaux au meilleur prix, fiable et performant avec une livraison rapide\" \/>\n<meta name=\"robots\" content=\"index, follow, max-snippet:-1, max-image-preview:large, max-video-preview:-1\" \/>\n<link rel=\"canonical\" href=\"https:\/\/gastora.eu\/en\/product\/robot-culinaire-5070-l-dispositif-dextraction-des-couteaux\/\" \/>\n<meta property=\"og:locale\" content=\"en_US\" \/>\n<meta property=\"og:type\" content=\"article\" \/>\n<meta property=\"og:title\" content=\"Robot culinaire 50\/70 L - Dispositif d&#039;extraction des couteaux - Gastora\" \/>\n<meta property=\"og:description\" content=\"Achetez Robot culinaire 50\/70 L - Dispositif d&#039;extraction des couteaux au meilleur prix, fiable et performant avec une livraison rapide\" \/>\n<meta property=\"og:url\" content=\"https:\/\/gastora.eu\/en\/product\/robot-culinaire-5070-l-dispositif-dextraction-des-couteaux\/\" \/>\n<meta property=\"og:site_name\" content=\"Gastora\" \/>\n<meta property=\"article:modified_time\" content=\"2026-04-28T16:57:27+00:00\" \/>\n<meta name=\"twitter:card\" content=\"summary_large_image\" \/>\n<script type=\"application\/ld+json\" class=\"yoast-schema-graph\">{\"@context\":\"https:\\\/\\\/schema.org\",\"@graph\":[{\"@type\":\"WebPage\",\"@id\":\"https:\\\/\\\/gastora.eu\\\/product\\\/robot-culinaire-5070-l-dispositif-dextraction-des-couteaux\\\/\",\"url\":\"https:\\\/\\\/gastora.eu\\\/product\\\/robot-culinaire-5070-l-dispositif-dextraction-des-couteaux\\\/\",\"name\":\"Robot culinaire 50\\\/70 L - Dispositif d'extraction des couteaux - Gastora\",\"isPartOf\":{\"@id\":\"https:\\\/\\\/gastora.eu\\\/#website\"},\"primaryImageOfPage\":{\"@id\":\"https:\\\/\\\/gastora.eu\\\/product\\\/robot-culinaire-5070-l-dispositif-dextraction-des-couteaux\\\/#primaryimage\"},\"image\":{\"@id\":\"https:\\\/\\\/gastora.eu\\\/product\\\/robot-culinaire-5070-l-dispositif-dextraction-des-couteaux\\\/#primaryimage\"},\"thumbnailUrl\":\"https:\\\/\\\/gastora.eu\\\/wp-content\\\/uploads\\\/2026\\\/04\\\/MAX_20260227121049_8720783959563_8720783959563_image0003.jpg\",\"datePublished\":\"2026-04-26T08:47:27+00:00\",\"dateModified\":\"2026-04-28T16:57:27+00:00\",\"description\":\"Achetez Robot culinaire 50\\\/70 L - Dispositif d'extraction des couteaux au meilleur prix, fiable et performant avec une livraison rapide\",\"breadcrumb\":{\"@id\":\"https:\\\/\\\/gastora.eu\\\/product\\\/robot-culinaire-5070-l-dispositif-dextraction-des-couteaux\\\/#breadcrumb\"},\"inLanguage\":\"en-US\",\"potentialAction\":[{\"@type\":\"ReadAction\",\"target\":[\"https:\\\/\\\/gastora.eu\\\/product\\\/robot-culinaire-5070-l-dispositif-dextraction-des-couteaux\\\/\"]}]},{\"@type\":\"ImageObject\",\"inLanguage\":\"en-US\",\"@id\":\"https:\\\/\\\/gastora.eu\\\/product\\\/robot-culinaire-5070-l-dispositif-dextraction-des-couteaux\\\/#primaryimage\",\"url\":\"https:\\\/\\\/gastora.eu\\\/wp-content\\\/uploads\\\/2026\\\/04\\\/MAX_20260227121049_8720783959563_8720783959563_image0003.jpg\",\"contentUrl\":\"https:\\\/\\\/gastora.eu\\\/wp-content\\\/uploads\\\/2026\\\/04\\\/MAX_20260227121049_8720783959563_8720783959563_image0003.jpg\",\"width\":1200,\"height\":1200},{\"@type\":\"BreadcrumbList\",\"@id\":\"https:\\\/\\\/gastora.eu\\\/product\\\/robot-culinaire-5070-l-dispositif-dextraction-des-couteaux\\\/#breadcrumb\",\"itemListElement\":[{\"@type\":\"ListItem\",\"position\":1,\"name\":\"Home\",\"item\":\"https:\\\/\\\/gastora.eu\\\/\"},{\"@type\":\"ListItem\",\"position\":2,\"name\":\"Shop\",\"item\":\"https:\\\/\\\/gastora.eu\\\/shop\\\/\"},{\"@type\":\"ListItem\",\"position\":3,\"name\":\"Robot culinaire 50\\\/70 L &#8211; Dispositif d&#8217;extraction des couteaux\"}]},{\"@type\":\"WebSite\",\"@id\":\"https:\\\/\\\/gastora.eu\\\/#website\",\"url\":\"https:\\\/\\\/gastora.eu\\\/\",\"name\":\"Gastora\",\"description\":\"\u00c9quipements professionnels CHR\",\"publisher\":{\"@id\":\"https:\\\/\\\/gastora.eu\\\/#organization\"},\"potentialAction\":[{\"@type\":\"SearchAction\",\"target\":{\"@type\":\"EntryPoint\",\"urlTemplate\":\"https:\\\/\\\/gastora.eu\\\/?s={search_term_string}\"},\"query-input\":{\"@type\":\"PropertyValueSpecification\",\"valueRequired\":true,\"valueName\":\"search_term_string\"}}],\"inLanguage\":\"en-US\"},{\"@type\":\"Organization\",\"@id\":\"https:\\\/\\\/gastora.eu\\\/#organization\",\"name\":\"Gastora\",\"url\":\"https:\\\/\\\/gastora.eu\\\/\",\"logo\":{\"@type\":\"ImageObject\",\"inLanguage\":\"en-US\",\"@id\":\"https:\\\/\\\/gastora.eu\\\/#\\\/schema\\\/logo\\\/image\\\/\",\"url\":\"https:\\\/\\\/gastora.eu\\\/wp-content\\\/uploads\\\/2025\\\/12\\\/ChatGPT-Image-2-janv.-2026-22_52_47-1.png\",\"contentUrl\":\"https:\\\/\\\/gastora.eu\\\/wp-content\\\/uploads\\\/2025\\\/12\\\/ChatGPT-Image-2-janv.-2026-22_52_47-1.png\",\"width\":1536,\"height\":320,\"caption\":\"Gastora\"},\"image\":{\"@id\":\"https:\\\/\\\/gastora.eu\\\/#\\\/schema\\\/logo\\\/image\\\/\"}}]}<\/script>\n<!-- \/ Yoast SEO plugin. -->","yoast_head_json":{"title":"Robot culinaire 50\/70 L - Dispositif d'extraction des couteaux - Gastora","description":"Achetez Robot culinaire 50\/70 L - Dispositif d'extraction des couteaux au meilleur prix, fiable et performant avec une livraison rapide","robots":{"index":"index","follow":"follow","max-snippet":"max-snippet:-1","max-image-preview":"max-image-preview:large","max-video-preview":"max-video-preview:-1"},"canonical":"https:\/\/gastora.eu\/en\/product\/robot-culinaire-5070-l-dispositif-dextraction-des-couteaux\/","og_locale":"en_US","og_type":"article","og_title":"Robot culinaire 50\/70 L - Dispositif d'extraction des couteaux - Gastora","og_description":"Achetez Robot culinaire 50\/70 L - Dispositif d'extraction des couteaux au meilleur prix, fiable et performant avec une livraison rapide","og_url":"https:\/\/gastora.eu\/en\/product\/robot-culinaire-5070-l-dispositif-dextraction-des-couteaux\/","og_site_name":"Gastora","article_modified_time":"2026-04-28T16:57:27+00:00","twitter_card":"summary_large_image","schema":{"@context":"https:\/\/schema.org","@graph":[{"@type":"WebPage","@id":"https:\/\/gastora.eu\/product\/robot-culinaire-5070-l-dispositif-dextraction-des-couteaux\/","url":"https:\/\/gastora.eu\/product\/robot-culinaire-5070-l-dispositif-dextraction-des-couteaux\/","name":"Robot culinaire 50\/70 L - Dispositif d'extraction des couteaux - Gastora","isPartOf":{"@id":"https:\/\/gastora.eu\/#website"},"primaryImageOfPage":{"@id":"https:\/\/gastora.eu\/product\/robot-culinaire-5070-l-dispositif-dextraction-des-couteaux\/#primaryimage"},"image":{"@id":"https:\/\/gastora.eu\/product\/robot-culinaire-5070-l-dispositif-dextraction-des-couteaux\/#primaryimage"},"thumbnailUrl":"https:\/\/gastora.eu\/wp-content\/uploads\/2026\/04\/MAX_20260227121049_8720783959563_8720783959563_image0003.jpg","datePublished":"2026-04-26T08:47:27+00:00","dateModified":"2026-04-28T16:57:27+00:00","description":"Achetez Robot culinaire 50\/70 L - Dispositif d'extraction des couteaux au meilleur prix, fiable et performant avec une livraison rapide","breadcrumb":{"@id":"https:\/\/gastora.eu\/product\/robot-culinaire-5070-l-dispositif-dextraction-des-couteaux\/#breadcrumb"},"inLanguage":"en-US","potentialAction":[{"@type":"ReadAction","target":["https:\/\/gastora.eu\/product\/robot-culinaire-5070-l-dispositif-dextraction-des-couteaux\/"]}]},{"@type":"ImageObject","inLanguage":"en-US","@id":"https:\/\/gastora.eu\/product\/robot-culinaire-5070-l-dispositif-dextraction-des-couteaux\/#primaryimage","url":"https:\/\/gastora.eu\/wp-content\/uploads\/2026\/04\/MAX_20260227121049_8720783959563_8720783959563_image0003.jpg","contentUrl":"https:\/\/gastora.eu\/wp-content\/uploads\/2026\/04\/MAX_20260227121049_8720783959563_8720783959563_image0003.jpg","width":1200,"height":1200},{"@type":"BreadcrumbList","@id":"https:\/\/gastora.eu\/product\/robot-culinaire-5070-l-dispositif-dextraction-des-couteaux\/#breadcrumb","itemListElement":[{"@type":"ListItem","position":1,"name":"Home","item":"https:\/\/gastora.eu\/"},{"@type":"ListItem","position":2,"name":"Shop","item":"https:\/\/gastora.eu\/shop\/"},{"@type":"ListItem","position":3,"name":"Robot culinaire 50\/70 L &#8211; Dispositif d&#8217;extraction des couteaux"}]},{"@type":"WebSite","@id":"https:\/\/gastora.eu\/#website","url":"https:\/\/gastora.eu\/","name":"Gastora","description":"\u00c9quipements professionnels CHR","publisher":{"@id":"https:\/\/gastora.eu\/#organization"},"potentialAction":[{"@type":"SearchAction","target":{"@type":"EntryPoint","urlTemplate":"https:\/\/gastora.eu\/?s={search_term_string}"},"query-input":{"@type":"PropertyValueSpecification","valueRequired":true,"valueName":"search_term_string"}}],"inLanguage":"en-US"},{"@type":"Organization","@id":"https:\/\/gastora.eu\/#organization","name":"Gastora","url":"https:\/\/gastora.eu\/","logo":{"@type":"ImageObject","inLanguage":"en-US","@id":"https:\/\/gastora.eu\/#\/schema\/logo\/image\/","url":"https:\/\/gastora.eu\/wp-content\/uploads\/2025\/12\/ChatGPT-Image-2-janv.-2026-22_52_47-1.png","contentUrl":"https:\/\/gastora.eu\/wp-content\/uploads\/2025\/12\/ChatGPT-Image-2-janv.-2026-22_52_47-1.png","width":1536,"height":320,"caption":"Gastora"},"image":{"@id":"https:\/\/gastora.eu\/#\/schema\/logo\/image\/"}}]}},"jetpack_sharing_enabled":true,"_links":{"self":[{"href":"https:\/\/gastora.eu\/en\/wp-json\/wp\/v2\/product\/14922","targetHints":{"allow":["GET"]}}],"collection":[{"href":"https:\/\/gastora.eu\/en\/wp-json\/wp\/v2\/product"}],"about":[{"href":"https:\/\/gastora.eu\/en\/wp-json\/wp\/v2\/types\/product"}],"wp:featuredmedia":[{"embeddable":true,"href":"https:\/\/gastora.eu\/en\/wp-json\/wp\/v2\/media\/8577"}],"wp:attachment":[{"href":"https:\/\/gastora.eu\/en\/wp-json\/wp\/v2\/media?parent=14922"}],"wp:term":[{"taxonomy":"product_brand","embeddable":true,"href":"https:\/\/gastora.eu\/en\/wp-json\/wp\/v2\/product_brand?post=14922"},{"taxonomy":"product_cat","embeddable":true,"href":"https:\/\/gastora.eu\/en\/wp-json\/wp\/v2\/product_cat?post=14922"},{"taxonomy":"product_tag","embeddable":true,"href":"https:\/\/gastora.eu\/en\/wp-json\/wp\/v2\/product_tag?post=14922"}],"curies":[{"name":"wp","href":"https:\/\/api.w.org\/{rel}","templated":true}]}}