{"id":14919,"date":"2026-04-26T08:47:22","date_gmt":"2026-04-26T08:47:22","guid":{"rendered":"https:\/\/gastora.eu\/?post_type=product&#038;p=14919"},"modified":"2026-04-28T16:57:26","modified_gmt":"2026-04-28T16:57:26","slug":"robot-culinaire-70-l","status":"publish","type":"product","link":"https:\/\/gastora.eu\/en\/product\/robot-culinaire-70-l\/","title":{"rendered":"Robot culinaire &#8211; 70 L"},"content":{"rendered":"<p>Vous pouvez gagner beaucoup de temps dans votre cuisine professionnelle gr\u00e2ce \u00e0 ce robot de cuisine commercial. Il coupe et m\u00e9lange divers produits sans aucun probl\u00e8me. Les aliments qui lui conviennent sont la viande et le poisson, les l\u00e9gumes et les fruits, les noix, les fruits secs, le fromage et le chocolat. Ce robot m\u00e9lange \u00e9galement les aliments pour en faire de d\u00e9licieux pesto, des sauces, des m\u00e9langes d&#8217;herbes et des vinaigrettes. Vous pouvez m\u00eame pr\u00e9parer des farces \u00e0 base de viande avec ce robot de cuisine. L&#8217;appareil offre deux vitesses de traitement, 1500 et 3000 tours\/minute, pour des textures diff\u00e9rentes.<\/p>\n<h3>Simplicit\u00e9 d&#8217;utilisation<\/h3>\n<p>Ce robot professionnel est tr\u00e8s facile \u00e0 utiliser. Placez vos ingr\u00e9dients dans le grand bol en acier inoxydable. Placez ensuite le couvercle sur l&#8217;appareil et serrez le loquet de s\u00e9curit\u00e9 \u00e0 c\u00f4t\u00e9 du bol. Il est important de ne mettre les ingr\u00e9dients dans le bol que lorsque l&#8217;appareil est \u00e9teint. Le processus est \u00e9galement dot\u00e9 d&#8217;un couvercle transparent pour que vous puissiez voir l&#8217;avancement de votre t\u00e2che. Il y a \u00e9galement une ouverture dans le couvercle pour que vous puissiez ajouter en toute s\u00e9curit\u00e9 d&#8217;autres ingr\u00e9dients comme de l&#8217;huile, de l&#8217;eau ou du lait. Gr\u00e2ce aux quatre lames en acier inoxydable, ce robot coupe facilement toutes sortes de produits alimentaires. Apr\u00e8s le traitement, vous pouvez soulever le bol \u00e0 l&#8217;aide du bras inclinable. Ce robot est dot\u00e9 de quatre pieds en caoutchouc pour qu&#8217;il reste bien en place sur le sol lorsqu&#8217;il est en marche.<\/p>\n<h3>Facile \u00e0 nettoyer<\/h3>\n<p>Ce puissant robot est fabriqu\u00e9 en acier inoxydable robuste et, gr\u00e2ce \u00e0 ses surfaces lisses, vous pouvez facilement \u00e9liminer les r\u00e9sidus alimentaires. Avant de le nettoyer, d\u00e9branchez d&#8217;abord l&#8217;appareil et retirez les pi\u00e8ces d\u00e9tach\u00e9es. Le bo\u00eetier en acier inoxydable peut \u00eatre nettoy\u00e9 \u00e0 l&#8217;aide d&#8217;un chiffon humide. Essuyez les autres pi\u00e8ces avec un chiffon et un d\u00e9tergent doux, puis rincez \u00e0 l&#8217;eau ti\u00e8de. Apr\u00e8s le nettoyage, assurez-vous que tout est sec avant de remettre l&#8217;appareil en place.<\/p>\n<p><strong>Caract\u00e9ristiques<\/strong><\/p>\n<ul>\n<li>Bo\u00eetier enti\u00e8rement en acier inoxydable<\/li>\n<li>Deux vitesses<\/li>\n<li>Quatre lames en acier inoxydable<\/li>\n<li>Couvercle transparent<\/li>\n<\/ul>\n<p><strong>Caract\u00e9ristiques du produit<\/strong><\/p>\n<ul>\n<li>Poids net : 156 kg<\/li>\n<li>Capacit\u00e9 du bol : 70L<\/li>\n<li>Dimensions : L58 x P89 x H116cm<\/li>\n<li>Vitesse : 1500-3000RPM<\/li>\n<li>400V \/50 Hz \/ 3 Phase 7800W<\/li>\n<\/ul>\n<p><strong>Ce produit est fourni sans prise. Veuillez noter que l&#8217;amp\u00e9rage est plus \u00e9lev\u00e9 que d&#8217;habitude \u00e0 40A.<\/strong><\/p>\n<p><em>Inclus :<\/em><\/p>\n<ul>\n<li><em>Outil d&#8217;extraction des couteaux<\/em><\/li>\n<li><em>Accessoire pour d\u00e9couper la cuvette<\/em><\/li>\n<li><em>Joint pour couvercle transparent<\/em><\/li>\n<li><em>Spatule<\/em><\/li>\n<li><em>Couvercle<\/em><\/li>\n<\/ul>","protected":false},"excerpt":{"rendered":"<p>Ce robot professionnel et efficace est dot\u00e9 d&#8217;un bol en acier inoxydable de 70 litres. Il est id\u00e9al pour une utilisation dans la cuisine de restauration pour hacher et couper des ingr\u00e9dients tels que la viande, le poisson, les l\u00e9gumes, les fruits, les noix ou le chocolat. Ce cutter est magnifiquement fini et a une vitesse variable entre 1500 et 3000 tours\/minute.<\/p>","protected":false},"featured_media":12993,"template":"","meta":{"_acf_changed":false},"product_brand":[],"product_cat":[471],"product_tag":[],"class_list":{"0":"post-14919","1":"product","2":"type-product","3":"status-publish","4":"has-post-thumbnail","6":"product_cat-robots-cutters-2","8":"first","9":"instock","10":"sale","11":"taxable","12":"shipping-taxable","13":"purchasable","14":"product-type-simple"},"acf":[],"yoast_head":"<!-- This site is optimized with the Yoast SEO plugin v27.4 - https:\/\/yoast.com\/product\/yoast-seo-wordpress\/ -->\n<title>Robot culinaire - 70 L - Gastora<\/title>\n<meta name=\"description\" content=\"Achetez Robot culinaire - 70 L au meilleur prix, fiable et performant avec une livraison rapide\" \/>\n<meta name=\"robots\" content=\"index, follow, max-snippet:-1, max-image-preview:large, max-video-preview:-1\" \/>\n<link rel=\"canonical\" href=\"https:\/\/gastora.eu\/en\/product\/robot-culinaire-70-l\/\" \/>\n<meta property=\"og:locale\" content=\"en_US\" \/>\n<meta property=\"og:type\" content=\"article\" \/>\n<meta property=\"og:title\" content=\"Robot culinaire - 70 L - Gastora\" \/>\n<meta property=\"og:description\" content=\"Achetez Robot culinaire - 70 L au meilleur prix, fiable et performant avec une livraison rapide\" \/>\n<meta property=\"og:url\" content=\"https:\/\/gastora.eu\/en\/product\/robot-culinaire-70-l\/\" \/>\n<meta property=\"og:site_name\" content=\"Gastora\" \/>\n<meta property=\"article:modified_time\" content=\"2026-04-28T16:57:26+00:00\" \/>\n<meta name=\"twitter:card\" content=\"summary_large_image\" \/>\n<meta name=\"twitter:label1\" content=\"Est. reading time\" \/>\n\t<meta name=\"twitter:data1\" content=\"2 minutes\" \/>\n<script type=\"application\/ld+json\" class=\"yoast-schema-graph\">{\"@context\":\"https:\\\/\\\/schema.org\",\"@graph\":[{\"@type\":\"WebPage\",\"@id\":\"https:\\\/\\\/gastora.eu\\\/product\\\/robot-culinaire-70-l\\\/\",\"url\":\"https:\\\/\\\/gastora.eu\\\/product\\\/robot-culinaire-70-l\\\/\",\"name\":\"Robot culinaire - 70 L - Gastora\",\"isPartOf\":{\"@id\":\"https:\\\/\\\/gastora.eu\\\/#website\"},\"primaryImageOfPage\":{\"@id\":\"https:\\\/\\\/gastora.eu\\\/product\\\/robot-culinaire-70-l\\\/#primaryimage\"},\"image\":{\"@id\":\"https:\\\/\\\/gastora.eu\\\/product\\\/robot-culinaire-70-l\\\/#primaryimage\"},\"thumbnailUrl\":\"https:\\\/\\\/gastora.eu\\\/wp-content\\\/uploads\\\/2026\\\/04\\\/sp-1000-09399403.jpg\",\"datePublished\":\"2026-04-26T08:47:22+00:00\",\"dateModified\":\"2026-04-28T16:57:26+00:00\",\"description\":\"Achetez Robot culinaire - 70 L au meilleur prix, fiable et performant avec une livraison rapide\",\"breadcrumb\":{\"@id\":\"https:\\\/\\\/gastora.eu\\\/product\\\/robot-culinaire-70-l\\\/#breadcrumb\"},\"inLanguage\":\"en-US\",\"potentialAction\":[{\"@type\":\"ReadAction\",\"target\":[\"https:\\\/\\\/gastora.eu\\\/product\\\/robot-culinaire-70-l\\\/\"]}]},{\"@type\":\"ImageObject\",\"inLanguage\":\"en-US\",\"@id\":\"https:\\\/\\\/gastora.eu\\\/product\\\/robot-culinaire-70-l\\\/#primaryimage\",\"url\":\"https:\\\/\\\/gastora.eu\\\/wp-content\\\/uploads\\\/2026\\\/04\\\/sp-1000-09399403.jpg\",\"contentUrl\":\"https:\\\/\\\/gastora.eu\\\/wp-content\\\/uploads\\\/2026\\\/04\\\/sp-1000-09399403.jpg\",\"width\":1200,\"height\":1200},{\"@type\":\"BreadcrumbList\",\"@id\":\"https:\\\/\\\/gastora.eu\\\/product\\\/robot-culinaire-70-l\\\/#breadcrumb\",\"itemListElement\":[{\"@type\":\"ListItem\",\"position\":1,\"name\":\"Home\",\"item\":\"https:\\\/\\\/gastora.eu\\\/\"},{\"@type\":\"ListItem\",\"position\":2,\"name\":\"Shop\",\"item\":\"https:\\\/\\\/gastora.eu\\\/shop\\\/\"},{\"@type\":\"ListItem\",\"position\":3,\"name\":\"Robot culinaire &#8211; 70 L\"}]},{\"@type\":\"WebSite\",\"@id\":\"https:\\\/\\\/gastora.eu\\\/#website\",\"url\":\"https:\\\/\\\/gastora.eu\\\/\",\"name\":\"Gastora\",\"description\":\"\u00c9quipements professionnels CHR\",\"publisher\":{\"@id\":\"https:\\\/\\\/gastora.eu\\\/#organization\"},\"potentialAction\":[{\"@type\":\"SearchAction\",\"target\":{\"@type\":\"EntryPoint\",\"urlTemplate\":\"https:\\\/\\\/gastora.eu\\\/?s={search_term_string}\"},\"query-input\":{\"@type\":\"PropertyValueSpecification\",\"valueRequired\":true,\"valueName\":\"search_term_string\"}}],\"inLanguage\":\"en-US\"},{\"@type\":\"Organization\",\"@id\":\"https:\\\/\\\/gastora.eu\\\/#organization\",\"name\":\"Gastora\",\"url\":\"https:\\\/\\\/gastora.eu\\\/\",\"logo\":{\"@type\":\"ImageObject\",\"inLanguage\":\"en-US\",\"@id\":\"https:\\\/\\\/gastora.eu\\\/#\\\/schema\\\/logo\\\/image\\\/\",\"url\":\"https:\\\/\\\/gastora.eu\\\/wp-content\\\/uploads\\\/2025\\\/12\\\/ChatGPT-Image-2-janv.-2026-22_52_47-1.png\",\"contentUrl\":\"https:\\\/\\\/gastora.eu\\\/wp-content\\\/uploads\\\/2025\\\/12\\\/ChatGPT-Image-2-janv.-2026-22_52_47-1.png\",\"width\":1536,\"height\":320,\"caption\":\"Gastora\"},\"image\":{\"@id\":\"https:\\\/\\\/gastora.eu\\\/#\\\/schema\\\/logo\\\/image\\\/\"}}]}<\/script>\n<!-- \/ Yoast SEO plugin. -->","yoast_head_json":{"title":"Robot culinaire - 70 L - Gastora","description":"Achetez Robot culinaire - 70 L au meilleur prix, fiable et performant avec une livraison rapide","robots":{"index":"index","follow":"follow","max-snippet":"max-snippet:-1","max-image-preview":"max-image-preview:large","max-video-preview":"max-video-preview:-1"},"canonical":"https:\/\/gastora.eu\/en\/product\/robot-culinaire-70-l\/","og_locale":"en_US","og_type":"article","og_title":"Robot culinaire - 70 L - Gastora","og_description":"Achetez Robot culinaire - 70 L au meilleur prix, fiable et performant avec une livraison rapide","og_url":"https:\/\/gastora.eu\/en\/product\/robot-culinaire-70-l\/","og_site_name":"Gastora","article_modified_time":"2026-04-28T16:57:26+00:00","twitter_card":"summary_large_image","twitter_misc":{"Est. reading time":"2 minutes"},"schema":{"@context":"https:\/\/schema.org","@graph":[{"@type":"WebPage","@id":"https:\/\/gastora.eu\/product\/robot-culinaire-70-l\/","url":"https:\/\/gastora.eu\/product\/robot-culinaire-70-l\/","name":"Robot culinaire - 70 L - Gastora","isPartOf":{"@id":"https:\/\/gastora.eu\/#website"},"primaryImageOfPage":{"@id":"https:\/\/gastora.eu\/product\/robot-culinaire-70-l\/#primaryimage"},"image":{"@id":"https:\/\/gastora.eu\/product\/robot-culinaire-70-l\/#primaryimage"},"thumbnailUrl":"https:\/\/gastora.eu\/wp-content\/uploads\/2026\/04\/sp-1000-09399403.jpg","datePublished":"2026-04-26T08:47:22+00:00","dateModified":"2026-04-28T16:57:26+00:00","description":"Achetez Robot culinaire - 70 L au meilleur prix, fiable et performant avec une livraison rapide","breadcrumb":{"@id":"https:\/\/gastora.eu\/product\/robot-culinaire-70-l\/#breadcrumb"},"inLanguage":"en-US","potentialAction":[{"@type":"ReadAction","target":["https:\/\/gastora.eu\/product\/robot-culinaire-70-l\/"]}]},{"@type":"ImageObject","inLanguage":"en-US","@id":"https:\/\/gastora.eu\/product\/robot-culinaire-70-l\/#primaryimage","url":"https:\/\/gastora.eu\/wp-content\/uploads\/2026\/04\/sp-1000-09399403.jpg","contentUrl":"https:\/\/gastora.eu\/wp-content\/uploads\/2026\/04\/sp-1000-09399403.jpg","width":1200,"height":1200},{"@type":"BreadcrumbList","@id":"https:\/\/gastora.eu\/product\/robot-culinaire-70-l\/#breadcrumb","itemListElement":[{"@type":"ListItem","position":1,"name":"Home","item":"https:\/\/gastora.eu\/"},{"@type":"ListItem","position":2,"name":"Shop","item":"https:\/\/gastora.eu\/shop\/"},{"@type":"ListItem","position":3,"name":"Robot culinaire &#8211; 70 L"}]},{"@type":"WebSite","@id":"https:\/\/gastora.eu\/#website","url":"https:\/\/gastora.eu\/","name":"Gastora","description":"\u00c9quipements professionnels CHR","publisher":{"@id":"https:\/\/gastora.eu\/#organization"},"potentialAction":[{"@type":"SearchAction","target":{"@type":"EntryPoint","urlTemplate":"https:\/\/gastora.eu\/?s={search_term_string}"},"query-input":{"@type":"PropertyValueSpecification","valueRequired":true,"valueName":"search_term_string"}}],"inLanguage":"en-US"},{"@type":"Organization","@id":"https:\/\/gastora.eu\/#organization","name":"Gastora","url":"https:\/\/gastora.eu\/","logo":{"@type":"ImageObject","inLanguage":"en-US","@id":"https:\/\/gastora.eu\/#\/schema\/logo\/image\/","url":"https:\/\/gastora.eu\/wp-content\/uploads\/2025\/12\/ChatGPT-Image-2-janv.-2026-22_52_47-1.png","contentUrl":"https:\/\/gastora.eu\/wp-content\/uploads\/2025\/12\/ChatGPT-Image-2-janv.-2026-22_52_47-1.png","width":1536,"height":320,"caption":"Gastora"},"image":{"@id":"https:\/\/gastora.eu\/#\/schema\/logo\/image\/"}}]}},"jetpack_sharing_enabled":true,"_links":{"self":[{"href":"https:\/\/gastora.eu\/en\/wp-json\/wp\/v2\/product\/14919","targetHints":{"allow":["GET"]}}],"collection":[{"href":"https:\/\/gastora.eu\/en\/wp-json\/wp\/v2\/product"}],"about":[{"href":"https:\/\/gastora.eu\/en\/wp-json\/wp\/v2\/types\/product"}],"wp:featuredmedia":[{"embeddable":true,"href":"https:\/\/gastora.eu\/en\/wp-json\/wp\/v2\/media\/12993"}],"wp:attachment":[{"href":"https:\/\/gastora.eu\/en\/wp-json\/wp\/v2\/media?parent=14919"}],"wp:term":[{"taxonomy":"product_brand","embeddable":true,"href":"https:\/\/gastora.eu\/en\/wp-json\/wp\/v2\/product_brand?post=14919"},{"taxonomy":"product_cat","embeddable":true,"href":"https:\/\/gastora.eu\/en\/wp-json\/wp\/v2\/product_cat?post=14919"},{"taxonomy":"product_tag","embeddable":true,"href":"https:\/\/gastora.eu\/en\/wp-json\/wp\/v2\/product_tag?post=14919"}],"curies":[{"name":"wp","href":"https:\/\/api.w.org\/{rel}","templated":true}]}}