{"id":14918,"date":"2026-04-26T08:47:21","date_gmt":"2026-04-26T08:47:21","guid":{"rendered":"https:\/\/gastora.eu\/?post_type=product&#038;p=14918"},"modified":"2026-04-26T08:47:21","modified_gmt":"2026-04-26T08:47:21","slug":"kit-de-pompe-de-vidange-pour-lave-pots-70x70cm","status":"publish","type":"product","link":"https:\/\/gastora.eu\/en\/product\/kit-de-pompe-de-vidange-pour-lave-pots-70x70cm\/","title":{"rendered":"Kit de pompe de vidange &#8211; pour lave-pots 70x70cm"},"content":{"rendered":"<p>Ce kit de pompe de vidange est con\u00e7u pour un laveur de casseroles de 70x70cm et peut contribuer \u00e0 faire de la vidange des laveurs de casseroles une t\u00e2che sans effort. Il peut \u00eatre install\u00e9 directement dans le laveur de casseroles sans n\u00e9cessiter d&#8217;\u00e9quipement sp\u00e9cialis\u00e9.<\/p>\n<p>Gr\u00e2ce \u00e0 son puissant m\u00e9canisme de vidange, vous pouvez \u00eatre s\u00fbr que vos lave-pots seront toujours vid\u00e9s rapidement et de mani\u00e8re fiable. Ces kits de pompe de vidange sont \u00e9galement con\u00e7us pour aider \u00e0 pr\u00e9venir l&#8217;obstruction ou l&#8217;endommagement d&#8217;autres composants en raison d&#8217;un blocage caus\u00e9 par des corps \u00e9trangers.<\/p>","protected":false},"excerpt":{"rendered":"<p>Kit de pompe de vidange &#8211; pour laveur de casseroles 70x70cm<\/p>","protected":false},"featured_media":8571,"template":"","meta":{"_acf_changed":false},"product_brand":[],"product_cat":[477],"product_tag":[],"class_list":{"0":"post-14918","1":"product","2":"type-product","3":"status-publish","4":"has-post-thumbnail","6":"product_cat-lave-vaisselle-professionnels-2","8":"first","9":"instock","10":"sale","11":"taxable","12":"shipping-taxable","13":"purchasable","14":"product-type-simple"},"acf":[],"yoast_head":"<!-- This site is optimized with the Yoast SEO plugin v27.4 - https:\/\/yoast.com\/product\/yoast-seo-wordpress\/ -->\n<title>Kit de pompe de vidange - pour lave-pots 70x70cm - Gastora<\/title>\n<meta name=\"description\" content=\"Achetez Kit de pompe de vidange - pour lave-pots 70x70cm au meilleur prix, fiable et performant avec une livraison rapide\" \/>\n<meta name=\"robots\" content=\"index, follow, max-snippet:-1, max-image-preview:large, max-video-preview:-1\" \/>\n<link rel=\"canonical\" href=\"https:\/\/gastora.eu\/en\/product\/kit-de-pompe-de-vidange-pour-lave-pots-70x70cm\/\" \/>\n<meta property=\"og:locale\" content=\"en_US\" \/>\n<meta property=\"og:type\" content=\"article\" \/>\n<meta property=\"og:title\" content=\"Kit de pompe de vidange - pour lave-pots 70x70cm - Gastora\" \/>\n<meta property=\"og:description\" content=\"Achetez Kit de pompe de vidange - pour lave-pots 70x70cm au meilleur prix, fiable et performant avec une livraison rapide\" \/>\n<meta property=\"og:url\" content=\"https:\/\/gastora.eu\/en\/product\/kit-de-pompe-de-vidange-pour-lave-pots-70x70cm\/\" \/>\n<meta property=\"og:site_name\" content=\"Gastora\" \/>\n<meta name=\"twitter:card\" content=\"summary_large_image\" \/>\n<meta name=\"twitter:label1\" content=\"Est. reading time\" \/>\n\t<meta name=\"twitter:data1\" content=\"1 minute\" \/>\n<script type=\"application\/ld+json\" class=\"yoast-schema-graph\">{\"@context\":\"https:\\\/\\\/schema.org\",\"@graph\":[{\"@type\":\"WebPage\",\"@id\":\"https:\\\/\\\/gastora.eu\\\/product\\\/kit-de-pompe-de-vidange-pour-lave-pots-70x70cm\\\/\",\"url\":\"https:\\\/\\\/gastora.eu\\\/product\\\/kit-de-pompe-de-vidange-pour-lave-pots-70x70cm\\\/\",\"name\":\"Kit de pompe de vidange - pour lave-pots 70x70cm - Gastora\",\"isPartOf\":{\"@id\":\"https:\\\/\\\/gastora.eu\\\/#website\"},\"primaryImageOfPage\":{\"@id\":\"https:\\\/\\\/gastora.eu\\\/product\\\/kit-de-pompe-de-vidange-pour-lave-pots-70x70cm\\\/#primaryimage\"},\"image\":{\"@id\":\"https:\\\/\\\/gastora.eu\\\/product\\\/kit-de-pompe-de-vidange-pour-lave-pots-70x70cm\\\/#primaryimage\"},\"thumbnailUrl\":\"https:\\\/\\\/gastora.eu\\\/wp-content\\\/uploads\\\/2026\\\/04\\\/MAX_20231108154918_8720783954360_image0001.jpg\",\"datePublished\":\"2026-04-26T08:47:21+00:00\",\"description\":\"Achetez Kit de pompe de vidange - pour lave-pots 70x70cm au meilleur prix, fiable et performant avec une livraison rapide\",\"breadcrumb\":{\"@id\":\"https:\\\/\\\/gastora.eu\\\/product\\\/kit-de-pompe-de-vidange-pour-lave-pots-70x70cm\\\/#breadcrumb\"},\"inLanguage\":\"en-US\",\"potentialAction\":[{\"@type\":\"ReadAction\",\"target\":[\"https:\\\/\\\/gastora.eu\\\/product\\\/kit-de-pompe-de-vidange-pour-lave-pots-70x70cm\\\/\"]}]},{\"@type\":\"ImageObject\",\"inLanguage\":\"en-US\",\"@id\":\"https:\\\/\\\/gastora.eu\\\/product\\\/kit-de-pompe-de-vidange-pour-lave-pots-70x70cm\\\/#primaryimage\",\"url\":\"https:\\\/\\\/gastora.eu\\\/wp-content\\\/uploads\\\/2026\\\/04\\\/MAX_20231108154918_8720783954360_image0001.jpg\",\"contentUrl\":\"https:\\\/\\\/gastora.eu\\\/wp-content\\\/uploads\\\/2026\\\/04\\\/MAX_20231108154918_8720783954360_image0001.jpg\",\"width\":1200,\"height\":800},{\"@type\":\"BreadcrumbList\",\"@id\":\"https:\\\/\\\/gastora.eu\\\/product\\\/kit-de-pompe-de-vidange-pour-lave-pots-70x70cm\\\/#breadcrumb\",\"itemListElement\":[{\"@type\":\"ListItem\",\"position\":1,\"name\":\"Home\",\"item\":\"https:\\\/\\\/gastora.eu\\\/\"},{\"@type\":\"ListItem\",\"position\":2,\"name\":\"Shop\",\"item\":\"https:\\\/\\\/gastora.eu\\\/shop\\\/\"},{\"@type\":\"ListItem\",\"position\":3,\"name\":\"Kit de pompe de vidange &#8211; pour lave-pots 70x70cm\"}]},{\"@type\":\"WebSite\",\"@id\":\"https:\\\/\\\/gastora.eu\\\/#website\",\"url\":\"https:\\\/\\\/gastora.eu\\\/\",\"name\":\"Gastora\",\"description\":\"\u00c9quipements professionnels CHR\",\"publisher\":{\"@id\":\"https:\\\/\\\/gastora.eu\\\/#organization\"},\"potentialAction\":[{\"@type\":\"SearchAction\",\"target\":{\"@type\":\"EntryPoint\",\"urlTemplate\":\"https:\\\/\\\/gastora.eu\\\/?s={search_term_string}\"},\"query-input\":{\"@type\":\"PropertyValueSpecification\",\"valueRequired\":true,\"valueName\":\"search_term_string\"}}],\"inLanguage\":\"en-US\"},{\"@type\":\"Organization\",\"@id\":\"https:\\\/\\\/gastora.eu\\\/#organization\",\"name\":\"Gastora\",\"url\":\"https:\\\/\\\/gastora.eu\\\/\",\"logo\":{\"@type\":\"ImageObject\",\"inLanguage\":\"en-US\",\"@id\":\"https:\\\/\\\/gastora.eu\\\/#\\\/schema\\\/logo\\\/image\\\/\",\"url\":\"https:\\\/\\\/gastora.eu\\\/wp-content\\\/uploads\\\/2025\\\/12\\\/ChatGPT-Image-2-janv.-2026-22_52_47-1.png\",\"contentUrl\":\"https:\\\/\\\/gastora.eu\\\/wp-content\\\/uploads\\\/2025\\\/12\\\/ChatGPT-Image-2-janv.-2026-22_52_47-1.png\",\"width\":1536,\"height\":320,\"caption\":\"Gastora\"},\"image\":{\"@id\":\"https:\\\/\\\/gastora.eu\\\/#\\\/schema\\\/logo\\\/image\\\/\"}}]}<\/script>\n<!-- \/ Yoast SEO plugin. -->","yoast_head_json":{"title":"Kit de pompe de vidange - pour lave-pots 70x70cm - Gastora","description":"Achetez Kit de pompe de vidange - pour lave-pots 70x70cm au meilleur prix, fiable et performant avec une livraison rapide","robots":{"index":"index","follow":"follow","max-snippet":"max-snippet:-1","max-image-preview":"max-image-preview:large","max-video-preview":"max-video-preview:-1"},"canonical":"https:\/\/gastora.eu\/en\/product\/kit-de-pompe-de-vidange-pour-lave-pots-70x70cm\/","og_locale":"en_US","og_type":"article","og_title":"Kit de pompe de vidange - pour lave-pots 70x70cm - Gastora","og_description":"Achetez Kit de pompe de vidange - pour lave-pots 70x70cm au meilleur prix, fiable et performant avec une livraison rapide","og_url":"https:\/\/gastora.eu\/en\/product\/kit-de-pompe-de-vidange-pour-lave-pots-70x70cm\/","og_site_name":"Gastora","twitter_card":"summary_large_image","twitter_misc":{"Est. reading time":"1 minute"},"schema":{"@context":"https:\/\/schema.org","@graph":[{"@type":"WebPage","@id":"https:\/\/gastora.eu\/product\/kit-de-pompe-de-vidange-pour-lave-pots-70x70cm\/","url":"https:\/\/gastora.eu\/product\/kit-de-pompe-de-vidange-pour-lave-pots-70x70cm\/","name":"Kit de pompe de vidange - pour lave-pots 70x70cm - Gastora","isPartOf":{"@id":"https:\/\/gastora.eu\/#website"},"primaryImageOfPage":{"@id":"https:\/\/gastora.eu\/product\/kit-de-pompe-de-vidange-pour-lave-pots-70x70cm\/#primaryimage"},"image":{"@id":"https:\/\/gastora.eu\/product\/kit-de-pompe-de-vidange-pour-lave-pots-70x70cm\/#primaryimage"},"thumbnailUrl":"https:\/\/gastora.eu\/wp-content\/uploads\/2026\/04\/MAX_20231108154918_8720783954360_image0001.jpg","datePublished":"2026-04-26T08:47:21+00:00","description":"Achetez Kit de pompe de vidange - pour lave-pots 70x70cm au meilleur prix, fiable et performant avec une livraison rapide","breadcrumb":{"@id":"https:\/\/gastora.eu\/product\/kit-de-pompe-de-vidange-pour-lave-pots-70x70cm\/#breadcrumb"},"inLanguage":"en-US","potentialAction":[{"@type":"ReadAction","target":["https:\/\/gastora.eu\/product\/kit-de-pompe-de-vidange-pour-lave-pots-70x70cm\/"]}]},{"@type":"ImageObject","inLanguage":"en-US","@id":"https:\/\/gastora.eu\/product\/kit-de-pompe-de-vidange-pour-lave-pots-70x70cm\/#primaryimage","url":"https:\/\/gastora.eu\/wp-content\/uploads\/2026\/04\/MAX_20231108154918_8720783954360_image0001.jpg","contentUrl":"https:\/\/gastora.eu\/wp-content\/uploads\/2026\/04\/MAX_20231108154918_8720783954360_image0001.jpg","width":1200,"height":800},{"@type":"BreadcrumbList","@id":"https:\/\/gastora.eu\/product\/kit-de-pompe-de-vidange-pour-lave-pots-70x70cm\/#breadcrumb","itemListElement":[{"@type":"ListItem","position":1,"name":"Home","item":"https:\/\/gastora.eu\/"},{"@type":"ListItem","position":2,"name":"Shop","item":"https:\/\/gastora.eu\/shop\/"},{"@type":"ListItem","position":3,"name":"Kit de pompe de vidange &#8211; pour lave-pots 70x70cm"}]},{"@type":"WebSite","@id":"https:\/\/gastora.eu\/#website","url":"https:\/\/gastora.eu\/","name":"Gastora","description":"\u00c9quipements professionnels CHR","publisher":{"@id":"https:\/\/gastora.eu\/#organization"},"potentialAction":[{"@type":"SearchAction","target":{"@type":"EntryPoint","urlTemplate":"https:\/\/gastora.eu\/?s={search_term_string}"},"query-input":{"@type":"PropertyValueSpecification","valueRequired":true,"valueName":"search_term_string"}}],"inLanguage":"en-US"},{"@type":"Organization","@id":"https:\/\/gastora.eu\/#organization","name":"Gastora","url":"https:\/\/gastora.eu\/","logo":{"@type":"ImageObject","inLanguage":"en-US","@id":"https:\/\/gastora.eu\/#\/schema\/logo\/image\/","url":"https:\/\/gastora.eu\/wp-content\/uploads\/2025\/12\/ChatGPT-Image-2-janv.-2026-22_52_47-1.png","contentUrl":"https:\/\/gastora.eu\/wp-content\/uploads\/2025\/12\/ChatGPT-Image-2-janv.-2026-22_52_47-1.png","width":1536,"height":320,"caption":"Gastora"},"image":{"@id":"https:\/\/gastora.eu\/#\/schema\/logo\/image\/"}}]}},"jetpack_sharing_enabled":true,"_links":{"self":[{"href":"https:\/\/gastora.eu\/en\/wp-json\/wp\/v2\/product\/14918","targetHints":{"allow":["GET"]}}],"collection":[{"href":"https:\/\/gastora.eu\/en\/wp-json\/wp\/v2\/product"}],"about":[{"href":"https:\/\/gastora.eu\/en\/wp-json\/wp\/v2\/types\/product"}],"wp:featuredmedia":[{"embeddable":true,"href":"https:\/\/gastora.eu\/en\/wp-json\/wp\/v2\/media\/8571"}],"wp:attachment":[{"href":"https:\/\/gastora.eu\/en\/wp-json\/wp\/v2\/media?parent=14918"}],"wp:term":[{"taxonomy":"product_brand","embeddable":true,"href":"https:\/\/gastora.eu\/en\/wp-json\/wp\/v2\/product_brand?post=14918"},{"taxonomy":"product_cat","embeddable":true,"href":"https:\/\/gastora.eu\/en\/wp-json\/wp\/v2\/product_cat?post=14918"},{"taxonomy":"product_tag","embeddable":true,"href":"https:\/\/gastora.eu\/en\/wp-json\/wp\/v2\/product_tag?post=14918"}],"curies":[{"name":"wp","href":"https:\/\/api.w.org\/{rel}","templated":true}]}}